{"id":9431,"date":"2021-09-21T10:29:14","date_gmt":"2021-09-21T10:29:14","guid":{"rendered":"https:\/\/tajkertesz.com\/?post_type=product&#038;p=9431"},"modified":"2023-11-27T09:20:15","modified_gmt":"2023-11-27T09:20:15","slug":"photinia-fraseri-pink-crispy-korallberkenye-torzses-kb-95-cm-torzsmagassaggal-es-kb-140-cm-teljes-magassaggal-kontener","status":"publish","type":"product","link":"https:\/\/tajkertesz.com\/en_US\/product\/photinia-fraseri-pink-crispy-korallberkenye-torzses-kb-95-cm-torzsmagassaggal-es-kb-140-cm-teljes-magassaggal-kontener\/","title":{"rendered":"Photinia fraseri &#8216;Pink Crispy&#8217; &#8211; Korallberkenye t\u00f6rzses kb. 95 cm t\u00f6rzsmagass\u00e1ggal \u00e9s kb. 140 cm teljes magass\u00e1ggal + kont\u00e9ner"},"content":{"rendered":"<h3>Photinia fraseri &#8216;Pink Crispy&#8217; &#8211; Korallberkenye t\u00f6rzses kb. 95 cm t\u00f6rzsmagass\u00e1ggal \u00e9s kb. 140 cm teljes magass\u00e1ggal + kont\u00e9ner<\/h3>\n<p>&nbsp;<\/p>\n<p>Photinia fraseri &#8216;Pink Crispy&#8217; &#8211; Korallberkenye t\u00f6rzses kb. 95 cm t\u00f6rzsmagass\u00e1ggal \u00e9s kb. 140 cm teljes magass\u00e1ggal + kont\u00e9ner ,Naps\u00fct\u00e9st vagy f\u00e9l\u00e1rny\u00e9kot kedveli. A cserje fiatal levelei csod\u00e1latos r\u00f3zsasz\u00ednben j\u00e1tszanak, amelyeken vil\u00e1gos r\u00f3zsasz\u00edn, m\u00e1rv\u00e1nyszer\u0171 mint\u00e1zat figyelhet\u0151 meg. A teljesen kifejlett levelek z\u00f6ldd\u00e9 v\u00e1lnak, \u00e9s kr\u00e9msz\u00edn\u0171 erezettel rendelkeznek.\u00a0 A kerti korallberkenye ak\u00e1r a -15 \u00b0C-os h\u0151m\u00e9rs\u00e9kletet is remek\u00fcl t\u0171ri.<br \/>\nA n\u00f6v\u00e9ny metsz\u00e9s\u00e9t a veget\u00e1ci\u00f3s id\u0151szakban b\u00e1rmikor elv\u00e9gezheti. A n\u00f6v\u00e9ny ezut\u00e1n teltebb lesz, \u00e9s gyakran b\u00e1jos r\u00f3zsasz\u00edn\u0171re v\u00e1ltozik. Kedveli a napos, f\u00e9l\u00e1rny\u00e9kos helyeket. Sz\u00e1raz id\u0151szakban t\u00f6bb vizet adjon neki.<\/p>\n<ul>\n<li>Talajig\u00e9ny: T\u00e1panyagban gazdag, j\u00f3 v\u00edzelvezet\u00e9s\u0171 talajt kedvel.<\/li>\n<li>Vir\u00e1g sz\u00edne:\u00a0Apr\u00f3 feh\u00e9r vir\u00e1ga bug\u00e1ban ny\u00edlik \u00e1prilis-m\u00e1jusban.<\/li>\n<li>Lev\u00e9l sz\u00edne:\u00a0Z\u00f6ld, kr\u00e9msz\u00edn\u0171 erezettel, m\u00e1rv\u00e1nyos mint\u00e1zat\u00fa r\u00f3zsasz\u00edn\u0171 \u00faj hajt\u00e1sokkal<\/li>\n<\/ul>\n<p style=\"line-height: 18.0pt; background: white; margin: 0cm 0cm 15.0pt 0cm;\"><span style=\"font-family: 'Ubuntu',serif; color: black;\">El\u00e9rhet\u0151 t\u00f6bbf\u00e9le m\u00e9retben \u00e9s \u00e1rban.<\/span><\/p>\n<p style=\"line-height: 18.0pt; background: white; margin: 0cm 0cm 15.0pt 0cm;\"><b><span style=\"font-family: 'Ubuntu',serif; color: black;\">K\u00e9szlet\u00fcnk napi szinten v\u00e1ltozik, ez\u00e9rt k\u00e9rj\u00fck, \u00e9rdekl\u0151dj\u00f6n szem\u00e9lyesen, telefonon vagy email-en.<br \/>\nA v\u00e1ltoztat\u00e1s jog\u00e1t fenntartjuk!\u00a0<\/span><\/b><\/p>\n<p><a href=\"https:\/\/tajkertesz.com\/,\">https:\/\/tajkertesz.com\/<\/a><\/p>\n<p><a href=\"https:\/\/en.wikipedia.org\/wiki\/Photiniahttps:\/\/en.wikipedia.org\/wiki\/Photinia\">https:\/\/en.wikipedia.org\/wiki\/Photiniahttps:\/\/en.wikipedia.org\/wiki\/Photinia<\/a><\/p>\n<p><span style=\"color: #ffffff;\">A T\u00f6rzsre oltott korallberkenye (Photinia &#8216;Little Red Robin&#8217;) \u00f6r\u00f6kz\u00f6ld, \u00e9vel\u0151 cserje. A D\u00e9lkelet-\u00c1zsi\u00e1ban \u0151shonos korallberkenye fajok keresztez\u00e9s\u00e9vel hozt\u00e1k l\u00e9tre. Lombozata eg\u00e9sz \u00e9vben d\u00edsz\u00edti a kertet, tavasszal feh\u00e9r vir\u00e1gokat, id\u0151nk\u00e9nt piros term\u00e9st is hoz.<\/span><\/p>\n<p><span style=\"color: #ffffff;\">K\u00fcl\u00f6nlegess\u00e9g\u00e9t a n\u00e9h\u00e1ny h\u00e9tig v\u00f6r\u00f6ses vagy bronzos sz\u00edn\u0171 levelek jelentik. \u00c1lland\u00f3 lev\u00e9lzete kerekded, f\u00e9nyes fel\u00fclet\u0171 levelekb\u0151l \u00e1ll.<\/span><\/p>\n<p><span style=\"color: #ffffff;\">\u00dcltethetj\u00fck napos \u00e9s \u00e1rny\u00e9kos helyre is, mivel minden f\u00e9nyviszonyt j\u00f3l b\u00edr, viszont fontos megeml\u00edteni, hogy \u00e1rny\u00e9kos helyen kevesebb vir\u00e1got hoz. A talaj t\u00edpus\u00e1ra nem k\u00e9nyes, de fontos, hogy a talaj ne legyen t\u00fal k\u00f6t\u00f6tt.<\/span><\/p>\n<p><span style=\"color: #ffffff;\">Az id\u0151sebb n\u00f6v\u00e9nyek jobban t\u0171rik a sz\u00e1razs\u00e1got, de az\u00e9rt tart\u00f3san sz\u00e1raz id\u0151szakokban megh\u00e1l\u00e1lj\u00e1k, ha id\u0151nk\u00e9nt \u00f6nt\u00f6zz\u00fck \u0151ket.<\/span><\/p>\n<p><span style=\"color: #ffffff;\">Tavasszal, mikor a n\u00f6v\u00e9ny \u00faj hajt\u00e1sai kezdik elveszteni piros sz\u00edn\u00e9t, ezeket v\u00e1gjuk vissza, hogy \u00fajabb piros leveleket hozzon a n\u00f6v\u00e9ny. Ny\u00e1ron \u00e9s \u0151sszel szapor\u00edthatjuk dugv\u00e1nyoz\u00e1ssal.<\/span><\/p>\n<p>&nbsp;<\/p>","protected":false},"excerpt":{"rendered":"<p>Photinia fraseri &#8216;Pink Crispy&#8217; &#8211; Korallberkenye t\u00f6rzses kb. 95 cm t\u00f6rzsmagass\u00e1ggal \u00e9s kb. 140 cm teljes magass\u00e1ggal + kont\u00e9ner<\/p>","protected":false},"featured_media":9434,"template":"","meta":{"_et_pb_use_builder":"","_et_pb_old_content":"","_et_gb_content_width":""},"product_brand":[],"product_cat":[32],"product_tag":[2752],"class_list":{"0":"post-9431","1":"product","2":"type-product","3":"status-publish","4":"has-post-thumbnail","6":"product_cat-formanovenyek-alakfak","7":"product_tag-photinia-fraseri-pink-crispy-korallberkenye-torzses-kb-95-cm-torzsmagassaggal-es-kb-140-cm-teljes-magassaggal-kontener","9":"first","10":"outofstock","11":"shipping-taxable","12":"purchasable","13":"product-type-simple"},"yoast_head":"<!-- This site is optimized with the Yoast SEO plugin v27.4 - https:\/\/yoast.com\/product\/yoast-seo-wordpress\/ -->\n<title>Photinia fraseri &#039;Pink Crispy&#039; - Korallberkenye t\u00f6rzses kb. 95 cm t\u00f6rzsmagass\u00e1ggal \u00e9s kb. 140 cm teljes magass\u00e1ggal + kont\u00e9ner - T\u00e1jkert\u00e9sz<\/title>\n<meta name=\"description\" content=\"Photinia fraseri &#039;Pink Crispy&#039; - Korallberkenye t\u00f6rzses kb. 95 cm t\u00f6rzsmagass\u00e1ggal \u00e9s kb. 140 cm teljes magass\u00e1ggal + kont\u00e9ner\" \/>\n<meta name=\"robots\" content=\"index, follow, max-snippet:-1, max-image-preview:large, max-video-preview:-1\" \/>\n<link rel=\"canonical\" href=\"https:\/\/tajkertesz.com\/en_US\/product\/photinia-fraseri-pink-crispy-korallberkenye-torzses-kb-95-cm-torzsmagassaggal-es-kb-140-cm-teljes-magassaggal-kontener\/\" \/>\n<meta property=\"og:locale\" content=\"en_US\" \/>\n<meta property=\"og:type\" content=\"article\" \/>\n<meta property=\"og:title\" content=\"Photinia fraseri &#039;Pink Crispy&#039; - Korallberkenye t\u00f6rzses kb. 95 cm t\u00f6rzsmagass\u00e1ggal \u00e9s kb. 140 cm teljes magass\u00e1ggal + kont\u00e9ner - T\u00e1jkert\u00e9sz\" \/>\n<meta property=\"og:description\" content=\"Photinia fraseri &#039;Pink Crispy&#039; - Korallberkenye t\u00f6rzses kb. 95 cm t\u00f6rzsmagass\u00e1ggal \u00e9s kb. 140 cm teljes magass\u00e1ggal + kont\u00e9ner\" \/>\n<meta property=\"og:url\" content=\"https:\/\/tajkertesz.com\/en_US\/product\/photinia-fraseri-pink-crispy-korallberkenye-torzses-kb-95-cm-torzsmagassaggal-es-kb-140-cm-teljes-magassaggal-kontener\/\" \/>\n<meta property=\"og:site_name\" content=\"T\u00e1jkert\u00e9sz\" \/>\n<meta property=\"article:publisher\" content=\"https:\/\/www.facebook.com\/Tajkertesz\/\" \/>\n<meta property=\"article:modified_time\" content=\"2023-11-27T09:20:15+00:00\" \/>\n<meta property=\"og:image\" content=\"https:\/\/tajkertesz.com\/wp-content\/uploads\/2021\/09\/IMG_20210921_084223.jpg\" \/>\n\t<meta property=\"og:image:width\" content=\"545\" \/>\n\t<meta property=\"og:image:height\" content=\"600\" \/>\n\t<meta property=\"og:image:type\" content=\"image\/jpeg\" \/>\n<meta name=\"twitter:card\" content=\"summary_large_image\" \/>\n<meta name=\"twitter:label1\" content=\"Est. reading time\" \/>\n\t<meta name=\"twitter:data1\" content=\"2 minutes\" \/>\n<script type=\"application\/ld+json\" class=\"yoast-schema-graph\">{\"@context\":\"https:\\\/\\\/schema.org\",\"@graph\":[{\"@type\":\"WebPage\",\"@id\":\"https:\\\/\\\/tajkertesz.com\\\/termek\\\/photinia-fraseri-pink-crispy-korallberkenye-torzses-kb-95-cm-torzsmagassaggal-es-kb-140-cm-teljes-magassaggal-kontener\\\/\",\"url\":\"https:\\\/\\\/tajkertesz.com\\\/termek\\\/photinia-fraseri-pink-crispy-korallberkenye-torzses-kb-95-cm-torzsmagassaggal-es-kb-140-cm-teljes-magassaggal-kontener\\\/\",\"name\":\"Photinia fraseri 'Pink Crispy' - Korallberkenye t\u00f6rzses kb. 95 cm t\u00f6rzsmagass\u00e1ggal \u00e9s kb. 140 cm teljes magass\u00e1ggal + kont\u00e9ner - T\u00e1jkert\u00e9sz\",\"isPartOf\":{\"@id\":\"https:\\\/\\\/tajkertesz.com\\\/#website\"},\"primaryImageOfPage\":{\"@id\":\"https:\\\/\\\/tajkertesz.com\\\/termek\\\/photinia-fraseri-pink-crispy-korallberkenye-torzses-kb-95-cm-torzsmagassaggal-es-kb-140-cm-teljes-magassaggal-kontener\\\/#primaryimage\"},\"image\":{\"@id\":\"https:\\\/\\\/tajkertesz.com\\\/termek\\\/photinia-fraseri-pink-crispy-korallberkenye-torzses-kb-95-cm-torzsmagassaggal-es-kb-140-cm-teljes-magassaggal-kontener\\\/#primaryimage\"},\"thumbnailUrl\":\"https:\\\/\\\/tajkertesz.com\\\/wp-content\\\/uploads\\\/2021\\\/09\\\/IMG_20210921_084223.jpg\",\"datePublished\":\"2021-09-21T10:29:14+00:00\",\"dateModified\":\"2023-11-27T09:20:15+00:00\",\"description\":\"Photinia fraseri 'Pink Crispy' - Korallberkenye t\u00f6rzses kb. 95 cm t\u00f6rzsmagass\u00e1ggal \u00e9s kb. 140 cm teljes magass\u00e1ggal + kont\u00e9ner\",\"breadcrumb\":{\"@id\":\"https:\\\/\\\/tajkertesz.com\\\/termek\\\/photinia-fraseri-pink-crispy-korallberkenye-torzses-kb-95-cm-torzsmagassaggal-es-kb-140-cm-teljes-magassaggal-kontener\\\/#breadcrumb\"},\"inLanguage\":\"en-US\",\"potentialAction\":[{\"@type\":\"ReadAction\",\"target\":[\"https:\\\/\\\/tajkertesz.com\\\/termek\\\/photinia-fraseri-pink-crispy-korallberkenye-torzses-kb-95-cm-torzsmagassaggal-es-kb-140-cm-teljes-magassaggal-kontener\\\/\"]}]},{\"@type\":\"ImageObject\",\"inLanguage\":\"en-US\",\"@id\":\"https:\\\/\\\/tajkertesz.com\\\/termek\\\/photinia-fraseri-pink-crispy-korallberkenye-torzses-kb-95-cm-torzsmagassaggal-es-kb-140-cm-teljes-magassaggal-kontener\\\/#primaryimage\",\"url\":\"https:\\\/\\\/tajkertesz.com\\\/wp-content\\\/uploads\\\/2021\\\/09\\\/IMG_20210921_084223.jpg\",\"contentUrl\":\"https:\\\/\\\/tajkertesz.com\\\/wp-content\\\/uploads\\\/2021\\\/09\\\/IMG_20210921_084223.jpg\",\"width\":545,\"height\":600,\"caption\":\"hdr\"},{\"@type\":\"BreadcrumbList\",\"@id\":\"https:\\\/\\\/tajkertesz.com\\\/termek\\\/photinia-fraseri-pink-crispy-korallberkenye-torzses-kb-95-cm-torzsmagassaggal-es-kb-140-cm-teljes-magassaggal-kontener\\\/#breadcrumb\",\"itemListElement\":[{\"@type\":\"ListItem\",\"position\":1,\"name\":\"Home\",\"item\":\"https:\\\/\\\/tajkertesz.com\\\/\"},{\"@type\":\"ListItem\",\"position\":2,\"name\":\"Kezd\u0151lap\",\"item\":\"https:\\\/\\\/tajkertesz.com\\\/\"},{\"@type\":\"ListItem\",\"position\":3,\"name\":\"Photinia fraseri &#8216;Pink Crispy&#8217; &#8211; Korallberkenye t\u00f6rzses kb. 95 cm t\u00f6rzsmagass\u00e1ggal \u00e9s kb. 140 cm teljes magass\u00e1ggal + kont\u00e9ner\"}]},{\"@type\":\"WebSite\",\"@id\":\"https:\\\/\\\/tajkertesz.com\\\/#website\",\"url\":\"https:\\\/\\\/tajkertesz.com\\\/\",\"name\":\"T\u00e1j-Kert\u00e9sz 84 Kft.\",\"description\":\"Kert\u00e9szeti kis- \u00e9s nagykeresked\u00e9s, D\u00edszn\u00f6v\u00e9ny web\u00e1ruh\u00e1z orsz\u00e1gos h\u00e1zhozsz\u00e1ll\u00edt\u00e1ssal!\",\"publisher\":{\"@id\":\"https:\\\/\\\/tajkertesz.com\\\/#organization\"},\"potentialAction\":[{\"@type\":\"SearchAction\",\"target\":{\"@type\":\"EntryPoint\",\"urlTemplate\":\"https:\\\/\\\/tajkertesz.com\\\/?s={search_term_string}\"},\"query-input\":{\"@type\":\"PropertyValueSpecification\",\"valueRequired\":true,\"valueName\":\"search_term_string\"}}],\"inLanguage\":\"en-US\"},{\"@type\":\"Organization\",\"@id\":\"https:\\\/\\\/tajkertesz.com\\\/#organization\",\"name\":\"T\u00e1j-Kert\u00e9sz 84 Kft.\",\"url\":\"https:\\\/\\\/tajkertesz.com\\\/\",\"logo\":{\"@type\":\"ImageObject\",\"inLanguage\":\"en-US\",\"@id\":\"https:\\\/\\\/tajkertesz.com\\\/#\\\/schema\\\/logo\\\/image\\\/\",\"url\":\"https:\\\/\\\/tajkertesz.com\\\/wp-content\\\/uploads\\\/2018\\\/02\\\/logo-2-e1518678052539.png\",\"contentUrl\":\"https:\\\/\\\/tajkertesz.com\\\/wp-content\\\/uploads\\\/2018\\\/02\\\/logo-2-e1518678052539.png\",\"width\":81,\"height\":140,\"caption\":\"T\u00e1j-Kert\u00e9sz 84 Kft.\"},\"image\":{\"@id\":\"https:\\\/\\\/tajkertesz.com\\\/#\\\/schema\\\/logo\\\/image\\\/\"},\"sameAs\":[\"https:\\\/\\\/www.facebook.com\\\/Tajkertesz\\\/\"]}]}<\/script>\n<!-- \/ Yoast SEO plugin. -->","yoast_head_json":{"title":"Photinia fraseri 'Pink Crispy' - Korallberkenye t\u00f6rzses kb. 95 cm t\u00f6rzsmagass\u00e1ggal \u00e9s kb. 140 cm teljes magass\u00e1ggal + kont\u00e9ner - T\u00e1jkert\u00e9sz","description":"Photinia fraseri 'Pink Crispy' - Korallberkenye t\u00f6rzses kb. 95 cm t\u00f6rzsmagass\u00e1ggal \u00e9s kb. 140 cm teljes magass\u00e1ggal + kont\u00e9ner","robots":{"index":"index","follow":"follow","max-snippet":"max-snippet:-1","max-image-preview":"max-image-preview:large","max-video-preview":"max-video-preview:-1"},"canonical":"https:\/\/tajkertesz.com\/en_US\/product\/photinia-fraseri-pink-crispy-korallberkenye-torzses-kb-95-cm-torzsmagassaggal-es-kb-140-cm-teljes-magassaggal-kontener\/","og_locale":"en_US","og_type":"article","og_title":"Photinia fraseri 'Pink Crispy' - Korallberkenye t\u00f6rzses kb. 95 cm t\u00f6rzsmagass\u00e1ggal \u00e9s kb. 140 cm teljes magass\u00e1ggal + kont\u00e9ner - T\u00e1jkert\u00e9sz","og_description":"Photinia fraseri 'Pink Crispy' - Korallberkenye t\u00f6rzses kb. 95 cm t\u00f6rzsmagass\u00e1ggal \u00e9s kb. 140 cm teljes magass\u00e1ggal + kont\u00e9ner","og_url":"https:\/\/tajkertesz.com\/en_US\/product\/photinia-fraseri-pink-crispy-korallberkenye-torzses-kb-95-cm-torzsmagassaggal-es-kb-140-cm-teljes-magassaggal-kontener\/","og_site_name":"T\u00e1jkert\u00e9sz","article_publisher":"https:\/\/www.facebook.com\/Tajkertesz\/","article_modified_time":"2023-11-27T09:20:15+00:00","og_image":[{"width":545,"height":600,"url":"https:\/\/tajkertesz.com\/wp-content\/uploads\/2021\/09\/IMG_20210921_084223.jpg","type":"image\/jpeg"}],"twitter_card":"summary_large_image","twitter_misc":{"Est. reading time":"2 minutes"},"schema":{"@context":"https:\/\/schema.org","@graph":[{"@type":"WebPage","@id":"https:\/\/tajkertesz.com\/termek\/photinia-fraseri-pink-crispy-korallberkenye-torzses-kb-95-cm-torzsmagassaggal-es-kb-140-cm-teljes-magassaggal-kontener\/","url":"https:\/\/tajkertesz.com\/termek\/photinia-fraseri-pink-crispy-korallberkenye-torzses-kb-95-cm-torzsmagassaggal-es-kb-140-cm-teljes-magassaggal-kontener\/","name":"Photinia fraseri 'Pink Crispy' - Korallberkenye t\u00f6rzses kb. 95 cm t\u00f6rzsmagass\u00e1ggal \u00e9s kb. 140 cm teljes magass\u00e1ggal + kont\u00e9ner - T\u00e1jkert\u00e9sz","isPartOf":{"@id":"https:\/\/tajkertesz.com\/#website"},"primaryImageOfPage":{"@id":"https:\/\/tajkertesz.com\/termek\/photinia-fraseri-pink-crispy-korallberkenye-torzses-kb-95-cm-torzsmagassaggal-es-kb-140-cm-teljes-magassaggal-kontener\/#primaryimage"},"image":{"@id":"https:\/\/tajkertesz.com\/termek\/photinia-fraseri-pink-crispy-korallberkenye-torzses-kb-95-cm-torzsmagassaggal-es-kb-140-cm-teljes-magassaggal-kontener\/#primaryimage"},"thumbnailUrl":"https:\/\/tajkertesz.com\/wp-content\/uploads\/2021\/09\/IMG_20210921_084223.jpg","datePublished":"2021-09-21T10:29:14+00:00","dateModified":"2023-11-27T09:20:15+00:00","description":"Photinia fraseri 'Pink Crispy' - Korallberkenye t\u00f6rzses kb. 95 cm t\u00f6rzsmagass\u00e1ggal \u00e9s kb. 140 cm teljes magass\u00e1ggal + kont\u00e9ner","breadcrumb":{"@id":"https:\/\/tajkertesz.com\/termek\/photinia-fraseri-pink-crispy-korallberkenye-torzses-kb-95-cm-torzsmagassaggal-es-kb-140-cm-teljes-magassaggal-kontener\/#breadcrumb"},"inLanguage":"en-US","potentialAction":[{"@type":"ReadAction","target":["https:\/\/tajkertesz.com\/termek\/photinia-fraseri-pink-crispy-korallberkenye-torzses-kb-95-cm-torzsmagassaggal-es-kb-140-cm-teljes-magassaggal-kontener\/"]}]},{"@type":"ImageObject","inLanguage":"en-US","@id":"https:\/\/tajkertesz.com\/termek\/photinia-fraseri-pink-crispy-korallberkenye-torzses-kb-95-cm-torzsmagassaggal-es-kb-140-cm-teljes-magassaggal-kontener\/#primaryimage","url":"https:\/\/tajkertesz.com\/wp-content\/uploads\/2021\/09\/IMG_20210921_084223.jpg","contentUrl":"https:\/\/tajkertesz.com\/wp-content\/uploads\/2021\/09\/IMG_20210921_084223.jpg","width":545,"height":600,"caption":"hdr"},{"@type":"BreadcrumbList","@id":"https:\/\/tajkertesz.com\/termek\/photinia-fraseri-pink-crispy-korallberkenye-torzses-kb-95-cm-torzsmagassaggal-es-kb-140-cm-teljes-magassaggal-kontener\/#breadcrumb","itemListElement":[{"@type":"ListItem","position":1,"name":"Home","item":"https:\/\/tajkertesz.com\/"},{"@type":"ListItem","position":2,"name":"Kezd\u0151lap","item":"https:\/\/tajkertesz.com\/"},{"@type":"ListItem","position":3,"name":"Photinia fraseri &#8216;Pink Crispy&#8217; &#8211; Korallberkenye t\u00f6rzses kb. 95 cm t\u00f6rzsmagass\u00e1ggal \u00e9s kb. 140 cm teljes magass\u00e1ggal + kont\u00e9ner"}]},{"@type":"WebSite","@id":"https:\/\/tajkertesz.com\/#website","url":"https:\/\/tajkertesz.com\/","name":"T\u00e1j-Kert\u00e9sz 84 Kft.","description":"Kert\u00e9szeti kis- \u00e9s nagykeresked\u00e9s, D\u00edszn\u00f6v\u00e9ny web\u00e1ruh\u00e1z orsz\u00e1gos h\u00e1zhozsz\u00e1ll\u00edt\u00e1ssal!","publisher":{"@id":"https:\/\/tajkertesz.com\/#organization"},"potentialAction":[{"@type":"SearchAction","target":{"@type":"EntryPoint","urlTemplate":"https:\/\/tajkertesz.com\/?s={search_term_string}"},"query-input":{"@type":"PropertyValueSpecification","valueRequired":true,"valueName":"search_term_string"}}],"inLanguage":"en-US"},{"@type":"Organization","@id":"https:\/\/tajkertesz.com\/#organization","name":"T\u00e1j-Kert\u00e9sz 84 Kft.","url":"https:\/\/tajkertesz.com\/","logo":{"@type":"ImageObject","inLanguage":"en-US","@id":"https:\/\/tajkertesz.com\/#\/schema\/logo\/image\/","url":"https:\/\/tajkertesz.com\/wp-content\/uploads\/2018\/02\/logo-2-e1518678052539.png","contentUrl":"https:\/\/tajkertesz.com\/wp-content\/uploads\/2018\/02\/logo-2-e1518678052539.png","width":81,"height":140,"caption":"T\u00e1j-Kert\u00e9sz 84 Kft."},"image":{"@id":"https:\/\/tajkertesz.com\/#\/schema\/logo\/image\/"},"sameAs":["https:\/\/www.facebook.com\/Tajkertesz\/"]}]}},"_links":{"self":[{"href":"https:\/\/tajkertesz.com\/en_US\/wp-json\/wp\/v2\/product\/9431","targetHints":{"allow":["GET"]}}],"collection":[{"href":"https:\/\/tajkertesz.com\/en_US\/wp-json\/wp\/v2\/product"}],"about":[{"href":"https:\/\/tajkertesz.com\/en_US\/wp-json\/wp\/v2\/types\/product"}],"wp:featuredmedia":[{"embeddable":true,"href":"https:\/\/tajkertesz.com\/en_US\/wp-json\/wp\/v2\/media\/9434"}],"wp:attachment":[{"href":"https:\/\/tajkertesz.com\/en_US\/wp-json\/wp\/v2\/media?parent=9431"}],"wp:term":[{"taxonomy":"product_brand","embeddable":true,"href":"https:\/\/tajkertesz.com\/en_US\/wp-json\/wp\/v2\/product_brand?post=9431"},{"taxonomy":"product_cat","embeddable":true,"href":"https:\/\/tajkertesz.com\/en_US\/wp-json\/wp\/v2\/product_cat?post=9431"},{"taxonomy":"product_tag","embeddable":true,"href":"https:\/\/tajkertesz.com\/en_US\/wp-json\/wp\/v2\/product_tag?post=9431"}],"curies":[{"name":"wp","href":"https:\/\/api.w.org\/{rel}","templated":true}]}}