{"id":9444,"date":"2021-09-22T10:10:13","date_gmt":"2021-09-22T10:10:13","guid":{"rendered":"https:\/\/tajkertesz.com\/?post_type=product&#038;p=9444"},"modified":"2025-10-01T12:12:34","modified_gmt":"2025-10-01T12:12:34","slug":"madareleseg-teli-csemege-cinkegolyo-1-db","status":"publish","type":"product","link":"https:\/\/tajkertesz.com\/en_US\/product\/madareleseg-teli-csemege-cinkegolyo-1-db\/","title":{"rendered":"Mad\u00e1reles\u00e9g  t\u00e9li csemege  Cinkegoly\u00f3 1 db"},"content":{"rendered":"<h3>Mad\u00e1reles\u00e9g t\u00e9li csemege Cinkegoly\u00f3 1 db<\/h3>\n<p>Mad\u00e1reles\u00e9g t\u00e9li csemege Cinkegoly\u00f3 1 db, A hagyom\u00e1nyos t\u00e9li mad\u00e1retet\u00e9s eszk\u00f6ze a cinkegoly\u00f3. Seg\u00edts\u00e9g\u00e9vel biztos\u00edthatjuk a madarak energiasz\u00fcks\u00e9glet\u00e9t a hidegebb h\u00f3napokban is. Marhazs\u00edrb\u00f3l, mogyor\u00f3b\u00f3l \u00e9s egy\u00e9b magvakb\u00f3l \u00f6ssze\u00e1ll\u00edtott faggy\u00fagoly\u00f3k.<\/p>\n<p>&nbsp;<\/p>\n<p><span style=\"color: #ffffff;\">A nem szem\u00e9lyre szabott tartalmak \u00e9s hirdet\u00e9sek eset\u00e9n a megjelen\u0151 elemekre hat\u00e1ssal lehet az \u00e9ppen megtekintett tartalom \u00e9s a felhaszn\u00e1l\u00f3 tart\u00f3zkod\u00e1si helye (a hirdet\u00e9smegjelen\u00edt\u00e9s az \u00e1ltal\u00e1nos tart\u00f3zkod\u00e1si helyen alapszik). A szem\u00e9lyre szabott tartalmak \u00e9s hirdet\u00e9sek alapulhatnak az eml\u00edtett dolgokon, valamint a felhaszn\u00e1l\u00f3 tev\u00e9kenys\u00e9gein (pl. Google-keres\u00e9sek \u00e9s megtekintett YouTube-vide\u00f3k). A szem\u00e9lyre szabott tartalmak \u00e9s hirdet\u00e9sek k\u00f6z\u00e9 tartoznak p\u00e9ld\u00e1ul a relev\u00e1nsabb tal\u00e1latok \u00e9s javaslatok, a szem\u00e9lyre szabott YouTube-kezd\u0151lap, valamint a felhaszn\u00e1l\u00f3 \u00e9rdekl\u0151d\u00e9si k\u00f6reihez igaz\u00edtott hirdet\u00e9sek.<\/span><\/p>\n<p><span style=\"color: #ffffff;\">A nem szem\u00e9lyre szabott tartalmak \u00e9s hirdet\u00e9sek eset\u00e9n a megjelen\u0151 elemekre hat\u00e1ssal lehet az \u00e9ppen megtekintett tartalom \u00e9s a felhaszn\u00e1l\u00f3 tart\u00f3zkod\u00e1si helye (a hirdet\u00e9smegjelen\u00edt\u00e9s az \u00e1ltal\u00e1nos tart\u00f3zkod\u00e1si helyen alapszik). A szem\u00e9lyre szabott tartalmak \u00e9s hirdet\u00e9sek alapulhatnak az eml\u00edtett dolgokon, valamint a felhaszn\u00e1l\u00f3 tev\u00e9kenys\u00e9gein (pl. Google-keres\u00e9sek \u00e9s megtekintett YouTube-vide\u00f3k). A szem\u00e9lyre szabott tartalmak \u00e9s hirdet\u00e9sek k\u00f6z\u00e9 tartoznak p\u00e9ld\u00e1ul a relev\u00e1nsabb tal\u00e1latok \u00e9s javaslatok, a szem\u00e9lyre szabott YouTube-kezd\u0151lap, valamint a felhaszn\u00e1l\u00f3 \u00e9rdekl\u0151d\u00e9si k\u00f6reihez igaz\u00edtott hirdet\u00e9se<\/span><\/p>\n<p style=\"line-height: 18.0pt; background: white; margin: 0cm 0cm 15.0pt 0cm;\"><b><span style=\"font-family: 'Ubuntu',serif; color: black;\">K\u00e9szlet\u00fcnk napi szinten v\u00e1ltozik, ez\u00e9rt k\u00e9rj\u00fck, \u00e9rdekl\u0151dj\u00f6n szem\u00e9lyesen, telefonon vagy email-en.<br \/>\nA v\u00e1ltoztat\u00e1s jog\u00e1t fenntartjuk!\u00a0<\/span><\/b><\/p>\n<p><a href=\"https:\/\/tajkertesz.com\/\">https:\/\/tajkertesz.com\/<\/a><\/p>\n<p>Tov\u00e1bbi hasznos inform\u00e1ci\u00f3kkal l\u00e1t el ez az oldal:<\/p>\n<p><a href=\"https:\/\/www.mme.hu\/\">https:\/\/www.mme.hu\/<\/a><\/p>","protected":false},"excerpt":{"rendered":"<p>Mad\u00e1reles\u00e9g t\u00e9li csemege Cinkegoly\u00f3 1 db<\/p>","protected":false},"featured_media":9445,"template":"","meta":{"_et_pb_use_builder":"","_et_pb_old_content":"","_et_gb_content_width":""},"product_brand":[],"product_cat":[1036],"product_tag":[1039,1037,1038],"class_list":{"0":"post-9444","1":"product","2":"type-product","3":"status-publish","4":"has-post-thumbnail","6":"product_cat-madareleseg-madaretetok","7":"product_tag-eleseg","8":"product_tag-madar","9":"product_tag-madareleseg","11":"first","12":"instock","13":"shipping-taxable","14":"purchasable","15":"product-type-simple"},"yoast_head":"<!-- This site is optimized with the Yoast SEO plugin v27.5 - https:\/\/yoast.com\/product\/yoast-seo-wordpress\/ -->\n<title>Mad\u00e1reles\u00e9g t\u00e9li csemege Cinkegoly\u00f3 1 db - T\u00e1jkert\u00e9sz<\/title>\n<meta name=\"description\" content=\"Mad\u00e1reles\u00e9g t\u00e9li csemege Cinkegoly\u00f3 1 db\" \/>\n<meta name=\"robots\" content=\"index, follow, max-snippet:-1, max-image-preview:large, max-video-preview:-1\" \/>\n<link rel=\"canonical\" href=\"https:\/\/tajkertesz.com\/en_US\/product\/madareleseg-teli-csemege-cinkegolyo-1-db\/\" \/>\n<meta property=\"og:locale\" content=\"en_US\" \/>\n<meta property=\"og:type\" content=\"article\" \/>\n<meta property=\"og:title\" content=\"Mad\u00e1reles\u00e9g t\u00e9li csemege Cinkegoly\u00f3 1 db - T\u00e1jkert\u00e9sz\" \/>\n<meta property=\"og:description\" content=\"Mad\u00e1reles\u00e9g t\u00e9li csemege Cinkegoly\u00f3 1 db\" \/>\n<meta property=\"og:url\" content=\"https:\/\/tajkertesz.com\/en_US\/product\/madareleseg-teli-csemege-cinkegolyo-1-db\/\" \/>\n<meta property=\"og:site_name\" content=\"T\u00e1jkert\u00e9sz\" \/>\n<meta property=\"article:publisher\" content=\"https:\/\/www.facebook.com\/Tajkertesz\/\" \/>\n<meta property=\"article:modified_time\" content=\"2025-10-01T12:12:34+00:00\" \/>\n<meta property=\"og:image\" content=\"https:\/\/tajkertesz.com\/wp-content\/uploads\/2021\/09\/made2401.jpg\" \/>\n\t<meta property=\"og:image:width\" content=\"404\" \/>\n\t<meta property=\"og:image:height\" content=\"300\" \/>\n\t<meta property=\"og:image:type\" content=\"image\/jpeg\" \/>\n<meta name=\"twitter:card\" content=\"summary_large_image\" \/>\n<meta name=\"twitter:label1\" content=\"Est. reading time\" \/>\n\t<meta name=\"twitter:data1\" content=\"2 minutes\" \/>\n<script type=\"application\/ld+json\" class=\"yoast-schema-graph\">{\"@context\":\"https:\\\/\\\/schema.org\",\"@graph\":[{\"@type\":\"WebPage\",\"@id\":\"https:\\\/\\\/tajkertesz.com\\\/termek\\\/madareleseg-teli-csemege-cinkegolyo-1-db\\\/\",\"url\":\"https:\\\/\\\/tajkertesz.com\\\/termek\\\/madareleseg-teli-csemege-cinkegolyo-1-db\\\/\",\"name\":\"Mad\u00e1reles\u00e9g t\u00e9li csemege Cinkegoly\u00f3 1 db - T\u00e1jkert\u00e9sz\",\"isPartOf\":{\"@id\":\"https:\\\/\\\/tajkertesz.com\\\/#website\"},\"primaryImageOfPage\":{\"@id\":\"https:\\\/\\\/tajkertesz.com\\\/termek\\\/madareleseg-teli-csemege-cinkegolyo-1-db\\\/#primaryimage\"},\"image\":{\"@id\":\"https:\\\/\\\/tajkertesz.com\\\/termek\\\/madareleseg-teli-csemege-cinkegolyo-1-db\\\/#primaryimage\"},\"thumbnailUrl\":\"https:\\\/\\\/tajkertesz.com\\\/wp-content\\\/uploads\\\/2021\\\/09\\\/made2401.jpg\",\"datePublished\":\"2021-09-22T10:10:13+00:00\",\"dateModified\":\"2025-10-01T12:12:34+00:00\",\"description\":\"Mad\u00e1reles\u00e9g t\u00e9li csemege Cinkegoly\u00f3 1 db\",\"breadcrumb\":{\"@id\":\"https:\\\/\\\/tajkertesz.com\\\/termek\\\/madareleseg-teli-csemege-cinkegolyo-1-db\\\/#breadcrumb\"},\"inLanguage\":\"en-US\",\"potentialAction\":[{\"@type\":\"ReadAction\",\"target\":[\"https:\\\/\\\/tajkertesz.com\\\/termek\\\/madareleseg-teli-csemege-cinkegolyo-1-db\\\/\"]}]},{\"@type\":\"ImageObject\",\"inLanguage\":\"en-US\",\"@id\":\"https:\\\/\\\/tajkertesz.com\\\/termek\\\/madareleseg-teli-csemege-cinkegolyo-1-db\\\/#primaryimage\",\"url\":\"https:\\\/\\\/tajkertesz.com\\\/wp-content\\\/uploads\\\/2021\\\/09\\\/made2401.jpg\",\"contentUrl\":\"https:\\\/\\\/tajkertesz.com\\\/wp-content\\\/uploads\\\/2021\\\/09\\\/made2401.jpg\",\"width\":404,\"height\":300},{\"@type\":\"BreadcrumbList\",\"@id\":\"https:\\\/\\\/tajkertesz.com\\\/termek\\\/madareleseg-teli-csemege-cinkegolyo-1-db\\\/#breadcrumb\",\"itemListElement\":[{\"@type\":\"ListItem\",\"position\":1,\"name\":\"Home\",\"item\":\"https:\\\/\\\/tajkertesz.com\\\/\"},{\"@type\":\"ListItem\",\"position\":2,\"name\":\"Kezd\u0151lap\",\"item\":\"https:\\\/\\\/tajkertesz.com\\\/\"},{\"@type\":\"ListItem\",\"position\":3,\"name\":\"Mad\u00e1reles\u00e9g t\u00e9li csemege Cinkegoly\u00f3 1 db\"}]},{\"@type\":\"WebSite\",\"@id\":\"https:\\\/\\\/tajkertesz.com\\\/#website\",\"url\":\"https:\\\/\\\/tajkertesz.com\\\/\",\"name\":\"T\u00e1j-Kert\u00e9sz 84 Kft.\",\"description\":\"Kert\u00e9szeti kis- \u00e9s nagykeresked\u00e9s, D\u00edszn\u00f6v\u00e9ny web\u00e1ruh\u00e1z orsz\u00e1gos h\u00e1zhozsz\u00e1ll\u00edt\u00e1ssal!\",\"publisher\":{\"@id\":\"https:\\\/\\\/tajkertesz.com\\\/#organization\"},\"potentialAction\":[{\"@type\":\"SearchAction\",\"target\":{\"@type\":\"EntryPoint\",\"urlTemplate\":\"https:\\\/\\\/tajkertesz.com\\\/?s={search_term_string}\"},\"query-input\":{\"@type\":\"PropertyValueSpecification\",\"valueRequired\":true,\"valueName\":\"search_term_string\"}}],\"inLanguage\":\"en-US\"},{\"@type\":\"Organization\",\"@id\":\"https:\\\/\\\/tajkertesz.com\\\/#organization\",\"name\":\"T\u00e1j-Kert\u00e9sz 84 Kft.\",\"url\":\"https:\\\/\\\/tajkertesz.com\\\/\",\"logo\":{\"@type\":\"ImageObject\",\"inLanguage\":\"en-US\",\"@id\":\"https:\\\/\\\/tajkertesz.com\\\/#\\\/schema\\\/logo\\\/image\\\/\",\"url\":\"https:\\\/\\\/tajkertesz.com\\\/wp-content\\\/uploads\\\/2018\\\/02\\\/logo-2-e1518678052539.png\",\"contentUrl\":\"https:\\\/\\\/tajkertesz.com\\\/wp-content\\\/uploads\\\/2018\\\/02\\\/logo-2-e1518678052539.png\",\"width\":81,\"height\":140,\"caption\":\"T\u00e1j-Kert\u00e9sz 84 Kft.\"},\"image\":{\"@id\":\"https:\\\/\\\/tajkertesz.com\\\/#\\\/schema\\\/logo\\\/image\\\/\"},\"sameAs\":[\"https:\\\/\\\/www.facebook.com\\\/Tajkertesz\\\/\"]}]}<\/script>\n<!-- \/ Yoast SEO plugin. -->","yoast_head_json":{"title":"Mad\u00e1reles\u00e9g t\u00e9li csemege Cinkegoly\u00f3 1 db - T\u00e1jkert\u00e9sz","description":"Mad\u00e1reles\u00e9g t\u00e9li csemege Cinkegoly\u00f3 1 db","robots":{"index":"index","follow":"follow","max-snippet":"max-snippet:-1","max-image-preview":"max-image-preview:large","max-video-preview":"max-video-preview:-1"},"canonical":"https:\/\/tajkertesz.com\/en_US\/product\/madareleseg-teli-csemege-cinkegolyo-1-db\/","og_locale":"en_US","og_type":"article","og_title":"Mad\u00e1reles\u00e9g t\u00e9li csemege Cinkegoly\u00f3 1 db - T\u00e1jkert\u00e9sz","og_description":"Mad\u00e1reles\u00e9g t\u00e9li csemege Cinkegoly\u00f3 1 db","og_url":"https:\/\/tajkertesz.com\/en_US\/product\/madareleseg-teli-csemege-cinkegolyo-1-db\/","og_site_name":"T\u00e1jkert\u00e9sz","article_publisher":"https:\/\/www.facebook.com\/Tajkertesz\/","article_modified_time":"2025-10-01T12:12:34+00:00","og_image":[{"width":404,"height":300,"url":"https:\/\/tajkertesz.com\/wp-content\/uploads\/2021\/09\/made2401.jpg","type":"image\/jpeg"}],"twitter_card":"summary_large_image","twitter_misc":{"Est. reading time":"2 minutes"},"schema":{"@context":"https:\/\/schema.org","@graph":[{"@type":"WebPage","@id":"https:\/\/tajkertesz.com\/termek\/madareleseg-teli-csemege-cinkegolyo-1-db\/","url":"https:\/\/tajkertesz.com\/termek\/madareleseg-teli-csemege-cinkegolyo-1-db\/","name":"Mad\u00e1reles\u00e9g t\u00e9li csemege Cinkegoly\u00f3 1 db - T\u00e1jkert\u00e9sz","isPartOf":{"@id":"https:\/\/tajkertesz.com\/#website"},"primaryImageOfPage":{"@id":"https:\/\/tajkertesz.com\/termek\/madareleseg-teli-csemege-cinkegolyo-1-db\/#primaryimage"},"image":{"@id":"https:\/\/tajkertesz.com\/termek\/madareleseg-teli-csemege-cinkegolyo-1-db\/#primaryimage"},"thumbnailUrl":"https:\/\/tajkertesz.com\/wp-content\/uploads\/2021\/09\/made2401.jpg","datePublished":"2021-09-22T10:10:13+00:00","dateModified":"2025-10-01T12:12:34+00:00","description":"Mad\u00e1reles\u00e9g t\u00e9li csemege Cinkegoly\u00f3 1 db","breadcrumb":{"@id":"https:\/\/tajkertesz.com\/termek\/madareleseg-teli-csemege-cinkegolyo-1-db\/#breadcrumb"},"inLanguage":"en-US","potentialAction":[{"@type":"ReadAction","target":["https:\/\/tajkertesz.com\/termek\/madareleseg-teli-csemege-cinkegolyo-1-db\/"]}]},{"@type":"ImageObject","inLanguage":"en-US","@id":"https:\/\/tajkertesz.com\/termek\/madareleseg-teli-csemege-cinkegolyo-1-db\/#primaryimage","url":"https:\/\/tajkertesz.com\/wp-content\/uploads\/2021\/09\/made2401.jpg","contentUrl":"https:\/\/tajkertesz.com\/wp-content\/uploads\/2021\/09\/made2401.jpg","width":404,"height":300},{"@type":"BreadcrumbList","@id":"https:\/\/tajkertesz.com\/termek\/madareleseg-teli-csemege-cinkegolyo-1-db\/#breadcrumb","itemListElement":[{"@type":"ListItem","position":1,"name":"Home","item":"https:\/\/tajkertesz.com\/"},{"@type":"ListItem","position":2,"name":"Kezd\u0151lap","item":"https:\/\/tajkertesz.com\/"},{"@type":"ListItem","position":3,"name":"Mad\u00e1reles\u00e9g t\u00e9li csemege Cinkegoly\u00f3 1 db"}]},{"@type":"WebSite","@id":"https:\/\/tajkertesz.com\/#website","url":"https:\/\/tajkertesz.com\/","name":"T\u00e1j-Kert\u00e9sz 84 Kft.","description":"Kert\u00e9szeti kis- \u00e9s nagykeresked\u00e9s, D\u00edszn\u00f6v\u00e9ny web\u00e1ruh\u00e1z orsz\u00e1gos h\u00e1zhozsz\u00e1ll\u00edt\u00e1ssal!","publisher":{"@id":"https:\/\/tajkertesz.com\/#organization"},"potentialAction":[{"@type":"SearchAction","target":{"@type":"EntryPoint","urlTemplate":"https:\/\/tajkertesz.com\/?s={search_term_string}"},"query-input":{"@type":"PropertyValueSpecification","valueRequired":true,"valueName":"search_term_string"}}],"inLanguage":"en-US"},{"@type":"Organization","@id":"https:\/\/tajkertesz.com\/#organization","name":"T\u00e1j-Kert\u00e9sz 84 Kft.","url":"https:\/\/tajkertesz.com\/","logo":{"@type":"ImageObject","inLanguage":"en-US","@id":"https:\/\/tajkertesz.com\/#\/schema\/logo\/image\/","url":"https:\/\/tajkertesz.com\/wp-content\/uploads\/2018\/02\/logo-2-e1518678052539.png","contentUrl":"https:\/\/tajkertesz.com\/wp-content\/uploads\/2018\/02\/logo-2-e1518678052539.png","width":81,"height":140,"caption":"T\u00e1j-Kert\u00e9sz 84 Kft."},"image":{"@id":"https:\/\/tajkertesz.com\/#\/schema\/logo\/image\/"},"sameAs":["https:\/\/www.facebook.com\/Tajkertesz\/"]}]}},"_links":{"self":[{"href":"https:\/\/tajkertesz.com\/en_US\/wp-json\/wp\/v2\/product\/9444","targetHints":{"allow":["GET"]}}],"collection":[{"href":"https:\/\/tajkertesz.com\/en_US\/wp-json\/wp\/v2\/product"}],"about":[{"href":"https:\/\/tajkertesz.com\/en_US\/wp-json\/wp\/v2\/types\/product"}],"wp:featuredmedia":[{"embeddable":true,"href":"https:\/\/tajkertesz.com\/en_US\/wp-json\/wp\/v2\/media\/9445"}],"wp:attachment":[{"href":"https:\/\/tajkertesz.com\/en_US\/wp-json\/wp\/v2\/media?parent=9444"}],"wp:term":[{"taxonomy":"product_brand","embeddable":true,"href":"https:\/\/tajkertesz.com\/en_US\/wp-json\/wp\/v2\/product_brand?post=9444"},{"taxonomy":"product_cat","embeddable":true,"href":"https:\/\/tajkertesz.com\/en_US\/wp-json\/wp\/v2\/product_cat?post=9444"},{"taxonomy":"product_tag","embeddable":true,"href":"https:\/\/tajkertesz.com\/en_US\/wp-json\/wp\/v2\/product_tag?post=9444"}],"curies":[{"name":"wp","href":"https:\/\/api.w.org\/{rel}","templated":true}]}}