{"id":946,"date":"2020-02-19T08:00:54","date_gmt":"2020-02-19T08:00:54","guid":{"rendered":"https:\/\/tajkertesz.com\/?post_type=product&#038;p=946"},"modified":"2024-09-18T09:04:31","modified_gmt":"2024-09-18T09:04:31","slug":"prunus-serrulata-amanogawa","status":"publish","type":"product","link":"https:\/\/tajkertesz.com\/en_US\/product\/prunus-serrulata-amanogawa\/","title":{"rendered":"Prunus serrulata &#8216;Amanogawa&#8217; , Jap\u00e1n d\u00edszcseresznye"},"content":{"rendered":"<p>Prunus serrulata &#8216;Amanogawa&#8217; , Jap\u00e1n d\u00edszcseresznye<\/p>\n<p>&nbsp;<\/p>\n<p>A Prunus serrulata &#8216;Amanogawa&#8217;\u00a0 magyar nev\u00e9n Jap\u00e1n d\u00edszcseresznye egy kora tavasszal csod\u00e1latosan vir\u00e1gz\u00f3 d\u00edszfa.<\/p>\n<p>Ez a fa haz\u00e1nkban igen k\u00f6zkedvelt.<\/p>\n<p>Jap\u00e1nban r\u00e9g\u00f3ta foglalkoznak a d\u00edszcsereszny\u00e9k nemes\u00edt\u00e9s\u00e9vel.<\/p>\n<p>A cseresznyevir\u00e1g\u00a0 jap\u00e1nul <i>szakura<\/i> \u00a0<span style=\"color: #003300;\"><a style=\"color: #003300;\" title=\"Jap\u00e1n\" href=\"https:\/\/hu.wikipedia.org\/wiki\/Jap%C3%A1n\">Jap\u00e1n<\/a> <\/span>nemzeti jelk\u00e9pe ,\u00e9s a jap\u00e1n identit\u00e1s r\u00e9sze.<\/p>\n<p>&nbsp;<\/p>\n<p><b>N\u00f6veked\u00e9s, alak:<\/b> Lassan n\u00f6v\u0151, karcs\u00fa nagy cserje vagy kis fa. 6 m magasra n\u0151, fiatalon kimondottan karcs\u00fa oszlopos, k\u00e9s\u0151bb kiss\u00e9 egym\u00e1sba n\u00f6v\u0151-kusz\u00e1l\u00f3d\u00f3 \u00e1grendszerrel.<br \/>\n<b>Lev\u00e9l:<\/b> Z\u00f6ld,\u00a0 \u0151sszel narancsv\u00f6r\u00f6sre sz\u00ednez\u0151d\u0151.<br \/>\n<b>Vir\u00e1g:<\/b> Bimb\u00f3ban \u00e9s a ny\u00edl\u00e1s elej\u00e9n halv\u00e1ny r\u00f3zsasz\u00edn, f\u00e9lig telt, kiny\u00edlva feh\u00e9r. Vir\u00e1gz\u00e1s ideje: \u00e1prilis k\u00f6zep\u00e9t\u0151l m\u00e1jus elej\u00e9ig.<br \/>\n<b>Term\u00e9s:<\/b>\u00a0Nagyon ritka.<br \/>\n<b>Term\u0151hely, ig\u00e9ny:<\/b>\u00a0Az alanyt\u00f3l f\u00fcgg\u0151, a t\u00falzottan nedves talajokat nem kedveli. T\u00f6bbnyire vadcsereszny\u00e9re oltj\u00e1k, de f\u0151leg az alacsonyabb t\u00f6rzs\u0171eket hybrid sz\u00e1rmaz\u00e1s\u00fa gy\u00fcm\u00f6lcs alanyokra is.<br \/>\n<b>Felhaszn\u00e1l\u00e1s:<\/b>\u00a0H\u00e1zi kertek, parkok szoliter n\u00f6v\u00e9nye, utcai sorfa.<\/p>\n<p style=\"line-height: 18.0pt; background: white; margin: 0cm 0cm 15.0pt 0cm;\"><span style=\"font-family: 'Ubuntu',serif; color: black;\">Jelen term\u00e9k\u00fcnk 20 literes kont\u00e9nerben kaphat\u00f3. t\u00f6rzsmagass\u00e1ga 220 cm. T\u00f6rzsk\u00f6rm\u00e9rete 8\/10\/12-es<\/span><\/p>\n<p style=\"line-height: 18.0pt; background: white; margin: 0cm 0cm 15.0pt 0cm;\"><b><span style=\"font-family: 'Ubuntu',serif; color: black;\">K\u00e9szlet\u00fcnk napi szinten v\u00e1ltozik, ez\u00e9rt k\u00e9rj\u00fck, \u00e9rdekl\u0151dj\u00f6n szem\u00e9lyesen, telefonon vagy email-en.<br \/>\nA v\u00e1ltoztat\u00e1s jog\u00e1t fenntartjuk!\u00a0<\/span><\/b><\/p>\n<p><a href=\"https:\/\/tajkertesz.com\/\">https:\/\/tajkertesz.com\/<\/a><\/p>\n<p>&nbsp;<\/p>\n<p><a href=\"https:\/\/hu.wikipedia.org\/wiki\/Jap%C3%A1ncseresznye\">https:\/\/hu.wikipedia.org\/wiki\/Jap%C3%A1ncseresznye<\/a><\/p>\n<p><span style=\"color: #ffffff;\"><strong>Fajt\u00e1i:<\/strong><\/span><\/p>\n<p><span style=\"color: #ffffff;\">&#8216;Kanzan&#8217; &#8211; Az \u00f6sszes d\u00edszcseresznye csaknem 80%-\u00e1t ez a fajta teszi ki parkjainkban. T\u00f6mvetelt r\u00f3zsasz\u00edn vir\u00e1g\u00fa, koron\u00e1ja jellegzetes t\u00f6lcs\u00e9r vagy v\u00e1za alak\u00fa. Ak\u00e1r 10 m-n\u00e9l magasabbra is n\u0151het.&#8217;Amanogawa&#8217; &#8211; Oszlopos termet\u0171, halv\u00e1nyr\u00f3zsasz\u00edn telt vir\u00e1gokkal. Keskeny koron\u00e1j\u00fa, 8 m magas f\u00e1cska, fiatal levelei bronzsz\u00edn\u0171ek. &#8216;Shirotae&#8217; &#8211; Lapos koron\u00e1j\u00fa, t\u00f6mvetelt feh\u00e9r vir\u00e1g\u00fa fajta.\u00a0<\/span><\/p>\n<p><span style=\"color: #ffffff;\">&#8216;Kiku-Shidare-Sakura&#8217; &#8211; Cs\u00fcng\u0151 koron\u00e1j\u00fa, \u00e9l\u00e9nkr\u00f3zsasz\u00edn teltvir\u00e1g\u00fa fajta. &#8216;Tai Haku&#8217; &#8211; Ezt a nagy vir\u00e1g\u00fa fajt\u00e1t angol kertekb\u0151l telep\u00edtett\u00e9k vissza \u0151shaz\u00e1j\u00e1ba, Jap\u00e1nba, mivel ott \u00e1llom\u00e1nyai\u00a0<\/span><\/p>\n<p><span style=\"color: #ffffff;\"><strong>Le\u00edr\u00e1s:<\/strong><\/span><\/p>\n<p><span style=\"color: #ffffff;\">A jap\u00e1ncseresznye a\u00a0<a style=\"color: #ffffff;\" title=\"Vadcseresznye\" href=\"https:\/\/hu.wikipedia.org\/wiki\/Vadcseresznye\">k\u00f6z\u00f6ns\u00e9ges csereszny\u00e9hez<\/a>\u00a0hasonl\u00f3 ig\u00e9ny\u0171, levele is hasonl\u00f3 ahhoz. Sz\u00e9les koron\u00e1j\u00fa, 8-10 m\u00e9terre is megn\u0151v\u0151 fa, l\u00e1tv\u00e1nyos tavaszi vir\u00e1gz\u00e1ssal. Am\u00edg a k\u00f6z\u00f6ns\u00e9ges cseresznye levelei a v\u00e9g\u00fck\u00f6n egyenletesen hegyesednek, sz\u00e9l\u00fck szab\u00e1lytalanul durv\u00e1n fogazott. A jap\u00e1ncseresznye levele a v\u00e9g\u00e9n hirtelen elkeskenyedik, majd hossz\u00fa hegyben v\u00e9gz\u0151dik, a lev\u00e9l sz\u00e9le \u0151l term\u00e9sek nem sz\u00e1rmaznak .<\/span><\/p>","protected":false},"excerpt":{"rendered":"<p>A Prunus serrulata &#8216;Amanogawa&#8217;\u00a0 magyar nev\u00e9n Jap\u00e1n d\u00edszcseresznye egy kora tavasszal csod\u00e1latosan vir\u00e1gz\u00f3 d\u00edszfa.Jap\u00e1nban r\u00e9g\u00f3ta foglalkoznak a d\u00edszcsereszny\u00e9k nemes\u00edt\u00e9s\u00e9vel.<\/p>\n<p>Ez a fa haz\u00e1nkban igen k\u00f6zkedvelt.<\/p>\n<p>A cseresznyevir\u00e1g\u00a0 jap\u00e1nul <i>szakura<\/i> \u00a0<a title=\"Jap\u00e1n\" href=\"https:\/\/hu.wikipedia.org\/wiki\/Jap%C3%A1n\">Jap\u00e1n<\/a> nemzeti jelk\u00e9pe ,\u00e9s a jap\u00e1n identit\u00e1s r\u00e9sze.<\/p>","protected":false},"featured_media":949,"template":"","meta":{"_et_pb_use_builder":"","_et_pb_old_content":"","_et_gb_content_width":""},"product_brand":[],"product_cat":[28],"product_tag":[33,129,130,128],"class_list":{"0":"post-946","1":"product","2":"type-product","3":"status-publish","4":"has-post-thumbnail","6":"product_cat-diszfak","7":"product_tag-diszfa","8":"product_tag-japan-diszcseresznye","9":"product_tag-oszlopos","10":"product_tag-prunus-serrulata-amanogawa","12":"first","13":"instock","14":"shipping-taxable","15":"purchasable","16":"product-type-simple"},"yoast_head":"<!-- This site is optimized with the Yoast SEO plugin v27.3 - https:\/\/yoast.com\/product\/yoast-seo-wordpress\/ -->\n<title>Prunus serrulata &#039;Amanogawa&#039; , Jap\u00e1n d\u00edszcseresznye - T\u00e1jkert\u00e9sz<\/title>\n<meta name=\"description\" content=\"A Prunus serrulata &#039;Amanogawa&#039;\u00a0 magyar nev\u00e9n Jap\u00e1n d\u00edszcseresznye egy kora tavasszal csod\u00e1latosan vir\u00e1gz\u00f3 d\u00edszfa.Vir\u00e1ga r\u00f3zsasz\u00edn, f\u00e9l telt, kiny\u00edlva feh\u00e9r.\" \/>\n<meta name=\"robots\" content=\"index, follow, max-snippet:-1, max-image-preview:large, max-video-preview:-1\" \/>\n<link rel=\"canonical\" href=\"https:\/\/tajkertesz.com\/en_US\/product\/prunus-serrulata-amanogawa\/\" \/>\n<meta property=\"og:locale\" content=\"en_US\" \/>\n<meta property=\"og:type\" content=\"article\" \/>\n<meta property=\"og:title\" content=\"Prunus serrulata &#039;Amanogawa&#039; , Jap\u00e1n d\u00edszcseresznye - T\u00e1jkert\u00e9sz\" \/>\n<meta property=\"og:description\" content=\"A Prunus serrulata &#039;Amanogawa&#039;\u00a0 magyar nev\u00e9n Jap\u00e1n d\u00edszcseresznye egy kora tavasszal csod\u00e1latosan vir\u00e1gz\u00f3 d\u00edszfa.Vir\u00e1ga r\u00f3zsasz\u00edn, f\u00e9l telt, kiny\u00edlva feh\u00e9r.\" \/>\n<meta property=\"og:url\" content=\"https:\/\/tajkertesz.com\/en_US\/product\/prunus-serrulata-amanogawa\/\" \/>\n<meta property=\"og:site_name\" content=\"T\u00e1jkert\u00e9sz\" \/>\n<meta property=\"article:publisher\" content=\"https:\/\/www.facebook.com\/Tajkertesz\/\" \/>\n<meta property=\"article:modified_time\" content=\"2024-09-18T09:04:31+00:00\" \/>\n<meta property=\"og:image\" content=\"https:\/\/tajkertesz.com\/wp-content\/uploads\/2020\/02\/Prunus-serrulata-Amanogawa.jpg4_.jpg\" \/>\n\t<meta property=\"og:image:width\" content=\"1024\" \/>\n\t<meta property=\"og:image:height\" content=\"904\" \/>\n\t<meta property=\"og:image:type\" content=\"image\/jpeg\" \/>\n<meta name=\"twitter:card\" content=\"summary_large_image\" \/>\n<meta name=\"twitter:label1\" content=\"Est. reading time\" \/>\n\t<meta name=\"twitter:data1\" content=\"2 minutes\" \/>\n<script type=\"application\/ld+json\" class=\"yoast-schema-graph\">{\"@context\":\"https:\\\/\\\/schema.org\",\"@graph\":[{\"@type\":\"WebPage\",\"@id\":\"https:\\\/\\\/tajkertesz.com\\\/termek\\\/prunus-serrulata-amanogawa\\\/\",\"url\":\"https:\\\/\\\/tajkertesz.com\\\/termek\\\/prunus-serrulata-amanogawa\\\/\",\"name\":\"Prunus serrulata 'Amanogawa' , Jap\u00e1n d\u00edszcseresznye - T\u00e1jkert\u00e9sz\",\"isPartOf\":{\"@id\":\"https:\\\/\\\/tajkertesz.com\\\/#website\"},\"primaryImageOfPage\":{\"@id\":\"https:\\\/\\\/tajkertesz.com\\\/termek\\\/prunus-serrulata-amanogawa\\\/#primaryimage\"},\"image\":{\"@id\":\"https:\\\/\\\/tajkertesz.com\\\/termek\\\/prunus-serrulata-amanogawa\\\/#primaryimage\"},\"thumbnailUrl\":\"https:\\\/\\\/tajkertesz.com\\\/wp-content\\\/uploads\\\/2020\\\/02\\\/Prunus-serrulata-Amanogawa.jpg4_.jpg\",\"datePublished\":\"2020-02-19T08:00:54+00:00\",\"dateModified\":\"2024-09-18T09:04:31+00:00\",\"description\":\"A Prunus serrulata 'Amanogawa'\u00a0 magyar nev\u00e9n Jap\u00e1n d\u00edszcseresznye egy kora tavasszal csod\u00e1latosan vir\u00e1gz\u00f3 d\u00edszfa.Vir\u00e1ga r\u00f3zsasz\u00edn, f\u00e9l telt, kiny\u00edlva feh\u00e9r.\",\"breadcrumb\":{\"@id\":\"https:\\\/\\\/tajkertesz.com\\\/termek\\\/prunus-serrulata-amanogawa\\\/#breadcrumb\"},\"inLanguage\":\"en-US\",\"potentialAction\":[{\"@type\":\"ReadAction\",\"target\":[\"https:\\\/\\\/tajkertesz.com\\\/termek\\\/prunus-serrulata-amanogawa\\\/\"]}]},{\"@type\":\"ImageObject\",\"inLanguage\":\"en-US\",\"@id\":\"https:\\\/\\\/tajkertesz.com\\\/termek\\\/prunus-serrulata-amanogawa\\\/#primaryimage\",\"url\":\"https:\\\/\\\/tajkertesz.com\\\/wp-content\\\/uploads\\\/2020\\\/02\\\/Prunus-serrulata-Amanogawa.jpg4_.jpg\",\"contentUrl\":\"https:\\\/\\\/tajkertesz.com\\\/wp-content\\\/uploads\\\/2020\\\/02\\\/Prunus-serrulata-Amanogawa.jpg4_.jpg\",\"width\":1024,\"height\":904},{\"@type\":\"BreadcrumbList\",\"@id\":\"https:\\\/\\\/tajkertesz.com\\\/termek\\\/prunus-serrulata-amanogawa\\\/#breadcrumb\",\"itemListElement\":[{\"@type\":\"ListItem\",\"position\":1,\"name\":\"Home\",\"item\":\"https:\\\/\\\/tajkertesz.com\\\/\"},{\"@type\":\"ListItem\",\"position\":2,\"name\":\"Kezd\u0151lap\",\"item\":\"https:\\\/\\\/tajkertesz.com\\\/\"},{\"@type\":\"ListItem\",\"position\":3,\"name\":\"Prunus serrulata &#8216;Amanogawa&#8217; , Jap\u00e1n d\u00edszcseresznye\"}]},{\"@type\":\"WebSite\",\"@id\":\"https:\\\/\\\/tajkertesz.com\\\/#website\",\"url\":\"https:\\\/\\\/tajkertesz.com\\\/\",\"name\":\"T\u00e1j-Kert\u00e9sz 84 Kft.\",\"description\":\"Kert\u00e9szeti kis- \u00e9s nagykeresked\u00e9s, D\u00edszn\u00f6v\u00e9ny web\u00e1ruh\u00e1z orsz\u00e1gos h\u00e1zhozsz\u00e1ll\u00edt\u00e1ssal!\",\"publisher\":{\"@id\":\"https:\\\/\\\/tajkertesz.com\\\/#organization\"},\"potentialAction\":[{\"@type\":\"SearchAction\",\"target\":{\"@type\":\"EntryPoint\",\"urlTemplate\":\"https:\\\/\\\/tajkertesz.com\\\/?s={search_term_string}\"},\"query-input\":{\"@type\":\"PropertyValueSpecification\",\"valueRequired\":true,\"valueName\":\"search_term_string\"}}],\"inLanguage\":\"en-US\"},{\"@type\":\"Organization\",\"@id\":\"https:\\\/\\\/tajkertesz.com\\\/#organization\",\"name\":\"T\u00e1j-Kert\u00e9sz 84 Kft.\",\"url\":\"https:\\\/\\\/tajkertesz.com\\\/\",\"logo\":{\"@type\":\"ImageObject\",\"inLanguage\":\"en-US\",\"@id\":\"https:\\\/\\\/tajkertesz.com\\\/#\\\/schema\\\/logo\\\/image\\\/\",\"url\":\"https:\\\/\\\/tajkertesz.com\\\/wp-content\\\/uploads\\\/2018\\\/02\\\/logo-2-e1518678052539.png\",\"contentUrl\":\"https:\\\/\\\/tajkertesz.com\\\/wp-content\\\/uploads\\\/2018\\\/02\\\/logo-2-e1518678052539.png\",\"width\":81,\"height\":140,\"caption\":\"T\u00e1j-Kert\u00e9sz 84 Kft.\"},\"image\":{\"@id\":\"https:\\\/\\\/tajkertesz.com\\\/#\\\/schema\\\/logo\\\/image\\\/\"},\"sameAs\":[\"https:\\\/\\\/www.facebook.com\\\/Tajkertesz\\\/\"]}]}<\/script>\n<!-- \/ Yoast SEO plugin. -->","yoast_head_json":{"title":"Prunus serrulata 'Amanogawa' , Jap\u00e1n d\u00edszcseresznye - T\u00e1jkert\u00e9sz","description":"A Prunus serrulata 'Amanogawa'\u00a0 magyar nev\u00e9n Jap\u00e1n d\u00edszcseresznye egy kora tavasszal csod\u00e1latosan vir\u00e1gz\u00f3 d\u00edszfa.Vir\u00e1ga r\u00f3zsasz\u00edn, f\u00e9l telt, kiny\u00edlva feh\u00e9r.","robots":{"index":"index","follow":"follow","max-snippet":"max-snippet:-1","max-image-preview":"max-image-preview:large","max-video-preview":"max-video-preview:-1"},"canonical":"https:\/\/tajkertesz.com\/en_US\/product\/prunus-serrulata-amanogawa\/","og_locale":"en_US","og_type":"article","og_title":"Prunus serrulata 'Amanogawa' , Jap\u00e1n d\u00edszcseresznye - T\u00e1jkert\u00e9sz","og_description":"A Prunus serrulata 'Amanogawa'\u00a0 magyar nev\u00e9n Jap\u00e1n d\u00edszcseresznye egy kora tavasszal csod\u00e1latosan vir\u00e1gz\u00f3 d\u00edszfa.Vir\u00e1ga r\u00f3zsasz\u00edn, f\u00e9l telt, kiny\u00edlva feh\u00e9r.","og_url":"https:\/\/tajkertesz.com\/en_US\/product\/prunus-serrulata-amanogawa\/","og_site_name":"T\u00e1jkert\u00e9sz","article_publisher":"https:\/\/www.facebook.com\/Tajkertesz\/","article_modified_time":"2024-09-18T09:04:31+00:00","og_image":[{"width":1024,"height":904,"url":"https:\/\/tajkertesz.com\/wp-content\/uploads\/2020\/02\/Prunus-serrulata-Amanogawa.jpg4_.jpg","type":"image\/jpeg"}],"twitter_card":"summary_large_image","twitter_misc":{"Est. reading time":"2 minutes"},"schema":{"@context":"https:\/\/schema.org","@graph":[{"@type":"WebPage","@id":"https:\/\/tajkertesz.com\/termek\/prunus-serrulata-amanogawa\/","url":"https:\/\/tajkertesz.com\/termek\/prunus-serrulata-amanogawa\/","name":"Prunus serrulata 'Amanogawa' , Jap\u00e1n d\u00edszcseresznye - T\u00e1jkert\u00e9sz","isPartOf":{"@id":"https:\/\/tajkertesz.com\/#website"},"primaryImageOfPage":{"@id":"https:\/\/tajkertesz.com\/termek\/prunus-serrulata-amanogawa\/#primaryimage"},"image":{"@id":"https:\/\/tajkertesz.com\/termek\/prunus-serrulata-amanogawa\/#primaryimage"},"thumbnailUrl":"https:\/\/tajkertesz.com\/wp-content\/uploads\/2020\/02\/Prunus-serrulata-Amanogawa.jpg4_.jpg","datePublished":"2020-02-19T08:00:54+00:00","dateModified":"2024-09-18T09:04:31+00:00","description":"A Prunus serrulata 'Amanogawa'\u00a0 magyar nev\u00e9n Jap\u00e1n d\u00edszcseresznye egy kora tavasszal csod\u00e1latosan vir\u00e1gz\u00f3 d\u00edszfa.Vir\u00e1ga r\u00f3zsasz\u00edn, f\u00e9l telt, kiny\u00edlva feh\u00e9r.","breadcrumb":{"@id":"https:\/\/tajkertesz.com\/termek\/prunus-serrulata-amanogawa\/#breadcrumb"},"inLanguage":"en-US","potentialAction":[{"@type":"ReadAction","target":["https:\/\/tajkertesz.com\/termek\/prunus-serrulata-amanogawa\/"]}]},{"@type":"ImageObject","inLanguage":"en-US","@id":"https:\/\/tajkertesz.com\/termek\/prunus-serrulata-amanogawa\/#primaryimage","url":"https:\/\/tajkertesz.com\/wp-content\/uploads\/2020\/02\/Prunus-serrulata-Amanogawa.jpg4_.jpg","contentUrl":"https:\/\/tajkertesz.com\/wp-content\/uploads\/2020\/02\/Prunus-serrulata-Amanogawa.jpg4_.jpg","width":1024,"height":904},{"@type":"BreadcrumbList","@id":"https:\/\/tajkertesz.com\/termek\/prunus-serrulata-amanogawa\/#breadcrumb","itemListElement":[{"@type":"ListItem","position":1,"name":"Home","item":"https:\/\/tajkertesz.com\/"},{"@type":"ListItem","position":2,"name":"Kezd\u0151lap","item":"https:\/\/tajkertesz.com\/"},{"@type":"ListItem","position":3,"name":"Prunus serrulata &#8216;Amanogawa&#8217; , Jap\u00e1n d\u00edszcseresznye"}]},{"@type":"WebSite","@id":"https:\/\/tajkertesz.com\/#website","url":"https:\/\/tajkertesz.com\/","name":"T\u00e1j-Kert\u00e9sz 84 Kft.","description":"Kert\u00e9szeti kis- \u00e9s nagykeresked\u00e9s, D\u00edszn\u00f6v\u00e9ny web\u00e1ruh\u00e1z orsz\u00e1gos h\u00e1zhozsz\u00e1ll\u00edt\u00e1ssal!","publisher":{"@id":"https:\/\/tajkertesz.com\/#organization"},"potentialAction":[{"@type":"SearchAction","target":{"@type":"EntryPoint","urlTemplate":"https:\/\/tajkertesz.com\/?s={search_term_string}"},"query-input":{"@type":"PropertyValueSpecification","valueRequired":true,"valueName":"search_term_string"}}],"inLanguage":"en-US"},{"@type":"Organization","@id":"https:\/\/tajkertesz.com\/#organization","name":"T\u00e1j-Kert\u00e9sz 84 Kft.","url":"https:\/\/tajkertesz.com\/","logo":{"@type":"ImageObject","inLanguage":"en-US","@id":"https:\/\/tajkertesz.com\/#\/schema\/logo\/image\/","url":"https:\/\/tajkertesz.com\/wp-content\/uploads\/2018\/02\/logo-2-e1518678052539.png","contentUrl":"https:\/\/tajkertesz.com\/wp-content\/uploads\/2018\/02\/logo-2-e1518678052539.png","width":81,"height":140,"caption":"T\u00e1j-Kert\u00e9sz 84 Kft."},"image":{"@id":"https:\/\/tajkertesz.com\/#\/schema\/logo\/image\/"},"sameAs":["https:\/\/www.facebook.com\/Tajkertesz\/"]}]}},"_links":{"self":[{"href":"https:\/\/tajkertesz.com\/en_US\/wp-json\/wp\/v2\/product\/946","targetHints":{"allow":["GET"]}}],"collection":[{"href":"https:\/\/tajkertesz.com\/en_US\/wp-json\/wp\/v2\/product"}],"about":[{"href":"https:\/\/tajkertesz.com\/en_US\/wp-json\/wp\/v2\/types\/product"}],"wp:featuredmedia":[{"embeddable":true,"href":"https:\/\/tajkertesz.com\/en_US\/wp-json\/wp\/v2\/media\/949"}],"wp:attachment":[{"href":"https:\/\/tajkertesz.com\/en_US\/wp-json\/wp\/v2\/media?parent=946"}],"wp:term":[{"taxonomy":"product_brand","embeddable":true,"href":"https:\/\/tajkertesz.com\/en_US\/wp-json\/wp\/v2\/product_brand?post=946"},{"taxonomy":"product_cat","embeddable":true,"href":"https:\/\/tajkertesz.com\/en_US\/wp-json\/wp\/v2\/product_cat?post=946"},{"taxonomy":"product_tag","embeddable":true,"href":"https:\/\/tajkertesz.com\/en_US\/wp-json\/wp\/v2\/product_tag?post=946"}],"curies":[{"name":"wp","href":"https:\/\/api.w.org\/{rel}","templated":true}]}}