{"id":9476,"date":"2021-09-23T10:01:49","date_gmt":"2021-09-23T10:01:49","guid":{"rendered":"https:\/\/tajkertesz.com\/?post_type=product&#038;p=9476"},"modified":"2023-07-13T14:37:30","modified_gmt":"2023-07-13T14:37:30","slug":"csepegteto-cso-micro-line-6-15-cm-20-l-h-barna-30-m","status":"publish","type":"product","link":"https:\/\/tajkertesz.com\/en_US\/product\/csepegteto-cso-micro-line-6-15-cm-20-l-h-barna-30-m\/","title":{"rendered":"Csepegtet\u0151 cs\u0151 Micro-Line 6\/15 cm &#8211; 2,0 l\/h &#8211; Barna &#8211; 30 m"},"content":{"rendered":"<div class=\"artdet__name-rating d-none d-lg-block\">\n<div class=\"row gutters-5\">\n<div class=\"col\">\n<h1 class=\"h1 page-title\">Csepegtet\u0151 cs\u0151 Micro-Line 6\/15 cm &#8211; 2,0 l\/h &#8211; Barna &#8211; 30 m<\/h1>\n<p class=\"h1 page-title\">Csepegtet\u0151 cs\u0151 Micro-Line 6\/15 cm &#8211; 2,0 l\/h &#8211; Barna &#8211; 30 m.A csepegtet\u0151 cs\u0151 els\u0151sorban h\u00e1z k\u00f6r\u00fcli kiskertek, vir\u00e1g\u00e1gyak,stb. &#8211; csepegtet\u0151 \u00f6nt\u00f6z\u00e9s\u00e9re haszn\u00e1lhat\u00f3, melynek csepegtet\u0151 elemei fix 15 cm-es t\u00e1vols\u00e1gra vannak be\u00e9p\u00edtve \u00e9s 2,0 l\/h v\u00edzkijuttat\u00e1st biztos\u00edt.\u00c1tm\u00e9r\u0151: 6 mm, Csepegtet\u00e9si t\u00e1vols\u00e1g: 15 cm, V\u00edzkijuttat\u00e1s:\u00a02,0 l\/h<\/p>\n<\/div>\n<\/div>\n<\/div>\n<div><a href=\"https:\/\/www.facebook.com\/tajkertesz\">https:\/\/www.facebook.com\/tajkertesz<\/a><\/div>\n<div>\n<p><a href=\"https:\/\/tajkertesz.com\/\">https:\/\/tajkertesz.com\/<\/a><\/p>\n<\/div>\n<div>K\u00e9szlet\u00fcnk napi szinten v\u00e1ltozik, \u00edgy a v\u00e1ltoz\u00e1s jog\u00e1t fenntartjuk!<\/div>\n<p><span style=\"color: #ffffff;\">hanem a h\u00e1z k\u00f6r\u00fcl is fontos eszk\u00f6z, a lehullott faleveleket (avart) vagy egy\u00e9b lombokat is \u00f6ssze lehet vele szedni (a speci\u00e1lisan lombgy\u0171jt\u00e9sre szakosodott verzi\u00f3ja a lombsepr\u0171). Nyele \u00e1ltal\u00e1ban f\u00e1b\u00f3l, feje pedig vasb\u00f3l k\u00e9sz\u00fcl, de manaps\u00e1g m\u00e1r elterjedt a m\u0171anyagb\u00f3l k\u00e9sz\u00fclt v\u00e1ltozat is. Kert\u00e9szetekben \u00e9s nagyobb \u00e1ruh\u00e1zakban kaphat\u00f3, ak\u00e1rcsak az \u00e1s\u00f3, a lap\u00e1t, a kapa vagy ritk\u00e1bban a kaszahanem a h\u00e1z k\u00f6r\u00fcl is fontos eszk\u00f6z, a lehullott faleveleket (avart) vagy egy\u00e9b lombokat is \u00f6ssze lehet vele szedni (a speci\u00e1lisan lombgy\u0171jt\u00e9sre szakosodott verzi\u00f3ja a lombsepr\u0171). Nyele \u00e1ltal\u00e1ban f\u00e1b\u00f3l, feje pedig vasb\u00f3l k\u00e9sz\u00fcl, de manaps\u00e1g m\u00e1r elterjedt a m\u0171anyagb\u00f3l k\u00e9sz\u00fclt v\u00e1ltozat is. Kert\u00e9szetekben \u00e9s nagyobb \u00e1ruh\u00e1zakban kaphat\u00f3, ak\u00e1rcsak az \u00e1s\u00f3, a lap\u00e1t, a kapa vagy ritk\u00e1bban a kasza..\u00c1tm\u00e9r\u0151: 6 mm<br \/>\nCsepegtet\u00e9si t\u00e1vols\u00e1g:\u00a015 cm<br \/>\nV\u00edzkijuttat\u00e1s:\u00a02,0 l\/h\u00c1tm\u00e9r\u0151: 6 mm<br \/>\nCsepegtet\u00e9si t\u00e1vols\u00e1g:\u00a015 cm<br \/>\nV\u00edzkijuttat\u00e1s:\u00a02,0 l\/h\u00c1tm\u00e9r\u0151: 6 mm<br \/>\nCsepegtet\u00e9si t\u00e1vols\u00e1g:\u00a015 cm<br \/>\nV\u00edzkijuttat\u00e1s:\u00a02,0 l\/h<\/span><\/p>","protected":false},"excerpt":{"rendered":"<div class=\"artdet__name-rating d-none d-lg-block\">\n<div class=\"row gutters-5\">\n<div class=\"col\">\n<div class=\"artdet__name-rating d-none d-lg-block\">\n<div class=\"row gutters-5\">\n<div class=\"col\">\n<div class=\"artdet__name-rating d-none d-lg-block\">\n<div class=\"row gutters-5\">\n<div class=\"col\">\n<div class=\"artdet__name-rating d-none d-lg-block\">\n<div class=\"row gutters-5\">\n<div class=\"col\">\n<div class=\"artdet__name-rating d-none d-lg-block\">\n<div class=\"row gutters-5\">\n<div class=\"col\">\n<div class=\"artdet__name-rating d-none d-lg-block\">\n<div class=\"row gutters-5\">\n<div class=\"col\">\n<div class=\"artdet__name-rating d-none d-lg-block\">\n<div class=\"row gutters-5\">\n<div class=\"col\">\n<div class=\"artdet__name-rating d-none d-lg-block\">\n<div class=\"row gutters-5\">\n<div class=\"col\">\n<div class=\"artdet__name-rating d-none d-lg-block\">\n<div class=\"row gutters-5\">\n<div class=\"col\">\n<div class=\"artdet__name-rating d-none d-lg-block\">\n<div class=\"row gutters-5\">\n<div class=\"col\">\n<div class=\"artdet__name-rating d-none d-lg-block\">\n<div class=\"row gutters-5\">\n<div class=\"col\">\n<div class=\"artdet__name-rating d-none d-lg-block\">\n<div class=\"row gutters-5\">\n<div class=\"col\">\n<h2>Csepegtet\u0151 cs\u0151 Micro-Line 6\/15 cm &#8211; 2,0 l\/h &#8211; Barna &#8211; 30 m<\/h2>\n<p>&nbsp;<\/p>\n<\/div>\n<\/div>\n<\/div>\n<\/div>\n<\/div>\n<\/div>\n<\/div>\n<\/div>\n<\/div>\n<\/div>\n<\/div>\n<\/div>\n<\/div>\n<\/div>\n<\/div>\n<\/div>\n<\/div>\n<\/div>\n<\/div>\n<\/div>\n<\/div>\n<\/div>\n<\/div>\n<\/div>\n<\/div>\n<\/div>\n<\/div>\n<\/div>\n<\/div>\n<\/div>\n<\/div>\n<\/div>\n<\/div>\n<\/div>\n<\/div>\n<\/div>","protected":false},"featured_media":9479,"template":"","meta":{"_et_pb_use_builder":"","_et_pb_old_content":"","_et_gb_content_width":""},"product_brand":[],"product_cat":[2615],"product_tag":[2763],"class_list":{"0":"post-9476","1":"product","2":"type-product","3":"status-publish","4":"has-post-thumbnail","6":"product_cat-csovek","7":"product_tag-csepegteto-cso-micro-line","9":"first","10":"instock","11":"shipping-taxable","12":"purchasable","13":"product-type-simple"},"yoast_head":"<!-- This site is optimized with the Yoast SEO plugin v27.4 - https:\/\/yoast.com\/product\/yoast-seo-wordpress\/ -->\n<title>Csepegtet\u0151 cs\u0151 Micro-Line 6\/15 cm - 2,0 l\/h - Barna - 30 m - T\u00e1jkert\u00e9sz<\/title>\n<meta name=\"description\" content=\"Csepegtet\u0151 cs\u0151 Micro-Line 6\/15 cm - 2,0 l\/h - Barna - 30 m\" \/>\n<meta name=\"robots\" content=\"index, follow, max-snippet:-1, max-image-preview:large, max-video-preview:-1\" \/>\n<link rel=\"canonical\" href=\"https:\/\/tajkertesz.com\/en_US\/product\/csepegteto-cso-micro-line-6-15-cm-20-l-h-barna-30-m\/\" \/>\n<meta property=\"og:locale\" content=\"en_US\" \/>\n<meta property=\"og:type\" content=\"article\" \/>\n<meta property=\"og:title\" content=\"Csepegtet\u0151 cs\u0151 Micro-Line 6\/15 cm - 2,0 l\/h - Barna - 30 m - T\u00e1jkert\u00e9sz\" \/>\n<meta property=\"og:description\" content=\"Csepegtet\u0151 cs\u0151 Micro-Line 6\/15 cm - 2,0 l\/h - Barna - 30 m\" \/>\n<meta property=\"og:url\" content=\"https:\/\/tajkertesz.com\/en_US\/product\/csepegteto-cso-micro-line-6-15-cm-20-l-h-barna-30-m\/\" \/>\n<meta property=\"og:site_name\" content=\"T\u00e1jkert\u00e9sz\" \/>\n<meta property=\"article:publisher\" content=\"https:\/\/www.facebook.com\/Tajkertesz\/\" \/>\n<meta property=\"article:modified_time\" content=\"2023-07-13T14:37:30+00:00\" \/>\n<meta property=\"og:image\" content=\"https:\/\/tajkertesz.com\/wp-content\/uploads\/2021\/09\/1521161974077_704x704_e7dc9321-22f5-4fd1-8ce0-3262858e995d_700x700.jpeg\" \/>\n\t<meta property=\"og:image:width\" content=\"700\" \/>\n\t<meta property=\"og:image:height\" content=\"700\" \/>\n\t<meta property=\"og:image:type\" content=\"image\/jpeg\" \/>\n<meta name=\"twitter:card\" content=\"summary_large_image\" \/>\n<meta name=\"twitter:label1\" content=\"Est. reading time\" \/>\n\t<meta name=\"twitter:data1\" content=\"2 minutes\" \/>\n<script type=\"application\/ld+json\" class=\"yoast-schema-graph\">{\"@context\":\"https:\\\/\\\/schema.org\",\"@graph\":[{\"@type\":\"WebPage\",\"@id\":\"https:\\\/\\\/tajkertesz.com\\\/termek\\\/csepegteto-cso-micro-line-6-15-cm-20-l-h-barna-30-m\\\/\",\"url\":\"https:\\\/\\\/tajkertesz.com\\\/termek\\\/csepegteto-cso-micro-line-6-15-cm-20-l-h-barna-30-m\\\/\",\"name\":\"Csepegtet\u0151 cs\u0151 Micro-Line 6\\\/15 cm - 2,0 l\\\/h - Barna - 30 m - T\u00e1jkert\u00e9sz\",\"isPartOf\":{\"@id\":\"https:\\\/\\\/tajkertesz.com\\\/#website\"},\"primaryImageOfPage\":{\"@id\":\"https:\\\/\\\/tajkertesz.com\\\/termek\\\/csepegteto-cso-micro-line-6-15-cm-20-l-h-barna-30-m\\\/#primaryimage\"},\"image\":{\"@id\":\"https:\\\/\\\/tajkertesz.com\\\/termek\\\/csepegteto-cso-micro-line-6-15-cm-20-l-h-barna-30-m\\\/#primaryimage\"},\"thumbnailUrl\":\"https:\\\/\\\/tajkertesz.com\\\/wp-content\\\/uploads\\\/2021\\\/09\\\/1521161974077_704x704_e7dc9321-22f5-4fd1-8ce0-3262858e995d_700x700.jpeg\",\"datePublished\":\"2021-09-23T10:01:49+00:00\",\"dateModified\":\"2023-07-13T14:37:30+00:00\",\"description\":\"Csepegtet\u0151 cs\u0151 Micro-Line 6\\\/15 cm - 2,0 l\\\/h - Barna - 30 m\",\"breadcrumb\":{\"@id\":\"https:\\\/\\\/tajkertesz.com\\\/termek\\\/csepegteto-cso-micro-line-6-15-cm-20-l-h-barna-30-m\\\/#breadcrumb\"},\"inLanguage\":\"en-US\",\"potentialAction\":[{\"@type\":\"ReadAction\",\"target\":[\"https:\\\/\\\/tajkertesz.com\\\/termek\\\/csepegteto-cso-micro-line-6-15-cm-20-l-h-barna-30-m\\\/\"]}]},{\"@type\":\"ImageObject\",\"inLanguage\":\"en-US\",\"@id\":\"https:\\\/\\\/tajkertesz.com\\\/termek\\\/csepegteto-cso-micro-line-6-15-cm-20-l-h-barna-30-m\\\/#primaryimage\",\"url\":\"https:\\\/\\\/tajkertesz.com\\\/wp-content\\\/uploads\\\/2021\\\/09\\\/1521161974077_704x704_e7dc9321-22f5-4fd1-8ce0-3262858e995d_700x700.jpeg\",\"contentUrl\":\"https:\\\/\\\/tajkertesz.com\\\/wp-content\\\/uploads\\\/2021\\\/09\\\/1521161974077_704x704_e7dc9321-22f5-4fd1-8ce0-3262858e995d_700x700.jpeg\",\"width\":700,\"height\":700},{\"@type\":\"BreadcrumbList\",\"@id\":\"https:\\\/\\\/tajkertesz.com\\\/termek\\\/csepegteto-cso-micro-line-6-15-cm-20-l-h-barna-30-m\\\/#breadcrumb\",\"itemListElement\":[{\"@type\":\"ListItem\",\"position\":1,\"name\":\"Home\",\"item\":\"https:\\\/\\\/tajkertesz.com\\\/\"},{\"@type\":\"ListItem\",\"position\":2,\"name\":\"Kezd\u0151lap\",\"item\":\"https:\\\/\\\/tajkertesz.com\\\/\"},{\"@type\":\"ListItem\",\"position\":3,\"name\":\"Csepegtet\u0151 cs\u0151 Micro-Line 6\\\/15 cm &#8211; 2,0 l\\\/h &#8211; Barna &#8211; 30 m\"}]},{\"@type\":\"WebSite\",\"@id\":\"https:\\\/\\\/tajkertesz.com\\\/#website\",\"url\":\"https:\\\/\\\/tajkertesz.com\\\/\",\"name\":\"T\u00e1j-Kert\u00e9sz 84 Kft.\",\"description\":\"Kert\u00e9szeti kis- \u00e9s nagykeresked\u00e9s, D\u00edszn\u00f6v\u00e9ny web\u00e1ruh\u00e1z orsz\u00e1gos h\u00e1zhozsz\u00e1ll\u00edt\u00e1ssal!\",\"publisher\":{\"@id\":\"https:\\\/\\\/tajkertesz.com\\\/#organization\"},\"potentialAction\":[{\"@type\":\"SearchAction\",\"target\":{\"@type\":\"EntryPoint\",\"urlTemplate\":\"https:\\\/\\\/tajkertesz.com\\\/?s={search_term_string}\"},\"query-input\":{\"@type\":\"PropertyValueSpecification\",\"valueRequired\":true,\"valueName\":\"search_term_string\"}}],\"inLanguage\":\"en-US\"},{\"@type\":\"Organization\",\"@id\":\"https:\\\/\\\/tajkertesz.com\\\/#organization\",\"name\":\"T\u00e1j-Kert\u00e9sz 84 Kft.\",\"url\":\"https:\\\/\\\/tajkertesz.com\\\/\",\"logo\":{\"@type\":\"ImageObject\",\"inLanguage\":\"en-US\",\"@id\":\"https:\\\/\\\/tajkertesz.com\\\/#\\\/schema\\\/logo\\\/image\\\/\",\"url\":\"https:\\\/\\\/tajkertesz.com\\\/wp-content\\\/uploads\\\/2018\\\/02\\\/logo-2-e1518678052539.png\",\"contentUrl\":\"https:\\\/\\\/tajkertesz.com\\\/wp-content\\\/uploads\\\/2018\\\/02\\\/logo-2-e1518678052539.png\",\"width\":81,\"height\":140,\"caption\":\"T\u00e1j-Kert\u00e9sz 84 Kft.\"},\"image\":{\"@id\":\"https:\\\/\\\/tajkertesz.com\\\/#\\\/schema\\\/logo\\\/image\\\/\"},\"sameAs\":[\"https:\\\/\\\/www.facebook.com\\\/Tajkertesz\\\/\"]}]}<\/script>\n<!-- \/ Yoast SEO plugin. -->","yoast_head_json":{"title":"Csepegtet\u0151 cs\u0151 Micro-Line 6\/15 cm - 2,0 l\/h - Barna - 30 m - T\u00e1jkert\u00e9sz","description":"Csepegtet\u0151 cs\u0151 Micro-Line 6\/15 cm - 2,0 l\/h - Barna - 30 m","robots":{"index":"index","follow":"follow","max-snippet":"max-snippet:-1","max-image-preview":"max-image-preview:large","max-video-preview":"max-video-preview:-1"},"canonical":"https:\/\/tajkertesz.com\/en_US\/product\/csepegteto-cso-micro-line-6-15-cm-20-l-h-barna-30-m\/","og_locale":"en_US","og_type":"article","og_title":"Csepegtet\u0151 cs\u0151 Micro-Line 6\/15 cm - 2,0 l\/h - Barna - 30 m - T\u00e1jkert\u00e9sz","og_description":"Csepegtet\u0151 cs\u0151 Micro-Line 6\/15 cm - 2,0 l\/h - Barna - 30 m","og_url":"https:\/\/tajkertesz.com\/en_US\/product\/csepegteto-cso-micro-line-6-15-cm-20-l-h-barna-30-m\/","og_site_name":"T\u00e1jkert\u00e9sz","article_publisher":"https:\/\/www.facebook.com\/Tajkertesz\/","article_modified_time":"2023-07-13T14:37:30+00:00","og_image":[{"width":700,"height":700,"url":"https:\/\/tajkertesz.com\/wp-content\/uploads\/2021\/09\/1521161974077_704x704_e7dc9321-22f5-4fd1-8ce0-3262858e995d_700x700.jpeg","type":"image\/jpeg"}],"twitter_card":"summary_large_image","twitter_misc":{"Est. reading time":"2 minutes"},"schema":{"@context":"https:\/\/schema.org","@graph":[{"@type":"WebPage","@id":"https:\/\/tajkertesz.com\/termek\/csepegteto-cso-micro-line-6-15-cm-20-l-h-barna-30-m\/","url":"https:\/\/tajkertesz.com\/termek\/csepegteto-cso-micro-line-6-15-cm-20-l-h-barna-30-m\/","name":"Csepegtet\u0151 cs\u0151 Micro-Line 6\/15 cm - 2,0 l\/h - Barna - 30 m - T\u00e1jkert\u00e9sz","isPartOf":{"@id":"https:\/\/tajkertesz.com\/#website"},"primaryImageOfPage":{"@id":"https:\/\/tajkertesz.com\/termek\/csepegteto-cso-micro-line-6-15-cm-20-l-h-barna-30-m\/#primaryimage"},"image":{"@id":"https:\/\/tajkertesz.com\/termek\/csepegteto-cso-micro-line-6-15-cm-20-l-h-barna-30-m\/#primaryimage"},"thumbnailUrl":"https:\/\/tajkertesz.com\/wp-content\/uploads\/2021\/09\/1521161974077_704x704_e7dc9321-22f5-4fd1-8ce0-3262858e995d_700x700.jpeg","datePublished":"2021-09-23T10:01:49+00:00","dateModified":"2023-07-13T14:37:30+00:00","description":"Csepegtet\u0151 cs\u0151 Micro-Line 6\/15 cm - 2,0 l\/h - Barna - 30 m","breadcrumb":{"@id":"https:\/\/tajkertesz.com\/termek\/csepegteto-cso-micro-line-6-15-cm-20-l-h-barna-30-m\/#breadcrumb"},"inLanguage":"en-US","potentialAction":[{"@type":"ReadAction","target":["https:\/\/tajkertesz.com\/termek\/csepegteto-cso-micro-line-6-15-cm-20-l-h-barna-30-m\/"]}]},{"@type":"ImageObject","inLanguage":"en-US","@id":"https:\/\/tajkertesz.com\/termek\/csepegteto-cso-micro-line-6-15-cm-20-l-h-barna-30-m\/#primaryimage","url":"https:\/\/tajkertesz.com\/wp-content\/uploads\/2021\/09\/1521161974077_704x704_e7dc9321-22f5-4fd1-8ce0-3262858e995d_700x700.jpeg","contentUrl":"https:\/\/tajkertesz.com\/wp-content\/uploads\/2021\/09\/1521161974077_704x704_e7dc9321-22f5-4fd1-8ce0-3262858e995d_700x700.jpeg","width":700,"height":700},{"@type":"BreadcrumbList","@id":"https:\/\/tajkertesz.com\/termek\/csepegteto-cso-micro-line-6-15-cm-20-l-h-barna-30-m\/#breadcrumb","itemListElement":[{"@type":"ListItem","position":1,"name":"Home","item":"https:\/\/tajkertesz.com\/"},{"@type":"ListItem","position":2,"name":"Kezd\u0151lap","item":"https:\/\/tajkertesz.com\/"},{"@type":"ListItem","position":3,"name":"Csepegtet\u0151 cs\u0151 Micro-Line 6\/15 cm &#8211; 2,0 l\/h &#8211; Barna &#8211; 30 m"}]},{"@type":"WebSite","@id":"https:\/\/tajkertesz.com\/#website","url":"https:\/\/tajkertesz.com\/","name":"T\u00e1j-Kert\u00e9sz 84 Kft.","description":"Kert\u00e9szeti kis- \u00e9s nagykeresked\u00e9s, D\u00edszn\u00f6v\u00e9ny web\u00e1ruh\u00e1z orsz\u00e1gos h\u00e1zhozsz\u00e1ll\u00edt\u00e1ssal!","publisher":{"@id":"https:\/\/tajkertesz.com\/#organization"},"potentialAction":[{"@type":"SearchAction","target":{"@type":"EntryPoint","urlTemplate":"https:\/\/tajkertesz.com\/?s={search_term_string}"},"query-input":{"@type":"PropertyValueSpecification","valueRequired":true,"valueName":"search_term_string"}}],"inLanguage":"en-US"},{"@type":"Organization","@id":"https:\/\/tajkertesz.com\/#organization","name":"T\u00e1j-Kert\u00e9sz 84 Kft.","url":"https:\/\/tajkertesz.com\/","logo":{"@type":"ImageObject","inLanguage":"en-US","@id":"https:\/\/tajkertesz.com\/#\/schema\/logo\/image\/","url":"https:\/\/tajkertesz.com\/wp-content\/uploads\/2018\/02\/logo-2-e1518678052539.png","contentUrl":"https:\/\/tajkertesz.com\/wp-content\/uploads\/2018\/02\/logo-2-e1518678052539.png","width":81,"height":140,"caption":"T\u00e1j-Kert\u00e9sz 84 Kft."},"image":{"@id":"https:\/\/tajkertesz.com\/#\/schema\/logo\/image\/"},"sameAs":["https:\/\/www.facebook.com\/Tajkertesz\/"]}]}},"_links":{"self":[{"href":"https:\/\/tajkertesz.com\/en_US\/wp-json\/wp\/v2\/product\/9476","targetHints":{"allow":["GET"]}}],"collection":[{"href":"https:\/\/tajkertesz.com\/en_US\/wp-json\/wp\/v2\/product"}],"about":[{"href":"https:\/\/tajkertesz.com\/en_US\/wp-json\/wp\/v2\/types\/product"}],"wp:featuredmedia":[{"embeddable":true,"href":"https:\/\/tajkertesz.com\/en_US\/wp-json\/wp\/v2\/media\/9479"}],"wp:attachment":[{"href":"https:\/\/tajkertesz.com\/en_US\/wp-json\/wp\/v2\/media?parent=9476"}],"wp:term":[{"taxonomy":"product_brand","embeddable":true,"href":"https:\/\/tajkertesz.com\/en_US\/wp-json\/wp\/v2\/product_brand?post=9476"},{"taxonomy":"product_cat","embeddable":true,"href":"https:\/\/tajkertesz.com\/en_US\/wp-json\/wp\/v2\/product_cat?post=9476"},{"taxonomy":"product_tag","embeddable":true,"href":"https:\/\/tajkertesz.com\/en_US\/wp-json\/wp\/v2\/product_tag?post=9476"}],"curies":[{"name":"wp","href":"https:\/\/api.w.org\/{rel}","templated":true}]}}