{"id":953,"date":"2020-02-19T08:56:14","date_gmt":"2020-02-19T08:56:14","guid":{"rendered":"https:\/\/tajkertesz.com\/?post_type=product&#038;p=953"},"modified":"2023-12-16T09:06:24","modified_gmt":"2023-12-16T09:06:24","slug":"prunus-serrulata-kiku-shidare-zakura","status":"publish","type":"product","link":"https:\/\/tajkertesz.com\/en_US\/product\/prunus-serrulata-kiku-shidare-zakura\/","title":{"rendered":"Prunus serrulata &#8216;Kiku-Shidare Zakura&#8217;, Jap\u00e1n cs\u00fcng\u0151 d\u00edszcseresznye"},"content":{"rendered":"<p>Prunus serrulata &#8216;Kiku-Shidare Zakura&#8217;\u00a0 , Jap\u00e1n cs\u00fcng\u0151 d\u00edszcseresznye<\/p>\n<p>A Prunus serrulata &#8216;Kiku-Shidare Zakura&#8217;\u00a0 , Jap\u00e1n cs\u00fcng\u0151 d\u00edszcseresznye\u00a0cs\u00fcng\u0151 d\u00edszcseresznye csod\u00e1latos, t\u00f6mvetelt, intenz\u00edv tavaszi vir\u00e1gz\u00e1s\u00fa d\u00edszfa.<\/p>\n<p>\u0150szi lombsz\u00edn:\u00a0S\u00e1rga lev\u00e9lsz\u00edn.<\/p>\n<p>Talajig\u00e9ny:\u00a0T\u00e1pd\u00fas, humuszban gazdag, k\u00f6t\u00f6tt talaj.<\/p>\n<p>Vir\u00e1g sz\u00edne:\u00a0R\u00f3zsasz\u00edn 3 cm-es vir\u00e1gai t\u00f6mve teltek, \u00e1prilis-m\u00e1jusban ny\u00edlnak.<\/p>\n<p>Lev\u00e9l sz\u00edne:\u00a0Vil\u00e1gos barn\u00e1s-z\u00f6ld levelei elliptikusak, 10 cm nagys\u00e1g\u00faak.<\/p>\n<p style=\"line-height: 18.0pt; background: white; margin: 0cm 0cm 15.0pt 0cm;\"><span style=\"font-family: 'Ubuntu',serif; color: black;\">El\u00e9rhet\u0151 t\u00f6bbf\u00e9le m\u00e9retben \u00e9s \u00e1rban.<\/span><\/p>\n<p>Jelen term\u00e9k\u00fcnk 50 literes cser\u00e9pben 220 cm t\u00f6rzsmagass\u00e1ggal ,8\/10\/12-es m\u00e9retben kaphat\u00f3.<\/p>\n<h2><strong>Jelen term\u00e9k\u00fcnk csak egyedi kisz\u00e1ll\u00edt\u00e1ssal sz\u00e1ll\u00edthat\u00f3,\u00a0 Gls fut\u00e1rral nem megoldhat\u00f3 .\u00a0<\/strong><\/h2>\n<p>&nbsp;<\/p>\n<p style=\"line-height: 18.0pt; background: white; margin: 0cm 0cm 15.0pt 0cm;\"><b><span style=\"font-family: 'Ubuntu',serif; color: black;\">K\u00e9szlet\u00fcnk napi szinten v\u00e1ltozik, ez\u00e9rt k\u00e9rj\u00fck, \u00e9rdekl\u0151dj\u00f6n szem\u00e9lyesen, telefonon vagy email-en.<br \/>\nA v\u00e1ltoztat\u00e1s jog\u00e1t fenntartjuk!\u00a0<\/span><\/b><\/p>\n<p><a href=\"https:\/\/tajkertesz.com\/\">https:\/\/tajkertesz.com\/<\/a><\/p>\n<p><a href=\"https:\/\/hu.wikipedia.org\/wiki\/Jap%C3%A1ncseresznye\">https:\/\/hu.wikipedia.org\/wiki\/Jap%C3%A1ncseresznye<\/a><\/p>\n<p><span style=\"color: #ffffff;\">,<\/span><\/p>\n<p><span style=\"color: #ffffff;\">A jap\u00e1ncseresznye a\u00a0<a style=\"color: #ffffff;\" title=\"Vadcseresznye\" href=\"https:\/\/hu.wikipedia.org\/wiki\/Vadcseresznye\">k\u00f6z\u00f6ns\u00e9ges csereszny\u00e9hez<\/a>\u00a0hasonl\u00f3 ig\u00e9ny\u0171, levele is hasonl\u00f3 ahhoz. Sz\u00e9les koron\u00e1j\u00fa, 8-10 m\u00e9terre is megn\u0151v\u0151 fa, l\u00e1tv\u00e1nyos tavaszi vir\u00e1gz\u00e1ssal. Am\u00edg a k\u00f6z\u00f6ns\u00e9ges cseresznye levelei a v\u00e9g\u00fck\u00f6n egyenletesen hegyesednek, sz\u00e9l\u00fck szab\u00e1lytalanul durv\u00e1n fogazott. A jap\u00e1ncseresznye levele a v\u00e9g\u00e9n hirtelen elkeskenyedik, majd hossz\u00fa hegyben v\u00e9gz\u0151dik, a lev\u00e9l sz\u00e9le egyenletesen, apr\u00f3n fogazott, a fogak el\u0151re \u00e1llnak \u00e9s finom sz\u00e1lkaszer\u0171 hegyben v\u00e9gz\u0151dnek.<\/span><\/p>\n<p><span style=\"color: #ffffff;\">A\u00a0<a style=\"color: #ffffff;\" title=\"Fajta\" href=\"https:\/\/hu.wikipedia.org\/wiki\/Fajta\">fajt\u00e1k<\/a>\u00a0(t\u00f6bbs\u00e9g\u00e9ben m\u00e9g\u00a0<a style=\"color: #ffffff;\" title=\"K\u00edna\" href=\"https:\/\/hu.wikipedia.org\/wiki\/K%C3%ADna\">K\u00edn\u00e1ban<\/a>\u00a0\u00e9s\u00a0<a style=\"color: #ffffff;\" title=\"Jap\u00e1n\" href=\"https:\/\/hu.wikipedia.org\/wiki\/Jap%C3%A1n\">Jap\u00e1nban<\/a>\u00a0szelekt\u00e1lt fajt\u00e1k sz\u00edn-\u00e9s alakgazdags\u00e1ga rendk\u00edv\u00fcl nagy, a h\u00f3feh\u00e9rt\u0151l a s\u00e1rg\u00e1sz\u00f6ld\u00f6n kereszt\u00fcl a s\u00f6t\u00e9t r\u00f3zsasz\u00ednig terjed\u0151 szimpla vagy r\u00f3zsasz\u00edn vir\u00e1gokkal. \u0150sszel lombjuk elsz\u00ednez\u0151d\u00e9sre hajlamos.<\/span><\/p>\n<p><span style=\"color: #ffffff;\"><strong><span style=\"color: #ffffff;\">Lombfakad\u00e1s el\u0151tt,\u00a0\u00e1prilis h\u00f3napban\u00a0vir\u00e1gzik,\u00a0mely<\/span> elh\u00faz\u00f3dhat m\u00e1jus elej\u00e9ig.\u00a0<\/strong>Az, hogy vir\u00e1gz\u00e1sa lombfakad\u00e1s el\u0151tt t\u00f6rt\u00e9nik, d\u00edsz\u00e9rt\u00e9k\u00e9t nagyban n\u00f6veli, mert \u00edgy h\u00e1bor\u00edtatlanul \u00e9lvezhet\u0151 a vir\u00e1gpompa.\u00a0<strong>Vir\u00e1gsz\u00edne v\u00e1ltozatos s\u00f6t\u00e9t-r\u00f3zsasz\u00edn\u0171, telt vir\u00e1g\u00fa.<\/strong><\/span><\/p>\n<p><span style=\"color: #ffffff;\"><strong>Haz\u00e1ja Kelet-\u00c1zsia.<\/strong>\u00a0A\u00a0<em>cs\u00fcng\u0151 jap\u00e1n d\u00edszcseresznye<\/em>\u00a0<span class=\"autohelp\" style=\"box-sizing: border-box; cursor: pointer;\">fajta<\/span>, egy Magyarorsz\u00e1gon is igen\u00a0kedvelt \u00a0cs\u00fcng\u0151 v\u00e1ltozat, \u00edgy el\u0151szeretettel \u00fcltetj\u00fck d\u00edszkertekbe, d\u00edszparkokba egyar\u00e1nt.\u00a0Ez a d\u00edszfa\u00a0<span class=\"autohelp\" style=\"box-sizing: border-box; cursor: pointer;\">mezofita<\/span>\u00a0viszonyok k\u00f6z\u00f6tt \u00e9rzi j\u00f3l mag\u00e1t, ilyen k\u00f6r\u00fclm\u00e9nyek k\u00f6z\u00f6tt, tov\u00e1bb\u00e1 \u00fcde, t\u00e1pd\u00fas, enyh\u00e9n meszes talajon, \u00e9s benapozott helyen teljes pomp\u00e1j\u00e1t k\u00e9pes produk\u00e1lni. Ezeknek a felt\u00e9teleknek a magyarorsz\u00e1gi, norm\u00e1l d\u00edszkerti k\u00f6r\u00fclm\u00e9nyek t\u00f6k\u00e9letesen megfelelnek.<\/span><\/p>\n<p><span style=\"color: #ffffff;\"><strong>Jap\u00e1nban r\u00e9g\u00f3ta foglalkoznak a\u00a0<u><\/u><\/strong><a style=\"color: #ffffff;\" href=\"https:\/\/www.disznovenywebaruhaz.hu\/disznovenyek-diszkertekben\/viragzo-disznovenyek\/tavaszi-viragzasuak\/japan-diszcseresznye_prunus-serrulata\" target=\"_blank\" rel=\"noopener noreferrer\"><strong>d\u00edszcseresznye (Prunus serrulata)<\/strong><\/a><strong>\u00a0nemes\u00edt\u00e9s\u00e9vel, mondhatni kultusza van haszn\u00e1lat\u00e1nak.<\/strong>\u00a0Rengeteg fajt\u00e1ja l\u00e9tezik, melyek t\u00f6bbs\u00e9ge eredeti jap\u00e1n nevet visel. Eur\u00f3p\u00e1ban, azon bel\u00fcl Magyarorsz\u00e1gon is, f\u0151leg a r\u00f3zsasz\u00edn, telt vir\u00e1g\u00faak a kedveltek.<\/span><\/p>\n<p>&nbsp;<\/p>\n<p>&nbsp;<\/p>","protected":false},"excerpt":{"rendered":"<p>A Prunus serrulata &#8216;Kiku-Shidare Zakura&#8217;\u00a0 , Jap\u00e1n cs\u00fcng\u0151 d\u00edszcseresznye\u00a0cs\u00fcng\u0151 d\u00edszcseresznye csod\u00e1latos, t\u00f6mvetelt, intenz\u00edv tavaszi vir\u00e1gz\u00e1s\u00fa d\u00edszfa.<\/p>\n<p>\u0150szi lombsz\u00edn:\u00a0S\u00e1rga lev\u00e9lsz\u00edn.<\/p>\n<p>Talajig\u00e9ny:\u00a0T\u00e1pd\u00fas, humuszban gazdag, k\u00f6t\u00f6tt talaj.<\/p>\n<p>Vir\u00e1g sz\u00edne:\u00a0R\u00f3zsasz\u00edn 3 cm-es vir\u00e1gai t\u00f6mve teltek, \u00e1prilis-m\u00e1jusban ny\u00edlnak.<\/p>\n<p>Jelen term\u00e9k\u00fcnk 50 literes cser\u00e9pben 220 cm t\u00f6rzsmagass\u00e1ggal ,8\/10\/12-es m\u00e9retben kaphat\u00f3.<\/p>\n<p>Lev\u00e9l sz\u00edne:\u00a0Vil\u00e1gos barn\u00e1s-z\u00f6ld levelei elliptikusak, 10 cm nagys\u00e1g\u00faak.<\/p>","protected":false},"featured_media":955,"template":"","meta":{"_et_pb_use_builder":"","_et_pb_old_content":"","_et_gb_content_width":""},"product_brand":[],"product_cat":[28],"product_tag":[132,61,134,129,131,133],"class_list":{"0":"post-953","1":"product","2":"type-product","3":"status-publish","4":"has-post-thumbnail","6":"product_cat-diszfak","7":"product_tag-kiku-shidare","8":"product_tag-csungo","9":"product_tag-diszcseresznye","10":"product_tag-japan-diszcseresznye","11":"product_tag-prunus-serrulata","12":"product_tag-zakura","14":"first","15":"outofstock","16":"shipping-taxable","17":"purchasable","18":"product-type-simple"},"yoast_head":"<!-- This site is optimized with the Yoast SEO plugin v27.3 - https:\/\/yoast.com\/product\/yoast-seo-wordpress\/ -->\n<title>Prunus serrulata &#039;Kiku-Shidare Zakura&#039;, Jap\u00e1n cs\u00fcng\u0151 d\u00edszcseresznye - T\u00e1jkert\u00e9sz<\/title>\n<meta name=\"description\" content=\"A Prunus serrulata &#039;Kiku-Shidare Zakura&#039;\u00a0 , Jap\u00e1n cs\u00fcng\u0151 d\u00edszcseresznye\u00a0cs\u00fcng\u0151 d\u00edszcseresznye csod\u00e1latos, t\u00f6mvetelt, intenz\u00edv tavaszi vir\u00e1gz\u00e1s\u00fa d\u00edszfa.\" \/>\n<meta name=\"robots\" content=\"index, follow, max-snippet:-1, max-image-preview:large, max-video-preview:-1\" \/>\n<link rel=\"canonical\" href=\"https:\/\/tajkertesz.com\/en_US\/product\/prunus-serrulata-kiku-shidare-zakura\/\" \/>\n<meta property=\"og:locale\" content=\"en_US\" \/>\n<meta property=\"og:type\" content=\"article\" \/>\n<meta property=\"og:title\" content=\"Prunus serrulata &#039;Kiku-Shidare Zakura&#039;, Jap\u00e1n cs\u00fcng\u0151 d\u00edszcseresznye - T\u00e1jkert\u00e9sz\" \/>\n<meta property=\"og:description\" content=\"A Prunus serrulata &#039;Kiku-Shidare Zakura&#039;\u00a0 , Jap\u00e1n cs\u00fcng\u0151 d\u00edszcseresznye\u00a0cs\u00fcng\u0151 d\u00edszcseresznye csod\u00e1latos, t\u00f6mvetelt, intenz\u00edv tavaszi vir\u00e1gz\u00e1s\u00fa d\u00edszfa.\" \/>\n<meta property=\"og:url\" content=\"https:\/\/tajkertesz.com\/en_US\/product\/prunus-serrulata-kiku-shidare-zakura\/\" \/>\n<meta property=\"og:site_name\" content=\"T\u00e1jkert\u00e9sz\" \/>\n<meta property=\"article:publisher\" content=\"https:\/\/www.facebook.com\/Tajkertesz\/\" \/>\n<meta property=\"article:modified_time\" content=\"2023-12-16T09:06:24+00:00\" \/>\n<meta property=\"og:image\" content=\"https:\/\/tajkertesz.com\/wp-content\/uploads\/2020\/02\/Prunus-kiku-shidare-zakura.jpg3_.jpg\" \/>\n\t<meta property=\"og:image:width\" content=\"225\" \/>\n\t<meta property=\"og:image:height\" content=\"225\" \/>\n\t<meta property=\"og:image:type\" content=\"image\/jpeg\" \/>\n<meta name=\"twitter:card\" content=\"summary_large_image\" \/>\n<meta name=\"twitter:label1\" content=\"Est. reading time\" \/>\n\t<meta name=\"twitter:data1\" content=\"2 minutes\" \/>\n<script type=\"application\/ld+json\" class=\"yoast-schema-graph\">{\"@context\":\"https:\\\/\\\/schema.org\",\"@graph\":[{\"@type\":\"WebPage\",\"@id\":\"https:\\\/\\\/tajkertesz.com\\\/termek\\\/prunus-serrulata-kiku-shidare-zakura\\\/\",\"url\":\"https:\\\/\\\/tajkertesz.com\\\/termek\\\/prunus-serrulata-kiku-shidare-zakura\\\/\",\"name\":\"Prunus serrulata 'Kiku-Shidare Zakura', Jap\u00e1n cs\u00fcng\u0151 d\u00edszcseresznye - T\u00e1jkert\u00e9sz\",\"isPartOf\":{\"@id\":\"https:\\\/\\\/tajkertesz.com\\\/#website\"},\"primaryImageOfPage\":{\"@id\":\"https:\\\/\\\/tajkertesz.com\\\/termek\\\/prunus-serrulata-kiku-shidare-zakura\\\/#primaryimage\"},\"image\":{\"@id\":\"https:\\\/\\\/tajkertesz.com\\\/termek\\\/prunus-serrulata-kiku-shidare-zakura\\\/#primaryimage\"},\"thumbnailUrl\":\"https:\\\/\\\/tajkertesz.com\\\/wp-content\\\/uploads\\\/2020\\\/02\\\/Prunus-kiku-shidare-zakura.jpg3_.jpg\",\"datePublished\":\"2020-02-19T08:56:14+00:00\",\"dateModified\":\"2023-12-16T09:06:24+00:00\",\"description\":\"A Prunus serrulata 'Kiku-Shidare Zakura'\u00a0 , Jap\u00e1n cs\u00fcng\u0151 d\u00edszcseresznye\u00a0cs\u00fcng\u0151 d\u00edszcseresznye csod\u00e1latos, t\u00f6mvetelt, intenz\u00edv tavaszi vir\u00e1gz\u00e1s\u00fa d\u00edszfa.\",\"breadcrumb\":{\"@id\":\"https:\\\/\\\/tajkertesz.com\\\/termek\\\/prunus-serrulata-kiku-shidare-zakura\\\/#breadcrumb\"},\"inLanguage\":\"en-US\",\"potentialAction\":[{\"@type\":\"ReadAction\",\"target\":[\"https:\\\/\\\/tajkertesz.com\\\/termek\\\/prunus-serrulata-kiku-shidare-zakura\\\/\"]}]},{\"@type\":\"ImageObject\",\"inLanguage\":\"en-US\",\"@id\":\"https:\\\/\\\/tajkertesz.com\\\/termek\\\/prunus-serrulata-kiku-shidare-zakura\\\/#primaryimage\",\"url\":\"https:\\\/\\\/tajkertesz.com\\\/wp-content\\\/uploads\\\/2020\\\/02\\\/Prunus-kiku-shidare-zakura.jpg3_.jpg\",\"contentUrl\":\"https:\\\/\\\/tajkertesz.com\\\/wp-content\\\/uploads\\\/2020\\\/02\\\/Prunus-kiku-shidare-zakura.jpg3_.jpg\",\"width\":225,\"height\":225},{\"@type\":\"BreadcrumbList\",\"@id\":\"https:\\\/\\\/tajkertesz.com\\\/termek\\\/prunus-serrulata-kiku-shidare-zakura\\\/#breadcrumb\",\"itemListElement\":[{\"@type\":\"ListItem\",\"position\":1,\"name\":\"Home\",\"item\":\"https:\\\/\\\/tajkertesz.com\\\/\"},{\"@type\":\"ListItem\",\"position\":2,\"name\":\"Kezd\u0151lap\",\"item\":\"https:\\\/\\\/tajkertesz.com\\\/\"},{\"@type\":\"ListItem\",\"position\":3,\"name\":\"Prunus serrulata &#8216;Kiku-Shidare Zakura&#8217;, Jap\u00e1n cs\u00fcng\u0151 d\u00edszcseresznye\"}]},{\"@type\":\"WebSite\",\"@id\":\"https:\\\/\\\/tajkertesz.com\\\/#website\",\"url\":\"https:\\\/\\\/tajkertesz.com\\\/\",\"name\":\"T\u00e1j-Kert\u00e9sz 84 Kft.\",\"description\":\"Kert\u00e9szeti kis- \u00e9s nagykeresked\u00e9s, D\u00edszn\u00f6v\u00e9ny web\u00e1ruh\u00e1z orsz\u00e1gos h\u00e1zhozsz\u00e1ll\u00edt\u00e1ssal!\",\"publisher\":{\"@id\":\"https:\\\/\\\/tajkertesz.com\\\/#organization\"},\"potentialAction\":[{\"@type\":\"SearchAction\",\"target\":{\"@type\":\"EntryPoint\",\"urlTemplate\":\"https:\\\/\\\/tajkertesz.com\\\/?s={search_term_string}\"},\"query-input\":{\"@type\":\"PropertyValueSpecification\",\"valueRequired\":true,\"valueName\":\"search_term_string\"}}],\"inLanguage\":\"en-US\"},{\"@type\":\"Organization\",\"@id\":\"https:\\\/\\\/tajkertesz.com\\\/#organization\",\"name\":\"T\u00e1j-Kert\u00e9sz 84 Kft.\",\"url\":\"https:\\\/\\\/tajkertesz.com\\\/\",\"logo\":{\"@type\":\"ImageObject\",\"inLanguage\":\"en-US\",\"@id\":\"https:\\\/\\\/tajkertesz.com\\\/#\\\/schema\\\/logo\\\/image\\\/\",\"url\":\"https:\\\/\\\/tajkertesz.com\\\/wp-content\\\/uploads\\\/2018\\\/02\\\/logo-2-e1518678052539.png\",\"contentUrl\":\"https:\\\/\\\/tajkertesz.com\\\/wp-content\\\/uploads\\\/2018\\\/02\\\/logo-2-e1518678052539.png\",\"width\":81,\"height\":140,\"caption\":\"T\u00e1j-Kert\u00e9sz 84 Kft.\"},\"image\":{\"@id\":\"https:\\\/\\\/tajkertesz.com\\\/#\\\/schema\\\/logo\\\/image\\\/\"},\"sameAs\":[\"https:\\\/\\\/www.facebook.com\\\/Tajkertesz\\\/\"]}]}<\/script>\n<!-- \/ Yoast SEO plugin. -->","yoast_head_json":{"title":"Prunus serrulata 'Kiku-Shidare Zakura', Jap\u00e1n cs\u00fcng\u0151 d\u00edszcseresznye - T\u00e1jkert\u00e9sz","description":"A Prunus serrulata 'Kiku-Shidare Zakura'\u00a0 , Jap\u00e1n cs\u00fcng\u0151 d\u00edszcseresznye\u00a0cs\u00fcng\u0151 d\u00edszcseresznye csod\u00e1latos, t\u00f6mvetelt, intenz\u00edv tavaszi vir\u00e1gz\u00e1s\u00fa d\u00edszfa.","robots":{"index":"index","follow":"follow","max-snippet":"max-snippet:-1","max-image-preview":"max-image-preview:large","max-video-preview":"max-video-preview:-1"},"canonical":"https:\/\/tajkertesz.com\/en_US\/product\/prunus-serrulata-kiku-shidare-zakura\/","og_locale":"en_US","og_type":"article","og_title":"Prunus serrulata 'Kiku-Shidare Zakura', Jap\u00e1n cs\u00fcng\u0151 d\u00edszcseresznye - T\u00e1jkert\u00e9sz","og_description":"A Prunus serrulata 'Kiku-Shidare Zakura'\u00a0 , Jap\u00e1n cs\u00fcng\u0151 d\u00edszcseresznye\u00a0cs\u00fcng\u0151 d\u00edszcseresznye csod\u00e1latos, t\u00f6mvetelt, intenz\u00edv tavaszi vir\u00e1gz\u00e1s\u00fa d\u00edszfa.","og_url":"https:\/\/tajkertesz.com\/en_US\/product\/prunus-serrulata-kiku-shidare-zakura\/","og_site_name":"T\u00e1jkert\u00e9sz","article_publisher":"https:\/\/www.facebook.com\/Tajkertesz\/","article_modified_time":"2023-12-16T09:06:24+00:00","og_image":[{"width":225,"height":225,"url":"https:\/\/tajkertesz.com\/wp-content\/uploads\/2020\/02\/Prunus-kiku-shidare-zakura.jpg3_.jpg","type":"image\/jpeg"}],"twitter_card":"summary_large_image","twitter_misc":{"Est. reading time":"2 minutes"},"schema":{"@context":"https:\/\/schema.org","@graph":[{"@type":"WebPage","@id":"https:\/\/tajkertesz.com\/termek\/prunus-serrulata-kiku-shidare-zakura\/","url":"https:\/\/tajkertesz.com\/termek\/prunus-serrulata-kiku-shidare-zakura\/","name":"Prunus serrulata 'Kiku-Shidare Zakura', Jap\u00e1n cs\u00fcng\u0151 d\u00edszcseresznye - T\u00e1jkert\u00e9sz","isPartOf":{"@id":"https:\/\/tajkertesz.com\/#website"},"primaryImageOfPage":{"@id":"https:\/\/tajkertesz.com\/termek\/prunus-serrulata-kiku-shidare-zakura\/#primaryimage"},"image":{"@id":"https:\/\/tajkertesz.com\/termek\/prunus-serrulata-kiku-shidare-zakura\/#primaryimage"},"thumbnailUrl":"https:\/\/tajkertesz.com\/wp-content\/uploads\/2020\/02\/Prunus-kiku-shidare-zakura.jpg3_.jpg","datePublished":"2020-02-19T08:56:14+00:00","dateModified":"2023-12-16T09:06:24+00:00","description":"A Prunus serrulata 'Kiku-Shidare Zakura'\u00a0 , Jap\u00e1n cs\u00fcng\u0151 d\u00edszcseresznye\u00a0cs\u00fcng\u0151 d\u00edszcseresznye csod\u00e1latos, t\u00f6mvetelt, intenz\u00edv tavaszi vir\u00e1gz\u00e1s\u00fa d\u00edszfa.","breadcrumb":{"@id":"https:\/\/tajkertesz.com\/termek\/prunus-serrulata-kiku-shidare-zakura\/#breadcrumb"},"inLanguage":"en-US","potentialAction":[{"@type":"ReadAction","target":["https:\/\/tajkertesz.com\/termek\/prunus-serrulata-kiku-shidare-zakura\/"]}]},{"@type":"ImageObject","inLanguage":"en-US","@id":"https:\/\/tajkertesz.com\/termek\/prunus-serrulata-kiku-shidare-zakura\/#primaryimage","url":"https:\/\/tajkertesz.com\/wp-content\/uploads\/2020\/02\/Prunus-kiku-shidare-zakura.jpg3_.jpg","contentUrl":"https:\/\/tajkertesz.com\/wp-content\/uploads\/2020\/02\/Prunus-kiku-shidare-zakura.jpg3_.jpg","width":225,"height":225},{"@type":"BreadcrumbList","@id":"https:\/\/tajkertesz.com\/termek\/prunus-serrulata-kiku-shidare-zakura\/#breadcrumb","itemListElement":[{"@type":"ListItem","position":1,"name":"Home","item":"https:\/\/tajkertesz.com\/"},{"@type":"ListItem","position":2,"name":"Kezd\u0151lap","item":"https:\/\/tajkertesz.com\/"},{"@type":"ListItem","position":3,"name":"Prunus serrulata &#8216;Kiku-Shidare Zakura&#8217;, Jap\u00e1n cs\u00fcng\u0151 d\u00edszcseresznye"}]},{"@type":"WebSite","@id":"https:\/\/tajkertesz.com\/#website","url":"https:\/\/tajkertesz.com\/","name":"T\u00e1j-Kert\u00e9sz 84 Kft.","description":"Kert\u00e9szeti kis- \u00e9s nagykeresked\u00e9s, D\u00edszn\u00f6v\u00e9ny web\u00e1ruh\u00e1z orsz\u00e1gos h\u00e1zhozsz\u00e1ll\u00edt\u00e1ssal!","publisher":{"@id":"https:\/\/tajkertesz.com\/#organization"},"potentialAction":[{"@type":"SearchAction","target":{"@type":"EntryPoint","urlTemplate":"https:\/\/tajkertesz.com\/?s={search_term_string}"},"query-input":{"@type":"PropertyValueSpecification","valueRequired":true,"valueName":"search_term_string"}}],"inLanguage":"en-US"},{"@type":"Organization","@id":"https:\/\/tajkertesz.com\/#organization","name":"T\u00e1j-Kert\u00e9sz 84 Kft.","url":"https:\/\/tajkertesz.com\/","logo":{"@type":"ImageObject","inLanguage":"en-US","@id":"https:\/\/tajkertesz.com\/#\/schema\/logo\/image\/","url":"https:\/\/tajkertesz.com\/wp-content\/uploads\/2018\/02\/logo-2-e1518678052539.png","contentUrl":"https:\/\/tajkertesz.com\/wp-content\/uploads\/2018\/02\/logo-2-e1518678052539.png","width":81,"height":140,"caption":"T\u00e1j-Kert\u00e9sz 84 Kft."},"image":{"@id":"https:\/\/tajkertesz.com\/#\/schema\/logo\/image\/"},"sameAs":["https:\/\/www.facebook.com\/Tajkertesz\/"]}]}},"_links":{"self":[{"href":"https:\/\/tajkertesz.com\/en_US\/wp-json\/wp\/v2\/product\/953","targetHints":{"allow":["GET"]}}],"collection":[{"href":"https:\/\/tajkertesz.com\/en_US\/wp-json\/wp\/v2\/product"}],"about":[{"href":"https:\/\/tajkertesz.com\/en_US\/wp-json\/wp\/v2\/types\/product"}],"wp:featuredmedia":[{"embeddable":true,"href":"https:\/\/tajkertesz.com\/en_US\/wp-json\/wp\/v2\/media\/955"}],"wp:attachment":[{"href":"https:\/\/tajkertesz.com\/en_US\/wp-json\/wp\/v2\/media?parent=953"}],"wp:term":[{"taxonomy":"product_brand","embeddable":true,"href":"https:\/\/tajkertesz.com\/en_US\/wp-json\/wp\/v2\/product_brand?post=953"},{"taxonomy":"product_cat","embeddable":true,"href":"https:\/\/tajkertesz.com\/en_US\/wp-json\/wp\/v2\/product_cat?post=953"},{"taxonomy":"product_tag","embeddable":true,"href":"https:\/\/tajkertesz.com\/en_US\/wp-json\/wp\/v2\/product_tag?post=953"}],"curies":[{"name":"wp","href":"https:\/\/api.w.org\/{rel}","templated":true}]}}