{"id":959,"date":"2020-02-19T09:41:11","date_gmt":"2020-02-19T09:41:11","guid":{"rendered":"https:\/\/tajkertesz.com\/?post_type=product&#038;p=959"},"modified":"2024-02-12T10:34:40","modified_gmt":"2024-02-12T10:34:40","slug":"prunus-serrulata-royal-burgundy","status":"publish","type":"product","link":"https:\/\/tajkertesz.com\/en_US\/product\/prunus-serrulata-royal-burgundy\/","title":{"rendered":"Prunus serrulata &#8216;Royal Burgundy&#8217;, V\u00f6r\u00f6s level\u0171 d\u00edszcseresznye"},"content":{"rendered":"<p>Prunus serrulata &#8216;Royal Burgundy&#8217;, V\u00f6r\u00f6s level\u0171 d\u00edszcseresznye<\/p>\n<p>A Prunus serrulata &#8216;Royal Burgundy&#8217;\u00a0 nagyon mutat\u00f3s , v\u00f6r\u00f6s levelelei \u00e9s a telt vir\u00e1gai\u00a0 miatt.<\/p>\n<p>&nbsp;<\/p>\n<p>Felhaszn\u00e1l\u00e1sa igen sz\u00e9lesk\u00f6r\u0171 rendk\u00edv\u00fcl \u00e9l\u00e9nk sz\u00ednez\u0151d\u00e9se r\u00e9v\u00e9n kiv\u00e1l\u00f3 szoliterfa.<\/p>\n<p>H\u00e1zi kerti felhaszn\u00e1l\u00e1sra javasolt de csod\u00e1latos\u00a0 sorf\u00e1nak is.<\/p>\n<p><b>N\u00f6veked\u00e9s, alak:<\/b> T\u00f6lcs\u00e9r v\u00e1za koronaform\u00e1j\u00e1r\u00f3l k\u00f6nnyen felismerhet\u0151, 6-8 m magas d\u00edszfa.<br \/>\n<b>Lev\u00e9l:F<\/b>akad\u00e1st\u00f3l v\u00f6r\u00f6s sz\u00edn\u0171, nem z\u00f6ld\u00fcl\u0151, \u0151szi lombsz\u00edne is v\u00f6r\u00f6s.<br \/>\n<b>Vir\u00e1g:<\/b> T\u00f6m\u00f6tten, f\u00fcrt\u00f6kben \u00e1ll\u00f3-cs\u00fcng\u0151, a Kansan-n\u00e1l enyh\u00e9n s\u00f6t\u00e9tebb v\u00f6r\u00f6sl\u0151 r\u00f3zsasz\u00edn, telt, nagym\u00e9ret\u0171 vir\u00e1gai, \u00e1prilis-m\u00e1jusban ny\u00edlnak<br \/>\n<b>Term\u00e9s:<\/b>\u00a0Ritka<br \/>\n<b>Term\u0151hely, ig\u00e9ny:<\/b>\u00a0Mint a jap\u00e1ncsereszny\u00e9k, a pang\u00f3 vizet nem t\u0171ri.<br \/>\n<b>Felhaszn\u00e1l\u00e1s:<\/b>\u00a0Kertbe, parkba, utc\u00e1ra nagy d\u00edsz\u00e9rt\u00e9ket ad\u00f3 sorf\u00e1nak alkalmas.<\/p>\n<p>Jelen term\u00e9k\u00fcnk\u00a0 20literes kont\u00e9nerben kaphat\u00f3 melynek t\u00f6rzsmagass\u00e1ga 200-220 cm \u00e9s 6\/8-as t\u00f6rzs ker\u00fclettel<\/p>\n<p><strong>M\u00e9ret\u00e9n\u00e9l fogva postai \u00faton nem sz\u00e1ll\u00edthat\u00f3.<\/strong><\/p>\n<p><a href=\"https:\/\/tajkertesz.com\/\">https:\/\/tajkertesz.com\/<\/a><\/p>\n<p><a href=\"https:\/\/en.wikipedia.org\/wiki\/Prunus_serrulata\">https:\/\/en.wikipedia.org\/wiki\/Prunus_serrulata<\/a><\/p>\n<p><span style=\"color: #ffffff;\"><i>Prunus serrulata<\/i>\u00a0is a small\u00a0<a style=\"color: #ffffff;\" title=\"Deciduous\" href=\"https:\/\/en.wikipedia.org\/wiki\/Deciduous\">deciduous<\/a>\u00a0<a style=\"color: #ffffff;\" title=\"Tree\" href=\"https:\/\/en.wikipedia.org\/wiki\/Tree\">tree<\/a>\u00a0with a short single trunk, with a dense crown reaching a height of 7.9\u201311.9 metres (26\u201339\u00a0ft). The smooth\u00a0<a style=\"color: #ffffff;\" title=\"Bark (botany)\" href=\"https:\/\/en.wikipedia.org\/wiki\/Bark_(botany)\">bark<\/a>\u00a0is chestnut-brown, with prominent horizontal\u00a0<a style=\"color: #ffffff;\" title=\"Lenticel\" href=\"https:\/\/en.wikipedia.org\/wiki\/Lenticel\">lenticels<\/a>. The\u00a0<a style=\"color: #ffffff;\" title=\"Leaf\" href=\"https:\/\/en.wikipedia.org\/wiki\/Leaf\">leaves<\/a>\u00a0are arranged alternately, simple, ovate-lanceolate, 5\u201313\u00a0cm long and 2.5\u20136.5\u00a0cm broad, with a short\u00a0<a style=\"color: #ffffff;\" title=\"Petiole (botany)\" href=\"https:\/\/en.wikipedia.org\/wiki\/Petiole_(botany)\">petiole<\/a>\u00a0and a serrate or doubly serrate margin. At the end of autumn, the green leaves turn yellow, red or crimson.<sup id=\"cite_ref-5\" class=\"reference\"><a style=\"color: #ffffff;\" href=\"https:\/\/en.wikipedia.org\/wiki\/Prunus_serrulata#cite_note-5\">[5]<\/a><\/sup><\/span><\/p>\n<h3><span style=\"color: #ffffff;\"><span id=\"Flowers\" class=\"mw-headline\">Flowers<\/span><span class=\"mw-editsection\"><span class=\"mw-editsection-bracket\">[<\/span><a style=\"color: #ffffff;\" title=\"Edit section: Flowers\" href=\"https:\/\/en.wikipedia.org\/w\/index.php?title=Prunus_serrulata&amp;action=edit&amp;section=2\">edit<\/a><span class=\"mw-editsection-bracket\">]<\/span><\/span><\/span><\/h3>\n<div class=\"hatnote navigation-not-searchable\" role=\"note\"><span style=\"color: #ffffff;\">Main article:\u00a0<a style=\"color: #ffffff;\" title=\"Cherry blossom\" href=\"https:\/\/en.wikipedia.org\/wiki\/Cherry_blossom\">Cherry blossom<\/a><\/span><\/div>\n<p><span style=\"color: #ffffff;\">The\u00a0<a style=\"color: #ffffff;\" title=\"Flower\" href=\"https:\/\/en.wikipedia.org\/wiki\/Flower\">flowers<\/a>\u00a0are produced in racemose clusters of two to five together at nodes on short spurs in spring at the same time as the new leaves appear; they are white to pink, with five petals in the wild type tree. The\u00a0<a style=\"color: #ffffff;\" title=\"Fruit\" href=\"https:\/\/en.wikipedia.org\/wiki\/Fruit\">fruit<\/a>\u00a0of the\u00a0<i>prunus serrulate<\/i>\/<i>Japanese Sakura<\/i>, the\u00a0<i>Sakuranbo<\/i>, has differences to the\u00a0<i><a style=\"color: #ffffff;\" title=\"Prunus avium\" href=\"https:\/\/en.wikipedia.org\/wiki\/Prunus_avium\">prunus avium<\/a><\/i>\/<i>wild cherry<\/i>, in that\u00a0<i>sakuranbo<\/i>\u00a0are smaller in size and are bitter in taste to the wild cherry; the\u00a0<i>sakuranbo<\/i>\u00a0is a\u00a0<a class=\"mw-redirect\" style=\"color: #ffffff;\" title=\"Globose\" href=\"https:\/\/en.wikipedia.org\/wiki\/Globose\">globose<\/a>\u00a0black fruit-<a style=\"color: #ffffff;\" title=\"Drupe\" href=\"https:\/\/en.wikipedia.org\/wiki\/Drupe\">drupe<\/a>\u00a08\u201310mm in diameter. Owing to their bitter taste, the\u00a0<i>sakuranbo<\/i>\u00a0should not be eaten raw, or whole; the seed inside should be removed and the fruit-itself processed as preserves.<\/span><\/p>\n<p><span style=\"color: #ffffff;\">Because of its evolution, the fruit of the\u00a0<i>prunus serrulate<\/i>\/<i>Japanese Sakura<\/i>, the\u00a0<i>Sakuranbo<\/i>, developed merely as a small, ovoid cherry-like fruit, but it is not more developed as a small amount of fleshy mass around the seed within; as the\u00a0<i>prunus serrulate<\/i>\/<i>Japanese Sakura<\/i>\u00a0was bred for its flowers, the tree does not go beyond going through the initial motions of developing fruits but they will not ripen and will be incomplete, not producing more flesh surrounding the seed. They simply will not ripen the way regular cherries, bred for the fruit, will do.<\/span><\/p>\n<p>&nbsp;<\/p>\n","protected":false},"excerpt":{"rendered":"<p>A Prunus serrulata &#8216;Royal Burgundy&#8217;\u00a0 nagyon mutat\u00f3s , v\u00f6r\u00f6s levelelei \u00e9s a telt vir\u00e1gai\u00a0 miatt&#8230;<\/p>\n<div id=\"bodyContent\" class=\"mw-body-content\">\n<div id=\"mw-content-text\" class=\"mw-content-ltr\" dir=\"ltr\" lang=\"hu\">\n<div id=\"bodyContent\" class=\"mw-body-content\">\n<div id=\"mw-content-text\" class=\"mw-content-ltr\" dir=\"ltr\" lang=\"hu\">\n<p><b>K\u00e9szlet\u00fcnk napi szinten v\u00e1ltozik, ez\u00e9rt k\u00e9rj\u00fck, \u00e9rdekl\u0151dj\u00f6n szem\u00e9lyesen, telefonon vagy email-en.<\/b><\/p>\n<p>Term\u00e9keinket szem\u00e9lyesen is \u00e1tveheti a h\u00e9t minden napj\u00e1n nyitvatart\u00e1si id\u0151ben!<\/p>\n<p>Kisz\u00e1ll\u00edt\u00e1s: 200 cm \u00e9s 40 kg-ig a sz\u00e1ll\u00edt\u00e1s fut\u00e1rszolg\u00e1lattal t\u00f6rt\u00e9nik.<\/p>\n<\/div>\n<\/div>\n<\/div>\n<\/div>\n<p><b>A v\u00e1ltoztat\u00e1s jog\u00e1t fenntartjuk!\u00a0<\/b><\/p>\n<p>&nbsp;<\/p>","protected":false},"featured_media":961,"template":"","meta":{"_et_pb_use_builder":"","_et_pb_old_content":"","_et_gb_content_width":""},"product_brand":[],"product_cat":[28],"product_tag":[134,135,136,137],"class_list":{"0":"post-959","1":"product","2":"type-product","3":"status-publish","4":"has-post-thumbnail","6":"product_cat-diszfak","7":"product_tag-diszcseresznye","8":"product_tag-prunus-serrulata-royal-burgundy","9":"product_tag-voros-levelu","10":"product_tag-voros-levelu-diszcseresznye","12":"first","13":"instock","14":"shipping-taxable","15":"purchasable","16":"product-type-simple"},"yoast_head":"<!-- This site is optimized with the Yoast SEO plugin v27.3 - https:\/\/yoast.com\/product\/yoast-seo-wordpress\/ -->\n<title>Prunus serrulata &#039;Royal Burgundy&#039;, V\u00f6r\u00f6s level\u0171 d\u00edszcseresznye - T\u00e1jkert\u00e9sz<\/title>\n<meta name=\"description\" content=\"A Prunus serrulata &#039;Royal Burgundy&#039;\u00a0 nagyon mutat\u00f3s\u00a0 d\u00edszfa , v\u00f6r\u00f6s levelelei \u00e9s a telt vir\u00e1gai\u00a0 miatt.Felhaszn\u00e1l\u00e1sa igen sz\u00e9lesk\u00f6r\u0171.\" \/>\n<meta name=\"robots\" content=\"index, follow, max-snippet:-1, max-image-preview:large, max-video-preview:-1\" \/>\n<link rel=\"canonical\" href=\"https:\/\/tajkertesz.com\/en_US\/product\/prunus-serrulata-royal-burgundy\/\" \/>\n<meta property=\"og:locale\" content=\"en_US\" \/>\n<meta property=\"og:type\" content=\"article\" \/>\n<meta property=\"og:title\" content=\"Prunus serrulata &#039;Royal Burgundy&#039;, V\u00f6r\u00f6s level\u0171 d\u00edszcseresznye - T\u00e1jkert\u00e9sz\" \/>\n<meta property=\"og:description\" content=\"A Prunus serrulata &#039;Royal Burgundy&#039;\u00a0 nagyon mutat\u00f3s\u00a0 d\u00edszfa , v\u00f6r\u00f6s levelelei \u00e9s a telt vir\u00e1gai\u00a0 miatt.Felhaszn\u00e1l\u00e1sa igen sz\u00e9lesk\u00f6r\u0171.\" \/>\n<meta property=\"og:url\" content=\"https:\/\/tajkertesz.com\/en_US\/product\/prunus-serrulata-royal-burgundy\/\" \/>\n<meta property=\"og:site_name\" content=\"T\u00e1jkert\u00e9sz\" \/>\n<meta property=\"article:publisher\" content=\"https:\/\/www.facebook.com\/Tajkertesz\/\" \/>\n<meta property=\"article:modified_time\" content=\"2024-02-12T10:34:40+00:00\" \/>\n<meta property=\"og:image\" content=\"https:\/\/tajkertesz.com\/wp-content\/uploads\/2020\/02\/V\u00f6r\u00f6s-level\u0171-d\u00edszcseresznye-2.jpg\" \/>\n\t<meta property=\"og:image:width\" content=\"850\" \/>\n\t<meta property=\"og:image:height\" content=\"637\" \/>\n\t<meta property=\"og:image:type\" content=\"image\/jpeg\" \/>\n<meta name=\"twitter:card\" content=\"summary_large_image\" \/>\n<meta name=\"twitter:label1\" content=\"Est. reading time\" \/>\n\t<meta name=\"twitter:data1\" content=\"3 minutes\" \/>\n<script type=\"application\/ld+json\" class=\"yoast-schema-graph\">{\"@context\":\"https:\\\/\\\/schema.org\",\"@graph\":[{\"@type\":\"WebPage\",\"@id\":\"https:\\\/\\\/tajkertesz.com\\\/termek\\\/prunus-serrulata-royal-burgundy\\\/\",\"url\":\"https:\\\/\\\/tajkertesz.com\\\/termek\\\/prunus-serrulata-royal-burgundy\\\/\",\"name\":\"Prunus serrulata 'Royal Burgundy', V\u00f6r\u00f6s level\u0171 d\u00edszcseresznye - T\u00e1jkert\u00e9sz\",\"isPartOf\":{\"@id\":\"https:\\\/\\\/tajkertesz.com\\\/#website\"},\"primaryImageOfPage\":{\"@id\":\"https:\\\/\\\/tajkertesz.com\\\/termek\\\/prunus-serrulata-royal-burgundy\\\/#primaryimage\"},\"image\":{\"@id\":\"https:\\\/\\\/tajkertesz.com\\\/termek\\\/prunus-serrulata-royal-burgundy\\\/#primaryimage\"},\"thumbnailUrl\":\"https:\\\/\\\/tajkertesz.com\\\/wp-content\\\/uploads\\\/2020\\\/02\\\/V\u00f6r\u00f6s-level\u0171-d\u00edszcseresznye-2.jpg\",\"datePublished\":\"2020-02-19T09:41:11+00:00\",\"dateModified\":\"2024-02-12T10:34:40+00:00\",\"description\":\"A Prunus serrulata 'Royal Burgundy'\u00a0 nagyon mutat\u00f3s\u00a0 d\u00edszfa , v\u00f6r\u00f6s levelelei \u00e9s a telt vir\u00e1gai\u00a0 miatt.Felhaszn\u00e1l\u00e1sa igen sz\u00e9lesk\u00f6r\u0171.\",\"breadcrumb\":{\"@id\":\"https:\\\/\\\/tajkertesz.com\\\/termek\\\/prunus-serrulata-royal-burgundy\\\/#breadcrumb\"},\"inLanguage\":\"en-US\",\"potentialAction\":[{\"@type\":\"ReadAction\",\"target\":[\"https:\\\/\\\/tajkertesz.com\\\/termek\\\/prunus-serrulata-royal-burgundy\\\/\"]}]},{\"@type\":\"ImageObject\",\"inLanguage\":\"en-US\",\"@id\":\"https:\\\/\\\/tajkertesz.com\\\/termek\\\/prunus-serrulata-royal-burgundy\\\/#primaryimage\",\"url\":\"https:\\\/\\\/tajkertesz.com\\\/wp-content\\\/uploads\\\/2020\\\/02\\\/V\u00f6r\u00f6s-level\u0171-d\u00edszcseresznye-2.jpg\",\"contentUrl\":\"https:\\\/\\\/tajkertesz.com\\\/wp-content\\\/uploads\\\/2020\\\/02\\\/V\u00f6r\u00f6s-level\u0171-d\u00edszcseresznye-2.jpg\",\"width\":850,\"height\":637,\"caption\":\"Prunus serrulata 'Royal Burgundy'- V\u00f6r\u00f6s level\u0171 d\u00edszcseresznye\"},{\"@type\":\"BreadcrumbList\",\"@id\":\"https:\\\/\\\/tajkertesz.com\\\/termek\\\/prunus-serrulata-royal-burgundy\\\/#breadcrumb\",\"itemListElement\":[{\"@type\":\"ListItem\",\"position\":1,\"name\":\"Home\",\"item\":\"https:\\\/\\\/tajkertesz.com\\\/\"},{\"@type\":\"ListItem\",\"position\":2,\"name\":\"Kezd\u0151lap\",\"item\":\"https:\\\/\\\/tajkertesz.com\\\/\"},{\"@type\":\"ListItem\",\"position\":3,\"name\":\"Prunus serrulata &#8216;Royal Burgundy&#8217;, V\u00f6r\u00f6s level\u0171 d\u00edszcseresznye\"}]},{\"@type\":\"WebSite\",\"@id\":\"https:\\\/\\\/tajkertesz.com\\\/#website\",\"url\":\"https:\\\/\\\/tajkertesz.com\\\/\",\"name\":\"T\u00e1j-Kert\u00e9sz 84 Kft.\",\"description\":\"Kert\u00e9szeti kis- \u00e9s nagykeresked\u00e9s, D\u00edszn\u00f6v\u00e9ny web\u00e1ruh\u00e1z orsz\u00e1gos h\u00e1zhozsz\u00e1ll\u00edt\u00e1ssal!\",\"publisher\":{\"@id\":\"https:\\\/\\\/tajkertesz.com\\\/#organization\"},\"potentialAction\":[{\"@type\":\"SearchAction\",\"target\":{\"@type\":\"EntryPoint\",\"urlTemplate\":\"https:\\\/\\\/tajkertesz.com\\\/?s={search_term_string}\"},\"query-input\":{\"@type\":\"PropertyValueSpecification\",\"valueRequired\":true,\"valueName\":\"search_term_string\"}}],\"inLanguage\":\"en-US\"},{\"@type\":\"Organization\",\"@id\":\"https:\\\/\\\/tajkertesz.com\\\/#organization\",\"name\":\"T\u00e1j-Kert\u00e9sz 84 Kft.\",\"url\":\"https:\\\/\\\/tajkertesz.com\\\/\",\"logo\":{\"@type\":\"ImageObject\",\"inLanguage\":\"en-US\",\"@id\":\"https:\\\/\\\/tajkertesz.com\\\/#\\\/schema\\\/logo\\\/image\\\/\",\"url\":\"https:\\\/\\\/tajkertesz.com\\\/wp-content\\\/uploads\\\/2018\\\/02\\\/logo-2-e1518678052539.png\",\"contentUrl\":\"https:\\\/\\\/tajkertesz.com\\\/wp-content\\\/uploads\\\/2018\\\/02\\\/logo-2-e1518678052539.png\",\"width\":81,\"height\":140,\"caption\":\"T\u00e1j-Kert\u00e9sz 84 Kft.\"},\"image\":{\"@id\":\"https:\\\/\\\/tajkertesz.com\\\/#\\\/schema\\\/logo\\\/image\\\/\"},\"sameAs\":[\"https:\\\/\\\/www.facebook.com\\\/Tajkertesz\\\/\"]}]}<\/script>\n<!-- \/ Yoast SEO plugin. -->","yoast_head_json":{"title":"Prunus serrulata 'Royal Burgundy', V\u00f6r\u00f6s level\u0171 d\u00edszcseresznye - T\u00e1jkert\u00e9sz","description":"A Prunus serrulata 'Royal Burgundy'\u00a0 nagyon mutat\u00f3s\u00a0 d\u00edszfa , v\u00f6r\u00f6s levelelei \u00e9s a telt vir\u00e1gai\u00a0 miatt.Felhaszn\u00e1l\u00e1sa igen sz\u00e9lesk\u00f6r\u0171.","robots":{"index":"index","follow":"follow","max-snippet":"max-snippet:-1","max-image-preview":"max-image-preview:large","max-video-preview":"max-video-preview:-1"},"canonical":"https:\/\/tajkertesz.com\/en_US\/product\/prunus-serrulata-royal-burgundy\/","og_locale":"en_US","og_type":"article","og_title":"Prunus serrulata 'Royal Burgundy', V\u00f6r\u00f6s level\u0171 d\u00edszcseresznye - T\u00e1jkert\u00e9sz","og_description":"A Prunus serrulata 'Royal Burgundy'\u00a0 nagyon mutat\u00f3s\u00a0 d\u00edszfa , v\u00f6r\u00f6s levelelei \u00e9s a telt vir\u00e1gai\u00a0 miatt.Felhaszn\u00e1l\u00e1sa igen sz\u00e9lesk\u00f6r\u0171.","og_url":"https:\/\/tajkertesz.com\/en_US\/product\/prunus-serrulata-royal-burgundy\/","og_site_name":"T\u00e1jkert\u00e9sz","article_publisher":"https:\/\/www.facebook.com\/Tajkertesz\/","article_modified_time":"2024-02-12T10:34:40+00:00","og_image":[{"width":850,"height":637,"url":"https:\/\/tajkertesz.com\/wp-content\/uploads\/2020\/02\/V\u00f6r\u00f6s-level\u0171-d\u00edszcseresznye-2.jpg","type":"image\/jpeg"}],"twitter_card":"summary_large_image","twitter_misc":{"Est. reading time":"3 minutes"},"schema":{"@context":"https:\/\/schema.org","@graph":[{"@type":"WebPage","@id":"https:\/\/tajkertesz.com\/termek\/prunus-serrulata-royal-burgundy\/","url":"https:\/\/tajkertesz.com\/termek\/prunus-serrulata-royal-burgundy\/","name":"Prunus serrulata 'Royal Burgundy', V\u00f6r\u00f6s level\u0171 d\u00edszcseresznye - T\u00e1jkert\u00e9sz","isPartOf":{"@id":"https:\/\/tajkertesz.com\/#website"},"primaryImageOfPage":{"@id":"https:\/\/tajkertesz.com\/termek\/prunus-serrulata-royal-burgundy\/#primaryimage"},"image":{"@id":"https:\/\/tajkertesz.com\/termek\/prunus-serrulata-royal-burgundy\/#primaryimage"},"thumbnailUrl":"https:\/\/tajkertesz.com\/wp-content\/uploads\/2020\/02\/V\u00f6r\u00f6s-level\u0171-d\u00edszcseresznye-2.jpg","datePublished":"2020-02-19T09:41:11+00:00","dateModified":"2024-02-12T10:34:40+00:00","description":"A Prunus serrulata 'Royal Burgundy'\u00a0 nagyon mutat\u00f3s\u00a0 d\u00edszfa , v\u00f6r\u00f6s levelelei \u00e9s a telt vir\u00e1gai\u00a0 miatt.Felhaszn\u00e1l\u00e1sa igen sz\u00e9lesk\u00f6r\u0171.","breadcrumb":{"@id":"https:\/\/tajkertesz.com\/termek\/prunus-serrulata-royal-burgundy\/#breadcrumb"},"inLanguage":"en-US","potentialAction":[{"@type":"ReadAction","target":["https:\/\/tajkertesz.com\/termek\/prunus-serrulata-royal-burgundy\/"]}]},{"@type":"ImageObject","inLanguage":"en-US","@id":"https:\/\/tajkertesz.com\/termek\/prunus-serrulata-royal-burgundy\/#primaryimage","url":"https:\/\/tajkertesz.com\/wp-content\/uploads\/2020\/02\/V\u00f6r\u00f6s-level\u0171-d\u00edszcseresznye-2.jpg","contentUrl":"https:\/\/tajkertesz.com\/wp-content\/uploads\/2020\/02\/V\u00f6r\u00f6s-level\u0171-d\u00edszcseresznye-2.jpg","width":850,"height":637,"caption":"Prunus serrulata 'Royal Burgundy'- V\u00f6r\u00f6s level\u0171 d\u00edszcseresznye"},{"@type":"BreadcrumbList","@id":"https:\/\/tajkertesz.com\/termek\/prunus-serrulata-royal-burgundy\/#breadcrumb","itemListElement":[{"@type":"ListItem","position":1,"name":"Home","item":"https:\/\/tajkertesz.com\/"},{"@type":"ListItem","position":2,"name":"Kezd\u0151lap","item":"https:\/\/tajkertesz.com\/"},{"@type":"ListItem","position":3,"name":"Prunus serrulata &#8216;Royal Burgundy&#8217;, V\u00f6r\u00f6s level\u0171 d\u00edszcseresznye"}]},{"@type":"WebSite","@id":"https:\/\/tajkertesz.com\/#website","url":"https:\/\/tajkertesz.com\/","name":"T\u00e1j-Kert\u00e9sz 84 Kft.","description":"Kert\u00e9szeti kis- \u00e9s nagykeresked\u00e9s, D\u00edszn\u00f6v\u00e9ny web\u00e1ruh\u00e1z orsz\u00e1gos h\u00e1zhozsz\u00e1ll\u00edt\u00e1ssal!","publisher":{"@id":"https:\/\/tajkertesz.com\/#organization"},"potentialAction":[{"@type":"SearchAction","target":{"@type":"EntryPoint","urlTemplate":"https:\/\/tajkertesz.com\/?s={search_term_string}"},"query-input":{"@type":"PropertyValueSpecification","valueRequired":true,"valueName":"search_term_string"}}],"inLanguage":"en-US"},{"@type":"Organization","@id":"https:\/\/tajkertesz.com\/#organization","name":"T\u00e1j-Kert\u00e9sz 84 Kft.","url":"https:\/\/tajkertesz.com\/","logo":{"@type":"ImageObject","inLanguage":"en-US","@id":"https:\/\/tajkertesz.com\/#\/schema\/logo\/image\/","url":"https:\/\/tajkertesz.com\/wp-content\/uploads\/2018\/02\/logo-2-e1518678052539.png","contentUrl":"https:\/\/tajkertesz.com\/wp-content\/uploads\/2018\/02\/logo-2-e1518678052539.png","width":81,"height":140,"caption":"T\u00e1j-Kert\u00e9sz 84 Kft."},"image":{"@id":"https:\/\/tajkertesz.com\/#\/schema\/logo\/image\/"},"sameAs":["https:\/\/www.facebook.com\/Tajkertesz\/"]}]}},"_links":{"self":[{"href":"https:\/\/tajkertesz.com\/en_US\/wp-json\/wp\/v2\/product\/959","targetHints":{"allow":["GET"]}}],"collection":[{"href":"https:\/\/tajkertesz.com\/en_US\/wp-json\/wp\/v2\/product"}],"about":[{"href":"https:\/\/tajkertesz.com\/en_US\/wp-json\/wp\/v2\/types\/product"}],"wp:featuredmedia":[{"embeddable":true,"href":"https:\/\/tajkertesz.com\/en_US\/wp-json\/wp\/v2\/media\/961"}],"wp:attachment":[{"href":"https:\/\/tajkertesz.com\/en_US\/wp-json\/wp\/v2\/media?parent=959"}],"wp:term":[{"taxonomy":"product_brand","embeddable":true,"href":"https:\/\/tajkertesz.com\/en_US\/wp-json\/wp\/v2\/product_brand?post=959"},{"taxonomy":"product_cat","embeddable":true,"href":"https:\/\/tajkertesz.com\/en_US\/wp-json\/wp\/v2\/product_cat?post=959"},{"taxonomy":"product_tag","embeddable":true,"href":"https:\/\/tajkertesz.com\/en_US\/wp-json\/wp\/v2\/product_tag?post=959"}],"curies":[{"name":"wp","href":"https:\/\/api.w.org\/{rel}","templated":true}]}}