{"id":9597,"date":"2021-09-27T11:24:36","date_gmt":"2021-09-27T11:24:36","guid":{"rendered":"https:\/\/tajkertesz.com\/?post_type=product&#038;p=9597"},"modified":"2024-03-13T13:15:44","modified_gmt":"2024-03-13T13:15:44","slug":"calocedrus-decurrens-aureovariegata-aranytarka-lombu-kaliforniai-gyantasciprus","status":"publish","type":"product","link":"https:\/\/tajkertesz.com\/en_US\/product\/calocedrus-decurrens-aureovariegata-aranytarka-lombu-kaliforniai-gyantasciprus\/","title":{"rendered":"Calocedrus decurrens &#8216;Aureovariegata&#8217;-Aranytarka lomb\u00fa kaliforniai gyant\u00e1sciprus"},"content":{"rendered":"<h3>Calocedrus decurrens &#8216;Aureovariegata&#8217;-Aranytarka lomb\u00fa kaliforniai gyant\u00e1sciprus<\/h3>\n<p>Calocedrus decurrens &#8216;Aureovariegata&#8217;-Aranytarka lomb\u00fa kaliforniai gyant\u00e1sciprus, 8-12 m\u00e9ter magasra n\u00f6v\u0151, keskenyebb, s\u00fcveg form\u00e1j\u00fa, pikkelylevel\u0171 feny\u0151. Fiatal kor\u00e1ban ritk\u00e1sabb \u00e1grendszer\u0171, \u00e1m 2-3 m\u00e9tert\u0151l teljesen bet\u00f6m\u0151dik. N\u00f6veked\u00e9se (20-40cm\/\u00e9v) k\u00f6zepes. T\u00f6rzse id\u0151sebb kor\u00e1ra v\u00f6r\u00f6ses sz\u00edn\u0171 \u00e9s a k\u00e9reg hosszanti ir\u00e1nyban foszl\u00f3.\u00a0Pikkelylevele\u00a0jellegzetes\u00a0form\u00e1j\u00fa, eg\u00e9sz \u00e9vben\u00a0z\u00f6ld, mellyet\u00a0s\u00e1rga foltok tark\u00edtj\u00e1k. \u00dcltet\u00e9sn\u00e9l savany\u00fa t\u0151zeg haszn\u00e1lata fontos \u00e9s lehet\u0151leg v\u00e9dettebb, de napos helyre telep\u00edts\u00fck. Els\u0151 \u00e9vekben a takar\u00e1s aj\u00e1nlott.<\/p>\n<p>&nbsp;<\/p>\n<p>M\u00e9rete: 200+ cm + kont\u00e9ner<\/p>\n<p><strong>K\u00e9szlet\u00fcnk napi szinten v\u00e1ltozik, ez\u00e9rt k\u00e9rj\u00fck, \u00e9rdekl\u0151dj\u00f6n szem\u00e9lyesen, telefonon vagy email-en.<br \/>\nA v\u00e1ltoztat\u00e1s jog\u00e1t fenntartjuk!\u00a0<\/strong><\/p>\n<p>&nbsp;<\/p>\n<p><a href=\"https:\/\/tajkertesz.com\/\">https:\/\/tajkertesz.com\/<\/a><\/p>\n<p><a href=\"https:\/\/en.wikipedia.org\/wiki\/Skimmia_japonica\">https:\/\/en.wikipedia.org\/wiki\/Skimmia_japonica<\/a><\/p>\n<p><span style=\"color: #ffffff;\">A kifejlett d\u00edszcserj\u00e9re jellemz\u0151, hogy csaknem szab\u00e1lyos g\u00f6mb alak\u00fa.<\/span><br \/>\n<span style=\"color: #ffffff;\">100-150 cm magass\u00e1got is el\u00e9r\u0151 cserje. Lass\u00fa n\u00f6veked\u00e9s\u0171, ez\u00e9rt kisebb kertekbe is telep\u00edthet\u0151.<\/span><br \/>\n<span style=\"color: #ffffff;\">Leveleinek sz\u00edne s\u00f6t\u00e9tz\u00f6ld, kopaszok, 12 cm hossz\u00faak. Vir\u00e1gai feh\u00e9rek, er\u0151sen illatosak.<\/span><br \/>\n<span style=\"color: #ffffff;\">Vir\u00e1gz\u00e1si id\u0151: \u00e1prilis-m\u00e1jus. Term\u00e9sei piros sz\u00edn\u0171ek.<\/span><br \/>\n<span style=\"color: #ffffff;\">Semlegeshez k\u00f6zeli k\u00e9mhat\u00e1s\u00fa (6,5-7,5 pH) talajokon kiv\u00e1l\u00f3an fejl\u0151dik.<\/span><br \/>\n<span style=\"color: #ffffff;\">Sz\u00e1raz, meszes talajokon kezdetben csak a lev\u00e9l sz\u00e9lei, k\u00e9s\u0151bb az eg\u00e9sz n\u00f6v\u00e9ny els\u00e1rgul, elpusztul.<\/span><br \/>\n<span style=\"color: #ffffff;\">Szereti az \u00fcde humuszos talajokat. \u00c1rny\u00e9kos helyre \u00fcltess\u00fck.<\/span><br \/>\n<span style=\"color: #ffffff;\">A d\u00e9rbab\u00e9r \u00f6r\u00f6kz\u00f6ld cserje.<\/span><br \/>\n<span style=\"color: #ffffff;\">Fagy\u00e9rz\u00e9keny, fiatal kor\u00e1ban a hidegt\u0151l v\u00e9deni kell.<\/span><\/p>\n<p><span style=\"color: #ffffff;\"><i><b>Skimmia japonica<\/b><\/i>, the\u00a0<b>Japanese skimmia<\/b>,<sup id=\"cite_ref-1\" class=\"reference\"><a style=\"color: #ffffff;\" href=\"https:\/\/en.wikipedia.org\/wiki\/Skimmia_japonica#cite_note-1\">[1]<\/a><\/sup>\u00a0is a\u00a0<a style=\"color: #ffffff;\" title=\"Species\" href=\"https:\/\/en.wikipedia.org\/wiki\/Species\">species<\/a>\u00a0of\u00a0<a style=\"color: #ffffff;\" title=\"Flowering plant\" href=\"https:\/\/en.wikipedia.org\/wiki\/Flowering_plant\">flowering plant<\/a>\u00a0in the\u00a0<a style=\"color: #ffffff;\" title=\"Family (biology)\" href=\"https:\/\/en.wikipedia.org\/wiki\/Family_(biology)\">family<\/a>\u00a0Rutaceae,\u00a0<a style=\"color: #ffffff;\" title=\"Native plant\" href=\"https:\/\/en.wikipedia.org\/wiki\/Native_plant\">native<\/a>\u00a0to Japan, China, and Southeast Asia. Growing to 6\u00a0m (20\u00a0ft) tall and wide, it is a rounded\u00a0<a style=\"color: #ffffff;\" title=\"Evergreen\" href=\"https:\/\/en.wikipedia.org\/wiki\/Evergreen\">evergreen<\/a>\u00a0<a style=\"color: #ffffff;\" title=\"Shrub\" href=\"https:\/\/en.wikipedia.org\/wiki\/Shrub\">shrub<\/a>\u00a0with glossy, leathery leaves<sup id=\"cite_ref-RHSAZ_2-0\" class=\"reference\"><a style=\"color: #ffffff;\" href=\"https:\/\/en.wikipedia.org\/wiki\/Skimmia_japonica#cite_note-RHSAZ-2\">[2]<\/a><\/sup>\u00a0widely cultivated as an\u00a0<a style=\"color: #ffffff;\" title=\"Ornamental plant\" href=\"https:\/\/en.wikipedia.org\/wiki\/Ornamental_plant\">ornamental plant<\/a>\u00a0in gardens and parks. Its fragrant flowers can be cream-yellow to white, followed on female plants by small, round, red fruits. The plant tolerates a wide range of conditions, including frost, drought, and atmospheric pollution. It is suitable for\u00a0<a style=\"color: #ffffff;\" title=\"Bonsai\" href=\"https:\/\/en.wikipedia.org\/wiki\/Bonsai\">bonsai<\/a>\u00a0and for\u00a0<a style=\"color: #ffffff;\" title=\"Chinese garden\" href=\"https:\/\/en.wikipedia.org\/wiki\/Chinese_garden\">Chinese gardens<\/a>.<\/span><\/p>\n<p><span style=\"color: #ffffff;\">Many\u00a0<a class=\"mw-redirect\" style=\"color: #ffffff;\" title=\"Cultivars\" href=\"https:\/\/en.wikipedia.org\/wiki\/Cultivars\">cultivars<\/a>\u00a0have been developed for ornamental garden use, including varieties which are significantly more compact than their parents.<\/span><\/p>\n","protected":false},"excerpt":{"rendered":"<p>Calocedrus decurrens &#8216;Aureovariegata&#8217;-Aranytarka lomb\u00fa kaliforniai gyant\u00e1sciprus<\/p>","protected":false},"featured_media":9601,"template":"","meta":{"_et_pb_use_builder":"","_et_pb_old_content":"","_et_gb_content_width":""},"product_brand":[],"product_cat":[26],"product_tag":[2793],"class_list":{"0":"post-9597","1":"product","2":"type-product","3":"status-publish","4":"has-post-thumbnail","6":"product_cat-orokzold-novenyek","7":"product_tag-calocedrus-decurrens-aureovariegata-aranytarka-lombu-kaliforniai-gyantasciprus","9":"first","10":"outofstock","11":"shipping-taxable","12":"purchasable","13":"product-type-simple"},"yoast_head":"<!-- This site is optimized with the Yoast SEO plugin v27.3 - https:\/\/yoast.com\/product\/yoast-seo-wordpress\/ -->\n<title>Calocedrus decurrens &#039;Aureovariegata&#039;-Aranytarka lomb\u00fa kaliforniai gyant\u00e1sciprus - T\u00e1jkert\u00e9sz<\/title>\n<meta name=\"description\" content=\"Calocedrus decurrens &#039;Aureovariegata&#039;-Aranytarka lomb\u00fa kaliforniai gyant\u00e1sciprus\" \/>\n<meta name=\"robots\" content=\"index, follow, max-snippet:-1, max-image-preview:large, max-video-preview:-1\" \/>\n<link rel=\"canonical\" href=\"https:\/\/tajkertesz.com\/en_US\/product\/calocedrus-decurrens-aureovariegata-aranytarka-lombu-kaliforniai-gyantasciprus\/\" \/>\n<meta property=\"og:locale\" content=\"en_US\" \/>\n<meta property=\"og:type\" content=\"article\" \/>\n<meta property=\"og:title\" content=\"Calocedrus decurrens &#039;Aureovariegata&#039;-Aranytarka lomb\u00fa kaliforniai gyant\u00e1sciprus - T\u00e1jkert\u00e9sz\" \/>\n<meta property=\"og:description\" content=\"Calocedrus decurrens &#039;Aureovariegata&#039;-Aranytarka lomb\u00fa kaliforniai gyant\u00e1sciprus\" \/>\n<meta property=\"og:url\" content=\"https:\/\/tajkertesz.com\/en_US\/product\/calocedrus-decurrens-aureovariegata-aranytarka-lombu-kaliforniai-gyantasciprus\/\" \/>\n<meta property=\"og:site_name\" content=\"T\u00e1jkert\u00e9sz\" \/>\n<meta property=\"article:publisher\" content=\"https:\/\/www.facebook.com\/Tajkertesz\/\" \/>\n<meta property=\"article:modified_time\" content=\"2024-03-13T13:15:44+00:00\" \/>\n<meta property=\"og:image\" content=\"https:\/\/tajkertesz.com\/wp-content\/uploads\/2021\/09\/IMG_20210927_083114.jpg\" \/>\n\t<meta property=\"og:image:width\" content=\"511\" \/>\n\t<meta property=\"og:image:height\" content=\"600\" \/>\n\t<meta property=\"og:image:type\" content=\"image\/jpeg\" \/>\n<meta name=\"twitter:card\" content=\"summary_large_image\" \/>\n<meta name=\"twitter:label1\" content=\"Est. reading time\" \/>\n\t<meta name=\"twitter:data1\" content=\"2 minutes\" \/>\n<script type=\"application\/ld+json\" class=\"yoast-schema-graph\">{\"@context\":\"https:\\\/\\\/schema.org\",\"@graph\":[{\"@type\":\"WebPage\",\"@id\":\"https:\\\/\\\/tajkertesz.com\\\/termek\\\/calocedrus-decurrens-aureovariegata-aranytarka-lombu-kaliforniai-gyantasciprus\\\/\",\"url\":\"https:\\\/\\\/tajkertesz.com\\\/termek\\\/calocedrus-decurrens-aureovariegata-aranytarka-lombu-kaliforniai-gyantasciprus\\\/\",\"name\":\"Calocedrus decurrens 'Aureovariegata'-Aranytarka lomb\u00fa kaliforniai gyant\u00e1sciprus - T\u00e1jkert\u00e9sz\",\"isPartOf\":{\"@id\":\"https:\\\/\\\/tajkertesz.com\\\/#website\"},\"primaryImageOfPage\":{\"@id\":\"https:\\\/\\\/tajkertesz.com\\\/termek\\\/calocedrus-decurrens-aureovariegata-aranytarka-lombu-kaliforniai-gyantasciprus\\\/#primaryimage\"},\"image\":{\"@id\":\"https:\\\/\\\/tajkertesz.com\\\/termek\\\/calocedrus-decurrens-aureovariegata-aranytarka-lombu-kaliforniai-gyantasciprus\\\/#primaryimage\"},\"thumbnailUrl\":\"https:\\\/\\\/tajkertesz.com\\\/wp-content\\\/uploads\\\/2021\\\/09\\\/IMG_20210927_083114.jpg\",\"datePublished\":\"2021-09-27T11:24:36+00:00\",\"dateModified\":\"2024-03-13T13:15:44+00:00\",\"description\":\"Calocedrus decurrens 'Aureovariegata'-Aranytarka lomb\u00fa kaliforniai gyant\u00e1sciprus\",\"breadcrumb\":{\"@id\":\"https:\\\/\\\/tajkertesz.com\\\/termek\\\/calocedrus-decurrens-aureovariegata-aranytarka-lombu-kaliforniai-gyantasciprus\\\/#breadcrumb\"},\"inLanguage\":\"en-US\",\"potentialAction\":[{\"@type\":\"ReadAction\",\"target\":[\"https:\\\/\\\/tajkertesz.com\\\/termek\\\/calocedrus-decurrens-aureovariegata-aranytarka-lombu-kaliforniai-gyantasciprus\\\/\"]}]},{\"@type\":\"ImageObject\",\"inLanguage\":\"en-US\",\"@id\":\"https:\\\/\\\/tajkertesz.com\\\/termek\\\/calocedrus-decurrens-aureovariegata-aranytarka-lombu-kaliforniai-gyantasciprus\\\/#primaryimage\",\"url\":\"https:\\\/\\\/tajkertesz.com\\\/wp-content\\\/uploads\\\/2021\\\/09\\\/IMG_20210927_083114.jpg\",\"contentUrl\":\"https:\\\/\\\/tajkertesz.com\\\/wp-content\\\/uploads\\\/2021\\\/09\\\/IMG_20210927_083114.jpg\",\"width\":511,\"height\":600,\"caption\":\"hdr\"},{\"@type\":\"BreadcrumbList\",\"@id\":\"https:\\\/\\\/tajkertesz.com\\\/termek\\\/calocedrus-decurrens-aureovariegata-aranytarka-lombu-kaliforniai-gyantasciprus\\\/#breadcrumb\",\"itemListElement\":[{\"@type\":\"ListItem\",\"position\":1,\"name\":\"Home\",\"item\":\"https:\\\/\\\/tajkertesz.com\\\/\"},{\"@type\":\"ListItem\",\"position\":2,\"name\":\"Kezd\u0151lap\",\"item\":\"https:\\\/\\\/tajkertesz.com\\\/\"},{\"@type\":\"ListItem\",\"position\":3,\"name\":\"Calocedrus decurrens &#8216;Aureovariegata&#8217;-Aranytarka lomb\u00fa kaliforniai gyant\u00e1sciprus\"}]},{\"@type\":\"WebSite\",\"@id\":\"https:\\\/\\\/tajkertesz.com\\\/#website\",\"url\":\"https:\\\/\\\/tajkertesz.com\\\/\",\"name\":\"T\u00e1j-Kert\u00e9sz 84 Kft.\",\"description\":\"Kert\u00e9szeti kis- \u00e9s nagykeresked\u00e9s, D\u00edszn\u00f6v\u00e9ny web\u00e1ruh\u00e1z orsz\u00e1gos h\u00e1zhozsz\u00e1ll\u00edt\u00e1ssal!\",\"publisher\":{\"@id\":\"https:\\\/\\\/tajkertesz.com\\\/#organization\"},\"potentialAction\":[{\"@type\":\"SearchAction\",\"target\":{\"@type\":\"EntryPoint\",\"urlTemplate\":\"https:\\\/\\\/tajkertesz.com\\\/?s={search_term_string}\"},\"query-input\":{\"@type\":\"PropertyValueSpecification\",\"valueRequired\":true,\"valueName\":\"search_term_string\"}}],\"inLanguage\":\"en-US\"},{\"@type\":\"Organization\",\"@id\":\"https:\\\/\\\/tajkertesz.com\\\/#organization\",\"name\":\"T\u00e1j-Kert\u00e9sz 84 Kft.\",\"url\":\"https:\\\/\\\/tajkertesz.com\\\/\",\"logo\":{\"@type\":\"ImageObject\",\"inLanguage\":\"en-US\",\"@id\":\"https:\\\/\\\/tajkertesz.com\\\/#\\\/schema\\\/logo\\\/image\\\/\",\"url\":\"https:\\\/\\\/tajkertesz.com\\\/wp-content\\\/uploads\\\/2018\\\/02\\\/logo-2-e1518678052539.png\",\"contentUrl\":\"https:\\\/\\\/tajkertesz.com\\\/wp-content\\\/uploads\\\/2018\\\/02\\\/logo-2-e1518678052539.png\",\"width\":81,\"height\":140,\"caption\":\"T\u00e1j-Kert\u00e9sz 84 Kft.\"},\"image\":{\"@id\":\"https:\\\/\\\/tajkertesz.com\\\/#\\\/schema\\\/logo\\\/image\\\/\"},\"sameAs\":[\"https:\\\/\\\/www.facebook.com\\\/Tajkertesz\\\/\"]}]}<\/script>\n<!-- \/ Yoast SEO plugin. -->","yoast_head_json":{"title":"Calocedrus decurrens 'Aureovariegata'-Aranytarka lomb\u00fa kaliforniai gyant\u00e1sciprus - T\u00e1jkert\u00e9sz","description":"Calocedrus decurrens 'Aureovariegata'-Aranytarka lomb\u00fa kaliforniai gyant\u00e1sciprus","robots":{"index":"index","follow":"follow","max-snippet":"max-snippet:-1","max-image-preview":"max-image-preview:large","max-video-preview":"max-video-preview:-1"},"canonical":"https:\/\/tajkertesz.com\/en_US\/product\/calocedrus-decurrens-aureovariegata-aranytarka-lombu-kaliforniai-gyantasciprus\/","og_locale":"en_US","og_type":"article","og_title":"Calocedrus decurrens 'Aureovariegata'-Aranytarka lomb\u00fa kaliforniai gyant\u00e1sciprus - T\u00e1jkert\u00e9sz","og_description":"Calocedrus decurrens 'Aureovariegata'-Aranytarka lomb\u00fa kaliforniai gyant\u00e1sciprus","og_url":"https:\/\/tajkertesz.com\/en_US\/product\/calocedrus-decurrens-aureovariegata-aranytarka-lombu-kaliforniai-gyantasciprus\/","og_site_name":"T\u00e1jkert\u00e9sz","article_publisher":"https:\/\/www.facebook.com\/Tajkertesz\/","article_modified_time":"2024-03-13T13:15:44+00:00","og_image":[{"width":511,"height":600,"url":"https:\/\/tajkertesz.com\/wp-content\/uploads\/2021\/09\/IMG_20210927_083114.jpg","type":"image\/jpeg"}],"twitter_card":"summary_large_image","twitter_misc":{"Est. reading time":"2 minutes"},"schema":{"@context":"https:\/\/schema.org","@graph":[{"@type":"WebPage","@id":"https:\/\/tajkertesz.com\/termek\/calocedrus-decurrens-aureovariegata-aranytarka-lombu-kaliforniai-gyantasciprus\/","url":"https:\/\/tajkertesz.com\/termek\/calocedrus-decurrens-aureovariegata-aranytarka-lombu-kaliforniai-gyantasciprus\/","name":"Calocedrus decurrens 'Aureovariegata'-Aranytarka lomb\u00fa kaliforniai gyant\u00e1sciprus - T\u00e1jkert\u00e9sz","isPartOf":{"@id":"https:\/\/tajkertesz.com\/#website"},"primaryImageOfPage":{"@id":"https:\/\/tajkertesz.com\/termek\/calocedrus-decurrens-aureovariegata-aranytarka-lombu-kaliforniai-gyantasciprus\/#primaryimage"},"image":{"@id":"https:\/\/tajkertesz.com\/termek\/calocedrus-decurrens-aureovariegata-aranytarka-lombu-kaliforniai-gyantasciprus\/#primaryimage"},"thumbnailUrl":"https:\/\/tajkertesz.com\/wp-content\/uploads\/2021\/09\/IMG_20210927_083114.jpg","datePublished":"2021-09-27T11:24:36+00:00","dateModified":"2024-03-13T13:15:44+00:00","description":"Calocedrus decurrens 'Aureovariegata'-Aranytarka lomb\u00fa kaliforniai gyant\u00e1sciprus","breadcrumb":{"@id":"https:\/\/tajkertesz.com\/termek\/calocedrus-decurrens-aureovariegata-aranytarka-lombu-kaliforniai-gyantasciprus\/#breadcrumb"},"inLanguage":"en-US","potentialAction":[{"@type":"ReadAction","target":["https:\/\/tajkertesz.com\/termek\/calocedrus-decurrens-aureovariegata-aranytarka-lombu-kaliforniai-gyantasciprus\/"]}]},{"@type":"ImageObject","inLanguage":"en-US","@id":"https:\/\/tajkertesz.com\/termek\/calocedrus-decurrens-aureovariegata-aranytarka-lombu-kaliforniai-gyantasciprus\/#primaryimage","url":"https:\/\/tajkertesz.com\/wp-content\/uploads\/2021\/09\/IMG_20210927_083114.jpg","contentUrl":"https:\/\/tajkertesz.com\/wp-content\/uploads\/2021\/09\/IMG_20210927_083114.jpg","width":511,"height":600,"caption":"hdr"},{"@type":"BreadcrumbList","@id":"https:\/\/tajkertesz.com\/termek\/calocedrus-decurrens-aureovariegata-aranytarka-lombu-kaliforniai-gyantasciprus\/#breadcrumb","itemListElement":[{"@type":"ListItem","position":1,"name":"Home","item":"https:\/\/tajkertesz.com\/"},{"@type":"ListItem","position":2,"name":"Kezd\u0151lap","item":"https:\/\/tajkertesz.com\/"},{"@type":"ListItem","position":3,"name":"Calocedrus decurrens &#8216;Aureovariegata&#8217;-Aranytarka lomb\u00fa kaliforniai gyant\u00e1sciprus"}]},{"@type":"WebSite","@id":"https:\/\/tajkertesz.com\/#website","url":"https:\/\/tajkertesz.com\/","name":"T\u00e1j-Kert\u00e9sz 84 Kft.","description":"Kert\u00e9szeti kis- \u00e9s nagykeresked\u00e9s, D\u00edszn\u00f6v\u00e9ny web\u00e1ruh\u00e1z orsz\u00e1gos h\u00e1zhozsz\u00e1ll\u00edt\u00e1ssal!","publisher":{"@id":"https:\/\/tajkertesz.com\/#organization"},"potentialAction":[{"@type":"SearchAction","target":{"@type":"EntryPoint","urlTemplate":"https:\/\/tajkertesz.com\/?s={search_term_string}"},"query-input":{"@type":"PropertyValueSpecification","valueRequired":true,"valueName":"search_term_string"}}],"inLanguage":"en-US"},{"@type":"Organization","@id":"https:\/\/tajkertesz.com\/#organization","name":"T\u00e1j-Kert\u00e9sz 84 Kft.","url":"https:\/\/tajkertesz.com\/","logo":{"@type":"ImageObject","inLanguage":"en-US","@id":"https:\/\/tajkertesz.com\/#\/schema\/logo\/image\/","url":"https:\/\/tajkertesz.com\/wp-content\/uploads\/2018\/02\/logo-2-e1518678052539.png","contentUrl":"https:\/\/tajkertesz.com\/wp-content\/uploads\/2018\/02\/logo-2-e1518678052539.png","width":81,"height":140,"caption":"T\u00e1j-Kert\u00e9sz 84 Kft."},"image":{"@id":"https:\/\/tajkertesz.com\/#\/schema\/logo\/image\/"},"sameAs":["https:\/\/www.facebook.com\/Tajkertesz\/"]}]}},"_links":{"self":[{"href":"https:\/\/tajkertesz.com\/en_US\/wp-json\/wp\/v2\/product\/9597","targetHints":{"allow":["GET"]}}],"collection":[{"href":"https:\/\/tajkertesz.com\/en_US\/wp-json\/wp\/v2\/product"}],"about":[{"href":"https:\/\/tajkertesz.com\/en_US\/wp-json\/wp\/v2\/types\/product"}],"wp:featuredmedia":[{"embeddable":true,"href":"https:\/\/tajkertesz.com\/en_US\/wp-json\/wp\/v2\/media\/9601"}],"wp:attachment":[{"href":"https:\/\/tajkertesz.com\/en_US\/wp-json\/wp\/v2\/media?parent=9597"}],"wp:term":[{"taxonomy":"product_brand","embeddable":true,"href":"https:\/\/tajkertesz.com\/en_US\/wp-json\/wp\/v2\/product_brand?post=9597"},{"taxonomy":"product_cat","embeddable":true,"href":"https:\/\/tajkertesz.com\/en_US\/wp-json\/wp\/v2\/product_cat?post=9597"},{"taxonomy":"product_tag","embeddable":true,"href":"https:\/\/tajkertesz.com\/en_US\/wp-json\/wp\/v2\/product_tag?post=9597"}],"curies":[{"name":"wp","href":"https:\/\/api.w.org\/{rel}","templated":true}]}}