{"id":9606,"date":"2021-09-27T11:32:00","date_gmt":"2021-09-27T11:32:00","guid":{"rendered":"https:\/\/tajkertesz.com\/?post_type=product&#038;p=9606"},"modified":"2023-09-21T13:00:56","modified_gmt":"2023-09-21T13:00:56","slug":"lucfenyo-csungo-picea-abies-inversa-tajkeretsz","status":"publish","type":"product","link":"https:\/\/tajkertesz.com\/en_US\/product\/lucfenyo-csungo-picea-abies-inversa-tajkeretsz\/","title":{"rendered":"Lucfeny\u0151 cs\u00fcng\u0151, Picea abies &#8216;Inversa&#8217;"},"content":{"rendered":"<h3>Lucfeny\u0151 cs\u00fcng\u0151, Picea abies &#8216;Inversa&#8217;<\/h3>\n<p>Lucfeny\u0151 cs\u00fcng\u0151, Picea abies &#8216;Inversa&#8217;, a\u00a0k\u00fcl\u00f6nlegess\u00e9g kedvel\u0151inek nagy kedvence lehet ez a lucfajta. 3-5 m magasra is megn\u0151het er\u0151s n\u00f6veked\u00e9se mellett. Sudara ferd\u00e9n fel\u00e1ll\u00f3, kar\u00f3z\u00e1st ig\u00e9nyel. Oldal\u00e1gai zuhatagszer\u0171en omlanak le. Intenz\u00edv s\u00f6t\u00e9tz\u00f6ld lombja nagyon sz\u00e9p, kihajt\u00e1skor vil\u00e1gosz\u00f6ldek. Gyakran terem is, nagy tobozai n\u00f6velik d\u00edsz\u00edt\u0151\u00e9rt\u00e9k\u00e9t.Napos vagy f\u00e9l\u00e1rny\u00e9kos helyre \u00fcltess\u00fck. Talajban nem v\u00e1logat, de sz\u00e1raz k\u00f6rnyezetben megs\u00ednyli. Gondoskodjunk a v\u00edzut\u00e1np\u00f3tl\u00e1s\u00e1r\u00f3l. A k\u00edv\u00e1nt magass\u00e1g el\u00e9r\u00e9se ut\u00e1n elv\u00e1ghatjuk a sudarat.<\/p>\n<p>&nbsp;<\/p>\n<p>Magass\u00e1g: kb. 250\/300 cm + kont\u00e9ner<\/p>\n<p>&nbsp;<\/p>\n<p style=\"line-height: 18.0pt; background: white; margin: 0cm 0cm 15.0pt 0cm;\"><b><span style=\"font-family: 'Ubuntu',serif; color: black;\">K\u00e9szlet\u00fcnk napi szinten v\u00e1ltozik, ez\u00e9rt k\u00e9rj\u00fck, \u00e9rdekl\u0151dj\u00f6n szem\u00e9lyesen, telefonon vagy email-en.<br \/>\nA v\u00e1ltoztat\u00e1s jog\u00e1t fenntartjuk!\u00a0<\/span><\/b><\/p>\n<p><a href=\"https:\/\/tajkertesz.com\/\">https:\/\/tajkertesz.com\/<\/a><\/p>\n<p><a href=\"https:\/\/www.facebook.com\/tajkertesz\">https:\/\/www.facebook.com\/tajkertesz<\/a><\/p>\n<h6><span style=\"color: #ffffff;\"><span id=\"Sz\u00e1rmaz\u00e1sa,_elterjed\u00e9se\" class=\"mw-headline\">Sz\u00e1rmaz\u00e1sa, elterjed\u00e9se<\/span><span class=\"mw-editsection\"><span class=\"mw-editsection-bracket\">[<\/span><a style=\"color: #ffffff;\" title=\"Szakasz szerkeszt\u00e9se: Sz\u00e1rmaz\u00e1sa, elterjed\u00e9se\" href=\"https:\/\/hu.wikipedia.org\/w\/index.php?title=Szerb_luc&amp;action=edit&amp;section=1\">szerkeszt\u00e9s<\/a><span class=\"mw-editsection-bracket\">]<\/span><\/span><\/span><\/h6>\n<h6><span style=\"color: #ffffff;\"><a style=\"color: #ffffff;\" title=\"Szerbia\" href=\"https:\/\/hu.wikipedia.org\/wiki\/Szerbia\">Szerbia<\/a>\u00a0\u00e9s\u00a0<a class=\"mw-redirect\" style=\"color: #ffffff;\" title=\"Bosznia\" href=\"https:\/\/hu.wikipedia.org\/wiki\/Bosznia\">Bosznia<\/a>\u00a0hat\u00e1rvid\u00e9k\u00e9n a\u00a0<a style=\"color: #ffffff;\" title=\"Drina\" href=\"https:\/\/hu.wikipedia.org\/wiki\/Drina\">Drina<\/a>\u00a0v\u00f6lgy\u00e9ben, viszonylag kis ter\u00fcleten (a foly\u00f3 k\u00f6z\u00e9ps\u0151 \u00e9s fels\u0151 foly\u00e1s\u00e1n)\u00a0<a class=\"mw-redirect\" style=\"color: #ffffff;\" title=\"Endemikus\" href=\"https:\/\/hu.wikipedia.org\/wiki\/Endemikus\">endemikus<\/a>. Sokfel\u00e9, \u00edgy\u00a0<a style=\"color: #ffffff;\" title=\"Magyarorsz\u00e1g\" href=\"https:\/\/hu.wikipedia.org\/wiki\/Magyarorsz%C3%A1g\">Magyarorsz\u00e1gon<\/a>\u00a0is a parkokban \u00fcltetik sz\u00e1lank\u00e9nt, d\u00edszfeny\u0151nek.<\/span><\/h6>\n<h6><span style=\"color: #ffffff;\"><span id=\"Megjelen.C3.A9se.2C_fel.C3.A9p.C3.ADt.C3.A9se\"><\/span><span id=\"Megjelen\u00e9se,_fel\u00e9p\u00edt\u00e9se\" class=\"mw-headline\">Megjelen\u00e9se, fel\u00e9p\u00edt\u00e9se<\/span><span class=\"mw-editsection\"><span class=\"mw-editsection-bracket\">[<\/span><a style=\"color: #ffffff;\" title=\"Szakasz szerkeszt\u00e9se: Megjelen\u00e9se, fel\u00e9p\u00edt\u00e9se\" href=\"https:\/\/hu.wikipedia.org\/w\/index.php?title=Szerb_luc&amp;action=edit&amp;section=2\">szerkeszt\u00e9s<\/a><span class=\"mw-editsection-bracket\">]<\/span><\/span><\/span><\/h6>\n<h6><span style=\"color: #ffffff;\">Keskeny, k\u00fap alak\u00fa, n\u00e9ha majdnem oszlopos, 20\u201330 m\u00e9ter magasra n\u00f6v\u0151 fa. \u00cdvesen felfel\u00e9 hajl\u00f3 \u00e1gai r\u00f6videk, ez\u00e9rt a koron\u00e1ja karcs\u00fa, helyig\u00e9nye viszonylag csek\u00e9ly. Hossz\u00fa hajt\u00e1sai lecs\u00fcngenek.<\/span><\/h6>\n<h6><span style=\"color: #ffffff;\">Sz\u00far\u00f3s t\u0171leveleinek a fels\u0151 oldala f\u00e9nyes z\u00f6ld, a fon\u00e1kjukon viszont k\u00e9t ez\u00fcst\u00f6s\u00a0<a class=\"new\" style=\"color: #ffffff;\" title=\"G\u00e1zcsereny\u00edl\u00e1s (a lap nem l\u00e9tezik)\" href=\"https:\/\/hu.wikipedia.org\/w\/index.php?title=G%C3%A1zcsereny%C3%ADl%C3%A1s&amp;action=edit&amp;redlink=1\">szt\u00f3macs\u00edk<\/a>\u00a0fut v\u00e9gig, emiatt lombja t\u00e1volr\u00f3l ez\u00fcst\u00f6s sz\u00ednhat\u00e1s\u00fa.<\/span><\/h6>\n<h6><span style=\"color: #ffffff;\">Toj\u00e1s alak\u00fa, 3\u20136\u00a0cm-es, lecs\u00fcng\u0151 tobozai \u00e9retlen\u00fcl s\u00f6t\u00e9tlil\u00e1k, \u00e9retten fah\u00e9jbarn\u00e1k.<\/span><\/h6>\n<h6><span style=\"color: #ffffff;\"><span id=\".C3.89letm.C3.B3dja.2C_term.C5.91helye\"><\/span><span id=\"\u00c9letm\u00f3dja,_term\u0151helye\" class=\"mw-headline\">\u00c9letm\u00f3dja, term\u0151helye<\/span><span class=\"mw-editsection\"><span class=\"mw-editsection-bracket\">[<\/span><a style=\"color: #ffffff;\" title=\"Szakasz szerkeszt\u00e9se: \u00c9letm\u00f3dja, term\u0151helye\" href=\"https:\/\/hu.wikipedia.org\/w\/index.php?title=Szerb_luc&amp;action=edit&amp;section=3\">szerkeszt\u00e9s<\/a><span class=\"mw-editsection-bracket\">]<\/span><\/span><\/span><\/h6>\n<h6><span style=\"color: #ffffff;\">Gyorsan n\u0151; 3\u20135 \u00e9ves kora ut\u00e1n \u00e9vente ak\u00e1r egy m\u00e9tert is. A n\u00f6veked\u00e9si id\u0151szak m\u00e1jus k\u00f6zep\u00e9t\u0151l j\u00falius v\u00e9g\u00e9ig tart. Hamar term\u0151re fordul, ami fokozza d\u00edsz\u00edt\u0151 hat\u00e1s\u00e1t.<\/span><\/h6>\n<h6><span style=\"color: #ffffff;\">Rendk\u00edv\u00fcl edzett, a betegs\u00e9geknek \u00e9s k\u00e1rtev\u0151knek ellen\u00e1ll\u00f3 feny\u0151 \u2014 a\u00a0<a class=\"new\" style=\"color: #ffffff;\" title=\"Lucfeny\u0151 gubacstet\u0171 (a lap nem l\u00e9tezik)\" href=\"https:\/\/hu.wikipedia.org\/w\/index.php?title=Lucfeny%C5%91_gubacstet%C5%B1&amp;action=edit&amp;redlink=1\">lucfeny\u0151 gubacstet\u0171<\/a>\u00a0<i>(Sacchiphantes abietis)<\/i>\u00a0sem k\u00e1ros\u00edtja.<\/span><\/h6>\n<h6><span style=\"color: #ffffff;\">Alapvet\u0151en a nedves \u00e9s savany\u00fa f\u00f6ldet kedveli, de a legt\u00f6bb talajon meg\u00e9l, m\u00e9g ha az meszes is. Nem fagy\u00e9rz\u00e9keny, \u00e9s a sz\u00e1razs\u00e1got is j\u00f3l t\u0171ri.<\/span><\/h6>\n<h6><span style=\"color: #ffffff;\"><span id=\"Felhaszn.C3.A1l.C3.A1sa\"><\/span><span id=\"Felhaszn\u00e1l\u00e1sa\" class=\"mw-headline\">Felhaszn\u00e1l\u00e1sa<\/span><span class=\"mw-editsection\"><span class=\"mw-editsection-bracket\">[<\/span><a style=\"color: #ffffff;\" title=\"Szakasz szerkeszt\u00e9se: Felhaszn\u00e1l\u00e1sa\" href=\"https:\/\/hu.wikipedia.org\/w\/index.php?title=Szerb_luc&amp;action=edit&amp;section=4\">szerkeszt\u00e9s<\/a><span class=\"mw-editsection-bracket\">]<\/span><\/span><\/span><\/h6>\n<h6><span style=\"color: #ffffff;\">Eur\u00f3p\u00e1ban ez a leggyakrabban \u00fcltetett d\u00edszfeny\u0151. T\u00e9l\u00e1ll\u00f3. A h\u00f3 lepereg r\u00f3la, ez\u00e9rt \u00e1gai nagy havaz\u00e1sok ut\u00e1n sem t\u00f6rnek. J\u00f3form\u00e1n b\u00e1rmilyen talajon meg\u00e9l; a szelet, az asz\u00e1lyt \u00e9s a sz\u00e1raz leveg\u0151t k\u00e1rosod\u00e1s n\u00e9lk\u00fcl elviseli, \u00e9s a\u00a0<a class=\"new\" style=\"color: #ffffff;\" title=\"Feny\u0151gubacstet\u0171 (a lap nem l\u00e9tezik)\" href=\"https:\/\/hu.wikipedia.org\/w\/index.php?title=Feny%C5%91gubacstet%C5%B1&amp;action=edit&amp;redlink=1\">feny\u0151gubacstet\u0171re<\/a>\u00a0sem \u00e9rz\u00e9keny. Kiskertekben sem n\u00f6vi ki a helyet.<\/span><\/h6>\n","protected":false},"excerpt":{"rendered":"<p>Lucfeny\u0151 cs\u00fcng\u0151, Picea abies &#8216;Inversa&#8217;<\/p>","protected":false},"featured_media":9607,"template":"","meta":{"_et_pb_use_builder":"","_et_pb_old_content":"","_et_gb_content_width":""},"product_brand":[],"product_cat":[4078],"product_tag":[2794,2795],"class_list":{"0":"post-9606","1":"product","2":"type-product","3":"status-publish","4":"has-post-thumbnail","6":"product_cat-egyeb-fenyofekek","7":"product_tag-lucfenyo-csungo","8":"product_tag-picea-abies-inversa","10":"first","11":"outofstock","12":"shipping-taxable","13":"product-type-simple"},"yoast_head":"<!-- This site is optimized with the Yoast SEO plugin v27.5 - https:\/\/yoast.com\/product\/yoast-seo-wordpress\/ -->\n<title>Lucfeny\u0151 cs\u00fcng\u0151, Picea abies &#039;Inversa&#039; - T\u00e1jkert\u00e9sz<\/title>\n<meta name=\"description\" content=\"Lucfeny\u0151 cs\u00fcng\u0151, Picea abies &#039;Inversa&#039; Forman\u00f6v\u00e9nyek, \u00f6r\u00f6kz\u00f6ldek, hatalmas v\u00e1laszt\u00e9k, kert\u00e9szeti term\u00e9kek. V\u00e1s\u00e1roljon web\u00e1ruh\u00e1zunkb\u00f3l!\" \/>\n<meta name=\"robots\" content=\"index, follow, max-snippet:-1, max-image-preview:large, max-video-preview:-1\" \/>\n<link rel=\"canonical\" href=\"https:\/\/tajkertesz.com\/en_US\/product\/lucfenyo-csungo-picea-abies-inversa-tajkeretsz\/\" \/>\n<meta property=\"og:locale\" content=\"en_US\" \/>\n<meta property=\"og:type\" content=\"article\" \/>\n<meta property=\"og:title\" content=\"Lucfeny\u0151 cs\u00fcng\u0151, Picea abies &#039;Inversa&#039; - T\u00e1jkert\u00e9sz\" \/>\n<meta property=\"og:description\" content=\"Lucfeny\u0151 cs\u00fcng\u0151, Picea abies &#039;Inversa&#039; Forman\u00f6v\u00e9nyek, \u00f6r\u00f6kz\u00f6ldek, hatalmas v\u00e1laszt\u00e9k, kert\u00e9szeti term\u00e9kek. V\u00e1s\u00e1roljon web\u00e1ruh\u00e1zunkb\u00f3l!\" \/>\n<meta property=\"og:url\" content=\"https:\/\/tajkertesz.com\/en_US\/product\/lucfenyo-csungo-picea-abies-inversa-tajkeretsz\/\" \/>\n<meta property=\"og:site_name\" content=\"T\u00e1jkert\u00e9sz\" \/>\n<meta property=\"article:publisher\" content=\"https:\/\/www.facebook.com\/Tajkertesz\/\" \/>\n<meta property=\"article:modified_time\" content=\"2023-09-21T13:00:56+00:00\" \/>\n<meta property=\"og:image\" content=\"https:\/\/tajkertesz.com\/wp-content\/uploads\/2021\/09\/IMG_20210927_083513.jpg\" \/>\n\t<meta property=\"og:image:width\" content=\"450\" \/>\n\t<meta property=\"og:image:height\" content=\"600\" \/>\n\t<meta property=\"og:image:type\" content=\"image\/jpeg\" \/>\n<meta name=\"twitter:card\" content=\"summary_large_image\" \/>\n<meta name=\"twitter:label1\" content=\"Est. reading time\" \/>\n\t<meta name=\"twitter:data1\" content=\"2 minutes\" \/>\n<script type=\"application\/ld+json\" class=\"yoast-schema-graph\">{\"@context\":\"https:\\\/\\\/schema.org\",\"@graph\":[{\"@type\":\"WebPage\",\"@id\":\"https:\\\/\\\/tajkertesz.com\\\/termek\\\/lucfenyo-csungo-picea-abies-inversa-tajkeretsz\\\/\",\"url\":\"https:\\\/\\\/tajkertesz.com\\\/termek\\\/lucfenyo-csungo-picea-abies-inversa-tajkeretsz\\\/\",\"name\":\"Lucfeny\u0151 cs\u00fcng\u0151, Picea abies 'Inversa' - T\u00e1jkert\u00e9sz\",\"isPartOf\":{\"@id\":\"https:\\\/\\\/tajkertesz.com\\\/#website\"},\"primaryImageOfPage\":{\"@id\":\"https:\\\/\\\/tajkertesz.com\\\/termek\\\/lucfenyo-csungo-picea-abies-inversa-tajkeretsz\\\/#primaryimage\"},\"image\":{\"@id\":\"https:\\\/\\\/tajkertesz.com\\\/termek\\\/lucfenyo-csungo-picea-abies-inversa-tajkeretsz\\\/#primaryimage\"},\"thumbnailUrl\":\"https:\\\/\\\/tajkertesz.com\\\/wp-content\\\/uploads\\\/2021\\\/09\\\/IMG_20210927_083513.jpg\",\"datePublished\":\"2021-09-27T11:32:00+00:00\",\"dateModified\":\"2023-09-21T13:00:56+00:00\",\"description\":\"Lucfeny\u0151 cs\u00fcng\u0151, Picea abies 'Inversa' Forman\u00f6v\u00e9nyek, \u00f6r\u00f6kz\u00f6ldek, hatalmas v\u00e1laszt\u00e9k, kert\u00e9szeti term\u00e9kek. V\u00e1s\u00e1roljon web\u00e1ruh\u00e1zunkb\u00f3l!\",\"breadcrumb\":{\"@id\":\"https:\\\/\\\/tajkertesz.com\\\/termek\\\/lucfenyo-csungo-picea-abies-inversa-tajkeretsz\\\/#breadcrumb\"},\"inLanguage\":\"en-US\",\"potentialAction\":[{\"@type\":\"ReadAction\",\"target\":[\"https:\\\/\\\/tajkertesz.com\\\/termek\\\/lucfenyo-csungo-picea-abies-inversa-tajkeretsz\\\/\"]}]},{\"@type\":\"ImageObject\",\"inLanguage\":\"en-US\",\"@id\":\"https:\\\/\\\/tajkertesz.com\\\/termek\\\/lucfenyo-csungo-picea-abies-inversa-tajkeretsz\\\/#primaryimage\",\"url\":\"https:\\\/\\\/tajkertesz.com\\\/wp-content\\\/uploads\\\/2021\\\/09\\\/IMG_20210927_083513.jpg\",\"contentUrl\":\"https:\\\/\\\/tajkertesz.com\\\/wp-content\\\/uploads\\\/2021\\\/09\\\/IMG_20210927_083513.jpg\",\"width\":450,\"height\":600,\"caption\":\"hdr\"},{\"@type\":\"BreadcrumbList\",\"@id\":\"https:\\\/\\\/tajkertesz.com\\\/termek\\\/lucfenyo-csungo-picea-abies-inversa-tajkeretsz\\\/#breadcrumb\",\"itemListElement\":[{\"@type\":\"ListItem\",\"position\":1,\"name\":\"Home\",\"item\":\"https:\\\/\\\/tajkertesz.com\\\/\"},{\"@type\":\"ListItem\",\"position\":2,\"name\":\"Kezd\u0151lap\",\"item\":\"https:\\\/\\\/tajkertesz.com\\\/\"},{\"@type\":\"ListItem\",\"position\":3,\"name\":\"Lucfeny\u0151 cs\u00fcng\u0151, Picea abies &#8216;Inversa&#8217;\"}]},{\"@type\":\"WebSite\",\"@id\":\"https:\\\/\\\/tajkertesz.com\\\/#website\",\"url\":\"https:\\\/\\\/tajkertesz.com\\\/\",\"name\":\"T\u00e1j-Kert\u00e9sz 84 Kft.\",\"description\":\"Kert\u00e9szeti kis- \u00e9s nagykeresked\u00e9s, D\u00edszn\u00f6v\u00e9ny web\u00e1ruh\u00e1z orsz\u00e1gos h\u00e1zhozsz\u00e1ll\u00edt\u00e1ssal!\",\"publisher\":{\"@id\":\"https:\\\/\\\/tajkertesz.com\\\/#organization\"},\"potentialAction\":[{\"@type\":\"SearchAction\",\"target\":{\"@type\":\"EntryPoint\",\"urlTemplate\":\"https:\\\/\\\/tajkertesz.com\\\/?s={search_term_string}\"},\"query-input\":{\"@type\":\"PropertyValueSpecification\",\"valueRequired\":true,\"valueName\":\"search_term_string\"}}],\"inLanguage\":\"en-US\"},{\"@type\":\"Organization\",\"@id\":\"https:\\\/\\\/tajkertesz.com\\\/#organization\",\"name\":\"T\u00e1j-Kert\u00e9sz 84 Kft.\",\"url\":\"https:\\\/\\\/tajkertesz.com\\\/\",\"logo\":{\"@type\":\"ImageObject\",\"inLanguage\":\"en-US\",\"@id\":\"https:\\\/\\\/tajkertesz.com\\\/#\\\/schema\\\/logo\\\/image\\\/\",\"url\":\"https:\\\/\\\/tajkertesz.com\\\/wp-content\\\/uploads\\\/2018\\\/02\\\/logo-2-e1518678052539.png\",\"contentUrl\":\"https:\\\/\\\/tajkertesz.com\\\/wp-content\\\/uploads\\\/2018\\\/02\\\/logo-2-e1518678052539.png\",\"width\":81,\"height\":140,\"caption\":\"T\u00e1j-Kert\u00e9sz 84 Kft.\"},\"image\":{\"@id\":\"https:\\\/\\\/tajkertesz.com\\\/#\\\/schema\\\/logo\\\/image\\\/\"},\"sameAs\":[\"https:\\\/\\\/www.facebook.com\\\/Tajkertesz\\\/\"]}]}<\/script>\n<!-- \/ Yoast SEO plugin. -->","yoast_head_json":{"title":"Lucfeny\u0151 cs\u00fcng\u0151, Picea abies 'Inversa' - T\u00e1jkert\u00e9sz","description":"Lucfeny\u0151 cs\u00fcng\u0151, Picea abies 'Inversa' Forman\u00f6v\u00e9nyek, \u00f6r\u00f6kz\u00f6ldek, hatalmas v\u00e1laszt\u00e9k, kert\u00e9szeti term\u00e9kek. V\u00e1s\u00e1roljon web\u00e1ruh\u00e1zunkb\u00f3l!","robots":{"index":"index","follow":"follow","max-snippet":"max-snippet:-1","max-image-preview":"max-image-preview:large","max-video-preview":"max-video-preview:-1"},"canonical":"https:\/\/tajkertesz.com\/en_US\/product\/lucfenyo-csungo-picea-abies-inversa-tajkeretsz\/","og_locale":"en_US","og_type":"article","og_title":"Lucfeny\u0151 cs\u00fcng\u0151, Picea abies 'Inversa' - T\u00e1jkert\u00e9sz","og_description":"Lucfeny\u0151 cs\u00fcng\u0151, Picea abies 'Inversa' Forman\u00f6v\u00e9nyek, \u00f6r\u00f6kz\u00f6ldek, hatalmas v\u00e1laszt\u00e9k, kert\u00e9szeti term\u00e9kek. V\u00e1s\u00e1roljon web\u00e1ruh\u00e1zunkb\u00f3l!","og_url":"https:\/\/tajkertesz.com\/en_US\/product\/lucfenyo-csungo-picea-abies-inversa-tajkeretsz\/","og_site_name":"T\u00e1jkert\u00e9sz","article_publisher":"https:\/\/www.facebook.com\/Tajkertesz\/","article_modified_time":"2023-09-21T13:00:56+00:00","og_image":[{"width":450,"height":600,"url":"https:\/\/tajkertesz.com\/wp-content\/uploads\/2021\/09\/IMG_20210927_083513.jpg","type":"image\/jpeg"}],"twitter_card":"summary_large_image","twitter_misc":{"Est. reading time":"2 minutes"},"schema":{"@context":"https:\/\/schema.org","@graph":[{"@type":"WebPage","@id":"https:\/\/tajkertesz.com\/termek\/lucfenyo-csungo-picea-abies-inversa-tajkeretsz\/","url":"https:\/\/tajkertesz.com\/termek\/lucfenyo-csungo-picea-abies-inversa-tajkeretsz\/","name":"Lucfeny\u0151 cs\u00fcng\u0151, Picea abies 'Inversa' - T\u00e1jkert\u00e9sz","isPartOf":{"@id":"https:\/\/tajkertesz.com\/#website"},"primaryImageOfPage":{"@id":"https:\/\/tajkertesz.com\/termek\/lucfenyo-csungo-picea-abies-inversa-tajkeretsz\/#primaryimage"},"image":{"@id":"https:\/\/tajkertesz.com\/termek\/lucfenyo-csungo-picea-abies-inversa-tajkeretsz\/#primaryimage"},"thumbnailUrl":"https:\/\/tajkertesz.com\/wp-content\/uploads\/2021\/09\/IMG_20210927_083513.jpg","datePublished":"2021-09-27T11:32:00+00:00","dateModified":"2023-09-21T13:00:56+00:00","description":"Lucfeny\u0151 cs\u00fcng\u0151, Picea abies 'Inversa' Forman\u00f6v\u00e9nyek, \u00f6r\u00f6kz\u00f6ldek, hatalmas v\u00e1laszt\u00e9k, kert\u00e9szeti term\u00e9kek. V\u00e1s\u00e1roljon web\u00e1ruh\u00e1zunkb\u00f3l!","breadcrumb":{"@id":"https:\/\/tajkertesz.com\/termek\/lucfenyo-csungo-picea-abies-inversa-tajkeretsz\/#breadcrumb"},"inLanguage":"en-US","potentialAction":[{"@type":"ReadAction","target":["https:\/\/tajkertesz.com\/termek\/lucfenyo-csungo-picea-abies-inversa-tajkeretsz\/"]}]},{"@type":"ImageObject","inLanguage":"en-US","@id":"https:\/\/tajkertesz.com\/termek\/lucfenyo-csungo-picea-abies-inversa-tajkeretsz\/#primaryimage","url":"https:\/\/tajkertesz.com\/wp-content\/uploads\/2021\/09\/IMG_20210927_083513.jpg","contentUrl":"https:\/\/tajkertesz.com\/wp-content\/uploads\/2021\/09\/IMG_20210927_083513.jpg","width":450,"height":600,"caption":"hdr"},{"@type":"BreadcrumbList","@id":"https:\/\/tajkertesz.com\/termek\/lucfenyo-csungo-picea-abies-inversa-tajkeretsz\/#breadcrumb","itemListElement":[{"@type":"ListItem","position":1,"name":"Home","item":"https:\/\/tajkertesz.com\/"},{"@type":"ListItem","position":2,"name":"Kezd\u0151lap","item":"https:\/\/tajkertesz.com\/"},{"@type":"ListItem","position":3,"name":"Lucfeny\u0151 cs\u00fcng\u0151, Picea abies &#8216;Inversa&#8217;"}]},{"@type":"WebSite","@id":"https:\/\/tajkertesz.com\/#website","url":"https:\/\/tajkertesz.com\/","name":"T\u00e1j-Kert\u00e9sz 84 Kft.","description":"Kert\u00e9szeti kis- \u00e9s nagykeresked\u00e9s, D\u00edszn\u00f6v\u00e9ny web\u00e1ruh\u00e1z orsz\u00e1gos h\u00e1zhozsz\u00e1ll\u00edt\u00e1ssal!","publisher":{"@id":"https:\/\/tajkertesz.com\/#organization"},"potentialAction":[{"@type":"SearchAction","target":{"@type":"EntryPoint","urlTemplate":"https:\/\/tajkertesz.com\/?s={search_term_string}"},"query-input":{"@type":"PropertyValueSpecification","valueRequired":true,"valueName":"search_term_string"}}],"inLanguage":"en-US"},{"@type":"Organization","@id":"https:\/\/tajkertesz.com\/#organization","name":"T\u00e1j-Kert\u00e9sz 84 Kft.","url":"https:\/\/tajkertesz.com\/","logo":{"@type":"ImageObject","inLanguage":"en-US","@id":"https:\/\/tajkertesz.com\/#\/schema\/logo\/image\/","url":"https:\/\/tajkertesz.com\/wp-content\/uploads\/2018\/02\/logo-2-e1518678052539.png","contentUrl":"https:\/\/tajkertesz.com\/wp-content\/uploads\/2018\/02\/logo-2-e1518678052539.png","width":81,"height":140,"caption":"T\u00e1j-Kert\u00e9sz 84 Kft."},"image":{"@id":"https:\/\/tajkertesz.com\/#\/schema\/logo\/image\/"},"sameAs":["https:\/\/www.facebook.com\/Tajkertesz\/"]}]}},"_links":{"self":[{"href":"https:\/\/tajkertesz.com\/en_US\/wp-json\/wp\/v2\/product\/9606","targetHints":{"allow":["GET"]}}],"collection":[{"href":"https:\/\/tajkertesz.com\/en_US\/wp-json\/wp\/v2\/product"}],"about":[{"href":"https:\/\/tajkertesz.com\/en_US\/wp-json\/wp\/v2\/types\/product"}],"wp:featuredmedia":[{"embeddable":true,"href":"https:\/\/tajkertesz.com\/en_US\/wp-json\/wp\/v2\/media\/9607"}],"wp:attachment":[{"href":"https:\/\/tajkertesz.com\/en_US\/wp-json\/wp\/v2\/media?parent=9606"}],"wp:term":[{"taxonomy":"product_brand","embeddable":true,"href":"https:\/\/tajkertesz.com\/en_US\/wp-json\/wp\/v2\/product_brand?post=9606"},{"taxonomy":"product_cat","embeddable":true,"href":"https:\/\/tajkertesz.com\/en_US\/wp-json\/wp\/v2\/product_cat?post=9606"},{"taxonomy":"product_tag","embeddable":true,"href":"https:\/\/tajkertesz.com\/en_US\/wp-json\/wp\/v2\/product_tag?post=9606"}],"curies":[{"name":"wp","href":"https:\/\/api.w.org\/{rel}","templated":true}]}}