{"id":9610,"date":"2021-09-27T11:36:43","date_gmt":"2021-09-27T11:36:43","guid":{"rendered":"https:\/\/tajkertesz.com\/?post_type=product&#038;p=9610"},"modified":"2025-10-20T13:20:48","modified_gmt":"2025-10-20T13:20:48","slug":"cedrus-himalajai-arany-cedrus-deodara-aurea","status":"publish","type":"product","link":"https:\/\/tajkertesz.com\/en_US\/product\/cedrus-himalajai-arany-cedrus-deodara-aurea\/","title":{"rendered":"C\u00e9drus himal\u00e1jai arany- Cedrus deodara &#8216;Aurea&#8217;"},"content":{"rendered":"<h1 class=\"product-page-heading\">C\u00e9drus himal\u00e1jai arany- Cedrus deodara &#8216;Aurea&#8217;<\/h1>\n<p>&nbsp;<\/p>\n<p>C\u00e9drus himal\u00e1jai arany- Cedrus deodara &#8216;Aurea&#8217;,Koron\u00e1ja fiatalon k\u00fap alak\u00fa, id\u0151sebb korban m\u00e1r kisz\u00e9lesed\u0151, \u00e1gai a libanoni c\u00e9drusra eml\u00e9keztetve erny\u0151szer\u0171v\u00e9 v\u00e1lnak. A sud\u00e1r \u00e9s a vez\u00e9rhajt\u00e1sok v\u00e9ge b\u00f3kol\u00f3, az oldalhajt\u00e1sok cs\u00fcng\u0151ek.Kifejlett magass\u00e1g 8-12m. T\u0171levelei kem\u00e9nyek, 3-5 cm-es m\u00e9ret\u0171ek, a hossz\u00fahajt\u00e1sokon egyes\u00e9vel, a t\u00f6rpehajt\u00e1sokon csom\u00f3kban helyezkednek el. Toj\u00e1sdad alak\u00fa, fel\u00e1ll\u00f3, megny\u00falt tobozai sim\u00e1k, 7-11 cm-es m\u00e9ret\u0171ek, kezdetben sz\u00fcrk\u00e9s-z\u00f6ldek, \u00e9retten barn\u00e1k \u00e9s sz\u00e9tesnek.Lombja tavasszal aranys\u00e1rga, ezt a sz\u00edn\u00e9t ny\u00e1r v\u00e9g\u00e9ig meg\u0151rzi, m\u00edg \u0151szre \u00e9s t\u00e9lre z\u00f6ldess\u00e1rg\u00e1v\u00e1 v\u00e1lik, de \u00edgy sem vesz\u00edt d\u00edsz\u00edt\u0151\u00e9rt\u00e9k\u00e9b\u0151l. Norm\u00e1l n\u00f6veked\u00e9s\u0171, lassabban fejl\u0151dik mint az alapfaj.Napos, meleg, v\u00e9dett helyet kedvel. Haz\u00e1nk kl\u00edm\u00e1j\u00e1n &#8211; 20\u00b0C-ig t\u00e9l\u00e1ll\u00f3.\u00a0 J\u00f3 vizelvezet\u00e9s\u0171 \u00e9s enyh\u00e9n savany\u00fa talajt kedvel. A meszes talajt nem kedveli. Sz\u00e1razs\u00e1gt\u0171r\u0151.<\/p>\n<div id=\"MainContentPlaceHolder_GardenUsesRow\" class=\"row\">\n<p>200\/250 cm + kont\u00e9ner<\/p>\n<\/div>\n<p><a href=\"https:\/\/www.facebook.com\/tajkertesz\">https:\/\/www.facebook.com\/tajkertesz<\/a><\/p>\n<p><a href=\"https:\/\/tajkertesz.com\/\">https:\/\/tajkertesz.com\/<\/a><\/p>\n<h2><span id=\"Elterjed\u00e9se\" class=\"mw-headline\" style=\"color: #ffffff;\">Elterjed\u00e9se<\/span><\/h2>\n<p><span style=\"color: #ffffff;\">A t\u00f6bbi feny\u0151h\u00f6z hasonl\u00f3an az\u00e9szaki fl\u00f3rabirodalomban honos. A vir\u00e1gos n\u00f6v\u00e9nyek t\u00e9rh\u00f3d\u00edt\u00e1sa el\u0151tt kiterjedt erd\u0151s\u00e9geket alkotott szerte Eur\u00e1zsi\u00e1ban; elterjed\u00e9si ter\u00fclete az\u00f3ta k\u00e9t, elszigetelt term\u0151helyre zsugorodott: a himal\u00e1jai c\u00e9drus (mint neve is mutatja) a Himal\u00e1j\u00e1ban, a libanoni c\u00e9drus pedig a Mediterr\u00e1neumban \u00e9l \u2013 a h\u00e1rom alfaj egym\u00e1st\u00f3l is elszigetelt term\u0151helyeken, \u00fagy, hogy \u00e1llom\u00e1nyait er\u0151sen \u00f6sszezsugor\u00edtotta a fakitermel\u00e9s. \u00c9pp ez\u00e9rt egyesek szerint ezek val\u00f3j\u00e1ban egyetlen faj f\u00f6ldrajzilag elk\u00fcl\u00f6n\u00fclt popul\u00e1ci\u00f3i, m\u00edg m\u00e1sok term\u0151helyek szerint k\u00fcl\u00f6n-k\u00fcl\u00f6n fajokat k\u00fcl\u00f6nb\u00f6ztetnek meg.<\/span><\/p>\n<p>&nbsp;<\/p>\n<h2><span id=\"C\u00e9drus_a_kult\u00far\u00e1ban\" class=\"mw-headline\" style=\"color: #ffffff;\">C\u00e9drus a kult\u00far\u00e1ban<\/span><\/h2>\n<p><span style=\"color: #ffffff;\">Hossz\u00fa \u00e9let\u00fcknek, impoz\u00e1ns megjelen\u00e9s\u00fcknek \u00e9s kiv\u00e1l\u00f3 min\u0151s\u00e9g\u0171 f\u00e1juknak k\u00f6sz\u00f6nhet\u0151en valamennyi term\u0151hely\u00fck\u00f6n be\u00e9p\u00fcltek az ott \u00e9l\u0151 n\u00e9pek mitol\u00f3gi\u00e1j\u00e1ba (amint ezt az egyes fajokn\u00e1l ismertetj\u00fck). A Gilgames- eposzban a <b>C\u00e9drus-hegy<\/b>\u00a0egy mesebelien sz\u00e9p kert.<\/span><\/p>\n<p><span style=\"color: #ffffff;\">Lass\u00fa n\u00f6veked\u00e9s\u0171, alacsonyabb m\u00e9ret\u0171 c\u00e9drus. Ac\u00e9lk\u00e9k lombsz\u00edn\u00e9vel nagyon sz\u00e9pen mutat m\u00e1s sz\u00ednes lomb\u00fa n\u00f6v\u00e9nyekkel t\u00e1rs\u00edtva. K\u00e9kes-sz\u00fcrke t\u0171i s\u0171r\u0171n helyezkednek el a kecsesen b\u00f3kol\u00f3 \u00e1gakon.<\/span><br \/>\n<span style=\"color: #ffffff;\">Napos meleg, v\u00e9dettebb d\u00e9li fekv\u00e9s\u0171 helyre \u00fcltess\u00fck. J\u00f3 v\u00edz\u00e1tereszt\u0151 k\u00e9pess\u00e9g\u0171, enyh\u00e9n savany\u00fa talajban, p\u00e1r\u00e1s k\u00f6rnyezetben fejl\u0151dik sz\u00e9pen. A meszes talaj nem toler\u00e1lja. Az egyenletes fejl\u0151d\u00e9s \u00e9rdek\u00e9ben a sz\u00e1razabb id\u0151szakokban \u00e9rdemes \u00f6nt\u00f6zni.<\/span><br \/>\n<span style=\"color: #ffffff;\">Szoliternek, s\u00edrokra, el\u0151kertbe is \u00fcltethet\u0151<\/span><\/p>\n<p>&nbsp;<\/p>\n<p>&nbsp;<\/p>\n<p>&nbsp;<\/p>\n<p>Sz\u00e1ll\u00edt\u00e1s fut\u00e1rszolg\u00e1lattal 200 cm \u00e9s 40 Kg-ig lehets\u00e9ges, e felett egyedi aj\u00e1nlat sz\u00fcks\u00e9ges.<\/p>","protected":false},"excerpt":{"rendered":"<h1 class=\"product-page-heading\">C\u00e9drus himal\u00e1jai arany- Cedrus deodara &#8216;Aurea&#8217;<\/h1>\n<p>&nbsp;<\/p>\n<p>&nbsp;<\/p>","protected":false},"featured_media":9611,"template":"","meta":{"_et_pb_use_builder":"","_et_pb_old_content":"","_et_gb_content_width":""},"product_brand":[],"product_cat":[26],"product_tag":[2796],"class_list":{"0":"post-9610","1":"product","2":"type-product","3":"status-publish","4":"has-post-thumbnail","6":"product_cat-orokzold-novenyek","7":"product_tag-cedrus-himalajai-arany-cedrus-deodara-aurea","9":"first","10":"outofstock","11":"shipping-taxable","12":"purchasable","13":"product-type-simple"},"yoast_head":"<!-- This site is optimized with the Yoast SEO plugin v27.3 - https:\/\/yoast.com\/product\/yoast-seo-wordpress\/ -->\n<title>C\u00e9drus himal\u00e1jai arany- Cedrus deodara &#039;Aurea&#039; - T\u00e1jkert\u00e9sz<\/title>\n<meta name=\"description\" content=\"C\u00e9drus himal\u00e1jai arany- Cedrus deodara &#039;Aurea&#039;\" \/>\n<meta name=\"robots\" content=\"index, follow, max-snippet:-1, max-image-preview:large, max-video-preview:-1\" \/>\n<link rel=\"canonical\" href=\"https:\/\/tajkertesz.com\/en_US\/product\/cedrus-himalajai-arany-cedrus-deodara-aurea\/\" \/>\n<meta property=\"og:locale\" content=\"en_US\" \/>\n<meta property=\"og:type\" content=\"article\" \/>\n<meta property=\"og:title\" content=\"C\u00e9drus himal\u00e1jai arany- Cedrus deodara &#039;Aurea&#039; - T\u00e1jkert\u00e9sz\" \/>\n<meta property=\"og:description\" content=\"C\u00e9drus himal\u00e1jai arany- Cedrus deodara &#039;Aurea&#039;\" \/>\n<meta property=\"og:url\" content=\"https:\/\/tajkertesz.com\/en_US\/product\/cedrus-himalajai-arany-cedrus-deodara-aurea\/\" \/>\n<meta property=\"og:site_name\" content=\"T\u00e1jkert\u00e9sz\" \/>\n<meta property=\"article:publisher\" content=\"https:\/\/www.facebook.com\/Tajkertesz\/\" \/>\n<meta property=\"article:modified_time\" content=\"2025-10-20T13:20:48+00:00\" \/>\n<meta property=\"og:image\" content=\"https:\/\/tajkertesz.com\/wp-content\/uploads\/2021\/09\/IMG_20210927_083841.jpg\" \/>\n\t<meta property=\"og:image:width\" content=\"449\" \/>\n\t<meta property=\"og:image:height\" content=\"600\" \/>\n\t<meta property=\"og:image:type\" content=\"image\/jpeg\" \/>\n<meta name=\"twitter:card\" content=\"summary_large_image\" \/>\n<meta name=\"twitter:label1\" content=\"Est. reading time\" \/>\n\t<meta name=\"twitter:data1\" content=\"2 minutes\" \/>\n<script type=\"application\/ld+json\" class=\"yoast-schema-graph\">{\"@context\":\"https:\\\/\\\/schema.org\",\"@graph\":[{\"@type\":\"WebPage\",\"@id\":\"https:\\\/\\\/tajkertesz.com\\\/termek\\\/cedrus-himalajai-arany-cedrus-deodara-aurea\\\/\",\"url\":\"https:\\\/\\\/tajkertesz.com\\\/termek\\\/cedrus-himalajai-arany-cedrus-deodara-aurea\\\/\",\"name\":\"C\u00e9drus himal\u00e1jai arany- Cedrus deodara 'Aurea' - T\u00e1jkert\u00e9sz\",\"isPartOf\":{\"@id\":\"https:\\\/\\\/tajkertesz.com\\\/#website\"},\"primaryImageOfPage\":{\"@id\":\"https:\\\/\\\/tajkertesz.com\\\/termek\\\/cedrus-himalajai-arany-cedrus-deodara-aurea\\\/#primaryimage\"},\"image\":{\"@id\":\"https:\\\/\\\/tajkertesz.com\\\/termek\\\/cedrus-himalajai-arany-cedrus-deodara-aurea\\\/#primaryimage\"},\"thumbnailUrl\":\"https:\\\/\\\/tajkertesz.com\\\/wp-content\\\/uploads\\\/2021\\\/09\\\/IMG_20210927_083841.jpg\",\"datePublished\":\"2021-09-27T11:36:43+00:00\",\"dateModified\":\"2025-10-20T13:20:48+00:00\",\"description\":\"C\u00e9drus himal\u00e1jai arany- Cedrus deodara 'Aurea'\",\"breadcrumb\":{\"@id\":\"https:\\\/\\\/tajkertesz.com\\\/termek\\\/cedrus-himalajai-arany-cedrus-deodara-aurea\\\/#breadcrumb\"},\"inLanguage\":\"en-US\",\"potentialAction\":[{\"@type\":\"ReadAction\",\"target\":[\"https:\\\/\\\/tajkertesz.com\\\/termek\\\/cedrus-himalajai-arany-cedrus-deodara-aurea\\\/\"]}]},{\"@type\":\"ImageObject\",\"inLanguage\":\"en-US\",\"@id\":\"https:\\\/\\\/tajkertesz.com\\\/termek\\\/cedrus-himalajai-arany-cedrus-deodara-aurea\\\/#primaryimage\",\"url\":\"https:\\\/\\\/tajkertesz.com\\\/wp-content\\\/uploads\\\/2021\\\/09\\\/IMG_20210927_083841.jpg\",\"contentUrl\":\"https:\\\/\\\/tajkertesz.com\\\/wp-content\\\/uploads\\\/2021\\\/09\\\/IMG_20210927_083841.jpg\",\"width\":449,\"height\":600,\"caption\":\"hdr\"},{\"@type\":\"BreadcrumbList\",\"@id\":\"https:\\\/\\\/tajkertesz.com\\\/termek\\\/cedrus-himalajai-arany-cedrus-deodara-aurea\\\/#breadcrumb\",\"itemListElement\":[{\"@type\":\"ListItem\",\"position\":1,\"name\":\"Home\",\"item\":\"https:\\\/\\\/tajkertesz.com\\\/\"},{\"@type\":\"ListItem\",\"position\":2,\"name\":\"Kezd\u0151lap\",\"item\":\"https:\\\/\\\/tajkertesz.com\\\/\"},{\"@type\":\"ListItem\",\"position\":3,\"name\":\"C\u00e9drus himal\u00e1jai arany- Cedrus deodara &#8216;Aurea&#8217;\"}]},{\"@type\":\"WebSite\",\"@id\":\"https:\\\/\\\/tajkertesz.com\\\/#website\",\"url\":\"https:\\\/\\\/tajkertesz.com\\\/\",\"name\":\"T\u00e1j-Kert\u00e9sz 84 Kft.\",\"description\":\"Kert\u00e9szeti kis- \u00e9s nagykeresked\u00e9s, D\u00edszn\u00f6v\u00e9ny web\u00e1ruh\u00e1z orsz\u00e1gos h\u00e1zhozsz\u00e1ll\u00edt\u00e1ssal!\",\"publisher\":{\"@id\":\"https:\\\/\\\/tajkertesz.com\\\/#organization\"},\"potentialAction\":[{\"@type\":\"SearchAction\",\"target\":{\"@type\":\"EntryPoint\",\"urlTemplate\":\"https:\\\/\\\/tajkertesz.com\\\/?s={search_term_string}\"},\"query-input\":{\"@type\":\"PropertyValueSpecification\",\"valueRequired\":true,\"valueName\":\"search_term_string\"}}],\"inLanguage\":\"en-US\"},{\"@type\":\"Organization\",\"@id\":\"https:\\\/\\\/tajkertesz.com\\\/#organization\",\"name\":\"T\u00e1j-Kert\u00e9sz 84 Kft.\",\"url\":\"https:\\\/\\\/tajkertesz.com\\\/\",\"logo\":{\"@type\":\"ImageObject\",\"inLanguage\":\"en-US\",\"@id\":\"https:\\\/\\\/tajkertesz.com\\\/#\\\/schema\\\/logo\\\/image\\\/\",\"url\":\"https:\\\/\\\/tajkertesz.com\\\/wp-content\\\/uploads\\\/2018\\\/02\\\/logo-2-e1518678052539.png\",\"contentUrl\":\"https:\\\/\\\/tajkertesz.com\\\/wp-content\\\/uploads\\\/2018\\\/02\\\/logo-2-e1518678052539.png\",\"width\":81,\"height\":140,\"caption\":\"T\u00e1j-Kert\u00e9sz 84 Kft.\"},\"image\":{\"@id\":\"https:\\\/\\\/tajkertesz.com\\\/#\\\/schema\\\/logo\\\/image\\\/\"},\"sameAs\":[\"https:\\\/\\\/www.facebook.com\\\/Tajkertesz\\\/\"]}]}<\/script>\n<!-- \/ Yoast SEO plugin. -->","yoast_head_json":{"title":"C\u00e9drus himal\u00e1jai arany- Cedrus deodara 'Aurea' - T\u00e1jkert\u00e9sz","description":"C\u00e9drus himal\u00e1jai arany- Cedrus deodara 'Aurea'","robots":{"index":"index","follow":"follow","max-snippet":"max-snippet:-1","max-image-preview":"max-image-preview:large","max-video-preview":"max-video-preview:-1"},"canonical":"https:\/\/tajkertesz.com\/en_US\/product\/cedrus-himalajai-arany-cedrus-deodara-aurea\/","og_locale":"en_US","og_type":"article","og_title":"C\u00e9drus himal\u00e1jai arany- Cedrus deodara 'Aurea' - T\u00e1jkert\u00e9sz","og_description":"C\u00e9drus himal\u00e1jai arany- Cedrus deodara 'Aurea'","og_url":"https:\/\/tajkertesz.com\/en_US\/product\/cedrus-himalajai-arany-cedrus-deodara-aurea\/","og_site_name":"T\u00e1jkert\u00e9sz","article_publisher":"https:\/\/www.facebook.com\/Tajkertesz\/","article_modified_time":"2025-10-20T13:20:48+00:00","og_image":[{"width":449,"height":600,"url":"https:\/\/tajkertesz.com\/wp-content\/uploads\/2021\/09\/IMG_20210927_083841.jpg","type":"image\/jpeg"}],"twitter_card":"summary_large_image","twitter_misc":{"Est. reading time":"2 minutes"},"schema":{"@context":"https:\/\/schema.org","@graph":[{"@type":"WebPage","@id":"https:\/\/tajkertesz.com\/termek\/cedrus-himalajai-arany-cedrus-deodara-aurea\/","url":"https:\/\/tajkertesz.com\/termek\/cedrus-himalajai-arany-cedrus-deodara-aurea\/","name":"C\u00e9drus himal\u00e1jai arany- Cedrus deodara 'Aurea' - T\u00e1jkert\u00e9sz","isPartOf":{"@id":"https:\/\/tajkertesz.com\/#website"},"primaryImageOfPage":{"@id":"https:\/\/tajkertesz.com\/termek\/cedrus-himalajai-arany-cedrus-deodara-aurea\/#primaryimage"},"image":{"@id":"https:\/\/tajkertesz.com\/termek\/cedrus-himalajai-arany-cedrus-deodara-aurea\/#primaryimage"},"thumbnailUrl":"https:\/\/tajkertesz.com\/wp-content\/uploads\/2021\/09\/IMG_20210927_083841.jpg","datePublished":"2021-09-27T11:36:43+00:00","dateModified":"2025-10-20T13:20:48+00:00","description":"C\u00e9drus himal\u00e1jai arany- Cedrus deodara 'Aurea'","breadcrumb":{"@id":"https:\/\/tajkertesz.com\/termek\/cedrus-himalajai-arany-cedrus-deodara-aurea\/#breadcrumb"},"inLanguage":"en-US","potentialAction":[{"@type":"ReadAction","target":["https:\/\/tajkertesz.com\/termek\/cedrus-himalajai-arany-cedrus-deodara-aurea\/"]}]},{"@type":"ImageObject","inLanguage":"en-US","@id":"https:\/\/tajkertesz.com\/termek\/cedrus-himalajai-arany-cedrus-deodara-aurea\/#primaryimage","url":"https:\/\/tajkertesz.com\/wp-content\/uploads\/2021\/09\/IMG_20210927_083841.jpg","contentUrl":"https:\/\/tajkertesz.com\/wp-content\/uploads\/2021\/09\/IMG_20210927_083841.jpg","width":449,"height":600,"caption":"hdr"},{"@type":"BreadcrumbList","@id":"https:\/\/tajkertesz.com\/termek\/cedrus-himalajai-arany-cedrus-deodara-aurea\/#breadcrumb","itemListElement":[{"@type":"ListItem","position":1,"name":"Home","item":"https:\/\/tajkertesz.com\/"},{"@type":"ListItem","position":2,"name":"Kezd\u0151lap","item":"https:\/\/tajkertesz.com\/"},{"@type":"ListItem","position":3,"name":"C\u00e9drus himal\u00e1jai arany- Cedrus deodara &#8216;Aurea&#8217;"}]},{"@type":"WebSite","@id":"https:\/\/tajkertesz.com\/#website","url":"https:\/\/tajkertesz.com\/","name":"T\u00e1j-Kert\u00e9sz 84 Kft.","description":"Kert\u00e9szeti kis- \u00e9s nagykeresked\u00e9s, D\u00edszn\u00f6v\u00e9ny web\u00e1ruh\u00e1z orsz\u00e1gos h\u00e1zhozsz\u00e1ll\u00edt\u00e1ssal!","publisher":{"@id":"https:\/\/tajkertesz.com\/#organization"},"potentialAction":[{"@type":"SearchAction","target":{"@type":"EntryPoint","urlTemplate":"https:\/\/tajkertesz.com\/?s={search_term_string}"},"query-input":{"@type":"PropertyValueSpecification","valueRequired":true,"valueName":"search_term_string"}}],"inLanguage":"en-US"},{"@type":"Organization","@id":"https:\/\/tajkertesz.com\/#organization","name":"T\u00e1j-Kert\u00e9sz 84 Kft.","url":"https:\/\/tajkertesz.com\/","logo":{"@type":"ImageObject","inLanguage":"en-US","@id":"https:\/\/tajkertesz.com\/#\/schema\/logo\/image\/","url":"https:\/\/tajkertesz.com\/wp-content\/uploads\/2018\/02\/logo-2-e1518678052539.png","contentUrl":"https:\/\/tajkertesz.com\/wp-content\/uploads\/2018\/02\/logo-2-e1518678052539.png","width":81,"height":140,"caption":"T\u00e1j-Kert\u00e9sz 84 Kft."},"image":{"@id":"https:\/\/tajkertesz.com\/#\/schema\/logo\/image\/"},"sameAs":["https:\/\/www.facebook.com\/Tajkertesz\/"]}]}},"_links":{"self":[{"href":"https:\/\/tajkertesz.com\/en_US\/wp-json\/wp\/v2\/product\/9610","targetHints":{"allow":["GET"]}}],"collection":[{"href":"https:\/\/tajkertesz.com\/en_US\/wp-json\/wp\/v2\/product"}],"about":[{"href":"https:\/\/tajkertesz.com\/en_US\/wp-json\/wp\/v2\/types\/product"}],"wp:featuredmedia":[{"embeddable":true,"href":"https:\/\/tajkertesz.com\/en_US\/wp-json\/wp\/v2\/media\/9611"}],"wp:attachment":[{"href":"https:\/\/tajkertesz.com\/en_US\/wp-json\/wp\/v2\/media?parent=9610"}],"wp:term":[{"taxonomy":"product_brand","embeddable":true,"href":"https:\/\/tajkertesz.com\/en_US\/wp-json\/wp\/v2\/product_brand?post=9610"},{"taxonomy":"product_cat","embeddable":true,"href":"https:\/\/tajkertesz.com\/en_US\/wp-json\/wp\/v2\/product_cat?post=9610"},{"taxonomy":"product_tag","embeddable":true,"href":"https:\/\/tajkertesz.com\/en_US\/wp-json\/wp\/v2\/product_tag?post=9610"}],"curies":[{"name":"wp","href":"https:\/\/api.w.org\/{rel}","templated":true}]}}