{"id":966,"date":"2020-02-19T11:45:42","date_gmt":"2020-02-19T11:45:42","guid":{"rendered":"https:\/\/tajkertesz.com\/?post_type=product&#038;p=966"},"modified":"2024-09-19T13:08:22","modified_gmt":"2024-09-19T13:08:22","slug":"prunus-triloba-multiplex-babarozsa","status":"publish","type":"product","link":"https:\/\/tajkertesz.com\/en_US\/product\/prunus-triloba-multiplex-babarozsa\/","title":{"rendered":"Prunus triloba &#8216;Multiplex&#8217;, Babar\u00f3zsa t\u00f6rzses"},"content":{"rendered":"<p>Prunus triloba &#8216;Multiplex&#8217;, Babar\u00f3zsa t\u00f6rzses<\/p>\n<p>&nbsp;<\/p>\n<p>Prunus triloba Multiplex ,Teltvir\u00e1g\u00fa Babar\u00f3zsa, g\u00f6mb\u00f6lyded, kistermet\u0171, lass\u00fa n\u00f6veked\u00e9s\u0171, v\u00e9kony, fel\u00e1ll\u00f3 hajt\u00e1s\u00fa, lombhullat\u00f3 cserje.vagy fa.<\/p>\n<p>&nbsp;<\/p>\n<p><b>N\u00f6veked\u00e9s, alak:<\/b>\u00a0Saj\u00e1t gy\u00f6k\u00e9ren 1,5-2 m magas cserje, fel\u00e1ll\u00f3 \u00e1grendszerrel. T\u00f6rzsre is oltj\u00e1k, szilva alanyon ak\u00e1r utcai, kism\u00e9ret\u0171, felt\u0171n\u0151en sz\u00e9pen vir\u00e1gz\u00f3 fa lehet. Alacsony t\u00f6rzs\u00f6n kertbe, ed\u00e9nyekbe mutat\u00f3s szoliter.<br \/>\n<b>Lev\u00e9l:<\/b>\u00a0Sz\u00e9les ellipszis alak\u00fa, s\u00f6t\u00e9tz\u00f6ld, \u0151sszel s\u00e1rg\u00e1ra, n\u00e9ha narancssz\u00edn\u0171re v\u00e1lt.<br \/>\n<b>Vir\u00e1g:<\/b>\u00a03,5 cm-es, telt, r\u00f3zsasz\u00edn, az \u00e9ves vessz\u0151k\u00f6n azok teljes hossz\u00e1ban t\u00f6m\u00f6tten \u00e1ll\u00f3k.<br \/>\n<b>Term\u00e9s:<\/b>\u00a0Nincs.<br \/>\n<b>Term\u0151hely, ig\u00e9ny:<\/b>\u00a0Talajig\u00e9nye minim\u00e1lis, a t\u00fal nedves \u00e9s sz\u00e9ls\u0151s\u00e9gesen savany\u00fa vagy l\u00fagos talajok kiv\u00e9tel\u00e9vel mindenhol meg\u00e9l. El\u0151ny a laz\u00e1bb talaj.<br \/>\n<b>Felhaszn\u00e1l\u00e1s:<\/b>\u00a0Szoliter cserje mag\u00e1ban vagy kisebb csoportokban. T\u00f6rzsre oltva parkfa, sorfa is lehet.<\/p>\n<p>&nbsp;<\/p>\n<p>Jelen term\u00e9k\u00fcnk 5 literes cser\u00e9pben kaphat\u00f3. T\u00f6rzsmagass\u00e1ga 100 cm.<\/p>\n<p><a href=\"https:\/\/tajkertesz.com\/\">https:\/\/tajkertesz.com\/<\/a><\/p>\n<p><a href=\"https:\/\/hu.wikipedia.org\/wiki\/Prunus\">https:\/\/hu.wikipedia.org\/wiki\/Prunus<\/a><\/p>\n<p><span style=\"color: #ffffff;\">A Prunus triloba Multiplex \/ Teltvir\u00e1g\u00fa babar\u00f3zsa, 2-3 m magas, g\u00f6mb\u00f6lyded, kistermet\u0171, lass\u00fa n\u00f6veked\u00e9s\u0171, v\u00e9kony, fel\u00e1ll\u00f3 hajt\u00e1s\u00fa, lombhullat\u00f3 cserje. Vir\u00e1ga t\u00f6mve teltek, lombfakad\u00e1s el\u0151tt, \u00e1prilis m\u00e1jusban, az \u00e9ves vessz\u0151k teljes hossz\u00e1ban ny\u00edlnak, r\u00f3zsasz\u00edn\u0171ek.<\/span><\/p>\n<p><span style=\"color: #ffffff;\">A\u00a0<i>Prunus<\/i>\u00a0nemzets\u00e9ghez tartozik a\u00a0<a style=\"color: #ffffff;\" title=\"Mandula (n\u00f6v\u00e9nyfaj)\" href=\"https:\/\/hu.wikipedia.org\/wiki\/Mandula_(n%C3%B6v%C3%A9nyfaj)\">mandula<\/a>, a\u00a0<a style=\"color: #ffffff;\" title=\"Kajszibarack\" href=\"https:\/\/hu.wikipedia.org\/wiki\/Kajszibarack\">ka<\/a><\/span><\/p>\n<p><span style=\"color: #ffffff;\"><a style=\"color: #ffffff;\" title=\"Kajszibarack\" href=\"https:\/\/hu.wikipedia.org\/wiki\/Kajszibarack\">,<\/a><\/span><\/p>\n<p>&nbsp;<\/p>\n<p><span style=\"color: #ffffff;\"><a style=\"color: #ffffff;\" title=\"Kajszibarack\" href=\"https:\/\/hu.wikipedia.org\/wiki\/Kajszibarack\">jszibarack<\/a>, a\u00a0<a style=\"color: #ffffff;\" title=\"Cseresznye\" href=\"https:\/\/hu.wikipedia.org\/wiki\/Cseresznye\">cseresznye<\/a>\u00a0\u00e9s\u00a0<a style=\"color: #ffffff;\" title=\"Meggy\" href=\"https:\/\/hu.wikipedia.org\/wiki\/Meggy\">meggy<\/a>, az\u00a0<a style=\"color: #ffffff;\" title=\"\u0150szibarack\" href=\"https:\/\/hu.wikipedia.org\/wiki\/%C5%90szibarack\">\u0151szibarack<\/a>\u00a0\u00e9s a\u00a0<a style=\"color: #ffffff;\" title=\"Nemes szilva\" href=\"https:\/\/hu.wikipedia.org\/wiki\/Nemes_szilva\">nemes szilva<\/a>, amelyek mindegyik\u00e9nek van a kereskedelmi\u00a0<a style=\"color: #ffffff;\" title=\"Gy\u00fcm\u00f6lcs\" href=\"https:\/\/hu.wikipedia.org\/wiki\/Gy%C3%BCm%C3%B6lcs\">gy\u00fcm\u00f6lcstermeszt\u00e9sre<\/a>\u00a0kifejlesztett\u00a0<a style=\"color: #ffffff;\" title=\"Fajta\" href=\"https:\/\/hu.wikipedia.org\/wiki\/Fajta\">fajt\u00e1ja<\/a>. A mandula ehet\u0151 r\u00e9sze tulajdonk\u00e9ppen nem maga a term\u00e9s, csak a mag; a term\u00e9se ugyanis felny\u00edl\u00f3 csonth\u00e9jas term\u00e9s, ami nem keverend\u0151 \u00f6ssze a makkokkal. Van sz\u00e1mos faj,\u00a0<a style=\"color: #ffffff;\" title=\"Hibrid (biol\u00f3gia)\" href=\"https:\/\/hu.wikipedia.org\/wiki\/Hibrid_(biol%C3%B3gia)\">hibrid<\/a>, \u00e9s\u00a0<a style=\"color: #ffffff;\" title=\"Fajta\" href=\"https:\/\/hu.wikipedia.org\/wiki\/Fajta\">fajta<\/a>, amelyeket szigor\u00faan\u00a0<a style=\"color: #ffffff;\" title=\"D\u00edszn\u00f6v\u00e9ny\" href=\"https:\/\/hu.wikipedia.org\/wiki\/D%C3%ADszn%C3%B6v%C3%A9ny\">d\u00edszn\u00f6v\u00e9nyk\u00e9nt<\/a>\u00a0termesztenek, \u00e1ltal\u00e1ban pazar vir\u00e1gaik\u00e9rt, illetve n\u00e9melyiket a level\u00e9\u00e9rt vagy k\u00e9rg\u00e9\u00e9rt. Ezek k\u00f6z\u00e9 a d\u00edszn\u00f6v\u00e9nyek k\u00f6z\u00e9 tartozik az a csoport, amelynek tagjait\u00a0<i>d\u00edszcsereszny\u00e9knek<\/i>\u00a0nevezz\u00fck.<\/span><\/p>\n<p><span style=\"color: #ffffff;\">Mivel mind \u00e9lelmiszerk\u00e9nt, mind d\u00edszn\u00f6v\u00e9nyk\u00e9nt jelent\u0151s \u00e9rt\u00e9ket k\u00e9pviselnek, sok\u00a0<i>Prunus<\/i>\u00a0fajt\u00a0<a class=\"new\" style=\"color: #ffffff;\" title=\"Betelep\u00edtett fajok (a lap nem l\u00e9tezik)\" href=\"https:\/\/hu.wikipedia.org\/w\/index.php?title=Betelep%C3%ADtett_fajok&amp;action=edit&amp;redlink=1\">telep\u00edtettek be<\/a>\u00a0a vil\u00e1g olyan t\u00e1jaira, ahol nem voltak \u0151shonosak. Az \u00d3vil\u00e1g sok faj\u00e1t vil\u00e1gszerte termesztik d\u00edszk\u00e9nt vagy a gy\u00fcm\u00f6lcs\u00e9\u00e9rt; \u00e9s sok k\u00f6z\u00fcl\u00fck ezeken a ter\u00fcleteken is m\u00e1r-m\u00e1r \u0151shonosnak sz\u00e1m\u00edt.<\/span><\/p>\n<p>&nbsp;<\/p>","protected":false},"excerpt":{"rendered":"<p>Prunus triloba Multiplex ,Teltvir\u00e1g\u00fa Babar\u00f3zsa, g\u00f6mb\u00f6lyded, kistermet\u0171, lass\u00fa n\u00f6veked\u00e9s\u0171, v\u00e9kony, fel\u00e1ll\u00f3 hajt\u00e1s\u00fa, lombhullat\u00f3 cserje.vagy fa.<\/p>\n<p>&nbsp;<\/p>\n<p>&nbsp;<\/p>","protected":false},"featured_media":4955,"template":"","meta":{"_et_pb_use_builder":"","_et_pb_old_content":"","_et_gb_content_width":""},"product_brand":[],"product_cat":[28],"product_tag":[139,138],"class_list":{"0":"post-966","1":"product","2":"type-product","3":"status-publish","4":"has-post-thumbnail","6":"product_cat-diszfak","7":"product_tag-babarozsa","8":"product_tag-prunus-triloba-multiplex","10":"first","11":"outofstock","12":"shipping-taxable","13":"purchasable","14":"product-type-simple"},"yoast_head":"<!-- This site is optimized with the Yoast SEO plugin v27.6 - https:\/\/yoast.com\/product\/yoast-seo-wordpress\/ -->\n<title>Prunus triloba &#039;Multiplex&#039;, Babar\u00f3zsa t\u00f6rzses - T\u00e1jkert\u00e9sz<\/title>\n<meta name=\"description\" content=\"A Prunus triloba Multiplex Teltvir\u00e1g\u00fa babar\u00f3zsa, 2-3 m magas, g\u00f6mb\u00f6lyded, kistermet\u0171, lass\u00fa n\u00f6veked\u00e9s\u0171, v\u00e9kony, fel\u00e1ll\u00f3 hajt\u00e1s\u00fa, lombhullat\u00f3 cserje.vagy fa.\" \/>\n<meta name=\"robots\" content=\"index, follow, max-snippet:-1, max-image-preview:large, max-video-preview:-1\" \/>\n<link rel=\"canonical\" href=\"https:\/\/tajkertesz.com\/en_US\/product\/prunus-triloba-multiplex-babarozsa\/\" \/>\n<meta property=\"og:locale\" content=\"en_US\" \/>\n<meta property=\"og:type\" content=\"article\" \/>\n<meta property=\"og:title\" content=\"Prunus triloba &#039;Multiplex&#039;, Babar\u00f3zsa t\u00f6rzses - T\u00e1jkert\u00e9sz\" \/>\n<meta property=\"og:description\" content=\"A Prunus triloba Multiplex Teltvir\u00e1g\u00fa babar\u00f3zsa, 2-3 m magas, g\u00f6mb\u00f6lyded, kistermet\u0171, lass\u00fa n\u00f6veked\u00e9s\u0171, v\u00e9kony, fel\u00e1ll\u00f3 hajt\u00e1s\u00fa, lombhullat\u00f3 cserje.vagy fa.\" \/>\n<meta property=\"og:url\" content=\"https:\/\/tajkertesz.com\/en_US\/product\/prunus-triloba-multiplex-babarozsa\/\" \/>\n<meta property=\"og:site_name\" content=\"T\u00e1jkert\u00e9sz\" \/>\n<meta property=\"article:publisher\" content=\"https:\/\/www.facebook.com\/Tajkertesz\/\" \/>\n<meta property=\"article:modified_time\" content=\"2024-09-19T13:08:22+00:00\" \/>\n<meta property=\"og:image\" content=\"https:\/\/tajkertesz.com\/wp-content\/uploads\/2020\/02\/Prunus-triloba-multiplex.jpg-2.jpg\" \/>\n\t<meta property=\"og:image:width\" content=\"703\" \/>\n\t<meta property=\"og:image:height\" content=\"937\" \/>\n\t<meta property=\"og:image:type\" content=\"image\/jpeg\" \/>\n<meta name=\"twitter:card\" content=\"summary_large_image\" \/>\n<meta name=\"twitter:label1\" content=\"Est. reading time\" \/>\n\t<meta name=\"twitter:data1\" content=\"2 minutes\" \/>\n<script type=\"application\/ld+json\" class=\"yoast-schema-graph\">{\"@context\":\"https:\\\/\\\/schema.org\",\"@graph\":[{\"@type\":\"WebPage\",\"@id\":\"https:\\\/\\\/tajkertesz.com\\\/termek\\\/prunus-triloba-multiplex-babarozsa\\\/\",\"url\":\"https:\\\/\\\/tajkertesz.com\\\/termek\\\/prunus-triloba-multiplex-babarozsa\\\/\",\"name\":\"Prunus triloba 'Multiplex', Babar\u00f3zsa t\u00f6rzses - T\u00e1jkert\u00e9sz\",\"isPartOf\":{\"@id\":\"https:\\\/\\\/tajkertesz.com\\\/#website\"},\"primaryImageOfPage\":{\"@id\":\"https:\\\/\\\/tajkertesz.com\\\/termek\\\/prunus-triloba-multiplex-babarozsa\\\/#primaryimage\"},\"image\":{\"@id\":\"https:\\\/\\\/tajkertesz.com\\\/termek\\\/prunus-triloba-multiplex-babarozsa\\\/#primaryimage\"},\"thumbnailUrl\":\"https:\\\/\\\/tajkertesz.com\\\/wp-content\\\/uploads\\\/2020\\\/02\\\/Prunus-triloba-multiplex.jpg-2.jpg\",\"datePublished\":\"2020-02-19T11:45:42+00:00\",\"dateModified\":\"2024-09-19T13:08:22+00:00\",\"description\":\"A Prunus triloba Multiplex Teltvir\u00e1g\u00fa babar\u00f3zsa, 2-3 m magas, g\u00f6mb\u00f6lyded, kistermet\u0171, lass\u00fa n\u00f6veked\u00e9s\u0171, v\u00e9kony, fel\u00e1ll\u00f3 hajt\u00e1s\u00fa, lombhullat\u00f3 cserje.vagy fa.\",\"breadcrumb\":{\"@id\":\"https:\\\/\\\/tajkertesz.com\\\/termek\\\/prunus-triloba-multiplex-babarozsa\\\/#breadcrumb\"},\"inLanguage\":\"en-US\",\"potentialAction\":[{\"@type\":\"ReadAction\",\"target\":[\"https:\\\/\\\/tajkertesz.com\\\/termek\\\/prunus-triloba-multiplex-babarozsa\\\/\"]}]},{\"@type\":\"ImageObject\",\"inLanguage\":\"en-US\",\"@id\":\"https:\\\/\\\/tajkertesz.com\\\/termek\\\/prunus-triloba-multiplex-babarozsa\\\/#primaryimage\",\"url\":\"https:\\\/\\\/tajkertesz.com\\\/wp-content\\\/uploads\\\/2020\\\/02\\\/Prunus-triloba-multiplex.jpg-2.jpg\",\"contentUrl\":\"https:\\\/\\\/tajkertesz.com\\\/wp-content\\\/uploads\\\/2020\\\/02\\\/Prunus-triloba-multiplex.jpg-2.jpg\",\"width\":703,\"height\":937},{\"@type\":\"BreadcrumbList\",\"@id\":\"https:\\\/\\\/tajkertesz.com\\\/termek\\\/prunus-triloba-multiplex-babarozsa\\\/#breadcrumb\",\"itemListElement\":[{\"@type\":\"ListItem\",\"position\":1,\"name\":\"Home\",\"item\":\"https:\\\/\\\/tajkertesz.com\\\/\"},{\"@type\":\"ListItem\",\"position\":2,\"name\":\"Kezd\u0151lap\",\"item\":\"https:\\\/\\\/tajkertesz.com\\\/\"},{\"@type\":\"ListItem\",\"position\":3,\"name\":\"Prunus triloba &#8216;Multiplex&#8217;, Babar\u00f3zsa t\u00f6rzses\"}]},{\"@type\":\"WebSite\",\"@id\":\"https:\\\/\\\/tajkertesz.com\\\/#website\",\"url\":\"https:\\\/\\\/tajkertesz.com\\\/\",\"name\":\"T\u00e1j-Kert\u00e9sz 84 Kft.\",\"description\":\"Kert\u00e9szeti kis- \u00e9s nagykeresked\u00e9s, D\u00edszn\u00f6v\u00e9ny web\u00e1ruh\u00e1z orsz\u00e1gos h\u00e1zhozsz\u00e1ll\u00edt\u00e1ssal!\",\"publisher\":{\"@id\":\"https:\\\/\\\/tajkertesz.com\\\/#organization\"},\"potentialAction\":[{\"@type\":\"SearchAction\",\"target\":{\"@type\":\"EntryPoint\",\"urlTemplate\":\"https:\\\/\\\/tajkertesz.com\\\/?s={search_term_string}\"},\"query-input\":{\"@type\":\"PropertyValueSpecification\",\"valueRequired\":true,\"valueName\":\"search_term_string\"}}],\"inLanguage\":\"en-US\"},{\"@type\":\"Organization\",\"@id\":\"https:\\\/\\\/tajkertesz.com\\\/#organization\",\"name\":\"T\u00e1j-Kert\u00e9sz 84 Kft.\",\"url\":\"https:\\\/\\\/tajkertesz.com\\\/\",\"logo\":{\"@type\":\"ImageObject\",\"inLanguage\":\"en-US\",\"@id\":\"https:\\\/\\\/tajkertesz.com\\\/#\\\/schema\\\/logo\\\/image\\\/\",\"url\":\"https:\\\/\\\/tajkertesz.com\\\/wp-content\\\/uploads\\\/2018\\\/02\\\/logo-2-e1518678052539.png\",\"contentUrl\":\"https:\\\/\\\/tajkertesz.com\\\/wp-content\\\/uploads\\\/2018\\\/02\\\/logo-2-e1518678052539.png\",\"width\":81,\"height\":140,\"caption\":\"T\u00e1j-Kert\u00e9sz 84 Kft.\"},\"image\":{\"@id\":\"https:\\\/\\\/tajkertesz.com\\\/#\\\/schema\\\/logo\\\/image\\\/\"},\"sameAs\":[\"https:\\\/\\\/www.facebook.com\\\/Tajkertesz\\\/\"]}]}<\/script>\n<!-- \/ Yoast SEO plugin. -->","yoast_head_json":{"title":"Prunus triloba 'Multiplex', Babar\u00f3zsa t\u00f6rzses - T\u00e1jkert\u00e9sz","description":"A Prunus triloba Multiplex Teltvir\u00e1g\u00fa babar\u00f3zsa, 2-3 m magas, g\u00f6mb\u00f6lyded, kistermet\u0171, lass\u00fa n\u00f6veked\u00e9s\u0171, v\u00e9kony, fel\u00e1ll\u00f3 hajt\u00e1s\u00fa, lombhullat\u00f3 cserje.vagy fa.","robots":{"index":"index","follow":"follow","max-snippet":"max-snippet:-1","max-image-preview":"max-image-preview:large","max-video-preview":"max-video-preview:-1"},"canonical":"https:\/\/tajkertesz.com\/en_US\/product\/prunus-triloba-multiplex-babarozsa\/","og_locale":"en_US","og_type":"article","og_title":"Prunus triloba 'Multiplex', Babar\u00f3zsa t\u00f6rzses - T\u00e1jkert\u00e9sz","og_description":"A Prunus triloba Multiplex Teltvir\u00e1g\u00fa babar\u00f3zsa, 2-3 m magas, g\u00f6mb\u00f6lyded, kistermet\u0171, lass\u00fa n\u00f6veked\u00e9s\u0171, v\u00e9kony, fel\u00e1ll\u00f3 hajt\u00e1s\u00fa, lombhullat\u00f3 cserje.vagy fa.","og_url":"https:\/\/tajkertesz.com\/en_US\/product\/prunus-triloba-multiplex-babarozsa\/","og_site_name":"T\u00e1jkert\u00e9sz","article_publisher":"https:\/\/www.facebook.com\/Tajkertesz\/","article_modified_time":"2024-09-19T13:08:22+00:00","og_image":[{"width":703,"height":937,"url":"https:\/\/tajkertesz.com\/wp-content\/uploads\/2020\/02\/Prunus-triloba-multiplex.jpg-2.jpg","type":"image\/jpeg"}],"twitter_card":"summary_large_image","twitter_misc":{"Est. reading time":"2 minutes"},"schema":{"@context":"https:\/\/schema.org","@graph":[{"@type":"WebPage","@id":"https:\/\/tajkertesz.com\/termek\/prunus-triloba-multiplex-babarozsa\/","url":"https:\/\/tajkertesz.com\/termek\/prunus-triloba-multiplex-babarozsa\/","name":"Prunus triloba 'Multiplex', Babar\u00f3zsa t\u00f6rzses - T\u00e1jkert\u00e9sz","isPartOf":{"@id":"https:\/\/tajkertesz.com\/#website"},"primaryImageOfPage":{"@id":"https:\/\/tajkertesz.com\/termek\/prunus-triloba-multiplex-babarozsa\/#primaryimage"},"image":{"@id":"https:\/\/tajkertesz.com\/termek\/prunus-triloba-multiplex-babarozsa\/#primaryimage"},"thumbnailUrl":"https:\/\/tajkertesz.com\/wp-content\/uploads\/2020\/02\/Prunus-triloba-multiplex.jpg-2.jpg","datePublished":"2020-02-19T11:45:42+00:00","dateModified":"2024-09-19T13:08:22+00:00","description":"A Prunus triloba Multiplex Teltvir\u00e1g\u00fa babar\u00f3zsa, 2-3 m magas, g\u00f6mb\u00f6lyded, kistermet\u0171, lass\u00fa n\u00f6veked\u00e9s\u0171, v\u00e9kony, fel\u00e1ll\u00f3 hajt\u00e1s\u00fa, lombhullat\u00f3 cserje.vagy fa.","breadcrumb":{"@id":"https:\/\/tajkertesz.com\/termek\/prunus-triloba-multiplex-babarozsa\/#breadcrumb"},"inLanguage":"en-US","potentialAction":[{"@type":"ReadAction","target":["https:\/\/tajkertesz.com\/termek\/prunus-triloba-multiplex-babarozsa\/"]}]},{"@type":"ImageObject","inLanguage":"en-US","@id":"https:\/\/tajkertesz.com\/termek\/prunus-triloba-multiplex-babarozsa\/#primaryimage","url":"https:\/\/tajkertesz.com\/wp-content\/uploads\/2020\/02\/Prunus-triloba-multiplex.jpg-2.jpg","contentUrl":"https:\/\/tajkertesz.com\/wp-content\/uploads\/2020\/02\/Prunus-triloba-multiplex.jpg-2.jpg","width":703,"height":937},{"@type":"BreadcrumbList","@id":"https:\/\/tajkertesz.com\/termek\/prunus-triloba-multiplex-babarozsa\/#breadcrumb","itemListElement":[{"@type":"ListItem","position":1,"name":"Home","item":"https:\/\/tajkertesz.com\/"},{"@type":"ListItem","position":2,"name":"Kezd\u0151lap","item":"https:\/\/tajkertesz.com\/"},{"@type":"ListItem","position":3,"name":"Prunus triloba &#8216;Multiplex&#8217;, Babar\u00f3zsa t\u00f6rzses"}]},{"@type":"WebSite","@id":"https:\/\/tajkertesz.com\/#website","url":"https:\/\/tajkertesz.com\/","name":"T\u00e1j-Kert\u00e9sz 84 Kft.","description":"Kert\u00e9szeti kis- \u00e9s nagykeresked\u00e9s, D\u00edszn\u00f6v\u00e9ny web\u00e1ruh\u00e1z orsz\u00e1gos h\u00e1zhozsz\u00e1ll\u00edt\u00e1ssal!","publisher":{"@id":"https:\/\/tajkertesz.com\/#organization"},"potentialAction":[{"@type":"SearchAction","target":{"@type":"EntryPoint","urlTemplate":"https:\/\/tajkertesz.com\/?s={search_term_string}"},"query-input":{"@type":"PropertyValueSpecification","valueRequired":true,"valueName":"search_term_string"}}],"inLanguage":"en-US"},{"@type":"Organization","@id":"https:\/\/tajkertesz.com\/#organization","name":"T\u00e1j-Kert\u00e9sz 84 Kft.","url":"https:\/\/tajkertesz.com\/","logo":{"@type":"ImageObject","inLanguage":"en-US","@id":"https:\/\/tajkertesz.com\/#\/schema\/logo\/image\/","url":"https:\/\/tajkertesz.com\/wp-content\/uploads\/2018\/02\/logo-2-e1518678052539.png","contentUrl":"https:\/\/tajkertesz.com\/wp-content\/uploads\/2018\/02\/logo-2-e1518678052539.png","width":81,"height":140,"caption":"T\u00e1j-Kert\u00e9sz 84 Kft."},"image":{"@id":"https:\/\/tajkertesz.com\/#\/schema\/logo\/image\/"},"sameAs":["https:\/\/www.facebook.com\/Tajkertesz\/"]}]}},"_links":{"self":[{"href":"https:\/\/tajkertesz.com\/en_US\/wp-json\/wp\/v2\/product\/966","targetHints":{"allow":["GET"]}}],"collection":[{"href":"https:\/\/tajkertesz.com\/en_US\/wp-json\/wp\/v2\/product"}],"about":[{"href":"https:\/\/tajkertesz.com\/en_US\/wp-json\/wp\/v2\/types\/product"}],"wp:featuredmedia":[{"embeddable":true,"href":"https:\/\/tajkertesz.com\/en_US\/wp-json\/wp\/v2\/media\/4955"}],"wp:attachment":[{"href":"https:\/\/tajkertesz.com\/en_US\/wp-json\/wp\/v2\/media?parent=966"}],"wp:term":[{"taxonomy":"product_brand","embeddable":true,"href":"https:\/\/tajkertesz.com\/en_US\/wp-json\/wp\/v2\/product_brand?post=966"},{"taxonomy":"product_cat","embeddable":true,"href":"https:\/\/tajkertesz.com\/en_US\/wp-json\/wp\/v2\/product_cat?post=966"},{"taxonomy":"product_tag","embeddable":true,"href":"https:\/\/tajkertesz.com\/en_US\/wp-json\/wp\/v2\/product_tag?post=966"}],"curies":[{"name":"wp","href":"https:\/\/api.w.org\/{rel}","templated":true}]}}