{"id":9666,"date":"2021-09-29T07:01:30","date_gmt":"2021-09-29T07:01:30","guid":{"rendered":"https:\/\/tajkertesz.com\/?post_type=product&#038;p=9666"},"modified":"2023-12-15T14:38:24","modified_gmt":"2023-12-15T14:38:24","slug":"ubbink-szolar-zuhany-plus-23-l","status":"publish","type":"product","link":"https:\/\/tajkertesz.com\/en_US\/product\/ubbink-szolar-zuhany-plus-23-l\/","title":{"rendered":"Ubbink Szol\u00e1r zuhany PLUS 23 l"},"content":{"rendered":"<div class=\"artdet__name-rating d-none d-lg-block\">\n<div class=\"row gutters-5\">\n<div class=\"col\">\n<h2>Ubbink Szol\u00e1r zuhany PLUS 23 l<\/h2>\n<\/div>\n<\/div>\n<\/div>\n<div id=\"artdet__short-descrition\" class=\"artdet__short-descripton artdet-block border-block\">\n<div class=\"artdet__short-descripton-content text-justify font-s font-sm-m\">\n<p>Ubbink Szol\u00e1r zuhany PLUS 23 l, Gyorsan \u00e9s egyszer\u0171en \u00fczembehelyezhet\u0151 szol\u00e1r zuhany, m\u0171anyag tart\u00e1ly testtel. A zuhany m\u0171k\u00f6dtet\u00e9se a gyors-csatlakoz\u00f3nak k\u00f6sz\u00f6nhet\u0151en nem ig\u00e9nyel v\u00edzvezet\u00e9k szerel\u00e9st, mivel egyszer\u0171en a kerti csapr\u00f3l megt\u00e1pl\u00e1lhatjuk.<\/p>\n<p>Tulajdons\u00e1gok<\/p>\n<p>Magass\u00e1g 208 cm<\/p>\n<p>Hasznos \u0171rm\u00e9ret 23 Liter<\/p>\n<p>F\u00fart f\u00e9m talp az egyszer\u0171 r\u00f6gz\u00edt\u00e9shez (csavarok mell\u00e9kelve)<\/p>\n<p>F\u00e9m csap \u00e9s kever\u0151szelep melynek seg\u00edts\u00e9g\u00e9vel a k\u00edv\u00e1nt v\u00edzh\u00f3m\u00e9rs\u00e9klet be\u00e1ll\u00edthat\u00f3.<\/p>\n<p>Gyors-csatlakoz\u00f3 az egyszer\u0171 bek\u00f6t\u00e9shez.<\/p>\n<\/div>\n<\/div>\n<p>&nbsp;<\/p>\n<p><a href=\"https:\/\/tajkertesz.com\/\">https:\/\/tajkertesz.com\/<\/a><\/p>\n<p><a href=\"https:\/\/www.facebook.com\/tajkertesz\">https:\/\/www.facebook.com\/tajkertesz<\/a><\/p>\n<p>&nbsp;<\/p>\n<h3><span style=\"color: #ffffff;\"><strong>Keszty\u0171k T\u00f6rt\u00e9nete:<\/strong><\/span><\/h3>\n<p><span style=\"color: #ffffff;\">Az \u00f3korban haszn\u00e1lt keszty\u0171 olyan volt, mint a mai egyujjas keszty\u0171, \u00e9s azt a g\u00f6r\u00f6g\u00f6k \u00e9s r\u00f3maiak szinte kiz\u00e1r\u00f3lag munkakeszty\u0171k\u00e9nt haszn\u00e1lt\u00e1k.<\/span><\/p>\n<p><span style=\"color: #ffffff;\">Hom\u00e9rosz (i. e. 8. sz\u00e1zad) az Od\u00fcsszei\u00e1ban,H\u00e9rodotosz(i. e. 5. sz\u00e1zad) nagy t\u00f6rt\u00e9neti m\u0171v\u00e9ben, Plinius(1. sz\u00e1zad) leveleiben tesz eml\u00edt\u00e9st keszty\u0171r\u0151l.<\/span><\/p>\n<p><span style=\"color: #ffffff;\">Az egyiptomiakn\u00e1l \u00e9kszer gyan\u00e1nt szolg\u00e1lt, amint azt a Tutanhamon f\u00e1ra\u00f3 (i. e. 14. sz\u00e1zad) s\u00edrj\u00e1ban tal\u00e1lt keszty\u0171 bizony\u00edtja.<\/span><\/p>\n<p><span style=\"color: #ffffff;\">A 7.sz\u00e1zadban azt\u00e1n m\u00e1r megjelent a nyugat-eur\u00f3pai kir\u00e1lyi udvarokban \u00e9s a f\u0151papi orn\u00e1tus tartoz\u00e9kak\u00e9nt, s \u00edgy a hatalom, a m\u00e9lt\u00f3s\u00e1g \u00e9s a gazdags\u00e1g jelk\u00e9pe volt.<\/span><\/p>\n<p><span style=\"color: #ffffff;\">A keszty\u0171 a 10.\u201311. sz\u00e1zadban kezdett sz\u00e9lesebb k\u00f6rben elterjedni.<\/span><\/p>\n<p><span style=\"color: #ffffff;\">Ebben a korban az angol \u00e9s spanyol uralkod\u00f3k gazdagon d\u00edsz\u00edtett selyem- \u00e9s b\u0151rkeszty\u0171ket viseltek.<\/span><\/p>\n<p><span style=\"color: #ffffff;\">A 13. sz\u00e1zadban m\u00e1r n\u0151k is viseltek finom lenv\u00e1szonb\u00f3l vagy selyemsz\u00f6vetb\u0151l k\u00e9sz\u00fclt, k\u00f6ny\u00e9kig \u00e9r\u0151 keszty\u0171t. I. Erzs\u00e9bet angol kir\u00e1lyn\u0151(1533\u20131603) h\u00edmzett, \u00e9kszerekkel d\u00edsz\u00edtett keszty\u0171ben jelent meg.<\/span><\/p>\n<p><span style=\"color: #ffffff;\"><strong>A\u00a0k\u00e9sz\u00edt\u00e9si m\u00f3dt\u00f3l\u00a0f\u00fcgg\u0151en ismer\u00fcnk<\/strong><\/span><\/p>\n<p><span style=\"color: #ffffff;\">szabott keszty\u0171t, amelynek alkatr\u00e9szeit lapszer\u0171 anyagokb\u00f3l megfelel\u0151 sablonok haszn\u00e1lat\u00e1val kiv\u00e1gj\u00e1k \u00e9s azut\u00e1n \u00f6sszevarrj\u00e1k vagy \u2013 m\u0171anyagok eset\u00e9n \u2013 \u00f6sszehegesztik,m\u0171anyagb\u00f3l extrud\u00e1l\u00e1ssal k\u00e9sz\u00fclt, egy darabb\u00f3l \u00e1ll\u00f3 keszty\u0171t, valamintk\u00f6t\u00f6tt keszty\u0171, amelyet egy darabban form\u00e1ra k\u00f6tnek.<\/span><\/p>\n<p>&nbsp;<\/p>\n<p><span style=\"color: #ffffff;\">A keszty\u0171k\u00a0m\u00e9ret\u00e9t\u00a0\u00e1ltal\u00e1ban a teny\u00e9r sz\u00e9less\u00e9ge szerint sz\u00e1mozz\u00e1k: a m\u00e9retet az a sz\u00e1m jelenti, ah\u00e1ny centim\u00e9ter sz\u00e9les a teny\u00e9r. Vannak olyan gy\u00e1rt\u00f3k, akik a keszty\u0171kn\u00e9l is az S, M, L, XL, XXL nagys\u00e1gjel\u00f6l\u00e9st alkalmazz\u00e1k.<\/span><\/p>\n<h3><\/h3>\n<p><b>K\u00e9szlet\u00fcnk napi szinten v\u00e1ltozik, ez\u00e9rt k\u00e9rj\u00fck, \u00e9rdekl\u0151dj\u00f6n szem\u00e9lyesen, telefonon vagy email-en.<br \/>\nA v\u00e1ltoztat\u00e1s jog\u00e1t fenntartjuk!\u00a0<\/b><\/p>","protected":false},"excerpt":{"rendered":"<div class=\"artdet__name-rating d-none d-lg-block\">\n<div class=\"row gutters-5\">\n<div class=\"col\">\n<div class=\"artdet__name-rating d-none d-lg-block\">\n<div class=\"row gutters-5\">\n<div class=\"col\">\n<h2>Ubbink Szol\u00e1r zuhany PLUS 23 l<\/h2>\n<div id=\"bodyContent\" class=\"mw-body-content\">\n<div id=\"mw-content-text\" class=\"mw-content-ltr\" dir=\"ltr\" lang=\"hu\">\n<div id=\"bodyContent\" class=\"mw-body-content\">\n<div id=\"mw-content-text\" class=\"mw-content-ltr\" dir=\"ltr\" lang=\"hu\">\n<p><b>K\u00e9szlet\u00fcnk napi szinten v\u00e1ltozik, ez\u00e9rt k\u00e9rj\u00fck, \u00e9rdekl\u0151dj\u00f6n szem\u00e9lyesen, telefonon vagy email-en.<\/b><\/p>\n<p>Term\u00e9keinket szem\u00e9lyesen is \u00e1tveheti a h\u00e9t minden napj\u00e1n nyitvatart\u00e1si id\u0151ben!<\/p>\n<p>Kisz\u00e1ll\u00edt\u00e1s: 200 cm \u00e9s 40 kg-ig a sz\u00e1ll\u00edt\u00e1s fut\u00e1rszolg\u00e1lattal t\u00f6rt\u00e9nik.<\/p>\n<\/div>\n<\/div>\n<\/div>\n<\/div>\n<p><b>A v\u00e1ltoztat\u00e1s jog\u00e1t fenntartjuk!\u00a0<\/b><\/p>\n<p>&nbsp;<\/p>\n<\/div>\n<\/div>\n<\/div>\n<\/div>\n<\/div>\n<\/div>","protected":false},"featured_media":9667,"template":"","meta":{"_et_pb_use_builder":"","_et_pb_old_content":"","_et_gb_content_width":""},"product_brand":[],"product_cat":[4002],"product_tag":[971,1544,1545],"class_list":{"0":"post-9666","1":"product","2":"type-product","3":"status-publish","4":"has-post-thumbnail","6":"product_cat-muanyag-folyokak-esovizgyujtes-szikkasztas-kerti-kutak","7":"product_tag-kerti","8":"product_tag-solar","9":"product_tag-zuhany","11":"first","12":"instock","13":"shipping-taxable","14":"purchasable","15":"product-type-simple"},"yoast_head":"<!-- This site is optimized with the Yoast SEO plugin v27.4 - https:\/\/yoast.com\/product\/yoast-seo-wordpress\/ -->\n<title>Ubbink Szol\u00e1r zuhany PLUS 23 l - T\u00e1jkert\u00e9sz<\/title>\n<meta name=\"description\" content=\"Ubbink Szol\u00e1r zuhany PLUS 23 l\" \/>\n<meta name=\"robots\" content=\"index, follow, max-snippet:-1, max-image-preview:large, max-video-preview:-1\" \/>\n<link rel=\"canonical\" href=\"https:\/\/tajkertesz.com\/en_US\/product\/ubbink-szolar-zuhany-plus-23-l\/\" \/>\n<meta property=\"og:locale\" content=\"en_US\" \/>\n<meta property=\"og:type\" content=\"article\" \/>\n<meta property=\"og:title\" content=\"Ubbink Szol\u00e1r zuhany PLUS 23 l - T\u00e1jkert\u00e9sz\" \/>\n<meta property=\"og:description\" content=\"Ubbink Szol\u00e1r zuhany PLUS 23 l\" \/>\n<meta property=\"og:url\" content=\"https:\/\/tajkertesz.com\/en_US\/product\/ubbink-szolar-zuhany-plus-23-l\/\" \/>\n<meta property=\"og:site_name\" content=\"T\u00e1jkert\u00e9sz\" \/>\n<meta property=\"article:publisher\" content=\"https:\/\/www.facebook.com\/Tajkertesz\/\" \/>\n<meta property=\"article:modified_time\" content=\"2023-12-15T14:38:24+00:00\" \/>\n<meta property=\"og:image\" content=\"https:\/\/tajkertesz.com\/wp-content\/uploads\/2021\/09\/f9b50e3d04a3a9f2b605287362940a5b.jpg\" \/>\n\t<meta property=\"og:image:width\" content=\"1200\" \/>\n\t<meta property=\"og:image:height\" content=\"878\" \/>\n\t<meta property=\"og:image:type\" content=\"image\/jpeg\" \/>\n<meta name=\"twitter:card\" content=\"summary_large_image\" \/>\n<meta name=\"twitter:label1\" content=\"Est. reading time\" \/>\n\t<meta name=\"twitter:data1\" content=\"2 minutes\" \/>\n<script type=\"application\/ld+json\" class=\"yoast-schema-graph\">{\"@context\":\"https:\\\/\\\/schema.org\",\"@graph\":[{\"@type\":\"WebPage\",\"@id\":\"https:\\\/\\\/tajkertesz.com\\\/termek\\\/ubbink-szolar-zuhany-plus-23-l\\\/\",\"url\":\"https:\\\/\\\/tajkertesz.com\\\/termek\\\/ubbink-szolar-zuhany-plus-23-l\\\/\",\"name\":\"Ubbink Szol\u00e1r zuhany PLUS 23 l - T\u00e1jkert\u00e9sz\",\"isPartOf\":{\"@id\":\"https:\\\/\\\/tajkertesz.com\\\/#website\"},\"primaryImageOfPage\":{\"@id\":\"https:\\\/\\\/tajkertesz.com\\\/termek\\\/ubbink-szolar-zuhany-plus-23-l\\\/#primaryimage\"},\"image\":{\"@id\":\"https:\\\/\\\/tajkertesz.com\\\/termek\\\/ubbink-szolar-zuhany-plus-23-l\\\/#primaryimage\"},\"thumbnailUrl\":\"https:\\\/\\\/tajkertesz.com\\\/wp-content\\\/uploads\\\/2021\\\/09\\\/f9b50e3d04a3a9f2b605287362940a5b.jpg\",\"datePublished\":\"2021-09-29T07:01:30+00:00\",\"dateModified\":\"2023-12-15T14:38:24+00:00\",\"description\":\"Ubbink Szol\u00e1r zuhany PLUS 23 l\",\"breadcrumb\":{\"@id\":\"https:\\\/\\\/tajkertesz.com\\\/termek\\\/ubbink-szolar-zuhany-plus-23-l\\\/#breadcrumb\"},\"inLanguage\":\"en-US\",\"potentialAction\":[{\"@type\":\"ReadAction\",\"target\":[\"https:\\\/\\\/tajkertesz.com\\\/termek\\\/ubbink-szolar-zuhany-plus-23-l\\\/\"]}]},{\"@type\":\"ImageObject\",\"inLanguage\":\"en-US\",\"@id\":\"https:\\\/\\\/tajkertesz.com\\\/termek\\\/ubbink-szolar-zuhany-plus-23-l\\\/#primaryimage\",\"url\":\"https:\\\/\\\/tajkertesz.com\\\/wp-content\\\/uploads\\\/2021\\\/09\\\/f9b50e3d04a3a9f2b605287362940a5b.jpg\",\"contentUrl\":\"https:\\\/\\\/tajkertesz.com\\\/wp-content\\\/uploads\\\/2021\\\/09\\\/f9b50e3d04a3a9f2b605287362940a5b.jpg\",\"width\":1200,\"height\":878},{\"@type\":\"BreadcrumbList\",\"@id\":\"https:\\\/\\\/tajkertesz.com\\\/termek\\\/ubbink-szolar-zuhany-plus-23-l\\\/#breadcrumb\",\"itemListElement\":[{\"@type\":\"ListItem\",\"position\":1,\"name\":\"Home\",\"item\":\"https:\\\/\\\/tajkertesz.com\\\/\"},{\"@type\":\"ListItem\",\"position\":2,\"name\":\"Kezd\u0151lap\",\"item\":\"https:\\\/\\\/tajkertesz.com\\\/\"},{\"@type\":\"ListItem\",\"position\":3,\"name\":\"Ubbink Szol\u00e1r zuhany PLUS 23 l\"}]},{\"@type\":\"WebSite\",\"@id\":\"https:\\\/\\\/tajkertesz.com\\\/#website\",\"url\":\"https:\\\/\\\/tajkertesz.com\\\/\",\"name\":\"T\u00e1j-Kert\u00e9sz 84 Kft.\",\"description\":\"Kert\u00e9szeti kis- \u00e9s nagykeresked\u00e9s, D\u00edszn\u00f6v\u00e9ny web\u00e1ruh\u00e1z orsz\u00e1gos h\u00e1zhozsz\u00e1ll\u00edt\u00e1ssal!\",\"publisher\":{\"@id\":\"https:\\\/\\\/tajkertesz.com\\\/#organization\"},\"potentialAction\":[{\"@type\":\"SearchAction\",\"target\":{\"@type\":\"EntryPoint\",\"urlTemplate\":\"https:\\\/\\\/tajkertesz.com\\\/?s={search_term_string}\"},\"query-input\":{\"@type\":\"PropertyValueSpecification\",\"valueRequired\":true,\"valueName\":\"search_term_string\"}}],\"inLanguage\":\"en-US\"},{\"@type\":\"Organization\",\"@id\":\"https:\\\/\\\/tajkertesz.com\\\/#organization\",\"name\":\"T\u00e1j-Kert\u00e9sz 84 Kft.\",\"url\":\"https:\\\/\\\/tajkertesz.com\\\/\",\"logo\":{\"@type\":\"ImageObject\",\"inLanguage\":\"en-US\",\"@id\":\"https:\\\/\\\/tajkertesz.com\\\/#\\\/schema\\\/logo\\\/image\\\/\",\"url\":\"https:\\\/\\\/tajkertesz.com\\\/wp-content\\\/uploads\\\/2018\\\/02\\\/logo-2-e1518678052539.png\",\"contentUrl\":\"https:\\\/\\\/tajkertesz.com\\\/wp-content\\\/uploads\\\/2018\\\/02\\\/logo-2-e1518678052539.png\",\"width\":81,\"height\":140,\"caption\":\"T\u00e1j-Kert\u00e9sz 84 Kft.\"},\"image\":{\"@id\":\"https:\\\/\\\/tajkertesz.com\\\/#\\\/schema\\\/logo\\\/image\\\/\"},\"sameAs\":[\"https:\\\/\\\/www.facebook.com\\\/Tajkertesz\\\/\"]}]}<\/script>\n<!-- \/ Yoast SEO plugin. -->","yoast_head_json":{"title":"Ubbink Szol\u00e1r zuhany PLUS 23 l - T\u00e1jkert\u00e9sz","description":"Ubbink Szol\u00e1r zuhany PLUS 23 l","robots":{"index":"index","follow":"follow","max-snippet":"max-snippet:-1","max-image-preview":"max-image-preview:large","max-video-preview":"max-video-preview:-1"},"canonical":"https:\/\/tajkertesz.com\/en_US\/product\/ubbink-szolar-zuhany-plus-23-l\/","og_locale":"en_US","og_type":"article","og_title":"Ubbink Szol\u00e1r zuhany PLUS 23 l - T\u00e1jkert\u00e9sz","og_description":"Ubbink Szol\u00e1r zuhany PLUS 23 l","og_url":"https:\/\/tajkertesz.com\/en_US\/product\/ubbink-szolar-zuhany-plus-23-l\/","og_site_name":"T\u00e1jkert\u00e9sz","article_publisher":"https:\/\/www.facebook.com\/Tajkertesz\/","article_modified_time":"2023-12-15T14:38:24+00:00","og_image":[{"width":1200,"height":878,"url":"https:\/\/tajkertesz.com\/wp-content\/uploads\/2021\/09\/f9b50e3d04a3a9f2b605287362940a5b.jpg","type":"image\/jpeg"}],"twitter_card":"summary_large_image","twitter_misc":{"Est. reading time":"2 minutes"},"schema":{"@context":"https:\/\/schema.org","@graph":[{"@type":"WebPage","@id":"https:\/\/tajkertesz.com\/termek\/ubbink-szolar-zuhany-plus-23-l\/","url":"https:\/\/tajkertesz.com\/termek\/ubbink-szolar-zuhany-plus-23-l\/","name":"Ubbink Szol\u00e1r zuhany PLUS 23 l - T\u00e1jkert\u00e9sz","isPartOf":{"@id":"https:\/\/tajkertesz.com\/#website"},"primaryImageOfPage":{"@id":"https:\/\/tajkertesz.com\/termek\/ubbink-szolar-zuhany-plus-23-l\/#primaryimage"},"image":{"@id":"https:\/\/tajkertesz.com\/termek\/ubbink-szolar-zuhany-plus-23-l\/#primaryimage"},"thumbnailUrl":"https:\/\/tajkertesz.com\/wp-content\/uploads\/2021\/09\/f9b50e3d04a3a9f2b605287362940a5b.jpg","datePublished":"2021-09-29T07:01:30+00:00","dateModified":"2023-12-15T14:38:24+00:00","description":"Ubbink Szol\u00e1r zuhany PLUS 23 l","breadcrumb":{"@id":"https:\/\/tajkertesz.com\/termek\/ubbink-szolar-zuhany-plus-23-l\/#breadcrumb"},"inLanguage":"en-US","potentialAction":[{"@type":"ReadAction","target":["https:\/\/tajkertesz.com\/termek\/ubbink-szolar-zuhany-plus-23-l\/"]}]},{"@type":"ImageObject","inLanguage":"en-US","@id":"https:\/\/tajkertesz.com\/termek\/ubbink-szolar-zuhany-plus-23-l\/#primaryimage","url":"https:\/\/tajkertesz.com\/wp-content\/uploads\/2021\/09\/f9b50e3d04a3a9f2b605287362940a5b.jpg","contentUrl":"https:\/\/tajkertesz.com\/wp-content\/uploads\/2021\/09\/f9b50e3d04a3a9f2b605287362940a5b.jpg","width":1200,"height":878},{"@type":"BreadcrumbList","@id":"https:\/\/tajkertesz.com\/termek\/ubbink-szolar-zuhany-plus-23-l\/#breadcrumb","itemListElement":[{"@type":"ListItem","position":1,"name":"Home","item":"https:\/\/tajkertesz.com\/"},{"@type":"ListItem","position":2,"name":"Kezd\u0151lap","item":"https:\/\/tajkertesz.com\/"},{"@type":"ListItem","position":3,"name":"Ubbink Szol\u00e1r zuhany PLUS 23 l"}]},{"@type":"WebSite","@id":"https:\/\/tajkertesz.com\/#website","url":"https:\/\/tajkertesz.com\/","name":"T\u00e1j-Kert\u00e9sz 84 Kft.","description":"Kert\u00e9szeti kis- \u00e9s nagykeresked\u00e9s, D\u00edszn\u00f6v\u00e9ny web\u00e1ruh\u00e1z orsz\u00e1gos h\u00e1zhozsz\u00e1ll\u00edt\u00e1ssal!","publisher":{"@id":"https:\/\/tajkertesz.com\/#organization"},"potentialAction":[{"@type":"SearchAction","target":{"@type":"EntryPoint","urlTemplate":"https:\/\/tajkertesz.com\/?s={search_term_string}"},"query-input":{"@type":"PropertyValueSpecification","valueRequired":true,"valueName":"search_term_string"}}],"inLanguage":"en-US"},{"@type":"Organization","@id":"https:\/\/tajkertesz.com\/#organization","name":"T\u00e1j-Kert\u00e9sz 84 Kft.","url":"https:\/\/tajkertesz.com\/","logo":{"@type":"ImageObject","inLanguage":"en-US","@id":"https:\/\/tajkertesz.com\/#\/schema\/logo\/image\/","url":"https:\/\/tajkertesz.com\/wp-content\/uploads\/2018\/02\/logo-2-e1518678052539.png","contentUrl":"https:\/\/tajkertesz.com\/wp-content\/uploads\/2018\/02\/logo-2-e1518678052539.png","width":81,"height":140,"caption":"T\u00e1j-Kert\u00e9sz 84 Kft."},"image":{"@id":"https:\/\/tajkertesz.com\/#\/schema\/logo\/image\/"},"sameAs":["https:\/\/www.facebook.com\/Tajkertesz\/"]}]}},"_links":{"self":[{"href":"https:\/\/tajkertesz.com\/en_US\/wp-json\/wp\/v2\/product\/9666","targetHints":{"allow":["GET"]}}],"collection":[{"href":"https:\/\/tajkertesz.com\/en_US\/wp-json\/wp\/v2\/product"}],"about":[{"href":"https:\/\/tajkertesz.com\/en_US\/wp-json\/wp\/v2\/types\/product"}],"wp:featuredmedia":[{"embeddable":true,"href":"https:\/\/tajkertesz.com\/en_US\/wp-json\/wp\/v2\/media\/9667"}],"wp:attachment":[{"href":"https:\/\/tajkertesz.com\/en_US\/wp-json\/wp\/v2\/media?parent=9666"}],"wp:term":[{"taxonomy":"product_brand","embeddable":true,"href":"https:\/\/tajkertesz.com\/en_US\/wp-json\/wp\/v2\/product_brand?post=9666"},{"taxonomy":"product_cat","embeddable":true,"href":"https:\/\/tajkertesz.com\/en_US\/wp-json\/wp\/v2\/product_cat?post=9666"},{"taxonomy":"product_tag","embeddable":true,"href":"https:\/\/tajkertesz.com\/en_US\/wp-json\/wp\/v2\/product_tag?post=9666"}],"curies":[{"name":"wp","href":"https:\/\/api.w.org\/{rel}","templated":true}]}}