{"id":9670,"date":"2021-09-29T07:22:52","date_gmt":"2021-09-29T07:22:52","guid":{"rendered":"https:\/\/tajkertesz.com\/?post_type=product&#038;p=9670"},"modified":"2026-01-19T00:00:16","modified_gmt":"2026-01-19T00:00:16","slug":"fiskars-powergearx-teleszkopos-agvago-upx86","status":"publish","type":"product","link":"https:\/\/tajkertesz.com\/en_US\/product\/fiskars-powergearx-teleszkopos-agvago-upx86\/","title":{"rendered":"Fiskars PowerGearX\u2122 teleszk\u00f3pos \u00e1gv\u00e1g\u00f3 UPX86"},"content":{"rendered":"<h1>PowerGearX\u2122 teleszk\u00f3pos \u00e1gv\u00e1g\u00f3 UPX86<\/h1>\n<p>PowerGearX\u2122 teleszk\u00f3pos \u00e1gv\u00e1g\u00f3 UPX86<\/p>\n<div>\n<div class=\"ezxmltext-field\"><\/div>\n<\/div>\n<div class=\"product-features\">\n<div class=\"ezxmltext-field\">\n<p>Metsz\u00e9s 6 m\u00e9ter magasban, er\u0151lk\u00f6d\u00e9s n\u00e9lk\u00fcl. A PowerGear&#8221; X UPX86 teleszk\u00f3pos \u00e1gv\u00e1g\u00f3val elfelejtheted a l\u00e9tr\u00e1t, hajlong\u00e1st \u00e9s<br \/>\nk\u00fczdelmet &#8211; 12-szeres er\u0151n\u00f6vel\u0151 mechanizmus\u00e1val sim\u00e1n viszi a 32 mm-es \u00e1gakat is. A 230\u00b0-ban \u00e1ll\u00edthat\u00f3 v\u00e1g\u00f3fej \u00e9s a cs\u00fasz\u00e1smentes SoftGrip markolat profi ir\u00e1ny\u00edt\u00e1st ad minden v\u00e1g\u00e1sn\u00e1l.<\/p>\n<p>\u00c9s a legjobb!<br \/>\n25 \u00e9v garancia. Mert a Fiskars nem \u00edg\u00e9r &#8211; teljes\u00edt.<\/p>\n<p>Pr\u00f3b\u00e1ld ki, \u00e9s t\u00f6bb\u00e9 nem akarsz m\u00e1st haszn\u00e1lni!<\/p>\n<p>25 \u00e9v garanci\u00e1val ! (a penge t\u00f6r\u00e9se nem tartozik a garanci\u00e1lis jav\u00edt\u00e1sok k\u00f6r\u00e9be)<\/p>\n<p><strong>\ud83d\ude9a Sz\u00e1ll\u00edt\u00e1si inform\u00e1ci\u00f3k<\/strong><\/p>\n<p><strong>A megrendelt n\u00f6v\u00e9nyek kisz\u00e1ll\u00edt\u00e1sa az al\u00e1bbi felt\u00e9telek mellett t\u00f6rt\u00e9nik:<\/strong><\/p>\n<p><strong>\ud83d\udce6 Fut\u00e1rszolg\u00e1latos sz\u00e1ll\u00edt\u00e1s<\/strong><\/p>\n<ul>\n<li><strong>Maxim\u00e1lis m\u00e9ret: 200 cm (hossz\u00fas\u00e1g)<\/strong><\/li>\n<li><strong>Maxim\u00e1lis s\u00faly: 40 kg<\/strong><\/li>\n<li><strong>Az enn\u00e9l kisebb \u00e9s k\u00f6nnyebb csomagokat fut\u00e1rszolg\u00e1lattal k\u00e9zbes\u00edtj\u00fck a lehet<\/strong><strong>\u0151<\/strong><strong> legbiztons\u00e1gosabb csomagol\u00e1sban.<\/strong><\/li>\n<\/ul>\n<p><strong>\ud83d\udefb Szem\u00e9lyes \u00e1tv\u00e9tel<\/strong><\/p>\n<ul>\n<li><strong>1173 Budapest, Bakancsos utca 7. sz\u00e1m alatt nyitvatart\u00e1si id<\/strong><strong>\u0151<\/strong><strong>ben szem\u00e9lyesen \u00e1tvehet<\/strong><strong>\u0151<\/strong><strong> kert\u00e9szeti \u00e1rud\u00e1nkban.<\/strong><\/li>\n<li><strong>K\u00f6lts\u00e9ghat\u00e9kony megold\u00e1s nagyobb, t\u00f6r\u00e9kenyebb vagy t\u00falm\u00e9retes n\u00f6v\u00e9nyek eset\u00e9n.<\/strong><\/li>\n<\/ul>\n<p><strong>\ud83d\udcde Nagy m\u00e9ret<\/strong><strong>\u0171<\/strong><strong> vagy s\u00faly\u00fa n\u00f6v\u00e9nyek eset\u00e9n<\/strong><\/p>\n<p><strong>Ha a term\u00e9k:<\/strong><\/p>\n<ul>\n<li><strong>meghaladja a 200 cm hossz\u00fas\u00e1got vagy<\/strong><\/li>\n<li><strong>meghaladja a 40 kg s\u00falyt,<\/strong><\/li>\n<\/ul>\n<p><strong>akkor szem\u00e9lyes \u00e1tv\u00e9tellel vagy egyedi, el<\/strong><strong>\u0151<\/strong><strong>re egyeztetett sz\u00e1ll\u00edt\u00e1si felt\u00e9telek mellett t\u00f6rt\u00e9nik.<br \/>\nK\u00e9rj\u00fck, ilyen esetben rendel\u00e9s el<\/strong><strong>\u0151<\/strong><strong>tt vegye fel vel\u00fcnk a kapcsolatot, hogy a lehet<\/strong><strong>\u0151<\/strong><strong> legmegfelel<\/strong><strong>\u0151<\/strong><strong>bb sz\u00e1ll\u00edt\u00e1si megold\u00e1st k\u00edn\u00e1lhassuk.<\/strong><\/p>\n<p><strong>\ud83e\uddfe \u00c1rak \u00e9s el\u00e1ll\u00e1si jog<\/strong><\/p>\n<ul>\n<li><strong>Az \u00e1rak egy darab\u00a0n\u00f6v\u00e9nyre vonatkoznak.<\/strong><\/li>\n<li><strong>\u00c9l<\/strong><strong>\u0151<\/strong><strong> n\u00f6v\u00e9nyek rendel\u00e9se eset\u00e9n a 14 napos el\u00e1ll\u00e1s joga nem \u00e9rv\u00e9nyes\u00edthet<\/strong><strong>\u0151<\/strong><strong>, mivel azok romland\u00f3, biol\u00f3giailag \u00e9l<\/strong><strong>\u0151<\/strong><strong> term\u00e9keknek min<\/strong><strong>\u0151<\/strong><strong>s\u00fclnek.<br \/>\n\ud83d\udd12 (17\/1999. (II. 5.) Korm. rendelet 5. \u00a7 c) pontja alapj\u00e1n)<\/strong><\/li>\n<\/ul>\n<p><strong>\ud83d\udce6 K\u00e9zbes\u00edt\u00e9s ut\u00e1ni teend<\/strong><strong>\u0151<\/strong><strong>k<\/strong><\/p>\n<p><strong>A k\u00e9zbes\u00edt\u00e9st k\u00f6vet<\/strong><strong>\u0151<\/strong><strong>en a csomagot azonnal bontsuk ki, \u00e9s a n\u00f6v\u00e9nyt helyezz\u00fck el megfelel<\/strong><strong>\u0151<\/strong><strong> k\u00f6rnyezetben.<br \/>\nFontos: ha a n\u00f6v\u00e9ny nem r\u00e9szes\u00fcl megfelel<\/strong><strong>\u0151<\/strong><strong> gondoz\u00e1sban \u00e9s ennek k\u00f6vetkezt\u00e9ben k\u00e1rosodik vagy elpusztul, felel<\/strong><strong>\u0151<\/strong><strong>ss\u00e9get nem tudunk v\u00e1llalni.<\/strong><\/p>\n<\/div>\n<\/div>","protected":false},"excerpt":{"rendered":"<p>Term\u00e9kcsal\u00e1d: PowerGearX<br \/>\nV\u00e1g\u00e1si sz\u00e9less\u00e9g: 32 mm<br \/>\nHossz: 400 cm<br \/>\nT\u00f6meg: 1,9 kg<br \/>\nPenge anyaga: Rozsdamentes ac\u00e9l<br \/>\nPenge bevonata: Tapad\u00e1smentes teflon (PTFE)<\/p>\n<p><strong>\ud83d\udd04 K\u00e9szletinform\u00e1ci\u00f3<\/strong><\/p>\n<p><strong>K\u00e9szlet\u00fcnk napi szinten v\u00e1ltozik, \u00edgy a webshopban szerepl<\/strong><strong>\u0151<\/strong><strong> term\u00e9kek el\u00e9rhet<\/strong><strong>\u0151<\/strong><strong>s\u00e9ge nem garant\u00e1lt.<br \/>\n\ud83d\udcde A megrendel\u00e9s el<\/strong><strong>\u0151<\/strong><strong>tt k\u00e9rj\u00fck, \u00e9rdekl<\/strong><strong>\u0151<\/strong><strong>dj\u00f6n szem\u00e9lyesen, telefonon vagy e-mailben!<\/strong><\/p>\n<p><strong>\u27a1\ufe0f Kapcsolat:<\/strong><\/p>\n<ul>\n<li><strong>Weboldal: <\/strong><a href=\"https:\/\/tajkertesz.com\"><strong>tajkertesz.com<\/strong><\/a><\/li>\n<li><strong>Facebook: <\/strong><a href=\"https:\/\/www.facebook.com\/tajkertesz\/\"><strong>facebook.com\/tajkertesz<\/strong><\/a><\/li>\n<li><strong>Telefonsz\u00e1m, e-mail: +36\/20-319-3770 <\/strong><a href=\"mailto:info@tajkertesz.hu\"><strong>info@tajkertesz.hu<\/strong><\/a><\/li>\n<\/ul>","protected":false},"featured_media":9671,"template":"","meta":{"_et_pb_use_builder":"","_et_pb_old_content":"","_et_gb_content_width":""},"product_brand":[],"product_cat":[4684],"product_tag":[4685],"class_list":{"0":"post-9670","1":"product","2":"type-product","3":"status-publish","4":"has-post-thumbnail","6":"product_cat-fiskars-agvagok","7":"product_tag-fiskars-powergearx-teleszkopos-agvago-upx86","9":"first","10":"instock","11":"shipping-taxable","12":"purchasable","13":"product-type-simple"},"yoast_head":"<!-- This site is optimized with the Yoast SEO plugin v27.5 - https:\/\/yoast.com\/product\/yoast-seo-wordpress\/ -->\n<title>Fiskars PowerGearX\u2122 teleszk\u00f3pos \u00e1gv\u00e1g\u00f3 UPX86 - T\u00e1jkert\u00e9sz<\/title>\n<meta name=\"description\" content=\"PowerGearX\u2122 teleszk\u00f3pos \u00e1gv\u00e1g\u00f3 UPX86. Metsz\u00e9s 6 m\u00e9ter magasban, er\u0151lk\u00f6d\u00e9s n\u00e9lk\u00fcl. A PowerGear&quot; X UPX86 teleszk\u00f3pos \u00e1gv\u00e1g\u00f3val elfelejtheted a l\u00e9tr\u00e1t,\" \/>\n<meta name=\"robots\" content=\"index, follow, max-snippet:-1, max-image-preview:large, max-video-preview:-1\" \/>\n<link rel=\"canonical\" href=\"https:\/\/tajkertesz.com\/en_US\/product\/fiskars-powergearx-teleszkopos-agvago-upx86\/\" \/>\n<meta property=\"og:locale\" content=\"en_US\" \/>\n<meta property=\"og:type\" content=\"article\" \/>\n<meta property=\"og:title\" content=\"Fiskars PowerGearX\u2122 teleszk\u00f3pos \u00e1gv\u00e1g\u00f3 UPX86 - T\u00e1jkert\u00e9sz\" \/>\n<meta property=\"og:description\" content=\"PowerGearX\u2122 teleszk\u00f3pos \u00e1gv\u00e1g\u00f3 UPX86. Metsz\u00e9s 6 m\u00e9ter magasban, er\u0151lk\u00f6d\u00e9s n\u00e9lk\u00fcl. A PowerGear&quot; X UPX86 teleszk\u00f3pos \u00e1gv\u00e1g\u00f3val elfelejtheted a l\u00e9tr\u00e1t,\" \/>\n<meta property=\"og:url\" content=\"https:\/\/tajkertesz.com\/en_US\/product\/fiskars-powergearx-teleszkopos-agvago-upx86\/\" \/>\n<meta property=\"og:site_name\" content=\"T\u00e1jkert\u00e9sz\" \/>\n<meta property=\"article:publisher\" content=\"https:\/\/www.facebook.com\/Tajkertesz\/\" \/>\n<meta property=\"article:modified_time\" content=\"2026-01-19T00:00:16+00:00\" \/>\n<meta property=\"og:image\" content=\"https:\/\/tajkertesz.com\/wp-content\/uploads\/2021\/09\/powergear-x-telescopic-tree-pruner-upx86-1023624-alt1_productimage.jpg\" \/>\n\t<meta property=\"og:image:width\" content=\"555\" \/>\n\t<meta property=\"og:image:height\" content=\"555\" \/>\n\t<meta property=\"og:image:type\" content=\"image\/jpeg\" \/>\n<meta name=\"twitter:card\" content=\"summary_large_image\" \/>\n<meta name=\"twitter:label1\" content=\"Est. reading time\" \/>\n\t<meta name=\"twitter:data1\" content=\"2 minutes\" \/>\n<script type=\"application\/ld+json\" class=\"yoast-schema-graph\">{\"@context\":\"https:\\\/\\\/schema.org\",\"@graph\":[{\"@type\":\"WebPage\",\"@id\":\"https:\\\/\\\/tajkertesz.com\\\/termek\\\/fiskars-powergearx-teleszkopos-agvago-upx86\\\/\",\"url\":\"https:\\\/\\\/tajkertesz.com\\\/termek\\\/fiskars-powergearx-teleszkopos-agvago-upx86\\\/\",\"name\":\"Fiskars PowerGearX\u2122 teleszk\u00f3pos \u00e1gv\u00e1g\u00f3 UPX86 - T\u00e1jkert\u00e9sz\",\"isPartOf\":{\"@id\":\"https:\\\/\\\/tajkertesz.com\\\/#website\"},\"primaryImageOfPage\":{\"@id\":\"https:\\\/\\\/tajkertesz.com\\\/termek\\\/fiskars-powergearx-teleszkopos-agvago-upx86\\\/#primaryimage\"},\"image\":{\"@id\":\"https:\\\/\\\/tajkertesz.com\\\/termek\\\/fiskars-powergearx-teleszkopos-agvago-upx86\\\/#primaryimage\"},\"thumbnailUrl\":\"https:\\\/\\\/tajkertesz.com\\\/wp-content\\\/uploads\\\/2021\\\/09\\\/powergear-x-telescopic-tree-pruner-upx86-1023624-alt1_productimage.jpg\",\"datePublished\":\"2021-09-29T07:22:52+00:00\",\"dateModified\":\"2026-01-19T00:00:16+00:00\",\"description\":\"PowerGearX\u2122 teleszk\u00f3pos \u00e1gv\u00e1g\u00f3 UPX86. Metsz\u00e9s 6 m\u00e9ter magasban, er\u0151lk\u00f6d\u00e9s n\u00e9lk\u00fcl. A PowerGear\\\" X UPX86 teleszk\u00f3pos \u00e1gv\u00e1g\u00f3val elfelejtheted a l\u00e9tr\u00e1t,\",\"breadcrumb\":{\"@id\":\"https:\\\/\\\/tajkertesz.com\\\/termek\\\/fiskars-powergearx-teleszkopos-agvago-upx86\\\/#breadcrumb\"},\"inLanguage\":\"en-US\",\"potentialAction\":[{\"@type\":\"ReadAction\",\"target\":[\"https:\\\/\\\/tajkertesz.com\\\/termek\\\/fiskars-powergearx-teleszkopos-agvago-upx86\\\/\"]}]},{\"@type\":\"ImageObject\",\"inLanguage\":\"en-US\",\"@id\":\"https:\\\/\\\/tajkertesz.com\\\/termek\\\/fiskars-powergearx-teleszkopos-agvago-upx86\\\/#primaryimage\",\"url\":\"https:\\\/\\\/tajkertesz.com\\\/wp-content\\\/uploads\\\/2021\\\/09\\\/powergear-x-telescopic-tree-pruner-upx86-1023624-alt1_productimage.jpg\",\"contentUrl\":\"https:\\\/\\\/tajkertesz.com\\\/wp-content\\\/uploads\\\/2021\\\/09\\\/powergear-x-telescopic-tree-pruner-upx86-1023624-alt1_productimage.jpg\",\"width\":555,\"height\":555,\"caption\":\"Fiskars PowerGearX\u2122 teleszk\u00f3pos \u00e1gv\u00e1g\u00f3 UPX86\"},{\"@type\":\"BreadcrumbList\",\"@id\":\"https:\\\/\\\/tajkertesz.com\\\/termek\\\/fiskars-powergearx-teleszkopos-agvago-upx86\\\/#breadcrumb\",\"itemListElement\":[{\"@type\":\"ListItem\",\"position\":1,\"name\":\"Home\",\"item\":\"https:\\\/\\\/tajkertesz.com\\\/\"},{\"@type\":\"ListItem\",\"position\":2,\"name\":\"Kezd\u0151lap\",\"item\":\"https:\\\/\\\/tajkertesz.com\\\/\"},{\"@type\":\"ListItem\",\"position\":3,\"name\":\"Fiskars PowerGearX\u2122 teleszk\u00f3pos \u00e1gv\u00e1g\u00f3 UPX86\"}]},{\"@type\":\"WebSite\",\"@id\":\"https:\\\/\\\/tajkertesz.com\\\/#website\",\"url\":\"https:\\\/\\\/tajkertesz.com\\\/\",\"name\":\"T\u00e1j-Kert\u00e9sz 84 Kft.\",\"description\":\"Kert\u00e9szeti kis- \u00e9s nagykeresked\u00e9s, D\u00edszn\u00f6v\u00e9ny web\u00e1ruh\u00e1z orsz\u00e1gos h\u00e1zhozsz\u00e1ll\u00edt\u00e1ssal!\",\"publisher\":{\"@id\":\"https:\\\/\\\/tajkertesz.com\\\/#organization\"},\"potentialAction\":[{\"@type\":\"SearchAction\",\"target\":{\"@type\":\"EntryPoint\",\"urlTemplate\":\"https:\\\/\\\/tajkertesz.com\\\/?s={search_term_string}\"},\"query-input\":{\"@type\":\"PropertyValueSpecification\",\"valueRequired\":true,\"valueName\":\"search_term_string\"}}],\"inLanguage\":\"en-US\"},{\"@type\":\"Organization\",\"@id\":\"https:\\\/\\\/tajkertesz.com\\\/#organization\",\"name\":\"T\u00e1j-Kert\u00e9sz 84 Kft.\",\"url\":\"https:\\\/\\\/tajkertesz.com\\\/\",\"logo\":{\"@type\":\"ImageObject\",\"inLanguage\":\"en-US\",\"@id\":\"https:\\\/\\\/tajkertesz.com\\\/#\\\/schema\\\/logo\\\/image\\\/\",\"url\":\"https:\\\/\\\/tajkertesz.com\\\/wp-content\\\/uploads\\\/2018\\\/02\\\/logo-2-e1518678052539.png\",\"contentUrl\":\"https:\\\/\\\/tajkertesz.com\\\/wp-content\\\/uploads\\\/2018\\\/02\\\/logo-2-e1518678052539.png\",\"width\":81,\"height\":140,\"caption\":\"T\u00e1j-Kert\u00e9sz 84 Kft.\"},\"image\":{\"@id\":\"https:\\\/\\\/tajkertesz.com\\\/#\\\/schema\\\/logo\\\/image\\\/\"},\"sameAs\":[\"https:\\\/\\\/www.facebook.com\\\/Tajkertesz\\\/\"]}]}<\/script>\n<!-- \/ Yoast SEO plugin. -->","yoast_head_json":{"title":"Fiskars PowerGearX\u2122 teleszk\u00f3pos \u00e1gv\u00e1g\u00f3 UPX86 - T\u00e1jkert\u00e9sz","description":"PowerGearX\u2122 teleszk\u00f3pos \u00e1gv\u00e1g\u00f3 UPX86. Metsz\u00e9s 6 m\u00e9ter magasban, er\u0151lk\u00f6d\u00e9s n\u00e9lk\u00fcl. A PowerGear\" X UPX86 teleszk\u00f3pos \u00e1gv\u00e1g\u00f3val elfelejtheted a l\u00e9tr\u00e1t,","robots":{"index":"index","follow":"follow","max-snippet":"max-snippet:-1","max-image-preview":"max-image-preview:large","max-video-preview":"max-video-preview:-1"},"canonical":"https:\/\/tajkertesz.com\/en_US\/product\/fiskars-powergearx-teleszkopos-agvago-upx86\/","og_locale":"en_US","og_type":"article","og_title":"Fiskars PowerGearX\u2122 teleszk\u00f3pos \u00e1gv\u00e1g\u00f3 UPX86 - T\u00e1jkert\u00e9sz","og_description":"PowerGearX\u2122 teleszk\u00f3pos \u00e1gv\u00e1g\u00f3 UPX86. Metsz\u00e9s 6 m\u00e9ter magasban, er\u0151lk\u00f6d\u00e9s n\u00e9lk\u00fcl. A PowerGear\" X UPX86 teleszk\u00f3pos \u00e1gv\u00e1g\u00f3val elfelejtheted a l\u00e9tr\u00e1t,","og_url":"https:\/\/tajkertesz.com\/en_US\/product\/fiskars-powergearx-teleszkopos-agvago-upx86\/","og_site_name":"T\u00e1jkert\u00e9sz","article_publisher":"https:\/\/www.facebook.com\/Tajkertesz\/","article_modified_time":"2026-01-19T00:00:16+00:00","og_image":[{"width":555,"height":555,"url":"https:\/\/tajkertesz.com\/wp-content\/uploads\/2021\/09\/powergear-x-telescopic-tree-pruner-upx86-1023624-alt1_productimage.jpg","type":"image\/jpeg"}],"twitter_card":"summary_large_image","twitter_misc":{"Est. reading time":"2 minutes"},"schema":{"@context":"https:\/\/schema.org","@graph":[{"@type":"WebPage","@id":"https:\/\/tajkertesz.com\/termek\/fiskars-powergearx-teleszkopos-agvago-upx86\/","url":"https:\/\/tajkertesz.com\/termek\/fiskars-powergearx-teleszkopos-agvago-upx86\/","name":"Fiskars PowerGearX\u2122 teleszk\u00f3pos \u00e1gv\u00e1g\u00f3 UPX86 - T\u00e1jkert\u00e9sz","isPartOf":{"@id":"https:\/\/tajkertesz.com\/#website"},"primaryImageOfPage":{"@id":"https:\/\/tajkertesz.com\/termek\/fiskars-powergearx-teleszkopos-agvago-upx86\/#primaryimage"},"image":{"@id":"https:\/\/tajkertesz.com\/termek\/fiskars-powergearx-teleszkopos-agvago-upx86\/#primaryimage"},"thumbnailUrl":"https:\/\/tajkertesz.com\/wp-content\/uploads\/2021\/09\/powergear-x-telescopic-tree-pruner-upx86-1023624-alt1_productimage.jpg","datePublished":"2021-09-29T07:22:52+00:00","dateModified":"2026-01-19T00:00:16+00:00","description":"PowerGearX\u2122 teleszk\u00f3pos \u00e1gv\u00e1g\u00f3 UPX86. Metsz\u00e9s 6 m\u00e9ter magasban, er\u0151lk\u00f6d\u00e9s n\u00e9lk\u00fcl. A PowerGear\" X UPX86 teleszk\u00f3pos \u00e1gv\u00e1g\u00f3val elfelejtheted a l\u00e9tr\u00e1t,","breadcrumb":{"@id":"https:\/\/tajkertesz.com\/termek\/fiskars-powergearx-teleszkopos-agvago-upx86\/#breadcrumb"},"inLanguage":"en-US","potentialAction":[{"@type":"ReadAction","target":["https:\/\/tajkertesz.com\/termek\/fiskars-powergearx-teleszkopos-agvago-upx86\/"]}]},{"@type":"ImageObject","inLanguage":"en-US","@id":"https:\/\/tajkertesz.com\/termek\/fiskars-powergearx-teleszkopos-agvago-upx86\/#primaryimage","url":"https:\/\/tajkertesz.com\/wp-content\/uploads\/2021\/09\/powergear-x-telescopic-tree-pruner-upx86-1023624-alt1_productimage.jpg","contentUrl":"https:\/\/tajkertesz.com\/wp-content\/uploads\/2021\/09\/powergear-x-telescopic-tree-pruner-upx86-1023624-alt1_productimage.jpg","width":555,"height":555,"caption":"Fiskars PowerGearX\u2122 teleszk\u00f3pos \u00e1gv\u00e1g\u00f3 UPX86"},{"@type":"BreadcrumbList","@id":"https:\/\/tajkertesz.com\/termek\/fiskars-powergearx-teleszkopos-agvago-upx86\/#breadcrumb","itemListElement":[{"@type":"ListItem","position":1,"name":"Home","item":"https:\/\/tajkertesz.com\/"},{"@type":"ListItem","position":2,"name":"Kezd\u0151lap","item":"https:\/\/tajkertesz.com\/"},{"@type":"ListItem","position":3,"name":"Fiskars PowerGearX\u2122 teleszk\u00f3pos \u00e1gv\u00e1g\u00f3 UPX86"}]},{"@type":"WebSite","@id":"https:\/\/tajkertesz.com\/#website","url":"https:\/\/tajkertesz.com\/","name":"T\u00e1j-Kert\u00e9sz 84 Kft.","description":"Kert\u00e9szeti kis- \u00e9s nagykeresked\u00e9s, D\u00edszn\u00f6v\u00e9ny web\u00e1ruh\u00e1z orsz\u00e1gos h\u00e1zhozsz\u00e1ll\u00edt\u00e1ssal!","publisher":{"@id":"https:\/\/tajkertesz.com\/#organization"},"potentialAction":[{"@type":"SearchAction","target":{"@type":"EntryPoint","urlTemplate":"https:\/\/tajkertesz.com\/?s={search_term_string}"},"query-input":{"@type":"PropertyValueSpecification","valueRequired":true,"valueName":"search_term_string"}}],"inLanguage":"en-US"},{"@type":"Organization","@id":"https:\/\/tajkertesz.com\/#organization","name":"T\u00e1j-Kert\u00e9sz 84 Kft.","url":"https:\/\/tajkertesz.com\/","logo":{"@type":"ImageObject","inLanguage":"en-US","@id":"https:\/\/tajkertesz.com\/#\/schema\/logo\/image\/","url":"https:\/\/tajkertesz.com\/wp-content\/uploads\/2018\/02\/logo-2-e1518678052539.png","contentUrl":"https:\/\/tajkertesz.com\/wp-content\/uploads\/2018\/02\/logo-2-e1518678052539.png","width":81,"height":140,"caption":"T\u00e1j-Kert\u00e9sz 84 Kft."},"image":{"@id":"https:\/\/tajkertesz.com\/#\/schema\/logo\/image\/"},"sameAs":["https:\/\/www.facebook.com\/Tajkertesz\/"]}]}},"_links":{"self":[{"href":"https:\/\/tajkertesz.com\/en_US\/wp-json\/wp\/v2\/product\/9670","targetHints":{"allow":["GET"]}}],"collection":[{"href":"https:\/\/tajkertesz.com\/en_US\/wp-json\/wp\/v2\/product"}],"about":[{"href":"https:\/\/tajkertesz.com\/en_US\/wp-json\/wp\/v2\/types\/product"}],"wp:featuredmedia":[{"embeddable":true,"href":"https:\/\/tajkertesz.com\/en_US\/wp-json\/wp\/v2\/media\/9671"}],"wp:attachment":[{"href":"https:\/\/tajkertesz.com\/en_US\/wp-json\/wp\/v2\/media?parent=9670"}],"wp:term":[{"taxonomy":"product_brand","embeddable":true,"href":"https:\/\/tajkertesz.com\/en_US\/wp-json\/wp\/v2\/product_brand?post=9670"},{"taxonomy":"product_cat","embeddable":true,"href":"https:\/\/tajkertesz.com\/en_US\/wp-json\/wp\/v2\/product_cat?post=9670"},{"taxonomy":"product_tag","embeddable":true,"href":"https:\/\/tajkertesz.com\/en_US\/wp-json\/wp\/v2\/product_tag?post=9670"}],"curies":[{"name":"wp","href":"https:\/\/api.w.org\/{rel}","templated":true}]}}