{"id":9675,"date":"2021-09-29T07:28:41","date_gmt":"2021-09-29T07:28:41","guid":{"rendered":"https:\/\/tajkertesz.com\/?post_type=product&#038;p=9675"},"modified":"2026-02-16T15:08:55","modified_gmt":"2026-02-16T15:08:55","slug":"fiskars-powergear-x-fem-fogaskerekes-agvago-l","status":"publish","type":"product","link":"https:\/\/tajkertesz.com\/en_US\/product\/fiskars-powergear-x-fem-fogaskerekes-agvago-l\/","title":{"rendered":"Fiskars PowerGear\u2122 X f\u00e9m fogaskerekes \u00e1gv\u00e1g\u00f3 (LX92)"},"content":{"rendered":"<h1>Fiskars PowerGear\u2122 X f\u00e9m fogaskerekes \u00e1gv\u00e1g\u00f3 (LX92)<\/h1>\n<p>Fiskars PowerGear\u2122 X f\u00e9m fogaskerekes \u00e1gv\u00e1g\u00f3 (L)<\/p>\n<div>\n<div class=\"ezxmltext-field\">\n<p>Szabadalmaztatott PowerGear\u2122 fogaskerekes er\u0151\u00e1tviteli mechanizmusa ak\u00e1r 3,5x nagyobb er\u0151kifejt\u00e9sre k\u00e9pes, mint m\u00e1s hagyom\u00e1nyos megold\u00e1sok. SoftGrip\u2122 markolat\u00e1nak h\u00e1la k\u00e9nyelmes fog\u00e1st garant\u00e1l. A min\u0151s\u00e9gi ac\u00e9lb\u00f3l k\u00e9sz\u00fclt \u00e9les fejek \u00e9s a k\u00f6nny\u0171, m\u00e9gis tart\u00f3s \u00e9s er\u0151s FiberComp\u2122 nyelek pedig megk\u00f6nny\u00edtik az \u00d6n munk\u00e1j\u00e1t a kertben.<\/p>\n<ul>\n<li style=\"list-style-type: none;\">\n<ul>\n<li>Gyakori, strapab\u00edr\u00f3 haszn\u00e1latra friss \u00e1gak v\u00e1g\u00e1s\u00e1hoz max. 5,5 cm \u00e1tm\u00e9r\u0151ig<\/li>\n<li>A szersz\u00e1m ny\u00edr\u00f3 v\u00e1g\u00e1si mechanizmusa egyszer\u0171bb \u00e9s tiszt\u00e1bb v\u00e1g\u00e1st eredm\u00e9nyez<\/li>\n<li>Az als\u00f3 penge az \u00e1gak optim\u00e1lis megragad\u00e1sa \u00e9rdek\u00e9ben hajl\u00edtott<\/li>\n<\/ul>\n<\/li>\n<\/ul>\n<\/div>\n<\/div>\n<div class=\"product-features\">\n<div class=\"ezxmltext-field\">\n<p><b>K\u00e9szlet\u00fcnk napi szinten v\u00e1ltozik, ez\u00e9rt k\u00e9rj\u00fck, \u00e9rdekl\u0151dj\u00f6n szem\u00e9lyesen, telefonon vagy email-en.<br \/>\nA v\u00e1ltoztat\u00e1s jog\u00e1t fenntartjuk!\u00a0<\/b><\/p>\n<p><a href=\"https:\/\/tajkertesz.com\/\">https:\/\/tajkertesz.com\/<\/a><\/p>\n<p><a href=\"https:\/\/www.facebook.com\/tajkertesz\">https:\/\/www.facebook.com\/tajkertesz<\/a><\/p>\n<p>&nbsp;<\/p>\n<\/div>\n<p><span style=\"color: #ffffff;\">A Fiskars univerz\u00e1lis \u00e1gv\u00e1g\u00f3k t\u00f6bhanem a h\u00e1z k\u00f6r\u00fcl is fontos eszk\u00f6z, a lehullott faleveleket (avart) vagy egy\u00e9b lombokat is \u00f6ssze lehet vele szedni (a speci\u00e1lisan lombgy\u0171jt\u00e9sre szakosodott verzi\u00f3ja a lombsepr\u0171). Nyele \u00e1ltal\u00e1ban f\u00e1b\u00f3l, feje pedig vasb\u00f3l k\u00e9sz\u00fcl, de manaps\u00e1g m\u00e1r elterjedt a m\u0171anyagb\u00f3l k\u00e9sz\u00fclt v\u00e1ltozat is. Kert\u00e9szetekben \u00e9s nagyobb \u00e1ruh\u00e1zakban kaphat\u00f3, ak\u00e1rcsak az \u00e1s\u00f3, a lap\u00e1t, a kapa vagy ritk\u00e1bban a kasza.bfunkci\u00f3s eszk\u00f6z\u00f6k, melyekkel el\u00e9rhet\u0151 a fa lombkoron\u00e1ja \u00e9s a s\u0171r\u0171 bokrok is. V\u00e1gjon fejmagass\u00e1g felett l\u00e9tra haszn\u00e1lata, vagy a talajszinten hajlong\u00e1s, \u00e9s t\u00e9rdel\u00e9s n\u00e9lk\u00fcl. Aktiv\u00e1lja a fogaskerekes v\u00e1g\u00f3szerkezetet a narancs markolat egyetlen h\u00faz\u00e1s\u00e1val, vagy maxim\u00e1lis magass\u00e1gban t\u00f6rt\u00e9n\u0151 v\u00e1g\u00e1s eset\u00e9n a narancs h\u00faz\u00f3gombbal. Amennyiben nagyon magas \u00e1gakat kell el\u00e9rnie, pr\u00f3b\u00e1lja ki a teleszk\u00f3pos verzi\u00f3t. Az \u00e1ll\u00edthat\u00f3 fej \u00e9s a k\u00f6nny\u0171 v\u00e1g\u00e1si mechanizmus gyors, egyszer\u0171 \u00e9s biztons\u00e1gos metsz\u00e9st tesz lehet\u0151v\u00e9.<\/span><\/p>\n<div class=\"ezxmltext-field\">\n<p>&nbsp;<\/p>\n<\/div>\n<\/div>","protected":false},"excerpt":{"rendered":"<ul>\n<li>Gyakori, strapab\u00edr\u00f3 haszn\u00e1latra friss \u00e1gak v\u00e1g\u00e1s\u00e1hoz max. 5,5 cm \u00e1tm\u00e9r\u0151ig<\/li>\n<\/ul>","protected":false},"featured_media":9676,"template":"","meta":{"_et_pb_use_builder":"","_et_pb_old_content":"","_et_gb_content_width":""},"product_brand":[],"product_cat":[4684],"product_tag":[4562,116,4889,2802],"class_list":{"0":"post-9675","1":"product","2":"type-product","3":"status-publish","4":"has-post-thumbnail","6":"product_cat-fiskars-agvagok","7":"product_tag-agvago","8":"product_tag-fiskars","9":"product_tag-powergear","10":"product_tag-powergear-x-fem-fogaskerekes-agvago-l","12":"first","13":"instock","14":"shipping-taxable","15":"purchasable","16":"product-type-simple"},"yoast_head":"<!-- This site is optimized with the Yoast SEO plugin v27.4 - https:\/\/yoast.com\/product\/yoast-seo-wordpress\/ -->\n<title>Fiskars PowerGear\u2122 X f\u00e9m fogaskerekes \u00e1gv\u00e1g\u00f3 (LX92) - T\u00e1jkert\u00e9sz<\/title>\n<meta name=\"description\" content=\"Fiskars PowerGear\u2122 X f\u00e9m fogaskerekes \u00e1gv\u00e1g\u00f3 (Lx92)\" \/>\n<meta name=\"robots\" content=\"index, follow, max-snippet:-1, max-image-preview:large, max-video-preview:-1\" \/>\n<link rel=\"canonical\" href=\"https:\/\/tajkertesz.com\/en_US\/product\/fiskars-powergear-x-fem-fogaskerekes-agvago-l\/\" \/>\n<meta property=\"og:locale\" content=\"en_US\" \/>\n<meta property=\"og:type\" content=\"article\" \/>\n<meta property=\"og:title\" content=\"Fiskars PowerGear\u2122 X f\u00e9m fogaskerekes \u00e1gv\u00e1g\u00f3 (LX92) - T\u00e1jkert\u00e9sz\" \/>\n<meta property=\"og:description\" content=\"Fiskars PowerGear\u2122 X f\u00e9m fogaskerekes \u00e1gv\u00e1g\u00f3 (Lx92)\" \/>\n<meta property=\"og:url\" content=\"https:\/\/tajkertesz.com\/en_US\/product\/fiskars-powergear-x-fem-fogaskerekes-agvago-l\/\" \/>\n<meta property=\"og:site_name\" content=\"T\u00e1jkert\u00e9sz\" \/>\n<meta property=\"article:publisher\" content=\"https:\/\/www.facebook.com\/Tajkertesz\/\" \/>\n<meta property=\"article:modified_time\" content=\"2026-02-16T15:08:55+00:00\" \/>\n<meta property=\"og:image\" content=\"https:\/\/tajkertesz.com\/wp-content\/uploads\/2021\/09\/powergearx-lopper-bypass_productimage.jpg\" \/>\n\t<meta property=\"og:image:width\" content=\"555\" \/>\n\t<meta property=\"og:image:height\" content=\"555\" \/>\n\t<meta property=\"og:image:type\" content=\"image\/jpeg\" \/>\n<meta name=\"twitter:card\" content=\"summary_large_image\" \/>\n<meta name=\"twitter:label1\" content=\"Est. reading time\" \/>\n\t<meta name=\"twitter:data1\" content=\"2 minutes\" \/>\n<script type=\"application\/ld+json\" class=\"yoast-schema-graph\">{\"@context\":\"https:\\\/\\\/schema.org\",\"@graph\":[{\"@type\":\"WebPage\",\"@id\":\"https:\\\/\\\/tajkertesz.com\\\/termek\\\/fiskars-powergear-x-fem-fogaskerekes-agvago-l\\\/\",\"url\":\"https:\\\/\\\/tajkertesz.com\\\/termek\\\/fiskars-powergear-x-fem-fogaskerekes-agvago-l\\\/\",\"name\":\"Fiskars PowerGear\u2122 X f\u00e9m fogaskerekes \u00e1gv\u00e1g\u00f3 (LX92) - T\u00e1jkert\u00e9sz\",\"isPartOf\":{\"@id\":\"https:\\\/\\\/tajkertesz.com\\\/#website\"},\"primaryImageOfPage\":{\"@id\":\"https:\\\/\\\/tajkertesz.com\\\/termek\\\/fiskars-powergear-x-fem-fogaskerekes-agvago-l\\\/#primaryimage\"},\"image\":{\"@id\":\"https:\\\/\\\/tajkertesz.com\\\/termek\\\/fiskars-powergear-x-fem-fogaskerekes-agvago-l\\\/#primaryimage\"},\"thumbnailUrl\":\"https:\\\/\\\/tajkertesz.com\\\/wp-content\\\/uploads\\\/2021\\\/09\\\/powergearx-lopper-bypass_productimage.jpg\",\"datePublished\":\"2021-09-29T07:28:41+00:00\",\"dateModified\":\"2026-02-16T15:08:55+00:00\",\"description\":\"Fiskars PowerGear\u2122 X f\u00e9m fogaskerekes \u00e1gv\u00e1g\u00f3 (Lx92)\",\"breadcrumb\":{\"@id\":\"https:\\\/\\\/tajkertesz.com\\\/termek\\\/fiskars-powergear-x-fem-fogaskerekes-agvago-l\\\/#breadcrumb\"},\"inLanguage\":\"en-US\",\"potentialAction\":[{\"@type\":\"ReadAction\",\"target\":[\"https:\\\/\\\/tajkertesz.com\\\/termek\\\/fiskars-powergear-x-fem-fogaskerekes-agvago-l\\\/\"]}]},{\"@type\":\"ImageObject\",\"inLanguage\":\"en-US\",\"@id\":\"https:\\\/\\\/tajkertesz.com\\\/termek\\\/fiskars-powergear-x-fem-fogaskerekes-agvago-l\\\/#primaryimage\",\"url\":\"https:\\\/\\\/tajkertesz.com\\\/wp-content\\\/uploads\\\/2021\\\/09\\\/powergearx-lopper-bypass_productimage.jpg\",\"contentUrl\":\"https:\\\/\\\/tajkertesz.com\\\/wp-content\\\/uploads\\\/2021\\\/09\\\/powergearx-lopper-bypass_productimage.jpg\",\"width\":555,\"height\":555},{\"@type\":\"BreadcrumbList\",\"@id\":\"https:\\\/\\\/tajkertesz.com\\\/termek\\\/fiskars-powergear-x-fem-fogaskerekes-agvago-l\\\/#breadcrumb\",\"itemListElement\":[{\"@type\":\"ListItem\",\"position\":1,\"name\":\"Home\",\"item\":\"https:\\\/\\\/tajkertesz.com\\\/\"},{\"@type\":\"ListItem\",\"position\":2,\"name\":\"Kezd\u0151lap\",\"item\":\"https:\\\/\\\/tajkertesz.com\\\/\"},{\"@type\":\"ListItem\",\"position\":3,\"name\":\"Fiskars PowerGear\u2122 X f\u00e9m fogaskerekes \u00e1gv\u00e1g\u00f3 (LX92)\"}]},{\"@type\":\"WebSite\",\"@id\":\"https:\\\/\\\/tajkertesz.com\\\/#website\",\"url\":\"https:\\\/\\\/tajkertesz.com\\\/\",\"name\":\"T\u00e1j-Kert\u00e9sz 84 Kft.\",\"description\":\"Kert\u00e9szeti kis- \u00e9s nagykeresked\u00e9s, D\u00edszn\u00f6v\u00e9ny web\u00e1ruh\u00e1z orsz\u00e1gos h\u00e1zhozsz\u00e1ll\u00edt\u00e1ssal!\",\"publisher\":{\"@id\":\"https:\\\/\\\/tajkertesz.com\\\/#organization\"},\"potentialAction\":[{\"@type\":\"SearchAction\",\"target\":{\"@type\":\"EntryPoint\",\"urlTemplate\":\"https:\\\/\\\/tajkertesz.com\\\/?s={search_term_string}\"},\"query-input\":{\"@type\":\"PropertyValueSpecification\",\"valueRequired\":true,\"valueName\":\"search_term_string\"}}],\"inLanguage\":\"en-US\"},{\"@type\":\"Organization\",\"@id\":\"https:\\\/\\\/tajkertesz.com\\\/#organization\",\"name\":\"T\u00e1j-Kert\u00e9sz 84 Kft.\",\"url\":\"https:\\\/\\\/tajkertesz.com\\\/\",\"logo\":{\"@type\":\"ImageObject\",\"inLanguage\":\"en-US\",\"@id\":\"https:\\\/\\\/tajkertesz.com\\\/#\\\/schema\\\/logo\\\/image\\\/\",\"url\":\"https:\\\/\\\/tajkertesz.com\\\/wp-content\\\/uploads\\\/2018\\\/02\\\/logo-2-e1518678052539.png\",\"contentUrl\":\"https:\\\/\\\/tajkertesz.com\\\/wp-content\\\/uploads\\\/2018\\\/02\\\/logo-2-e1518678052539.png\",\"width\":81,\"height\":140,\"caption\":\"T\u00e1j-Kert\u00e9sz 84 Kft.\"},\"image\":{\"@id\":\"https:\\\/\\\/tajkertesz.com\\\/#\\\/schema\\\/logo\\\/image\\\/\"},\"sameAs\":[\"https:\\\/\\\/www.facebook.com\\\/Tajkertesz\\\/\"]}]}<\/script>\n<!-- \/ Yoast SEO plugin. -->","yoast_head_json":{"title":"Fiskars PowerGear\u2122 X f\u00e9m fogaskerekes \u00e1gv\u00e1g\u00f3 (LX92) - T\u00e1jkert\u00e9sz","description":"Fiskars PowerGear\u2122 X f\u00e9m fogaskerekes \u00e1gv\u00e1g\u00f3 (Lx92)","robots":{"index":"index","follow":"follow","max-snippet":"max-snippet:-1","max-image-preview":"max-image-preview:large","max-video-preview":"max-video-preview:-1"},"canonical":"https:\/\/tajkertesz.com\/en_US\/product\/fiskars-powergear-x-fem-fogaskerekes-agvago-l\/","og_locale":"en_US","og_type":"article","og_title":"Fiskars PowerGear\u2122 X f\u00e9m fogaskerekes \u00e1gv\u00e1g\u00f3 (LX92) - T\u00e1jkert\u00e9sz","og_description":"Fiskars PowerGear\u2122 X f\u00e9m fogaskerekes \u00e1gv\u00e1g\u00f3 (Lx92)","og_url":"https:\/\/tajkertesz.com\/en_US\/product\/fiskars-powergear-x-fem-fogaskerekes-agvago-l\/","og_site_name":"T\u00e1jkert\u00e9sz","article_publisher":"https:\/\/www.facebook.com\/Tajkertesz\/","article_modified_time":"2026-02-16T15:08:55+00:00","og_image":[{"width":555,"height":555,"url":"https:\/\/tajkertesz.com\/wp-content\/uploads\/2021\/09\/powergearx-lopper-bypass_productimage.jpg","type":"image\/jpeg"}],"twitter_card":"summary_large_image","twitter_misc":{"Est. reading time":"2 minutes"},"schema":{"@context":"https:\/\/schema.org","@graph":[{"@type":"WebPage","@id":"https:\/\/tajkertesz.com\/termek\/fiskars-powergear-x-fem-fogaskerekes-agvago-l\/","url":"https:\/\/tajkertesz.com\/termek\/fiskars-powergear-x-fem-fogaskerekes-agvago-l\/","name":"Fiskars PowerGear\u2122 X f\u00e9m fogaskerekes \u00e1gv\u00e1g\u00f3 (LX92) - T\u00e1jkert\u00e9sz","isPartOf":{"@id":"https:\/\/tajkertesz.com\/#website"},"primaryImageOfPage":{"@id":"https:\/\/tajkertesz.com\/termek\/fiskars-powergear-x-fem-fogaskerekes-agvago-l\/#primaryimage"},"image":{"@id":"https:\/\/tajkertesz.com\/termek\/fiskars-powergear-x-fem-fogaskerekes-agvago-l\/#primaryimage"},"thumbnailUrl":"https:\/\/tajkertesz.com\/wp-content\/uploads\/2021\/09\/powergearx-lopper-bypass_productimage.jpg","datePublished":"2021-09-29T07:28:41+00:00","dateModified":"2026-02-16T15:08:55+00:00","description":"Fiskars PowerGear\u2122 X f\u00e9m fogaskerekes \u00e1gv\u00e1g\u00f3 (Lx92)","breadcrumb":{"@id":"https:\/\/tajkertesz.com\/termek\/fiskars-powergear-x-fem-fogaskerekes-agvago-l\/#breadcrumb"},"inLanguage":"en-US","potentialAction":[{"@type":"ReadAction","target":["https:\/\/tajkertesz.com\/termek\/fiskars-powergear-x-fem-fogaskerekes-agvago-l\/"]}]},{"@type":"ImageObject","inLanguage":"en-US","@id":"https:\/\/tajkertesz.com\/termek\/fiskars-powergear-x-fem-fogaskerekes-agvago-l\/#primaryimage","url":"https:\/\/tajkertesz.com\/wp-content\/uploads\/2021\/09\/powergearx-lopper-bypass_productimage.jpg","contentUrl":"https:\/\/tajkertesz.com\/wp-content\/uploads\/2021\/09\/powergearx-lopper-bypass_productimage.jpg","width":555,"height":555},{"@type":"BreadcrumbList","@id":"https:\/\/tajkertesz.com\/termek\/fiskars-powergear-x-fem-fogaskerekes-agvago-l\/#breadcrumb","itemListElement":[{"@type":"ListItem","position":1,"name":"Home","item":"https:\/\/tajkertesz.com\/"},{"@type":"ListItem","position":2,"name":"Kezd\u0151lap","item":"https:\/\/tajkertesz.com\/"},{"@type":"ListItem","position":3,"name":"Fiskars PowerGear\u2122 X f\u00e9m fogaskerekes \u00e1gv\u00e1g\u00f3 (LX92)"}]},{"@type":"WebSite","@id":"https:\/\/tajkertesz.com\/#website","url":"https:\/\/tajkertesz.com\/","name":"T\u00e1j-Kert\u00e9sz 84 Kft.","description":"Kert\u00e9szeti kis- \u00e9s nagykeresked\u00e9s, D\u00edszn\u00f6v\u00e9ny web\u00e1ruh\u00e1z orsz\u00e1gos h\u00e1zhozsz\u00e1ll\u00edt\u00e1ssal!","publisher":{"@id":"https:\/\/tajkertesz.com\/#organization"},"potentialAction":[{"@type":"SearchAction","target":{"@type":"EntryPoint","urlTemplate":"https:\/\/tajkertesz.com\/?s={search_term_string}"},"query-input":{"@type":"PropertyValueSpecification","valueRequired":true,"valueName":"search_term_string"}}],"inLanguage":"en-US"},{"@type":"Organization","@id":"https:\/\/tajkertesz.com\/#organization","name":"T\u00e1j-Kert\u00e9sz 84 Kft.","url":"https:\/\/tajkertesz.com\/","logo":{"@type":"ImageObject","inLanguage":"en-US","@id":"https:\/\/tajkertesz.com\/#\/schema\/logo\/image\/","url":"https:\/\/tajkertesz.com\/wp-content\/uploads\/2018\/02\/logo-2-e1518678052539.png","contentUrl":"https:\/\/tajkertesz.com\/wp-content\/uploads\/2018\/02\/logo-2-e1518678052539.png","width":81,"height":140,"caption":"T\u00e1j-Kert\u00e9sz 84 Kft."},"image":{"@id":"https:\/\/tajkertesz.com\/#\/schema\/logo\/image\/"},"sameAs":["https:\/\/www.facebook.com\/Tajkertesz\/"]}]}},"_links":{"self":[{"href":"https:\/\/tajkertesz.com\/en_US\/wp-json\/wp\/v2\/product\/9675","targetHints":{"allow":["GET"]}}],"collection":[{"href":"https:\/\/tajkertesz.com\/en_US\/wp-json\/wp\/v2\/product"}],"about":[{"href":"https:\/\/tajkertesz.com\/en_US\/wp-json\/wp\/v2\/types\/product"}],"wp:featuredmedia":[{"embeddable":true,"href":"https:\/\/tajkertesz.com\/en_US\/wp-json\/wp\/v2\/media\/9676"}],"wp:attachment":[{"href":"https:\/\/tajkertesz.com\/en_US\/wp-json\/wp\/v2\/media?parent=9675"}],"wp:term":[{"taxonomy":"product_brand","embeddable":true,"href":"https:\/\/tajkertesz.com\/en_US\/wp-json\/wp\/v2\/product_brand?post=9675"},{"taxonomy":"product_cat","embeddable":true,"href":"https:\/\/tajkertesz.com\/en_US\/wp-json\/wp\/v2\/product_cat?post=9675"},{"taxonomy":"product_tag","embeddable":true,"href":"https:\/\/tajkertesz.com\/en_US\/wp-json\/wp\/v2\/product_tag?post=9675"}],"curies":[{"name":"wp","href":"https:\/\/api.w.org\/{rel}","templated":true}]}}