{"id":9678,"date":"2021-09-29T07:31:18","date_gmt":"2021-09-29T07:31:18","guid":{"rendered":"https:\/\/tajkertesz.com\/?post_type=product&#038;p=9678"},"modified":"2026-02-16T15:09:01","modified_gmt":"2026-02-16T15:09:01","slug":"fiskars-ergonomic-lapat","status":"publish","type":"product","link":"https:\/\/tajkertesz.com\/en_US\/product\/fiskars-ergonomic-lapat\/","title":{"rendered":"Fiskars Ergonomic\u2122 lap\u00e1t"},"content":{"rendered":"<h2>Fiskars Ergonomic\u2122 lap\u00e1t<\/h2>\n<p>Fiskars Ergonomic\u2122 lap\u00e1t<\/p>\n<section id=\"custom-content-top\" class=\"custom-content custom-content--top custom-content--page_shop_art_101796\">\n<div class=\"custom-content__container container\">\n<div class=\"read-more is-processed\">\n<div class=\"read-more__content custom-content__content page_txt\">\n<p>Nincs olyan kert, ahol ne lenne gyakran sz\u00fcks\u00e9g egy Fiskars lap\u00e1tra! Ez az eszk\u00f6z a legalapvet\u0151bb kerti szersz\u00e1mok k\u00f6z\u00e9 tartozik, mondhatni egyenrang\u00fa az \u00e1s\u00f3val \u00e9s a kap\u00e1val. B\u00e1rmit is tev\u00e9kenykedj\u00fcnk a kertben, szinte biztos, hogy lap\u00e1tra is sz\u00fcks\u00e9g lesz a m\u0171velethez. A munka pedig term\u00e9szetesen ann\u00e1l k\u00f6nnyebben halad, min\u00e9l min\u0151s\u00e9gibb \u00e9s megb\u00edzhat\u00f3bb eszk\u00f6z\u00f6kkel dolgozunk.<\/p>\n<p>A finn gy\u00e1rt\u00f3 m\u00e9g sosem okozott csal\u00f3d\u00e1st, hiszen az \u00e1ltala gy\u00e1rtott szersz\u00e1mok egyt\u0151l egyig ki\u00e9rdemelt\u00e9k a pr\u00e9mium jelz\u0151t. Itt az ideje, hogy \u00d6nnek is seg\u00edts\u00e9g\u00e9re legyenek a kert\u00e9szked\u00e9sben!<\/p>\n<\/div>\n<\/div>\n<\/div>\n<\/section>\n<div id=\"page_artlist_content\" class=\"page_content product-list-wrapper list-type--1\">\n<div class=\"paging-sorting-ordering paging-sorting-ordering--top\">\n<div class=\"container px-0 px-md-4\">\n<div class=\"paging-sorting-ordering__inner px-4 px-lg-5\">\n<div class=\"row gutters-10 align-items-center\">\n<div><\/div>\n<div class=\"viewing-sorting--top order-md-3 col-auto d-flex align-items-center my-3 ml-auto\">\n<div class=\"view--top flex-shrink-0 mr-3\">Homok, t\u00f6rmel\u00e9k \u00e9s egy\u00e9b nagyobb mennyis\u00e9g\u0171 anyag mozgat\u00e1s\u00e1ra. Hajl\u00edtott nyel\u00e9nek \u00e9s markolat\u00e1nak k\u00f6sz\u00f6nhet\u0151en kisebb a h\u00e1t \u00e9s a csukl\u00f3 terhel\u00e9se<\/div>\n<\/div>\n<\/div>\n<\/div>\n<\/div>\n<\/div>\n<\/div>\n<p>M\u0171anyag bor\u00edt\u00e1s\u00fa nyele seg\u00edt a megfelel\u0151 fog\u00e1sban \u00e9s n\u00f6veli a k\u00e9nyelem\u00e9rzetet<br \/>\nSzil\u00e1rds\u00e1g\u00e1t a b\u00f3rac\u00e9l anyag biztos\u00edtja<\/p>\n<p>Fiskars Ergonomic\u2122 lap\u00e1t<\/p>\n<ul>\n<li>Edzett ac\u00e9l fej<\/li>\n<li>Homok, s\u00f3der \u00e9s egy\u00e9b \u00e9p\u00edt\u00e9si anyag mozgat\u00e1s\u00e1ra<\/li>\n<li>A Fiskars Ergonomic\u2122 lap\u00e1tot a k\u00e9nyelemre optimaliz\u00e1lt\u00e1k<\/li>\n<li>A sz\u00e9les fej ide\u00e1lis neh\u00e9z anyagok mozgat\u00e1s\u00e1hoz, bele\u00e9rtve a kavicsot, homokot \u00e9s f\u00f6ldet<\/li>\n<li>A D-alak\u00fa markolat k\u00e9nyelmesm \u00e9s szil\u00e1rd fog\u00e1st biztos\u00edt<\/li>\n<li>A k\u00f6nnycsepp alak\u00fa ac\u00e9l tengely m\u0171anyag bevonattal rendk\u00edv\u00fcl tart\u00f3ss\u00e1 teszi, maximaliz\u00e1lja a tapad\u00e1st<\/li>\n<li>A penge, \u00e9s a tengely k\u00f6z\u00f6tti er\u0151s hegesztett kapcsolat biztos\u00edtja a merev tart\u00f3ss\u00e1got<\/li>\n<li>A b\u00f3rac\u00e9l fej extra er\u0151t ad, \u00e9s megk\u00f6nny\u00edti a neh\u00e9z anyagok mozgat\u00e1s\u00e1t<\/li>\n<\/ul>\n<p style=\"line-height: 18.0pt; background: white; margin: 0cm 0cm 15.0pt 0cm;\"><span style=\"font-family: 'Ubuntu',serif; color: black;\">El\u00e9rhet\u0151 t\u00f6bbf\u00e9le m\u00e9retben \u00e9s \u00e1rban mindk\u00e9t \u00fczlet\u00fcnkben illetve webshopunkban is.\u00a0<\/span><\/p>\n<p style=\"line-height: 18.0pt; background: white; margin: 0cm 0cm 15.0pt 0cm;\"><b><span style=\"font-family: 'Ubuntu',serif; color: black;\">K\u00e9szlet\u00fcnk napi szinten v\u00e1ltozik, ez\u00e9rt k\u00e9rj\u00fck, \u00e9rdekl\u0151dj\u00f6n szem\u00e9lyesen, telefonon vagy email-en.<br \/>\nA v\u00e1ltoztat\u00e1s jog\u00e1t fenntartjuk!\u00a0<\/span><\/b><\/p>\n<p><a href=\"https:\/\/tajkertesz.com\/\">https:\/\/tajkertesz.com\/<\/a><\/p>\n<p><a href=\"https:\/\/www.fiskars.com\/\">https:\/\/www.fiskars.com\/<\/a><\/p>\n<p><span style=\"color: #ffffff;\">Tart\u00f3san edzett ac\u00e9l talajgereblye 14 foggal a\u00a0 nagyobb ter\u00fcleteken t\u00f6rt\u00e9n\u0151 gerebly\u00e9z\u00e9shez.<\/span><\/p>\n<p>&nbsp;<\/p>","protected":false},"excerpt":{"rendered":"<h2>Fiskars Ergonomic\u2122 lap\u00e1t<\/h2>\n<p>Homok, t\u00f6rmel\u00e9k \u00e9s egy\u00e9b nagyobb mennyis\u00e9g\u0171 anyag mozgat\u00e1s\u00e1ra.<br \/>\nHajl\u00edtott nyel\u00e9nek \u00e9s markolat\u00e1nak k\u00f6sz\u00f6nhet\u0151en kisebb a h\u00e1t \u00e9s a csukl\u00f3 terhel\u00e9se&#8230;<\/p>\n<div id=\"bodyContent\" class=\"mw-body-content\">\n<div id=\"mw-content-text\" class=\"mw-content-ltr\" dir=\"ltr\" lang=\"hu\">\n<div id=\"bodyContent\" class=\"mw-body-content\">\n<div id=\"mw-content-text\" class=\"mw-content-ltr\" dir=\"ltr\" lang=\"hu\">\n<p><b>K\u00e9szlet\u00fcnk napi szinten v\u00e1ltozik, ez\u00e9rt k\u00e9rj\u00fck, \u00e9rdekl\u0151dj\u00f6n szem\u00e9lyesen, telefonon vagy email-en.<\/b><\/p>\n<p>Term\u00e9keinket szem\u00e9lyesen is \u00e1tveheti a h\u00e9t minden napj\u00e1n nyitvatart\u00e1si id\u0151ben!<\/p>\n<p>Kisz\u00e1ll\u00edt\u00e1s: 200 cm \u00e9s 40 kg is a sz\u00e1ll\u00edt\u00e1s fut\u00e1rszolg\u00e1lattal t\u00f6rt\u00e9nik.<\/p>\n<\/div>\n<\/div>\n<\/div>\n<\/div>\n<p><b>A v\u00e1ltoztat\u00e1s jog\u00e1t fenntartjuk!\u00a0<\/b><\/p>\n<p>&nbsp;<\/p>","protected":false},"featured_media":9679,"template":"","meta":{"_et_pb_use_builder":"","_et_pb_old_content":"","_et_gb_content_width":""},"product_brand":[],"product_cat":[4637],"product_tag":[116,2803,1008],"class_list":{"0":"post-9678","1":"product","2":"type-product","3":"status-publish","4":"has-post-thumbnail","6":"product_cat-fiskars-aso-kapa-villa-gereblye","7":"product_tag-fiskars","8":"product_tag-fiskars-ergonomic-lapat","9":"product_tag-lapat","11":"first","12":"instock","13":"shipping-taxable","14":"purchasable","15":"product-type-simple"},"yoast_head":"<!-- This site is optimized with the Yoast SEO plugin v27.4 - https:\/\/yoast.com\/product\/yoast-seo-wordpress\/ -->\n<title>Fiskars Ergonomic\u2122 lap\u00e1t - T\u00e1jkert\u00e9sz<\/title>\n<meta name=\"description\" content=\"Fiskars Ergonomic\u2122 lap\u00e1t. Homok, t\u00f6rmel\u00e9k \u00e9s egy\u00e9b nagyobb mennyis\u00e9g\u0171anyag mozgat\u00e1s\u00e1ra Hajl\u00edtott nyel\u00e9nek \u00e9s markolat\u00e1nak k\u00f6sz\u00f6nhet\u0151en kisebb...\" \/>\n<meta name=\"robots\" content=\"index, follow, max-snippet:-1, max-image-preview:large, max-video-preview:-1\" \/>\n<link rel=\"canonical\" href=\"https:\/\/tajkertesz.com\/en_US\/product\/fiskars-ergonomic-lapat\/\" \/>\n<meta property=\"og:locale\" content=\"en_US\" \/>\n<meta property=\"og:type\" content=\"article\" \/>\n<meta property=\"og:title\" content=\"https:\/\/www.facebook.com\/tajkertesz\" \/>\n<meta property=\"og:description\" content=\"Homok, t\u00f6rmel\u00e9k \u00e9s egy\u00e9b nagyobb mennyis\u00e9g\u0171anyag mozgat\u00e1s\u00e1raHajl\u00edtott nyel\u00e9nek \u00e9s markolat\u00e1nak k\u00f6sz\u00f6nhet\u0151enkisebb a h\u00e1t \u00e9s a csukl\u00f3 terhel\u00e9seM\u0171anyag bor\u00edt\u00e1s\u00fa nyele seg\u00edt a megfelel\u0151 fog\u00e1sban\u00e9s n\u00f6veli a k\u00e9nyelem\u00e9rzetetSzil\u00e1rds\u00e1g\u00e1t a b\u00f3rac\u00e9l anyag biztos\u00edtja\" \/>\n<meta property=\"og:url\" content=\"https:\/\/tajkertesz.com\/en_US\/product\/fiskars-ergonomic-lapat\/\" \/>\n<meta property=\"og:site_name\" content=\"T\u00e1jkert\u00e9sz\" \/>\n<meta property=\"article:publisher\" content=\"https:\/\/www.facebook.com\/Tajkertesz\/\" \/>\n<meta property=\"article:modified_time\" content=\"2026-02-16T15:09:01+00:00\" \/>\n<meta property=\"og:image\" content=\"https:\/\/tajkertesz.com\/wp-content\/uploads\/2021\/09\/131010-1.jpg\" \/>\n\t<meta property=\"og:image:width\" content=\"238\" \/>\n\t<meta property=\"og:image:height\" content=\"318\" \/>\n\t<meta property=\"og:image:type\" content=\"image\/jpeg\" \/>\n<meta name=\"twitter:card\" content=\"summary_large_image\" \/>\n<meta name=\"twitter:label1\" content=\"Est. reading time\" \/>\n\t<meta name=\"twitter:data1\" content=\"2 minutes\" \/>\n<script type=\"application\/ld+json\" class=\"yoast-schema-graph\">{\"@context\":\"https:\\\/\\\/schema.org\",\"@graph\":[{\"@type\":\"WebPage\",\"@id\":\"https:\\\/\\\/tajkertesz.com\\\/termek\\\/fiskars-ergonomic-lapat\\\/\",\"url\":\"https:\\\/\\\/tajkertesz.com\\\/termek\\\/fiskars-ergonomic-lapat\\\/\",\"name\":\"Fiskars Ergonomic\u2122 lap\u00e1t - T\u00e1jkert\u00e9sz\",\"isPartOf\":{\"@id\":\"https:\\\/\\\/tajkertesz.com\\\/#website\"},\"primaryImageOfPage\":{\"@id\":\"https:\\\/\\\/tajkertesz.com\\\/termek\\\/fiskars-ergonomic-lapat\\\/#primaryimage\"},\"image\":{\"@id\":\"https:\\\/\\\/tajkertesz.com\\\/termek\\\/fiskars-ergonomic-lapat\\\/#primaryimage\"},\"thumbnailUrl\":\"https:\\\/\\\/tajkertesz.com\\\/wp-content\\\/uploads\\\/2021\\\/09\\\/ergonomic-lapat-1025376_productimage.jpg\",\"datePublished\":\"2021-09-29T07:31:18+00:00\",\"dateModified\":\"2026-02-16T15:09:01+00:00\",\"description\":\"Fiskars Ergonomic\u2122 lap\u00e1t. Homok, t\u00f6rmel\u00e9k \u00e9s egy\u00e9b nagyobb mennyis\u00e9g\u0171anyag mozgat\u00e1s\u00e1ra Hajl\u00edtott nyel\u00e9nek \u00e9s markolat\u00e1nak k\u00f6sz\u00f6nhet\u0151en kisebb...\",\"breadcrumb\":{\"@id\":\"https:\\\/\\\/tajkertesz.com\\\/termek\\\/fiskars-ergonomic-lapat\\\/#breadcrumb\"},\"inLanguage\":\"en-US\",\"potentialAction\":[{\"@type\":\"ReadAction\",\"target\":[\"https:\\\/\\\/tajkertesz.com\\\/termek\\\/fiskars-ergonomic-lapat\\\/\"]}]},{\"@type\":\"ImageObject\",\"inLanguage\":\"en-US\",\"@id\":\"https:\\\/\\\/tajkertesz.com\\\/termek\\\/fiskars-ergonomic-lapat\\\/#primaryimage\",\"url\":\"https:\\\/\\\/tajkertesz.com\\\/wp-content\\\/uploads\\\/2021\\\/09\\\/ergonomic-lapat-1025376_productimage.jpg\",\"contentUrl\":\"https:\\\/\\\/tajkertesz.com\\\/wp-content\\\/uploads\\\/2021\\\/09\\\/ergonomic-lapat-1025376_productimage.jpg\",\"width\":555,\"height\":555},{\"@type\":\"BreadcrumbList\",\"@id\":\"https:\\\/\\\/tajkertesz.com\\\/termek\\\/fiskars-ergonomic-lapat\\\/#breadcrumb\",\"itemListElement\":[{\"@type\":\"ListItem\",\"position\":1,\"name\":\"Home\",\"item\":\"https:\\\/\\\/tajkertesz.com\\\/\"},{\"@type\":\"ListItem\",\"position\":2,\"name\":\"Kezd\u0151lap\",\"item\":\"https:\\\/\\\/tajkertesz.com\\\/\"},{\"@type\":\"ListItem\",\"position\":3,\"name\":\"Fiskars Ergonomic\u2122 lap\u00e1t\"}]},{\"@type\":\"WebSite\",\"@id\":\"https:\\\/\\\/tajkertesz.com\\\/#website\",\"url\":\"https:\\\/\\\/tajkertesz.com\\\/\",\"name\":\"T\u00e1j-Kert\u00e9sz 84 Kft.\",\"description\":\"Kert\u00e9szeti kis- \u00e9s nagykeresked\u00e9s, D\u00edszn\u00f6v\u00e9ny web\u00e1ruh\u00e1z orsz\u00e1gos h\u00e1zhozsz\u00e1ll\u00edt\u00e1ssal!\",\"publisher\":{\"@id\":\"https:\\\/\\\/tajkertesz.com\\\/#organization\"},\"potentialAction\":[{\"@type\":\"SearchAction\",\"target\":{\"@type\":\"EntryPoint\",\"urlTemplate\":\"https:\\\/\\\/tajkertesz.com\\\/?s={search_term_string}\"},\"query-input\":{\"@type\":\"PropertyValueSpecification\",\"valueRequired\":true,\"valueName\":\"search_term_string\"}}],\"inLanguage\":\"en-US\"},{\"@type\":\"Organization\",\"@id\":\"https:\\\/\\\/tajkertesz.com\\\/#organization\",\"name\":\"T\u00e1j-Kert\u00e9sz 84 Kft.\",\"url\":\"https:\\\/\\\/tajkertesz.com\\\/\",\"logo\":{\"@type\":\"ImageObject\",\"inLanguage\":\"en-US\",\"@id\":\"https:\\\/\\\/tajkertesz.com\\\/#\\\/schema\\\/logo\\\/image\\\/\",\"url\":\"https:\\\/\\\/tajkertesz.com\\\/wp-content\\\/uploads\\\/2018\\\/02\\\/logo-2-e1518678052539.png\",\"contentUrl\":\"https:\\\/\\\/tajkertesz.com\\\/wp-content\\\/uploads\\\/2018\\\/02\\\/logo-2-e1518678052539.png\",\"width\":81,\"height\":140,\"caption\":\"T\u00e1j-Kert\u00e9sz 84 Kft.\"},\"image\":{\"@id\":\"https:\\\/\\\/tajkertesz.com\\\/#\\\/schema\\\/logo\\\/image\\\/\"},\"sameAs\":[\"https:\\\/\\\/www.facebook.com\\\/Tajkertesz\\\/\"]}]}<\/script>\n<!-- \/ Yoast SEO plugin. -->","yoast_head_json":{"title":"Fiskars Ergonomic\u2122 lap\u00e1t - T\u00e1jkert\u00e9sz","description":"Fiskars Ergonomic\u2122 lap\u00e1t. Homok, t\u00f6rmel\u00e9k \u00e9s egy\u00e9b nagyobb mennyis\u00e9g\u0171anyag mozgat\u00e1s\u00e1ra Hajl\u00edtott nyel\u00e9nek \u00e9s markolat\u00e1nak k\u00f6sz\u00f6nhet\u0151en kisebb...","robots":{"index":"index","follow":"follow","max-snippet":"max-snippet:-1","max-image-preview":"max-image-preview:large","max-video-preview":"max-video-preview:-1"},"canonical":"https:\/\/tajkertesz.com\/en_US\/product\/fiskars-ergonomic-lapat\/","og_locale":"en_US","og_type":"article","og_title":"https:\/\/www.facebook.com\/tajkertesz","og_description":"Homok, t\u00f6rmel\u00e9k \u00e9s egy\u00e9b nagyobb mennyis\u00e9g\u0171anyag mozgat\u00e1s\u00e1raHajl\u00edtott nyel\u00e9nek \u00e9s markolat\u00e1nak k\u00f6sz\u00f6nhet\u0151enkisebb a h\u00e1t \u00e9s a csukl\u00f3 terhel\u00e9seM\u0171anyag bor\u00edt\u00e1s\u00fa nyele seg\u00edt a megfelel\u0151 fog\u00e1sban\u00e9s n\u00f6veli a k\u00e9nyelem\u00e9rzetetSzil\u00e1rds\u00e1g\u00e1t a b\u00f3rac\u00e9l anyag biztos\u00edtja","og_url":"https:\/\/tajkertesz.com\/en_US\/product\/fiskars-ergonomic-lapat\/","og_site_name":"T\u00e1jkert\u00e9sz","article_publisher":"https:\/\/www.facebook.com\/Tajkertesz\/","article_modified_time":"2026-02-16T15:09:01+00:00","og_image":[{"width":238,"height":318,"url":"https:\/\/tajkertesz.com\/wp-content\/uploads\/2021\/09\/131010-1.jpg","type":"image\/jpeg"}],"twitter_card":"summary_large_image","twitter_misc":{"Est. reading time":"2 minutes"},"schema":{"@context":"https:\/\/schema.org","@graph":[{"@type":"WebPage","@id":"https:\/\/tajkertesz.com\/termek\/fiskars-ergonomic-lapat\/","url":"https:\/\/tajkertesz.com\/termek\/fiskars-ergonomic-lapat\/","name":"Fiskars Ergonomic\u2122 lap\u00e1t - T\u00e1jkert\u00e9sz","isPartOf":{"@id":"https:\/\/tajkertesz.com\/#website"},"primaryImageOfPage":{"@id":"https:\/\/tajkertesz.com\/termek\/fiskars-ergonomic-lapat\/#primaryimage"},"image":{"@id":"https:\/\/tajkertesz.com\/termek\/fiskars-ergonomic-lapat\/#primaryimage"},"thumbnailUrl":"https:\/\/tajkertesz.com\/wp-content\/uploads\/2021\/09\/ergonomic-lapat-1025376_productimage.jpg","datePublished":"2021-09-29T07:31:18+00:00","dateModified":"2026-02-16T15:09:01+00:00","description":"Fiskars Ergonomic\u2122 lap\u00e1t. Homok, t\u00f6rmel\u00e9k \u00e9s egy\u00e9b nagyobb mennyis\u00e9g\u0171anyag mozgat\u00e1s\u00e1ra Hajl\u00edtott nyel\u00e9nek \u00e9s markolat\u00e1nak k\u00f6sz\u00f6nhet\u0151en kisebb...","breadcrumb":{"@id":"https:\/\/tajkertesz.com\/termek\/fiskars-ergonomic-lapat\/#breadcrumb"},"inLanguage":"en-US","potentialAction":[{"@type":"ReadAction","target":["https:\/\/tajkertesz.com\/termek\/fiskars-ergonomic-lapat\/"]}]},{"@type":"ImageObject","inLanguage":"en-US","@id":"https:\/\/tajkertesz.com\/termek\/fiskars-ergonomic-lapat\/#primaryimage","url":"https:\/\/tajkertesz.com\/wp-content\/uploads\/2021\/09\/ergonomic-lapat-1025376_productimage.jpg","contentUrl":"https:\/\/tajkertesz.com\/wp-content\/uploads\/2021\/09\/ergonomic-lapat-1025376_productimage.jpg","width":555,"height":555},{"@type":"BreadcrumbList","@id":"https:\/\/tajkertesz.com\/termek\/fiskars-ergonomic-lapat\/#breadcrumb","itemListElement":[{"@type":"ListItem","position":1,"name":"Home","item":"https:\/\/tajkertesz.com\/"},{"@type":"ListItem","position":2,"name":"Kezd\u0151lap","item":"https:\/\/tajkertesz.com\/"},{"@type":"ListItem","position":3,"name":"Fiskars Ergonomic\u2122 lap\u00e1t"}]},{"@type":"WebSite","@id":"https:\/\/tajkertesz.com\/#website","url":"https:\/\/tajkertesz.com\/","name":"T\u00e1j-Kert\u00e9sz 84 Kft.","description":"Kert\u00e9szeti kis- \u00e9s nagykeresked\u00e9s, D\u00edszn\u00f6v\u00e9ny web\u00e1ruh\u00e1z orsz\u00e1gos h\u00e1zhozsz\u00e1ll\u00edt\u00e1ssal!","publisher":{"@id":"https:\/\/tajkertesz.com\/#organization"},"potentialAction":[{"@type":"SearchAction","target":{"@type":"EntryPoint","urlTemplate":"https:\/\/tajkertesz.com\/?s={search_term_string}"},"query-input":{"@type":"PropertyValueSpecification","valueRequired":true,"valueName":"search_term_string"}}],"inLanguage":"en-US"},{"@type":"Organization","@id":"https:\/\/tajkertesz.com\/#organization","name":"T\u00e1j-Kert\u00e9sz 84 Kft.","url":"https:\/\/tajkertesz.com\/","logo":{"@type":"ImageObject","inLanguage":"en-US","@id":"https:\/\/tajkertesz.com\/#\/schema\/logo\/image\/","url":"https:\/\/tajkertesz.com\/wp-content\/uploads\/2018\/02\/logo-2-e1518678052539.png","contentUrl":"https:\/\/tajkertesz.com\/wp-content\/uploads\/2018\/02\/logo-2-e1518678052539.png","width":81,"height":140,"caption":"T\u00e1j-Kert\u00e9sz 84 Kft."},"image":{"@id":"https:\/\/tajkertesz.com\/#\/schema\/logo\/image\/"},"sameAs":["https:\/\/www.facebook.com\/Tajkertesz\/"]}]}},"_links":{"self":[{"href":"https:\/\/tajkertesz.com\/en_US\/wp-json\/wp\/v2\/product\/9678","targetHints":{"allow":["GET"]}}],"collection":[{"href":"https:\/\/tajkertesz.com\/en_US\/wp-json\/wp\/v2\/product"}],"about":[{"href":"https:\/\/tajkertesz.com\/en_US\/wp-json\/wp\/v2\/types\/product"}],"wp:featuredmedia":[{"embeddable":true,"href":"https:\/\/tajkertesz.com\/en_US\/wp-json\/wp\/v2\/media\/9679"}],"wp:attachment":[{"href":"https:\/\/tajkertesz.com\/en_US\/wp-json\/wp\/v2\/media?parent=9678"}],"wp:term":[{"taxonomy":"product_brand","embeddable":true,"href":"https:\/\/tajkertesz.com\/en_US\/wp-json\/wp\/v2\/product_brand?post=9678"},{"taxonomy":"product_cat","embeddable":true,"href":"https:\/\/tajkertesz.com\/en_US\/wp-json\/wp\/v2\/product_cat?post=9678"},{"taxonomy":"product_tag","embeddable":true,"href":"https:\/\/tajkertesz.com\/en_US\/wp-json\/wp\/v2\/product_tag?post=9678"}],"curies":[{"name":"wp","href":"https:\/\/api.w.org\/{rel}","templated":true}]}}