{"id":9714,"date":"2021-10-04T06:29:54","date_gmt":"2021-10-04T06:29:54","guid":{"rendered":"https:\/\/tajkertesz.com\/?post_type=product&#038;p=9714"},"modified":"2026-03-05T13:03:06","modified_gmt":"2026-03-05T13:03:06","slug":"metelohagyma-bohemia","status":"publish","type":"product","link":"https:\/\/tajkertesz.com\/en_US\/product\/metelohagyma-bohemia\/","title":{"rendered":"Hagyma Met\u00e9l\u0151hagyma Bohemia vet\u0151mag 2g"},"content":{"rendered":"<h1>Met\u00e9l\u0151hagyma Bohemia<\/h1>\n<p>Met\u00e9l\u0151hagyma Bohemia<\/p>\n<p>Snidlingk\u00e9nt is ismert, hidegt\u0171r\u0151, \u00e9vel\u0151 n\u00f6v\u00e9ny. Z\u00f6ld lombja \u00e9s sz\u00e9p vir\u00e1ga d\u00edsz\u00edti a kertet. Er\u0151teljesen sarjadzik, nagy z\u00f6ld t\u00f6meget ad. \u0150sszel cser\u00e9pbe vagy m\u0171anyag poh\u00e1rba \u00fcltetve a konyh\u00e1ban eg\u00e9sz \u00e9vben z\u00f6ldel. A lev\u00e9lzet 1\/3-\u00e1n\u00e1l t\u00f6bbet egyszerre ne t\u00e1vol\u00edtsuk el. Friss leveleit nyersen fogyasztjuk, de f\u0151tt \u00e9telek \u00edzes\u00edt\u00e9s\u00e9re is kiv\u00e1l\u00f3.<\/p>\n<h3>A met\u00e9l\u0151hagyma termeszt\u00e9se \u00e9s gondoz\u00e1sa<\/h3>\n<p>A kev\u00e9sb\u00e9 k\u00e9nyes f\u0171szern\u00f6v\u00e9nyek k\u00f6z\u00e9 tartozik, az eg\u00e9szs\u00e9ges pal\u00e1nt\u00e1nak t\u00e1panyagban gazdag f\u00f6ldre van sz\u00fcks\u00e9ge. Nem csak napos, de f\u00e9l\u00e1rny\u00e9kos helyeken is j\u00f3l \u00e9rzi mag\u00e1t.<\/p>\n<p>A snidling magvet\u00e9ssel szapor\u00edthat\u00f3, a kezdetben gyakoribb \u00f6nt\u00f6z\u00e9sre van sz\u00fcks\u00e9ge, de a szabadf\u00f6ldi termeszt\u00e9sn\u00e9l m\u00e1r elegend\u0151 az es\u0151 \u00e1ltal biztos\u00edtott v\u00edz mennyis\u00e9g. A magvet\u00e9sre ide\u00e1lis \u00e9vszak a m\u00e1rcius \u00e9s \u00e1prilis eleje. Nemcsak konyhakertben, hanem ablakp\u00e1rk\u00e1nyon, balkonl\u00e1d\u00e1ban is nevelhetj\u00fck, de \u00fcltethetj\u00fck sziklakertbe is.<\/p>\n<p>A cserepes kiszerel\u00e9s\u0171 snidlinget a t\u00e9li fagyos \u00e9vszak kiv\u00e9tel\u00e9vel b\u00e1rmikor telep\u00edthetj\u00fck, viszont asz\u00e1lyosabb id\u0151szakban rendszeres \u00f6nt\u00f6z\u00e9st k\u00edv\u00e1n.<\/p>\n<p>A liliomf\u00e9l\u00e9k csal\u00e1dj\u00e1ba tartozik, sokan kedvelik az \u00fajhagym\u00e1n\u00e1l kev\u00e9sb\u00e9 er\u0151teljes \u00edze miatt. A friss snidlinget \u00e1ltal\u00e1ban minden nagyobb \u00e9lelmiszer\u00fczletben megv\u00e1s\u00e1rolhatjuk, de j\u00f3 tudni, hogy otthon is k\u00f6nnyen termeszthetj\u00fck. A felfel\u00e9 n\u00f6v\u0151 f\u0171szer\u0171 snidling \u00e1ltal\u00e1ban a 30-40 cm-es magass\u00e1got \u00e9ri el. A f\u0151z\u00e9st nem b\u00edrja, ez\u00e9rt mindig frissen sz\u00f3rjuk az \u00e9telbe, illetve a szendvicsre egy k\u00f6z\u00f6ns\u00e9ges oll\u00f3val met\u00e9lj\u00fck a sz\u00fcks\u00e9ges mennyis\u00e9get.<\/p>\n<p>A met\u00e9l\u0151hagyma k\u00f6zkedvelt kellemes \u00edzhat\u00e1sa miatt, gazdag vitaminokban, de k\u00f6zismert bakt\u00e9rium\u00f6l\u0151, v\u00e9rtiszt\u00edt\u00f3 \u00e9s b\u00e9lfert\u0151tlen\u00edt\u0151 hat\u00e1s\u00e1r\u00f3l. Nemcsak sal\u00e1t\u00e1k \u00edzes\u00edt\u00e9s\u00e9re \u00e9s dekor\u00e1l\u00e1s\u00e1ra haszn\u00e1lj\u00e1k, hanem gyakran k\u00e9sz\u00edtenek bel\u0151le ecetet illetve sal\u00e1taolajat.<\/p>\n<p><strong>K\u00e9szlet\u00fcnk napi szinten v\u00e1ltozik, ez\u00e9rt k\u00e9rj\u00fck, \u00e9rdekl\u0151dj\u00f6n szem\u00e9lyesen, telefonon vagy email-en.<br \/>\nA v\u00e1ltoztat\u00e1s jog\u00e1t fenntartjuk!\u00a0<\/strong><\/p>\n<p><a href=\"https:\/\/tajkertesz.com\/\">https:\/\/tajkertesz.com\/<\/a><\/p>\n<p><a href=\"https:\/\/www.facebook.com\/tajkertesz\/\">https:\/\/www.facebook.com\/tajkertesz\/<\/a><\/p>\n<p>Kisz\u00e1ll\u00edt\u00e1s: 200cm-ig \u00a0\u00e9s 40 kg-ig a sz\u00e1ll\u00edt\u00e1s fut\u00e1rszolg\u00e1lattal \u00a0t\u00f6rt\u00e9nik!<\/p>\n<p>Szem\u00e9lyes \u00e1tv\u00e9tel nyitvatart\u00e1si id\u0151ben a 17. ker\u00fclet Bakancsos utca 7. sz\u00e1m alatti Kert\u00e9szeti \u00e1rud\u00e1ban<\/p>\n<p>&nbsp;<\/p>\n<p>Szem\u00e9lyes \u00e1tv\u00e9tel ak\u00e1r a mai napon, vagy h\u00e1zhozsz\u00e1ll\u00edt\u00e1s 1-2 napon bel\u00fcl!<\/p>\n<p>&nbsp;<\/p>\n<p>1173.Bp.Bakancsos u.7.<\/p>\n<p><a href=\"https:\/\/www.tajkertesz.com\/\">www.tajkertesz.com<\/a><\/p>\n<p>Kert\u00e9szeti kis-\u00e9s nagykeresked\u00e9s<\/p>\n<p><span style=\"color: #ffffff;\"><a style=\"color: #ffffff;\" title=\"K\u00e9t\u00e9ves n\u00f6v\u00e9ny\" href=\"https:\/\/hu.wikipedia.org\/wiki\/K%C3%A9t%C3%A9ves_n%C3%B6v%C3%A9ny\">K\u00e9t<\/a><\/span><sup id=\"cite_ref-8\" class=\"reference\"><\/sup><sup id=\"cite_ref-9\" class=\"reference\"><\/sup><\/p>\n<p>&nbsp;<\/p>","protected":false},"excerpt":{"rendered":"<h1>Met\u00e9l\u0151hagyma Bohemia<\/h1>","protected":false},"featured_media":14539,"template":"","meta":{"_et_pb_use_builder":"","_et_pb_old_content":"","_et_gb_content_width":""},"product_brand":[],"product_cat":[2881],"product_tag":[4108,2812,4109],"class_list":{"0":"post-9714","1":"product","2":"type-product","3":"status-publish","4":"has-post-thumbnail","6":"product_cat-zoldsegnoveny-vetomagok","7":"product_tag-hagyma","8":"product_tag-metelohagyma-bohemia","9":"product_tag-snidling","11":"first","12":"instock","13":"shipping-taxable","14":"purchasable","15":"product-type-simple"},"yoast_head":"<!-- This site is optimized with the Yoast SEO plugin v27.3 - https:\/\/yoast.com\/product\/yoast-seo-wordpress\/ -->\n<title>Hagyma Met\u00e9l\u0151hagyma Bohemia vet\u0151mag 2g - T\u00e1jkert\u00e9sz<\/title>\n<meta name=\"description\" content=\"Met\u00e9l\u0151hagyma Bohemia\" \/>\n<meta name=\"robots\" content=\"index, follow, max-snippet:-1, max-image-preview:large, max-video-preview:-1\" \/>\n<link rel=\"canonical\" href=\"https:\/\/tajkertesz.com\/en_US\/product\/metelohagyma-bohemia\/\" \/>\n<meta property=\"og:locale\" content=\"en_US\" \/>\n<meta property=\"og:type\" content=\"article\" \/>\n<meta property=\"og:title\" content=\"Hagyma Met\u00e9l\u0151hagyma Bohemia vet\u0151mag 2g - T\u00e1jkert\u00e9sz\" \/>\n<meta property=\"og:description\" content=\"Met\u00e9l\u0151hagyma Bohemia\" \/>\n<meta property=\"og:url\" content=\"https:\/\/tajkertesz.com\/en_US\/product\/metelohagyma-bohemia\/\" \/>\n<meta property=\"og:site_name\" content=\"T\u00e1jkert\u00e9sz\" \/>\n<meta property=\"article:publisher\" content=\"https:\/\/www.facebook.com\/Tajkertesz\/\" \/>\n<meta property=\"article:modified_time\" content=\"2026-03-05T13:03:06+00:00\" \/>\n<meta property=\"og:image\" content=\"https:\/\/tajkertesz.com\/wp-content\/uploads\/2021\/10\/20221221_153615.jpg\" \/>\n\t<meta property=\"og:image:width\" content=\"404\" \/>\n\t<meta property=\"og:image:height\" content=\"898\" \/>\n\t<meta property=\"og:image:type\" content=\"image\/jpeg\" \/>\n<meta name=\"twitter:card\" content=\"summary_large_image\" \/>\n<meta name=\"twitter:label1\" content=\"Est. reading time\" \/>\n\t<meta name=\"twitter:data1\" content=\"2 minutes\" \/>\n<script type=\"application\/ld+json\" class=\"yoast-schema-graph\">{\"@context\":\"https:\\\/\\\/schema.org\",\"@graph\":[{\"@type\":\"WebPage\",\"@id\":\"https:\\\/\\\/tajkertesz.com\\\/termek\\\/metelohagyma-bohemia\\\/\",\"url\":\"https:\\\/\\\/tajkertesz.com\\\/termek\\\/metelohagyma-bohemia\\\/\",\"name\":\"Hagyma Met\u00e9l\u0151hagyma Bohemia vet\u0151mag 2g - T\u00e1jkert\u00e9sz\",\"isPartOf\":{\"@id\":\"https:\\\/\\\/tajkertesz.com\\\/#website\"},\"primaryImageOfPage\":{\"@id\":\"https:\\\/\\\/tajkertesz.com\\\/termek\\\/metelohagyma-bohemia\\\/#primaryimage\"},\"image\":{\"@id\":\"https:\\\/\\\/tajkertesz.com\\\/termek\\\/metelohagyma-bohemia\\\/#primaryimage\"},\"thumbnailUrl\":\"https:\\\/\\\/tajkertesz.com\\\/wp-content\\\/uploads\\\/2021\\\/10\\\/20221221_153615.jpg\",\"datePublished\":\"2021-10-04T06:29:54+00:00\",\"dateModified\":\"2026-03-05T13:03:06+00:00\",\"description\":\"Met\u00e9l\u0151hagyma Bohemia\",\"breadcrumb\":{\"@id\":\"https:\\\/\\\/tajkertesz.com\\\/termek\\\/metelohagyma-bohemia\\\/#breadcrumb\"},\"inLanguage\":\"en-US\",\"potentialAction\":[{\"@type\":\"ReadAction\",\"target\":[\"https:\\\/\\\/tajkertesz.com\\\/termek\\\/metelohagyma-bohemia\\\/\"]}]},{\"@type\":\"ImageObject\",\"inLanguage\":\"en-US\",\"@id\":\"https:\\\/\\\/tajkertesz.com\\\/termek\\\/metelohagyma-bohemia\\\/#primaryimage\",\"url\":\"https:\\\/\\\/tajkertesz.com\\\/wp-content\\\/uploads\\\/2021\\\/10\\\/20221221_153615.jpg\",\"contentUrl\":\"https:\\\/\\\/tajkertesz.com\\\/wp-content\\\/uploads\\\/2021\\\/10\\\/20221221_153615.jpg\",\"width\":404,\"height\":898},{\"@type\":\"BreadcrumbList\",\"@id\":\"https:\\\/\\\/tajkertesz.com\\\/termek\\\/metelohagyma-bohemia\\\/#breadcrumb\",\"itemListElement\":[{\"@type\":\"ListItem\",\"position\":1,\"name\":\"Home\",\"item\":\"https:\\\/\\\/tajkertesz.com\\\/\"},{\"@type\":\"ListItem\",\"position\":2,\"name\":\"Kezd\u0151lap\",\"item\":\"https:\\\/\\\/tajkertesz.com\\\/\"},{\"@type\":\"ListItem\",\"position\":3,\"name\":\"Hagyma Met\u00e9l\u0151hagyma Bohemia vet\u0151mag 2g\"}]},{\"@type\":\"WebSite\",\"@id\":\"https:\\\/\\\/tajkertesz.com\\\/#website\",\"url\":\"https:\\\/\\\/tajkertesz.com\\\/\",\"name\":\"T\u00e1j-Kert\u00e9sz 84 Kft.\",\"description\":\"Kert\u00e9szeti kis- \u00e9s nagykeresked\u00e9s, D\u00edszn\u00f6v\u00e9ny web\u00e1ruh\u00e1z orsz\u00e1gos h\u00e1zhozsz\u00e1ll\u00edt\u00e1ssal!\",\"publisher\":{\"@id\":\"https:\\\/\\\/tajkertesz.com\\\/#organization\"},\"potentialAction\":[{\"@type\":\"SearchAction\",\"target\":{\"@type\":\"EntryPoint\",\"urlTemplate\":\"https:\\\/\\\/tajkertesz.com\\\/?s={search_term_string}\"},\"query-input\":{\"@type\":\"PropertyValueSpecification\",\"valueRequired\":true,\"valueName\":\"search_term_string\"}}],\"inLanguage\":\"en-US\"},{\"@type\":\"Organization\",\"@id\":\"https:\\\/\\\/tajkertesz.com\\\/#organization\",\"name\":\"T\u00e1j-Kert\u00e9sz 84 Kft.\",\"url\":\"https:\\\/\\\/tajkertesz.com\\\/\",\"logo\":{\"@type\":\"ImageObject\",\"inLanguage\":\"en-US\",\"@id\":\"https:\\\/\\\/tajkertesz.com\\\/#\\\/schema\\\/logo\\\/image\\\/\",\"url\":\"https:\\\/\\\/tajkertesz.com\\\/wp-content\\\/uploads\\\/2018\\\/02\\\/logo-2-e1518678052539.png\",\"contentUrl\":\"https:\\\/\\\/tajkertesz.com\\\/wp-content\\\/uploads\\\/2018\\\/02\\\/logo-2-e1518678052539.png\",\"width\":81,\"height\":140,\"caption\":\"T\u00e1j-Kert\u00e9sz 84 Kft.\"},\"image\":{\"@id\":\"https:\\\/\\\/tajkertesz.com\\\/#\\\/schema\\\/logo\\\/image\\\/\"},\"sameAs\":[\"https:\\\/\\\/www.facebook.com\\\/Tajkertesz\\\/\"]}]}<\/script>\n<!-- \/ Yoast SEO plugin. -->","yoast_head_json":{"title":"Hagyma Met\u00e9l\u0151hagyma Bohemia vet\u0151mag 2g - T\u00e1jkert\u00e9sz","description":"Met\u00e9l\u0151hagyma Bohemia","robots":{"index":"index","follow":"follow","max-snippet":"max-snippet:-1","max-image-preview":"max-image-preview:large","max-video-preview":"max-video-preview:-1"},"canonical":"https:\/\/tajkertesz.com\/en_US\/product\/metelohagyma-bohemia\/","og_locale":"en_US","og_type":"article","og_title":"Hagyma Met\u00e9l\u0151hagyma Bohemia vet\u0151mag 2g - T\u00e1jkert\u00e9sz","og_description":"Met\u00e9l\u0151hagyma Bohemia","og_url":"https:\/\/tajkertesz.com\/en_US\/product\/metelohagyma-bohemia\/","og_site_name":"T\u00e1jkert\u00e9sz","article_publisher":"https:\/\/www.facebook.com\/Tajkertesz\/","article_modified_time":"2026-03-05T13:03:06+00:00","og_image":[{"width":404,"height":898,"url":"https:\/\/tajkertesz.com\/wp-content\/uploads\/2021\/10\/20221221_153615.jpg","type":"image\/jpeg"}],"twitter_card":"summary_large_image","twitter_misc":{"Est. reading time":"2 minutes"},"schema":{"@context":"https:\/\/schema.org","@graph":[{"@type":"WebPage","@id":"https:\/\/tajkertesz.com\/termek\/metelohagyma-bohemia\/","url":"https:\/\/tajkertesz.com\/termek\/metelohagyma-bohemia\/","name":"Hagyma Met\u00e9l\u0151hagyma Bohemia vet\u0151mag 2g - T\u00e1jkert\u00e9sz","isPartOf":{"@id":"https:\/\/tajkertesz.com\/#website"},"primaryImageOfPage":{"@id":"https:\/\/tajkertesz.com\/termek\/metelohagyma-bohemia\/#primaryimage"},"image":{"@id":"https:\/\/tajkertesz.com\/termek\/metelohagyma-bohemia\/#primaryimage"},"thumbnailUrl":"https:\/\/tajkertesz.com\/wp-content\/uploads\/2021\/10\/20221221_153615.jpg","datePublished":"2021-10-04T06:29:54+00:00","dateModified":"2026-03-05T13:03:06+00:00","description":"Met\u00e9l\u0151hagyma Bohemia","breadcrumb":{"@id":"https:\/\/tajkertesz.com\/termek\/metelohagyma-bohemia\/#breadcrumb"},"inLanguage":"en-US","potentialAction":[{"@type":"ReadAction","target":["https:\/\/tajkertesz.com\/termek\/metelohagyma-bohemia\/"]}]},{"@type":"ImageObject","inLanguage":"en-US","@id":"https:\/\/tajkertesz.com\/termek\/metelohagyma-bohemia\/#primaryimage","url":"https:\/\/tajkertesz.com\/wp-content\/uploads\/2021\/10\/20221221_153615.jpg","contentUrl":"https:\/\/tajkertesz.com\/wp-content\/uploads\/2021\/10\/20221221_153615.jpg","width":404,"height":898},{"@type":"BreadcrumbList","@id":"https:\/\/tajkertesz.com\/termek\/metelohagyma-bohemia\/#breadcrumb","itemListElement":[{"@type":"ListItem","position":1,"name":"Home","item":"https:\/\/tajkertesz.com\/"},{"@type":"ListItem","position":2,"name":"Kezd\u0151lap","item":"https:\/\/tajkertesz.com\/"},{"@type":"ListItem","position":3,"name":"Hagyma Met\u00e9l\u0151hagyma Bohemia vet\u0151mag 2g"}]},{"@type":"WebSite","@id":"https:\/\/tajkertesz.com\/#website","url":"https:\/\/tajkertesz.com\/","name":"T\u00e1j-Kert\u00e9sz 84 Kft.","description":"Kert\u00e9szeti kis- \u00e9s nagykeresked\u00e9s, D\u00edszn\u00f6v\u00e9ny web\u00e1ruh\u00e1z orsz\u00e1gos h\u00e1zhozsz\u00e1ll\u00edt\u00e1ssal!","publisher":{"@id":"https:\/\/tajkertesz.com\/#organization"},"potentialAction":[{"@type":"SearchAction","target":{"@type":"EntryPoint","urlTemplate":"https:\/\/tajkertesz.com\/?s={search_term_string}"},"query-input":{"@type":"PropertyValueSpecification","valueRequired":true,"valueName":"search_term_string"}}],"inLanguage":"en-US"},{"@type":"Organization","@id":"https:\/\/tajkertesz.com\/#organization","name":"T\u00e1j-Kert\u00e9sz 84 Kft.","url":"https:\/\/tajkertesz.com\/","logo":{"@type":"ImageObject","inLanguage":"en-US","@id":"https:\/\/tajkertesz.com\/#\/schema\/logo\/image\/","url":"https:\/\/tajkertesz.com\/wp-content\/uploads\/2018\/02\/logo-2-e1518678052539.png","contentUrl":"https:\/\/tajkertesz.com\/wp-content\/uploads\/2018\/02\/logo-2-e1518678052539.png","width":81,"height":140,"caption":"T\u00e1j-Kert\u00e9sz 84 Kft."},"image":{"@id":"https:\/\/tajkertesz.com\/#\/schema\/logo\/image\/"},"sameAs":["https:\/\/www.facebook.com\/Tajkertesz\/"]}]}},"_links":{"self":[{"href":"https:\/\/tajkertesz.com\/en_US\/wp-json\/wp\/v2\/product\/9714","targetHints":{"allow":["GET"]}}],"collection":[{"href":"https:\/\/tajkertesz.com\/en_US\/wp-json\/wp\/v2\/product"}],"about":[{"href":"https:\/\/tajkertesz.com\/en_US\/wp-json\/wp\/v2\/types\/product"}],"wp:featuredmedia":[{"embeddable":true,"href":"https:\/\/tajkertesz.com\/en_US\/wp-json\/wp\/v2\/media\/14539"}],"wp:attachment":[{"href":"https:\/\/tajkertesz.com\/en_US\/wp-json\/wp\/v2\/media?parent=9714"}],"wp:term":[{"taxonomy":"product_brand","embeddable":true,"href":"https:\/\/tajkertesz.com\/en_US\/wp-json\/wp\/v2\/product_brand?post=9714"},{"taxonomy":"product_cat","embeddable":true,"href":"https:\/\/tajkertesz.com\/en_US\/wp-json\/wp\/v2\/product_cat?post=9714"},{"taxonomy":"product_tag","embeddable":true,"href":"https:\/\/tajkertesz.com\/en_US\/wp-json\/wp\/v2\/product_tag?post=9714"}],"curies":[{"name":"wp","href":"https:\/\/api.w.org\/{rel}","templated":true}]}}