{"id":9724,"date":"2021-10-04T06:54:01","date_gmt":"2021-10-04T06:54:01","guid":{"rendered":"https:\/\/tajkertesz.com\/?post_type=product&#038;p=9724"},"modified":"2026-02-18T15:43:20","modified_gmt":"2026-02-18T15:43:20","slug":"soska-evelo-vetomag","status":"publish","type":"product","link":"https:\/\/tajkertesz.com\/en_US\/product\/soska-evelo-vetomag\/","title":{"rendered":"S\u00f3ska \u00e9vel\u0151 vet\u0151mag"},"content":{"rendered":"<div>\n<h1>S\u00f3ska \u00e9vel\u0151 vet\u0151mag<\/h1>\n<\/div>\n<div>\n<p>S\u00f3ska \u00e9vel\u0151 vet\u0151mag levelei 20-22 cm hossz\u00faak, l\u00e1ndzs\u00e1s v\u00e1ll\u00faak. Kora tavasszal \u00e9s k\u00e9s\u0151 \u0151sszel adja a legnagyobb term\u00e9st. Friss fogyaszt\u00e1sra \u00e9s m\u00e9lyh\u0171t\u00e9sre alkalmas.<\/p>\n<\/div>\n<div>\n<p>1g\/csomag<\/p>\n<\/div>\n<p>A s\u00f3ska a napos helyet kedveli, de \u00fcltethetj\u00fck f\u00e9l\u00e1rny\u00e9kba is. Napos helyen jobban fejl\u0151dik, viszont a hossz\u00fa nappalos k\u00f6r\u00fclm\u00e9nyek, f\u0151k\u00e9nt, ha meleg van magsz\u00e1rat n\u00f6veszt. Ezeket a magsz\u00e1rakat, fontos, hogy mindig kit\u00f6rj\u00fck a hely\u00fckr\u0151l.<\/p>\n<p>V\u00edzig\u00e9nye f\u0151k\u00e9nt a cs\u00edr\u00e1z\u00e1skor magas. A cs\u00edr\u00e1z\u00e1si id\u0151szakban rendszeresen \u00f6nt\u00f6zni kell a vet\u00e9st, \u00fcgyelve arra, hogy ne mossuk ki a magokat a talajb\u00f3l. A teny\u00e9szid\u0151 alatt nyirkos talajban, kellemesen p\u00e1r\u00e1s k\u00f6rnyezetben fejl\u0151dik a legszebben.<\/p>\n<p>Talajjal szemben nem ig\u00e9nyes, \u00e1tlagos kerti talajban is j\u00f3l fejl\u0151dik. A j\u00f3 v\u00edz\u00e1tereszt\u0151, semleges vagy enyh\u00e9n savany\u00fa, k\u00f6z\u00e9pk\u00f6t\u00f6tt talajokat\u00a0 szereti.<\/p>\n<p>A s\u00f3ska tavasszal (m\u00e1rcius-\u00e1prilis), valamint \u0151sszel (augusztus-szeptember) is vethet\u0151, az \u0151szi vet\u00e9s m\u00e1r tavasszal szedhet\u0151, m\u00edg a tavaszi vet\u00e9st ny\u00e1ron kezdhetj\u00fck betakar\u00edtani. cs\u00edr\u00e1z\u00e1si ideje lass\u00fa, ak\u00e1r 2-4 h\u00e9tig is eltarthat.<\/p>\n<p>A vet\u00e9st megel\u0151z\u0151en k\u00e9sz\u00edts\u00fck el\u0151 a ter\u00fcletet, forgassuk \u00e1t a talajt, a s\u00f3ska magjait kb. 2 cm m\u00e9lyre vess\u00fck el, a sorok k\u00f6z\u00f6tt 30-40 cm-es sort\u00e1vols\u00e1got tartsunk.<\/p>\n<p>A vet\u00e9st k\u00f6vet\u0151en gondoskodjunk az \u00e1gy\u00e1s rendszeres \u00f6nt\u00f6z\u00e9s\u00e9r\u0151l \u00e9s gyomtalan\u00edt\u00e1s\u00e1r\u00f3l, \u00e9s a fejl\u0151d\u00e9s tov\u00e1bbi szakasz\u00e1ban se feledkezz\u00fcnk el az \u00f6nt\u00f6z\u00e9sr\u0151l, valamint a nitrog\u00e9np\u00f3tl\u00f3 fejtr\u00e1gy\u00e1z\u00e1sr\u00f3l.<\/p>\n<p>Cc\u00e9lszer\u0171 mindig csak annyi levelet leszedni, amennyit frissen elfogyasztunk vagy feldolgozunk, mivel r\u00f6vid ideig t\u00e1rolhat\u00f3k min\u0151s\u00e9groml\u00e1s n\u00e9lk\u00fcl. A levelek szed\u00e9se sor\u00e1n, a fiatal leveleket ne s\u00e9rts\u00fck meg, mivel ha ezek s\u00e9r\u00fclnek, lassulhat a n\u00f6v\u00e9ny fejl\u0151d\u00e9se.<\/p>\n<p>&nbsp;<\/p>\n<p><strong>K\u00e9szlet\u00fcnk napi szinten v\u00e1ltozik, ez\u00e9rt k\u00e9rj\u00fck, \u00e9rdekl\u0151dj\u00f6n szem\u00e9lyesen, telefonon vagy email-en.<br \/>\nA v\u00e1ltoztat\u00e1s jog\u00e1t fenntartjuk!\u00a0<\/strong><\/p>\n<p><a href=\"https:\/\/tajkertesz.com\/\">https:\/\/tajkertesz.com\/<\/a><\/p>\n<p><a href=\"https:\/\/www.facebook.com\/tajkertesz\/\">https:\/\/www.facebook.com\/tajkertesz\/<\/a><\/p>\n<p>Kisz\u00e1ll\u00edt\u00e1s: 200cm-ig \u00a0\u00e9s 40 kg-ig a sz\u00e1ll\u00edt\u00e1s fut\u00e1rszolg\u00e1lattal \u00a0t\u00f6rt\u00e9nik!<\/p>\n<p>Szem\u00e9lyes \u00e1tv\u00e9tel nyitvatart\u00e1si id\u0151ben a 17. ker\u00fclet Bakancsos utca 7. sz\u00e1m alatti Kert\u00e9szeti \u00e1rud\u00e1ban<\/p>\n<p>Szem\u00e9lyes \u00e1tv\u00e9tel ak\u00e1r a mai napon, vagy h\u00e1zhozsz\u00e1ll\u00edt\u00e1s 1-2 napon bel\u00fcl!<\/p>\n<p>1173.Bp.Bakancsos u.7.<\/p>\n<p><a href=\"https:\/\/www.tajkertesz.com\/\">www.tajkertesz.com<\/a><\/p>\n<p>Kert\u00e9szeti kis-\u00e9s nagykeresked\u00e9s<\/p>\n<p>&nbsp;<\/p>\n<h4><\/h4>","protected":false},"excerpt":{"rendered":"<h1>S\u00f3ska \u00e9vel\u0151 vet\u0151mag.<\/h1>\n<div>NAGYLEVEL\u0170<\/div>\n<div>Levelei 20-22 cm hossz\u00faak, l\u00e1ndzs\u00e1s v\u00e1ll\u00faak. Kora tavasszal \u00e9s k\u00e9s\u0151 \u0151sszel adja a legnagyobb term\u00e9st. Friss fogyaszt\u00e1sra \u00e9s m\u00e9lyh\u0171t\u00e9sre alkalmas.<\/div>","protected":false},"featured_media":14759,"template":"","meta":{"_et_pb_use_builder":"","_et_pb_old_content":"","_et_gb_content_width":""},"product_brand":[],"product_cat":[2881],"product_tag":[2817],"class_list":{"0":"post-9724","1":"product","2":"type-product","3":"status-publish","4":"has-post-thumbnail","6":"product_cat-zoldsegnoveny-vetomagok","7":"product_tag-soska-evelo-vetomag","9":"first","10":"instock","11":"shipping-taxable","12":"purchasable","13":"product-type-simple"},"yoast_head":"<!-- This site is optimized with the Yoast SEO plugin v27.5 - https:\/\/yoast.com\/product\/yoast-seo-wordpress\/ -->\n<title>S\u00f3ska \u00e9vel\u0151 vet\u0151mag - T\u00e1jkert\u00e9sz<\/title>\n<meta name=\"description\" content=\"S\u00f3ska \u00e9vel\u0151 vet\u0151mag. V\u00e1s\u00e1roljon vet\u0151magokat kert\u00e9szeti web\u00e1ruh\u00e1zunkb\u00f3l h\u00e1zhozsz\u00e1ll\u00edt\u00e1ssal, vagy szem\u00e9lyesen kert\u00e9szet\u00fcnkb\u0151l.\" \/>\n<meta name=\"robots\" content=\"index, follow, max-snippet:-1, max-image-preview:large, max-video-preview:-1\" \/>\n<link rel=\"canonical\" href=\"https:\/\/tajkertesz.com\/en_US\/product\/soska-evelo-vetomag\/\" \/>\n<meta property=\"og:locale\" content=\"en_US\" \/>\n<meta property=\"og:type\" content=\"article\" \/>\n<meta property=\"og:title\" content=\"S\u00f3ska \u00e9vel\u0151 vet\u0151mag - T\u00e1jkert\u00e9sz\" \/>\n<meta property=\"og:description\" content=\"S\u00f3ska \u00e9vel\u0151 vet\u0151mag. V\u00e1s\u00e1roljon vet\u0151magokat kert\u00e9szeti web\u00e1ruh\u00e1zunkb\u00f3l h\u00e1zhozsz\u00e1ll\u00edt\u00e1ssal, vagy szem\u00e9lyesen kert\u00e9szet\u00fcnkb\u0151l.\" \/>\n<meta property=\"og:url\" content=\"https:\/\/tajkertesz.com\/en_US\/product\/soska-evelo-vetomag\/\" \/>\n<meta property=\"og:site_name\" content=\"T\u00e1jkert\u00e9sz\" \/>\n<meta property=\"article:publisher\" content=\"https:\/\/www.facebook.com\/Tajkertesz\/\" \/>\n<meta property=\"article:modified_time\" content=\"2026-02-18T15:43:20+00:00\" \/>\n<meta property=\"og:image\" content=\"https:\/\/tajkertesz.com\/wp-content\/uploads\/2021\/10\/20230116_153234-1-scaled.jpg\" \/>\n\t<meta property=\"og:image:width\" content=\"1381\" \/>\n\t<meta property=\"og:image:height\" content=\"2560\" \/>\n\t<meta property=\"og:image:type\" content=\"image\/jpeg\" \/>\n<meta name=\"twitter:card\" content=\"summary_large_image\" \/>\n<meta name=\"twitter:label1\" content=\"Est. reading time\" \/>\n\t<meta name=\"twitter:data1\" content=\"2 minutes\" \/>\n<script type=\"application\/ld+json\" class=\"yoast-schema-graph\">{\"@context\":\"https:\\\/\\\/schema.org\",\"@graph\":[{\"@type\":\"WebPage\",\"@id\":\"https:\\\/\\\/tajkertesz.com\\\/termek\\\/soska-evelo-vetomag\\\/\",\"url\":\"https:\\\/\\\/tajkertesz.com\\\/termek\\\/soska-evelo-vetomag\\\/\",\"name\":\"S\u00f3ska \u00e9vel\u0151 vet\u0151mag - T\u00e1jkert\u00e9sz\",\"isPartOf\":{\"@id\":\"https:\\\/\\\/tajkertesz.com\\\/#website\"},\"primaryImageOfPage\":{\"@id\":\"https:\\\/\\\/tajkertesz.com\\\/termek\\\/soska-evelo-vetomag\\\/#primaryimage\"},\"image\":{\"@id\":\"https:\\\/\\\/tajkertesz.com\\\/termek\\\/soska-evelo-vetomag\\\/#primaryimage\"},\"thumbnailUrl\":\"https:\\\/\\\/tajkertesz.com\\\/wp-content\\\/uploads\\\/2021\\\/10\\\/20230116_153234-1-scaled.jpg\",\"datePublished\":\"2021-10-04T06:54:01+00:00\",\"dateModified\":\"2026-02-18T15:43:20+00:00\",\"description\":\"S\u00f3ska \u00e9vel\u0151 vet\u0151mag. V\u00e1s\u00e1roljon vet\u0151magokat kert\u00e9szeti web\u00e1ruh\u00e1zunkb\u00f3l h\u00e1zhozsz\u00e1ll\u00edt\u00e1ssal, vagy szem\u00e9lyesen kert\u00e9szet\u00fcnkb\u0151l.\",\"breadcrumb\":{\"@id\":\"https:\\\/\\\/tajkertesz.com\\\/termek\\\/soska-evelo-vetomag\\\/#breadcrumb\"},\"inLanguage\":\"en-US\",\"potentialAction\":[{\"@type\":\"ReadAction\",\"target\":[\"https:\\\/\\\/tajkertesz.com\\\/termek\\\/soska-evelo-vetomag\\\/\"]}]},{\"@type\":\"ImageObject\",\"inLanguage\":\"en-US\",\"@id\":\"https:\\\/\\\/tajkertesz.com\\\/termek\\\/soska-evelo-vetomag\\\/#primaryimage\",\"url\":\"https:\\\/\\\/tajkertesz.com\\\/wp-content\\\/uploads\\\/2021\\\/10\\\/20230116_153234-1-scaled.jpg\",\"contentUrl\":\"https:\\\/\\\/tajkertesz.com\\\/wp-content\\\/uploads\\\/2021\\\/10\\\/20230116_153234-1-scaled.jpg\",\"width\":1381,\"height\":2560},{\"@type\":\"BreadcrumbList\",\"@id\":\"https:\\\/\\\/tajkertesz.com\\\/termek\\\/soska-evelo-vetomag\\\/#breadcrumb\",\"itemListElement\":[{\"@type\":\"ListItem\",\"position\":1,\"name\":\"Home\",\"item\":\"https:\\\/\\\/tajkertesz.com\\\/\"},{\"@type\":\"ListItem\",\"position\":2,\"name\":\"Kezd\u0151lap\",\"item\":\"https:\\\/\\\/tajkertesz.com\\\/\"},{\"@type\":\"ListItem\",\"position\":3,\"name\":\"S\u00f3ska \u00e9vel\u0151 vet\u0151mag\"}]},{\"@type\":\"WebSite\",\"@id\":\"https:\\\/\\\/tajkertesz.com\\\/#website\",\"url\":\"https:\\\/\\\/tajkertesz.com\\\/\",\"name\":\"T\u00e1j-Kert\u00e9sz 84 Kft.\",\"description\":\"Kert\u00e9szeti kis- \u00e9s nagykeresked\u00e9s, D\u00edszn\u00f6v\u00e9ny web\u00e1ruh\u00e1z orsz\u00e1gos h\u00e1zhozsz\u00e1ll\u00edt\u00e1ssal!\",\"publisher\":{\"@id\":\"https:\\\/\\\/tajkertesz.com\\\/#organization\"},\"potentialAction\":[{\"@type\":\"SearchAction\",\"target\":{\"@type\":\"EntryPoint\",\"urlTemplate\":\"https:\\\/\\\/tajkertesz.com\\\/?s={search_term_string}\"},\"query-input\":{\"@type\":\"PropertyValueSpecification\",\"valueRequired\":true,\"valueName\":\"search_term_string\"}}],\"inLanguage\":\"en-US\"},{\"@type\":\"Organization\",\"@id\":\"https:\\\/\\\/tajkertesz.com\\\/#organization\",\"name\":\"T\u00e1j-Kert\u00e9sz 84 Kft.\",\"url\":\"https:\\\/\\\/tajkertesz.com\\\/\",\"logo\":{\"@type\":\"ImageObject\",\"inLanguage\":\"en-US\",\"@id\":\"https:\\\/\\\/tajkertesz.com\\\/#\\\/schema\\\/logo\\\/image\\\/\",\"url\":\"https:\\\/\\\/tajkertesz.com\\\/wp-content\\\/uploads\\\/2018\\\/02\\\/logo-2-e1518678052539.png\",\"contentUrl\":\"https:\\\/\\\/tajkertesz.com\\\/wp-content\\\/uploads\\\/2018\\\/02\\\/logo-2-e1518678052539.png\",\"width\":81,\"height\":140,\"caption\":\"T\u00e1j-Kert\u00e9sz 84 Kft.\"},\"image\":{\"@id\":\"https:\\\/\\\/tajkertesz.com\\\/#\\\/schema\\\/logo\\\/image\\\/\"},\"sameAs\":[\"https:\\\/\\\/www.facebook.com\\\/Tajkertesz\\\/\"]}]}<\/script>\n<!-- \/ Yoast SEO plugin. -->","yoast_head_json":{"title":"S\u00f3ska \u00e9vel\u0151 vet\u0151mag - T\u00e1jkert\u00e9sz","description":"S\u00f3ska \u00e9vel\u0151 vet\u0151mag. V\u00e1s\u00e1roljon vet\u0151magokat kert\u00e9szeti web\u00e1ruh\u00e1zunkb\u00f3l h\u00e1zhozsz\u00e1ll\u00edt\u00e1ssal, vagy szem\u00e9lyesen kert\u00e9szet\u00fcnkb\u0151l.","robots":{"index":"index","follow":"follow","max-snippet":"max-snippet:-1","max-image-preview":"max-image-preview:large","max-video-preview":"max-video-preview:-1"},"canonical":"https:\/\/tajkertesz.com\/en_US\/product\/soska-evelo-vetomag\/","og_locale":"en_US","og_type":"article","og_title":"S\u00f3ska \u00e9vel\u0151 vet\u0151mag - T\u00e1jkert\u00e9sz","og_description":"S\u00f3ska \u00e9vel\u0151 vet\u0151mag. V\u00e1s\u00e1roljon vet\u0151magokat kert\u00e9szeti web\u00e1ruh\u00e1zunkb\u00f3l h\u00e1zhozsz\u00e1ll\u00edt\u00e1ssal, vagy szem\u00e9lyesen kert\u00e9szet\u00fcnkb\u0151l.","og_url":"https:\/\/tajkertesz.com\/en_US\/product\/soska-evelo-vetomag\/","og_site_name":"T\u00e1jkert\u00e9sz","article_publisher":"https:\/\/www.facebook.com\/Tajkertesz\/","article_modified_time":"2026-02-18T15:43:20+00:00","og_image":[{"width":1381,"height":2560,"url":"https:\/\/tajkertesz.com\/wp-content\/uploads\/2021\/10\/20230116_153234-1-scaled.jpg","type":"image\/jpeg"}],"twitter_card":"summary_large_image","twitter_misc":{"Est. reading time":"2 minutes"},"schema":{"@context":"https:\/\/schema.org","@graph":[{"@type":"WebPage","@id":"https:\/\/tajkertesz.com\/termek\/soska-evelo-vetomag\/","url":"https:\/\/tajkertesz.com\/termek\/soska-evelo-vetomag\/","name":"S\u00f3ska \u00e9vel\u0151 vet\u0151mag - T\u00e1jkert\u00e9sz","isPartOf":{"@id":"https:\/\/tajkertesz.com\/#website"},"primaryImageOfPage":{"@id":"https:\/\/tajkertesz.com\/termek\/soska-evelo-vetomag\/#primaryimage"},"image":{"@id":"https:\/\/tajkertesz.com\/termek\/soska-evelo-vetomag\/#primaryimage"},"thumbnailUrl":"https:\/\/tajkertesz.com\/wp-content\/uploads\/2021\/10\/20230116_153234-1-scaled.jpg","datePublished":"2021-10-04T06:54:01+00:00","dateModified":"2026-02-18T15:43:20+00:00","description":"S\u00f3ska \u00e9vel\u0151 vet\u0151mag. V\u00e1s\u00e1roljon vet\u0151magokat kert\u00e9szeti web\u00e1ruh\u00e1zunkb\u00f3l h\u00e1zhozsz\u00e1ll\u00edt\u00e1ssal, vagy szem\u00e9lyesen kert\u00e9szet\u00fcnkb\u0151l.","breadcrumb":{"@id":"https:\/\/tajkertesz.com\/termek\/soska-evelo-vetomag\/#breadcrumb"},"inLanguage":"en-US","potentialAction":[{"@type":"ReadAction","target":["https:\/\/tajkertesz.com\/termek\/soska-evelo-vetomag\/"]}]},{"@type":"ImageObject","inLanguage":"en-US","@id":"https:\/\/tajkertesz.com\/termek\/soska-evelo-vetomag\/#primaryimage","url":"https:\/\/tajkertesz.com\/wp-content\/uploads\/2021\/10\/20230116_153234-1-scaled.jpg","contentUrl":"https:\/\/tajkertesz.com\/wp-content\/uploads\/2021\/10\/20230116_153234-1-scaled.jpg","width":1381,"height":2560},{"@type":"BreadcrumbList","@id":"https:\/\/tajkertesz.com\/termek\/soska-evelo-vetomag\/#breadcrumb","itemListElement":[{"@type":"ListItem","position":1,"name":"Home","item":"https:\/\/tajkertesz.com\/"},{"@type":"ListItem","position":2,"name":"Kezd\u0151lap","item":"https:\/\/tajkertesz.com\/"},{"@type":"ListItem","position":3,"name":"S\u00f3ska \u00e9vel\u0151 vet\u0151mag"}]},{"@type":"WebSite","@id":"https:\/\/tajkertesz.com\/#website","url":"https:\/\/tajkertesz.com\/","name":"T\u00e1j-Kert\u00e9sz 84 Kft.","description":"Kert\u00e9szeti kis- \u00e9s nagykeresked\u00e9s, D\u00edszn\u00f6v\u00e9ny web\u00e1ruh\u00e1z orsz\u00e1gos h\u00e1zhozsz\u00e1ll\u00edt\u00e1ssal!","publisher":{"@id":"https:\/\/tajkertesz.com\/#organization"},"potentialAction":[{"@type":"SearchAction","target":{"@type":"EntryPoint","urlTemplate":"https:\/\/tajkertesz.com\/?s={search_term_string}"},"query-input":{"@type":"PropertyValueSpecification","valueRequired":true,"valueName":"search_term_string"}}],"inLanguage":"en-US"},{"@type":"Organization","@id":"https:\/\/tajkertesz.com\/#organization","name":"T\u00e1j-Kert\u00e9sz 84 Kft.","url":"https:\/\/tajkertesz.com\/","logo":{"@type":"ImageObject","inLanguage":"en-US","@id":"https:\/\/tajkertesz.com\/#\/schema\/logo\/image\/","url":"https:\/\/tajkertesz.com\/wp-content\/uploads\/2018\/02\/logo-2-e1518678052539.png","contentUrl":"https:\/\/tajkertesz.com\/wp-content\/uploads\/2018\/02\/logo-2-e1518678052539.png","width":81,"height":140,"caption":"T\u00e1j-Kert\u00e9sz 84 Kft."},"image":{"@id":"https:\/\/tajkertesz.com\/#\/schema\/logo\/image\/"},"sameAs":["https:\/\/www.facebook.com\/Tajkertesz\/"]}]}},"_links":{"self":[{"href":"https:\/\/tajkertesz.com\/en_US\/wp-json\/wp\/v2\/product\/9724","targetHints":{"allow":["GET"]}}],"collection":[{"href":"https:\/\/tajkertesz.com\/en_US\/wp-json\/wp\/v2\/product"}],"about":[{"href":"https:\/\/tajkertesz.com\/en_US\/wp-json\/wp\/v2\/types\/product"}],"wp:featuredmedia":[{"embeddable":true,"href":"https:\/\/tajkertesz.com\/en_US\/wp-json\/wp\/v2\/media\/14759"}],"wp:attachment":[{"href":"https:\/\/tajkertesz.com\/en_US\/wp-json\/wp\/v2\/media?parent=9724"}],"wp:term":[{"taxonomy":"product_brand","embeddable":true,"href":"https:\/\/tajkertesz.com\/en_US\/wp-json\/wp\/v2\/product_brand?post=9724"},{"taxonomy":"product_cat","embeddable":true,"href":"https:\/\/tajkertesz.com\/en_US\/wp-json\/wp\/v2\/product_cat?post=9724"},{"taxonomy":"product_tag","embeddable":true,"href":"https:\/\/tajkertesz.com\/en_US\/wp-json\/wp\/v2\/product_tag?post=9724"}],"curies":[{"name":"wp","href":"https:\/\/api.w.org\/{rel}","templated":true}]}}