{"id":973,"date":"2020-02-19T11:46:03","date_gmt":"2020-02-19T11:46:03","guid":{"rendered":"https:\/\/tajkertesz.com\/?post_type=product&#038;p=973"},"modified":"2026-03-15T08:49:09","modified_gmt":"2026-03-15T08:49:09","slug":"prunus-triloba-multiplex-babarozsa-2","status":"publish","type":"product","link":"https:\/\/tajkertesz.com\/en_US\/product\/prunus-triloba-multiplex-babarozsa-2\/","title":{"rendered":"Prunus triloba &#8216;Multiplex&#8217;, Babar\u00f3zsa"},"content":{"rendered":"<h3>Prunus triloba &#8216;Multiplex&#8217;, Babar\u00f3zsa<\/h3>\n<p style=\"text-align: center;\">A Prunus triloba Multiplex ,Teltvir\u00e1g\u00fa Babar\u00f3zsa, 2-3 m magas, g\u00f6mb\u00f6lyded, kistermet\u0171, lass\u00fa n\u00f6veked\u00e9s\u0171, v\u00e9kony, fel\u00e1ll\u00f3 hajt\u00e1s\u00fa, lombhullat\u00f3\u00a0 fa.<\/p>\n<p><b>N\u00f6veked\u00e9s, alak:<\/b>\u00a0Saj\u00e1t gy\u00f6k\u00e9ren 1,5-2 m magas cserje, fel\u00e1ll\u00f3 \u00e1grendszerrel. T\u00f6rzsre is oltj\u00e1k, szilva alanyon ak\u00e1r utcai, kism\u00e9ret\u0171, felt\u0171n\u0151en sz\u00e9pen vir\u00e1gz\u00f3 fa lehet. Alacsony t\u00f6rzs\u00f6n kertbe, ed\u00e9nyekbe mutat\u00f3s szoliter.<br \/>\n<b>Lev\u00e9l:<\/b>\u00a0Sz\u00e9les ellipszis alak\u00fa, s\u00f6t\u00e9tz\u00f6ld, \u0151sszel s\u00e1rg\u00e1ra, n\u00e9ha narancssz\u00edn\u0171re v\u00e1lt.<br \/>\n<b>Vir\u00e1g:<\/b>\u00a03,5 cm-es, telt, r\u00f3zsasz\u00edn, az \u00e9ves vessz\u0151k\u00f6n azok teljes hossz\u00e1ban t\u00f6m\u00f6tten \u00e1ll\u00f3k.<br \/>\n<b>Term\u00e9s:<\/b>\u00a0Nincs.<br \/>\n<b>Term\u0151hely, ig\u00e9ny:<\/b>\u00a0Talajig\u00e9nye minim\u00e1lis, a t\u00fal nedves \u00e9s sz\u00e9ls\u0151s\u00e9gesen savany\u00fa vagy l\u00fagos talajok kiv\u00e9tel\u00e9vel mindenhol meg\u00e9l. El\u0151ny a laz\u00e1bb talaj.<br \/>\n<b>Felhaszn\u00e1l\u00e1s:<\/b>\u00a0Szoliter cserje mag\u00e1ban vagy kisebb csoportokban. T\u00f6rzsre oltva parkfa, sorfa is lehet.<\/p>\n<p>&nbsp;<\/p>\n<p>Jelen term\u00e9k\u00fcnk 18 literes cser\u00e9pben kaphat\u00f3. T\u00f6rzsmagass\u00e1ga kb 150cm teljes magass\u00e1ga 200\/250 cm .<\/p>\n<p><strong>K\u00e9szlet\u00fcnk napi szinten v\u00e1ltozik, ez\u00e9rt k\u00e9rj\u00fck, \u00e9rdekl\u0151dj\u00f6n szem\u00e9lyesen, telefonon vagy email-en.<br \/>\nA v\u00e1ltoztat\u00e1s jog\u00e1t fenntartjuk!\u00a0<\/strong><\/p>\n<p>&nbsp;<\/p>\n<p><a href=\"https:\/\/tajkertesz.com\/\">https:\/\/tajkertesz.com\/<\/a><\/p>\n<p><a href=\"https:\/\/www.facebook.com\/tajkertesz\/\">https:\/\/www.facebook.com\/tajkertesz\/<\/a><\/p>\n<p>Kisz\u00e1ll\u00edt\u00e1s: 200cm-ig \u00a0\u00e9s 40 kg-ig a sz\u00e1ll\u00edt\u00e1s fut\u00e1rszolg\u00e1lattal \u00a0t\u00f6rt\u00e9nik.<\/p>\n<p>Szem\u00e9lyes \u00e1tv\u00e9tel nyitvatart\u00e1si id\u0151ben a 17. ker\u00fclet Bakancsos utca 7. sz\u00e1m alatti Kert\u00e9szeti \u00e1rud\u00e1nkban.<\/p>\n<h6><b>N\u00f6veked\u00e9s, alak:<\/b> Saj\u00e1t gy\u00f6k\u00e9ren 1,5-2 m magas cserje, fel\u00e1ll\u00f3 \u00e1grendszerrel. T\u00f6rzsre is oltj\u00e1k, szilva alanyon ak\u00e1r utcai, kism\u00e9ret\u0171, felt\u0171n\u0151en sz\u00e9pen vir\u00e1gz\u00f3 fa lehet. Alacsony t\u00f6rzs\u00f6n kertbe, ed\u00e9nyekbe mutat\u00f3s szoliter. <b>Lev\u00e9l:<\/b> Sz\u00e9les ellipszis alak\u00fa, s\u00f6t\u00e9tz\u00f6ld, \u0151sszel s\u00e1rg\u00e1ra, n\u00e9ha narancssz\u00edn\u0171re v\u00e1lt. <b>Vir\u00e1g:<\/b> 3,5 cm-es, telt, r\u00f3zsasz\u00edn, az \u00e9ves vessz\u0151k\u00f6n azok teljes hossz\u00e1ban t\u00f6m\u00f6tten \u00e1ll\u00f3k. <b>Term\u00e9s:<\/b> Nincs. <b>Term\u0151hely, ig\u00e9ny:<\/b>\u00a0Talajig\u00e9nye minim\u00e1lis, a t\u00fal nedves \u00e9s sz\u00e9ls\u0151s\u00e9gesen savany\u00fa vagy l\u00fagos talajok kiv\u00e9tel\u00e9vel mindenhol meg\u00e9l. El\u0151ny a laz\u00e1bb talaj.<br \/>\n<b>Felhaszn\u00e1l\u00e1s:<\/b>\u00a0Szoliter cserje mag\u00e1ban vagy kisebb csoportokban. T\u00f6rzsre oltva parkfa, sorfa is lehet.<\/h6>","protected":false},"excerpt":{"rendered":"<p style=\"text-align: center;\">Prunus triloba Multiplex ,Teltvir\u00e1g\u00fa Babar\u00f3zsa, 2-3 m magas, g\u00f6mb\u00f6lyded, kistermet\u0171, lass\u00fa n\u00f6veked\u00e9s\u0171, v\u00e9kony, fel\u00e1ll\u00f3 hajt\u00e1s\u00fa, lombhullat\u00f3 cserje.vagy fa.<\/p>\n<p style=\"text-align: center;\">Jelen term\u00e9k\u00fcnk 18 literes cser\u00e9pben kaphat\u00f3. T\u00f6rzsmagass\u00e1ga kb 150cm teljes magass\u00e1ga 200\/250 cm .<\/p>\n<p>&nbsp;<\/p>\n<p>&nbsp;<\/p>\n<p>&nbsp;<\/p>\n<p>&nbsp;<\/p>\n<p>&nbsp;<\/p>\n<p>&nbsp;<\/p>\n<p>&nbsp;<\/p>\n<p>&nbsp;<\/p>\n<p>&nbsp;<\/p>\n<p>&nbsp;<\/p>\n<p>&nbsp;<\/p>\n<p>&nbsp;<\/p>\n<p>Prunus triloba Multiplex ,Teltvir\u00e1g\u00fa Babar\u00f3zsa, 2-3 m magas, g\u00f6mb\u00f6lyded, kistermet\u0171, lass\u00fa n\u00f6veked\u00e9s\u0171, v\u00e9kony, fel\u00e1ll\u00f3 hajt\u00e1s\u00fa, lombhullat\u00f3 cserje.vagy fa.<\/p>\n<p>&nbsp;<\/p>\n<p><b>N\u00f6veked\u00e9s, alak:<\/b>\u00a0Saj\u00e1t gy\u00f6k\u00e9ren 1,5-2 m magas cserje, fel\u00e1ll\u00f3 \u00e1grendszerrel. T\u00f6rzsre is oltj\u00e1k, szilva alanyon ak\u00e1r utcai, kism\u00e9ret\u0171, felt\u0171n\u0151en sz\u00e9pen vir\u00e1gz\u00f3 fa lehet. Alacsony t\u00f6rzs\u00f6n kertbe, ed\u00e9nyekbe mutat\u00f3s szoliter.<br \/>\n<b>Lev\u00e9l:<\/b>\u00a0Sz\u00e9les ellipszis alak\u00fa, s\u00f6t\u00e9tz\u00f6ld, \u0151sszel s\u00e1rg\u00e1ra, n\u00e9ha narancssz\u00edn\u0171re v\u00e1lt.<br \/>\n<b>Vir\u00e1g:<\/b>\u00a03,5 cm-es, telt, r\u00f3zsasz\u00edn, az \u00e9ves vessz\u0151k\u00f6n azok teljes hossz\u00e1ban t\u00f6m\u00f6tten \u00e1ll\u00f3k.<br \/>\n<b>Term\u00e9s:<\/b>\u00a0Nincs.<br \/>\n<b>Term\u0151hely, ig\u00e9ny:<\/b>\u00a0Talajig\u00e9nye minim\u00e1lis, a t\u00fal nedves \u00e9s sz\u00e9ls\u0151s\u00e9gesen savany\u00fa vagy l\u00fagos talajok kiv\u00e9tel\u00e9vel mindenhol meg\u00e9l. El\u0151ny a laz\u00e1bb talaj.<br \/>\n<b>Felhaszn\u00e1l\u00e1s:<\/b>\u00a0Szoliter cserje mag\u00e1ban vagy kisebb csoportokban. T\u00f6rzsre oltva parkfa, sorfa is lehet.<\/p>\n<p>&nbsp;<\/p>\n<p>&nbsp;<\/p>\n<p>&nbsp;<\/p>\n<p>&nbsp;<\/p>\n<p>&nbsp;<\/p>\n<p>&nbsp;<\/p>\n<p>&nbsp;<\/p>\n<p>&nbsp;<\/p>\n<p>&nbsp;<\/p>\n<p>&nbsp;<\/p>\n<p>&nbsp;<\/p>\n<p>&nbsp;<\/p>\n<p>&nbsp;<\/p>\n<p>&nbsp;<\/p>\n<p>&nbsp;<\/p>","protected":false},"featured_media":971,"template":"","meta":{"_et_pb_use_builder":"","_et_pb_old_content":"","_et_gb_content_width":""},"product_brand":[],"product_cat":[28],"product_tag":[139,138],"class_list":{"0":"post-973","1":"product","2":"type-product","3":"status-publish","4":"has-post-thumbnail","6":"product_cat-diszfak","7":"product_tag-babarozsa","8":"product_tag-prunus-triloba-multiplex","10":"first","11":"outofstock","12":"shipping-taxable","13":"product-type-simple"},"yoast_head":"<!-- This site is optimized with the Yoast SEO plugin v27.4 - https:\/\/yoast.com\/product\/yoast-seo-wordpress\/ -->\n<title>Prunus triloba &#039;Multiplex&#039;, Babar\u00f3zsa - T\u00e1jkert\u00e9sz<\/title>\n<meta name=\"description\" content=\"A Prunus triloba Multiplex Teltvir\u00e1g\u00fa babar\u00f3zsa, 2-3 m magas, g\u00f6mb\u00f6lyded, kistermet\u0171, lass\u00fa n\u00f6veked\u00e9s\u0171, v\u00e9kony, fel\u00e1ll\u00f3 hajt\u00e1s\u00fa, lombhullat\u00f3 fa.\" \/>\n<meta name=\"robots\" content=\"index, follow, max-snippet:-1, max-image-preview:large, max-video-preview:-1\" \/>\n<link rel=\"canonical\" href=\"https:\/\/tajkertesz.com\/en_US\/product\/prunus-triloba-multiplex-babarozsa-2\/\" \/>\n<meta property=\"og:locale\" content=\"en_US\" \/>\n<meta property=\"og:type\" content=\"article\" \/>\n<meta property=\"og:title\" content=\"Prunus triloba &#039;Multiplex&#039;, Babar\u00f3zsa - T\u00e1jkert\u00e9sz\" \/>\n<meta property=\"og:description\" content=\"A Prunus triloba Multiplex Teltvir\u00e1g\u00fa babar\u00f3zsa, 2-3 m magas, g\u00f6mb\u00f6lyded, kistermet\u0171, lass\u00fa n\u00f6veked\u00e9s\u0171, v\u00e9kony, fel\u00e1ll\u00f3 hajt\u00e1s\u00fa, lombhullat\u00f3 fa.\" \/>\n<meta property=\"og:url\" content=\"https:\/\/tajkertesz.com\/en_US\/product\/prunus-triloba-multiplex-babarozsa-2\/\" \/>\n<meta property=\"og:site_name\" content=\"T\u00e1jkert\u00e9sz\" \/>\n<meta property=\"article:publisher\" content=\"https:\/\/www.facebook.com\/Tajkertesz\/\" \/>\n<meta property=\"article:modified_time\" content=\"2026-03-15T08:49:09+00:00\" \/>\n<meta property=\"og:image\" content=\"https:\/\/tajkertesz.com\/wp-content\/uploads\/2020\/02\/Prunus-triloba-Multiplex-scaled.jpg\" \/>\n\t<meta property=\"og:image:width\" content=\"2560\" \/>\n\t<meta property=\"og:image:height\" content=\"1707\" \/>\n\t<meta property=\"og:image:type\" content=\"image\/jpeg\" \/>\n<meta name=\"twitter:card\" content=\"summary_large_image\" \/>\n<meta name=\"twitter:label1\" content=\"Est. reading time\" \/>\n\t<meta name=\"twitter:data1\" content=\"2 minutes\" \/>\n<script type=\"application\/ld+json\" class=\"yoast-schema-graph\">{\"@context\":\"https:\\\/\\\/schema.org\",\"@graph\":[{\"@type\":\"WebPage\",\"@id\":\"https:\\\/\\\/tajkertesz.com\\\/termek\\\/prunus-triloba-multiplex-babarozsa-2\\\/\",\"url\":\"https:\\\/\\\/tajkertesz.com\\\/termek\\\/prunus-triloba-multiplex-babarozsa-2\\\/\",\"name\":\"Prunus triloba 'Multiplex', Babar\u00f3zsa - T\u00e1jkert\u00e9sz\",\"isPartOf\":{\"@id\":\"https:\\\/\\\/tajkertesz.com\\\/#website\"},\"primaryImageOfPage\":{\"@id\":\"https:\\\/\\\/tajkertesz.com\\\/termek\\\/prunus-triloba-multiplex-babarozsa-2\\\/#primaryimage\"},\"image\":{\"@id\":\"https:\\\/\\\/tajkertesz.com\\\/termek\\\/prunus-triloba-multiplex-babarozsa-2\\\/#primaryimage\"},\"thumbnailUrl\":\"https:\\\/\\\/tajkertesz.com\\\/wp-content\\\/uploads\\\/2020\\\/02\\\/Prunus-triloba-Multiplex-scaled.jpg\",\"datePublished\":\"2020-02-19T11:46:03+00:00\",\"dateModified\":\"2026-03-15T08:49:09+00:00\",\"description\":\"A Prunus triloba Multiplex Teltvir\u00e1g\u00fa babar\u00f3zsa, 2-3 m magas, g\u00f6mb\u00f6lyded, kistermet\u0171, lass\u00fa n\u00f6veked\u00e9s\u0171, v\u00e9kony, fel\u00e1ll\u00f3 hajt\u00e1s\u00fa, lombhullat\u00f3 fa.\",\"breadcrumb\":{\"@id\":\"https:\\\/\\\/tajkertesz.com\\\/termek\\\/prunus-triloba-multiplex-babarozsa-2\\\/#breadcrumb\"},\"inLanguage\":\"en-US\",\"potentialAction\":[{\"@type\":\"ReadAction\",\"target\":[\"https:\\\/\\\/tajkertesz.com\\\/termek\\\/prunus-triloba-multiplex-babarozsa-2\\\/\"]}]},{\"@type\":\"ImageObject\",\"inLanguage\":\"en-US\",\"@id\":\"https:\\\/\\\/tajkertesz.com\\\/termek\\\/prunus-triloba-multiplex-babarozsa-2\\\/#primaryimage\",\"url\":\"https:\\\/\\\/tajkertesz.com\\\/wp-content\\\/uploads\\\/2020\\\/02\\\/Prunus-triloba-Multiplex-scaled.jpg\",\"contentUrl\":\"https:\\\/\\\/tajkertesz.com\\\/wp-content\\\/uploads\\\/2020\\\/02\\\/Prunus-triloba-Multiplex-scaled.jpg\",\"width\":2560,\"height\":1707,\"caption\":\"Prunus triloba - Babar\u00f3zsa\"},{\"@type\":\"BreadcrumbList\",\"@id\":\"https:\\\/\\\/tajkertesz.com\\\/termek\\\/prunus-triloba-multiplex-babarozsa-2\\\/#breadcrumb\",\"itemListElement\":[{\"@type\":\"ListItem\",\"position\":1,\"name\":\"Home\",\"item\":\"https:\\\/\\\/tajkertesz.com\\\/\"},{\"@type\":\"ListItem\",\"position\":2,\"name\":\"Kezd\u0151lap\",\"item\":\"https:\\\/\\\/tajkertesz.com\\\/\"},{\"@type\":\"ListItem\",\"position\":3,\"name\":\"Prunus triloba &#8216;Multiplex&#8217;, Babar\u00f3zsa\"}]},{\"@type\":\"WebSite\",\"@id\":\"https:\\\/\\\/tajkertesz.com\\\/#website\",\"url\":\"https:\\\/\\\/tajkertesz.com\\\/\",\"name\":\"T\u00e1j-Kert\u00e9sz 84 Kft.\",\"description\":\"Kert\u00e9szeti kis- \u00e9s nagykeresked\u00e9s, D\u00edszn\u00f6v\u00e9ny web\u00e1ruh\u00e1z orsz\u00e1gos h\u00e1zhozsz\u00e1ll\u00edt\u00e1ssal!\",\"publisher\":{\"@id\":\"https:\\\/\\\/tajkertesz.com\\\/#organization\"},\"potentialAction\":[{\"@type\":\"SearchAction\",\"target\":{\"@type\":\"EntryPoint\",\"urlTemplate\":\"https:\\\/\\\/tajkertesz.com\\\/?s={search_term_string}\"},\"query-input\":{\"@type\":\"PropertyValueSpecification\",\"valueRequired\":true,\"valueName\":\"search_term_string\"}}],\"inLanguage\":\"en-US\"},{\"@type\":\"Organization\",\"@id\":\"https:\\\/\\\/tajkertesz.com\\\/#organization\",\"name\":\"T\u00e1j-Kert\u00e9sz 84 Kft.\",\"url\":\"https:\\\/\\\/tajkertesz.com\\\/\",\"logo\":{\"@type\":\"ImageObject\",\"inLanguage\":\"en-US\",\"@id\":\"https:\\\/\\\/tajkertesz.com\\\/#\\\/schema\\\/logo\\\/image\\\/\",\"url\":\"https:\\\/\\\/tajkertesz.com\\\/wp-content\\\/uploads\\\/2018\\\/02\\\/logo-2-e1518678052539.png\",\"contentUrl\":\"https:\\\/\\\/tajkertesz.com\\\/wp-content\\\/uploads\\\/2018\\\/02\\\/logo-2-e1518678052539.png\",\"width\":81,\"height\":140,\"caption\":\"T\u00e1j-Kert\u00e9sz 84 Kft.\"},\"image\":{\"@id\":\"https:\\\/\\\/tajkertesz.com\\\/#\\\/schema\\\/logo\\\/image\\\/\"},\"sameAs\":[\"https:\\\/\\\/www.facebook.com\\\/Tajkertesz\\\/\"]}]}<\/script>\n<!-- \/ Yoast SEO plugin. -->","yoast_head_json":{"title":"Prunus triloba 'Multiplex', Babar\u00f3zsa - T\u00e1jkert\u00e9sz","description":"A Prunus triloba Multiplex Teltvir\u00e1g\u00fa babar\u00f3zsa, 2-3 m magas, g\u00f6mb\u00f6lyded, kistermet\u0171, lass\u00fa n\u00f6veked\u00e9s\u0171, v\u00e9kony, fel\u00e1ll\u00f3 hajt\u00e1s\u00fa, lombhullat\u00f3 fa.","robots":{"index":"index","follow":"follow","max-snippet":"max-snippet:-1","max-image-preview":"max-image-preview:large","max-video-preview":"max-video-preview:-1"},"canonical":"https:\/\/tajkertesz.com\/en_US\/product\/prunus-triloba-multiplex-babarozsa-2\/","og_locale":"en_US","og_type":"article","og_title":"Prunus triloba 'Multiplex', Babar\u00f3zsa - T\u00e1jkert\u00e9sz","og_description":"A Prunus triloba Multiplex Teltvir\u00e1g\u00fa babar\u00f3zsa, 2-3 m magas, g\u00f6mb\u00f6lyded, kistermet\u0171, lass\u00fa n\u00f6veked\u00e9s\u0171, v\u00e9kony, fel\u00e1ll\u00f3 hajt\u00e1s\u00fa, lombhullat\u00f3 fa.","og_url":"https:\/\/tajkertesz.com\/en_US\/product\/prunus-triloba-multiplex-babarozsa-2\/","og_site_name":"T\u00e1jkert\u00e9sz","article_publisher":"https:\/\/www.facebook.com\/Tajkertesz\/","article_modified_time":"2026-03-15T08:49:09+00:00","og_image":[{"width":2560,"height":1707,"url":"https:\/\/tajkertesz.com\/wp-content\/uploads\/2020\/02\/Prunus-triloba-Multiplex-scaled.jpg","type":"image\/jpeg"}],"twitter_card":"summary_large_image","twitter_misc":{"Est. reading time":"2 minutes"},"schema":{"@context":"https:\/\/schema.org","@graph":[{"@type":"WebPage","@id":"https:\/\/tajkertesz.com\/termek\/prunus-triloba-multiplex-babarozsa-2\/","url":"https:\/\/tajkertesz.com\/termek\/prunus-triloba-multiplex-babarozsa-2\/","name":"Prunus triloba 'Multiplex', Babar\u00f3zsa - T\u00e1jkert\u00e9sz","isPartOf":{"@id":"https:\/\/tajkertesz.com\/#website"},"primaryImageOfPage":{"@id":"https:\/\/tajkertesz.com\/termek\/prunus-triloba-multiplex-babarozsa-2\/#primaryimage"},"image":{"@id":"https:\/\/tajkertesz.com\/termek\/prunus-triloba-multiplex-babarozsa-2\/#primaryimage"},"thumbnailUrl":"https:\/\/tajkertesz.com\/wp-content\/uploads\/2020\/02\/Prunus-triloba-Multiplex-scaled.jpg","datePublished":"2020-02-19T11:46:03+00:00","dateModified":"2026-03-15T08:49:09+00:00","description":"A Prunus triloba Multiplex Teltvir\u00e1g\u00fa babar\u00f3zsa, 2-3 m magas, g\u00f6mb\u00f6lyded, kistermet\u0171, lass\u00fa n\u00f6veked\u00e9s\u0171, v\u00e9kony, fel\u00e1ll\u00f3 hajt\u00e1s\u00fa, lombhullat\u00f3 fa.","breadcrumb":{"@id":"https:\/\/tajkertesz.com\/termek\/prunus-triloba-multiplex-babarozsa-2\/#breadcrumb"},"inLanguage":"en-US","potentialAction":[{"@type":"ReadAction","target":["https:\/\/tajkertesz.com\/termek\/prunus-triloba-multiplex-babarozsa-2\/"]}]},{"@type":"ImageObject","inLanguage":"en-US","@id":"https:\/\/tajkertesz.com\/termek\/prunus-triloba-multiplex-babarozsa-2\/#primaryimage","url":"https:\/\/tajkertesz.com\/wp-content\/uploads\/2020\/02\/Prunus-triloba-Multiplex-scaled.jpg","contentUrl":"https:\/\/tajkertesz.com\/wp-content\/uploads\/2020\/02\/Prunus-triloba-Multiplex-scaled.jpg","width":2560,"height":1707,"caption":"Prunus triloba - Babar\u00f3zsa"},{"@type":"BreadcrumbList","@id":"https:\/\/tajkertesz.com\/termek\/prunus-triloba-multiplex-babarozsa-2\/#breadcrumb","itemListElement":[{"@type":"ListItem","position":1,"name":"Home","item":"https:\/\/tajkertesz.com\/"},{"@type":"ListItem","position":2,"name":"Kezd\u0151lap","item":"https:\/\/tajkertesz.com\/"},{"@type":"ListItem","position":3,"name":"Prunus triloba &#8216;Multiplex&#8217;, Babar\u00f3zsa"}]},{"@type":"WebSite","@id":"https:\/\/tajkertesz.com\/#website","url":"https:\/\/tajkertesz.com\/","name":"T\u00e1j-Kert\u00e9sz 84 Kft.","description":"Kert\u00e9szeti kis- \u00e9s nagykeresked\u00e9s, D\u00edszn\u00f6v\u00e9ny web\u00e1ruh\u00e1z orsz\u00e1gos h\u00e1zhozsz\u00e1ll\u00edt\u00e1ssal!","publisher":{"@id":"https:\/\/tajkertesz.com\/#organization"},"potentialAction":[{"@type":"SearchAction","target":{"@type":"EntryPoint","urlTemplate":"https:\/\/tajkertesz.com\/?s={search_term_string}"},"query-input":{"@type":"PropertyValueSpecification","valueRequired":true,"valueName":"search_term_string"}}],"inLanguage":"en-US"},{"@type":"Organization","@id":"https:\/\/tajkertesz.com\/#organization","name":"T\u00e1j-Kert\u00e9sz 84 Kft.","url":"https:\/\/tajkertesz.com\/","logo":{"@type":"ImageObject","inLanguage":"en-US","@id":"https:\/\/tajkertesz.com\/#\/schema\/logo\/image\/","url":"https:\/\/tajkertesz.com\/wp-content\/uploads\/2018\/02\/logo-2-e1518678052539.png","contentUrl":"https:\/\/tajkertesz.com\/wp-content\/uploads\/2018\/02\/logo-2-e1518678052539.png","width":81,"height":140,"caption":"T\u00e1j-Kert\u00e9sz 84 Kft."},"image":{"@id":"https:\/\/tajkertesz.com\/#\/schema\/logo\/image\/"},"sameAs":["https:\/\/www.facebook.com\/Tajkertesz\/"]}]}},"_links":{"self":[{"href":"https:\/\/tajkertesz.com\/en_US\/wp-json\/wp\/v2\/product\/973","targetHints":{"allow":["GET"]}}],"collection":[{"href":"https:\/\/tajkertesz.com\/en_US\/wp-json\/wp\/v2\/product"}],"about":[{"href":"https:\/\/tajkertesz.com\/en_US\/wp-json\/wp\/v2\/types\/product"}],"wp:featuredmedia":[{"embeddable":true,"href":"https:\/\/tajkertesz.com\/en_US\/wp-json\/wp\/v2\/media\/971"}],"wp:attachment":[{"href":"https:\/\/tajkertesz.com\/en_US\/wp-json\/wp\/v2\/media?parent=973"}],"wp:term":[{"taxonomy":"product_brand","embeddable":true,"href":"https:\/\/tajkertesz.com\/en_US\/wp-json\/wp\/v2\/product_brand?post=973"},{"taxonomy":"product_cat","embeddable":true,"href":"https:\/\/tajkertesz.com\/en_US\/wp-json\/wp\/v2\/product_cat?post=973"},{"taxonomy":"product_tag","embeddable":true,"href":"https:\/\/tajkertesz.com\/en_US\/wp-json\/wp\/v2\/product_tag?post=973"}],"curies":[{"name":"wp","href":"https:\/\/api.w.org\/{rel}","templated":true}]}}