{"id":9731,"date":"2021-10-04T07:14:51","date_gmt":"2021-10-04T07:14:51","guid":{"rendered":"https:\/\/tajkertesz.com\/?post_type=product&#038;p=9731"},"modified":"2026-02-18T15:42:18","modified_gmt":"2026-02-18T15:42:18","slug":"redei-kertimag-carum-carvi-konyhakomeny","status":"publish","type":"product","link":"https:\/\/tajkertesz.com\/en_US\/product\/redei-kertimag-carum-carvi-konyhakomeny\/","title":{"rendered":"Konyhak\u00f6m\u00e9ny kertimag Carum carvi"},"content":{"rendered":"<div>\n<h1><span class=\"brandname\">R\u00e9dei kertimag<\/span>\u00a0Carum carvi konyhak\u00f6m\u00e9ny<\/h1>\n<\/div>\n<div>\n<p><span class=\"brandname\">R\u00e9dei kertimag<\/span>\u00a0Carum carvi konyhak\u00f6m\u00e9ny<\/p>\n<p>&nbsp;<\/p>\n<\/div>\n<div>\n<p>K\u00e9t\u00e9ves n\u00f6v\u00e9ny. Els\u0151 \u00e9vben t\u0151r\u00f3zs\u00e1t fejleszt, a m\u00e1sodik \u00e9vben vir\u00e1gzik \u00e9s hozza term\u00e9s\u00e9t. Nagyon kedvelt f\u0171szer. Napos helyet ig\u00e9nyel. Magj\u00e1t j\u00faniusban kell begy\u0171jteni \u00e9s sz\u00e1r\u00edt\u00e1s ut\u00e1n lemorzsolni. K\u00e1poszt\u00e1s \u00e9telek, p\u00e9k\u00e1ru, sajtok \u00edzes\u00edt\u0151je. Alkoholos italok \u00edzes\u00edt\u00e9s\u00e9re is kiv\u00e1l\u00f3. Ill\u00f3olaja sz\u00e9lhajt\u00f3 hat\u00e1s\u00fa.<\/p>\n<p>Vet\u00e9s: III-IV. h\u00f3., 30 x 25 cm t\u00e1vols\u00e1gra.<\/p>\n<p>Vet\u00e9sm\u00e9lys\u00e9g: 1 cm.<\/p>\n<p>Optim\u00e1lis cs\u00edr\u00e1z\u00e1si h\u0151m\u00e9rs\u00e9klet: 10 \u00b0C.<\/p>\n<p>Szed\u00e9s: 2. \u00e9vt\u0151l VI h\u00f3.<\/p>\n<\/div>\n<p>&nbsp;<\/p>\n<p>El\u00e9rhet\u0151 t\u00f6bbf\u00e9le m\u00e9retben \u00e9s \u00e1rban.<\/p>\n<p><strong>K\u00e9szlet\u00fcnk napi szinten v\u00e1ltozik, ez\u00e9rt k\u00e9rj\u00fck, \u00e9rdekl\u0151dj\u00f6n szem\u00e9lyesen, telefonon vagy email-en.<br \/>\nA v\u00e1ltoztat\u00e1s jog\u00e1t fenntartjuk!\u00a0<\/strong><\/p>\n<p>&nbsp;<\/p>\n<p><a href=\"https:\/\/tajkertesz.com\/\">https:\/\/tajkertesz.com\/<\/a><\/p>\n<p><a href=\"https:\/\/www.facebook.com\/tajkertesz\/\">https:\/\/www.facebook.com\/tajkertesz\/<\/a><\/p>\n<p>Kisz\u00e1ll\u00edt\u00e1s: 200cm-ig \u00a0\u00e9s 40 kg-ig a sz\u00e1ll\u00edt\u00e1s fut\u00e1rszolg\u00e1lattal \u00a0t\u00f6rt\u00e9nik.<\/p>\n<p>Szem\u00e9lyes \u00e1tv\u00e9tel nyitvatart\u00e1si id\u0151ben a 17. ker\u00fclet Bakancsos utca 7. sz\u00e1m alatti Kert\u00e9szeti \u00e1rud\u00e1ban.<\/p>\n<h6><span style=\"color: #ffffff;\">A f\u0171szerk\u00f6m\u00e9ny (Carum carvi) az erny\u0151svir\u00e1gzat\u00faak rendj\u00e9be \u00e9s a zellerf\u00e9l\u00e9k csal\u00e1dj\u00e1ba tartoz\u00f3 faj.<\/span><\/h6>\n<h6><span style=\"color: #ffffff;\">A legelterjedtebb \u00e9s legkedveltebb f\u0171szerek k\u00f6z\u00e9 tartozik, a Biblia is eml\u00edt\u00e9st tesz r\u00f3la. Eur\u00f3p\u00e1ban a 13. sz\u00e1zadban terjedt el.<\/span><\/h6>\n<h6><span style=\"color: #ffffff;\">Zs\u00edros olajat \u00e9s feh\u00e9rj\u00e9t is tartalmaz. Az er\u0151sen f\u0171szeres \u00edz\u0171 mag (Carvi fructus) hat\u00f3anyaga az ill\u00f3olaj\u00e1ban lev\u0151 karvon. Ill\u00f3olaj\u00e1ban kuminaldehid is tal\u00e1lhat\u00f3.[1]<\/span><\/h6>\n<h6><span style=\"color: #ffffff;\">Egy\u00e9b nevei: konyhak\u00f6m\u00e9ny, kem\u00e9nymag, r\u00e9gik\u00f6m\u00e9ny, hasznos k\u00f6m\u00e9ny.<\/span><\/h6>\n<h6><span style=\"color: #ffffff;\">Jellemz\u0151 k\u00e1rtev\u0151je a k\u00f6m\u00e9nymoly (Depressaria daucella).<\/span><\/h6>\n<h6><span style=\"color: #ffffff;\">Megjelen\u00e9se<\/span><br \/>\n<span style=\"color: #ffffff;\">20\u201350 cm magas, k\u00e9tny\u00e1ri n\u00f6v\u00e9ny. Gy\u00f6kere gum\u00f3s, feh\u00e9r sz\u00edn\u0171, ehet\u0151, \u00e9des \u00edz\u0171, arom\u00e1s, hasonl\u00f3 a pasztern\u00e1khoz. Sz\u00e1ra csupasz, hossz\u00e1ban bar\u00e1zd\u00e1lt, keskeny l\u00e1ndzs\u00e1s levelei er\u0151sen osztottak. Apr\u00f3, feh\u00e9r vir\u00e1gai erny\u0151ben ny\u00edlnak, kerekded, bar\u00e1zd\u00e1lt term\u00e9se 3\u20134 mm nagys\u00e1g\u00fa, kiss\u00e9 \u00e1nizsos, enyh\u00e9n borsos, mentolos \u00edz\u0171. A n\u00f6v\u00e9ny b\u00e1rmely r\u00e9sze megmorzsolva er\u0151s illatot \u00e1raszt.[2]<\/span><\/h6>\n<h6><span style=\"color: #ffffff;\">Farmakol\u00f3giai hat\u00e1sai<\/span><br \/>\n<span style=\"color: #ffffff;\">Az egyik kutat\u00e1si eredm\u00e9ny alapj\u00e1n a kuminaldehid, kis molekulak\u00e9nt g\u00e1tolja az alfa-szinuklein csom\u00f3sod\u00e1s\u00e1t,[3] amely olyan s\u00falyos neurodegenerat\u00edv betegs\u00e9gekben j\u00e1tszik szerepet, mint a Lewy-testek \u00e1ltal okozott elmebaj,[4] Parkinson-k\u00f3r, \u00e9s multisziszt\u00e9m\u00e1s atr\u00f3fia.[<\/span><\/h6>\n","protected":false},"excerpt":{"rendered":"<h1><span class=\"brandname\">R\u00e9dei kertimag<\/span>\u00a0Carum carvi konyhak\u00f6m\u00e9ny<\/h1>\n<div>KONYHAK\u00d6M\u00c9NY<\/div>\n<div>K\u00e9t\u00e9ves n\u00f6v\u00e9ny. Els\u0151 \u00e9vben t\u0151r\u00f3zs\u00e1t fejleszt, a m\u00e1sodik \u00e9vben hozza kaszatterm\u00e9s\u00e9t. Nagyon kedvelt f\u0171szer.<\/div>","protected":false},"featured_media":14867,"template":"","meta":{"_et_pb_use_builder":"","_et_pb_old_content":"","_et_gb_content_width":""},"product_brand":[],"product_cat":[4140],"product_tag":[4085,4086,2820],"class_list":{"0":"post-9731","1":"product","2":"type-product","3":"status-publish","4":"has-post-thumbnail","6":"product_cat-fuszernoveny-vetomagok","7":"product_tag-komeny","8":"product_tag-konyhakomeny","9":"product_tag-redei-kertimag-carum-carvi-konyhakomeny","11":"first","12":"instock","13":"shipping-taxable","14":"purchasable","15":"product-type-simple"},"yoast_head":"<!-- This site is optimized with the Yoast SEO plugin v27.5 - https:\/\/yoast.com\/product\/yoast-seo-wordpress\/ -->\n<title>Konyhak\u00f6m\u00e9ny kertimag Carum carvi - T\u00e1jkert\u00e9sz<\/title>\n<meta name=\"description\" content=\"Carum carvi konyhak\u00f6m\u00e9ny k\u00e9t\u00e9ves n\u00f6v\u00e9ny. Els\u0151 \u00e9vben t\u0151r\u00f3zs\u00e1t fejleszt, a m\u00e1sodik \u00e9vben vir\u00e1gzik \u00e9s hozza term\u00e9s\u00e9t. Nagyon kedvelt f\u0171szer.\" \/>\n<meta name=\"robots\" content=\"index, follow, max-snippet:-1, max-image-preview:large, max-video-preview:-1\" \/>\n<link rel=\"canonical\" href=\"https:\/\/tajkertesz.com\/en_US\/product\/redei-kertimag-carum-carvi-konyhakomeny\/\" \/>\n<meta property=\"og:locale\" content=\"en_US\" \/>\n<meta property=\"og:type\" content=\"article\" \/>\n<meta property=\"og:title\" content=\"Konyhak\u00f6m\u00e9ny kertimag Carum carvi - T\u00e1jkert\u00e9sz\" \/>\n<meta property=\"og:description\" content=\"Carum carvi konyhak\u00f6m\u00e9ny k\u00e9t\u00e9ves n\u00f6v\u00e9ny. Els\u0151 \u00e9vben t\u0151r\u00f3zs\u00e1t fejleszt, a m\u00e1sodik \u00e9vben vir\u00e1gzik \u00e9s hozza term\u00e9s\u00e9t. Nagyon kedvelt f\u0171szer.\" \/>\n<meta property=\"og:url\" content=\"https:\/\/tajkertesz.com\/en_US\/product\/redei-kertimag-carum-carvi-konyhakomeny\/\" \/>\n<meta property=\"og:site_name\" content=\"T\u00e1jkert\u00e9sz\" \/>\n<meta property=\"article:publisher\" content=\"https:\/\/www.facebook.com\/Tajkertesz\/\" \/>\n<meta property=\"article:modified_time\" content=\"2026-02-18T15:42:18+00:00\" \/>\n<meta property=\"og:image\" content=\"https:\/\/tajkertesz.com\/wp-content\/uploads\/2023\/01\/20230118_144104-scaled.jpg\" \/>\n\t<meta property=\"og:image:width\" content=\"1317\" \/>\n\t<meta property=\"og:image:height\" content=\"2560\" \/>\n\t<meta property=\"og:image:type\" content=\"image\/jpeg\" \/>\n<meta name=\"twitter:card\" content=\"summary_large_image\" \/>\n<meta name=\"twitter:label1\" content=\"Est. reading time\" \/>\n\t<meta name=\"twitter:data1\" content=\"2 minutes\" \/>\n<script type=\"application\/ld+json\" class=\"yoast-schema-graph\">{\"@context\":\"https:\\\/\\\/schema.org\",\"@graph\":[{\"@type\":\"WebPage\",\"@id\":\"https:\\\/\\\/tajkertesz.com\\\/termek\\\/redei-kertimag-carum-carvi-konyhakomeny\\\/\",\"url\":\"https:\\\/\\\/tajkertesz.com\\\/termek\\\/redei-kertimag-carum-carvi-konyhakomeny\\\/\",\"name\":\"Konyhak\u00f6m\u00e9ny kertimag Carum carvi - T\u00e1jkert\u00e9sz\",\"isPartOf\":{\"@id\":\"https:\\\/\\\/tajkertesz.com\\\/#website\"},\"primaryImageOfPage\":{\"@id\":\"https:\\\/\\\/tajkertesz.com\\\/termek\\\/redei-kertimag-carum-carvi-konyhakomeny\\\/#primaryimage\"},\"image\":{\"@id\":\"https:\\\/\\\/tajkertesz.com\\\/termek\\\/redei-kertimag-carum-carvi-konyhakomeny\\\/#primaryimage\"},\"thumbnailUrl\":\"https:\\\/\\\/tajkertesz.com\\\/wp-content\\\/uploads\\\/2023\\\/01\\\/20230118_144104-scaled.jpg\",\"datePublished\":\"2021-10-04T07:14:51+00:00\",\"dateModified\":\"2026-02-18T15:42:18+00:00\",\"description\":\"Carum carvi konyhak\u00f6m\u00e9ny k\u00e9t\u00e9ves n\u00f6v\u00e9ny. Els\u0151 \u00e9vben t\u0151r\u00f3zs\u00e1t fejleszt, a m\u00e1sodik \u00e9vben vir\u00e1gzik \u00e9s hozza term\u00e9s\u00e9t. Nagyon kedvelt f\u0171szer.\",\"breadcrumb\":{\"@id\":\"https:\\\/\\\/tajkertesz.com\\\/termek\\\/redei-kertimag-carum-carvi-konyhakomeny\\\/#breadcrumb\"},\"inLanguage\":\"en-US\",\"potentialAction\":[{\"@type\":\"ReadAction\",\"target\":[\"https:\\\/\\\/tajkertesz.com\\\/termek\\\/redei-kertimag-carum-carvi-konyhakomeny\\\/\"]}]},{\"@type\":\"ImageObject\",\"inLanguage\":\"en-US\",\"@id\":\"https:\\\/\\\/tajkertesz.com\\\/termek\\\/redei-kertimag-carum-carvi-konyhakomeny\\\/#primaryimage\",\"url\":\"https:\\\/\\\/tajkertesz.com\\\/wp-content\\\/uploads\\\/2023\\\/01\\\/20230118_144104-scaled.jpg\",\"contentUrl\":\"https:\\\/\\\/tajkertesz.com\\\/wp-content\\\/uploads\\\/2023\\\/01\\\/20230118_144104-scaled.jpg\",\"width\":1317,\"height\":2560},{\"@type\":\"BreadcrumbList\",\"@id\":\"https:\\\/\\\/tajkertesz.com\\\/termek\\\/redei-kertimag-carum-carvi-konyhakomeny\\\/#breadcrumb\",\"itemListElement\":[{\"@type\":\"ListItem\",\"position\":1,\"name\":\"Home\",\"item\":\"https:\\\/\\\/tajkertesz.com\\\/\"},{\"@type\":\"ListItem\",\"position\":2,\"name\":\"Kezd\u0151lap\",\"item\":\"https:\\\/\\\/tajkertesz.com\\\/\"},{\"@type\":\"ListItem\",\"position\":3,\"name\":\"Konyhak\u00f6m\u00e9ny kertimag Carum carvi\"}]},{\"@type\":\"WebSite\",\"@id\":\"https:\\\/\\\/tajkertesz.com\\\/#website\",\"url\":\"https:\\\/\\\/tajkertesz.com\\\/\",\"name\":\"T\u00e1j-Kert\u00e9sz 84 Kft.\",\"description\":\"Kert\u00e9szeti kis- \u00e9s nagykeresked\u00e9s, D\u00edszn\u00f6v\u00e9ny web\u00e1ruh\u00e1z orsz\u00e1gos h\u00e1zhozsz\u00e1ll\u00edt\u00e1ssal!\",\"publisher\":{\"@id\":\"https:\\\/\\\/tajkertesz.com\\\/#organization\"},\"potentialAction\":[{\"@type\":\"SearchAction\",\"target\":{\"@type\":\"EntryPoint\",\"urlTemplate\":\"https:\\\/\\\/tajkertesz.com\\\/?s={search_term_string}\"},\"query-input\":{\"@type\":\"PropertyValueSpecification\",\"valueRequired\":true,\"valueName\":\"search_term_string\"}}],\"inLanguage\":\"en-US\"},{\"@type\":\"Organization\",\"@id\":\"https:\\\/\\\/tajkertesz.com\\\/#organization\",\"name\":\"T\u00e1j-Kert\u00e9sz 84 Kft.\",\"url\":\"https:\\\/\\\/tajkertesz.com\\\/\",\"logo\":{\"@type\":\"ImageObject\",\"inLanguage\":\"en-US\",\"@id\":\"https:\\\/\\\/tajkertesz.com\\\/#\\\/schema\\\/logo\\\/image\\\/\",\"url\":\"https:\\\/\\\/tajkertesz.com\\\/wp-content\\\/uploads\\\/2018\\\/02\\\/logo-2-e1518678052539.png\",\"contentUrl\":\"https:\\\/\\\/tajkertesz.com\\\/wp-content\\\/uploads\\\/2018\\\/02\\\/logo-2-e1518678052539.png\",\"width\":81,\"height\":140,\"caption\":\"T\u00e1j-Kert\u00e9sz 84 Kft.\"},\"image\":{\"@id\":\"https:\\\/\\\/tajkertesz.com\\\/#\\\/schema\\\/logo\\\/image\\\/\"},\"sameAs\":[\"https:\\\/\\\/www.facebook.com\\\/Tajkertesz\\\/\"]}]}<\/script>\n<!-- \/ Yoast SEO plugin. -->","yoast_head_json":{"title":"Konyhak\u00f6m\u00e9ny kertimag Carum carvi - T\u00e1jkert\u00e9sz","description":"Carum carvi konyhak\u00f6m\u00e9ny k\u00e9t\u00e9ves n\u00f6v\u00e9ny. Els\u0151 \u00e9vben t\u0151r\u00f3zs\u00e1t fejleszt, a m\u00e1sodik \u00e9vben vir\u00e1gzik \u00e9s hozza term\u00e9s\u00e9t. Nagyon kedvelt f\u0171szer.","robots":{"index":"index","follow":"follow","max-snippet":"max-snippet:-1","max-image-preview":"max-image-preview:large","max-video-preview":"max-video-preview:-1"},"canonical":"https:\/\/tajkertesz.com\/en_US\/product\/redei-kertimag-carum-carvi-konyhakomeny\/","og_locale":"en_US","og_type":"article","og_title":"Konyhak\u00f6m\u00e9ny kertimag Carum carvi - T\u00e1jkert\u00e9sz","og_description":"Carum carvi konyhak\u00f6m\u00e9ny k\u00e9t\u00e9ves n\u00f6v\u00e9ny. Els\u0151 \u00e9vben t\u0151r\u00f3zs\u00e1t fejleszt, a m\u00e1sodik \u00e9vben vir\u00e1gzik \u00e9s hozza term\u00e9s\u00e9t. Nagyon kedvelt f\u0171szer.","og_url":"https:\/\/tajkertesz.com\/en_US\/product\/redei-kertimag-carum-carvi-konyhakomeny\/","og_site_name":"T\u00e1jkert\u00e9sz","article_publisher":"https:\/\/www.facebook.com\/Tajkertesz\/","article_modified_time":"2026-02-18T15:42:18+00:00","og_image":[{"width":1317,"height":2560,"url":"https:\/\/tajkertesz.com\/wp-content\/uploads\/2023\/01\/20230118_144104-scaled.jpg","type":"image\/jpeg"}],"twitter_card":"summary_large_image","twitter_misc":{"Est. reading time":"2 minutes"},"schema":{"@context":"https:\/\/schema.org","@graph":[{"@type":"WebPage","@id":"https:\/\/tajkertesz.com\/termek\/redei-kertimag-carum-carvi-konyhakomeny\/","url":"https:\/\/tajkertesz.com\/termek\/redei-kertimag-carum-carvi-konyhakomeny\/","name":"Konyhak\u00f6m\u00e9ny kertimag Carum carvi - T\u00e1jkert\u00e9sz","isPartOf":{"@id":"https:\/\/tajkertesz.com\/#website"},"primaryImageOfPage":{"@id":"https:\/\/tajkertesz.com\/termek\/redei-kertimag-carum-carvi-konyhakomeny\/#primaryimage"},"image":{"@id":"https:\/\/tajkertesz.com\/termek\/redei-kertimag-carum-carvi-konyhakomeny\/#primaryimage"},"thumbnailUrl":"https:\/\/tajkertesz.com\/wp-content\/uploads\/2023\/01\/20230118_144104-scaled.jpg","datePublished":"2021-10-04T07:14:51+00:00","dateModified":"2026-02-18T15:42:18+00:00","description":"Carum carvi konyhak\u00f6m\u00e9ny k\u00e9t\u00e9ves n\u00f6v\u00e9ny. Els\u0151 \u00e9vben t\u0151r\u00f3zs\u00e1t fejleszt, a m\u00e1sodik \u00e9vben vir\u00e1gzik \u00e9s hozza term\u00e9s\u00e9t. Nagyon kedvelt f\u0171szer.","breadcrumb":{"@id":"https:\/\/tajkertesz.com\/termek\/redei-kertimag-carum-carvi-konyhakomeny\/#breadcrumb"},"inLanguage":"en-US","potentialAction":[{"@type":"ReadAction","target":["https:\/\/tajkertesz.com\/termek\/redei-kertimag-carum-carvi-konyhakomeny\/"]}]},{"@type":"ImageObject","inLanguage":"en-US","@id":"https:\/\/tajkertesz.com\/termek\/redei-kertimag-carum-carvi-konyhakomeny\/#primaryimage","url":"https:\/\/tajkertesz.com\/wp-content\/uploads\/2023\/01\/20230118_144104-scaled.jpg","contentUrl":"https:\/\/tajkertesz.com\/wp-content\/uploads\/2023\/01\/20230118_144104-scaled.jpg","width":1317,"height":2560},{"@type":"BreadcrumbList","@id":"https:\/\/tajkertesz.com\/termek\/redei-kertimag-carum-carvi-konyhakomeny\/#breadcrumb","itemListElement":[{"@type":"ListItem","position":1,"name":"Home","item":"https:\/\/tajkertesz.com\/"},{"@type":"ListItem","position":2,"name":"Kezd\u0151lap","item":"https:\/\/tajkertesz.com\/"},{"@type":"ListItem","position":3,"name":"Konyhak\u00f6m\u00e9ny kertimag Carum carvi"}]},{"@type":"WebSite","@id":"https:\/\/tajkertesz.com\/#website","url":"https:\/\/tajkertesz.com\/","name":"T\u00e1j-Kert\u00e9sz 84 Kft.","description":"Kert\u00e9szeti kis- \u00e9s nagykeresked\u00e9s, D\u00edszn\u00f6v\u00e9ny web\u00e1ruh\u00e1z orsz\u00e1gos h\u00e1zhozsz\u00e1ll\u00edt\u00e1ssal!","publisher":{"@id":"https:\/\/tajkertesz.com\/#organization"},"potentialAction":[{"@type":"SearchAction","target":{"@type":"EntryPoint","urlTemplate":"https:\/\/tajkertesz.com\/?s={search_term_string}"},"query-input":{"@type":"PropertyValueSpecification","valueRequired":true,"valueName":"search_term_string"}}],"inLanguage":"en-US"},{"@type":"Organization","@id":"https:\/\/tajkertesz.com\/#organization","name":"T\u00e1j-Kert\u00e9sz 84 Kft.","url":"https:\/\/tajkertesz.com\/","logo":{"@type":"ImageObject","inLanguage":"en-US","@id":"https:\/\/tajkertesz.com\/#\/schema\/logo\/image\/","url":"https:\/\/tajkertesz.com\/wp-content\/uploads\/2018\/02\/logo-2-e1518678052539.png","contentUrl":"https:\/\/tajkertesz.com\/wp-content\/uploads\/2018\/02\/logo-2-e1518678052539.png","width":81,"height":140,"caption":"T\u00e1j-Kert\u00e9sz 84 Kft."},"image":{"@id":"https:\/\/tajkertesz.com\/#\/schema\/logo\/image\/"},"sameAs":["https:\/\/www.facebook.com\/Tajkertesz\/"]}]}},"_links":{"self":[{"href":"https:\/\/tajkertesz.com\/en_US\/wp-json\/wp\/v2\/product\/9731","targetHints":{"allow":["GET"]}}],"collection":[{"href":"https:\/\/tajkertesz.com\/en_US\/wp-json\/wp\/v2\/product"}],"about":[{"href":"https:\/\/tajkertesz.com\/en_US\/wp-json\/wp\/v2\/types\/product"}],"wp:featuredmedia":[{"embeddable":true,"href":"https:\/\/tajkertesz.com\/en_US\/wp-json\/wp\/v2\/media\/14867"}],"wp:attachment":[{"href":"https:\/\/tajkertesz.com\/en_US\/wp-json\/wp\/v2\/media?parent=9731"}],"wp:term":[{"taxonomy":"product_brand","embeddable":true,"href":"https:\/\/tajkertesz.com\/en_US\/wp-json\/wp\/v2\/product_brand?post=9731"},{"taxonomy":"product_cat","embeddable":true,"href":"https:\/\/tajkertesz.com\/en_US\/wp-json\/wp\/v2\/product_cat?post=9731"},{"taxonomy":"product_tag","embeddable":true,"href":"https:\/\/tajkertesz.com\/en_US\/wp-json\/wp\/v2\/product_tag?post=9731"}],"curies":[{"name":"wp","href":"https:\/\/api.w.org\/{rel}","templated":true}]}}