{"id":9774,"date":"2021-10-04T09:27:13","date_gmt":"2021-10-04T09:27:13","guid":{"rendered":"https:\/\/tajkertesz.com\/?post_type=product&#038;p=9774"},"modified":"2026-02-18T15:41:27","modified_gmt":"2026-02-18T15:41:27","slug":"redei-kertimag-koromvirag-vetomag-1g","status":"publish","type":"product","link":"https:\/\/tajkertesz.com\/en_US\/product\/redei-kertimag-koromvirag-vetomag-1g\/","title":{"rendered":"K\u00f6r\u00f6mvir\u00e1g vet\u0151mag 1g"},"content":{"rendered":"<div>\n<h1 class=\"pix30 fw500\">K\u00f6r\u00f6mvir\u00e1g vet\u0151mag 1g<\/h1>\n<\/div>\n<div>\n<p class=\"pix30 fw500\">R\u00e9dei Kertimag K\u00f6r\u00f6mvir\u00e1g vet\u0151mag 1g<\/p>\n<p>D\u00cdSZ- \u00c9S GY\u00d3GYN\u00d6V\u00c9NY 40-70 cm magas, egy\u00e9ves, l\u00e1gysz\u00e1r\u00fa n\u00f6v\u00e9ny. J\u00fanius elej\u00e9t\u0151l a fagyokig folyamatosan vir\u00e1gzik.<br \/>\nFelhaszn\u00e1l\u00e1s: f\u0171szerk\u00e9nt az \u00e9teleknek s\u00e1rg\u00e1s sz\u00ednt \u00e9s enyh\u00e9n cs\u00edp\u0151s \u00edzt ad. Vir\u00e1gszirmait haszn\u00e1lhatjuk rizs, hal \u00e9s h\u00fasleves \u00edzes\u00edt\u00e9s\u00e9hez. Te\u00e1ja kiv\u00e1l\u00f3an alkalmazhat\u00f3 epeh\u00f3lyag-gyullad\u00e1s ellen, gyomor- \u00e9s h\u00f3lyaghurut kezel\u00e9s\u00e9re, de j\u00f3 g\u00f6rcsold\u00f3 \u00e9s fert\u0151tlen\u00edt\u0151szer is.<\/p>\n<p>&nbsp;<\/p>\n<\/div>\n<p>&nbsp;<\/p>\n<div class=\"woocommerce-tabs wc-tabs-wrapper\">\n<div id=\"tab-description\" class=\"woocommerce-Tabs-panel woocommerce-Tabs-panel--description panel entry-content wc-tab\" role=\"tabpanel\" aria-labelledby=\"tab-title-description\">\n<table cellspacing=\"0\">\n<tbody>\n<tr>\n<td valign=\"top\">Egyny\u00e1riak<\/td>\n<\/tr>\n<tr>\n<td colspan=\"2\">\n<p align=\"justify\"><b>F\u0171szerkert:<\/b>\u00a0A zamatos, \u00edzletes \u00e9teleknek elengedhetetlen kell\u00e9ke a friss f\u0171szern\u00f6v\u00e9ny. Ha van egy kis kert\u00fcnk vagy erk\u00e9ly\u00fcnk, b\u00e1tran k\u00e9sz\u00edts\u00fcnk f\u0171szerkertet. Nagyobb erk\u00e9lyl\u00e1d\u00e1t, vagy d\u00e9zs\u00e1t is be\u00fcltethet\u00fcnk f\u0171szern\u00f6v\u00e9nyekkel. A kertnek egy olyan r\u00e9sz\u00e9re tervezz\u00fck az \u00e1gy\u00e1st, ahol sok naps\u00fct\u00e9s \u00e9s meleg \u00e9ri a n\u00f6v\u00e9nyeket, hiszen a legt\u00f6bb f\u0171szern\u00f6v\u00e9ny mediterr\u00e1n vid\u00e9kr\u0151l sz\u00e1rmazik, \u00edgy fontos a naps\u00fct\u00e9s a megfelel\u0151 fejl\u0151d\u00e9shez.<\/p>\n<\/td>\n<\/tr>\n<\/tbody>\n<\/table>\n<p><b>1.<\/b>\u00a0A f\u0171szern\u00f6v\u00e9nyeket (gy\u00f3gyn\u00f6v\u00e9nyeket) t\u00e9li eltev\u00e9sre r\u00f6viddel a vir\u00e1gz\u00e1s el\u0151tt, r\u00f6gt\u00f6n a harmat felsz\u00e1rad\u00e1sa ut\u00e1n, a kora reggeli \u00f3r\u00e1kban v\u00e1gjuk le. Ezut\u00e1n leveg\u0151s, \u00e1rnyas helyen sz\u00e1r\u00edtsuk, mert t\u0171z\u0151 napf\u00e9nyen az \u00e9rt\u00e9kes ill\u00f3olajok veszend\u0151be mennek.<br \/>\n<b>2.<\/b>\u00a0A friss f\u0171szern\u00f6v\u00e9nyt mindig csak k\u00f6zvetlen\u00fcl a felhaszn\u00e1l\u00e1s el\u0151tt apr\u00edtsuk vagy v\u00e1gjuk az \u00e9telbe, mert \u00edgy meg\u0151rzi t\u00e1p- \u00e9s vitamintartalm\u00e1t.<br \/>\n<b>3.<\/b>\u00a0A f\u0171szern\u00f6v\u00e9nyeket soha ne v\u00e1gjuk t\u00fal apr\u00f3ra.<br \/>\n<b>T\u00e1rkonyecet:<\/b>\u00a0A t\u00e1rkonyt foly\u00f3v\u00edz alatt j\u00f3 alaposan mossuk meg, majd helyezz\u00fck el az \u00fcvegben \u00e9s \u00f6nts\u00fcnk r\u00e1 10%-os ecetet. Ezut\u00e1n z\u00e1rjuk le az \u00fcveget \u00e9s tegy\u00fck s\u00f6t\u00e9t helyre. A t\u00e1rkonyecet felhaszn\u00e1lhat\u00f3 bableveshez, f\u0151zel\u00e9kekhez, \u00e9s sal\u00e1t\u00e1khoz is.<br \/>\n<b>Olaszos f\u0171szerolaj:<\/b>\u00a0Egy sz\u00e9p hossz\u00fa nyak\u00fa \u00fcvegbe tegy\u00fcnk p\u00e1r \u00e1g megmosott oreg\u00e1n\u00f3t, bazsalikomot, \u00e9s kakukkf\u00fcvet, majd k\u00e9t gerezd megtiszt\u00edtott fokhagym\u00e1t, \u00e9s \u00f6nts\u00fck fel ol\u00edva olajjal. A v\u00e9g\u00e9n sz\u00f3rjunk r\u00e1 n\u00e9h\u00e1ny szem eg\u00e9sz borsot. Z\u00e1rjuk le \u00e9s tegy\u00fck h\u0171v\u00f6s, s\u00f6t\u00e9t helyre. Nagyon finom s\u00fclt h\u00fasok mell\u00e9, vagy t\u00e9szt\u00e1khoz is adhatjuk.<\/p>\n<p><strong>K\u00e9szlet\u00fcnk napi szinten v\u00e1ltozik, ez\u00e9rt k\u00e9rj\u00fck, \u00e9rdekl\u0151dj\u00f6n szem\u00e9lyesen, telefonon vagy email-en.<br \/>\nA v\u00e1ltoztat\u00e1s jog\u00e1t fenntartjuk!\u00a0<\/strong><\/p>\n<p><a href=\"https:\/\/tajkertesz.com\/\">https:\/\/tajkertesz.com\/<\/a><\/p>\n<p><a href=\"https:\/\/www.facebook.com\/tajkertesz\/\">https:\/\/www.facebook.com\/tajkertesz\/<\/a><\/p>\n<p>Kisz\u00e1ll\u00edt\u00e1s: 200cm-ig \u00a0\u00e9s 40 kg-ig a sz\u00e1ll\u00edt\u00e1s fut\u00e1rszolg\u00e1lattal \u00a0t\u00f6rt\u00e9nik!<\/p>\n<p>Szem\u00e9lyes \u00e1tv\u00e9tel nyitvatart\u00e1si id\u0151ben a 17. ker\u00fclet Bakancsos utca 7. sz\u00e1m alatti Kert\u00e9szeti \u00e1rud\u00e1ban<\/p>\n<p>&nbsp;<\/p>\n<p>Szem\u00e9lyes \u00e1tv\u00e9tel ak\u00e1r a mai napon, vagy h\u00e1zhozsz\u00e1ll\u00edt\u00e1s 1-2 napon bel\u00fcl!<\/p>\n<p>&nbsp;<\/p>\n<p>1173.Bp.Bakancsos u.7.<\/p>\n<p><a href=\"https:\/\/www.tajkertesz.com\/\">www.tajkertesz.com<\/a><\/p>\n<p>Kert\u00e9szeti kis-\u00e9s nagykeresked\u00e9s<\/p>\n<\/div>\n<\/div>\n<p>&nbsp;<\/p>\n<h4><span style=\"color: #ffffff;\"><strong>A\u00a0pasztin\u00e1k\u00a0<i>(Pastinaca sativa)<\/i>\u00a0az\u00a0<a style=\"color: #ffffff;\" title=\"Erny\u0151svir\u00e1gzat\u00faak\" href=\"https:\/\/hu.wikipedia.org\/wiki\/Erny%C5%91svir%C3%A1gzat%C3%BAak\">erny\u0151svir\u00e1gzat\u00faak<\/a>\u00a0<i>(Apiales)<\/i>\u00a0<a style=\"color: #ffffff;\" title=\"Rend (rendszertan)\" href=\"https:\/\/hu.wikipedia.org\/wiki\/Rend_(rendszertan)\">rendj\u00e9be<\/a>, ezen bel\u00fcl a\u00a0<a style=\"color: #ffffff;\" title=\"Zellerf\u00e9l\u00e9k\" href=\"https:\/\/hu.wikipedia.org\/wiki\/Zellerf%C3%A9l%C3%A9k\">zellerf\u00e9l\u00e9k<\/a>\u00a0<i>(Apiaceae)<\/i>\u00a0<a style=\"color: #ffffff;\" title=\"Csal\u00e1d (rendszertan)\" href=\"https:\/\/hu.wikipedia.org\/wiki\/Csal%C3%A1d_(rendszertan)\">csal\u00e1dj\u00e1ba<\/a>\u00a0tartoz\u00f3\u00a0<a style=\"color: #ffffff;\" title=\"Faj\" href=\"https:\/\/hu.wikipedia.org\/wiki\/Faj\">faj<\/a>, amely a\u00a0<a style=\"color: #ffffff;\" title=\"S\u00e1rgar\u00e9pa\" href=\"https:\/\/hu.wikipedia.org\/wiki\/S%C3%A1rgar%C3%A9pa\">s\u00e1rgar\u00e9p\u00e1val<\/a>\u00a0<i>(Daucus carota subsp. sativus)<\/i>\u00a0rokon \u00e9s\u00a0<a style=\"color: #ffffff;\" title=\"Eur\u00f3pa\" href=\"https:\/\/hu.wikipedia.org\/wiki\/Eur%C3%B3pa\">Eur\u00f3p\u00e1ban<\/a>\u00a0\u0151shonos\u00a0<a style=\"color: #ffffff;\" title=\"Gy\u00f6k\u00e9rz\u00f6lds\u00e9g\" href=\"https:\/\/hu.wikipedia.org\/wiki\/Gy%C3%B6k%C3%A9rz%C3%B6lds%C3%A9g\">gy\u00f6k\u00e9rz\u00f6lds\u00e9g<\/a>.<\/strong><\/span><\/h4>\n<h4><span style=\"color: #ffffff;\"><strong>Nemzets\u00e9g\u00e9nek a\u00a0<a style=\"color: #ffffff;\" title=\"T\u00edpusfaj\" href=\"https:\/\/hu.wikipedia.org\/wiki\/T%C3%ADpusfaj\">t\u00edpusfaja<\/a>.<\/strong><\/span><\/h4>\n<h4><span style=\"color: #ffffff;\"><strong>M\u00e1r az \u00f3korban ismert\u00e9k, \u00e9s csak a\u00a0<a style=\"color: #ffffff;\" title=\"Burgonya\" href=\"https:\/\/hu.wikipedia.org\/wiki\/Burgonya\">burgonya<\/a>\u00a0\u00e9rkez\u00e9se ut\u00e1n szorult vissza. N\u00e9pies nevei: feh\u00e9rr\u00e9pa, pesztern\u00e1k, pasztern\u00e1k, olaszr\u00e9pa, latin nev\u00e9b\u0151l pasztin\u00e1k, helytelen\u00fcl\u00a0<i><a style=\"color: #ffffff;\" title=\"Igazi \u00e9desgy\u00f6k\u00e9r\" href=\"https:\/\/hu.wikipedia.org\/wiki\/Igazi_%C3%A9desgy%C3%B6k%C3%A9r\">\u00e9desgy\u00f6k\u00e9rnek<\/a><\/i>\u00a0is nevezik. A gy\u00f6k\u00e9r \u00e9s a mag a\u00a0<a style=\"color: #ffffff;\" title=\"Petrezselyem\" href=\"https:\/\/hu.wikipedia.org\/wiki\/Petrezselyem\">petrezselyemhez<\/a>\u00a0hasonl\u00f3 \u00edz\u0171, csak kiss\u00e9 \u00e9desebb. A\u00a0<a style=\"color: #ffffff;\" title=\"Lev\u00e9l (botanika)\" href=\"https:\/\/hu.wikipedia.org\/wiki\/Lev%C3%A9l_(botanika)\">level\u00e9t<\/a>\u00a0nem haszn\u00e1lj\u00e1k. A\u00a0<a style=\"color: #ffffff;\" title=\"Petrezselyem\" href=\"https:\/\/hu.wikipedia.org\/wiki\/Petrezselyem\">petrezselyemn\u00e9l<\/a>\u00a0nagyobb t\u00e1p\u00e9rt\u00e9k\u0171, ez\u00e9rt ezt az \u00fajra k\u00f6zkedvelt n\u00f6v\u00e9nyt a konzervipar is haszn\u00e1lja. A 16-22\u00a0centim\u00e9ter hossz\u00fa\u00a0<a style=\"color: #ffffff;\" title=\"Gy\u00f6k\u00e9r\" href=\"https:\/\/hu.wikipedia.org\/wiki\/Gy%C3%B6k%C3%A9r\">gy\u00f6k\u00e9r<\/a>\u00a0a petrezselyemn\u00e9l gazdas\u00e1gosabb, \u00e9desk\u00e9s, sima fel\u00fclet\u0171 \u00e9s f\u0171szeres \u00edz\u0171.<\/strong><\/span><\/h4>\n<h4><span style=\"color: #ffffff;\"><strong><span id=\"El\u0151fordul\u00e1sa\" class=\"mw-headline\">El\u0151fordul\u00e1sa<\/span><\/strong><\/span><\/h4>\n<h4><span style=\"color: #ffffff;\"><strong>A pasztin\u00e1k csaknem eg\u00e9sz\u00a0<a style=\"color: #ffffff;\" title=\"Eur\u00f3pa\" href=\"https:\/\/hu.wikipedia.org\/wiki\/Eur%C3%B3pa\">Eur\u00f3p\u00e1ban<\/a>\u00a0\u00e9s a\u00a0<a style=\"color: #ffffff;\" title=\"M\u00e9rs\u00e9kelt \u00f6v\" href=\"https:\/\/hu.wikipedia.org\/wiki\/M%C3%A9rs%C3%A9kelt_%C3%B6v\">m\u00e9rs\u00e9kelt \u00f6vi<\/a>\u00a0<a style=\"color: #ffffff;\" title=\"\u00c1zsia\" href=\"https:\/\/hu.wikipedia.org\/wiki\/%C3%81zsia\">\u00c1zsi\u00e1ban<\/a>\u00a0(<a style=\"color: #ffffff;\" title=\"T\u00f6r\u00f6korsz\u00e1g\" href=\"https:\/\/hu.wikipedia.org\/wiki\/T%C3%B6r%C3%B6korsz%C3%A1g\">T\u00f6r\u00f6korsz\u00e1g<\/a>,\u00a0<a style=\"color: #ffffff;\" title=\"Kauk\u00e1zus (r\u00e9gi\u00f3)\" href=\"https:\/\/hu.wikipedia.org\/wiki\/Kauk%C3%A1zus_(r%C3%A9gi%C3%B3)\">Kauk\u00e1zus<\/a>,\u00a0<a style=\"color: #ffffff;\" title=\"Szib\u00e9ria\" href=\"https:\/\/hu.wikipedia.org\/wiki\/Szib%C3%A9ria\">Szib\u00e9ria<\/a>) igen gyakori.\u00a0<a style=\"color: #ffffff;\" title=\"\u00c9szak-Amerika\" href=\"https:\/\/hu.wikipedia.org\/wiki\/%C3%89szak-Amerika\">\u00c9szak-<\/a>,\u00a0<a style=\"color: #ffffff;\" title=\"D\u00e9l-Amerika\" href=\"https:\/\/hu.wikipedia.org\/wiki\/D%C3%A9l-Amerika\">D\u00e9l-Amerik\u00e1ban<\/a>,\u00a0<a style=\"color: #ffffff;\" title=\"Afrika\" href=\"https:\/\/hu.wikipedia.org\/wiki\/Afrika\">Afrika<\/a>\u00a0d\u00e9li r\u00e9sz\u00e9n, valamint\u00a0<a style=\"color: #ffffff;\" title=\"Ausztr\u00e1lia (kontinens)\" href=\"https:\/\/hu.wikipedia.org\/wiki\/Ausztr%C3%A1lia_(kontinens)\">Ausztr\u00e1li\u00e1ban<\/a>,\u00a0<a style=\"color: #ffffff;\" title=\"\u00daj-Z\u00e9land\" href=\"https:\/\/hu.wikipedia.org\/wiki\/%C3%9Aj-Z%C3%A9land\">\u00daj-Z\u00e9landon<\/a>\u00a0\u00e9s az \u00e1zsiai\u00a0<a style=\"color: #ffffff;\" title=\"K\u00edna\" href=\"https:\/\/hu.wikipedia.org\/wiki\/K%C3%ADna\">K\u00edn\u00e1ban<\/a>\u00a0\u00e9s\u00a0<a style=\"color: #ffffff;\" title=\"Jap\u00e1n\" href=\"https:\/\/hu.wikipedia.org\/wiki\/Jap%C3%A1n\">Jap\u00e1nban<\/a>\u00a0meghonos\u00edtott\u00e1k ezt az ehet\u0151 n\u00f6v\u00e9nyfajt.<\/strong><\/span><\/h4>\n<h4><span style=\"color: #ffffff;\"><strong><span id=\"Megjelen.C3.A9se\"><\/span><span id=\"Megjelen\u00e9se\" class=\"mw-headline\">Megjelen\u00e9se<\/span><\/strong><\/span><\/h4>\n<h4><span style=\"color: #ffffff;\"><strong>A pasztin\u00e1k\u00a0<a style=\"color: #ffffff;\" title=\"K\u00e9t\u00e9ves n\u00f6v\u00e9ny\" href=\"https:\/\/hu.wikipedia.org\/wiki\/K%C3%A9t%C3%A9ves_n%C3%B6v%C3%A9ny\">k\u00e9t\u00e9ves<\/a>, \u00e9lesen bar\u00e1zd\u00e1lt \u00e9s sz\u0151r\u00f6s\u00a0<a style=\"color: #ffffff;\" title=\"Sz\u00e1r (botanika)\" href=\"https:\/\/hu.wikipedia.org\/wiki\/Sz%C3%A1r_(botanika)\">sz\u00e1r\u00fa<\/a>, 30-100\u00a0centim\u00e9ter magas n\u00f6v\u00e9ny. Sz\u00e1ra fel\u00e1ll\u00f3, \u00e9s fels\u0151 r\u00e9sz\u00e9n el\u00e1gazik. Levelei egyszer, ritk\u00e1n k\u00e9tszer sz\u00e1rnyaltak, 3-7\u00a0p\u00e1r lev\u00e9lk\u00e9i, melyek mintegy 5\u00a0centim\u00e9ter hossz\u00faak, t\u00f6bb\u00e9-kev\u00e9sb\u00e9 \u00fcl\u0151k, toj\u00e1sdad vagy l\u00e1ndzs\u00e1s alak\u00faak, gyakran kar\u00e9josak vagy hasogatottak. Az erny\u0151vir\u00e1gzat 5-15\u00a0sugar\u00fa, mintegy 10\u00a0centim\u00e9ter sz\u00e9les, a\u00a0<a style=\"color: #ffffff;\" title=\"Vir\u00e1g (botanika)\" href=\"https:\/\/hu.wikipedia.org\/wiki\/Vir%C3%A1g_(botanika)\">vir\u00e1gok<\/a>\u00a0\u00e9l\u00e9nks\u00e1rg\u00e1k, a gall\u00e9r- \u00e9s gall\u00e9rkalevelek hi\u00e1nyoznak. Az eg\u00e9sz n\u00f6v\u00e9ny er\u0151sen s\u00e1rgar\u00e9pa-illat\u00fa, amit k\u00fcl\u00f6n\u00f6sen akkor \u00e9rz\u00fcnk, ha a leveleket megd\u00f6rzs\u00f6lj\u00fck. A lev\u00e9l \u00e9rint\u00e9se azonban b\u0151rgyullad\u00e1st okozhat.<sup id=\"cite_ref-1\" class=\"reference\"><a style=\"color: #ffffff;\" href=\"https:\/\/hu.wikipedia.org\/wiki\/Pasztin%C3%A1k#cite_note-1\">[1]<\/a><\/sup><\/strong><\/span><\/h4>\n<h4><span style=\"color: #ffffff;\"><strong><span id=\"Gy.C3.B3gyhat.C3.A1sa\"><\/span><span id=\"Gy\u00f3gyhat\u00e1sa\" class=\"mw-headline\">Gy\u00f3gyhat\u00e1sa<\/span><\/strong><\/span><\/h4>\n<h4><span style=\"color: #ffffff;\"><strong>Hat\u00f3anyagai hasonl\u00f3ak a petrezselyem\u00e9hez, gy\u00f6ker\u00e9nek f\u0151zete vizelethajt\u00f3, g\u00f6rcsold\u00f3, vese- \u00e9s epek\u0151, illetve gyomorbajok eset\u00e9n j\u00f3 hat\u00e1s\u00fa.<\/strong><\/span><\/h4>\n","protected":false},"excerpt":{"rendered":"<h1 class=\"pix30 fw500\">R\u00e9dei Kertimag K\u00f6r\u00f6mvir\u00e1g vet\u0151mag 1g<\/h1>\n<p><b>D\u00cdSZ- \u00c9S GY\u00d3GYN\u00d6V\u00c9NY<\/b>\u00a040-70 cm magas, egy\u00e9ves, l\u00e1gysz\u00e1r\u00fa n\u00f6v\u00e9ny. J\u00fanius elej\u00e9t\u0151l a fagyokig folyamatosan vir\u00e1gzik.<br \/>\n<b>Felhaszn\u00e1l\u00e1s: f\u0171szerk\u00e9nt az \u00e9teleknek s\u00e1rg\u00e1s sz\u00ednt \u00e9s enyh\u00e9n cs\u00edp\u0151s \u00edzt ad. Vir\u00e1gszirmait haszn\u00e1lhatjuk rizs, hal \u00e9s h\u00fasleves \u00edzes\u00edt\u00e9s\u00e9hez. Te\u00e1ja kiv\u00e1l\u00f3an alkalmazhat\u00f3 epeh\u00f3lyag-gyullad\u00e1s ellen, gyomor- \u00e9s h\u00f3lyaghurut kezel\u00e9s\u00e9re, de j\u00f3 g\u00f6rcsold\u00f3 \u00e9s fert\u0151tlen\u00edt\u0151szer is.<\/b><\/p>","protected":false},"featured_media":14868,"template":"","meta":{"_et_pb_use_builder":"","_et_pb_old_content":"","_et_gb_content_width":""},"product_brand":[],"product_cat":[4140,2882],"product_tag":[2841],"class_list":{"0":"post-9774","1":"product","2":"type-product","3":"status-publish","4":"has-post-thumbnail","6":"product_cat-fuszernoveny-vetomagok","7":"product_cat-virag-vetomagok","8":"product_tag-redei-kertimag-koromvirag-vetomag-1g","10":"first","11":"instock","12":"shipping-taxable","13":"purchasable","14":"product-type-simple"},"yoast_head":"<!-- This site is optimized with the Yoast SEO plugin v27.4 - https:\/\/yoast.com\/product\/yoast-seo-wordpress\/ -->\n<title>K\u00f6r\u00f6mvir\u00e1g vet\u0151mag 1g - T\u00e1jkert\u00e9sz<\/title>\n<meta name=\"description\" content=\"R\u00e9dei Kertimag K\u00f6r\u00f6mvir\u00e1g vet\u0151mag 1g. V\u00e1s\u00e1roljon vet\u0151magokat kert\u00e9szeti web\u00e1ruh\u00e1zunkb\u00f3l h\u00e1zhozsz\u00e1ll\u00edt\u00e1ssal, vagy szem\u00e9lyesen kert\u00e9szet\u00fcnkb\u0151l.\" \/>\n<meta name=\"robots\" content=\"index, follow, max-snippet:-1, max-image-preview:large, max-video-preview:-1\" \/>\n<link rel=\"canonical\" href=\"https:\/\/tajkertesz.com\/en_US\/product\/redei-kertimag-koromvirag-vetomag-1g\/\" \/>\n<meta property=\"og:locale\" content=\"en_US\" \/>\n<meta property=\"og:type\" content=\"article\" \/>\n<meta property=\"og:title\" content=\"K\u00f6r\u00f6mvir\u00e1g vet\u0151mag 1g - T\u00e1jkert\u00e9sz\" \/>\n<meta property=\"og:description\" content=\"R\u00e9dei Kertimag K\u00f6r\u00f6mvir\u00e1g vet\u0151mag 1g. V\u00e1s\u00e1roljon vet\u0151magokat kert\u00e9szeti web\u00e1ruh\u00e1zunkb\u00f3l h\u00e1zhozsz\u00e1ll\u00edt\u00e1ssal, vagy szem\u00e9lyesen kert\u00e9szet\u00fcnkb\u0151l.\" \/>\n<meta property=\"og:url\" content=\"https:\/\/tajkertesz.com\/en_US\/product\/redei-kertimag-koromvirag-vetomag-1g\/\" \/>\n<meta property=\"og:site_name\" content=\"T\u00e1jkert\u00e9sz\" \/>\n<meta property=\"article:publisher\" content=\"https:\/\/www.facebook.com\/Tajkertesz\/\" \/>\n<meta property=\"article:modified_time\" content=\"2026-02-18T15:41:27+00:00\" \/>\n<meta property=\"og:image\" content=\"https:\/\/tajkertesz.com\/wp-content\/uploads\/2023\/01\/20230118_144115-scaled.jpg\" \/>\n\t<meta property=\"og:image:width\" content=\"1398\" \/>\n\t<meta property=\"og:image:height\" content=\"2560\" \/>\n\t<meta property=\"og:image:type\" content=\"image\/jpeg\" \/>\n<meta name=\"twitter:card\" content=\"summary_large_image\" \/>\n<meta name=\"twitter:label1\" content=\"Est. reading time\" \/>\n\t<meta name=\"twitter:data1\" content=\"4 minutes\" \/>\n<script type=\"application\/ld+json\" class=\"yoast-schema-graph\">{\"@context\":\"https:\\\/\\\/schema.org\",\"@graph\":[{\"@type\":\"WebPage\",\"@id\":\"https:\\\/\\\/tajkertesz.com\\\/termek\\\/redei-kertimag-koromvirag-vetomag-1g\\\/\",\"url\":\"https:\\\/\\\/tajkertesz.com\\\/termek\\\/redei-kertimag-koromvirag-vetomag-1g\\\/\",\"name\":\"K\u00f6r\u00f6mvir\u00e1g vet\u0151mag 1g - T\u00e1jkert\u00e9sz\",\"isPartOf\":{\"@id\":\"https:\\\/\\\/tajkertesz.com\\\/#website\"},\"primaryImageOfPage\":{\"@id\":\"https:\\\/\\\/tajkertesz.com\\\/termek\\\/redei-kertimag-koromvirag-vetomag-1g\\\/#primaryimage\"},\"image\":{\"@id\":\"https:\\\/\\\/tajkertesz.com\\\/termek\\\/redei-kertimag-koromvirag-vetomag-1g\\\/#primaryimage\"},\"thumbnailUrl\":\"https:\\\/\\\/tajkertesz.com\\\/wp-content\\\/uploads\\\/2023\\\/01\\\/20230118_144115-scaled.jpg\",\"datePublished\":\"2021-10-04T09:27:13+00:00\",\"dateModified\":\"2026-02-18T15:41:27+00:00\",\"description\":\"R\u00e9dei Kertimag K\u00f6r\u00f6mvir\u00e1g vet\u0151mag 1g. V\u00e1s\u00e1roljon vet\u0151magokat kert\u00e9szeti web\u00e1ruh\u00e1zunkb\u00f3l h\u00e1zhozsz\u00e1ll\u00edt\u00e1ssal, vagy szem\u00e9lyesen kert\u00e9szet\u00fcnkb\u0151l.\",\"breadcrumb\":{\"@id\":\"https:\\\/\\\/tajkertesz.com\\\/termek\\\/redei-kertimag-koromvirag-vetomag-1g\\\/#breadcrumb\"},\"inLanguage\":\"en-US\",\"potentialAction\":[{\"@type\":\"ReadAction\",\"target\":[\"https:\\\/\\\/tajkertesz.com\\\/termek\\\/redei-kertimag-koromvirag-vetomag-1g\\\/\"]}]},{\"@type\":\"ImageObject\",\"inLanguage\":\"en-US\",\"@id\":\"https:\\\/\\\/tajkertesz.com\\\/termek\\\/redei-kertimag-koromvirag-vetomag-1g\\\/#primaryimage\",\"url\":\"https:\\\/\\\/tajkertesz.com\\\/wp-content\\\/uploads\\\/2023\\\/01\\\/20230118_144115-scaled.jpg\",\"contentUrl\":\"https:\\\/\\\/tajkertesz.com\\\/wp-content\\\/uploads\\\/2023\\\/01\\\/20230118_144115-scaled.jpg\",\"width\":1398,\"height\":2560},{\"@type\":\"BreadcrumbList\",\"@id\":\"https:\\\/\\\/tajkertesz.com\\\/termek\\\/redei-kertimag-koromvirag-vetomag-1g\\\/#breadcrumb\",\"itemListElement\":[{\"@type\":\"ListItem\",\"position\":1,\"name\":\"Home\",\"item\":\"https:\\\/\\\/tajkertesz.com\\\/\"},{\"@type\":\"ListItem\",\"position\":2,\"name\":\"Kezd\u0151lap\",\"item\":\"https:\\\/\\\/tajkertesz.com\\\/\"},{\"@type\":\"ListItem\",\"position\":3,\"name\":\"K\u00f6r\u00f6mvir\u00e1g vet\u0151mag 1g\"}]},{\"@type\":\"WebSite\",\"@id\":\"https:\\\/\\\/tajkertesz.com\\\/#website\",\"url\":\"https:\\\/\\\/tajkertesz.com\\\/\",\"name\":\"T\u00e1j-Kert\u00e9sz 84 Kft.\",\"description\":\"Kert\u00e9szeti kis- \u00e9s nagykeresked\u00e9s, D\u00edszn\u00f6v\u00e9ny web\u00e1ruh\u00e1z orsz\u00e1gos h\u00e1zhozsz\u00e1ll\u00edt\u00e1ssal!\",\"publisher\":{\"@id\":\"https:\\\/\\\/tajkertesz.com\\\/#organization\"},\"potentialAction\":[{\"@type\":\"SearchAction\",\"target\":{\"@type\":\"EntryPoint\",\"urlTemplate\":\"https:\\\/\\\/tajkertesz.com\\\/?s={search_term_string}\"},\"query-input\":{\"@type\":\"PropertyValueSpecification\",\"valueRequired\":true,\"valueName\":\"search_term_string\"}}],\"inLanguage\":\"en-US\"},{\"@type\":\"Organization\",\"@id\":\"https:\\\/\\\/tajkertesz.com\\\/#organization\",\"name\":\"T\u00e1j-Kert\u00e9sz 84 Kft.\",\"url\":\"https:\\\/\\\/tajkertesz.com\\\/\",\"logo\":{\"@type\":\"ImageObject\",\"inLanguage\":\"en-US\",\"@id\":\"https:\\\/\\\/tajkertesz.com\\\/#\\\/schema\\\/logo\\\/image\\\/\",\"url\":\"https:\\\/\\\/tajkertesz.com\\\/wp-content\\\/uploads\\\/2018\\\/02\\\/logo-2-e1518678052539.png\",\"contentUrl\":\"https:\\\/\\\/tajkertesz.com\\\/wp-content\\\/uploads\\\/2018\\\/02\\\/logo-2-e1518678052539.png\",\"width\":81,\"height\":140,\"caption\":\"T\u00e1j-Kert\u00e9sz 84 Kft.\"},\"image\":{\"@id\":\"https:\\\/\\\/tajkertesz.com\\\/#\\\/schema\\\/logo\\\/image\\\/\"},\"sameAs\":[\"https:\\\/\\\/www.facebook.com\\\/Tajkertesz\\\/\"]}]}<\/script>\n<!-- \/ Yoast SEO plugin. -->","yoast_head_json":{"title":"K\u00f6r\u00f6mvir\u00e1g vet\u0151mag 1g - T\u00e1jkert\u00e9sz","description":"R\u00e9dei Kertimag K\u00f6r\u00f6mvir\u00e1g vet\u0151mag 1g. V\u00e1s\u00e1roljon vet\u0151magokat kert\u00e9szeti web\u00e1ruh\u00e1zunkb\u00f3l h\u00e1zhozsz\u00e1ll\u00edt\u00e1ssal, vagy szem\u00e9lyesen kert\u00e9szet\u00fcnkb\u0151l.","robots":{"index":"index","follow":"follow","max-snippet":"max-snippet:-1","max-image-preview":"max-image-preview:large","max-video-preview":"max-video-preview:-1"},"canonical":"https:\/\/tajkertesz.com\/en_US\/product\/redei-kertimag-koromvirag-vetomag-1g\/","og_locale":"en_US","og_type":"article","og_title":"K\u00f6r\u00f6mvir\u00e1g vet\u0151mag 1g - T\u00e1jkert\u00e9sz","og_description":"R\u00e9dei Kertimag K\u00f6r\u00f6mvir\u00e1g vet\u0151mag 1g. V\u00e1s\u00e1roljon vet\u0151magokat kert\u00e9szeti web\u00e1ruh\u00e1zunkb\u00f3l h\u00e1zhozsz\u00e1ll\u00edt\u00e1ssal, vagy szem\u00e9lyesen kert\u00e9szet\u00fcnkb\u0151l.","og_url":"https:\/\/tajkertesz.com\/en_US\/product\/redei-kertimag-koromvirag-vetomag-1g\/","og_site_name":"T\u00e1jkert\u00e9sz","article_publisher":"https:\/\/www.facebook.com\/Tajkertesz\/","article_modified_time":"2026-02-18T15:41:27+00:00","og_image":[{"width":1398,"height":2560,"url":"https:\/\/tajkertesz.com\/wp-content\/uploads\/2023\/01\/20230118_144115-scaled.jpg","type":"image\/jpeg"}],"twitter_card":"summary_large_image","twitter_misc":{"Est. reading time":"4 minutes"},"schema":{"@context":"https:\/\/schema.org","@graph":[{"@type":"WebPage","@id":"https:\/\/tajkertesz.com\/termek\/redei-kertimag-koromvirag-vetomag-1g\/","url":"https:\/\/tajkertesz.com\/termek\/redei-kertimag-koromvirag-vetomag-1g\/","name":"K\u00f6r\u00f6mvir\u00e1g vet\u0151mag 1g - T\u00e1jkert\u00e9sz","isPartOf":{"@id":"https:\/\/tajkertesz.com\/#website"},"primaryImageOfPage":{"@id":"https:\/\/tajkertesz.com\/termek\/redei-kertimag-koromvirag-vetomag-1g\/#primaryimage"},"image":{"@id":"https:\/\/tajkertesz.com\/termek\/redei-kertimag-koromvirag-vetomag-1g\/#primaryimage"},"thumbnailUrl":"https:\/\/tajkertesz.com\/wp-content\/uploads\/2023\/01\/20230118_144115-scaled.jpg","datePublished":"2021-10-04T09:27:13+00:00","dateModified":"2026-02-18T15:41:27+00:00","description":"R\u00e9dei Kertimag K\u00f6r\u00f6mvir\u00e1g vet\u0151mag 1g. V\u00e1s\u00e1roljon vet\u0151magokat kert\u00e9szeti web\u00e1ruh\u00e1zunkb\u00f3l h\u00e1zhozsz\u00e1ll\u00edt\u00e1ssal, vagy szem\u00e9lyesen kert\u00e9szet\u00fcnkb\u0151l.","breadcrumb":{"@id":"https:\/\/tajkertesz.com\/termek\/redei-kertimag-koromvirag-vetomag-1g\/#breadcrumb"},"inLanguage":"en-US","potentialAction":[{"@type":"ReadAction","target":["https:\/\/tajkertesz.com\/termek\/redei-kertimag-koromvirag-vetomag-1g\/"]}]},{"@type":"ImageObject","inLanguage":"en-US","@id":"https:\/\/tajkertesz.com\/termek\/redei-kertimag-koromvirag-vetomag-1g\/#primaryimage","url":"https:\/\/tajkertesz.com\/wp-content\/uploads\/2023\/01\/20230118_144115-scaled.jpg","contentUrl":"https:\/\/tajkertesz.com\/wp-content\/uploads\/2023\/01\/20230118_144115-scaled.jpg","width":1398,"height":2560},{"@type":"BreadcrumbList","@id":"https:\/\/tajkertesz.com\/termek\/redei-kertimag-koromvirag-vetomag-1g\/#breadcrumb","itemListElement":[{"@type":"ListItem","position":1,"name":"Home","item":"https:\/\/tajkertesz.com\/"},{"@type":"ListItem","position":2,"name":"Kezd\u0151lap","item":"https:\/\/tajkertesz.com\/"},{"@type":"ListItem","position":3,"name":"K\u00f6r\u00f6mvir\u00e1g vet\u0151mag 1g"}]},{"@type":"WebSite","@id":"https:\/\/tajkertesz.com\/#website","url":"https:\/\/tajkertesz.com\/","name":"T\u00e1j-Kert\u00e9sz 84 Kft.","description":"Kert\u00e9szeti kis- \u00e9s nagykeresked\u00e9s, D\u00edszn\u00f6v\u00e9ny web\u00e1ruh\u00e1z orsz\u00e1gos h\u00e1zhozsz\u00e1ll\u00edt\u00e1ssal!","publisher":{"@id":"https:\/\/tajkertesz.com\/#organization"},"potentialAction":[{"@type":"SearchAction","target":{"@type":"EntryPoint","urlTemplate":"https:\/\/tajkertesz.com\/?s={search_term_string}"},"query-input":{"@type":"PropertyValueSpecification","valueRequired":true,"valueName":"search_term_string"}}],"inLanguage":"en-US"},{"@type":"Organization","@id":"https:\/\/tajkertesz.com\/#organization","name":"T\u00e1j-Kert\u00e9sz 84 Kft.","url":"https:\/\/tajkertesz.com\/","logo":{"@type":"ImageObject","inLanguage":"en-US","@id":"https:\/\/tajkertesz.com\/#\/schema\/logo\/image\/","url":"https:\/\/tajkertesz.com\/wp-content\/uploads\/2018\/02\/logo-2-e1518678052539.png","contentUrl":"https:\/\/tajkertesz.com\/wp-content\/uploads\/2018\/02\/logo-2-e1518678052539.png","width":81,"height":140,"caption":"T\u00e1j-Kert\u00e9sz 84 Kft."},"image":{"@id":"https:\/\/tajkertesz.com\/#\/schema\/logo\/image\/"},"sameAs":["https:\/\/www.facebook.com\/Tajkertesz\/"]}]}},"_links":{"self":[{"href":"https:\/\/tajkertesz.com\/en_US\/wp-json\/wp\/v2\/product\/9774","targetHints":{"allow":["GET"]}}],"collection":[{"href":"https:\/\/tajkertesz.com\/en_US\/wp-json\/wp\/v2\/product"}],"about":[{"href":"https:\/\/tajkertesz.com\/en_US\/wp-json\/wp\/v2\/types\/product"}],"wp:featuredmedia":[{"embeddable":true,"href":"https:\/\/tajkertesz.com\/en_US\/wp-json\/wp\/v2\/media\/14868"}],"wp:attachment":[{"href":"https:\/\/tajkertesz.com\/en_US\/wp-json\/wp\/v2\/media?parent=9774"}],"wp:term":[{"taxonomy":"product_brand","embeddable":true,"href":"https:\/\/tajkertesz.com\/en_US\/wp-json\/wp\/v2\/product_brand?post=9774"},{"taxonomy":"product_cat","embeddable":true,"href":"https:\/\/tajkertesz.com\/en_US\/wp-json\/wp\/v2\/product_cat?post=9774"},{"taxonomy":"product_tag","embeddable":true,"href":"https:\/\/tajkertesz.com\/en_US\/wp-json\/wp\/v2\/product_tag?post=9774"}],"curies":[{"name":"wp","href":"https:\/\/api.w.org\/{rel}","templated":true}]}}