{"id":9779,"date":"2021-10-04T09:34:17","date_gmt":"2021-10-04T09:34:17","guid":{"rendered":"https:\/\/tajkertesz.com\/?post_type=product&#038;p=9779"},"modified":"2026-02-18T15:41:13","modified_gmt":"2026-02-18T15:41:13","slug":"matador-spenot-vetomag-3-g","status":"publish","type":"product","link":"https:\/\/tajkertesz.com\/en_US\/product\/matador-spenot-vetomag-3-g\/","title":{"rendered":"Spen\u00f3t Matador vet\u0151mag, 3 g"},"content":{"rendered":"<div>\n<h1 class=\"pix30 fw500\">Matador spen\u00f3t vet\u0151mag, 3 g<\/h1>\n<\/div>\n<div>\n<p class=\"pix30 fw500\">Matador spen\u00f3t vet\u0151mag, 3 g \u0150szi-tavaszi vet\u00e9sre. \u00c1ttelel\u0151, a hideget j\u00f3l t\u0171ri, k\u00e9s\u0151n hoz magsz\u00e1rat. K\u00f6zepesen h\u00f3lyagos, ov\u00e1lis, nagy level\u0171 fajta, gyors n\u00f6veked\u00e9s\u0171. Sz\u00edn\u00fck k\u00f6z\u00e9pz\u00f6ld, kiss\u00e9 hull\u00e1mosak, vastagok. Lev\u00e9lnyele k\u00f6z\u00e9phossz\u00fa. A legt\u00f6bb term\u00e9st akkor adja, ha szeptember k\u00f6zep\u00e9ig elvetj\u00fck, \u00edgy \u0151sszel \u00e9s tavasszal is szedhet\u0151.<\/p>\n<p>Vet\u00e9s: II-IV., VIII-IX. h\u00f3, 30-40 x 8-10 cm t\u00e1vols\u00e1gra.<\/p>\n<p>Vet\u00e9sm\u00e9lys\u00e9g: 2 cm.<\/p>\n<p>Optim\u00e1lis cs\u00edr\u00e1z\u00e1si h\u0151m\u00e9rs\u00e9klet: +5 \u00b0C.<\/p>\n<p>Szed\u00e9s: IV-VI., IX-X. h\u00f3.<\/p>\n<p>A spen\u00f3t vil\u00e1gos,\u00a0 napos vagy f\u00e9l\u00e1rny\u00e9kos helyen fejl\u0151dik a legszebben. J\u00f3l megmunk\u00e1lt, k\u00f6z\u00e9pk\u00f6t\u00f6tt, t\u00e1panyagban gazdag j\u00f3 v\u00edz\u00e1tereszt\u0151 talajt kedvel.\u00a0 A sz\u00e9ls\u0151s\u00e9ges, t\u00fals\u00e1gosan savany\u00fa vagy l\u00fagos talajokat nem szereti.<\/p>\n<p>a megfelel\u0151 fejl\u0151d\u00e9s\u00e9hez\u00a0 f\u0151k\u00e9nt k\u00e1liumra \u00e9s nitrog\u00e9nre van sz\u00fcks\u00e9ge, ezt tartsuk szem el\u0151tt a tr\u00e1gy\u00e1z\u00e1s sor\u00e1n, c\u00e9lszer\u0171 el\u0151z\u0151 \u00e9vben tr\u00e1gy\u00e1zott talajban termeszteni. Sz\u00e1raz id\u0151j\u00e1r\u00e1s eset\u00e9n \u00e9rdemes id\u0151nk\u00e9nt meg\u00f6nt\u00f6zni.<\/p>\n<p>A spen\u00f3tot \u00e1lland\u00f3 hely\u00e9re vetj\u00fck. A tavaszi vet\u00e9s ideje febru\u00e1r v\u00e9g\u00e9t\u0151l \u00e1prilis v\u00e9g\u00e9ig tart, c\u00e9lszer\u0171 szakaszosan vetn\u00fcnk, \u00edgy sok\u00e1ig \u00e9lvezhetj\u00fck a friss spen\u00f3tot.<\/p>\n<p>A ny\u00e1ri vet\u00e9s\u0171 fajt\u00e1k j\u00falius v\u00e9g\u00e9t\u0151l, augusztus v\u00e9g\u00e9ig vethet\u0151k, \u0151sszel fogyaszthat\u00f3k. Az \u0151szi vet\u00e9s\u0171, \u00e1ttelel\u00e9sre vetett spen\u00f3t vet\u00e9si ideje szeptemberben van, ezt kora tavasszal szedhetj\u00fck.<\/p>\n<p>A vet\u00e9s nagyon egyszer\u0171. Els\u0151 l\u00e9p\u00e9sk\u00e9nt alak\u00edtsunk ki sorokat egym\u00e1st\u00f3l 20 cm-es sort\u00e1vols\u00e1gra, a magokat pedig 2-3 cm m\u00e9lyre vess\u00fck el. A vet\u00e9s gondoz\u00e1sa a kap\u00e1l\u00e1sb\u00f3l \u00e9s gyoml\u00e1l\u00e1sb\u00f3l \u00e1ll. Ha tart\u00f3s a sz\u00e1razs\u00e1g, id\u0151nk\u00e9nt \u00f6nt\u00f6zz\u00fck meg. A spen\u00f3t, ide\u00e1lis k\u00f6r\u00fclm\u00e9nyek mellett, nagyj\u00e1b\u00f3l 6-7 h\u00e9t eltelt\u00e9vel szedhet\u0151.<\/p>\n<p>A betakar\u00edtott spen\u00f3tot fogyaszthatjuk frissen, de b\u00e1tran le is fagyaszthatjuk k\u00e9s\u0151bbi felhaszn\u00e1l\u00e1sra. A tavasszal vetett \u00e9s azt k\u00f6vet\u0151en betakar\u00edtott spen\u00f3t hely\u00e9re paradicsomot, paprik\u00e1t is \u00fcltethet\u00fcnk, vagy r\u00f6vid teny\u00e9szidej\u0171 z\u00f6lds\u00e9gek magj\u00e1t vethetj\u00fck el.<\/p>\n<p>Ehhez t\u00e1vol\u00edtsuk el felmagzott spen\u00f3t t\u00f6veket \u00e9s komposzt\u00e1ljuk \u0151ket. Az \u00e1gy\u00e1st tiszt\u00edtsuk meg, jav\u00edtsuk fel pl. komposztf\u00f6lddel \u00e9s m\u0171tr\u00e1gy\u00e1val. Ebbe a j\u00f3l elmunk\u00e1lt talajba ker\u00fclhetnek a pal\u00e1nt\u00e1k vagy a vet\u00e9s.<\/p>\n<\/div>\n<p>&nbsp;<\/p>\n<p style=\"line-height: 18.0pt; background: white; margin: 0cm 0cm 15.0pt 0cm;\"><span style=\"font-family: 'Ubuntu',serif; color: black;\">El\u00e9rhet\u0151 t\u00f6bbf\u00e9le m\u00e9retben \u00e9s \u00e1rban.<\/span><\/p>\n<p style=\"line-height: 18.0pt; background: white; margin: 0cm 0cm 15.0pt 0cm;\"><b><span style=\"font-family: 'Ubuntu',serif; color: black;\">K\u00e9szlet\u00fcnk napi szinten v\u00e1ltozik, ez\u00e9rt k\u00e9rj\u00fck, \u00e9rdekl\u0151dj\u00f6n szem\u00e9lyesen, telefonon vagy email-en.<br \/>\nA v\u00e1ltoztat\u00e1s jog\u00e1t fenntartjuk!\u00a0<\/span><\/b><\/p>\n<p><a href=\"https:\/\/tajkertesz.com\/\">https:\/\/tajkertesz.com\/<\/a><\/p>\n<p><a href=\"https:\/\/www.facebook.com\/tajkertesz\">https:\/\/www.facebook.com\/tajkertesz<\/a><\/p>\n<h4><\/h4>","protected":false},"excerpt":{"rendered":"<h1 class=\"pix30 fw500\">Matador spen\u00f3t vet\u0151mag, 3 g<\/h1>","protected":false},"featured_media":14760,"template":"","meta":{"_et_pb_use_builder":"","_et_pb_old_content":"","_et_gb_content_width":""},"product_brand":[],"product_cat":[2881],"product_tag":[2844],"class_list":{"0":"post-9779","1":"product","2":"type-product","3":"status-publish","4":"has-post-thumbnail","6":"product_cat-zoldsegnoveny-vetomagok","7":"product_tag-matador-spenot-vetomag","9":"first","10":"instock","11":"shipping-taxable","12":"purchasable","13":"product-type-simple"},"yoast_head":"<!-- This site is optimized with the Yoast SEO plugin v27.5 - https:\/\/yoast.com\/product\/yoast-seo-wordpress\/ -->\n<title>Spen\u00f3t Matador vet\u0151mag, 3 g - T\u00e1jkert\u00e9sz<\/title>\n<meta name=\"description\" content=\"Matador spen\u00f3t vet\u0151mag, 3 g\" \/>\n<meta name=\"robots\" content=\"index, follow, max-snippet:-1, max-image-preview:large, max-video-preview:-1\" \/>\n<link rel=\"canonical\" href=\"https:\/\/tajkertesz.com\/en_US\/product\/matador-spenot-vetomag-3-g\/\" \/>\n<meta property=\"og:locale\" content=\"en_US\" \/>\n<meta property=\"og:type\" content=\"article\" \/>\n<meta property=\"og:title\" content=\"Spen\u00f3t Matador vet\u0151mag, 3 g - T\u00e1jkert\u00e9sz\" \/>\n<meta property=\"og:description\" content=\"Matador spen\u00f3t vet\u0151mag, 3 g\" \/>\n<meta property=\"og:url\" content=\"https:\/\/tajkertesz.com\/en_US\/product\/matador-spenot-vetomag-3-g\/\" \/>\n<meta property=\"og:site_name\" content=\"T\u00e1jkert\u00e9sz\" \/>\n<meta property=\"article:publisher\" content=\"https:\/\/www.facebook.com\/Tajkertesz\/\" \/>\n<meta property=\"article:modified_time\" content=\"2026-02-18T15:41:13+00:00\" \/>\n<meta property=\"og:image\" content=\"https:\/\/tajkertesz.com\/wp-content\/uploads\/2021\/10\/20230116_153244-1-scaled.jpg\" \/>\n\t<meta property=\"og:image:width\" content=\"1401\" \/>\n\t<meta property=\"og:image:height\" content=\"2560\" \/>\n\t<meta property=\"og:image:type\" content=\"image\/jpeg\" \/>\n<meta name=\"twitter:card\" content=\"summary_large_image\" \/>\n<meta name=\"twitter:label1\" content=\"Est. reading time\" \/>\n\t<meta name=\"twitter:data1\" content=\"2 minutes\" \/>\n<script type=\"application\/ld+json\" class=\"yoast-schema-graph\">{\"@context\":\"https:\\\/\\\/schema.org\",\"@graph\":[{\"@type\":\"WebPage\",\"@id\":\"https:\\\/\\\/tajkertesz.com\\\/termek\\\/matador-spenot-vetomag-3-g\\\/\",\"url\":\"https:\\\/\\\/tajkertesz.com\\\/termek\\\/matador-spenot-vetomag-3-g\\\/\",\"name\":\"Spen\u00f3t Matador vet\u0151mag, 3 g - T\u00e1jkert\u00e9sz\",\"isPartOf\":{\"@id\":\"https:\\\/\\\/tajkertesz.com\\\/#website\"},\"primaryImageOfPage\":{\"@id\":\"https:\\\/\\\/tajkertesz.com\\\/termek\\\/matador-spenot-vetomag-3-g\\\/#primaryimage\"},\"image\":{\"@id\":\"https:\\\/\\\/tajkertesz.com\\\/termek\\\/matador-spenot-vetomag-3-g\\\/#primaryimage\"},\"thumbnailUrl\":\"https:\\\/\\\/tajkertesz.com\\\/wp-content\\\/uploads\\\/2021\\\/10\\\/20230116_153244-1-scaled.jpg\",\"datePublished\":\"2021-10-04T09:34:17+00:00\",\"dateModified\":\"2026-02-18T15:41:13+00:00\",\"description\":\"Matador spen\u00f3t vet\u0151mag, 3 g\",\"breadcrumb\":{\"@id\":\"https:\\\/\\\/tajkertesz.com\\\/termek\\\/matador-spenot-vetomag-3-g\\\/#breadcrumb\"},\"inLanguage\":\"en-US\",\"potentialAction\":[{\"@type\":\"ReadAction\",\"target\":[\"https:\\\/\\\/tajkertesz.com\\\/termek\\\/matador-spenot-vetomag-3-g\\\/\"]}]},{\"@type\":\"ImageObject\",\"inLanguage\":\"en-US\",\"@id\":\"https:\\\/\\\/tajkertesz.com\\\/termek\\\/matador-spenot-vetomag-3-g\\\/#primaryimage\",\"url\":\"https:\\\/\\\/tajkertesz.com\\\/wp-content\\\/uploads\\\/2021\\\/10\\\/20230116_153244-1-scaled.jpg\",\"contentUrl\":\"https:\\\/\\\/tajkertesz.com\\\/wp-content\\\/uploads\\\/2021\\\/10\\\/20230116_153244-1-scaled.jpg\",\"width\":1401,\"height\":2560},{\"@type\":\"BreadcrumbList\",\"@id\":\"https:\\\/\\\/tajkertesz.com\\\/termek\\\/matador-spenot-vetomag-3-g\\\/#breadcrumb\",\"itemListElement\":[{\"@type\":\"ListItem\",\"position\":1,\"name\":\"Home\",\"item\":\"https:\\\/\\\/tajkertesz.com\\\/\"},{\"@type\":\"ListItem\",\"position\":2,\"name\":\"Kezd\u0151lap\",\"item\":\"https:\\\/\\\/tajkertesz.com\\\/\"},{\"@type\":\"ListItem\",\"position\":3,\"name\":\"Spen\u00f3t Matador vet\u0151mag, 3 g\"}]},{\"@type\":\"WebSite\",\"@id\":\"https:\\\/\\\/tajkertesz.com\\\/#website\",\"url\":\"https:\\\/\\\/tajkertesz.com\\\/\",\"name\":\"T\u00e1j-Kert\u00e9sz 84 Kft.\",\"description\":\"Kert\u00e9szeti kis- \u00e9s nagykeresked\u00e9s, D\u00edszn\u00f6v\u00e9ny web\u00e1ruh\u00e1z orsz\u00e1gos h\u00e1zhozsz\u00e1ll\u00edt\u00e1ssal!\",\"publisher\":{\"@id\":\"https:\\\/\\\/tajkertesz.com\\\/#organization\"},\"potentialAction\":[{\"@type\":\"SearchAction\",\"target\":{\"@type\":\"EntryPoint\",\"urlTemplate\":\"https:\\\/\\\/tajkertesz.com\\\/?s={search_term_string}\"},\"query-input\":{\"@type\":\"PropertyValueSpecification\",\"valueRequired\":true,\"valueName\":\"search_term_string\"}}],\"inLanguage\":\"en-US\"},{\"@type\":\"Organization\",\"@id\":\"https:\\\/\\\/tajkertesz.com\\\/#organization\",\"name\":\"T\u00e1j-Kert\u00e9sz 84 Kft.\",\"url\":\"https:\\\/\\\/tajkertesz.com\\\/\",\"logo\":{\"@type\":\"ImageObject\",\"inLanguage\":\"en-US\",\"@id\":\"https:\\\/\\\/tajkertesz.com\\\/#\\\/schema\\\/logo\\\/image\\\/\",\"url\":\"https:\\\/\\\/tajkertesz.com\\\/wp-content\\\/uploads\\\/2018\\\/02\\\/logo-2-e1518678052539.png\",\"contentUrl\":\"https:\\\/\\\/tajkertesz.com\\\/wp-content\\\/uploads\\\/2018\\\/02\\\/logo-2-e1518678052539.png\",\"width\":81,\"height\":140,\"caption\":\"T\u00e1j-Kert\u00e9sz 84 Kft.\"},\"image\":{\"@id\":\"https:\\\/\\\/tajkertesz.com\\\/#\\\/schema\\\/logo\\\/image\\\/\"},\"sameAs\":[\"https:\\\/\\\/www.facebook.com\\\/Tajkertesz\\\/\"]}]}<\/script>\n<!-- \/ Yoast SEO plugin. -->","yoast_head_json":{"title":"Spen\u00f3t Matador vet\u0151mag, 3 g - T\u00e1jkert\u00e9sz","description":"Matador spen\u00f3t vet\u0151mag, 3 g","robots":{"index":"index","follow":"follow","max-snippet":"max-snippet:-1","max-image-preview":"max-image-preview:large","max-video-preview":"max-video-preview:-1"},"canonical":"https:\/\/tajkertesz.com\/en_US\/product\/matador-spenot-vetomag-3-g\/","og_locale":"en_US","og_type":"article","og_title":"Spen\u00f3t Matador vet\u0151mag, 3 g - T\u00e1jkert\u00e9sz","og_description":"Matador spen\u00f3t vet\u0151mag, 3 g","og_url":"https:\/\/tajkertesz.com\/en_US\/product\/matador-spenot-vetomag-3-g\/","og_site_name":"T\u00e1jkert\u00e9sz","article_publisher":"https:\/\/www.facebook.com\/Tajkertesz\/","article_modified_time":"2026-02-18T15:41:13+00:00","og_image":[{"width":1401,"height":2560,"url":"https:\/\/tajkertesz.com\/wp-content\/uploads\/2021\/10\/20230116_153244-1-scaled.jpg","type":"image\/jpeg"}],"twitter_card":"summary_large_image","twitter_misc":{"Est. reading time":"2 minutes"},"schema":{"@context":"https:\/\/schema.org","@graph":[{"@type":"WebPage","@id":"https:\/\/tajkertesz.com\/termek\/matador-spenot-vetomag-3-g\/","url":"https:\/\/tajkertesz.com\/termek\/matador-spenot-vetomag-3-g\/","name":"Spen\u00f3t Matador vet\u0151mag, 3 g - T\u00e1jkert\u00e9sz","isPartOf":{"@id":"https:\/\/tajkertesz.com\/#website"},"primaryImageOfPage":{"@id":"https:\/\/tajkertesz.com\/termek\/matador-spenot-vetomag-3-g\/#primaryimage"},"image":{"@id":"https:\/\/tajkertesz.com\/termek\/matador-spenot-vetomag-3-g\/#primaryimage"},"thumbnailUrl":"https:\/\/tajkertesz.com\/wp-content\/uploads\/2021\/10\/20230116_153244-1-scaled.jpg","datePublished":"2021-10-04T09:34:17+00:00","dateModified":"2026-02-18T15:41:13+00:00","description":"Matador spen\u00f3t vet\u0151mag, 3 g","breadcrumb":{"@id":"https:\/\/tajkertesz.com\/termek\/matador-spenot-vetomag-3-g\/#breadcrumb"},"inLanguage":"en-US","potentialAction":[{"@type":"ReadAction","target":["https:\/\/tajkertesz.com\/termek\/matador-spenot-vetomag-3-g\/"]}]},{"@type":"ImageObject","inLanguage":"en-US","@id":"https:\/\/tajkertesz.com\/termek\/matador-spenot-vetomag-3-g\/#primaryimage","url":"https:\/\/tajkertesz.com\/wp-content\/uploads\/2021\/10\/20230116_153244-1-scaled.jpg","contentUrl":"https:\/\/tajkertesz.com\/wp-content\/uploads\/2021\/10\/20230116_153244-1-scaled.jpg","width":1401,"height":2560},{"@type":"BreadcrumbList","@id":"https:\/\/tajkertesz.com\/termek\/matador-spenot-vetomag-3-g\/#breadcrumb","itemListElement":[{"@type":"ListItem","position":1,"name":"Home","item":"https:\/\/tajkertesz.com\/"},{"@type":"ListItem","position":2,"name":"Kezd\u0151lap","item":"https:\/\/tajkertesz.com\/"},{"@type":"ListItem","position":3,"name":"Spen\u00f3t Matador vet\u0151mag, 3 g"}]},{"@type":"WebSite","@id":"https:\/\/tajkertesz.com\/#website","url":"https:\/\/tajkertesz.com\/","name":"T\u00e1j-Kert\u00e9sz 84 Kft.","description":"Kert\u00e9szeti kis- \u00e9s nagykeresked\u00e9s, D\u00edszn\u00f6v\u00e9ny web\u00e1ruh\u00e1z orsz\u00e1gos h\u00e1zhozsz\u00e1ll\u00edt\u00e1ssal!","publisher":{"@id":"https:\/\/tajkertesz.com\/#organization"},"potentialAction":[{"@type":"SearchAction","target":{"@type":"EntryPoint","urlTemplate":"https:\/\/tajkertesz.com\/?s={search_term_string}"},"query-input":{"@type":"PropertyValueSpecification","valueRequired":true,"valueName":"search_term_string"}}],"inLanguage":"en-US"},{"@type":"Organization","@id":"https:\/\/tajkertesz.com\/#organization","name":"T\u00e1j-Kert\u00e9sz 84 Kft.","url":"https:\/\/tajkertesz.com\/","logo":{"@type":"ImageObject","inLanguage":"en-US","@id":"https:\/\/tajkertesz.com\/#\/schema\/logo\/image\/","url":"https:\/\/tajkertesz.com\/wp-content\/uploads\/2018\/02\/logo-2-e1518678052539.png","contentUrl":"https:\/\/tajkertesz.com\/wp-content\/uploads\/2018\/02\/logo-2-e1518678052539.png","width":81,"height":140,"caption":"T\u00e1j-Kert\u00e9sz 84 Kft."},"image":{"@id":"https:\/\/tajkertesz.com\/#\/schema\/logo\/image\/"},"sameAs":["https:\/\/www.facebook.com\/Tajkertesz\/"]}]}},"_links":{"self":[{"href":"https:\/\/tajkertesz.com\/en_US\/wp-json\/wp\/v2\/product\/9779","targetHints":{"allow":["GET"]}}],"collection":[{"href":"https:\/\/tajkertesz.com\/en_US\/wp-json\/wp\/v2\/product"}],"about":[{"href":"https:\/\/tajkertesz.com\/en_US\/wp-json\/wp\/v2\/types\/product"}],"wp:featuredmedia":[{"embeddable":true,"href":"https:\/\/tajkertesz.com\/en_US\/wp-json\/wp\/v2\/media\/14760"}],"wp:attachment":[{"href":"https:\/\/tajkertesz.com\/en_US\/wp-json\/wp\/v2\/media?parent=9779"}],"wp:term":[{"taxonomy":"product_brand","embeddable":true,"href":"https:\/\/tajkertesz.com\/en_US\/wp-json\/wp\/v2\/product_brand?post=9779"},{"taxonomy":"product_cat","embeddable":true,"href":"https:\/\/tajkertesz.com\/en_US\/wp-json\/wp\/v2\/product_cat?post=9779"},{"taxonomy":"product_tag","embeddable":true,"href":"https:\/\/tajkertesz.com\/en_US\/wp-json\/wp\/v2\/product_tag?post=9779"}],"curies":[{"name":"wp","href":"https:\/\/api.w.org\/{rel}","templated":true}]}}