{"id":9793,"date":"2021-10-04T10:02:42","date_gmt":"2021-10-04T10:02:42","guid":{"rendered":"https:\/\/tajkertesz.com\/?post_type=product&#038;p=9793"},"modified":"2026-02-04T13:43:53","modified_gmt":"2026-02-04T13:43:53","slug":"arvacska-vetomag-vilagoskek-025-g","status":"publish","type":"product","link":"https:\/\/tajkertesz.com\/en_US\/product\/arvacska-vetomag-vilagoskek-025-g\/","title":{"rendered":"\u00c1rv\u00e1cska vet\u0151mag, vil\u00e1gosk\u00e9k, 0,25 g"},"content":{"rendered":"<div>\n<h1 class=\"pix30 fw500\">\u00c1rv\u00e1cska vet\u0151mag, vil\u00e1gosk\u00e9k, 0,25 g<\/h1>\n<\/div>\n<div>\n<p class=\"pix30 fw500\">\u00c1rv\u00e1cska vet\u0151mag, vil\u00e1gosk\u00e9k, 0,25 g<\/p>\n<div id=\"termek-description\" class=\"row collapse mt40\">\n<div class=\"bs columns small-12\">\n<div class=\"p20\">\n<p>A legelterjedtebb \u00e9s a legt\u00f6bb sz\u00ednben pomp\u00e1z\u00f3 k\u00e9tny\u00e1ri n\u00f6v\u00e9ny. Vir\u00e1g\u00e1gyak, s\u00edrok, ablakl\u00e1d\u00e1k, k\u0151ed\u00e9nyek tavaszi vagy \u0151szi d\u00edsz\u00edt\u00e9s\u00e9re haszn\u00e1ljuk. \u00dcltethetj\u00fck \u00f6n\u00e1ll\u00f3an vagy hagym\u00e1s d\u00edszn\u00f6v\u00e9nyekkel t\u00e1rd\u00edtva. NApos, f\u00e9l\u00e1rny\u00e9kos helyet, j\u00f3 szerkezet\u0171, nem t\u00fal meszes talajt kedvel. 15-20 cm magasra n\u0151.<\/p>\n<p>Vet\u00e9s: \u0151szi vir\u00e1gz\u00e1shoz m\u00e1jus v\u00e9g\u00e9n, j\u00fanius elej\u00e9n, tavaszi vir\u00e1gz\u00e1shoz j\u00falius v\u00e9g\u00e9n, augusztus elej\u00e9n \u00e1rny\u00e9kolhat\u00f3 hideg\u00e1gyba.<\/p>\n<p>Sort\u00e1vols\u00e1g: 10 x 10 cm kel\u00e9s ut\u00e1n, k\u00e9s\u0151bb 20 x 20 cm.<\/p>\n<p>\u00dcltet\u00e9s: IX-X. h\u00f3, III-IV. h\u00f3.<\/p>\n<p>Szed\u00e9s: IV-IX. h\u00f3.<\/p>\n<\/div>\n<\/div>\n<\/div>\n<div class=\"row collapse\">\n<div class=\"columns small-12 large-7 large-offset-5\">\n<div class=\"row collapse bs mt10 p20\"><\/div>\n<\/div>\n<\/div>\n<\/div>\n<p>&nbsp;<\/p>\n<p style=\"line-height: 18.0pt; background: white; margin: 0cm 0cm 15.0pt 0cm;\"><span style=\"font-family: 'Ubuntu',serif; color: black;\">El\u00e9rhet\u0151 t\u00f6bbf\u00e9le m\u00e9retben \u00e9s \u00e1rban.<\/span><\/p>\n<p style=\"line-height: 18.0pt; background: white; margin: 0cm 0cm 15.0pt 0cm;\"><b><span style=\"font-family: 'Ubuntu',serif; color: black;\">K\u00e9szlet\u00fcnk napi szinten v\u00e1ltozik, ez\u00e9rt k\u00e9rj\u00fck, \u00e9rdekl\u0151dj\u00f6n szem\u00e9lyesen, telefonon vagy email-en.<br \/>\nA v\u00e1ltoztat\u00e1s jog\u00e1t fenntartjuk!\u00a0<\/span><\/b><\/p>\n<p><a href=\"https:\/\/tajkertesz.com\/\">https:\/\/tajkertesz.com\/<\/a><\/p>\n<p><a href=\"https:\/\/www.facebook.com\/tajkertesz\">https:\/\/www.facebook.com\/tajkertesz<\/a><\/p>\n<p>&nbsp;<\/p>\n<h4><span style=\"color: #ffffff;\"><strong>A\u00a0pasztin\u00e1k\u00a0<i>(Pastinaca sativa)<\/i>\u00a0az\u00a0<a style=\"color: #ffffff;\" title=\"Erny\u0151svir\u00e1gzat\u00faak\" href=\"https:\/\/hu.wikipedia.org\/wiki\/Erny%C5%91svir%C3%A1gzat%C3%BAak\">erny\u0151svir\u00e1gzat\u00faak<\/a>\u00a0<i>(Apiales)<\/i>\u00a0<a style=\"color: #ffffff;\" title=\"Rend (rendszertan)\" href=\"https:\/\/hu.wikipedia.org\/wiki\/Rend_(rendszertan)\">rendj\u00e9be<\/a>, ezen bel\u00fcl a\u00a0<a style=\"color: #ffffff;\" title=\"Zellerf\u00e9l\u00e9k\" href=\"https:\/\/hu.wikipedia.org\/wiki\/Zellerf%C3%A9l%C3%A9k\">zellerf\u00e9l\u00e9k<\/a>\u00a0<i>(Apiaceae)<\/i>\u00a0<a style=\"color: #ffffff;\" title=\"Csal\u00e1d (rendszertan)\" href=\"https:\/\/hu.wikipedia.org\/wiki\/Csal%C3%A1d_(rendszertan)\">csal\u00e1dj\u00e1ba<\/a>\u00a0tartoz\u00f3\u00a0<a style=\"color: #ffffff;\" title=\"Faj\" href=\"https:\/\/hu.wikipedia.org\/wiki\/Faj\">faj<\/a>, amely a\u00a0<a style=\"color: #ffffff;\" title=\"S\u00e1rgar\u00e9pa\" href=\"https:\/\/hu.wikipedia.org\/wiki\/S%C3%A1rgar%C3%A9pa\">s\u00e1rgar\u00e9p\u00e1val<\/a>\u00a0<i>(Daucus carota subsp. sativus)<\/i>\u00a0rokon \u00e9s\u00a0<a style=\"color: #ffffff;\" title=\"Eur\u00f3pa\" href=\"https:\/\/hu.wikipedia.org\/wiki\/Eur%C3%B3pa\">Eur\u00f3p\u00e1ban<\/a>\u00a0\u0151shonos\u00a0<a style=\"color: #ffffff;\" title=\"Gy\u00f6k\u00e9rz\u00f6lds\u00e9g\" href=\"https:\/\/hu.wikipedia.org\/wiki\/Gy%C3%B6k%C3%A9rz%C3%B6lds%C3%A9g\">gy\u00f6k\u00e9rz\u00f6lds\u00e9g<\/a>.<\/strong><\/span><\/h4>\n<h4><span style=\"color: #ffffff;\"><strong>Nemzets\u00e9g\u00e9nek a\u00a0<a style=\"color: #ffffff;\" title=\"T\u00edpusfaj\" href=\"https:\/\/hu.wikipedia.org\/wiki\/T%C3%ADpusfaj\">t\u00edpusfaja<\/a>.<\/strong><\/span><\/h4>\n<h4><span style=\"color: #ffffff;\"><strong>M\u00e1r az \u00f3korban ismert\u00e9k, \u00e9s csak a\u00a0<a style=\"color: #ffffff;\" title=\"Burgonya\" href=\"https:\/\/hu.wikipedia.org\/wiki\/Burgonya\">burgonya<\/a>\u00a0\u00e9rkez\u00e9se ut\u00e1n szorult vissza. N\u00e9pies nevei: feh\u00e9rr\u00e9pa, pesztern\u00e1k, pasztern\u00e1k, olaszr\u00e9pa, latin nev\u00e9b\u0151l pasztin\u00e1k, helytelen\u00fcl\u00a0<i><a style=\"color: #ffffff;\" title=\"Igazi \u00e9desgy\u00f6k\u00e9r\" href=\"https:\/\/hu.wikipedia.org\/wiki\/Igazi_%C3%A9desgy%C3%B6k%C3%A9r\">\u00e9desgy\u00f6k\u00e9rnek<\/a><\/i>\u00a0is nevezik. A gy\u00f6k\u00e9r \u00e9s a mag a\u00a0<a style=\"color: #ffffff;\" title=\"Petrezselyem\" href=\"https:\/\/hu.wikipedia.org\/wiki\/Petrezselyem\">petrezselyemhez<\/a>\u00a0hasonl\u00f3 \u00edz\u0171, csak kiss\u00e9 \u00e9desebb. A\u00a0<a style=\"color: #ffffff;\" title=\"Lev\u00e9l (botanika)\" href=\"https:\/\/hu.wikipedia.org\/wiki\/Lev%C3%A9l_(botanika)\">level\u00e9t<\/a>\u00a0nem haszn\u00e1lj\u00e1k. A\u00a0<a style=\"color: #ffffff;\" title=\"Petrezselyem\" href=\"https:\/\/hu.wikipedia.org\/wiki\/Petrezselyem\">petrezselyemn\u00e9l<\/a>\u00a0nagyobb t\u00e1p\u00e9rt\u00e9k\u0171, ez\u00e9rt ezt az \u00fajra k\u00f6zkedvelt n\u00f6v\u00e9nyt a konzervipar is haszn\u00e1lja. A 16-22\u00a0centim\u00e9ter hossz\u00fa\u00a0<a style=\"color: #ffffff;\" title=\"Gy\u00f6k\u00e9r\" href=\"https:\/\/hu.wikipedia.org\/wiki\/Gy%C3%B6k%C3%A9r\">gy\u00f6k\u00e9r<\/a>\u00a0a petrezselyemn\u00e9l gazdas\u00e1gosabb, \u00e9desk\u00e9s, sima fel\u00fclet\u0171 \u00e9s f\u0171szeres \u00edz\u0171.<\/strong><\/span><\/h4>\n<h4><span style=\"color: #ffffff;\"><strong><span id=\"El\u0151fordul\u00e1sa\" class=\"mw-headline\">El\u0151fordul\u00e1sa<\/span><\/strong><\/span><\/h4>\n<h4><span style=\"color: #ffffff;\"><strong>A pasztin\u00e1k csaknem eg\u00e9sz\u00a0<a style=\"color: #ffffff;\" title=\"Eur\u00f3pa\" href=\"https:\/\/hu.wikipedia.org\/wiki\/Eur%C3%B3pa\">Eur\u00f3p\u00e1ban<\/a>\u00a0\u00e9s a\u00a0<a style=\"color: #ffffff;\" title=\"M\u00e9rs\u00e9kelt \u00f6v\" href=\"https:\/\/hu.wikipedia.org\/wiki\/M%C3%A9rs%C3%A9kelt_%C3%B6v\">m\u00e9rs\u00e9kelt \u00f6vi<\/a>\u00a0<a style=\"color: #ffffff;\" title=\"\u00c1zsia\" href=\"https:\/\/hu.wikipedia.org\/wiki\/%C3%81zsia\">\u00c1zsi\u00e1ban<\/a>\u00a0(<a style=\"color: #ffffff;\" title=\"T\u00f6r\u00f6korsz\u00e1g\" href=\"https:\/\/hu.wikipedia.org\/wiki\/T%C3%B6r%C3%B6korsz%C3%A1g\">T\u00f6r\u00f6korsz\u00e1g<\/a>,\u00a0<a style=\"color: #ffffff;\" title=\"Kauk\u00e1zus (r\u00e9gi\u00f3)\" href=\"https:\/\/hu.wikipedia.org\/wiki\/Kauk%C3%A1zus_(r%C3%A9gi%C3%B3)\">Kauk\u00e1zus<\/a>,\u00a0<a style=\"color: #ffffff;\" title=\"Szib\u00e9ria\" href=\"https:\/\/hu.wikipedia.org\/wiki\/Szib%C3%A9ria\">Szib\u00e9ria<\/a>) igen gyakori.\u00a0<a style=\"color: #ffffff;\" title=\"\u00c9szak-Amerika\" href=\"https:\/\/hu.wikipedia.org\/wiki\/%C3%89szak-Amerika\">\u00c9szak-<\/a>,\u00a0<a style=\"color: #ffffff;\" title=\"D\u00e9l-Amerika\" href=\"https:\/\/hu.wikipedia.org\/wiki\/D%C3%A9l-Amerika\">D\u00e9l-Amerik\u00e1ban<\/a>,\u00a0<a style=\"color: #ffffff;\" title=\"Afrika\" href=\"https:\/\/hu.wikipedia.org\/wiki\/Afrika\">Afrika<\/a>\u00a0d\u00e9li r\u00e9sz\u00e9n, valamint\u00a0<a style=\"color: #ffffff;\" title=\"Ausztr\u00e1lia (kontinens)\" href=\"https:\/\/hu.wikipedia.org\/wiki\/Ausztr%C3%A1lia_(kontinens)\">Ausztr\u00e1li\u00e1ban<\/a>,\u00a0<a style=\"color: #ffffff;\" title=\"\u00daj-Z\u00e9land\" href=\"https:\/\/hu.wikipedia.org\/wiki\/%C3%9Aj-Z%C3%A9land\">\u00daj-Z\u00e9landon<\/a>\u00a0\u00e9s az \u00e1zsiai\u00a0<a style=\"color: #ffffff;\" title=\"K\u00edna\" href=\"https:\/\/hu.wikipedia.org\/wiki\/K%C3%ADna\">K\u00edn\u00e1ban<\/a>\u00a0\u00e9s\u00a0<a style=\"color: #ffffff;\" title=\"Jap\u00e1n\" href=\"https:\/\/hu.wikipedia.org\/wiki\/Jap%C3%A1n\">Jap\u00e1nban<\/a>\u00a0meghonos\u00edtott\u00e1k ezt az ehet\u0151 n\u00f6v\u00e9nyfajt.<\/strong><\/span><\/h4>\n<h4><span style=\"color: #ffffff;\"><strong><span id=\"Megjelen.C3.A9se\"><\/span><span id=\"Megjelen\u00e9se\" class=\"mw-headline\">Megjelen\u00e9se<\/span><\/strong><\/span><\/h4>\n<h4><span style=\"color: #ffffff;\"><strong>A pasztin\u00e1k\u00a0<a style=\"color: #ffffff;\" title=\"K\u00e9t\u00e9ves n\u00f6v\u00e9ny\" href=\"https:\/\/hu.wikipedia.org\/wiki\/K%C3%A9t%C3%A9ves_n%C3%B6v%C3%A9ny\">k\u00e9t\u00e9ves<\/a>, \u00e9lesen bar\u00e1zd\u00e1lt \u00e9s sz\u0151r\u00f6s\u00a0<a style=\"color: #ffffff;\" title=\"Sz\u00e1r (botanika)\" href=\"https:\/\/hu.wikipedia.org\/wiki\/Sz%C3%A1r_(botanika)\">sz\u00e1r\u00fa<\/a>, 30-100\u00a0centim\u00e9ter magas n\u00f6v\u00e9ny. Sz\u00e1ra fel\u00e1ll\u00f3, \u00e9s fels\u0151 r\u00e9sz\u00e9n el\u00e1gazik. Levelei egyszer, ritk\u00e1n k\u00e9tszer sz\u00e1rnyaltak, 3-7\u00a0p\u00e1r lev\u00e9lk\u00e9i, melyek mintegy 5\u00a0centim\u00e9ter hossz\u00faak, t\u00f6bb\u00e9-kev\u00e9sb\u00e9 \u00fcl\u0151k, toj\u00e1sdad vagy l\u00e1ndzs\u00e1s alak\u00faak, gyakran kar\u00e9josak vagy hasogatottak. Az erny\u0151vir\u00e1gzat 5-15\u00a0sugar\u00fa, mintegy 10\u00a0centim\u00e9ter sz\u00e9les, a\u00a0<a style=\"color: #ffffff;\" title=\"Vir\u00e1g (botanika)\" href=\"https:\/\/hu.wikipedia.org\/wiki\/Vir%C3%A1g_(botanika)\">vir\u00e1gok<\/a>\u00a0\u00e9l\u00e9nks\u00e1rg\u00e1k, a gall\u00e9r- \u00e9s gall\u00e9rkalevelek hi\u00e1nyoznak. Az eg\u00e9sz n\u00f6v\u00e9ny er\u0151sen s\u00e1rgar\u00e9pa-illat\u00fa, amit k\u00fcl\u00f6n\u00f6sen akkor \u00e9rz\u00fcnk, ha a leveleket megd\u00f6rzs\u00f6lj\u00fck. A lev\u00e9l \u00e9rint\u00e9se azonban b\u0151rgyullad\u00e1st okozhat.<sup id=\"cite_ref-1\" class=\"reference\"><a style=\"color: #ffffff;\" href=\"https:\/\/hu.wikipedia.org\/wiki\/Pasztin%C3%A1k#cite_note-1\">[1]<\/a><\/sup><\/strong><\/span><\/h4>\n<h4><span style=\"color: #ffffff;\"><strong><span id=\"Gy.C3.B3gyhat.C3.A1sa\"><\/span><span id=\"Gy\u00f3gyhat\u00e1sa\" class=\"mw-headline\">Gy\u00f3gyhat\u00e1sa<\/span><\/strong><\/span><\/h4>\n<h4><span style=\"color: #ffffff;\"><strong>Hat\u00f3anyagai hasonl\u00f3ak a petrezselyem\u00e9hez, gy\u00f6ker\u00e9nek f\u0151zete vizelethajt\u00f3, g\u00f6rcsold\u00f3, vese- \u00e9s epek\u0151, illetve gyomorbajok eset\u00e9n j\u00f3 hat\u00e1s\u00fa.<\/strong><\/span><\/h4>\n","protected":false},"excerpt":{"rendered":"<h1 class=\"pix30 fw500\">\u00c1rv\u00e1cska vet\u0151mag, vil\u00e1gosk\u00e9k, 0,25 g<\/h1>","protected":false},"featured_media":9794,"template":"","meta":{"_et_pb_use_builder":"","_et_pb_old_content":"","_et_gb_content_width":""},"product_brand":[],"product_cat":[2882],"product_tag":[2849,2835],"class_list":{"0":"post-9793","1":"product","2":"type-product","3":"status-publish","4":"has-post-thumbnail","6":"product_cat-virag-vetomagok","7":"product_tag-arvacska-vetomag","8":"product_tag-vilagoskek","10":"first","11":"outofstock","12":"shipping-taxable","13":"purchasable","14":"product-type-simple"},"yoast_head":"<!-- This site is optimized with the Yoast SEO plugin v27.5 - https:\/\/yoast.com\/product\/yoast-seo-wordpress\/ -->\n<title>\u00c1rv\u00e1cska vet\u0151mag, vil\u00e1gosk\u00e9k, 0,25 g - T\u00e1jkert\u00e9sz<\/title>\n<meta name=\"description\" content=\"\u00c1rv\u00e1cska vet\u0151mag, vil\u00e1gosk\u00e9k, 0,25 g\" \/>\n<meta name=\"robots\" content=\"index, follow, max-snippet:-1, max-image-preview:large, max-video-preview:-1\" \/>\n<link rel=\"canonical\" href=\"https:\/\/tajkertesz.com\/en_US\/product\/arvacska-vetomag-vilagoskek-025-g\/\" \/>\n<meta property=\"og:locale\" content=\"en_US\" \/>\n<meta property=\"og:type\" content=\"article\" \/>\n<meta property=\"og:title\" content=\"\u00c1rv\u00e1cska vet\u0151mag, vil\u00e1gosk\u00e9k, 0,25 g - T\u00e1jkert\u00e9sz\" \/>\n<meta property=\"og:description\" content=\"\u00c1rv\u00e1cska vet\u0151mag, vil\u00e1gosk\u00e9k, 0,25 g\" \/>\n<meta property=\"og:url\" content=\"https:\/\/tajkertesz.com\/en_US\/product\/arvacska-vetomag-vilagoskek-025-g\/\" \/>\n<meta property=\"og:site_name\" content=\"T\u00e1jkert\u00e9sz\" \/>\n<meta property=\"article:publisher\" content=\"https:\/\/www.facebook.com\/Tajkertesz\/\" \/>\n<meta property=\"article:modified_time\" content=\"2026-02-04T13:43:53+00:00\" \/>\n<meta property=\"og:image\" content=\"https:\/\/tajkertesz.com\/wp-content\/uploads\/2021\/10\/vkek.jpg\" \/>\n\t<meta property=\"og:image:width\" content=\"600\" \/>\n\t<meta property=\"og:image:height\" content=\"600\" \/>\n\t<meta property=\"og:image:type\" content=\"image\/jpeg\" \/>\n<meta name=\"twitter:card\" content=\"summary_large_image\" \/>\n<meta name=\"twitter:label1\" content=\"Est. reading time\" \/>\n\t<meta name=\"twitter:data1\" content=\"2 minutes\" \/>\n<script type=\"application\/ld+json\" class=\"yoast-schema-graph\">{\"@context\":\"https:\\\/\\\/schema.org\",\"@graph\":[{\"@type\":\"WebPage\",\"@id\":\"https:\\\/\\\/tajkertesz.com\\\/termek\\\/arvacska-vetomag-vilagoskek-025-g\\\/\",\"url\":\"https:\\\/\\\/tajkertesz.com\\\/termek\\\/arvacska-vetomag-vilagoskek-025-g\\\/\",\"name\":\"\u00c1rv\u00e1cska vet\u0151mag, vil\u00e1gosk\u00e9k, 0,25 g - T\u00e1jkert\u00e9sz\",\"isPartOf\":{\"@id\":\"https:\\\/\\\/tajkertesz.com\\\/#website\"},\"primaryImageOfPage\":{\"@id\":\"https:\\\/\\\/tajkertesz.com\\\/termek\\\/arvacska-vetomag-vilagoskek-025-g\\\/#primaryimage\"},\"image\":{\"@id\":\"https:\\\/\\\/tajkertesz.com\\\/termek\\\/arvacska-vetomag-vilagoskek-025-g\\\/#primaryimage\"},\"thumbnailUrl\":\"https:\\\/\\\/tajkertesz.com\\\/wp-content\\\/uploads\\\/2021\\\/10\\\/vkek.jpg\",\"datePublished\":\"2021-10-04T10:02:42+00:00\",\"dateModified\":\"2026-02-04T13:43:53+00:00\",\"description\":\"\u00c1rv\u00e1cska vet\u0151mag, vil\u00e1gosk\u00e9k, 0,25 g\",\"breadcrumb\":{\"@id\":\"https:\\\/\\\/tajkertesz.com\\\/termek\\\/arvacska-vetomag-vilagoskek-025-g\\\/#breadcrumb\"},\"inLanguage\":\"en-US\",\"potentialAction\":[{\"@type\":\"ReadAction\",\"target\":[\"https:\\\/\\\/tajkertesz.com\\\/termek\\\/arvacska-vetomag-vilagoskek-025-g\\\/\"]}]},{\"@type\":\"ImageObject\",\"inLanguage\":\"en-US\",\"@id\":\"https:\\\/\\\/tajkertesz.com\\\/termek\\\/arvacska-vetomag-vilagoskek-025-g\\\/#primaryimage\",\"url\":\"https:\\\/\\\/tajkertesz.com\\\/wp-content\\\/uploads\\\/2021\\\/10\\\/vkek.jpg\",\"contentUrl\":\"https:\\\/\\\/tajkertesz.com\\\/wp-content\\\/uploads\\\/2021\\\/10\\\/vkek.jpg\",\"width\":600,\"height\":600},{\"@type\":\"BreadcrumbList\",\"@id\":\"https:\\\/\\\/tajkertesz.com\\\/termek\\\/arvacska-vetomag-vilagoskek-025-g\\\/#breadcrumb\",\"itemListElement\":[{\"@type\":\"ListItem\",\"position\":1,\"name\":\"Home\",\"item\":\"https:\\\/\\\/tajkertesz.com\\\/\"},{\"@type\":\"ListItem\",\"position\":2,\"name\":\"Kezd\u0151lap\",\"item\":\"https:\\\/\\\/tajkertesz.com\\\/\"},{\"@type\":\"ListItem\",\"position\":3,\"name\":\"\u00c1rv\u00e1cska vet\u0151mag, vil\u00e1gosk\u00e9k, 0,25 g\"}]},{\"@type\":\"WebSite\",\"@id\":\"https:\\\/\\\/tajkertesz.com\\\/#website\",\"url\":\"https:\\\/\\\/tajkertesz.com\\\/\",\"name\":\"T\u00e1j-Kert\u00e9sz 84 Kft.\",\"description\":\"Kert\u00e9szeti kis- \u00e9s nagykeresked\u00e9s, D\u00edszn\u00f6v\u00e9ny web\u00e1ruh\u00e1z orsz\u00e1gos h\u00e1zhozsz\u00e1ll\u00edt\u00e1ssal!\",\"publisher\":{\"@id\":\"https:\\\/\\\/tajkertesz.com\\\/#organization\"},\"potentialAction\":[{\"@type\":\"SearchAction\",\"target\":{\"@type\":\"EntryPoint\",\"urlTemplate\":\"https:\\\/\\\/tajkertesz.com\\\/?s={search_term_string}\"},\"query-input\":{\"@type\":\"PropertyValueSpecification\",\"valueRequired\":true,\"valueName\":\"search_term_string\"}}],\"inLanguage\":\"en-US\"},{\"@type\":\"Organization\",\"@id\":\"https:\\\/\\\/tajkertesz.com\\\/#organization\",\"name\":\"T\u00e1j-Kert\u00e9sz 84 Kft.\",\"url\":\"https:\\\/\\\/tajkertesz.com\\\/\",\"logo\":{\"@type\":\"ImageObject\",\"inLanguage\":\"en-US\",\"@id\":\"https:\\\/\\\/tajkertesz.com\\\/#\\\/schema\\\/logo\\\/image\\\/\",\"url\":\"https:\\\/\\\/tajkertesz.com\\\/wp-content\\\/uploads\\\/2018\\\/02\\\/logo-2-e1518678052539.png\",\"contentUrl\":\"https:\\\/\\\/tajkertesz.com\\\/wp-content\\\/uploads\\\/2018\\\/02\\\/logo-2-e1518678052539.png\",\"width\":81,\"height\":140,\"caption\":\"T\u00e1j-Kert\u00e9sz 84 Kft.\"},\"image\":{\"@id\":\"https:\\\/\\\/tajkertesz.com\\\/#\\\/schema\\\/logo\\\/image\\\/\"},\"sameAs\":[\"https:\\\/\\\/www.facebook.com\\\/Tajkertesz\\\/\"]}]}<\/script>\n<!-- \/ Yoast SEO plugin. -->","yoast_head_json":{"title":"\u00c1rv\u00e1cska vet\u0151mag, vil\u00e1gosk\u00e9k, 0,25 g - T\u00e1jkert\u00e9sz","description":"\u00c1rv\u00e1cska vet\u0151mag, vil\u00e1gosk\u00e9k, 0,25 g","robots":{"index":"index","follow":"follow","max-snippet":"max-snippet:-1","max-image-preview":"max-image-preview:large","max-video-preview":"max-video-preview:-1"},"canonical":"https:\/\/tajkertesz.com\/en_US\/product\/arvacska-vetomag-vilagoskek-025-g\/","og_locale":"en_US","og_type":"article","og_title":"\u00c1rv\u00e1cska vet\u0151mag, vil\u00e1gosk\u00e9k, 0,25 g - T\u00e1jkert\u00e9sz","og_description":"\u00c1rv\u00e1cska vet\u0151mag, vil\u00e1gosk\u00e9k, 0,25 g","og_url":"https:\/\/tajkertesz.com\/en_US\/product\/arvacska-vetomag-vilagoskek-025-g\/","og_site_name":"T\u00e1jkert\u00e9sz","article_publisher":"https:\/\/www.facebook.com\/Tajkertesz\/","article_modified_time":"2026-02-04T13:43:53+00:00","og_image":[{"width":600,"height":600,"url":"https:\/\/tajkertesz.com\/wp-content\/uploads\/2021\/10\/vkek.jpg","type":"image\/jpeg"}],"twitter_card":"summary_large_image","twitter_misc":{"Est. reading time":"2 minutes"},"schema":{"@context":"https:\/\/schema.org","@graph":[{"@type":"WebPage","@id":"https:\/\/tajkertesz.com\/termek\/arvacska-vetomag-vilagoskek-025-g\/","url":"https:\/\/tajkertesz.com\/termek\/arvacska-vetomag-vilagoskek-025-g\/","name":"\u00c1rv\u00e1cska vet\u0151mag, vil\u00e1gosk\u00e9k, 0,25 g - T\u00e1jkert\u00e9sz","isPartOf":{"@id":"https:\/\/tajkertesz.com\/#website"},"primaryImageOfPage":{"@id":"https:\/\/tajkertesz.com\/termek\/arvacska-vetomag-vilagoskek-025-g\/#primaryimage"},"image":{"@id":"https:\/\/tajkertesz.com\/termek\/arvacska-vetomag-vilagoskek-025-g\/#primaryimage"},"thumbnailUrl":"https:\/\/tajkertesz.com\/wp-content\/uploads\/2021\/10\/vkek.jpg","datePublished":"2021-10-04T10:02:42+00:00","dateModified":"2026-02-04T13:43:53+00:00","description":"\u00c1rv\u00e1cska vet\u0151mag, vil\u00e1gosk\u00e9k, 0,25 g","breadcrumb":{"@id":"https:\/\/tajkertesz.com\/termek\/arvacska-vetomag-vilagoskek-025-g\/#breadcrumb"},"inLanguage":"en-US","potentialAction":[{"@type":"ReadAction","target":["https:\/\/tajkertesz.com\/termek\/arvacska-vetomag-vilagoskek-025-g\/"]}]},{"@type":"ImageObject","inLanguage":"en-US","@id":"https:\/\/tajkertesz.com\/termek\/arvacska-vetomag-vilagoskek-025-g\/#primaryimage","url":"https:\/\/tajkertesz.com\/wp-content\/uploads\/2021\/10\/vkek.jpg","contentUrl":"https:\/\/tajkertesz.com\/wp-content\/uploads\/2021\/10\/vkek.jpg","width":600,"height":600},{"@type":"BreadcrumbList","@id":"https:\/\/tajkertesz.com\/termek\/arvacska-vetomag-vilagoskek-025-g\/#breadcrumb","itemListElement":[{"@type":"ListItem","position":1,"name":"Home","item":"https:\/\/tajkertesz.com\/"},{"@type":"ListItem","position":2,"name":"Kezd\u0151lap","item":"https:\/\/tajkertesz.com\/"},{"@type":"ListItem","position":3,"name":"\u00c1rv\u00e1cska vet\u0151mag, vil\u00e1gosk\u00e9k, 0,25 g"}]},{"@type":"WebSite","@id":"https:\/\/tajkertesz.com\/#website","url":"https:\/\/tajkertesz.com\/","name":"T\u00e1j-Kert\u00e9sz 84 Kft.","description":"Kert\u00e9szeti kis- \u00e9s nagykeresked\u00e9s, D\u00edszn\u00f6v\u00e9ny web\u00e1ruh\u00e1z orsz\u00e1gos h\u00e1zhozsz\u00e1ll\u00edt\u00e1ssal!","publisher":{"@id":"https:\/\/tajkertesz.com\/#organization"},"potentialAction":[{"@type":"SearchAction","target":{"@type":"EntryPoint","urlTemplate":"https:\/\/tajkertesz.com\/?s={search_term_string}"},"query-input":{"@type":"PropertyValueSpecification","valueRequired":true,"valueName":"search_term_string"}}],"inLanguage":"en-US"},{"@type":"Organization","@id":"https:\/\/tajkertesz.com\/#organization","name":"T\u00e1j-Kert\u00e9sz 84 Kft.","url":"https:\/\/tajkertesz.com\/","logo":{"@type":"ImageObject","inLanguage":"en-US","@id":"https:\/\/tajkertesz.com\/#\/schema\/logo\/image\/","url":"https:\/\/tajkertesz.com\/wp-content\/uploads\/2018\/02\/logo-2-e1518678052539.png","contentUrl":"https:\/\/tajkertesz.com\/wp-content\/uploads\/2018\/02\/logo-2-e1518678052539.png","width":81,"height":140,"caption":"T\u00e1j-Kert\u00e9sz 84 Kft."},"image":{"@id":"https:\/\/tajkertesz.com\/#\/schema\/logo\/image\/"},"sameAs":["https:\/\/www.facebook.com\/Tajkertesz\/"]}]}},"_links":{"self":[{"href":"https:\/\/tajkertesz.com\/en_US\/wp-json\/wp\/v2\/product\/9793","targetHints":{"allow":["GET"]}}],"collection":[{"href":"https:\/\/tajkertesz.com\/en_US\/wp-json\/wp\/v2\/product"}],"about":[{"href":"https:\/\/tajkertesz.com\/en_US\/wp-json\/wp\/v2\/types\/product"}],"wp:featuredmedia":[{"embeddable":true,"href":"https:\/\/tajkertesz.com\/en_US\/wp-json\/wp\/v2\/media\/9794"}],"wp:attachment":[{"href":"https:\/\/tajkertesz.com\/en_US\/wp-json\/wp\/v2\/media?parent=9793"}],"wp:term":[{"taxonomy":"product_brand","embeddable":true,"href":"https:\/\/tajkertesz.com\/en_US\/wp-json\/wp\/v2\/product_brand?post=9793"},{"taxonomy":"product_cat","embeddable":true,"href":"https:\/\/tajkertesz.com\/en_US\/wp-json\/wp\/v2\/product_cat?post=9793"},{"taxonomy":"product_tag","embeddable":true,"href":"https:\/\/tajkertesz.com\/en_US\/wp-json\/wp\/v2\/product_tag?post=9793"}],"curies":[{"name":"wp","href":"https:\/\/api.w.org\/{rel}","templated":true}]}}