{"id":9795,"date":"2021-10-04T10:04:38","date_gmt":"2021-10-04T10:04:38","guid":{"rendered":"https:\/\/tajkertesz.com\/?post_type=product&#038;p=9795"},"modified":"2024-05-14T10:06:48","modified_gmt":"2024-05-14T10:06:48","slug":"arvacska-vetomag-svajci-orias-sarga-025-g","status":"publish","type":"product","link":"https:\/\/tajkertesz.com\/en_US\/product\/arvacska-vetomag-svajci-orias-sarga-025-g\/","title":{"rendered":"\u00c1rv\u00e1cska vet\u0151mag, Sv\u00e1jci \u00f3ri\u00e1s, s\u00e1rga, 0,25 g"},"content":{"rendered":"<div>\n<h1 class=\"pix30 fw500\">\u00c1rv\u00e1cska vet\u0151mag, Sv\u00e1jci \u00f3ri\u00e1s, s\u00e1rga, 0,25 g<\/h1>\n<\/div>\n<div>\n<p class=\"pix30 fw500\">\u00c1rv\u00e1cska vet\u0151mag, Sv\u00e1jci \u00f3ri\u00e1s, s\u00e1rga, 0,25 g<\/p>\n<div id=\"termek-description\" class=\"row collapse mt40\">\n<div class=\"bs columns small-12\">\n<div class=\"p20\">\n<p>K\u00e9tny\u00e1ri vir\u00e1g. Csoportosan hagym\u00e1s vir\u00e1gok k\u00f6z\u00f6tt \u00e9s szeg\u00e9lyn\u00f6v\u00e9nynek mutat. S\u00edrok be\u00fcltet\u00e9s\u00e9re, balkonl\u00e1d\u00e1ba is nagyon h\u00e1l\u00e1s vir\u00e1g. Tipp : szedj\u00fck le az elny\u00edlt vir\u00e1gokat, hogy tov\u00e1bb vir\u00e1gozzon. 15-20 cm magasra n\u0151.<\/p>\n<p>Vet\u00e9s: V-VII. h\u00f3.<\/p>\n<p>Sort\u00e1vols\u00e1g: 20 x 20 cm.<\/p>\n<\/div>\n<\/div>\n<\/div>\n<\/div>\n<p style=\"line-height: 18.0pt; background: white; margin: 0cm 0cm 15.0pt 0cm;\"><span style=\"font-family: 'Ubuntu',serif; color: black;\">El\u00e9rhet\u0151 t\u00f6bbf\u00e9le m\u00e9retben \u00e9s \u00e1rban.<\/span><\/p>\n<p style=\"line-height: 18.0pt; background: white; margin: 0cm 0cm 15.0pt 0cm;\"><b><span style=\"font-family: 'Ubuntu',serif; color: black;\">K\u00e9szlet\u00fcnk napi szinten v\u00e1ltozik, ez\u00e9rt k\u00e9rj\u00fck, \u00e9rdekl\u0151dj\u00f6n szem\u00e9lyesen, telefonon vagy email-en.<br \/>\nA v\u00e1ltoztat\u00e1s jog\u00e1t fenntartjuk!\u00a0<\/span><\/b><\/p>\n<p><a href=\"https:\/\/tajkertesz.com\/\">https:\/\/tajkertesz.com\/<\/a><\/p>\n<p><a href=\"https:\/\/www.facebook.com\/tajkertesz\">https:\/\/www.facebook.com\/tajkertesz<\/a><\/p>\n<h4><\/h4>","protected":false},"excerpt":{"rendered":"<h1 class=\"pix30 fw500\">\u00c1rv\u00e1cska vet\u0151mag, Sv\u00e1jci \u00f3ri\u00e1s, s\u00e1rga, 0,25 g<\/h1>","protected":false},"featured_media":9799,"template":"","meta":{"_et_pb_use_builder":"","_et_pb_old_content":"","_et_gb_content_width":""},"product_brand":[],"product_cat":[2882],"product_tag":[2849,168,2851],"class_list":{"0":"post-9795","1":"product","2":"type-product","3":"status-publish","4":"has-post-thumbnail","6":"product_cat-virag-vetomagok","7":"product_tag-arvacska-vetomag","8":"product_tag-sarga","9":"product_tag-svajci-orias","11":"first","12":"outofstock","13":"shipping-taxable","14":"product-type-simple"},"yoast_head":"<!-- This site is optimized with the Yoast SEO plugin v27.5 - https:\/\/yoast.com\/product\/yoast-seo-wordpress\/ -->\n<title>\u00c1rv\u00e1cska vet\u0151mag, Sv\u00e1jci \u00f3ri\u00e1s, s\u00e1rga, 0,25 g - T\u00e1jkert\u00e9sz<\/title>\n<meta name=\"description\" content=\"\u00c1rv\u00e1cska vet\u0151mag, Sv\u00e1jci \u00f3ri\u00e1s, s\u00e1rga, 0,25 g\" \/>\n<meta name=\"robots\" content=\"index, follow, max-snippet:-1, max-image-preview:large, max-video-preview:-1\" \/>\n<link rel=\"canonical\" href=\"https:\/\/tajkertesz.com\/en_US\/product\/arvacska-vetomag-svajci-orias-sarga-025-g\/\" \/>\n<meta property=\"og:locale\" content=\"en_US\" \/>\n<meta property=\"og:type\" content=\"article\" \/>\n<meta property=\"og:title\" content=\"\u00c1rv\u00e1cska vet\u0151mag, Sv\u00e1jci \u00f3ri\u00e1s, s\u00e1rga, 0,25 g - T\u00e1jkert\u00e9sz\" \/>\n<meta property=\"og:description\" content=\"\u00c1rv\u00e1cska vet\u0151mag, Sv\u00e1jci \u00f3ri\u00e1s, s\u00e1rga, 0,25 g\" \/>\n<meta property=\"og:url\" content=\"https:\/\/tajkertesz.com\/en_US\/product\/arvacska-vetomag-svajci-orias-sarga-025-g\/\" \/>\n<meta property=\"og:site_name\" content=\"T\u00e1jkert\u00e9sz\" \/>\n<meta property=\"article:publisher\" content=\"https:\/\/www.facebook.com\/Tajkertesz\/\" \/>\n<meta property=\"article:modified_time\" content=\"2024-05-14T10:06:48+00:00\" \/>\n<meta property=\"og:image\" content=\"https:\/\/tajkertesz.com\/wp-content\/uploads\/2021\/10\/sargao.jpg\" \/>\n\t<meta property=\"og:image:width\" content=\"600\" \/>\n\t<meta property=\"og:image:height\" content=\"600\" \/>\n\t<meta property=\"og:image:type\" content=\"image\/jpeg\" \/>\n<meta name=\"twitter:card\" content=\"summary_large_image\" \/>\n<meta name=\"twitter:label1\" content=\"Est. reading time\" \/>\n\t<meta name=\"twitter:data1\" content=\"1 minute\" \/>\n<script type=\"application\/ld+json\" class=\"yoast-schema-graph\">{\"@context\":\"https:\\\/\\\/schema.org\",\"@graph\":[{\"@type\":\"WebPage\",\"@id\":\"https:\\\/\\\/tajkertesz.com\\\/termek\\\/arvacska-vetomag-svajci-orias-sarga-025-g\\\/\",\"url\":\"https:\\\/\\\/tajkertesz.com\\\/termek\\\/arvacska-vetomag-svajci-orias-sarga-025-g\\\/\",\"name\":\"\u00c1rv\u00e1cska vet\u0151mag, Sv\u00e1jci \u00f3ri\u00e1s, s\u00e1rga, 0,25 g - T\u00e1jkert\u00e9sz\",\"isPartOf\":{\"@id\":\"https:\\\/\\\/tajkertesz.com\\\/#website\"},\"primaryImageOfPage\":{\"@id\":\"https:\\\/\\\/tajkertesz.com\\\/termek\\\/arvacska-vetomag-svajci-orias-sarga-025-g\\\/#primaryimage\"},\"image\":{\"@id\":\"https:\\\/\\\/tajkertesz.com\\\/termek\\\/arvacska-vetomag-svajci-orias-sarga-025-g\\\/#primaryimage\"},\"thumbnailUrl\":\"https:\\\/\\\/tajkertesz.com\\\/wp-content\\\/uploads\\\/2021\\\/10\\\/sargao.jpg\",\"datePublished\":\"2021-10-04T10:04:38+00:00\",\"dateModified\":\"2024-05-14T10:06:48+00:00\",\"description\":\"\u00c1rv\u00e1cska vet\u0151mag, Sv\u00e1jci \u00f3ri\u00e1s, s\u00e1rga, 0,25 g\",\"breadcrumb\":{\"@id\":\"https:\\\/\\\/tajkertesz.com\\\/termek\\\/arvacska-vetomag-svajci-orias-sarga-025-g\\\/#breadcrumb\"},\"inLanguage\":\"en-US\",\"potentialAction\":[{\"@type\":\"ReadAction\",\"target\":[\"https:\\\/\\\/tajkertesz.com\\\/termek\\\/arvacska-vetomag-svajci-orias-sarga-025-g\\\/\"]}]},{\"@type\":\"ImageObject\",\"inLanguage\":\"en-US\",\"@id\":\"https:\\\/\\\/tajkertesz.com\\\/termek\\\/arvacska-vetomag-svajci-orias-sarga-025-g\\\/#primaryimage\",\"url\":\"https:\\\/\\\/tajkertesz.com\\\/wp-content\\\/uploads\\\/2021\\\/10\\\/sargao.jpg\",\"contentUrl\":\"https:\\\/\\\/tajkertesz.com\\\/wp-content\\\/uploads\\\/2021\\\/10\\\/sargao.jpg\",\"width\":600,\"height\":600},{\"@type\":\"BreadcrumbList\",\"@id\":\"https:\\\/\\\/tajkertesz.com\\\/termek\\\/arvacska-vetomag-svajci-orias-sarga-025-g\\\/#breadcrumb\",\"itemListElement\":[{\"@type\":\"ListItem\",\"position\":1,\"name\":\"Home\",\"item\":\"https:\\\/\\\/tajkertesz.com\\\/\"},{\"@type\":\"ListItem\",\"position\":2,\"name\":\"Kezd\u0151lap\",\"item\":\"https:\\\/\\\/tajkertesz.com\\\/\"},{\"@type\":\"ListItem\",\"position\":3,\"name\":\"\u00c1rv\u00e1cska vet\u0151mag, Sv\u00e1jci \u00f3ri\u00e1s, s\u00e1rga, 0,25 g\"}]},{\"@type\":\"WebSite\",\"@id\":\"https:\\\/\\\/tajkertesz.com\\\/#website\",\"url\":\"https:\\\/\\\/tajkertesz.com\\\/\",\"name\":\"T\u00e1j-Kert\u00e9sz 84 Kft.\",\"description\":\"Kert\u00e9szeti kis- \u00e9s nagykeresked\u00e9s, D\u00edszn\u00f6v\u00e9ny web\u00e1ruh\u00e1z orsz\u00e1gos h\u00e1zhozsz\u00e1ll\u00edt\u00e1ssal!\",\"publisher\":{\"@id\":\"https:\\\/\\\/tajkertesz.com\\\/#organization\"},\"potentialAction\":[{\"@type\":\"SearchAction\",\"target\":{\"@type\":\"EntryPoint\",\"urlTemplate\":\"https:\\\/\\\/tajkertesz.com\\\/?s={search_term_string}\"},\"query-input\":{\"@type\":\"PropertyValueSpecification\",\"valueRequired\":true,\"valueName\":\"search_term_string\"}}],\"inLanguage\":\"en-US\"},{\"@type\":\"Organization\",\"@id\":\"https:\\\/\\\/tajkertesz.com\\\/#organization\",\"name\":\"T\u00e1j-Kert\u00e9sz 84 Kft.\",\"url\":\"https:\\\/\\\/tajkertesz.com\\\/\",\"logo\":{\"@type\":\"ImageObject\",\"inLanguage\":\"en-US\",\"@id\":\"https:\\\/\\\/tajkertesz.com\\\/#\\\/schema\\\/logo\\\/image\\\/\",\"url\":\"https:\\\/\\\/tajkertesz.com\\\/wp-content\\\/uploads\\\/2018\\\/02\\\/logo-2-e1518678052539.png\",\"contentUrl\":\"https:\\\/\\\/tajkertesz.com\\\/wp-content\\\/uploads\\\/2018\\\/02\\\/logo-2-e1518678052539.png\",\"width\":81,\"height\":140,\"caption\":\"T\u00e1j-Kert\u00e9sz 84 Kft.\"},\"image\":{\"@id\":\"https:\\\/\\\/tajkertesz.com\\\/#\\\/schema\\\/logo\\\/image\\\/\"},\"sameAs\":[\"https:\\\/\\\/www.facebook.com\\\/Tajkertesz\\\/\"]}]}<\/script>\n<!-- \/ Yoast SEO plugin. -->","yoast_head_json":{"title":"\u00c1rv\u00e1cska vet\u0151mag, Sv\u00e1jci \u00f3ri\u00e1s, s\u00e1rga, 0,25 g - T\u00e1jkert\u00e9sz","description":"\u00c1rv\u00e1cska vet\u0151mag, Sv\u00e1jci \u00f3ri\u00e1s, s\u00e1rga, 0,25 g","robots":{"index":"index","follow":"follow","max-snippet":"max-snippet:-1","max-image-preview":"max-image-preview:large","max-video-preview":"max-video-preview:-1"},"canonical":"https:\/\/tajkertesz.com\/en_US\/product\/arvacska-vetomag-svajci-orias-sarga-025-g\/","og_locale":"en_US","og_type":"article","og_title":"\u00c1rv\u00e1cska vet\u0151mag, Sv\u00e1jci \u00f3ri\u00e1s, s\u00e1rga, 0,25 g - T\u00e1jkert\u00e9sz","og_description":"\u00c1rv\u00e1cska vet\u0151mag, Sv\u00e1jci \u00f3ri\u00e1s, s\u00e1rga, 0,25 g","og_url":"https:\/\/tajkertesz.com\/en_US\/product\/arvacska-vetomag-svajci-orias-sarga-025-g\/","og_site_name":"T\u00e1jkert\u00e9sz","article_publisher":"https:\/\/www.facebook.com\/Tajkertesz\/","article_modified_time":"2024-05-14T10:06:48+00:00","og_image":[{"width":600,"height":600,"url":"https:\/\/tajkertesz.com\/wp-content\/uploads\/2021\/10\/sargao.jpg","type":"image\/jpeg"}],"twitter_card":"summary_large_image","twitter_misc":{"Est. reading time":"1 minute"},"schema":{"@context":"https:\/\/schema.org","@graph":[{"@type":"WebPage","@id":"https:\/\/tajkertesz.com\/termek\/arvacska-vetomag-svajci-orias-sarga-025-g\/","url":"https:\/\/tajkertesz.com\/termek\/arvacska-vetomag-svajci-orias-sarga-025-g\/","name":"\u00c1rv\u00e1cska vet\u0151mag, Sv\u00e1jci \u00f3ri\u00e1s, s\u00e1rga, 0,25 g - T\u00e1jkert\u00e9sz","isPartOf":{"@id":"https:\/\/tajkertesz.com\/#website"},"primaryImageOfPage":{"@id":"https:\/\/tajkertesz.com\/termek\/arvacska-vetomag-svajci-orias-sarga-025-g\/#primaryimage"},"image":{"@id":"https:\/\/tajkertesz.com\/termek\/arvacska-vetomag-svajci-orias-sarga-025-g\/#primaryimage"},"thumbnailUrl":"https:\/\/tajkertesz.com\/wp-content\/uploads\/2021\/10\/sargao.jpg","datePublished":"2021-10-04T10:04:38+00:00","dateModified":"2024-05-14T10:06:48+00:00","description":"\u00c1rv\u00e1cska vet\u0151mag, Sv\u00e1jci \u00f3ri\u00e1s, s\u00e1rga, 0,25 g","breadcrumb":{"@id":"https:\/\/tajkertesz.com\/termek\/arvacska-vetomag-svajci-orias-sarga-025-g\/#breadcrumb"},"inLanguage":"en-US","potentialAction":[{"@type":"ReadAction","target":["https:\/\/tajkertesz.com\/termek\/arvacska-vetomag-svajci-orias-sarga-025-g\/"]}]},{"@type":"ImageObject","inLanguage":"en-US","@id":"https:\/\/tajkertesz.com\/termek\/arvacska-vetomag-svajci-orias-sarga-025-g\/#primaryimage","url":"https:\/\/tajkertesz.com\/wp-content\/uploads\/2021\/10\/sargao.jpg","contentUrl":"https:\/\/tajkertesz.com\/wp-content\/uploads\/2021\/10\/sargao.jpg","width":600,"height":600},{"@type":"BreadcrumbList","@id":"https:\/\/tajkertesz.com\/termek\/arvacska-vetomag-svajci-orias-sarga-025-g\/#breadcrumb","itemListElement":[{"@type":"ListItem","position":1,"name":"Home","item":"https:\/\/tajkertesz.com\/"},{"@type":"ListItem","position":2,"name":"Kezd\u0151lap","item":"https:\/\/tajkertesz.com\/"},{"@type":"ListItem","position":3,"name":"\u00c1rv\u00e1cska vet\u0151mag, Sv\u00e1jci \u00f3ri\u00e1s, s\u00e1rga, 0,25 g"}]},{"@type":"WebSite","@id":"https:\/\/tajkertesz.com\/#website","url":"https:\/\/tajkertesz.com\/","name":"T\u00e1j-Kert\u00e9sz 84 Kft.","description":"Kert\u00e9szeti kis- \u00e9s nagykeresked\u00e9s, D\u00edszn\u00f6v\u00e9ny web\u00e1ruh\u00e1z orsz\u00e1gos h\u00e1zhozsz\u00e1ll\u00edt\u00e1ssal!","publisher":{"@id":"https:\/\/tajkertesz.com\/#organization"},"potentialAction":[{"@type":"SearchAction","target":{"@type":"EntryPoint","urlTemplate":"https:\/\/tajkertesz.com\/?s={search_term_string}"},"query-input":{"@type":"PropertyValueSpecification","valueRequired":true,"valueName":"search_term_string"}}],"inLanguage":"en-US"},{"@type":"Organization","@id":"https:\/\/tajkertesz.com\/#organization","name":"T\u00e1j-Kert\u00e9sz 84 Kft.","url":"https:\/\/tajkertesz.com\/","logo":{"@type":"ImageObject","inLanguage":"en-US","@id":"https:\/\/tajkertesz.com\/#\/schema\/logo\/image\/","url":"https:\/\/tajkertesz.com\/wp-content\/uploads\/2018\/02\/logo-2-e1518678052539.png","contentUrl":"https:\/\/tajkertesz.com\/wp-content\/uploads\/2018\/02\/logo-2-e1518678052539.png","width":81,"height":140,"caption":"T\u00e1j-Kert\u00e9sz 84 Kft."},"image":{"@id":"https:\/\/tajkertesz.com\/#\/schema\/logo\/image\/"},"sameAs":["https:\/\/www.facebook.com\/Tajkertesz\/"]}]}},"_links":{"self":[{"href":"https:\/\/tajkertesz.com\/en_US\/wp-json\/wp\/v2\/product\/9795","targetHints":{"allow":["GET"]}}],"collection":[{"href":"https:\/\/tajkertesz.com\/en_US\/wp-json\/wp\/v2\/product"}],"about":[{"href":"https:\/\/tajkertesz.com\/en_US\/wp-json\/wp\/v2\/types\/product"}],"wp:featuredmedia":[{"embeddable":true,"href":"https:\/\/tajkertesz.com\/en_US\/wp-json\/wp\/v2\/media\/9799"}],"wp:attachment":[{"href":"https:\/\/tajkertesz.com\/en_US\/wp-json\/wp\/v2\/media?parent=9795"}],"wp:term":[{"taxonomy":"product_brand","embeddable":true,"href":"https:\/\/tajkertesz.com\/en_US\/wp-json\/wp\/v2\/product_brand?post=9795"},{"taxonomy":"product_cat","embeddable":true,"href":"https:\/\/tajkertesz.com\/en_US\/wp-json\/wp\/v2\/product_cat?post=9795"},{"taxonomy":"product_tag","embeddable":true,"href":"https:\/\/tajkertesz.com\/en_US\/wp-json\/wp\/v2\/product_tag?post=9795"}],"curies":[{"name":"wp","href":"https:\/\/api.w.org\/{rel}","templated":true}]}}