{"id":981,"date":"2020-02-19T12:55:28","date_gmt":"2020-02-19T12:55:28","guid":{"rendered":"https:\/\/tajkertesz.com\/?post_type=product&#038;p=981"},"modified":"2023-12-16T10:54:15","modified_gmt":"2023-12-16T10:54:15","slug":"quercus-rubravoros-tolgy-2","status":"publish","type":"product","link":"https:\/\/tajkertesz.com\/en_US\/product\/quercus-rubravoros-tolgy-2\/","title":{"rendered":"Quercus rubra,V\u00f6r\u00f6s t\u00f6lgy"},"content":{"rendered":"<p>Quercus rubra,V\u00f6r\u00f6s t\u00f6lgy<\/p>\n<p>A Quercus rubra,V\u00f6r\u00f6s t\u00f6lgy,<em> Nyugat-Eur\u00f3pa parkjaiban gyakori. Sz\u00e9p \u0151szi lombsz\u00ednez\u0151d\u00e9se miatt k\u00f6zkedvelt.\u00a0 Fontos erd\u00e9szeti faj, mert gyorsan \u00fajul.<\/em><\/p>\n<p><b>N\u00f6veked\u00e9s, alak:<\/b>\u00a020 &#8211; 25 m magasra n\u00f6v\u0151, szabad \u00e1ll\u00e1sban kerekded habitus\u00fa.<br \/>\n<b>Lev\u00e9l:<\/b> M\u00e9lyen tagolt, z\u00f6ld, 12 &#8211; 22 cm hossz\u00fa, \u0151sszel felt\u0171n\u0151 v\u00f6r\u00f6sre szinez\u0151d\u0151.<br \/>\n<b>Vir\u00e1g:<\/b> M\u00e1jusban, nem felt\u0171n\u0151, s\u00e1rga.<br \/>\n<b>Term\u00e9s:<\/b>\u00a0Makk, 2 &#8211; 2,5 cm-es.<br \/>\n<b>Term\u0151hely, ig\u00e9ny:<\/b>\u00a0Ig\u00e9nytelen, minden talajon d\u00edsz\u00edt.<br \/>\n<b>Felhaszn\u00e1l\u00e1s:<\/b>\u00a0Z\u00f6ldfel\u00fcletek, parkok, sz\u00e9les utak d\u00edszf\u00e1ja.<\/p>\n<p style=\"line-height: 18.0pt; background: white; margin: 0cm 0cm 15.0pt 0cm;\"><span style=\"font-family: 'Ubuntu',serif; color: black;\">El\u00e9rhet\u0151 t\u00f6bbf\u00e9le m\u00e9retben \u00e9s \u00e1rban.<\/span><\/p>\n<p style=\"line-height: 18.0pt; background: white; margin: 0cm 0cm 15.0pt 0cm;\"><b><span style=\"font-family: 'Ubuntu',serif; color: black;\">K\u00e9szlet\u00fcnk napi szinten v\u00e1ltozik, ez\u00e9rt k\u00e9rj\u00fck, \u00e9rdekl\u0151dj\u00f6n szem\u00e9lyesen, telefonon vagy email-en.<br \/>\nA v\u00e1ltoztat\u00e1s jog\u00e1t fenntartjuk!\u00a0<\/span><\/b><\/p>\n<p>&nbsp;<\/p>\n<p><a href=\"https:\/\/tajkertesz.com\/\">https:\/\/tajkertesz.com\/<\/a><\/p>\n<p><a href=\"https:\/\/hu.wikipedia.org\/wiki\/V%C3%B6r%C3%B6s_t%C3%B6lgy\">https:\/\/hu.wikipedia.org\/wiki\/V%C3%B6r%C3%B6s_t%C3%B6lgy<\/a><\/p>\n<p>&nbsp;<\/p>\n<div id=\"bekezdes\"><span style=\"color: #ffffff;\">Sok m\u00e1s idegenhonos fafajunkhoz hasonl\u00f3an a V\u00f6r\u00f6s t\u00f6lgy is \u00c9szak-Amerik\u00e1b\u00f3l sz\u00e1rmazik. A kocs\u00e1nytalan t\u00f6lggyel k\u00f6zel azonos term\u0151helyi viszonyokon \u00e9rzi j\u00f3l mag\u00e1t.<\/span><\/div>\n<div class=\"disp\"><\/div>\n<p><span style=\"color: #ffffff;\">K\u00e9rge a haz\u00e1nkban \u00e9l\u0151 t\u00f6lgyek k\u00f6z\u00fcl egyed\u00fcl\u00e1ll\u00f3 m\u00f3don m\u00e9g id\u0151s kor\u00e1ban is teljesen sima, sz\u00fcrke sz\u00edn\u0171. Lev\u00e9lsz\u00edne \u0151sszel rubinv\u00f6r\u00f6ss\u00e9 v\u00e1ltozik, a faj innen kapta latin nev\u00e9t. A t\u00f6bbi hazai t\u00f6lgy fajt\u00f3l mind leveles, mind lev\u00e9ltelen \u00e1llapotban j\u00f3l elk\u00fcl\u00f6n\u00edthet\u0151. Levele nagy, ak\u00e1r 20 centim\u00e9tern\u00e9l is hosszabb lehet. A kar\u00e9jok cs\u00facsa hegyes, a lev\u00e9l fel\u00fclete sima. Term\u00e9se 2 \u00e9v alatt \u00e9rik be, a makk kupacsa csak az 1\/5-\u00e9t takarja el a term\u00e9snek. F\u00e1ja egysz\u00edn\u0171, csersavtartalma alig haladja meg a csert\u00f6lgy\u00e9t. Padl\u00f3deszka \u00e9s bels\u0151\u00e9p\u00edt\u00e9szeti alapanyag is k\u00e9sz\u00fcl bel\u0151le.<\/span><\/p>\n<p><span style=\"color: #ffffff;\"><b>N\u00f6veked\u00e9s, alak:<\/b>\u00a0A holland h\u00e1rs (T.cordata x T. plathyphylla) fajt\u00e1ja. 30-35 m-re megn\u00f6v\u0151, szab\u00e1lyos, sz\u00e9les piramis alak\u00fa h\u00e1rs, egyenes \u00e1tmen\u0151 t\u00f6rzs\u0171. Gyorsan n\u0151, fiatalon karcs\u00fabb, k\u00e9s\u0151bb sz\u00e9lesebb habitus\u00fa. Nyugat-eur\u00f3p\u00e1ban gyakran \u00fcltetett fajta.<\/span><br \/>\n<span style=\"color: #ffffff;\"><b>Lev\u00e9l:<\/b>\u00a0Sz\u00edv alak\u00fa, vil\u00e1gosz\u00f6ld, fon\u00e1ka s\u00e1rg\u00e1sz\u00f6ld, 5-12 cm hossz\u00fa.<\/span><br \/>\n<span style=\"color: #ffffff;\"><b>Vir\u00e1g:<\/b>\u00a0J\u00fanius\/j\u00faliusban, s\u00e1rg\u00e1sz\u00f6ld, 7-10 cm \u00e1tm\u00e9r\u0151j\u0171 \u00e1lerny\u0151.<\/span><br \/>\n<span style=\"color: #ffffff;\"><b>Term\u00e9s:<\/b>\u00a0Nemezes sz\u0151r\u00f6s, kerekded vagy ov\u00e1lis, 0,6 cm-es.<\/span><br \/>\n<span style=\"color: #ffffff;\"><b>Term\u0151hely, ig\u00e9ny:<\/b>\u00a0Sz\u00fclein\u00e9l (kislevel\u0171 ill. nagylevel\u0171 h\u00e1rs) csek\u00e9lyebb felt\u00e9teleket t\u00e1maszt a k\u00f6rnyezet\u00e9vel szemben.<\/span><br \/>\n<span style=\"color: #ffffff;\"><b>Felhaszn\u00e1l\u00e1s:<\/b>\u00a0Nagy m\u00e9rete miatt helyig\u00e9nyes. Parkfa, sorfa, kast\u00e9lykertekben form\u00e1ra ny\u00edrt fa.<\/span><\/p>","protected":false},"excerpt":{"rendered":"<p>Quercus rubra,V\u00f6r\u00f6s t\u00f6lgy A Quercus rubra,V\u00f6r\u00f6s t\u00f6lgy, Nyugat-Eur\u00f3pa parkjaiban gyakori. Sz\u00e9p \u0151szi lombsz\u00ednez\u0151d\u00e9se miatt k\u00f6zkedvelt.\u00a0 Fontos erd\u00e9szeti faj, mert gyorsan \u00fajul. N\u00f6veked\u00e9s, alak:\u00a020 &#8211; 25 m magasra n\u00f6v\u0151, szabad \u00e1ll\u00e1sban kerekded habitus\u00fa. Lev\u00e9l: M\u00e9lyen tagolt, z\u00f6ld, 12 &#8211; 22 cm hossz\u00fa, \u0151sszel felt\u0171n\u0151 v\u00f6r\u00f6sre szinez\u0151d\u0151. Vir\u00e1g: M\u00e1jusban, nem felt\u0171n\u0151, s\u00e1rga. Term\u00e9s:\u00a0Makk, 2 &#8211; 2,5 cm-es. [&hellip;]<\/p>\n","protected":false},"featured_media":979,"template":"","meta":{"_et_pb_use_builder":"","_et_pb_old_content":"","_et_gb_content_width":""},"product_brand":[],"product_cat":[28],"product_tag":[140,141],"class_list":{"0":"post-981","1":"product","2":"type-product","3":"status-publish","4":"has-post-thumbnail","6":"product_cat-diszfak","7":"product_tag-quercus-rubra","8":"product_tag-voros-tolgy","10":"first","11":"outofstock","12":"shipping-taxable","13":"purchasable","14":"product-type-simple"},"yoast_head":"<!-- This site is optimized with the Yoast SEO plugin v27.4 - https:\/\/yoast.com\/product\/yoast-seo-wordpress\/ -->\n<title>Quercus rubra,V\u00f6r\u00f6s t\u00f6lgy - T\u00e1jkert\u00e9sz<\/title>\n<meta name=\"description\" content=\"A Quercus rubra,V\u00f6r\u00f6s t\u00f6lgy,\u00a0Nyugat-Eur\u00f3pa parkjaiban gyakori. Sz\u00e9p \u0151szi lombsz\u00ednez\u0151d\u00e9se miatt k\u00f6zkedvelt.\u00a0 Fontos erd\u00e9szeti faj, mert gyorsan \u00fajul.\" \/>\n<meta name=\"robots\" content=\"index, follow, max-snippet:-1, max-image-preview:large, max-video-preview:-1\" \/>\n<link rel=\"canonical\" href=\"https:\/\/tajkertesz.com\/en_US\/product\/quercus-rubravoros-tolgy-2\/\" \/>\n<meta property=\"og:locale\" content=\"en_US\" \/>\n<meta property=\"og:type\" content=\"article\" \/>\n<meta property=\"og:title\" content=\"Quercus rubra,V\u00f6r\u00f6s t\u00f6lgy - T\u00e1jkert\u00e9sz\" \/>\n<meta property=\"og:description\" content=\"A Quercus rubra,V\u00f6r\u00f6s t\u00f6lgy,\u00a0Nyugat-Eur\u00f3pa parkjaiban gyakori. Sz\u00e9p \u0151szi lombsz\u00ednez\u0151d\u00e9se miatt k\u00f6zkedvelt.\u00a0 Fontos erd\u00e9szeti faj, mert gyorsan \u00fajul.\" \/>\n<meta property=\"og:url\" content=\"https:\/\/tajkertesz.com\/en_US\/product\/quercus-rubravoros-tolgy-2\/\" \/>\n<meta property=\"og:site_name\" content=\"T\u00e1jkert\u00e9sz\" \/>\n<meta property=\"article:publisher\" content=\"https:\/\/www.facebook.com\/Tajkertesz\/\" \/>\n<meta property=\"article:modified_time\" content=\"2023-12-16T10:54:15+00:00\" \/>\n<meta property=\"og:image\" content=\"https:\/\/tajkertesz.com\/wp-content\/uploads\/2020\/02\/Quercus-rubra.jpg\" \/>\n\t<meta property=\"og:image:width\" content=\"512\" \/>\n\t<meta property=\"og:image:height\" content=\"384\" \/>\n\t<meta property=\"og:image:type\" content=\"image\/jpeg\" \/>\n<meta name=\"twitter:card\" content=\"summary_large_image\" \/>\n<meta name=\"twitter:label1\" content=\"Est. reading time\" \/>\n\t<meta name=\"twitter:data1\" content=\"2 minutes\" \/>\n<script type=\"application\/ld+json\" class=\"yoast-schema-graph\">{\"@context\":\"https:\\\/\\\/schema.org\",\"@graph\":[{\"@type\":\"WebPage\",\"@id\":\"https:\\\/\\\/tajkertesz.com\\\/termek\\\/quercus-rubravoros-tolgy-2\\\/\",\"url\":\"https:\\\/\\\/tajkertesz.com\\\/termek\\\/quercus-rubravoros-tolgy-2\\\/\",\"name\":\"Quercus rubra,V\u00f6r\u00f6s t\u00f6lgy - T\u00e1jkert\u00e9sz\",\"isPartOf\":{\"@id\":\"https:\\\/\\\/tajkertesz.com\\\/#website\"},\"primaryImageOfPage\":{\"@id\":\"https:\\\/\\\/tajkertesz.com\\\/termek\\\/quercus-rubravoros-tolgy-2\\\/#primaryimage\"},\"image\":{\"@id\":\"https:\\\/\\\/tajkertesz.com\\\/termek\\\/quercus-rubravoros-tolgy-2\\\/#primaryimage\"},\"thumbnailUrl\":\"https:\\\/\\\/tajkertesz.com\\\/wp-content\\\/uploads\\\/2020\\\/02\\\/Quercus-rubra.jpg\",\"datePublished\":\"2020-02-19T12:55:28+00:00\",\"dateModified\":\"2023-12-16T10:54:15+00:00\",\"description\":\"A Quercus rubra,V\u00f6r\u00f6s t\u00f6lgy,\u00a0Nyugat-Eur\u00f3pa parkjaiban gyakori. Sz\u00e9p \u0151szi lombsz\u00ednez\u0151d\u00e9se miatt k\u00f6zkedvelt.\u00a0 Fontos erd\u00e9szeti faj, mert gyorsan \u00fajul.\",\"breadcrumb\":{\"@id\":\"https:\\\/\\\/tajkertesz.com\\\/termek\\\/quercus-rubravoros-tolgy-2\\\/#breadcrumb\"},\"inLanguage\":\"en-US\",\"potentialAction\":[{\"@type\":\"ReadAction\",\"target\":[\"https:\\\/\\\/tajkertesz.com\\\/termek\\\/quercus-rubravoros-tolgy-2\\\/\"]}]},{\"@type\":\"ImageObject\",\"inLanguage\":\"en-US\",\"@id\":\"https:\\\/\\\/tajkertesz.com\\\/termek\\\/quercus-rubravoros-tolgy-2\\\/#primaryimage\",\"url\":\"https:\\\/\\\/tajkertesz.com\\\/wp-content\\\/uploads\\\/2020\\\/02\\\/Quercus-rubra.jpg\",\"contentUrl\":\"https:\\\/\\\/tajkertesz.com\\\/wp-content\\\/uploads\\\/2020\\\/02\\\/Quercus-rubra.jpg\",\"width\":512,\"height\":384},{\"@type\":\"BreadcrumbList\",\"@id\":\"https:\\\/\\\/tajkertesz.com\\\/termek\\\/quercus-rubravoros-tolgy-2\\\/#breadcrumb\",\"itemListElement\":[{\"@type\":\"ListItem\",\"position\":1,\"name\":\"Home\",\"item\":\"https:\\\/\\\/tajkertesz.com\\\/\"},{\"@type\":\"ListItem\",\"position\":2,\"name\":\"Kezd\u0151lap\",\"item\":\"https:\\\/\\\/tajkertesz.com\\\/\"},{\"@type\":\"ListItem\",\"position\":3,\"name\":\"Quercus rubra,V\u00f6r\u00f6s t\u00f6lgy\"}]},{\"@type\":\"WebSite\",\"@id\":\"https:\\\/\\\/tajkertesz.com\\\/#website\",\"url\":\"https:\\\/\\\/tajkertesz.com\\\/\",\"name\":\"T\u00e1j-Kert\u00e9sz 84 Kft.\",\"description\":\"Kert\u00e9szeti kis- \u00e9s nagykeresked\u00e9s, D\u00edszn\u00f6v\u00e9ny web\u00e1ruh\u00e1z orsz\u00e1gos h\u00e1zhozsz\u00e1ll\u00edt\u00e1ssal!\",\"publisher\":{\"@id\":\"https:\\\/\\\/tajkertesz.com\\\/#organization\"},\"potentialAction\":[{\"@type\":\"SearchAction\",\"target\":{\"@type\":\"EntryPoint\",\"urlTemplate\":\"https:\\\/\\\/tajkertesz.com\\\/?s={search_term_string}\"},\"query-input\":{\"@type\":\"PropertyValueSpecification\",\"valueRequired\":true,\"valueName\":\"search_term_string\"}}],\"inLanguage\":\"en-US\"},{\"@type\":\"Organization\",\"@id\":\"https:\\\/\\\/tajkertesz.com\\\/#organization\",\"name\":\"T\u00e1j-Kert\u00e9sz 84 Kft.\",\"url\":\"https:\\\/\\\/tajkertesz.com\\\/\",\"logo\":{\"@type\":\"ImageObject\",\"inLanguage\":\"en-US\",\"@id\":\"https:\\\/\\\/tajkertesz.com\\\/#\\\/schema\\\/logo\\\/image\\\/\",\"url\":\"https:\\\/\\\/tajkertesz.com\\\/wp-content\\\/uploads\\\/2018\\\/02\\\/logo-2-e1518678052539.png\",\"contentUrl\":\"https:\\\/\\\/tajkertesz.com\\\/wp-content\\\/uploads\\\/2018\\\/02\\\/logo-2-e1518678052539.png\",\"width\":81,\"height\":140,\"caption\":\"T\u00e1j-Kert\u00e9sz 84 Kft.\"},\"image\":{\"@id\":\"https:\\\/\\\/tajkertesz.com\\\/#\\\/schema\\\/logo\\\/image\\\/\"},\"sameAs\":[\"https:\\\/\\\/www.facebook.com\\\/Tajkertesz\\\/\"]}]}<\/script>\n<!-- \/ Yoast SEO plugin. -->","yoast_head_json":{"title":"Quercus rubra,V\u00f6r\u00f6s t\u00f6lgy - T\u00e1jkert\u00e9sz","description":"A Quercus rubra,V\u00f6r\u00f6s t\u00f6lgy,\u00a0Nyugat-Eur\u00f3pa parkjaiban gyakori. Sz\u00e9p \u0151szi lombsz\u00ednez\u0151d\u00e9se miatt k\u00f6zkedvelt.\u00a0 Fontos erd\u00e9szeti faj, mert gyorsan \u00fajul.","robots":{"index":"index","follow":"follow","max-snippet":"max-snippet:-1","max-image-preview":"max-image-preview:large","max-video-preview":"max-video-preview:-1"},"canonical":"https:\/\/tajkertesz.com\/en_US\/product\/quercus-rubravoros-tolgy-2\/","og_locale":"en_US","og_type":"article","og_title":"Quercus rubra,V\u00f6r\u00f6s t\u00f6lgy - T\u00e1jkert\u00e9sz","og_description":"A Quercus rubra,V\u00f6r\u00f6s t\u00f6lgy,\u00a0Nyugat-Eur\u00f3pa parkjaiban gyakori. Sz\u00e9p \u0151szi lombsz\u00ednez\u0151d\u00e9se miatt k\u00f6zkedvelt.\u00a0 Fontos erd\u00e9szeti faj, mert gyorsan \u00fajul.","og_url":"https:\/\/tajkertesz.com\/en_US\/product\/quercus-rubravoros-tolgy-2\/","og_site_name":"T\u00e1jkert\u00e9sz","article_publisher":"https:\/\/www.facebook.com\/Tajkertesz\/","article_modified_time":"2023-12-16T10:54:15+00:00","og_image":[{"width":512,"height":384,"url":"https:\/\/tajkertesz.com\/wp-content\/uploads\/2020\/02\/Quercus-rubra.jpg","type":"image\/jpeg"}],"twitter_card":"summary_large_image","twitter_misc":{"Est. reading time":"2 minutes"},"schema":{"@context":"https:\/\/schema.org","@graph":[{"@type":"WebPage","@id":"https:\/\/tajkertesz.com\/termek\/quercus-rubravoros-tolgy-2\/","url":"https:\/\/tajkertesz.com\/termek\/quercus-rubravoros-tolgy-2\/","name":"Quercus rubra,V\u00f6r\u00f6s t\u00f6lgy - T\u00e1jkert\u00e9sz","isPartOf":{"@id":"https:\/\/tajkertesz.com\/#website"},"primaryImageOfPage":{"@id":"https:\/\/tajkertesz.com\/termek\/quercus-rubravoros-tolgy-2\/#primaryimage"},"image":{"@id":"https:\/\/tajkertesz.com\/termek\/quercus-rubravoros-tolgy-2\/#primaryimage"},"thumbnailUrl":"https:\/\/tajkertesz.com\/wp-content\/uploads\/2020\/02\/Quercus-rubra.jpg","datePublished":"2020-02-19T12:55:28+00:00","dateModified":"2023-12-16T10:54:15+00:00","description":"A Quercus rubra,V\u00f6r\u00f6s t\u00f6lgy,\u00a0Nyugat-Eur\u00f3pa parkjaiban gyakori. Sz\u00e9p \u0151szi lombsz\u00ednez\u0151d\u00e9se miatt k\u00f6zkedvelt.\u00a0 Fontos erd\u00e9szeti faj, mert gyorsan \u00fajul.","breadcrumb":{"@id":"https:\/\/tajkertesz.com\/termek\/quercus-rubravoros-tolgy-2\/#breadcrumb"},"inLanguage":"en-US","potentialAction":[{"@type":"ReadAction","target":["https:\/\/tajkertesz.com\/termek\/quercus-rubravoros-tolgy-2\/"]}]},{"@type":"ImageObject","inLanguage":"en-US","@id":"https:\/\/tajkertesz.com\/termek\/quercus-rubravoros-tolgy-2\/#primaryimage","url":"https:\/\/tajkertesz.com\/wp-content\/uploads\/2020\/02\/Quercus-rubra.jpg","contentUrl":"https:\/\/tajkertesz.com\/wp-content\/uploads\/2020\/02\/Quercus-rubra.jpg","width":512,"height":384},{"@type":"BreadcrumbList","@id":"https:\/\/tajkertesz.com\/termek\/quercus-rubravoros-tolgy-2\/#breadcrumb","itemListElement":[{"@type":"ListItem","position":1,"name":"Home","item":"https:\/\/tajkertesz.com\/"},{"@type":"ListItem","position":2,"name":"Kezd\u0151lap","item":"https:\/\/tajkertesz.com\/"},{"@type":"ListItem","position":3,"name":"Quercus rubra,V\u00f6r\u00f6s t\u00f6lgy"}]},{"@type":"WebSite","@id":"https:\/\/tajkertesz.com\/#website","url":"https:\/\/tajkertesz.com\/","name":"T\u00e1j-Kert\u00e9sz 84 Kft.","description":"Kert\u00e9szeti kis- \u00e9s nagykeresked\u00e9s, D\u00edszn\u00f6v\u00e9ny web\u00e1ruh\u00e1z orsz\u00e1gos h\u00e1zhozsz\u00e1ll\u00edt\u00e1ssal!","publisher":{"@id":"https:\/\/tajkertesz.com\/#organization"},"potentialAction":[{"@type":"SearchAction","target":{"@type":"EntryPoint","urlTemplate":"https:\/\/tajkertesz.com\/?s={search_term_string}"},"query-input":{"@type":"PropertyValueSpecification","valueRequired":true,"valueName":"search_term_string"}}],"inLanguage":"en-US"},{"@type":"Organization","@id":"https:\/\/tajkertesz.com\/#organization","name":"T\u00e1j-Kert\u00e9sz 84 Kft.","url":"https:\/\/tajkertesz.com\/","logo":{"@type":"ImageObject","inLanguage":"en-US","@id":"https:\/\/tajkertesz.com\/#\/schema\/logo\/image\/","url":"https:\/\/tajkertesz.com\/wp-content\/uploads\/2018\/02\/logo-2-e1518678052539.png","contentUrl":"https:\/\/tajkertesz.com\/wp-content\/uploads\/2018\/02\/logo-2-e1518678052539.png","width":81,"height":140,"caption":"T\u00e1j-Kert\u00e9sz 84 Kft."},"image":{"@id":"https:\/\/tajkertesz.com\/#\/schema\/logo\/image\/"},"sameAs":["https:\/\/www.facebook.com\/Tajkertesz\/"]}]}},"_links":{"self":[{"href":"https:\/\/tajkertesz.com\/en_US\/wp-json\/wp\/v2\/product\/981","targetHints":{"allow":["GET"]}}],"collection":[{"href":"https:\/\/tajkertesz.com\/en_US\/wp-json\/wp\/v2\/product"}],"about":[{"href":"https:\/\/tajkertesz.com\/en_US\/wp-json\/wp\/v2\/types\/product"}],"wp:featuredmedia":[{"embeddable":true,"href":"https:\/\/tajkertesz.com\/en_US\/wp-json\/wp\/v2\/media\/979"}],"wp:attachment":[{"href":"https:\/\/tajkertesz.com\/en_US\/wp-json\/wp\/v2\/media?parent=981"}],"wp:term":[{"taxonomy":"product_brand","embeddable":true,"href":"https:\/\/tajkertesz.com\/en_US\/wp-json\/wp\/v2\/product_brand?post=981"},{"taxonomy":"product_cat","embeddable":true,"href":"https:\/\/tajkertesz.com\/en_US\/wp-json\/wp\/v2\/product_cat?post=981"},{"taxonomy":"product_tag","embeddable":true,"href":"https:\/\/tajkertesz.com\/en_US\/wp-json\/wp\/v2\/product_tag?post=981"}],"curies":[{"name":"wp","href":"https:\/\/api.w.org\/{rel}","templated":true}]}}