{"id":983,"date":"2020-02-19T13:23:02","date_gmt":"2020-02-19T13:23:02","guid":{"rendered":"https:\/\/tajkertesz.com\/?post_type=product&#038;p=983"},"modified":"2024-05-06T07:46:05","modified_gmt":"2024-05-06T07:46:05","slug":"quercus-palustris-green-dwarf-gomb-mocsari-tolgy","status":"publish","type":"product","link":"https:\/\/tajkertesz.com\/en_US\/product\/quercus-palustris-green-dwarf-gomb-mocsari-tolgy\/","title":{"rendered":"Quercus palustris &#8216;Green Dwarf&#8217; ,G\u00f6mb mocs\u00e1ri t\u00f6lgy"},"content":{"rendered":"<p>Quercus palustris &#8216;Green Dwarf&#8217; ,G\u00f6mb mocs\u00e1ri t\u00f6lgy<\/p>\n<p>A Quercus palustris &#8216;Green Dwarf&#8217; ,G\u00f6mb mocs\u00e1ri t\u00f6lgy kistermet\u0171, g\u00f6mb koron\u00e1t nevel\u0151, lass\u00fa n\u00f6veked\u00e9s\u0171 lombhullat\u00f3 d\u00edszfa.<\/p>\n<p>Z\u00f6ld levelei f\u00e9nyesek, m\u00e9lyen, mer\u0151legesen szeldeltek. Levelei \u0151sszel narancsos-pirosr\u00f3l lil\u00e1s-bord\u00f3v\u00e1 sz\u00ednesednek.<\/p>\n<p><b>N\u00f6veked\u00e9s, alak:<\/b> 3 m magas t\u00f6rzsre oltott kis fa g\u00f6mb\u00f6lyded koron\u00e1val.<br \/>\n<b>Lev\u00e9l:<\/b>\u00a0Levelei m\u00e9lyen szeldeltek f\u00e9nyesen z\u00f6ldek, \u0151sszel narancss\u00e1rg\u00e1ra, majd lil\u00e1s pirosra sz\u00ednez\u0151dne.<br \/>\n<b>Vir\u00e1g:<\/b>\u00a0Z\u00f6ldess\u00e1rga, nem felt\u0171n\u0151 vir\u00e1gai m\u00e1jusban ny\u00edlnak.<br \/>\n<b>Term\u00e9s:<\/b>\u00a0Kicsi makkterm\u00e9s.<br \/>\n<b>Term\u0151hely, ig\u00e9ny:<\/b>\u00a0Kedveli a nedves, humuszos, j\u00f3 v\u00edzell\u00e1t\u00e1s\u00fa talajt.<br \/>\n<b>Felhaszn\u00e1l\u00e1s:<\/b>\u00a0Parkokba, kiskertekbe szoliterk\u00e9nt.<\/p>\n<p style=\"line-height: 18.0pt; background: white; margin: 0cm 0cm 15.0pt 0cm;\"><span style=\"font-family: 'Ubuntu',serif; color: black;\">El\u00e9rhet\u0151 t\u00f6bbf\u00e9le m\u00e9retben \u00e9s \u00e1rban.<\/span><\/p>\n<p style=\"line-height: 18.0pt; background: white; margin: 0cm 0cm 15.0pt 0cm;\"><b><span style=\"font-family: 'Ubuntu',serif; color: black;\">K\u00e9szlet\u00fcnk napi szinten v\u00e1ltozik, ez\u00e9rt k\u00e9rj\u00fck, \u00e9rdekl\u0151dj\u00f6n szem\u00e9lyesen, telefonon vagy email-en.<br \/>\nA v\u00e1ltoztat\u00e1s jog\u00e1t fenntartjuk!\u00a0<\/span><\/b><\/p>\n<p><a href=\"https:\/\/tajkertesz.com\/\">https:\/\/tajkertesz.com\/<\/a><\/p>\n<p><a href=\"https:\/\/hu.wikipedia.org\/wiki\/Amerikai_mocs%C3%A1rt%C3%B6lgy\">https:\/\/hu.wikipedia.org\/wiki\/Amerikai_mocs%C3%A1rt%C3%B6lgy<\/a><\/p>\n<p><span style=\"color: #ffffff;\">Eleinte 5-10 cm-es \u00e9vi n\u00f6veked\u00e9s\u0171 fajt\u00e1r\u00f3l van sz\u00f3, \u00e9s sok \u00e9vig tesztelt\u00fck, hogy a sz\u00e1raz \u00e9s nem savany\u00fa talajunkban, hogyan fejl\u0151dik. Jelentem, \u00a0remek\u00fcl!<\/span><\/p>\n<p><span style=\"color: #ffffff;\">Levelei kev\u00e9sb\u00e9 m\u00e9lyen kar\u00e9lyosak mint az az alapfajn\u00e1l megfigyelhet\u0151, de levelei ugyan olyan sz\u00e9pen sz\u00ednez\u0151dnek \u0150sszel. Kicsi g\u00f6mbf\u00e1nak ,vagy alacsony t\u00f6m\u00f6tt bokornak ide\u00e1lis.<\/span><\/p>\n<div class=\"termekleiras\">\n<p><span style=\"color: #ffffff;\">G\u00f6mb koron\u00e1j\u00fa t\u00f6rpe fa. A korona \u00e1tm\u00e9r\u0151je 2-3 m\u00e9ter. Levelei \u00fcdez\u00f6ldek, \u0151sszel v\u00f6r\u00f6s \u00e1rnyalat\u00faak, majd barn\u00e1k. Makk term\u00e9se lapp\u00edtott g\u00f6mb alak\u00fa, 2 \u00e9v alatt \u00e9rik. M\u00e9lyr\u00e9teg\u0171, \u00fcde, nedves talajt szeret \u00e9s napos vagy f\u00e9l\u00e1rny\u00e9kos fekv\u00e9st ig\u00e9nyel.<\/span><\/p>\n<\/div>\n<div>\n<h2><span id=\"El\u0151fordul\u00e1sa,_\u00e9l\u0151helye\" class=\"mw-headline\" style=\"color: #ffffff;\">El\u0151fordul\u00e1sa, \u00e9l\u0151helye<\/span><\/h2>\n<p><span style=\"color: #ffffff;\">Az\u00a0<a style=\"color: #ffffff;\" title=\"Amerikai Egyes\u00fclt \u00c1llamok\" href=\"https:\/\/hu.wikipedia.org\/wiki\/Amerikai_Egyes%C3%BClt_%C3%81llamok\">Amerikai Egyes\u00fclt \u00c1llamokb\u00f3l<\/a>\u00a0sz\u00e1rmazik, \u00e9s ott az \u00e9szaki sz\u00e9less\u00e9g nagyj\u00e1b\u00f3l 26\u00b0 \u00e9s 42\u00b0 k\u00f6z\u00f6tt a keleti partt\u00f3l\u00a0<a style=\"color: #ffffff;\" title=\"Kansas\" href=\"https:\/\/hu.wikipedia.org\/wiki\/Kansas\">Kansas<\/a>\u00a0\u00e9s\u00a0<a style=\"color: #ffffff;\" title=\"Oklahoma\" href=\"https:\/\/hu.wikipedia.org\/wiki\/Oklahoma\">Oklahoma<\/a>\u00a0\u00e1llamok keleti hat\u00e1r\u00e1ig h\u00faz\u00f3d\u00f3, t\u00f6bb\u00e9-kev\u00e9sb\u00e9 \u00f6sszef\u00fcgg\u0151 s\u00e1vban \u00e9l; az\u00a0<a style=\"color: #ffffff;\" title=\"Appalache-hegys\u00e9g\" href=\"https:\/\/hu.wikipedia.org\/wiki\/Appalache-hegys%C3%A9g\">Appalache-hegys\u00e9gbe<\/a>\u00a0nem kapaszkodik f\u00f6l. Elterjed\u00e9s\u00e9nek \u00e9szaki hat\u00e1ra Kanada d\u00e9lkeleti r\u00e9sze. Mocs\u00e1rerd\u0151kben n\u0151.<\/span><\/p>\n<p><span style=\"color: #ffffff;\">Magyarorsz\u00e1gon parkfak\u00e9nt a balassagyarmati\u00a0<a style=\"color: #ffffff;\" title=\"Pal\u00f3c liget\" href=\"https:\/\/hu.wikipedia.org\/wiki\/Pal%C3%B3c_liget\">Pal\u00f3c ligetben<\/a>\u00a0is tal\u00e1lkozhatunk p\u00e9ld\u00e1nyaival.<sup id=\"cite_ref-1\" class=\"reference\"><a style=\"color: #ffffff;\" href=\"https:\/\/hu.wikipedia.org\/wiki\/Amerikai_mocs%C3%A1rt%C3%B6lgy#cite_note-1\">[1]<\/a><\/sup><\/span><\/p>\n<h2><span style=\"color: #ffffff;\"><span id=\"Jellemz.C3.A9se\"><\/span><span id=\"Jellemz\u00e9se\" class=\"mw-headline\">Jellemz\u00e9se<\/span><\/span><\/h2>\n<p><span style=\"color: #ffffff;\">30\u201335\u00a0m magasra n\u0151het. K\u00e9rge sz\u00fcrk\u00e9sbarna, sima.<\/span><\/p>\n<p><span style=\"color: #ffffff;\">Hasonl\u00edt a\u00a0<a style=\"color: #ffffff;\" title=\"V\u00f6r\u00f6s t\u00f6lgy\" href=\"https:\/\/hu.wikipedia.org\/wiki\/V%C3%B6r%C3%B6s_t%C3%B6lgy\">v\u00f6r\u00f6s t\u00f6lgyh\u00f6z<\/a>, de mintegy 15\u00a0cm hossz\u00fa \u00e9s 12\u00a0cm sz\u00e9les levelei m\u00e9lyebben, a f\u0151\u00e9r ir\u00e1ny\u00e1ra mer\u0151legesen kar\u00e9josak \u2013 s\u0151t, egy- vagy ak\u00e1r k\u00e9tszeresen szeldeltek is lehetnek, ami \u201eborzas\u201d hat\u00e1s\u00fav\u00e1 teszi a f\u00e1t. A kar\u00e9jok sz\u00far\u00f3s hegyben v\u00e9gz\u0151dnek. A levelek sz\u00edne \u00e9s fon\u00e1ka is f\u00e9nyes, s\u00f6t\u00e9tz\u00f6ld; \u00e9rzugaikban sz\u0151r\u00f6k n\u0151nek. Lombja \u0151sszel ragyog\u00f3 v\u00f6r\u00f6s sz\u00ednre v\u00e1lt.<\/span><\/p>\n<p><span style=\"color: #ffffff;\">A s\u00e1rg\u00e1sz\u00f6ld porz\u00f3s bark\u00e1k lecs\u00fcngenek, a term\u0151s vir\u00e1gok nem felt\u0171n\u0151ek. Cs\u00edkos\u00a0<a style=\"color: #ffffff;\" title=\"Makk\" href=\"https:\/\/hu.wikipedia.org\/wiki\/Makk\">makkjai<\/a>\u00a0a v\u00f6r\u00f6s t\u00f6lgy\u00e9in\u00e9l valamivel kisebbek (10\u201315\u00a0mm-esek). A\u00a0<a class=\"new\" style=\"color: #ffffff;\" title=\"Kupacs (a lap nem l\u00e9tezik)\" href=\"https:\/\/hu.wikipedia.org\/w\/index.php?title=Kupacs&amp;action=edit&amp;redlink=1\">kupacs<\/a>\u00a0sz\u00e9les, cs\u00e9sze alak\u00fa, a makkot egyharmad\u00e1ig bor\u00edtja.<\/span><\/p>\n<\/div>\n<p>&nbsp;<\/p>\n<p>&nbsp;<\/p>\n<p>&nbsp;<\/p>\n","protected":false},"excerpt":{"rendered":"<p>A Quercus palustris &#8216;Green Dwarf&#8217; ,G\u00f6mb mocs\u00e1ri t\u00f6lgy kistermet\u0171, g\u00f6mb koron\u00e1t nevel\u0151, lass\u00fa n\u00f6veked\u00e9s\u0171 lombhullat\u00f3 d\u00edszfa.<\/p>\n<p>Z\u00f6ld levelei f\u00e9nyesek, m\u00e9lyen, mer\u0151legesen szeldeltek. Levelei \u0151sszel narancsos-pirosr\u00f3l lil\u00e1s-bord\u00f3v\u00e1 sz\u00ednesednek.<\/p>\n<p>K 65 liter 10\/14- es t\u00f6rzsker\u00fclettel<\/p>\n<p>T\u00f6rzs magass\u00e1ga 180\/200cm<\/p>","protected":false},"featured_media":987,"template":"","meta":{"_et_pb_use_builder":"","_et_pb_old_content":"","_et_gb_content_width":""},"product_brand":[],"product_cat":[28],"product_tag":[143,142,144],"class_list":{"0":"post-983","1":"product","2":"type-product","3":"status-publish","4":"has-post-thumbnail","6":"product_cat-diszfak","7":"product_tag-gomb-mocsari-tolgy","8":"product_tag-quercus-palustris-green-dwarf","9":"product_tag-tolgy","11":"first","12":"instock","13":"shipping-taxable","14":"purchasable","15":"product-type-simple"},"yoast_head":"<!-- This site is optimized with the Yoast SEO plugin v27.4 - https:\/\/yoast.com\/product\/yoast-seo-wordpress\/ -->\n<title>Quercus palustris &#039;Green Dwarf&#039; ,G\u00f6mb mocs\u00e1ri t\u00f6lgy - T\u00e1jkert\u00e9sz<\/title>\n<meta name=\"description\" content=\"Quercus palustris &#039;Green Dwarf&#039; ,G\u00f6mb mocs\u00e1ri t\u00f6lgyKistermet\u0171, g\u00f6mb koron\u00e1t nevel\u0151, lass\u00fa n\u00f6veked\u00e9s\u0171 lombhullat\u00f3 d\u00edszfa.Levelei f\u00e9nyesek, m\u00e9lyen,szeldeltek.\" \/>\n<meta name=\"robots\" content=\"index, follow, max-snippet:-1, max-image-preview:large, max-video-preview:-1\" \/>\n<link rel=\"canonical\" href=\"https:\/\/tajkertesz.com\/en_US\/product\/quercus-palustris-green-dwarf-gomb-mocsari-tolgy\/\" \/>\n<meta property=\"og:locale\" content=\"en_US\" \/>\n<meta property=\"og:type\" content=\"article\" \/>\n<meta property=\"og:title\" content=\"Quercus palustris &#039;Green Dwarf&#039; ,G\u00f6mb mocs\u00e1ri t\u00f6lgy - T\u00e1jkert\u00e9sz\" \/>\n<meta property=\"og:description\" content=\"Quercus palustris &#039;Green Dwarf&#039; ,G\u00f6mb mocs\u00e1ri t\u00f6lgyKistermet\u0171, g\u00f6mb koron\u00e1t nevel\u0151, lass\u00fa n\u00f6veked\u00e9s\u0171 lombhullat\u00f3 d\u00edszfa.Levelei f\u00e9nyesek, m\u00e9lyen,szeldeltek.\" \/>\n<meta property=\"og:url\" content=\"https:\/\/tajkertesz.com\/en_US\/product\/quercus-palustris-green-dwarf-gomb-mocsari-tolgy\/\" \/>\n<meta property=\"og:site_name\" content=\"T\u00e1jkert\u00e9sz\" \/>\n<meta property=\"article:publisher\" content=\"https:\/\/www.facebook.com\/Tajkertesz\/\" \/>\n<meta property=\"article:modified_time\" content=\"2024-05-06T07:46:05+00:00\" \/>\n<meta property=\"og:image\" content=\"https:\/\/tajkertesz.com\/wp-content\/uploads\/2020\/02\/Quercus-palustris-Green-Dwarf.jpg\" \/>\n\t<meta property=\"og:image:width\" content=\"960\" \/>\n\t<meta property=\"og:image:height\" content=\"640\" \/>\n\t<meta property=\"og:image:type\" content=\"image\/jpeg\" \/>\n<meta name=\"twitter:card\" content=\"summary_large_image\" \/>\n<meta name=\"twitter:label1\" content=\"Est. reading time\" \/>\n\t<meta name=\"twitter:data1\" content=\"3 minutes\" \/>\n<script type=\"application\/ld+json\" class=\"yoast-schema-graph\">{\"@context\":\"https:\\\/\\\/schema.org\",\"@graph\":[{\"@type\":\"WebPage\",\"@id\":\"https:\\\/\\\/tajkertesz.com\\\/termek\\\/quercus-palustris-green-dwarf-gomb-mocsari-tolgy\\\/\",\"url\":\"https:\\\/\\\/tajkertesz.com\\\/termek\\\/quercus-palustris-green-dwarf-gomb-mocsari-tolgy\\\/\",\"name\":\"Quercus palustris 'Green Dwarf' ,G\u00f6mb mocs\u00e1ri t\u00f6lgy - T\u00e1jkert\u00e9sz\",\"isPartOf\":{\"@id\":\"https:\\\/\\\/tajkertesz.com\\\/#website\"},\"primaryImageOfPage\":{\"@id\":\"https:\\\/\\\/tajkertesz.com\\\/termek\\\/quercus-palustris-green-dwarf-gomb-mocsari-tolgy\\\/#primaryimage\"},\"image\":{\"@id\":\"https:\\\/\\\/tajkertesz.com\\\/termek\\\/quercus-palustris-green-dwarf-gomb-mocsari-tolgy\\\/#primaryimage\"},\"thumbnailUrl\":\"https:\\\/\\\/tajkertesz.com\\\/wp-content\\\/uploads\\\/2020\\\/02\\\/Quercus-palustris-Green-Dwarf.jpg\",\"datePublished\":\"2020-02-19T13:23:02+00:00\",\"dateModified\":\"2024-05-06T07:46:05+00:00\",\"description\":\"Quercus palustris 'Green Dwarf' ,G\u00f6mb mocs\u00e1ri t\u00f6lgyKistermet\u0171, g\u00f6mb koron\u00e1t nevel\u0151, lass\u00fa n\u00f6veked\u00e9s\u0171 lombhullat\u00f3 d\u00edszfa.Levelei f\u00e9nyesek, m\u00e9lyen,szeldeltek.\",\"breadcrumb\":{\"@id\":\"https:\\\/\\\/tajkertesz.com\\\/termek\\\/quercus-palustris-green-dwarf-gomb-mocsari-tolgy\\\/#breadcrumb\"},\"inLanguage\":\"en-US\",\"potentialAction\":[{\"@type\":\"ReadAction\",\"target\":[\"https:\\\/\\\/tajkertesz.com\\\/termek\\\/quercus-palustris-green-dwarf-gomb-mocsari-tolgy\\\/\"]}]},{\"@type\":\"ImageObject\",\"inLanguage\":\"en-US\",\"@id\":\"https:\\\/\\\/tajkertesz.com\\\/termek\\\/quercus-palustris-green-dwarf-gomb-mocsari-tolgy\\\/#primaryimage\",\"url\":\"https:\\\/\\\/tajkertesz.com\\\/wp-content\\\/uploads\\\/2020\\\/02\\\/Quercus-palustris-Green-Dwarf.jpg\",\"contentUrl\":\"https:\\\/\\\/tajkertesz.com\\\/wp-content\\\/uploads\\\/2020\\\/02\\\/Quercus-palustris-Green-Dwarf.jpg\",\"width\":960,\"height\":640,\"caption\":\"Quercus palustris Green Dwarf W &amp; S Lockyer exhibitor stand plant portrait 030717 03072017 03\\\/07\\\/17 03\\\/07\\\/2017 3 3rd July 2017 Summer RHS Hampton Court Flower Show 2017 Floral Marquee photographer Torie Chugg horizontal\"},{\"@type\":\"BreadcrumbList\",\"@id\":\"https:\\\/\\\/tajkertesz.com\\\/termek\\\/quercus-palustris-green-dwarf-gomb-mocsari-tolgy\\\/#breadcrumb\",\"itemListElement\":[{\"@type\":\"ListItem\",\"position\":1,\"name\":\"Home\",\"item\":\"https:\\\/\\\/tajkertesz.com\\\/\"},{\"@type\":\"ListItem\",\"position\":2,\"name\":\"Kezd\u0151lap\",\"item\":\"https:\\\/\\\/tajkertesz.com\\\/\"},{\"@type\":\"ListItem\",\"position\":3,\"name\":\"Quercus palustris &#8216;Green Dwarf&#8217; ,G\u00f6mb mocs\u00e1ri t\u00f6lgy\"}]},{\"@type\":\"WebSite\",\"@id\":\"https:\\\/\\\/tajkertesz.com\\\/#website\",\"url\":\"https:\\\/\\\/tajkertesz.com\\\/\",\"name\":\"T\u00e1j-Kert\u00e9sz 84 Kft.\",\"description\":\"Kert\u00e9szeti kis- \u00e9s nagykeresked\u00e9s, D\u00edszn\u00f6v\u00e9ny web\u00e1ruh\u00e1z orsz\u00e1gos h\u00e1zhozsz\u00e1ll\u00edt\u00e1ssal!\",\"publisher\":{\"@id\":\"https:\\\/\\\/tajkertesz.com\\\/#organization\"},\"potentialAction\":[{\"@type\":\"SearchAction\",\"target\":{\"@type\":\"EntryPoint\",\"urlTemplate\":\"https:\\\/\\\/tajkertesz.com\\\/?s={search_term_string}\"},\"query-input\":{\"@type\":\"PropertyValueSpecification\",\"valueRequired\":true,\"valueName\":\"search_term_string\"}}],\"inLanguage\":\"en-US\"},{\"@type\":\"Organization\",\"@id\":\"https:\\\/\\\/tajkertesz.com\\\/#organization\",\"name\":\"T\u00e1j-Kert\u00e9sz 84 Kft.\",\"url\":\"https:\\\/\\\/tajkertesz.com\\\/\",\"logo\":{\"@type\":\"ImageObject\",\"inLanguage\":\"en-US\",\"@id\":\"https:\\\/\\\/tajkertesz.com\\\/#\\\/schema\\\/logo\\\/image\\\/\",\"url\":\"https:\\\/\\\/tajkertesz.com\\\/wp-content\\\/uploads\\\/2018\\\/02\\\/logo-2-e1518678052539.png\",\"contentUrl\":\"https:\\\/\\\/tajkertesz.com\\\/wp-content\\\/uploads\\\/2018\\\/02\\\/logo-2-e1518678052539.png\",\"width\":81,\"height\":140,\"caption\":\"T\u00e1j-Kert\u00e9sz 84 Kft.\"},\"image\":{\"@id\":\"https:\\\/\\\/tajkertesz.com\\\/#\\\/schema\\\/logo\\\/image\\\/\"},\"sameAs\":[\"https:\\\/\\\/www.facebook.com\\\/Tajkertesz\\\/\"]}]}<\/script>\n<!-- \/ Yoast SEO plugin. -->","yoast_head_json":{"title":"Quercus palustris 'Green Dwarf' ,G\u00f6mb mocs\u00e1ri t\u00f6lgy - T\u00e1jkert\u00e9sz","description":"Quercus palustris 'Green Dwarf' ,G\u00f6mb mocs\u00e1ri t\u00f6lgyKistermet\u0171, g\u00f6mb koron\u00e1t nevel\u0151, lass\u00fa n\u00f6veked\u00e9s\u0171 lombhullat\u00f3 d\u00edszfa.Levelei f\u00e9nyesek, m\u00e9lyen,szeldeltek.","robots":{"index":"index","follow":"follow","max-snippet":"max-snippet:-1","max-image-preview":"max-image-preview:large","max-video-preview":"max-video-preview:-1"},"canonical":"https:\/\/tajkertesz.com\/en_US\/product\/quercus-palustris-green-dwarf-gomb-mocsari-tolgy\/","og_locale":"en_US","og_type":"article","og_title":"Quercus palustris 'Green Dwarf' ,G\u00f6mb mocs\u00e1ri t\u00f6lgy - T\u00e1jkert\u00e9sz","og_description":"Quercus palustris 'Green Dwarf' ,G\u00f6mb mocs\u00e1ri t\u00f6lgyKistermet\u0171, g\u00f6mb koron\u00e1t nevel\u0151, lass\u00fa n\u00f6veked\u00e9s\u0171 lombhullat\u00f3 d\u00edszfa.Levelei f\u00e9nyesek, m\u00e9lyen,szeldeltek.","og_url":"https:\/\/tajkertesz.com\/en_US\/product\/quercus-palustris-green-dwarf-gomb-mocsari-tolgy\/","og_site_name":"T\u00e1jkert\u00e9sz","article_publisher":"https:\/\/www.facebook.com\/Tajkertesz\/","article_modified_time":"2024-05-06T07:46:05+00:00","og_image":[{"width":960,"height":640,"url":"https:\/\/tajkertesz.com\/wp-content\/uploads\/2020\/02\/Quercus-palustris-Green-Dwarf.jpg","type":"image\/jpeg"}],"twitter_card":"summary_large_image","twitter_misc":{"Est. reading time":"3 minutes"},"schema":{"@context":"https:\/\/schema.org","@graph":[{"@type":"WebPage","@id":"https:\/\/tajkertesz.com\/termek\/quercus-palustris-green-dwarf-gomb-mocsari-tolgy\/","url":"https:\/\/tajkertesz.com\/termek\/quercus-palustris-green-dwarf-gomb-mocsari-tolgy\/","name":"Quercus palustris 'Green Dwarf' ,G\u00f6mb mocs\u00e1ri t\u00f6lgy - T\u00e1jkert\u00e9sz","isPartOf":{"@id":"https:\/\/tajkertesz.com\/#website"},"primaryImageOfPage":{"@id":"https:\/\/tajkertesz.com\/termek\/quercus-palustris-green-dwarf-gomb-mocsari-tolgy\/#primaryimage"},"image":{"@id":"https:\/\/tajkertesz.com\/termek\/quercus-palustris-green-dwarf-gomb-mocsari-tolgy\/#primaryimage"},"thumbnailUrl":"https:\/\/tajkertesz.com\/wp-content\/uploads\/2020\/02\/Quercus-palustris-Green-Dwarf.jpg","datePublished":"2020-02-19T13:23:02+00:00","dateModified":"2024-05-06T07:46:05+00:00","description":"Quercus palustris 'Green Dwarf' ,G\u00f6mb mocs\u00e1ri t\u00f6lgyKistermet\u0171, g\u00f6mb koron\u00e1t nevel\u0151, lass\u00fa n\u00f6veked\u00e9s\u0171 lombhullat\u00f3 d\u00edszfa.Levelei f\u00e9nyesek, m\u00e9lyen,szeldeltek.","breadcrumb":{"@id":"https:\/\/tajkertesz.com\/termek\/quercus-palustris-green-dwarf-gomb-mocsari-tolgy\/#breadcrumb"},"inLanguage":"en-US","potentialAction":[{"@type":"ReadAction","target":["https:\/\/tajkertesz.com\/termek\/quercus-palustris-green-dwarf-gomb-mocsari-tolgy\/"]}]},{"@type":"ImageObject","inLanguage":"en-US","@id":"https:\/\/tajkertesz.com\/termek\/quercus-palustris-green-dwarf-gomb-mocsari-tolgy\/#primaryimage","url":"https:\/\/tajkertesz.com\/wp-content\/uploads\/2020\/02\/Quercus-palustris-Green-Dwarf.jpg","contentUrl":"https:\/\/tajkertesz.com\/wp-content\/uploads\/2020\/02\/Quercus-palustris-Green-Dwarf.jpg","width":960,"height":640,"caption":"Quercus palustris Green Dwarf W &amp; S Lockyer exhibitor stand plant portrait 030717 03072017 03\/07\/17 03\/07\/2017 3 3rd July 2017 Summer RHS Hampton Court Flower Show 2017 Floral Marquee photographer Torie Chugg horizontal"},{"@type":"BreadcrumbList","@id":"https:\/\/tajkertesz.com\/termek\/quercus-palustris-green-dwarf-gomb-mocsari-tolgy\/#breadcrumb","itemListElement":[{"@type":"ListItem","position":1,"name":"Home","item":"https:\/\/tajkertesz.com\/"},{"@type":"ListItem","position":2,"name":"Kezd\u0151lap","item":"https:\/\/tajkertesz.com\/"},{"@type":"ListItem","position":3,"name":"Quercus palustris &#8216;Green Dwarf&#8217; ,G\u00f6mb mocs\u00e1ri t\u00f6lgy"}]},{"@type":"WebSite","@id":"https:\/\/tajkertesz.com\/#website","url":"https:\/\/tajkertesz.com\/","name":"T\u00e1j-Kert\u00e9sz 84 Kft.","description":"Kert\u00e9szeti kis- \u00e9s nagykeresked\u00e9s, D\u00edszn\u00f6v\u00e9ny web\u00e1ruh\u00e1z orsz\u00e1gos h\u00e1zhozsz\u00e1ll\u00edt\u00e1ssal!","publisher":{"@id":"https:\/\/tajkertesz.com\/#organization"},"potentialAction":[{"@type":"SearchAction","target":{"@type":"EntryPoint","urlTemplate":"https:\/\/tajkertesz.com\/?s={search_term_string}"},"query-input":{"@type":"PropertyValueSpecification","valueRequired":true,"valueName":"search_term_string"}}],"inLanguage":"en-US"},{"@type":"Organization","@id":"https:\/\/tajkertesz.com\/#organization","name":"T\u00e1j-Kert\u00e9sz 84 Kft.","url":"https:\/\/tajkertesz.com\/","logo":{"@type":"ImageObject","inLanguage":"en-US","@id":"https:\/\/tajkertesz.com\/#\/schema\/logo\/image\/","url":"https:\/\/tajkertesz.com\/wp-content\/uploads\/2018\/02\/logo-2-e1518678052539.png","contentUrl":"https:\/\/tajkertesz.com\/wp-content\/uploads\/2018\/02\/logo-2-e1518678052539.png","width":81,"height":140,"caption":"T\u00e1j-Kert\u00e9sz 84 Kft."},"image":{"@id":"https:\/\/tajkertesz.com\/#\/schema\/logo\/image\/"},"sameAs":["https:\/\/www.facebook.com\/Tajkertesz\/"]}]}},"_links":{"self":[{"href":"https:\/\/tajkertesz.com\/en_US\/wp-json\/wp\/v2\/product\/983","targetHints":{"allow":["GET"]}}],"collection":[{"href":"https:\/\/tajkertesz.com\/en_US\/wp-json\/wp\/v2\/product"}],"about":[{"href":"https:\/\/tajkertesz.com\/en_US\/wp-json\/wp\/v2\/types\/product"}],"wp:featuredmedia":[{"embeddable":true,"href":"https:\/\/tajkertesz.com\/en_US\/wp-json\/wp\/v2\/media\/987"}],"wp:attachment":[{"href":"https:\/\/tajkertesz.com\/en_US\/wp-json\/wp\/v2\/media?parent=983"}],"wp:term":[{"taxonomy":"product_brand","embeddable":true,"href":"https:\/\/tajkertesz.com\/en_US\/wp-json\/wp\/v2\/product_brand?post=983"},{"taxonomy":"product_cat","embeddable":true,"href":"https:\/\/tajkertesz.com\/en_US\/wp-json\/wp\/v2\/product_cat?post=983"},{"taxonomy":"product_tag","embeddable":true,"href":"https:\/\/tajkertesz.com\/en_US\/wp-json\/wp\/v2\/product_tag?post=983"}],"curies":[{"name":"wp","href":"https:\/\/api.w.org\/{rel}","templated":true}]}}