{"id":9835,"date":"2021-10-04T11:04:36","date_gmt":"2021-10-04T11:04:36","guid":{"rendered":"https:\/\/tajkertesz.com\/?post_type=product&#038;p=9835"},"modified":"2026-02-16T15:06:56","modified_gmt":"2026-02-16T15:06:56","slug":"redei-kertimag-stanley-zold-huvelyu-bokorbab-50g","status":"publish","type":"product","link":"https:\/\/tajkertesz.com\/en_US\/product\/redei-kertimag-stanley-zold-huvelyu-bokorbab-50g\/","title":{"rendered":"Bab Stanley Z\u00f6ld H\u00fcvely\u0171 Bokorbab 50g"},"content":{"rendered":"<div>\n<h1 class=\"product-page-heading\">Bab Stanley Z\u00f6ld H\u00fcvely\u0171 Bokorbab 50g<\/h1>\n<\/div>\n<div>\n<p class=\"product-page-heading\">Bab Stanley Z\u00f6ld H\u00fcvely\u0171 Bokorbab 50g Sz\u00e1lkamentes ceruzabab! K\u00f6z\u00e9p\u00e9r\u00e9s\u0171 (12-13cm) b\u0151term\u0151 holland ceruzabab. A n\u00f6v\u00e9ny 50 cm magas, h\u00fcvelye k\u00f6z\u00e9pz\u00f6ld sz\u00edn\u0171, egyenes, kerek keresztmetszet\u0171, sz\u00e1lkamentes. Friss fogyaszt\u00e1sra \u00e9s m\u00e9lyh\u0171t\u00e9sre kiv\u00e1l\u00f3<\/p>\n<\/div>\n<p>Vet\u00e9s: F\u00e9szekbe vagy sorokba, f\u00e9szkes\u00a0 vet\u00e9sn\u00e9l 30-40 cm x 30 cm-re 4-5 magot vet\u00fcnk. Szed\u00e9s: 4-8 naponta, zsenge \u00e1llapotban, amikor a h\u00fcvely pattanva t\u00f6rik. Tipp: Fagyaszt\u00e1s el\u0151tt blans\u00edrozzuk, vagyis p\u00e1r percig f\u0151zz\u00fck, majd hideg v\u00edzzel le\u00f6bl\u00edtj\u00fck. Tartalma cca. 8-10 foly\u00f3m\u00e9terre elegend\u0151.<\/p>\n<p>Melegig\u00e9nyes n\u00f6v\u00e9ny, fagy\u00e9rz\u00e9kenys\u00e9ge miatt, \u00e1prilis v\u00e9g\u00e9n illetve m\u00e1jus els\u0151 fel\u00e9ben vetj\u00fck. Rendszeres \u00f6nt\u00f6z\u00e9st ig\u00e9nyel, erre a h\u00fcvelyk\u00e9pz\u0151d\u00e9s id\u0151szak\u00e1ban k\u00fcl\u00f6n\u00f6sen figyelj\u00fcnk.<\/p>\n<p>A bab gy\u00f6k\u00e9rzet\u00e9n nitrog\u00e9ngy\u0171jt\u0151 bakt\u00e9riumok \u00e9lnek, ez azonban nem jelenti azt, hogy ne ig\u00e9nyeln\u00e9 a megfelel\u0151 t\u00e1panyagut\u00e1np\u00f3tl\u00e1st. A talajt nitrog\u00e9nt\u00fals\u00falyos t\u00e1rgy\u00e1val \u00e9rdemes feljav\u00edtani, az azonban fontos, hogy a tr\u00e1gy\u00e1z\u00e1st k\u00f6vet\u0151 m\u00e1sodik \u00e9vben vess\u00fck.<\/p>\n<p>Legjobban a semleges vagy enyh\u00e9n l\u00fagos talajokat kedveli.<\/p>\n<p>A bokorbab vegyes kult\u00far\u00e1ban \u00e9s \u00f6n\u00e1ll\u00f3 \u00e1gy\u00e1sban is termeszthet\u0151, j\u00f3 t\u00e1rsn\u00f6v\u00e9nye p\u00e9ld\u00e1ul a h\u00f3napos retek \u00e9s a spen\u00f3t is. F\u00e9szekbe \u00e9s sorban is vethetj\u00fck, a sorok k\u00f6z\u00f6tt 40 cm-es t\u00e1vols\u00e1got tartsunk, a magok legal\u00e1bb 4 cm m\u00e9lyre \u00e9s egym\u00e1st\u00f3l kb. 7-8 cm-re legyenek.<\/p>\n<p>Amennyiben v\u00e9szekbe vetj\u00fck, 50\u00d750 cm t\u00e1vols\u00e1got hagyjunk, egy f\u00e9szekbe 6-8 mag ker\u00fclj\u00f6n. A magokat mindk\u00e9t esetben \u00e9rdemes a vet\u00e9st megel\u0151z\u0151en legal\u00e1bb 6-8 \u00f3r\u00e1ra be\u00e1ztatni, ez seg\u00edti a gyorsabb kel\u00e9st.<\/p>\n<p>\u00c9rdemes szakaszosan vetni, \u00edgy folyamatosan szedhet\u0151 term\u00e9st kapunk. A betakar\u00edt\u00e1st kb. 8-10 h\u00e9t m\u00falva kezdhetj\u00fck el.\u00a0 A h\u00fcvelyk\u00e9pz\u0151d\u00e9s alatt \u00f6nt\u00f6zz\u00fck \u00e9s jutassunk ki egyszer nitrog\u00e9nm\u0171tr\u00e1gy\u00e1t, ezzel tov\u00e1bbi vir\u00e1gz\u00e1st, ez\u00e1ltal pedig plusz term\u00e9st \u00e9rhet\u00fcnk el.<\/p>\n<p>&nbsp;<\/p>\n<p><strong>K\u00e9szlet\u00fcnk napi szinten v\u00e1ltozik, ez\u00e9rt k\u00e9rj\u00fck, \u00e9rdekl\u0151dj\u00f6n szem\u00e9lyesen, telefonon vagy email-en.<br \/>\nA v\u00e1ltoztat\u00e1s jog\u00e1t fenntartjuk!\u00a0<\/strong><\/p>\n<p><a href=\"https:\/\/tajkertesz.com\/\">https:\/\/tajkertesz.com\/<\/a><\/p>\n<p><a href=\"https:\/\/www.facebook.com\/tajkertesz\/\">https:\/\/www.facebook.com\/tajkertesz\/<\/a><\/p>\n<p>Kisz\u00e1ll\u00edt\u00e1s: 200cm-ig \u00a0\u00e9s 40 kg-ig a sz\u00e1ll\u00edt\u00e1s fut\u00e1rszolg\u00e1lattal \u00a0t\u00f6rt\u00e9nik!<\/p>\n<p>Szem\u00e9lyes \u00e1tv\u00e9tel nyitvatart\u00e1si id\u0151ben a 17. ker\u00fclet Bakancsos utca 7. sz\u00e1m alatti Kert\u00e9szeti \u00e1rud\u00e1ban<\/p>\n<p>&nbsp;<\/p>\n<p>Szem\u00e9lyes \u00e1tv\u00e9tel ak\u00e1r a mai napon, vagy h\u00e1zhozsz\u00e1ll\u00edt\u00e1s 1-2 napon bel\u00fcl!<\/p>\n<p>&nbsp;<\/p>\n<p>1173.Bp.Bakancsos u.7.<\/p>\n<p><a href=\"https:\/\/www.tajkertesz.com\/\">www.tajkertesz.com<\/a><\/p>\n<p>Kert\u00e9szeti kis-\u00e9s nagykeresked\u00e9s<\/p>\n<p>&nbsp;<\/p>\n<p>&nbsp;<\/p>\n<p>&nbsp;<\/p>\n<p style=\"line-height: 18.0pt; background: white; margin: 0cm 0cm 15.0pt 0cm;\"><b><span style=\"font-family: 'Ubuntu',serif; color: black;\">K\u00e9szlet\u00fcnk napi szinten v\u00e1ltozik, ez\u00e9rt k\u00e9rj\u00fck, \u00e9rdekl\u0151dj\u00f6n szem\u00e9lyesen, telefonon vagy email-en.<br \/>\nA v\u00e1ltoztat\u00e1s jog\u00e1t fenntartjuk!\u00a0<\/span><\/b><\/p>\n<p><a href=\"https:\/\/tajkertesz.com\/\">https:\/\/tajkertesz.com\/<\/a><\/p>\n<p><a href=\"https:\/\/www.facebook.com\/tajkertesz\">https:\/\/www.facebook.com\/tajkertesz<\/a><\/p>\n<h4><\/h4>","protected":false},"excerpt":{"rendered":"<h1 class=\"product-page-heading\">R\u00e9dei Kertimag Stanley Z\u00f6ld H\u00fcvely\u0171 Bokorbab 50g<\/h1>\n<p class=\"product-page-heading\">Bab Stanley Z\u00f6ld H\u00fcvely\u0171 Bokorbab 50g Sz\u00e1lkamentes ceruzabab! K\u00f6z\u00e9p\u00e9r\u00e9s\u0171 (12-13cm) b\u0151term\u0151 holland ceruzabab. A n\u00f6v\u00e9ny 50 cm magas, h\u00fcvelye k\u00f6z\u00e9pz\u00f6ld sz\u00edn\u0171, egyenes, kerek keresztmetszet\u0171, sz\u00e1lkamentes. Friss fogyaszt\u00e1sra \u00e9s m\u00e9lyh\u0171t\u00e9sre kiv\u00e1l\u00f3<\/p>","protected":false},"featured_media":14798,"template":"","meta":{"_et_pb_use_builder":"","_et_pb_old_content":"","_et_gb_content_width":""},"product_brand":[],"product_cat":[2881],"product_tag":[2864],"class_list":{"0":"post-9835","1":"product","2":"type-product","3":"status-publish","4":"has-post-thumbnail","6":"product_cat-zoldsegnoveny-vetomagok","7":"product_tag-redei-kertimag-stanley-zold-huvelyu-bokorbab-50g","9":"first","10":"instock","11":"shipping-taxable","12":"purchasable","13":"product-type-simple"},"yoast_head":"<!-- This site is optimized with the Yoast SEO plugin v27.5 - https:\/\/yoast.com\/product\/yoast-seo-wordpress\/ -->\n<title>Bab Stanley Z\u00f6ld H\u00fcvely\u0171 Bokorbab 50g - T\u00e1jkert\u00e9sz<\/title>\n<meta name=\"description\" content=\"R\u00e9dei Kertimag Stanley Z\u00f6ld H\u00fcvely\u0171 Bokorbab 50gSz\u00e1lkamentes ceruzabab! K\u00f6z\u00e9p\u00e9r\u00e9s\u0171 (12-13cm) b\u0151term\u0151 holland ceruzabab. A n\u00f6v\u00e9ny 50 cm magas.\" \/>\n<meta name=\"robots\" content=\"index, follow, max-snippet:-1, max-image-preview:large, max-video-preview:-1\" \/>\n<link rel=\"canonical\" href=\"https:\/\/tajkertesz.com\/en_US\/product\/redei-kertimag-stanley-zold-huvelyu-bokorbab-50g\/\" \/>\n<meta property=\"og:locale\" content=\"en_US\" \/>\n<meta property=\"og:type\" content=\"article\" \/>\n<meta property=\"og:title\" content=\"Bab Stanley Z\u00f6ld H\u00fcvely\u0171 Bokorbab 50g - T\u00e1jkert\u00e9sz\" \/>\n<meta property=\"og:description\" content=\"R\u00e9dei Kertimag Stanley Z\u00f6ld H\u00fcvely\u0171 Bokorbab 50gSz\u00e1lkamentes ceruzabab! K\u00f6z\u00e9p\u00e9r\u00e9s\u0171 (12-13cm) b\u0151term\u0151 holland ceruzabab. A n\u00f6v\u00e9ny 50 cm magas.\" \/>\n<meta property=\"og:url\" content=\"https:\/\/tajkertesz.com\/en_US\/product\/redei-kertimag-stanley-zold-huvelyu-bokorbab-50g\/\" \/>\n<meta property=\"og:site_name\" content=\"T\u00e1jkert\u00e9sz\" \/>\n<meta property=\"article:publisher\" content=\"https:\/\/www.facebook.com\/Tajkertesz\/\" \/>\n<meta property=\"article:modified_time\" content=\"2026-02-16T15:06:56+00:00\" \/>\n<meta property=\"og:image\" content=\"https:\/\/tajkertesz.com\/wp-content\/uploads\/2021\/06\/20230117_145733-1-scaled.jpg\" \/>\n\t<meta property=\"og:image:width\" content=\"1589\" \/>\n\t<meta property=\"og:image:height\" content=\"2560\" \/>\n\t<meta property=\"og:image:type\" content=\"image\/jpeg\" \/>\n<meta name=\"twitter:card\" content=\"summary_large_image\" \/>\n<meta name=\"twitter:label1\" content=\"Est. reading time\" \/>\n\t<meta name=\"twitter:data1\" content=\"2 minutes\" \/>\n<script type=\"application\/ld+json\" class=\"yoast-schema-graph\">{\"@context\":\"https:\\\/\\\/schema.org\",\"@graph\":[{\"@type\":\"WebPage\",\"@id\":\"https:\\\/\\\/tajkertesz.com\\\/termek\\\/redei-kertimag-stanley-zold-huvelyu-bokorbab-50g\\\/\",\"url\":\"https:\\\/\\\/tajkertesz.com\\\/termek\\\/redei-kertimag-stanley-zold-huvelyu-bokorbab-50g\\\/\",\"name\":\"Bab Stanley Z\u00f6ld H\u00fcvely\u0171 Bokorbab 50g - T\u00e1jkert\u00e9sz\",\"isPartOf\":{\"@id\":\"https:\\\/\\\/tajkertesz.com\\\/#website\"},\"primaryImageOfPage\":{\"@id\":\"https:\\\/\\\/tajkertesz.com\\\/termek\\\/redei-kertimag-stanley-zold-huvelyu-bokorbab-50g\\\/#primaryimage\"},\"image\":{\"@id\":\"https:\\\/\\\/tajkertesz.com\\\/termek\\\/redei-kertimag-stanley-zold-huvelyu-bokorbab-50g\\\/#primaryimage\"},\"thumbnailUrl\":\"https:\\\/\\\/tajkertesz.com\\\/wp-content\\\/uploads\\\/2021\\\/06\\\/20230117_145733-1-scaled.jpg\",\"datePublished\":\"2021-10-04T11:04:36+00:00\",\"dateModified\":\"2026-02-16T15:06:56+00:00\",\"description\":\"R\u00e9dei Kertimag Stanley Z\u00f6ld H\u00fcvely\u0171 Bokorbab 50gSz\u00e1lkamentes ceruzabab! K\u00f6z\u00e9p\u00e9r\u00e9s\u0171 (12-13cm) b\u0151term\u0151 holland ceruzabab. A n\u00f6v\u00e9ny 50 cm magas.\",\"breadcrumb\":{\"@id\":\"https:\\\/\\\/tajkertesz.com\\\/termek\\\/redei-kertimag-stanley-zold-huvelyu-bokorbab-50g\\\/#breadcrumb\"},\"inLanguage\":\"en-US\",\"potentialAction\":[{\"@type\":\"ReadAction\",\"target\":[\"https:\\\/\\\/tajkertesz.com\\\/termek\\\/redei-kertimag-stanley-zold-huvelyu-bokorbab-50g\\\/\"]}]},{\"@type\":\"ImageObject\",\"inLanguage\":\"en-US\",\"@id\":\"https:\\\/\\\/tajkertesz.com\\\/termek\\\/redei-kertimag-stanley-zold-huvelyu-bokorbab-50g\\\/#primaryimage\",\"url\":\"https:\\\/\\\/tajkertesz.com\\\/wp-content\\\/uploads\\\/2021\\\/06\\\/20230117_145733-1-scaled.jpg\",\"contentUrl\":\"https:\\\/\\\/tajkertesz.com\\\/wp-content\\\/uploads\\\/2021\\\/06\\\/20230117_145733-1-scaled.jpg\",\"width\":1589,\"height\":2560},{\"@type\":\"BreadcrumbList\",\"@id\":\"https:\\\/\\\/tajkertesz.com\\\/termek\\\/redei-kertimag-stanley-zold-huvelyu-bokorbab-50g\\\/#breadcrumb\",\"itemListElement\":[{\"@type\":\"ListItem\",\"position\":1,\"name\":\"Home\",\"item\":\"https:\\\/\\\/tajkertesz.com\\\/\"},{\"@type\":\"ListItem\",\"position\":2,\"name\":\"Kezd\u0151lap\",\"item\":\"https:\\\/\\\/tajkertesz.com\\\/\"},{\"@type\":\"ListItem\",\"position\":3,\"name\":\"Bab Stanley Z\u00f6ld H\u00fcvely\u0171 Bokorbab 50g\"}]},{\"@type\":\"WebSite\",\"@id\":\"https:\\\/\\\/tajkertesz.com\\\/#website\",\"url\":\"https:\\\/\\\/tajkertesz.com\\\/\",\"name\":\"T\u00e1j-Kert\u00e9sz 84 Kft.\",\"description\":\"Kert\u00e9szeti kis- \u00e9s nagykeresked\u00e9s, D\u00edszn\u00f6v\u00e9ny web\u00e1ruh\u00e1z orsz\u00e1gos h\u00e1zhozsz\u00e1ll\u00edt\u00e1ssal!\",\"publisher\":{\"@id\":\"https:\\\/\\\/tajkertesz.com\\\/#organization\"},\"potentialAction\":[{\"@type\":\"SearchAction\",\"target\":{\"@type\":\"EntryPoint\",\"urlTemplate\":\"https:\\\/\\\/tajkertesz.com\\\/?s={search_term_string}\"},\"query-input\":{\"@type\":\"PropertyValueSpecification\",\"valueRequired\":true,\"valueName\":\"search_term_string\"}}],\"inLanguage\":\"en-US\"},{\"@type\":\"Organization\",\"@id\":\"https:\\\/\\\/tajkertesz.com\\\/#organization\",\"name\":\"T\u00e1j-Kert\u00e9sz 84 Kft.\",\"url\":\"https:\\\/\\\/tajkertesz.com\\\/\",\"logo\":{\"@type\":\"ImageObject\",\"inLanguage\":\"en-US\",\"@id\":\"https:\\\/\\\/tajkertesz.com\\\/#\\\/schema\\\/logo\\\/image\\\/\",\"url\":\"https:\\\/\\\/tajkertesz.com\\\/wp-content\\\/uploads\\\/2018\\\/02\\\/logo-2-e1518678052539.png\",\"contentUrl\":\"https:\\\/\\\/tajkertesz.com\\\/wp-content\\\/uploads\\\/2018\\\/02\\\/logo-2-e1518678052539.png\",\"width\":81,\"height\":140,\"caption\":\"T\u00e1j-Kert\u00e9sz 84 Kft.\"},\"image\":{\"@id\":\"https:\\\/\\\/tajkertesz.com\\\/#\\\/schema\\\/logo\\\/image\\\/\"},\"sameAs\":[\"https:\\\/\\\/www.facebook.com\\\/Tajkertesz\\\/\"]}]}<\/script>\n<!-- \/ Yoast SEO plugin. -->","yoast_head_json":{"title":"Bab Stanley Z\u00f6ld H\u00fcvely\u0171 Bokorbab 50g - T\u00e1jkert\u00e9sz","description":"R\u00e9dei Kertimag Stanley Z\u00f6ld H\u00fcvely\u0171 Bokorbab 50gSz\u00e1lkamentes ceruzabab! K\u00f6z\u00e9p\u00e9r\u00e9s\u0171 (12-13cm) b\u0151term\u0151 holland ceruzabab. A n\u00f6v\u00e9ny 50 cm magas.","robots":{"index":"index","follow":"follow","max-snippet":"max-snippet:-1","max-image-preview":"max-image-preview:large","max-video-preview":"max-video-preview:-1"},"canonical":"https:\/\/tajkertesz.com\/en_US\/product\/redei-kertimag-stanley-zold-huvelyu-bokorbab-50g\/","og_locale":"en_US","og_type":"article","og_title":"Bab Stanley Z\u00f6ld H\u00fcvely\u0171 Bokorbab 50g - T\u00e1jkert\u00e9sz","og_description":"R\u00e9dei Kertimag Stanley Z\u00f6ld H\u00fcvely\u0171 Bokorbab 50gSz\u00e1lkamentes ceruzabab! K\u00f6z\u00e9p\u00e9r\u00e9s\u0171 (12-13cm) b\u0151term\u0151 holland ceruzabab. A n\u00f6v\u00e9ny 50 cm magas.","og_url":"https:\/\/tajkertesz.com\/en_US\/product\/redei-kertimag-stanley-zold-huvelyu-bokorbab-50g\/","og_site_name":"T\u00e1jkert\u00e9sz","article_publisher":"https:\/\/www.facebook.com\/Tajkertesz\/","article_modified_time":"2026-02-16T15:06:56+00:00","og_image":[{"width":1589,"height":2560,"url":"https:\/\/tajkertesz.com\/wp-content\/uploads\/2021\/06\/20230117_145733-1-scaled.jpg","type":"image\/jpeg"}],"twitter_card":"summary_large_image","twitter_misc":{"Est. reading time":"2 minutes"},"schema":{"@context":"https:\/\/schema.org","@graph":[{"@type":"WebPage","@id":"https:\/\/tajkertesz.com\/termek\/redei-kertimag-stanley-zold-huvelyu-bokorbab-50g\/","url":"https:\/\/tajkertesz.com\/termek\/redei-kertimag-stanley-zold-huvelyu-bokorbab-50g\/","name":"Bab Stanley Z\u00f6ld H\u00fcvely\u0171 Bokorbab 50g - T\u00e1jkert\u00e9sz","isPartOf":{"@id":"https:\/\/tajkertesz.com\/#website"},"primaryImageOfPage":{"@id":"https:\/\/tajkertesz.com\/termek\/redei-kertimag-stanley-zold-huvelyu-bokorbab-50g\/#primaryimage"},"image":{"@id":"https:\/\/tajkertesz.com\/termek\/redei-kertimag-stanley-zold-huvelyu-bokorbab-50g\/#primaryimage"},"thumbnailUrl":"https:\/\/tajkertesz.com\/wp-content\/uploads\/2021\/06\/20230117_145733-1-scaled.jpg","datePublished":"2021-10-04T11:04:36+00:00","dateModified":"2026-02-16T15:06:56+00:00","description":"R\u00e9dei Kertimag Stanley Z\u00f6ld H\u00fcvely\u0171 Bokorbab 50gSz\u00e1lkamentes ceruzabab! K\u00f6z\u00e9p\u00e9r\u00e9s\u0171 (12-13cm) b\u0151term\u0151 holland ceruzabab. A n\u00f6v\u00e9ny 50 cm magas.","breadcrumb":{"@id":"https:\/\/tajkertesz.com\/termek\/redei-kertimag-stanley-zold-huvelyu-bokorbab-50g\/#breadcrumb"},"inLanguage":"en-US","potentialAction":[{"@type":"ReadAction","target":["https:\/\/tajkertesz.com\/termek\/redei-kertimag-stanley-zold-huvelyu-bokorbab-50g\/"]}]},{"@type":"ImageObject","inLanguage":"en-US","@id":"https:\/\/tajkertesz.com\/termek\/redei-kertimag-stanley-zold-huvelyu-bokorbab-50g\/#primaryimage","url":"https:\/\/tajkertesz.com\/wp-content\/uploads\/2021\/06\/20230117_145733-1-scaled.jpg","contentUrl":"https:\/\/tajkertesz.com\/wp-content\/uploads\/2021\/06\/20230117_145733-1-scaled.jpg","width":1589,"height":2560},{"@type":"BreadcrumbList","@id":"https:\/\/tajkertesz.com\/termek\/redei-kertimag-stanley-zold-huvelyu-bokorbab-50g\/#breadcrumb","itemListElement":[{"@type":"ListItem","position":1,"name":"Home","item":"https:\/\/tajkertesz.com\/"},{"@type":"ListItem","position":2,"name":"Kezd\u0151lap","item":"https:\/\/tajkertesz.com\/"},{"@type":"ListItem","position":3,"name":"Bab Stanley Z\u00f6ld H\u00fcvely\u0171 Bokorbab 50g"}]},{"@type":"WebSite","@id":"https:\/\/tajkertesz.com\/#website","url":"https:\/\/tajkertesz.com\/","name":"T\u00e1j-Kert\u00e9sz 84 Kft.","description":"Kert\u00e9szeti kis- \u00e9s nagykeresked\u00e9s, D\u00edszn\u00f6v\u00e9ny web\u00e1ruh\u00e1z orsz\u00e1gos h\u00e1zhozsz\u00e1ll\u00edt\u00e1ssal!","publisher":{"@id":"https:\/\/tajkertesz.com\/#organization"},"potentialAction":[{"@type":"SearchAction","target":{"@type":"EntryPoint","urlTemplate":"https:\/\/tajkertesz.com\/?s={search_term_string}"},"query-input":{"@type":"PropertyValueSpecification","valueRequired":true,"valueName":"search_term_string"}}],"inLanguage":"en-US"},{"@type":"Organization","@id":"https:\/\/tajkertesz.com\/#organization","name":"T\u00e1j-Kert\u00e9sz 84 Kft.","url":"https:\/\/tajkertesz.com\/","logo":{"@type":"ImageObject","inLanguage":"en-US","@id":"https:\/\/tajkertesz.com\/#\/schema\/logo\/image\/","url":"https:\/\/tajkertesz.com\/wp-content\/uploads\/2018\/02\/logo-2-e1518678052539.png","contentUrl":"https:\/\/tajkertesz.com\/wp-content\/uploads\/2018\/02\/logo-2-e1518678052539.png","width":81,"height":140,"caption":"T\u00e1j-Kert\u00e9sz 84 Kft."},"image":{"@id":"https:\/\/tajkertesz.com\/#\/schema\/logo\/image\/"},"sameAs":["https:\/\/www.facebook.com\/Tajkertesz\/"]}]}},"_links":{"self":[{"href":"https:\/\/tajkertesz.com\/en_US\/wp-json\/wp\/v2\/product\/9835","targetHints":{"allow":["GET"]}}],"collection":[{"href":"https:\/\/tajkertesz.com\/en_US\/wp-json\/wp\/v2\/product"}],"about":[{"href":"https:\/\/tajkertesz.com\/en_US\/wp-json\/wp\/v2\/types\/product"}],"wp:featuredmedia":[{"embeddable":true,"href":"https:\/\/tajkertesz.com\/en_US\/wp-json\/wp\/v2\/media\/14798"}],"wp:attachment":[{"href":"https:\/\/tajkertesz.com\/en_US\/wp-json\/wp\/v2\/media?parent=9835"}],"wp:term":[{"taxonomy":"product_brand","embeddable":true,"href":"https:\/\/tajkertesz.com\/en_US\/wp-json\/wp\/v2\/product_brand?post=9835"},{"taxonomy":"product_cat","embeddable":true,"href":"https:\/\/tajkertesz.com\/en_US\/wp-json\/wp\/v2\/product_cat?post=9835"},{"taxonomy":"product_tag","embeddable":true,"href":"https:\/\/tajkertesz.com\/en_US\/wp-json\/wp\/v2\/product_tag?post=9835"}],"curies":[{"name":"wp","href":"https:\/\/api.w.org\/{rel}","templated":true}]}}