{"id":9878,"date":"2021-10-05T07:14:46","date_gmt":"2021-10-05T07:14:46","guid":{"rendered":"https:\/\/tajkertesz.com\/?post_type=product&#038;p=9878"},"modified":"2026-04-28T12:59:55","modified_gmt":"2026-04-28T12:59:55","slug":"juniperus-mint-julep-smaragdzold-terulo-boroka-2","status":"publish","type":"product","link":"https:\/\/tajkertesz.com\/en_US\/product\/juniperus-mint-julep-smaragdzold-terulo-boroka-2\/","title":{"rendered":"Juniperus &#8216;Mint Julep&#8217; , Smaragdz\u00f6ld ter\u00fcl\u0151 bor\u00f3ka"},"content":{"rendered":"<p>Juniperus &#8216;Mint Julep&#8217; , Smaragdz\u00f6ld ter\u00fcl\u0151 bor\u00f3ka<\/p>\n<p>A Juniperus &#8216;Mint Julep&#8217; , Smaragdz\u00f6ld ter\u00fcl\u0151 bor\u00f3ka k\u00f6zkedvelt talajon ter\u00fcl\u0151 \u00f6r\u00f6kz\u00f6ld.<\/p>\n<p>Alakja a\u00a0 talajon ter\u00fcl\u0151 \u00e1grendszer\u0171,\u00a0\u00a0teljes takar\u00e1st ny\u00fajt\u00f3.<\/p>\n<p>T\u00f6lcs\u00e9res \u00e1g\u00e1ll\u00e1s\u00fa, id\u0151sebb korban \u00e1gai ink\u00e1bb felfel\u00e9 \u00e1llnak.<\/p>\n<p>Magass\u00e1g: kifejlett magass\u00e1ga 2-3m, sz\u00e9less\u00e9ge 3-4m. Igen gyors n\u00f6veked\u00e9s\u0171 , a \u00a0napos \u00e9s f\u00e9l\u00e1rny\u00e9kos helyet is kedveli.<\/p>\n<p>Haz\u00e1nk kl\u00edm\u00e1j\u00e1t j\u00f3l b\u00edrja, teljesen t\u00e9l\u00e1ll\u00f3. \u00d6r\u00f6kz\u00f6ld csoportok n\u00f6v\u00e9nye. Szoliterk\u00e9nt is \u00fcltethet\u0151. Kiv\u00e1l\u00f3 talajtakar\u00f3.<\/p>\n<p>Jelen term\u00e9k\u00fcnk F\u00d6LDLABD\u00c1S! 80\/100 cm magas + a f\u00f6ldlabda.<\/p>\n<p style=\"line-height: 18.0pt; background: white; margin: 0cm 0cm 15.0pt 0cm;\"><span style=\"font-family: 'Ubuntu',serif; color: black;\">El\u00e9rhet\u0151 t\u00f6bbf\u00e9le m\u00e9retben \u00e9s \u00e1rban.<\/span><\/p>\n<p style=\"line-height: 18.0pt; background: white; margin: 0cm 0cm 15.0pt 0cm;\"><b><span style=\"font-family: 'Ubuntu',serif; color: black;\">K\u00e9szlet\u00fcnk napi szinten v\u00e1ltozik, ez\u00e9rt k\u00e9rj\u00fck, \u00e9rdekl\u0151dj\u00f6n szem\u00e9lyesen, telefonon vagy email-en.<br \/>\nA v\u00e1ltoztat\u00e1s jog\u00e1t fenntartjuk!\u00a0<\/span><\/b><\/p>\n<p><a href=\"https:\/\/hu.wikipedia.org\/wiki\/K%C3%BAsz%C3%B3_bor%C3%B3ka\">https:\/\/tajkertesz.com\/<\/a><\/p>\n<p><a href=\"https:\/\/hu.wikipedia.org\/wiki\/K%C3%BAsz%C3%B3_bor%C3%B3ka\">https:\/\/hu.wikipedia.org\/wiki\/K%C3%BAsz%C3%B3_bor%C3%B3ka<\/a><\/p>\n<h6><span style=\"color: #ffffff;\">Mentaz\u00f6ld sz\u00edn\u0171, id\u0151sebb kor\u00e1ban ak\u00e1r k\u00e9t m\u00e9ter magasra \u00e9s 4-5 m\u00e9ter sz\u00e9lesre n\u00f6v\u0151 z\u00f6ld ter\u00fcl\u0151 bor\u00f3ka (juniperus pfitzeriana mint julep) sz\u00e9lesen elter\u00fcl\u0151, val\u00f3di bokrot alkot\u00f3, sz\u00e1razs\u00e1gt\u0171r\u0151 \u00f6r\u00f6kz\u00f6ld, mely kiv\u00e1l\u00f3an alkalmas hat\u00e1rol\u00f3s\u00f6v\u00e9nynek, h\u00e1tt\u00e9rn\u00f6v\u00e9nynek vagy ak\u00e1r szoliterk\u00e9nt \u00fcltetve.<\/span><\/h6>\n<h6><span style=\"color: #ffffff;\">A\u00a0<b>k\u00fasz\u00f3 bor\u00f3ka<\/b>\u00a0(jap\u00e1n t\u00f6rpe bor\u00f3ka,\u00a0<i>Juniperus procumbens<\/i>) a\u00a0<a style=\"color: #ffffff;\" title=\"Ciprusf\u00e9l\u00e9k\" href=\"https:\/\/hu.wikipedia.org\/wiki\/Ciprusf%C3%A9l%C3%A9k\">ciprusf\u00e9l\u00e9k<\/a>\u00a0csal\u00e1dj\u00e1ba tartoz\u00f3\u00a0<a style=\"color: #ffffff;\" title=\"Bor\u00f3ka (n\u00f6v\u00e9nynemzets\u00e9g)\" href=\"https:\/\/hu.wikipedia.org\/wiki\/Bor%C3%B3ka_(n%C3%B6v%C3%A9nynemzets%C3%A9g)\">bor\u00f3ka<\/a>\u00a0nemzets\u00e9g egy faja. Egyes szerz\u0151k<sup id=\"cite_ref-1\" class=\"reference\"><a style=\"color: #ffffff;\" href=\"https:\/\/hu.wikipedia.org\/wiki\/K%C3%BAsz%C3%B3_bor%C3%B3ka#cite_note-1\">[1]<\/a><\/sup>\u00a0szerint nem \u00f6n\u00e1ll\u00f3 faj, hanem a\u00a0<a style=\"color: #ffffff;\" title=\"K\u00ednai bor\u00f3ka\" href=\"https:\/\/hu.wikipedia.org\/wiki\/K%C3%ADnai_bor%C3%B3ka\">k\u00ednai bor\u00f3ka<\/a>\u00a0alfaja (<i>Juniperus chinensis L. var. procumbens<\/i>\u00a0Endl.)<\/span><\/h6>\n<h6><\/h6>\n<h6><span style=\"color: #ffffff;\"><span id=\"Sz.C3.A1rmaz.C3.A1sa.2C_elterjed.C3.A9se\"><\/span><span id=\"Sz\u00e1rmaz\u00e1sa,_elterjed\u00e9se\" class=\"mw-headline\">Sz\u00e1rmaz\u00e1sa, elterjed\u00e9se<\/span><\/span><\/h6>\n<h6><span style=\"color: #ffffff;\"><a style=\"color: #ffffff;\" title=\"Jap\u00e1n\" href=\"https:\/\/hu.wikipedia.org\/wiki\/Jap%C3%A1n\">Jap\u00e1n<\/a>\u00a0alacsonyabb hegy-, illetve dombvid\u00e9kein lehetett honos, de vadon term\u0151 p\u00e9ld\u00e1nya m\u00e9g nem ker\u00fclt el\u0151: csak kertekb\u0151l ismert. D\u00edszn\u00f6v\u00e9nynek Jap\u00e1non k\u00edv\u00fcl is sokfel\u00e9 \u00fcltetik.<\/span><\/h6>\n<h6><span style=\"color: #ffffff;\"><span id=\"Megjelen.C3.A9se.2C_fel.C3.A9p.C3.ADt.C3.A9se\"><\/span><span id=\"Megjelen\u00e9se,_fel\u00e9p\u00edt\u00e9se\" class=\"mw-headline\">Megjelen\u00e9se, fel\u00e9p\u00edt\u00e9se<\/span><\/span><\/h6>\n<h6><span style=\"color: #ffffff;\">Alacsony k\u00fasz\u00f3n\u00f6v\u00e9ny; hajt\u00e1sai legfeljebb 50\u201360\u00a0cm-re fel\u00e1ll\u00f3k. A fiatal p\u00e9ld\u00e1nyok \u00e1gai sug\u00e1rir\u00e1nyban sz\u00e9tter\u00fclnek, k\u00e9s\u0151bb egym\u00e1sra hajlanak. F\u0151leg a fiatal p\u00e9ld\u00e1nyok, illetve hajt\u00e1sok \u00e1r alak\u00fa, hegyes t\u0171levelei k\u00e9kesz\u00f6ldek.<\/span><\/h6>\n<h6><span style=\"color: #ffffff;\"><span id=\"Kert.C3.A9szeti_v.C3.A1ltozatok\"><\/span><span id=\"Kert\u00e9szeti_v\u00e1ltozatok\" class=\"mw-headline\">Kert\u00e9szeti v\u00e1ltozatok<\/span><\/span><\/h6>\n<h6><span style=\"color: #ffffff;\"><span id=\".C3.89letm.C3.B3dja.2C_term.C5.91helye\"><\/span><span id=\"\u00c9letm\u00f3dja,_term\u0151helye\" class=\"mw-headline\">\u00c9letm\u00f3dja, term\u0151helye<\/span><\/span><\/h6>\n<h6><span style=\"color: #ffffff;\">Alacsony, elter\u00fcl\u0151 p\u00e1rn\u00e1kat alkot. J\u00f3form\u00e1n b\u00e1rmilyen talajon meg\u00e9l; a f\u00e9lnedves, napos, f\u00e9l\u00e1rny\u00e9kos helyeket \u00e9s a sok csapad\u00e9kot kedveli.<\/span><\/h6>\n<h6><span style=\"color: #ffffff;\"><span id=\"Felhaszn.C3.A1l.C3.A1sa\"><\/span><span id=\"Felhaszn\u00e1l\u00e1sa\" class=\"mw-headline\">Felhaszn\u00e1l\u00e1sa<\/span><\/span><\/h6>\n<h6><span style=\"color: #ffffff;\">T\u00f6bbnyire szikla- vagy k\u0151kertekbe \u00fcltetik. J\u00f3 talajtakar\u00f3. Ha az es\u0151 vagy a locsol\u00f3v\u00edz a talajt f\u00f6lveri a levelekre, a n\u00f6v\u00e9ny k\u00f6zepe kip\u00e1llik.<\/span><\/h6>\n<h6><\/h6>\n","protected":false},"excerpt":{"rendered":"<p>A Juniperus &#8216;Mint Julep&#8217; , Smaragdz\u00f6ld ter\u00fcl\u0151 bor\u00f3ka k\u00f6zkedvelt talajon ter\u00fcl\u0151 \u00f6r\u00f6kz\u00f6ld.<\/p>\n<p>Alakja a\u00a0 talajon ter\u00fcl\u0151 \u00e1grendszer\u0171,\u00a0\u00a0teljes takar\u00e1st ny\u00fajt\u00f3.<\/p>\n<p>T\u00f6lcs\u00e9res \u00e1g\u00e1ll\u00e1s\u00fa, id\u0151sebb korban \u00e1gai ink\u00e1bb felfel\u00e9 \u00e1llnak.<\/p>\n<p>Magass\u00e1g: kifejlett magass\u00e1ga 2-3m, sz\u00e9less\u00e9ge 3-4m. Igen gyors n\u00f6veked\u00e9s\u0171 , a \u00a0napos \u00e9s f\u00e9l\u00e1rny\u00e9kos helyet is kedveli.<\/p>\n<p>Haz\u00e1nk kl\u00edm\u00e1j\u00e1t j\u00f3l b\u00edrja, teljesen t\u00e9l\u00e1ll\u00f3. \u00d6r\u00f6kz\u00f6ld csoportok n\u00f6v\u00e9nye. Szoliterk\u00e9nt is \u00fcltethet\u0151. Kiv\u00e1l\u00f3 talajtakar\u00f3.<\/p>","protected":false},"featured_media":15199,"template":"","meta":{"_et_pb_use_builder":"","_et_pb_old_content":"","_et_gb_content_width":""},"product_brand":[],"product_cat":[26],"product_tag":[716,714,717,715,319],"class_list":{"0":"post-9878","1":"product","2":"type-product","3":"status-publish","4":"has-post-thumbnail","6":"product_cat-orokzold-novenyek","7":"product_tag-boroka","8":"product_tag-juniperus-mint-julep","9":"product_tag-smaragd","10":"product_tag-smaragdzold-terulo-boroka","11":"product_tag-talajtakaro","13":"first","14":"instock","15":"shipping-taxable","16":"purchasable","17":"product-type-simple"},"yoast_head":"<!-- This site is optimized with the Yoast SEO plugin v27.5 - https:\/\/yoast.com\/product\/yoast-seo-wordpress\/ -->\n<title>Juniperus &#039;Mint Julep&#039; , Smaragdz\u00f6ld ter\u00fcl\u0151 bor\u00f3ka - T\u00e1jkert\u00e9sz<\/title>\n<meta name=\"description\" content=\"A Juniperus &#039;Mint Julep&#039; , Smaragdz\u00f6ld ter\u00fcl\u0151 bor\u00f3ka k\u00f6zkedvelt talajon ter\u00fcl\u0151 \u00f6r\u00f6kz\u00f6ld. Alakja a\u00a0 talajon ter\u00fcl\u0151 \u00e1grendszer\u0171.\" \/>\n<meta name=\"robots\" content=\"index, follow, max-snippet:-1, max-image-preview:large, max-video-preview:-1\" \/>\n<link rel=\"canonical\" href=\"https:\/\/tajkertesz.com\/en_US\/product\/juniperus-mint-julep-smaragdzold-terulo-boroka-2\/\" \/>\n<meta property=\"og:locale\" content=\"en_US\" \/>\n<meta property=\"og:type\" content=\"article\" \/>\n<meta property=\"og:title\" content=\"Juniperus &#039;Mint Julep&#039; , Smaragdz\u00f6ld ter\u00fcl\u0151 bor\u00f3ka - T\u00e1jkert\u00e9sz\" \/>\n<meta property=\"og:description\" content=\"A Juniperus &#039;Mint Julep&#039; , Smaragdz\u00f6ld ter\u00fcl\u0151 bor\u00f3ka k\u00f6zkedvelt talajon ter\u00fcl\u0151 \u00f6r\u00f6kz\u00f6ld. Alakja a\u00a0 talajon ter\u00fcl\u0151 \u00e1grendszer\u0171.\" \/>\n<meta property=\"og:url\" content=\"https:\/\/tajkertesz.com\/en_US\/product\/juniperus-mint-julep-smaragdzold-terulo-boroka-2\/\" \/>\n<meta property=\"og:site_name\" content=\"T\u00e1jkert\u00e9sz\" \/>\n<meta property=\"article:publisher\" content=\"https:\/\/www.facebook.com\/Tajkertesz\/\" \/>\n<meta property=\"article:modified_time\" content=\"2026-04-28T12:59:55+00:00\" \/>\n<meta property=\"og:image\" content=\"https:\/\/tajkertesz.com\/wp-content\/uploads\/2021\/10\/MINT-JULEP.jpg\" \/>\n\t<meta property=\"og:image:width\" content=\"404\" \/>\n\t<meta property=\"og:image:height\" content=\"898\" \/>\n\t<meta property=\"og:image:type\" content=\"image\/jpeg\" \/>\n<meta name=\"twitter:card\" content=\"summary_large_image\" \/>\n<meta name=\"twitter:label1\" content=\"Est. reading time\" \/>\n\t<meta name=\"twitter:data1\" content=\"2 minutes\" \/>\n<script type=\"application\/ld+json\" class=\"yoast-schema-graph\">{\"@context\":\"https:\\\/\\\/schema.org\",\"@graph\":[{\"@type\":\"WebPage\",\"@id\":\"https:\\\/\\\/tajkertesz.com\\\/termek\\\/juniperus-mint-julep-smaragdzold-terulo-boroka-2\\\/\",\"url\":\"https:\\\/\\\/tajkertesz.com\\\/termek\\\/juniperus-mint-julep-smaragdzold-terulo-boroka-2\\\/\",\"name\":\"Juniperus 'Mint Julep' , Smaragdz\u00f6ld ter\u00fcl\u0151 bor\u00f3ka - T\u00e1jkert\u00e9sz\",\"isPartOf\":{\"@id\":\"https:\\\/\\\/tajkertesz.com\\\/#website\"},\"primaryImageOfPage\":{\"@id\":\"https:\\\/\\\/tajkertesz.com\\\/termek\\\/juniperus-mint-julep-smaragdzold-terulo-boroka-2\\\/#primaryimage\"},\"image\":{\"@id\":\"https:\\\/\\\/tajkertesz.com\\\/termek\\\/juniperus-mint-julep-smaragdzold-terulo-boroka-2\\\/#primaryimage\"},\"thumbnailUrl\":\"https:\\\/\\\/tajkertesz.com\\\/wp-content\\\/uploads\\\/2021\\\/10\\\/MINT-JULEP.jpg\",\"datePublished\":\"2021-10-05T07:14:46+00:00\",\"dateModified\":\"2026-04-28T12:59:55+00:00\",\"description\":\"A Juniperus 'Mint Julep' , Smaragdz\u00f6ld ter\u00fcl\u0151 bor\u00f3ka k\u00f6zkedvelt talajon ter\u00fcl\u0151 \u00f6r\u00f6kz\u00f6ld. Alakja a\u00a0 talajon ter\u00fcl\u0151 \u00e1grendszer\u0171.\",\"breadcrumb\":{\"@id\":\"https:\\\/\\\/tajkertesz.com\\\/termek\\\/juniperus-mint-julep-smaragdzold-terulo-boroka-2\\\/#breadcrumb\"},\"inLanguage\":\"en-US\",\"potentialAction\":[{\"@type\":\"ReadAction\",\"target\":[\"https:\\\/\\\/tajkertesz.com\\\/termek\\\/juniperus-mint-julep-smaragdzold-terulo-boroka-2\\\/\"]}]},{\"@type\":\"ImageObject\",\"inLanguage\":\"en-US\",\"@id\":\"https:\\\/\\\/tajkertesz.com\\\/termek\\\/juniperus-mint-julep-smaragdzold-terulo-boroka-2\\\/#primaryimage\",\"url\":\"https:\\\/\\\/tajkertesz.com\\\/wp-content\\\/uploads\\\/2021\\\/10\\\/MINT-JULEP.jpg\",\"contentUrl\":\"https:\\\/\\\/tajkertesz.com\\\/wp-content\\\/uploads\\\/2021\\\/10\\\/MINT-JULEP.jpg\",\"width\":404,\"height\":898},{\"@type\":\"BreadcrumbList\",\"@id\":\"https:\\\/\\\/tajkertesz.com\\\/termek\\\/juniperus-mint-julep-smaragdzold-terulo-boroka-2\\\/#breadcrumb\",\"itemListElement\":[{\"@type\":\"ListItem\",\"position\":1,\"name\":\"Home\",\"item\":\"https:\\\/\\\/tajkertesz.com\\\/\"},{\"@type\":\"ListItem\",\"position\":2,\"name\":\"Kezd\u0151lap\",\"item\":\"https:\\\/\\\/tajkertesz.com\\\/\"},{\"@type\":\"ListItem\",\"position\":3,\"name\":\"Juniperus &#8216;Mint Julep&#8217; , Smaragdz\u00f6ld ter\u00fcl\u0151 bor\u00f3ka\"}]},{\"@type\":\"WebSite\",\"@id\":\"https:\\\/\\\/tajkertesz.com\\\/#website\",\"url\":\"https:\\\/\\\/tajkertesz.com\\\/\",\"name\":\"T\u00e1j-Kert\u00e9sz 84 Kft.\",\"description\":\"Kert\u00e9szeti kis- \u00e9s nagykeresked\u00e9s, D\u00edszn\u00f6v\u00e9ny web\u00e1ruh\u00e1z orsz\u00e1gos h\u00e1zhozsz\u00e1ll\u00edt\u00e1ssal!\",\"publisher\":{\"@id\":\"https:\\\/\\\/tajkertesz.com\\\/#organization\"},\"potentialAction\":[{\"@type\":\"SearchAction\",\"target\":{\"@type\":\"EntryPoint\",\"urlTemplate\":\"https:\\\/\\\/tajkertesz.com\\\/?s={search_term_string}\"},\"query-input\":{\"@type\":\"PropertyValueSpecification\",\"valueRequired\":true,\"valueName\":\"search_term_string\"}}],\"inLanguage\":\"en-US\"},{\"@type\":\"Organization\",\"@id\":\"https:\\\/\\\/tajkertesz.com\\\/#organization\",\"name\":\"T\u00e1j-Kert\u00e9sz 84 Kft.\",\"url\":\"https:\\\/\\\/tajkertesz.com\\\/\",\"logo\":{\"@type\":\"ImageObject\",\"inLanguage\":\"en-US\",\"@id\":\"https:\\\/\\\/tajkertesz.com\\\/#\\\/schema\\\/logo\\\/image\\\/\",\"url\":\"https:\\\/\\\/tajkertesz.com\\\/wp-content\\\/uploads\\\/2018\\\/02\\\/logo-2-e1518678052539.png\",\"contentUrl\":\"https:\\\/\\\/tajkertesz.com\\\/wp-content\\\/uploads\\\/2018\\\/02\\\/logo-2-e1518678052539.png\",\"width\":81,\"height\":140,\"caption\":\"T\u00e1j-Kert\u00e9sz 84 Kft.\"},\"image\":{\"@id\":\"https:\\\/\\\/tajkertesz.com\\\/#\\\/schema\\\/logo\\\/image\\\/\"},\"sameAs\":[\"https:\\\/\\\/www.facebook.com\\\/Tajkertesz\\\/\"]}]}<\/script>\n<!-- \/ Yoast SEO plugin. -->","yoast_head_json":{"title":"Juniperus 'Mint Julep' , Smaragdz\u00f6ld ter\u00fcl\u0151 bor\u00f3ka - T\u00e1jkert\u00e9sz","description":"A Juniperus 'Mint Julep' , Smaragdz\u00f6ld ter\u00fcl\u0151 bor\u00f3ka k\u00f6zkedvelt talajon ter\u00fcl\u0151 \u00f6r\u00f6kz\u00f6ld. Alakja a\u00a0 talajon ter\u00fcl\u0151 \u00e1grendszer\u0171.","robots":{"index":"index","follow":"follow","max-snippet":"max-snippet:-1","max-image-preview":"max-image-preview:large","max-video-preview":"max-video-preview:-1"},"canonical":"https:\/\/tajkertesz.com\/en_US\/product\/juniperus-mint-julep-smaragdzold-terulo-boroka-2\/","og_locale":"en_US","og_type":"article","og_title":"Juniperus 'Mint Julep' , Smaragdz\u00f6ld ter\u00fcl\u0151 bor\u00f3ka - T\u00e1jkert\u00e9sz","og_description":"A Juniperus 'Mint Julep' , Smaragdz\u00f6ld ter\u00fcl\u0151 bor\u00f3ka k\u00f6zkedvelt talajon ter\u00fcl\u0151 \u00f6r\u00f6kz\u00f6ld. Alakja a\u00a0 talajon ter\u00fcl\u0151 \u00e1grendszer\u0171.","og_url":"https:\/\/tajkertesz.com\/en_US\/product\/juniperus-mint-julep-smaragdzold-terulo-boroka-2\/","og_site_name":"T\u00e1jkert\u00e9sz","article_publisher":"https:\/\/www.facebook.com\/Tajkertesz\/","article_modified_time":"2026-04-28T12:59:55+00:00","og_image":[{"width":404,"height":898,"url":"https:\/\/tajkertesz.com\/wp-content\/uploads\/2021\/10\/MINT-JULEP.jpg","type":"image\/jpeg"}],"twitter_card":"summary_large_image","twitter_misc":{"Est. reading time":"2 minutes"},"schema":{"@context":"https:\/\/schema.org","@graph":[{"@type":"WebPage","@id":"https:\/\/tajkertesz.com\/termek\/juniperus-mint-julep-smaragdzold-terulo-boroka-2\/","url":"https:\/\/tajkertesz.com\/termek\/juniperus-mint-julep-smaragdzold-terulo-boroka-2\/","name":"Juniperus 'Mint Julep' , Smaragdz\u00f6ld ter\u00fcl\u0151 bor\u00f3ka - T\u00e1jkert\u00e9sz","isPartOf":{"@id":"https:\/\/tajkertesz.com\/#website"},"primaryImageOfPage":{"@id":"https:\/\/tajkertesz.com\/termek\/juniperus-mint-julep-smaragdzold-terulo-boroka-2\/#primaryimage"},"image":{"@id":"https:\/\/tajkertesz.com\/termek\/juniperus-mint-julep-smaragdzold-terulo-boroka-2\/#primaryimage"},"thumbnailUrl":"https:\/\/tajkertesz.com\/wp-content\/uploads\/2021\/10\/MINT-JULEP.jpg","datePublished":"2021-10-05T07:14:46+00:00","dateModified":"2026-04-28T12:59:55+00:00","description":"A Juniperus 'Mint Julep' , Smaragdz\u00f6ld ter\u00fcl\u0151 bor\u00f3ka k\u00f6zkedvelt talajon ter\u00fcl\u0151 \u00f6r\u00f6kz\u00f6ld. Alakja a\u00a0 talajon ter\u00fcl\u0151 \u00e1grendszer\u0171.","breadcrumb":{"@id":"https:\/\/tajkertesz.com\/termek\/juniperus-mint-julep-smaragdzold-terulo-boroka-2\/#breadcrumb"},"inLanguage":"en-US","potentialAction":[{"@type":"ReadAction","target":["https:\/\/tajkertesz.com\/termek\/juniperus-mint-julep-smaragdzold-terulo-boroka-2\/"]}]},{"@type":"ImageObject","inLanguage":"en-US","@id":"https:\/\/tajkertesz.com\/termek\/juniperus-mint-julep-smaragdzold-terulo-boroka-2\/#primaryimage","url":"https:\/\/tajkertesz.com\/wp-content\/uploads\/2021\/10\/MINT-JULEP.jpg","contentUrl":"https:\/\/tajkertesz.com\/wp-content\/uploads\/2021\/10\/MINT-JULEP.jpg","width":404,"height":898},{"@type":"BreadcrumbList","@id":"https:\/\/tajkertesz.com\/termek\/juniperus-mint-julep-smaragdzold-terulo-boroka-2\/#breadcrumb","itemListElement":[{"@type":"ListItem","position":1,"name":"Home","item":"https:\/\/tajkertesz.com\/"},{"@type":"ListItem","position":2,"name":"Kezd\u0151lap","item":"https:\/\/tajkertesz.com\/"},{"@type":"ListItem","position":3,"name":"Juniperus &#8216;Mint Julep&#8217; , Smaragdz\u00f6ld ter\u00fcl\u0151 bor\u00f3ka"}]},{"@type":"WebSite","@id":"https:\/\/tajkertesz.com\/#website","url":"https:\/\/tajkertesz.com\/","name":"T\u00e1j-Kert\u00e9sz 84 Kft.","description":"Kert\u00e9szeti kis- \u00e9s nagykeresked\u00e9s, D\u00edszn\u00f6v\u00e9ny web\u00e1ruh\u00e1z orsz\u00e1gos h\u00e1zhozsz\u00e1ll\u00edt\u00e1ssal!","publisher":{"@id":"https:\/\/tajkertesz.com\/#organization"},"potentialAction":[{"@type":"SearchAction","target":{"@type":"EntryPoint","urlTemplate":"https:\/\/tajkertesz.com\/?s={search_term_string}"},"query-input":{"@type":"PropertyValueSpecification","valueRequired":true,"valueName":"search_term_string"}}],"inLanguage":"en-US"},{"@type":"Organization","@id":"https:\/\/tajkertesz.com\/#organization","name":"T\u00e1j-Kert\u00e9sz 84 Kft.","url":"https:\/\/tajkertesz.com\/","logo":{"@type":"ImageObject","inLanguage":"en-US","@id":"https:\/\/tajkertesz.com\/#\/schema\/logo\/image\/","url":"https:\/\/tajkertesz.com\/wp-content\/uploads\/2018\/02\/logo-2-e1518678052539.png","contentUrl":"https:\/\/tajkertesz.com\/wp-content\/uploads\/2018\/02\/logo-2-e1518678052539.png","width":81,"height":140,"caption":"T\u00e1j-Kert\u00e9sz 84 Kft."},"image":{"@id":"https:\/\/tajkertesz.com\/#\/schema\/logo\/image\/"},"sameAs":["https:\/\/www.facebook.com\/Tajkertesz\/"]}]}},"_links":{"self":[{"href":"https:\/\/tajkertesz.com\/en_US\/wp-json\/wp\/v2\/product\/9878","targetHints":{"allow":["GET"]}}],"collection":[{"href":"https:\/\/tajkertesz.com\/en_US\/wp-json\/wp\/v2\/product"}],"about":[{"href":"https:\/\/tajkertesz.com\/en_US\/wp-json\/wp\/v2\/types\/product"}],"wp:featuredmedia":[{"embeddable":true,"href":"https:\/\/tajkertesz.com\/en_US\/wp-json\/wp\/v2\/media\/15199"}],"wp:attachment":[{"href":"https:\/\/tajkertesz.com\/en_US\/wp-json\/wp\/v2\/media?parent=9878"}],"wp:term":[{"taxonomy":"product_brand","embeddable":true,"href":"https:\/\/tajkertesz.com\/en_US\/wp-json\/wp\/v2\/product_brand?post=9878"},{"taxonomy":"product_cat","embeddable":true,"href":"https:\/\/tajkertesz.com\/en_US\/wp-json\/wp\/v2\/product_cat?post=9878"},{"taxonomy":"product_tag","embeddable":true,"href":"https:\/\/tajkertesz.com\/en_US\/wp-json\/wp\/v2\/product_tag?post=9878"}],"curies":[{"name":"wp","href":"https:\/\/api.w.org\/{rel}","templated":true}]}}