{"id":990,"date":"2020-02-19T14:09:11","date_gmt":"2020-02-19T14:09:11","guid":{"rendered":"https:\/\/tajkertesz.com\/?post_type=product&#038;p=990"},"modified":"2023-03-20T07:39:22","modified_gmt":"2023-03-20T07:39:22","slug":"quercus-palustris-green-pillar-oszlopos-mocsari-tolgy","status":"publish","type":"product","link":"https:\/\/tajkertesz.com\/en_US\/product\/quercus-palustris-green-pillar-oszlopos-mocsari-tolgy\/","title":{"rendered":"Quercus palustris &#8216;Green Pillar&#8217; ,Oszlopos mocs\u00e1ri t\u00f6lgy"},"content":{"rendered":"<p>Quercus palustris &#8216;Green Pillar&#8217; , Oszlopos mocs\u00e1ri t\u00f6lgy<\/p>\n<p>A Quercus palustris &#8216;Green Pillar&#8217; , Oszlopos mocs\u00e1ri t\u00f6lgy\u00a0 k\u00fcl\u00f6nleges \u0151szi lev\u00e9lsz\u00edne bronzv\u00f6r\u00f6s, mely kert\u00fcnk egyedi d\u00edsze lehet.<\/p>\n<p>&nbsp;<\/p>\n<p><b>N\u00f6veked\u00e9s, alak:<\/b>\u00a014 m magas \u00e9s 3 m sz\u00e9les, oszlopos n\u00f6veked\u00e9s\u0171 fa.<br \/>\n<b>Lev\u00e9l:<\/b> Levelei f\u00e9nyesen s\u00f6t\u00e9tz\u00f6ldek, 18 cm nagyok, 13 cm sz\u00e9lesek, 5-7 kar\u00e9j\u00faak. \u0150szi lev\u00e9lsz\u00edne bronzv\u00f6r\u00f6s, h\u0171v\u00f6sebb \u0151sz\u00f6n skarl\u00e1tv\u00f6r\u00f6s. Levelei sok\u00e1ig a f\u00e1n maradnak.<br \/>\n<b>Term\u00e9s:<\/b>\u00a0Van \u00e9s d\u00edsz\u00edt.<br \/>\n<b>Term\u0151hely, ig\u00e9ny:<\/b>\u00a0Talajjal szemben nem v\u00e1logat\u00f3s,de kedveli a nedves, j\u00f3 v\u00edzelvezet\u00e9s\u0171 talajt. Napos helyre \u00fcltess\u00fck.<br \/>\n<b>Felhaszn\u00e1l\u00e1s:<\/b>\u00a0Parkokba szoliterk\u00e9nt, keskenyebb utc\u00e1kba, aut\u00f3parkol\u00f3k f\u00e1s\u00edt\u00e1s\u00e1ra alkalmas.<\/p>\n<p style=\"line-height: 18.0pt; background: white; margin: 0cm 0cm 15.0pt 0cm;\"><span style=\"font-family: 'Ubuntu',serif; color: black;\">El\u00e9rhet\u0151 t\u00f6bbf\u00e9le m\u00e9retben \u00e9s \u00e1rban.<\/span><\/p>\n<p style=\"line-height: 18.0pt; background: white; margin: 0cm 0cm 15.0pt 0cm;\"><b><span style=\"font-family: 'Ubuntu',serif; color: black;\">K\u00e9szlet\u00fcnk napi szinten v\u00e1ltozik, ez\u00e9rt k\u00e9rj\u00fck, \u00e9rdekl\u0151dj\u00f6n szem\u00e9lyesen, telefonon vagy email-en.<br \/>\nA v\u00e1ltoztat\u00e1s jog\u00e1t fenntartjuk!\u00a0<\/span><\/b><\/p>\n<p><a href=\"https:\/\/tajkertesz.com\/\">https:\/\/tajkertesz.com\/<\/a><\/p>\n<p><a href=\"https:\/\/en.wikipedia.org\/wiki\/Quercus_palustris\">https:\/\/en.wikipedia.org\/wiki\/Quercus_palustris<\/a><\/p>\n<p><span style=\"color: #ffffff;\">Pin oak is a medium-sized\u00a0<a style=\"color: #ffffff;\" title=\"Deciduous\" href=\"https:\/\/en.wikipedia.org\/wiki\/Deciduous\">deciduous<\/a>\u00a0tree growing to 18\u201322\u00a0m (59\u201372\u00a0ft) tall, with a trunk up to 1\u00a0m (3.3\u00a0ft) diameter. It has an 8\u201314\u00a0m (26\u201346\u00a0ft) spread. A 10-year-old tree grown in full sun will be about 8\u00a0m (26\u00a0ft) tall. Young trees have a straight, columnar trunk with smooth bark and a pyramidal canopy.<\/span><\/p>\n<p><span style=\"color: #ffffff;\">By the time the tree is 40 years old, it develops more rough bark with a loose, spreading canopy. This canopy is considered one of the most distinctive features of the pin oak: the upper branches point upwards, the middle branches are at right angles to the trunk, and the lower branches droop downwards.<sup id=\"cite_ref-USDA_5-3\" class=\"reference\"><a style=\"color: #ffffff;\" href=\"https:\/\/en.wikipedia.org\/wiki\/Quercus_palustris#cite_note-USDA-5\">[5]<\/a><\/sup><sup id=\"cite_ref-FNA_9-0\" class=\"reference\"><a style=\"color: #ffffff;\" href=\"https:\/\/en.wikipedia.org\/wiki\/Quercus_palustris#cite_note-FNA-9\">[9]<\/a><\/sup><\/span><\/p>\n<p><span style=\"color: #ffffff;\">The\u00a0<a style=\"color: #ffffff;\" title=\"Leaf\" href=\"https:\/\/en.wikipedia.org\/wiki\/Leaf\">leaves<\/a>\u00a0are 5\u201316\u00a0cm (2\u2013<span class=\"frac nowrap\">6<span class=\"visualhide\">\u00a0<\/span><sup>1<\/sup>\u2044<sub>4<\/sub><\/span>\u00a0in) long and 5\u201312\u00a0cm (2\u2013<span class=\"frac nowrap\">4<span class=\"visualhide\">\u00a0<\/span><sup>3<\/sup>\u2044<sub>4<\/sub><\/span>\u00a0in) broad, lobed, with five or seven lobes. Each lobe has five to seven bristle-tipped teeth. The\u00a0<a style=\"color: #ffffff;\" title=\"Sinus (botany)\" href=\"https:\/\/en.wikipedia.org\/wiki\/Sinus_(botany)\">sinuses<\/a>\u00a0are typically u-shaped and extremely deep cut. In fact, roughly the same amount of sinus area exists as actual leaf area. The leaf is mostly hairless, except for a very characteristic tuft of pale orange-brown down on the lower <\/span><\/p>\n<p>&nbsp;<\/p>\n","protected":false},"excerpt":{"rendered":"<p>A Quercus palustris &#8216;Green Pillar&#8217; , Oszlopos mocs\u00e1ri t\u00f6lgy\u00a0 k\u00fcl\u00f6nleges \u0151szi lev\u00e9lsz\u00edne bronzv\u00f6r\u00f6s, mely kert\u00fcnk egyedi d\u00edsze lehet.<\/p>\n<p>&nbsp;<\/p>\n<p><b>N\u00f6veked\u00e9s, alak:<\/b>\u00a014 m magas \u00e9s 3 m sz\u00e9les, oszlopos n\u00f6veked\u00e9s\u0171 fa.<br \/>\n<b>Lev\u00e9l:<\/b> Levelei f\u00e9nyesen s\u00f6t\u00e9tz\u00f6ldek, 18 cm nagyok, 13 cm sz\u00e9lesek, 5-7 kar\u00e9j\u00faak. \u0150szi lev\u00e9lsz\u00edne bronzv\u00f6r\u00f6s, h\u0171v\u00f6sebb \u0151sz\u00f6n skarl\u00e1tv\u00f6r\u00f6s. Levelei sok\u00e1ig a f\u00e1n maradnak.<br \/>\n<b>Term\u00e9s:<\/b>\u00a0Van \u00e9s d\u00edsz\u00edt.<br \/>\n<b>Term\u0151hely, ig\u00e9ny:<\/b>\u00a0Talajjal szemben nem v\u00e1logat\u00f3s,de kedveli a nedves, j\u00f3 v\u00edzelvezet\u00e9s\u0171 talajt. Napos helyre \u00fcltess\u00fck.<br \/>\n<b>Felhaszn\u00e1l\u00e1s:<\/b>\u00a0Parkokba szoliterk\u00e9nt, keskenyebb utc\u00e1kba, aut\u00f3parkol\u00f3k f\u00e1s\u00edt\u00e1s\u00e1ra alkalmas.<\/p>","protected":false},"featured_media":991,"template":"","meta":{"_et_pb_use_builder":"","_et_pb_old_content":"","_et_gb_content_width":""},"product_brand":[],"product_cat":[28],"product_tag":[146,145],"class_list":{"0":"post-990","1":"product","2":"type-product","3":"status-publish","4":"has-post-thumbnail","6":"product_cat-diszfak","7":"product_tag-oszlopos-mocsari-tolgy","8":"product_tag-quercus-palustris-green-pillar","10":"first","11":"outofstock","12":"shipping-taxable","13":"product-type-simple"},"yoast_head":"<!-- This site is optimized with the Yoast SEO plugin v27.3 - https:\/\/yoast.com\/product\/yoast-seo-wordpress\/ -->\n<title>Quercus palustris &#039;Green Pillar&#039; ,Oszlopos mocs\u00e1ri t\u00f6lgy - T\u00e1jkert\u00e9sz<\/title>\n<meta name=\"description\" content=\"A Quercus palustris &#039;Green Pillar&#039; , Oszlopos mocs\u00e1ri t\u00f6lgy\u00a0 k\u00fcl\u00f6nleges \u0151szi lev\u00e9lsz\u00edne bronzv\u00f6r\u00f6s, mely kert\u00fcnk egyedi d\u00edsze lehet.\" \/>\n<meta name=\"robots\" content=\"index, follow, max-snippet:-1, max-image-preview:large, max-video-preview:-1\" \/>\n<link rel=\"canonical\" href=\"https:\/\/tajkertesz.com\/en_US\/product\/quercus-palustris-green-pillar-oszlopos-mocsari-tolgy\/\" \/>\n<meta property=\"og:locale\" content=\"en_US\" \/>\n<meta property=\"og:type\" content=\"article\" \/>\n<meta property=\"og:title\" content=\"Quercus palustris &#039;Green Pillar&#039; ,Oszlopos mocs\u00e1ri t\u00f6lgy - T\u00e1jkert\u00e9sz\" \/>\n<meta property=\"og:description\" content=\"A Quercus palustris &#039;Green Pillar&#039; , Oszlopos mocs\u00e1ri t\u00f6lgy\u00a0 k\u00fcl\u00f6nleges \u0151szi lev\u00e9lsz\u00edne bronzv\u00f6r\u00f6s, mely kert\u00fcnk egyedi d\u00edsze lehet.\" \/>\n<meta property=\"og:url\" content=\"https:\/\/tajkertesz.com\/en_US\/product\/quercus-palustris-green-pillar-oszlopos-mocsari-tolgy\/\" \/>\n<meta property=\"og:site_name\" content=\"T\u00e1jkert\u00e9sz\" \/>\n<meta property=\"article:publisher\" content=\"https:\/\/www.facebook.com\/Tajkertesz\/\" \/>\n<meta property=\"article:modified_time\" content=\"2023-03-20T07:39:22+00:00\" \/>\n<meta property=\"og:image\" content=\"https:\/\/tajkertesz.com\/wp-content\/uploads\/2020\/02\/Quercus-pal.-Green-Pillar.jpg3_.jpg\" \/>\n\t<meta property=\"og:image:width\" content=\"259\" \/>\n\t<meta property=\"og:image:height\" content=\"194\" \/>\n\t<meta property=\"og:image:type\" content=\"image\/jpeg\" \/>\n<meta name=\"twitter:card\" content=\"summary_large_image\" \/>\n<meta name=\"twitter:label1\" content=\"Est. reading time\" \/>\n\t<meta name=\"twitter:data1\" content=\"2 minutes\" \/>\n<script type=\"application\/ld+json\" class=\"yoast-schema-graph\">{\"@context\":\"https:\\\/\\\/schema.org\",\"@graph\":[{\"@type\":\"WebPage\",\"@id\":\"https:\\\/\\\/tajkertesz.com\\\/termek\\\/quercus-palustris-green-pillar-oszlopos-mocsari-tolgy\\\/\",\"url\":\"https:\\\/\\\/tajkertesz.com\\\/termek\\\/quercus-palustris-green-pillar-oszlopos-mocsari-tolgy\\\/\",\"name\":\"Quercus palustris 'Green Pillar' ,Oszlopos mocs\u00e1ri t\u00f6lgy - T\u00e1jkert\u00e9sz\",\"isPartOf\":{\"@id\":\"https:\\\/\\\/tajkertesz.com\\\/#website\"},\"primaryImageOfPage\":{\"@id\":\"https:\\\/\\\/tajkertesz.com\\\/termek\\\/quercus-palustris-green-pillar-oszlopos-mocsari-tolgy\\\/#primaryimage\"},\"image\":{\"@id\":\"https:\\\/\\\/tajkertesz.com\\\/termek\\\/quercus-palustris-green-pillar-oszlopos-mocsari-tolgy\\\/#primaryimage\"},\"thumbnailUrl\":\"https:\\\/\\\/tajkertesz.com\\\/wp-content\\\/uploads\\\/2020\\\/02\\\/Quercus-pal.-Green-Pillar.jpg3_.jpg\",\"datePublished\":\"2020-02-19T14:09:11+00:00\",\"dateModified\":\"2023-03-20T07:39:22+00:00\",\"description\":\"A Quercus palustris 'Green Pillar' , Oszlopos mocs\u00e1ri t\u00f6lgy\u00a0 k\u00fcl\u00f6nleges \u0151szi lev\u00e9lsz\u00edne bronzv\u00f6r\u00f6s, mely kert\u00fcnk egyedi d\u00edsze lehet.\",\"breadcrumb\":{\"@id\":\"https:\\\/\\\/tajkertesz.com\\\/termek\\\/quercus-palustris-green-pillar-oszlopos-mocsari-tolgy\\\/#breadcrumb\"},\"inLanguage\":\"en-US\",\"potentialAction\":[{\"@type\":\"ReadAction\",\"target\":[\"https:\\\/\\\/tajkertesz.com\\\/termek\\\/quercus-palustris-green-pillar-oszlopos-mocsari-tolgy\\\/\"]}]},{\"@type\":\"ImageObject\",\"inLanguage\":\"en-US\",\"@id\":\"https:\\\/\\\/tajkertesz.com\\\/termek\\\/quercus-palustris-green-pillar-oszlopos-mocsari-tolgy\\\/#primaryimage\",\"url\":\"https:\\\/\\\/tajkertesz.com\\\/wp-content\\\/uploads\\\/2020\\\/02\\\/Quercus-pal.-Green-Pillar.jpg3_.jpg\",\"contentUrl\":\"https:\\\/\\\/tajkertesz.com\\\/wp-content\\\/uploads\\\/2020\\\/02\\\/Quercus-pal.-Green-Pillar.jpg3_.jpg\",\"width\":259,\"height\":194},{\"@type\":\"BreadcrumbList\",\"@id\":\"https:\\\/\\\/tajkertesz.com\\\/termek\\\/quercus-palustris-green-pillar-oszlopos-mocsari-tolgy\\\/#breadcrumb\",\"itemListElement\":[{\"@type\":\"ListItem\",\"position\":1,\"name\":\"Home\",\"item\":\"https:\\\/\\\/tajkertesz.com\\\/\"},{\"@type\":\"ListItem\",\"position\":2,\"name\":\"Kezd\u0151lap\",\"item\":\"https:\\\/\\\/tajkertesz.com\\\/\"},{\"@type\":\"ListItem\",\"position\":3,\"name\":\"Quercus palustris &#8216;Green Pillar&#8217; ,Oszlopos mocs\u00e1ri t\u00f6lgy\"}]},{\"@type\":\"WebSite\",\"@id\":\"https:\\\/\\\/tajkertesz.com\\\/#website\",\"url\":\"https:\\\/\\\/tajkertesz.com\\\/\",\"name\":\"T\u00e1j-Kert\u00e9sz 84 Kft.\",\"description\":\"Kert\u00e9szeti kis- \u00e9s nagykeresked\u00e9s, D\u00edszn\u00f6v\u00e9ny web\u00e1ruh\u00e1z orsz\u00e1gos h\u00e1zhozsz\u00e1ll\u00edt\u00e1ssal!\",\"publisher\":{\"@id\":\"https:\\\/\\\/tajkertesz.com\\\/#organization\"},\"potentialAction\":[{\"@type\":\"SearchAction\",\"target\":{\"@type\":\"EntryPoint\",\"urlTemplate\":\"https:\\\/\\\/tajkertesz.com\\\/?s={search_term_string}\"},\"query-input\":{\"@type\":\"PropertyValueSpecification\",\"valueRequired\":true,\"valueName\":\"search_term_string\"}}],\"inLanguage\":\"en-US\"},{\"@type\":\"Organization\",\"@id\":\"https:\\\/\\\/tajkertesz.com\\\/#organization\",\"name\":\"T\u00e1j-Kert\u00e9sz 84 Kft.\",\"url\":\"https:\\\/\\\/tajkertesz.com\\\/\",\"logo\":{\"@type\":\"ImageObject\",\"inLanguage\":\"en-US\",\"@id\":\"https:\\\/\\\/tajkertesz.com\\\/#\\\/schema\\\/logo\\\/image\\\/\",\"url\":\"https:\\\/\\\/tajkertesz.com\\\/wp-content\\\/uploads\\\/2018\\\/02\\\/logo-2-e1518678052539.png\",\"contentUrl\":\"https:\\\/\\\/tajkertesz.com\\\/wp-content\\\/uploads\\\/2018\\\/02\\\/logo-2-e1518678052539.png\",\"width\":81,\"height\":140,\"caption\":\"T\u00e1j-Kert\u00e9sz 84 Kft.\"},\"image\":{\"@id\":\"https:\\\/\\\/tajkertesz.com\\\/#\\\/schema\\\/logo\\\/image\\\/\"},\"sameAs\":[\"https:\\\/\\\/www.facebook.com\\\/Tajkertesz\\\/\"]}]}<\/script>\n<!-- \/ Yoast SEO plugin. -->","yoast_head_json":{"title":"Quercus palustris 'Green Pillar' ,Oszlopos mocs\u00e1ri t\u00f6lgy - T\u00e1jkert\u00e9sz","description":"A Quercus palustris 'Green Pillar' , Oszlopos mocs\u00e1ri t\u00f6lgy\u00a0 k\u00fcl\u00f6nleges \u0151szi lev\u00e9lsz\u00edne bronzv\u00f6r\u00f6s, mely kert\u00fcnk egyedi d\u00edsze lehet.","robots":{"index":"index","follow":"follow","max-snippet":"max-snippet:-1","max-image-preview":"max-image-preview:large","max-video-preview":"max-video-preview:-1"},"canonical":"https:\/\/tajkertesz.com\/en_US\/product\/quercus-palustris-green-pillar-oszlopos-mocsari-tolgy\/","og_locale":"en_US","og_type":"article","og_title":"Quercus palustris 'Green Pillar' ,Oszlopos mocs\u00e1ri t\u00f6lgy - T\u00e1jkert\u00e9sz","og_description":"A Quercus palustris 'Green Pillar' , Oszlopos mocs\u00e1ri t\u00f6lgy\u00a0 k\u00fcl\u00f6nleges \u0151szi lev\u00e9lsz\u00edne bronzv\u00f6r\u00f6s, mely kert\u00fcnk egyedi d\u00edsze lehet.","og_url":"https:\/\/tajkertesz.com\/en_US\/product\/quercus-palustris-green-pillar-oszlopos-mocsari-tolgy\/","og_site_name":"T\u00e1jkert\u00e9sz","article_publisher":"https:\/\/www.facebook.com\/Tajkertesz\/","article_modified_time":"2023-03-20T07:39:22+00:00","og_image":[{"width":259,"height":194,"url":"https:\/\/tajkertesz.com\/wp-content\/uploads\/2020\/02\/Quercus-pal.-Green-Pillar.jpg3_.jpg","type":"image\/jpeg"}],"twitter_card":"summary_large_image","twitter_misc":{"Est. reading time":"2 minutes"},"schema":{"@context":"https:\/\/schema.org","@graph":[{"@type":"WebPage","@id":"https:\/\/tajkertesz.com\/termek\/quercus-palustris-green-pillar-oszlopos-mocsari-tolgy\/","url":"https:\/\/tajkertesz.com\/termek\/quercus-palustris-green-pillar-oszlopos-mocsari-tolgy\/","name":"Quercus palustris 'Green Pillar' ,Oszlopos mocs\u00e1ri t\u00f6lgy - T\u00e1jkert\u00e9sz","isPartOf":{"@id":"https:\/\/tajkertesz.com\/#website"},"primaryImageOfPage":{"@id":"https:\/\/tajkertesz.com\/termek\/quercus-palustris-green-pillar-oszlopos-mocsari-tolgy\/#primaryimage"},"image":{"@id":"https:\/\/tajkertesz.com\/termek\/quercus-palustris-green-pillar-oszlopos-mocsari-tolgy\/#primaryimage"},"thumbnailUrl":"https:\/\/tajkertesz.com\/wp-content\/uploads\/2020\/02\/Quercus-pal.-Green-Pillar.jpg3_.jpg","datePublished":"2020-02-19T14:09:11+00:00","dateModified":"2023-03-20T07:39:22+00:00","description":"A Quercus palustris 'Green Pillar' , Oszlopos mocs\u00e1ri t\u00f6lgy\u00a0 k\u00fcl\u00f6nleges \u0151szi lev\u00e9lsz\u00edne bronzv\u00f6r\u00f6s, mely kert\u00fcnk egyedi d\u00edsze lehet.","breadcrumb":{"@id":"https:\/\/tajkertesz.com\/termek\/quercus-palustris-green-pillar-oszlopos-mocsari-tolgy\/#breadcrumb"},"inLanguage":"en-US","potentialAction":[{"@type":"ReadAction","target":["https:\/\/tajkertesz.com\/termek\/quercus-palustris-green-pillar-oszlopos-mocsari-tolgy\/"]}]},{"@type":"ImageObject","inLanguage":"en-US","@id":"https:\/\/tajkertesz.com\/termek\/quercus-palustris-green-pillar-oszlopos-mocsari-tolgy\/#primaryimage","url":"https:\/\/tajkertesz.com\/wp-content\/uploads\/2020\/02\/Quercus-pal.-Green-Pillar.jpg3_.jpg","contentUrl":"https:\/\/tajkertesz.com\/wp-content\/uploads\/2020\/02\/Quercus-pal.-Green-Pillar.jpg3_.jpg","width":259,"height":194},{"@type":"BreadcrumbList","@id":"https:\/\/tajkertesz.com\/termek\/quercus-palustris-green-pillar-oszlopos-mocsari-tolgy\/#breadcrumb","itemListElement":[{"@type":"ListItem","position":1,"name":"Home","item":"https:\/\/tajkertesz.com\/"},{"@type":"ListItem","position":2,"name":"Kezd\u0151lap","item":"https:\/\/tajkertesz.com\/"},{"@type":"ListItem","position":3,"name":"Quercus palustris &#8216;Green Pillar&#8217; ,Oszlopos mocs\u00e1ri t\u00f6lgy"}]},{"@type":"WebSite","@id":"https:\/\/tajkertesz.com\/#website","url":"https:\/\/tajkertesz.com\/","name":"T\u00e1j-Kert\u00e9sz 84 Kft.","description":"Kert\u00e9szeti kis- \u00e9s nagykeresked\u00e9s, D\u00edszn\u00f6v\u00e9ny web\u00e1ruh\u00e1z orsz\u00e1gos h\u00e1zhozsz\u00e1ll\u00edt\u00e1ssal!","publisher":{"@id":"https:\/\/tajkertesz.com\/#organization"},"potentialAction":[{"@type":"SearchAction","target":{"@type":"EntryPoint","urlTemplate":"https:\/\/tajkertesz.com\/?s={search_term_string}"},"query-input":{"@type":"PropertyValueSpecification","valueRequired":true,"valueName":"search_term_string"}}],"inLanguage":"en-US"},{"@type":"Organization","@id":"https:\/\/tajkertesz.com\/#organization","name":"T\u00e1j-Kert\u00e9sz 84 Kft.","url":"https:\/\/tajkertesz.com\/","logo":{"@type":"ImageObject","inLanguage":"en-US","@id":"https:\/\/tajkertesz.com\/#\/schema\/logo\/image\/","url":"https:\/\/tajkertesz.com\/wp-content\/uploads\/2018\/02\/logo-2-e1518678052539.png","contentUrl":"https:\/\/tajkertesz.com\/wp-content\/uploads\/2018\/02\/logo-2-e1518678052539.png","width":81,"height":140,"caption":"T\u00e1j-Kert\u00e9sz 84 Kft."},"image":{"@id":"https:\/\/tajkertesz.com\/#\/schema\/logo\/image\/"},"sameAs":["https:\/\/www.facebook.com\/Tajkertesz\/"]}]}},"_links":{"self":[{"href":"https:\/\/tajkertesz.com\/en_US\/wp-json\/wp\/v2\/product\/990","targetHints":{"allow":["GET"]}}],"collection":[{"href":"https:\/\/tajkertesz.com\/en_US\/wp-json\/wp\/v2\/product"}],"about":[{"href":"https:\/\/tajkertesz.com\/en_US\/wp-json\/wp\/v2\/types\/product"}],"wp:featuredmedia":[{"embeddable":true,"href":"https:\/\/tajkertesz.com\/en_US\/wp-json\/wp\/v2\/media\/991"}],"wp:attachment":[{"href":"https:\/\/tajkertesz.com\/en_US\/wp-json\/wp\/v2\/media?parent=990"}],"wp:term":[{"taxonomy":"product_brand","embeddable":true,"href":"https:\/\/tajkertesz.com\/en_US\/wp-json\/wp\/v2\/product_brand?post=990"},{"taxonomy":"product_cat","embeddable":true,"href":"https:\/\/tajkertesz.com\/en_US\/wp-json\/wp\/v2\/product_cat?post=990"},{"taxonomy":"product_tag","embeddable":true,"href":"https:\/\/tajkertesz.com\/en_US\/wp-json\/wp\/v2\/product_tag?post=990"}],"curies":[{"name":"wp","href":"https:\/\/api.w.org\/{rel}","templated":true}]}}