{"id":9900,"date":"2021-10-05T08:05:52","date_gmt":"2021-10-05T08:05:52","guid":{"rendered":"https:\/\/tajkertesz.com\/?post_type=product&#038;p=9900"},"modified":"2026-02-12T15:44:06","modified_gmt":"2026-02-12T15:44:06","slug":"acer-x-freemanii-autumn-blaze-oszi-tuzjuhar","status":"publish","type":"product","link":"https:\/\/tajkertesz.com\/en_US\/product\/acer-x-freemanii-autumn-blaze-oszi-tuzjuhar\/","title":{"rendered":"Acer x freemanii &#8216;Autumn Blaze&#8217; &#8211; \u0150szi t\u0171zjuhar"},"content":{"rendered":"<h3 class=\"LC20lb DKV0Md\">Acer x freemanii &#8216;Autumn Blaze&#8217; &#8211; \u0150szi t\u0171zjuhar<\/h3>\n<p><em>Acer x freemanii \u2019Autumn blaze\u2019 &#8211; \u0150szi t\u0171zjuhar<\/em> nagy termet\u0171 lombhullat\u00f3 d\u00edszfa, amely az <em>Acer rubrum <\/em>\u00e9s az <em>Acer saccharinum<\/em> keresztez\u00e9s\u00e9b\u0151l j\u00f6tt l\u00e9tre. Kifejlett kor\u00e1ban 10-18 m\u00e9ter magas lesz. Gyorsabban n\u0151, mint a v\u00f6r\u00f6s juhar (Acer rubrum). \u00dcltethetj\u00fck sorfak\u00e9nt vagy nagyobb kertekbe, parkokba\u00a0<span class=\"autohelp\" style=\"box-sizing: border-box;\">szoliter<\/span>k\u00e9nt, \u00edgy \u00e9rv\u00e9nyes\u00fcl a legjobban k\u00fcl\u00f6nleges megjelen\u00e9se.<\/p>\n<p>Talajig\u00e9nyeit tekintve nem v\u00e1logat\u00f3s, a legt\u00f6bb talajt\u00edpuson sz\u00e9pen fejl\u0151dik, de a j\u00f3 v\u00edzgazd\u00e1lkod\u00e1s\u00fa, nyirkos talajokon \u00e9rzi mag\u00e1t a legjobban. Napos helyre \u00fcltess\u00fck. Haz\u00e1nk kl\u00edm\u00e1j\u00e1t j\u00f3l b\u00edrja, v\u00e1rosi k\u00f6r\u00fclm\u00e9nyek k\u00f6z\u00f6tt is sz\u00e9pen fejl\u0151dik.<\/p>\n<p>Telep\u00edt\u00e9st k\u00f6vet\u0151 \u00e9vekben \u00e9s meleg nyarakon \u00f6nt\u00f6z\u00e9s\u00e9r\u0151l gondoskodjunk.<\/p>\n<p>Jelen term\u00e9k\u00fcnk 9,5 L-es cser\u00e9pben\u00a0 300+CM<\/p>\n<p style=\"line-height: 18.0pt; background: white; margin: 0cm 0cm 15.0pt 0cm;\"><b><span style=\"font-family: 'Ubuntu',serif; color: black;\">K\u00e9szlet\u00fcnk napi szinten v\u00e1ltozik, ez\u00e9rt k\u00e9rj\u00fck, \u00e9rdekl\u0151dj\u00f6n szem\u00e9lyesen, telefonon vagy email-en.<br \/>\nA v\u00e1ltoztat\u00e1s jog\u00e1t fenntartjuk!\u00a0<\/span><\/b><\/p>\n<p><a href=\"https:\/\/tajkertesz.com\/\">https:\/\/tajkertesz.com\/<\/a><\/p>\n<p><a href=\"https:\/\/hu.wikipedia.org\/wiki\/Mezei_juhar\">https:\/\/hu.wikipedia.org\/wiki\/Mezei_juhar<\/a><\/p>\n<p><span style=\"color: #ffffff;\">A mezei juhar kisebb termet\u0171, lombhullat\u00f3 fa, ritk\u00e1n \u00e9ri el a 10\u201315\u00a0m\u00e9tern\u00e9l nagyobb magass\u00e1got, de kiv\u00e9teles esetekben ak\u00e1r 25\u00a0m\u00e9terig is felmagasodhat. Koron\u00e1ja s\u0171r\u0171, szab\u00e1lyos g\u00f6mb\u00f6lyded, sokszor tereb\u00e9lyes.<\/span><\/p>\n<p><span style=\"color: #ffffff;\">K\u00e9rge m\u00e9lyen repedezett, apr\u00f3 pikkelyekben h\u00e1mlik. A frissen lev\u00e1lt pikkelyek hely\u00e9n a k\u00e9reg narancs-barna, k\u00e9s\u0151bb v\u00f6r\u00f6sbarn\u00e1ra s\u00f6t\u00e9t\u00fcl. Az els\u0151 \u00e9ves hajt\u00e1sok k\u00e9rge m\u00e9g z\u00f6ldesbarna, \u00e9s s\u00e1rga paraszem\u00f6lcs\u00f6k tark\u00edtj\u00e1k. A t\u00f6bbnyire g\u00f6rbe t\u00f6rzs keskenyen bord\u00e1s, a vessz\u0151k gyakran vastagon paral\u00e9cesek. Fiatal hajt\u00e1sai kiss\u00e9 sz\u0151r\u00f6sek.<\/span><\/p>\n<p><span style=\"color: #ffffff;\">Szab\u00e1lyosan 5\u00a0kar\u00e9j\u00fa, 4\u20138\u00a0centim\u00e9teres, hossz\u00fa nyel\u0171\u00a0<a style=\"color: #ffffff;\" title=\"Lev\u00e9l (botanika)\" href=\"https:\/\/hu.wikipedia.org\/wiki\/Lev%C3%A9l_(botanika)\">levelei<\/a>\u00a0\u00e1tellenesen \u00e1llnak, a cs\u00facsuk lekerek\u00edtett, a sz\u00e9l\u00fck \u00e9p vagy kev\u00e9s tompa foggal tagolt. Egyes kar\u00e9jok az alapjuk fel\u00e9 elkeskenyednek. A lev\u00e9llemez fel\u00fcl f\u00e9nytelen s\u00f6t\u00e9tz\u00f6ld, a fon\u00e1kja vil\u00e1gosabb, enyh\u00e9n pelyhes. A porz\u00f3s vir\u00e1gban \u00f6t cs\u00e9szelev\u00e9l \u00e9s ugyancsak \u00f6t vissz\u00e1s-l\u00e1ndzs\u00e1s alak\u00fa, z\u00f6ldess\u00e1rga sziromlev\u00e9l alakult ki.<\/span><\/p>\n<p><span style=\"color: #ffffff;\">Term\u0151s \u00e9s porz\u00f3s\u00a0<a style=\"color: #ffffff;\" title=\"Vir\u00e1g (botanika)\" href=\"https:\/\/hu.wikipedia.org\/wiki\/Vir%C3%A1g_(botanika)\">vir\u00e1gai<\/a>\u00a0ugyanazon a f\u00e1n, de k\u00fcl\u00f6n, kev\u00e9s vir\u00e1got tartalmaz\u00f3, laza, molyhos kocs\u00e1ny\u00fa bug\u00e1kban ny\u00edlnak.<\/span><\/p>\n<p><span style=\"color: #ffffff;\">Iker lepend\u00e9k\u00a0<a style=\"color: #ffffff;\" title=\"Term\u00e9s\" href=\"https:\/\/hu.wikipedia.org\/wiki\/Term%C3%A9s\">term\u00e9s\u00e9nek<\/a>\u00a0sz\u00e1rnyai csaknem egy vonalban (k\u00f6zel 180\u00b0-os sz\u00f6gben) \u00e1llnak. A sz\u00e1rnyf\u00fcggel\u00e9k kiss\u00e9 g\u00f6rb\u00fclt.<\/span><\/p>","protected":false},"excerpt":{"rendered":"<p class=\"LC20lb DKV0Md\">Acer x freemanii &#8216;Autumn Blaze&#8217; &#8211; \u0150szi t\u0171zjuhar<\/p>\n<p>&nbsp;<\/p>\n<p>Az\u00a0<em>Acer x freemanii \u2019Autumn blaze\u2019 &#8211; \u0150szi t\u0171zjuhar<\/em> nagy termet\u0171 lombhullat\u00f3 d\u00edszfa,\u00a0 amely az <em>Acer rubrum <\/em>\u00e9s az <em>Acer saccharinum<\/em> keresztez\u00e9s\u00e9b\u0151l j\u00f6tt l\u00e9tre. Kifejlett kor\u00e1ban 10-18 m\u00e9ter magas lesz. Gyorsabban n\u0151, mint a v\u00f6r\u00f6s juhar (Acer rubrum). \u00dcltethetj\u00fck sorfak\u00e9nt vagy nagyobb kertekbe, parkokba\u00a0<span class=\"autohelp\" style=\"box-sizing: border-box;\">szoliter<\/span>k\u00e9nt, \u00edgy \u00e9rv\u00e9nyes\u00fcl a legjobban k\u00fcl\u00f6nleges megjelen\u00e9se.<\/p>\n<p>Talajig\u00e9nyeit tekintve nem v\u00e1logat\u00f3s, a legt\u00f6bb talajt\u00edpuson sz\u00e9pen fejl\u0151dik, de a j\u00f3 v\u00edzgazd\u00e1lkod\u00e1s\u00fa, nyirkos talajokon \u00e9rzi mag\u00e1t a legjobban. Napos helyen \u00e9rzi mag\u00e1t a legjobban, haz\u00e1nk kl\u00edm\u00e1j\u00e1t j\u00f3l b\u00edrja, v\u00e1rosi k\u00f6r\u00fclm\u00e9nyek k\u00f6z\u00f6tt is sz\u00e9pen fejl\u0151dik.<\/p>\n<p>Telep\u00edt\u00e9st k\u00f6vet\u0151 \u00e9vekben \u00e9s meleg nyarakon \u00f6nt\u00f6z\u00e9s\u00e9r\u0151l gondoskodjunk.<\/p>\n<p>Jelen term\u00e9k\u00fcnk 9,5 L-es cser\u00e9pben\u00a0 300+cm<\/p>\n<p style=\"line-height: 18.0pt; background: white; margin: 0cm 0cm 15.0pt 0cm;\"><b><span style=\"font-family: 'Ubuntu',serif; color: black;\">K\u00e9szlet\u00fcnk napi szinten v\u00e1ltozik, ez\u00e9rt k\u00e9rj\u00fck, \u00e9rdekl\u0151dj\u00f6n szem\u00e9lyesen, telefonon vagy email-en.<br \/>\nA v\u00e1ltoztat\u00e1s jog\u00e1t fenntartjuk!\u00a0<\/span><\/b><\/p>","protected":false},"featured_media":9901,"template":"","meta":{"_et_pb_use_builder":"","_et_pb_old_content":"","_et_gb_content_width":""},"product_brand":[],"product_cat":[28],"product_tag":[2891,47,2890,217],"class_list":{"0":"post-9900","1":"product","2":"type-product","3":"status-publish","4":"has-post-thumbnail","6":"product_cat-diszfak","7":"product_tag-acer-freemanii-autumn-blaze","8":"product_tag-juhar","9":"product_tag-juhar-osszel-voroslo","10":"product_tag-oszi-juhar","12":"first","13":"instock","14":"shipping-taxable","15":"purchasable","16":"product-type-simple"},"yoast_head":"<!-- This site is optimized with the Yoast SEO plugin v27.4 - https:\/\/yoast.com\/product\/yoast-seo-wordpress\/ -->\n<title>Acer x freemanii &#039;Autumn Blaze&#039; - \u0150szi t\u0171zjuhar - T\u00e1jkert\u00e9sz<\/title>\n<meta name=\"description\" content=\"Acer x freemanii &#039;Autumn Blaze&#039; - \u0150szi t\u0171zjuhar Kifejlett kor\u00e1ban 10-18 m\u00e9ter magas lesz. Gyorsabban n\u0151, mint a v\u00f6r\u00f6s juhar\" \/>\n<meta name=\"robots\" content=\"index, follow, max-snippet:-1, max-image-preview:large, max-video-preview:-1\" \/>\n<link rel=\"canonical\" href=\"https:\/\/tajkertesz.com\/en_US\/product\/acer-x-freemanii-autumn-blaze-oszi-tuzjuhar\/\" \/>\n<meta property=\"og:locale\" content=\"en_US\" \/>\n<meta property=\"og:type\" content=\"article\" \/>\n<meta property=\"og:title\" content=\"https:\/\/www.facebook.com\/tajkertesz\" \/>\n<meta property=\"og:description\" content=\"Juhar \u0151sszel v\u00f6r\u00f6sl\u0151, Acer freemanii &#039;Autumn Blaze&#039;Nagy termet\u0171, laza koron\u00e1j\u00fa, tereb\u00e9lyes. Kifejlett magass\u00e1g 20-30 m.5 kar\u00e9j\u00fa, \u0151szi lombsz\u00edne narancs-v\u00f6r\u00f6sVir\u00e1g: piros, III-IV h\u00f3napban vir\u00e1gzik.Gyors n\u00f6veked\u00e9s\u0171Ig\u00e9ny: Napos helyet \u00e9s\u00a0semleges, j\u00f3 v\u00edzelvezet\u00e9s\u0171 talajt kedvel.\u00a0\u00a0Telep\u00edt\u00e9st k\u00f6vet\u0151 \u00e9vekben \u00e9s meleg nyarakon\u00a0\u00f6nt\u00f6z\u00e9s\u00e9r\u0151l gondoskodjunk.\u00a0Haz\u00e1nk kl\u00edm\u00e1j\u00e1t j\u00f3l b\u00edrja, teljesen t\u00e9l\u00e1ll\u00f3. V\u00e1rosi kl\u00edm\u00e1t j\u00f3l t\u0171r\u0151 parkfa.\" \/>\n<meta property=\"og:url\" content=\"https:\/\/tajkertesz.com\/en_US\/product\/acer-x-freemanii-autumn-blaze-oszi-tuzjuhar\/\" \/>\n<meta property=\"og:site_name\" content=\"T\u00e1jkert\u00e9sz\" \/>\n<meta property=\"article:publisher\" content=\"https:\/\/www.facebook.com\/Tajkertesz\/\" \/>\n<meta property=\"article:modified_time\" content=\"2026-02-12T15:44:06+00:00\" \/>\n<meta property=\"og:image\" content=\"https:\/\/tajkertesz.com\/wp-content\/uploads\/2023\/09\/acer-rubrum-sun-valley-american-red-maple-circa-150-180cms-tall-398-e1695739052809.jpg\" \/>\n\t<meta property=\"og:image:width\" content=\"750\" \/>\n\t<meta property=\"og:image:height\" content=\"750\" \/>\n\t<meta property=\"og:image:type\" content=\"image\/jpeg\" \/>\n<meta name=\"twitter:card\" content=\"summary_large_image\" \/>\n<meta name=\"twitter:label1\" content=\"Est. reading time\" \/>\n\t<meta name=\"twitter:data1\" content=\"2 minutes\" \/>\n<script type=\"application\/ld+json\" class=\"yoast-schema-graph\">{\"@context\":\"https:\\\/\\\/schema.org\",\"@graph\":[{\"@type\":\"WebPage\",\"@id\":\"https:\\\/\\\/tajkertesz.com\\\/termek\\\/acer-x-freemanii-autumn-blaze-oszi-tuzjuhar\\\/\",\"url\":\"https:\\\/\\\/tajkertesz.com\\\/termek\\\/acer-x-freemanii-autumn-blaze-oszi-tuzjuhar\\\/\",\"name\":\"Acer x freemanii 'Autumn Blaze' - \u0150szi t\u0171zjuhar - T\u00e1jkert\u00e9sz\",\"isPartOf\":{\"@id\":\"https:\\\/\\\/tajkertesz.com\\\/#website\"},\"primaryImageOfPage\":{\"@id\":\"https:\\\/\\\/tajkertesz.com\\\/termek\\\/acer-x-freemanii-autumn-blaze-oszi-tuzjuhar\\\/#primaryimage\"},\"image\":{\"@id\":\"https:\\\/\\\/tajkertesz.com\\\/termek\\\/acer-x-freemanii-autumn-blaze-oszi-tuzjuhar\\\/#primaryimage\"},\"thumbnailUrl\":\"https:\\\/\\\/tajkertesz.com\\\/wp-content\\\/uploads\\\/2021\\\/10\\\/5913859738_b4a47f850e_b.jpg\",\"datePublished\":\"2021-10-05T08:05:52+00:00\",\"dateModified\":\"2026-02-12T15:44:06+00:00\",\"description\":\"Acer x freemanii 'Autumn Blaze' - \u0150szi t\u0171zjuhar Kifejlett kor\u00e1ban 10-18 m\u00e9ter magas lesz. Gyorsabban n\u0151, mint a v\u00f6r\u00f6s juhar\",\"breadcrumb\":{\"@id\":\"https:\\\/\\\/tajkertesz.com\\\/termek\\\/acer-x-freemanii-autumn-blaze-oszi-tuzjuhar\\\/#breadcrumb\"},\"inLanguage\":\"en-US\",\"potentialAction\":[{\"@type\":\"ReadAction\",\"target\":[\"https:\\\/\\\/tajkertesz.com\\\/termek\\\/acer-x-freemanii-autumn-blaze-oszi-tuzjuhar\\\/\"]}]},{\"@type\":\"ImageObject\",\"inLanguage\":\"en-US\",\"@id\":\"https:\\\/\\\/tajkertesz.com\\\/termek\\\/acer-x-freemanii-autumn-blaze-oszi-tuzjuhar\\\/#primaryimage\",\"url\":\"https:\\\/\\\/tajkertesz.com\\\/wp-content\\\/uploads\\\/2021\\\/10\\\/5913859738_b4a47f850e_b.jpg\",\"contentUrl\":\"https:\\\/\\\/tajkertesz.com\\\/wp-content\\\/uploads\\\/2021\\\/10\\\/5913859738_b4a47f850e_b.jpg\",\"width\":1024,\"height\":768},{\"@type\":\"BreadcrumbList\",\"@id\":\"https:\\\/\\\/tajkertesz.com\\\/termek\\\/acer-x-freemanii-autumn-blaze-oszi-tuzjuhar\\\/#breadcrumb\",\"itemListElement\":[{\"@type\":\"ListItem\",\"position\":1,\"name\":\"Home\",\"item\":\"https:\\\/\\\/tajkertesz.com\\\/\"},{\"@type\":\"ListItem\",\"position\":2,\"name\":\"Kezd\u0151lap\",\"item\":\"https:\\\/\\\/tajkertesz.com\\\/\"},{\"@type\":\"ListItem\",\"position\":3,\"name\":\"Acer x freemanii &#8216;Autumn Blaze&#8217; &#8211; \u0150szi t\u0171zjuhar\"}]},{\"@type\":\"WebSite\",\"@id\":\"https:\\\/\\\/tajkertesz.com\\\/#website\",\"url\":\"https:\\\/\\\/tajkertesz.com\\\/\",\"name\":\"T\u00e1j-Kert\u00e9sz 84 Kft.\",\"description\":\"Kert\u00e9szeti kis- \u00e9s nagykeresked\u00e9s, D\u00edszn\u00f6v\u00e9ny web\u00e1ruh\u00e1z orsz\u00e1gos h\u00e1zhozsz\u00e1ll\u00edt\u00e1ssal!\",\"publisher\":{\"@id\":\"https:\\\/\\\/tajkertesz.com\\\/#organization\"},\"potentialAction\":[{\"@type\":\"SearchAction\",\"target\":{\"@type\":\"EntryPoint\",\"urlTemplate\":\"https:\\\/\\\/tajkertesz.com\\\/?s={search_term_string}\"},\"query-input\":{\"@type\":\"PropertyValueSpecification\",\"valueRequired\":true,\"valueName\":\"search_term_string\"}}],\"inLanguage\":\"en-US\"},{\"@type\":\"Organization\",\"@id\":\"https:\\\/\\\/tajkertesz.com\\\/#organization\",\"name\":\"T\u00e1j-Kert\u00e9sz 84 Kft.\",\"url\":\"https:\\\/\\\/tajkertesz.com\\\/\",\"logo\":{\"@type\":\"ImageObject\",\"inLanguage\":\"en-US\",\"@id\":\"https:\\\/\\\/tajkertesz.com\\\/#\\\/schema\\\/logo\\\/image\\\/\",\"url\":\"https:\\\/\\\/tajkertesz.com\\\/wp-content\\\/uploads\\\/2018\\\/02\\\/logo-2-e1518678052539.png\",\"contentUrl\":\"https:\\\/\\\/tajkertesz.com\\\/wp-content\\\/uploads\\\/2018\\\/02\\\/logo-2-e1518678052539.png\",\"width\":81,\"height\":140,\"caption\":\"T\u00e1j-Kert\u00e9sz 84 Kft.\"},\"image\":{\"@id\":\"https:\\\/\\\/tajkertesz.com\\\/#\\\/schema\\\/logo\\\/image\\\/\"},\"sameAs\":[\"https:\\\/\\\/www.facebook.com\\\/Tajkertesz\\\/\"]}]}<\/script>\n<!-- \/ Yoast SEO plugin. -->","yoast_head_json":{"title":"Acer x freemanii 'Autumn Blaze' - \u0150szi t\u0171zjuhar - T\u00e1jkert\u00e9sz","description":"Acer x freemanii 'Autumn Blaze' - \u0150szi t\u0171zjuhar Kifejlett kor\u00e1ban 10-18 m\u00e9ter magas lesz. Gyorsabban n\u0151, mint a v\u00f6r\u00f6s juhar","robots":{"index":"index","follow":"follow","max-snippet":"max-snippet:-1","max-image-preview":"max-image-preview:large","max-video-preview":"max-video-preview:-1"},"canonical":"https:\/\/tajkertesz.com\/en_US\/product\/acer-x-freemanii-autumn-blaze-oszi-tuzjuhar\/","og_locale":"en_US","og_type":"article","og_title":"https:\/\/www.facebook.com\/tajkertesz","og_description":"Juhar \u0151sszel v\u00f6r\u00f6sl\u0151, Acer freemanii 'Autumn Blaze'Nagy termet\u0171, laza koron\u00e1j\u00fa, tereb\u00e9lyes. Kifejlett magass\u00e1g 20-30 m.5 kar\u00e9j\u00fa, \u0151szi lombsz\u00edne narancs-v\u00f6r\u00f6sVir\u00e1g: piros, III-IV h\u00f3napban vir\u00e1gzik.Gyors n\u00f6veked\u00e9s\u0171Ig\u00e9ny: Napos helyet \u00e9s\u00a0semleges, j\u00f3 v\u00edzelvezet\u00e9s\u0171 talajt kedvel.\u00a0\u00a0Telep\u00edt\u00e9st k\u00f6vet\u0151 \u00e9vekben \u00e9s meleg nyarakon\u00a0\u00f6nt\u00f6z\u00e9s\u00e9r\u0151l gondoskodjunk.\u00a0Haz\u00e1nk kl\u00edm\u00e1j\u00e1t j\u00f3l b\u00edrja, teljesen t\u00e9l\u00e1ll\u00f3. V\u00e1rosi kl\u00edm\u00e1t j\u00f3l t\u0171r\u0151 parkfa.","og_url":"https:\/\/tajkertesz.com\/en_US\/product\/acer-x-freemanii-autumn-blaze-oszi-tuzjuhar\/","og_site_name":"T\u00e1jkert\u00e9sz","article_publisher":"https:\/\/www.facebook.com\/Tajkertesz\/","article_modified_time":"2026-02-12T15:44:06+00:00","og_image":[{"width":750,"height":750,"url":"https:\/\/tajkertesz.com\/wp-content\/uploads\/2023\/09\/acer-rubrum-sun-valley-american-red-maple-circa-150-180cms-tall-398-e1695739052809.jpg","type":"image\/jpeg"}],"twitter_card":"summary_large_image","twitter_misc":{"Est. reading time":"2 minutes"},"schema":{"@context":"https:\/\/schema.org","@graph":[{"@type":"WebPage","@id":"https:\/\/tajkertesz.com\/termek\/acer-x-freemanii-autumn-blaze-oszi-tuzjuhar\/","url":"https:\/\/tajkertesz.com\/termek\/acer-x-freemanii-autumn-blaze-oszi-tuzjuhar\/","name":"Acer x freemanii 'Autumn Blaze' - \u0150szi t\u0171zjuhar - T\u00e1jkert\u00e9sz","isPartOf":{"@id":"https:\/\/tajkertesz.com\/#website"},"primaryImageOfPage":{"@id":"https:\/\/tajkertesz.com\/termek\/acer-x-freemanii-autumn-blaze-oszi-tuzjuhar\/#primaryimage"},"image":{"@id":"https:\/\/tajkertesz.com\/termek\/acer-x-freemanii-autumn-blaze-oszi-tuzjuhar\/#primaryimage"},"thumbnailUrl":"https:\/\/tajkertesz.com\/wp-content\/uploads\/2021\/10\/5913859738_b4a47f850e_b.jpg","datePublished":"2021-10-05T08:05:52+00:00","dateModified":"2026-02-12T15:44:06+00:00","description":"Acer x freemanii 'Autumn Blaze' - \u0150szi t\u0171zjuhar Kifejlett kor\u00e1ban 10-18 m\u00e9ter magas lesz. Gyorsabban n\u0151, mint a v\u00f6r\u00f6s juhar","breadcrumb":{"@id":"https:\/\/tajkertesz.com\/termek\/acer-x-freemanii-autumn-blaze-oszi-tuzjuhar\/#breadcrumb"},"inLanguage":"en-US","potentialAction":[{"@type":"ReadAction","target":["https:\/\/tajkertesz.com\/termek\/acer-x-freemanii-autumn-blaze-oszi-tuzjuhar\/"]}]},{"@type":"ImageObject","inLanguage":"en-US","@id":"https:\/\/tajkertesz.com\/termek\/acer-x-freemanii-autumn-blaze-oszi-tuzjuhar\/#primaryimage","url":"https:\/\/tajkertesz.com\/wp-content\/uploads\/2021\/10\/5913859738_b4a47f850e_b.jpg","contentUrl":"https:\/\/tajkertesz.com\/wp-content\/uploads\/2021\/10\/5913859738_b4a47f850e_b.jpg","width":1024,"height":768},{"@type":"BreadcrumbList","@id":"https:\/\/tajkertesz.com\/termek\/acer-x-freemanii-autumn-blaze-oszi-tuzjuhar\/#breadcrumb","itemListElement":[{"@type":"ListItem","position":1,"name":"Home","item":"https:\/\/tajkertesz.com\/"},{"@type":"ListItem","position":2,"name":"Kezd\u0151lap","item":"https:\/\/tajkertesz.com\/"},{"@type":"ListItem","position":3,"name":"Acer x freemanii &#8216;Autumn Blaze&#8217; &#8211; \u0150szi t\u0171zjuhar"}]},{"@type":"WebSite","@id":"https:\/\/tajkertesz.com\/#website","url":"https:\/\/tajkertesz.com\/","name":"T\u00e1j-Kert\u00e9sz 84 Kft.","description":"Kert\u00e9szeti kis- \u00e9s nagykeresked\u00e9s, D\u00edszn\u00f6v\u00e9ny web\u00e1ruh\u00e1z orsz\u00e1gos h\u00e1zhozsz\u00e1ll\u00edt\u00e1ssal!","publisher":{"@id":"https:\/\/tajkertesz.com\/#organization"},"potentialAction":[{"@type":"SearchAction","target":{"@type":"EntryPoint","urlTemplate":"https:\/\/tajkertesz.com\/?s={search_term_string}"},"query-input":{"@type":"PropertyValueSpecification","valueRequired":true,"valueName":"search_term_string"}}],"inLanguage":"en-US"},{"@type":"Organization","@id":"https:\/\/tajkertesz.com\/#organization","name":"T\u00e1j-Kert\u00e9sz 84 Kft.","url":"https:\/\/tajkertesz.com\/","logo":{"@type":"ImageObject","inLanguage":"en-US","@id":"https:\/\/tajkertesz.com\/#\/schema\/logo\/image\/","url":"https:\/\/tajkertesz.com\/wp-content\/uploads\/2018\/02\/logo-2-e1518678052539.png","contentUrl":"https:\/\/tajkertesz.com\/wp-content\/uploads\/2018\/02\/logo-2-e1518678052539.png","width":81,"height":140,"caption":"T\u00e1j-Kert\u00e9sz 84 Kft."},"image":{"@id":"https:\/\/tajkertesz.com\/#\/schema\/logo\/image\/"},"sameAs":["https:\/\/www.facebook.com\/Tajkertesz\/"]}]}},"_links":{"self":[{"href":"https:\/\/tajkertesz.com\/en_US\/wp-json\/wp\/v2\/product\/9900","targetHints":{"allow":["GET"]}}],"collection":[{"href":"https:\/\/tajkertesz.com\/en_US\/wp-json\/wp\/v2\/product"}],"about":[{"href":"https:\/\/tajkertesz.com\/en_US\/wp-json\/wp\/v2\/types\/product"}],"wp:featuredmedia":[{"embeddable":true,"href":"https:\/\/tajkertesz.com\/en_US\/wp-json\/wp\/v2\/media\/9901"}],"wp:attachment":[{"href":"https:\/\/tajkertesz.com\/en_US\/wp-json\/wp\/v2\/media?parent=9900"}],"wp:term":[{"taxonomy":"product_brand","embeddable":true,"href":"https:\/\/tajkertesz.com\/en_US\/wp-json\/wp\/v2\/product_brand?post=9900"},{"taxonomy":"product_cat","embeddable":true,"href":"https:\/\/tajkertesz.com\/en_US\/wp-json\/wp\/v2\/product_cat?post=9900"},{"taxonomy":"product_tag","embeddable":true,"href":"https:\/\/tajkertesz.com\/en_US\/wp-json\/wp\/v2\/product_tag?post=9900"}],"curies":[{"name":"wp","href":"https:\/\/api.w.org\/{rel}","templated":true}]}}