{"id":9911,"date":"2021-10-05T08:25:52","date_gmt":"2021-10-05T08:25:52","guid":{"rendered":"https:\/\/tajkertesz.com\/?post_type=product&#038;p=9911"},"modified":"2025-02-23T16:10:38","modified_gmt":"2025-02-23T16:10:38","slug":"diszalma-feher-viragu-malus-baccata-street-parade","status":"publish","type":"product","link":"https:\/\/tajkertesz.com\/en_US\/product\/diszalma-feher-viragu-malus-baccata-street-parade\/","title":{"rendered":"D\u00edszalma feh\u00e9r vir\u00e1g\u00fa, Malus baccata &#8216;Street Parade&#8217;"},"content":{"rendered":"<h3 class=\"LC20lb DKV0Md\">D\u00edszalma feh\u00e9r vir\u00e1g\u00fa, Malus baccata &#8216;Street Parade&#8217;<\/h3>\n<p class=\"LC20lb DKV0Md\">D\u00edszalma feh\u00e9r vir\u00e1g\u00fa, Malus baccata &#8216;Street Parade&#8217;<\/p>\n<p>Alak: Kis termet\u0171, karcs\u00fa, toj\u00e1sdad koron\u00e1j\u00fa<\/p>\n<p>Magass\u00e1g: kifejlett magass\u00e1g 6-8 m<\/p>\n<p>Lev\u00e9l: \u00e9l\u00e9nkz\u00f6ld, hossz\u00fak\u00e1s-toj\u00e1sdad<\/p>\n<p>Vir\u00e1g: bimb\u00f3ban halv\u00e1nyr\u00f3zsasz\u00edn\u0171ek, kiny\u00edlva feh\u00e9rek. V h\u00f3napban vir\u00e1gzik.<\/p>\n<p>Term\u00e9s: f\u00e9nyl\u0151, v\u00f6r\u00f6s sz\u00edn\u0171.<\/p>\n<p>N\u00f6veked\u00e9s: lass\u00fa n\u00f6veked\u00e9s\u0171<\/p>\n<p>Ig\u00e9ny: Napos helyet \u00e9s semleges, j\u00f3 v\u00edzelvezet\u00e9s\u0171 talajt kedvel. Telep\u00edt\u00e9st k\u00f6vet\u0151 \u00e9vekben \u00e9s meleg nyarakon \u00f6nt\u00f6z\u00e9s\u00e9r\u0151l gondoskodjunk. Haz\u00e1nk kl\u00edm\u00e1j\u00e1t j\u00f3l b\u00edrja, teljesen t\u00e9l\u00e1ll\u00f3.<\/p>\n<p>Jelen term\u00e9k\u00fcnk 15 l-es kont\u00e9nerben kaphat\u00f3 \u00e9s kb 250\/300cm magass\u00e1g\u00fa. T\u00f6rzsk\u00f6rm\u00e9rete 6\/8-as m\u00e9ret.<\/p>\n<p><a href=\"https:\/\/tajkertesz.com\/\">https:\/\/tajkertesz.com\/<\/a><\/p>\n<p><a href=\"https:\/\/hu.wikipedia.org\/wiki\/Alma_(n%C3%B6v%C3%A9nynemzets%C3%A9g)\">https:\/\/hu.wikipedia.org\/wiki\/Alma_(n%C3%B6v%C3%A9nynemzets%C3%A9g)<\/a><\/p>\n<p><span style=\"color: #ffffff;\">3-6 m. magas, gyenge n\u00f6veked\u00e9s\u0171 fa. 3-4 cm-es szimpla vir\u00e1gai rubinpirosak. Levelei a szezon kezdet\u00e9n rubinv\u00f6r\u00f6sek, majd z\u00f6ldes \u00e1rnyalat\u00faak, \u0151sszel pedig ism\u00e9t ragyog\u00f3 bord\u00f3ak.<\/span><\/p>\n<p><span style=\"color: #ffffff;\">\u0150szi, apr\u00f3 term\u00e9sei s\u00f6t\u00e9tv\u00f6r\u00f6sek, kev\u00e9ss\u00e9 izletesek, de ehet\u0151k.<i>\u00a0<\/i><\/span><\/p>\n<p><span style=\"color: #ffffff;\">Igen kedvelt\u00a0d\u00edszfa, sz\u00ednes lombja \u00e9s sz\u00e9p vir\u00e1gai miatt.<\/span><\/p>\n<p><span style=\"color: #ffffff;\">\u00dcde, t\u00e1pd\u00fas kerti talajt ig\u00e9nyel. Napos helyre \u00fcltess\u00fck. Kis termete miatt, l\u00e9gvezet\u00e9kek al\u00e1, utcai sorf\u00e1nak, kertekbe szoliternek val\u00f3\u00a0d\u00edszfa.<\/span><\/p>\n<p><span style=\"color: #ffffff;\">3-6 m. magas, gyenge n\u00f6veked\u00e9s\u0171 fa. 3-4 cm-es szimpla vir\u00e1gai rubinpirosak. Levelei a szezon kezdet\u00e9n rubinv\u00f6r\u00f6sek, majd z\u00f6ldes \u00e1rnyalat\u00faak, \u0151sszel pedig ism\u00e9t ragyog\u00f3 bord\u00f3ak.<\/span><\/p>\n<p><span style=\"color: #ffffff;\">\u0150szi, apr\u00f3 term\u00e9sei s\u00f6t\u00e9tv\u00f6r\u00f6sek, kev\u00e9ss\u00e9 izletesek, de ehet\u0151k.<i>\u00a0<\/i><\/span><\/p>\n<p><span style=\"color: #ffffff;\">Igen kedvelt\u00a0d\u00edszfa, sz\u00ednes lombja \u00e9s sz\u00e9p vir\u00e1gai miatt.<\/span><\/p>\n<p><span style=\"color: #ffffff;\">\u00dcde, t\u00e1pd\u00fas kerti talajt ig\u00e9nyel. Napos helyre \u00fcltess\u00fck. Kis termete miatt, l\u00e9gvezet\u00e9kek al\u00e1, utcai sorf\u00e1nak, kertekbe szoliternek val\u00f3\u00a0d\u00edszfa.<\/span><\/p>\n<p>&nbsp;<\/p>\n<p>&nbsp;<\/p>\n<p><span style=\"color: #ffffff;\">Az 1960-as \u00e9vek elej\u00e9n, Kanad\u00e1ban szelekt\u00e1lt\u00e1k, gy\u00f6nge n\u00f6veked\u00e9s\u0171, laza \u00e1grendszer\u0171, 3-5 m magasra megn\u00f6v\u0151, kism\u00e9ret\u0171,\u00a0<strong>d\u00edszfa<\/strong>. Levelei lombfakad\u00e1st\u00f3l \u2013 lombhull\u00e1sig, f\u00e9nyl\u0151 barn\u00e1s-v\u00f6r\u00f6ses sz\u00edn\u0171ek, toj\u00e1sdad form\u00e1j\u00faak, 8-12 cm nagys\u00e1g\u00faak. Vir\u00e1ga, s\u00f6t\u00e9t borv\u00f6r\u00f6s. Szimpla vir\u00e1gai, 2-4 cm \u00e1tm\u00e9r\u0151j\u0171ek. S\u00f6t\u00e9tv\u00f6r\u00f6s, apr\u00f3 term\u00e9sei, 1,5 cm nagys\u00e1g\u00faak. Igen kedvelt\u00a0<strong>d\u00edszfa<\/strong>, s\u00f6t\u00e9tv\u00f6r\u00f6s lombja \u00e9s sz\u00e9p vir\u00e1gai miatt. \u00dcde, t\u00e1pd\u00fas kerti talajt ig\u00e9nyel. Napos helyre \u00fcltess\u00fck. Kis termete miatt, l\u00e9gvezet\u00e9kek al\u00e1, utcai sorf\u00e1nak, kertekbe szoliternek val\u00f3\u00a0<strong>d\u00edszfa<\/strong>.<\/span><\/p>\n<p>&nbsp;<\/p>\n<p>&nbsp;<\/p>","protected":false},"excerpt":{"rendered":"<h3 class=\"LC20lb DKV0Md\">D\u00edszalma feh\u00e9r vir\u00e1g\u00fa, Malus baccata &#8216;Street Parade&#8217;<\/h3>","protected":false},"featured_media":9912,"template":"","meta":{"_et_pb_use_builder":"","_et_pb_old_content":"","_et_gb_content_width":""},"product_brand":[],"product_cat":[28],"product_tag":[2894,2895],"class_list":{"0":"post-9911","1":"product","2":"type-product","3":"status-publish","4":"has-post-thumbnail","6":"product_cat-diszfak","7":"product_tag-diszalma-feher-viragu","8":"product_tag-malus-baccata-street-parade","10":"first","11":"outofstock","12":"shipping-taxable","13":"purchasable","14":"product-type-simple"},"yoast_head":"<!-- This site is optimized with the Yoast SEO plugin v27.4 - https:\/\/yoast.com\/product\/yoast-seo-wordpress\/ -->\n<title>D\u00edszalma feh\u00e9r vir\u00e1g\u00fa, Malus baccata &#039;Street Parade&#039; - T\u00e1jkert\u00e9sz<\/title>\n<meta name=\"description\" content=\"D\u00edszalma feh\u00e9r vir\u00e1g\u00fa, Malus baccata &#039;Street Parade&#039;\" \/>\n<meta name=\"robots\" content=\"index, follow, max-snippet:-1, max-image-preview:large, max-video-preview:-1\" \/>\n<link rel=\"canonical\" href=\"https:\/\/tajkertesz.com\/en_US\/product\/diszalma-feher-viragu-malus-baccata-street-parade\/\" \/>\n<meta property=\"og:locale\" content=\"en_US\" \/>\n<meta property=\"og:type\" content=\"article\" \/>\n<meta property=\"og:title\" content=\"D\u00edszalma feh\u00e9r vir\u00e1g\u00fa, Malus baccata &#039;Street Parade&#039; - T\u00e1jkert\u00e9sz\" \/>\n<meta property=\"og:description\" content=\"D\u00edszalma feh\u00e9r vir\u00e1g\u00fa, Malus baccata &#039;Street Parade&#039;\" \/>\n<meta property=\"og:url\" content=\"https:\/\/tajkertesz.com\/en_US\/product\/diszalma-feher-viragu-malus-baccata-street-parade\/\" \/>\n<meta property=\"og:site_name\" content=\"T\u00e1jkert\u00e9sz\" \/>\n<meta property=\"article:publisher\" content=\"https:\/\/www.facebook.com\/Tajkertesz\/\" \/>\n<meta property=\"article:modified_time\" content=\"2025-02-23T16:10:38+00:00\" \/>\n<meta property=\"og:image\" content=\"https:\/\/tajkertesz.com\/wp-content\/uploads\/2021\/10\/baccata.jpg\" \/>\n\t<meta property=\"og:image:width\" content=\"327\" \/>\n\t<meta property=\"og:image:height\" content=\"327\" \/>\n\t<meta property=\"og:image:type\" content=\"image\/jpeg\" \/>\n<meta name=\"twitter:card\" content=\"summary_large_image\" \/>\n<meta name=\"twitter:label1\" content=\"Est. reading time\" \/>\n\t<meta name=\"twitter:data1\" content=\"2 minutes\" \/>\n<script type=\"application\/ld+json\" class=\"yoast-schema-graph\">{\"@context\":\"https:\\\/\\\/schema.org\",\"@graph\":[{\"@type\":\"WebPage\",\"@id\":\"https:\\\/\\\/tajkertesz.com\\\/termek\\\/diszalma-feher-viragu-malus-baccata-street-parade\\\/\",\"url\":\"https:\\\/\\\/tajkertesz.com\\\/termek\\\/diszalma-feher-viragu-malus-baccata-street-parade\\\/\",\"name\":\"D\u00edszalma feh\u00e9r vir\u00e1g\u00fa, Malus baccata 'Street Parade' - T\u00e1jkert\u00e9sz\",\"isPartOf\":{\"@id\":\"https:\\\/\\\/tajkertesz.com\\\/#website\"},\"primaryImageOfPage\":{\"@id\":\"https:\\\/\\\/tajkertesz.com\\\/termek\\\/diszalma-feher-viragu-malus-baccata-street-parade\\\/#primaryimage\"},\"image\":{\"@id\":\"https:\\\/\\\/tajkertesz.com\\\/termek\\\/diszalma-feher-viragu-malus-baccata-street-parade\\\/#primaryimage\"},\"thumbnailUrl\":\"https:\\\/\\\/tajkertesz.com\\\/wp-content\\\/uploads\\\/2021\\\/10\\\/baccata.jpg\",\"datePublished\":\"2021-10-05T08:25:52+00:00\",\"dateModified\":\"2025-02-23T16:10:38+00:00\",\"description\":\"D\u00edszalma feh\u00e9r vir\u00e1g\u00fa, Malus baccata 'Street Parade'\",\"breadcrumb\":{\"@id\":\"https:\\\/\\\/tajkertesz.com\\\/termek\\\/diszalma-feher-viragu-malus-baccata-street-parade\\\/#breadcrumb\"},\"inLanguage\":\"en-US\",\"potentialAction\":[{\"@type\":\"ReadAction\",\"target\":[\"https:\\\/\\\/tajkertesz.com\\\/termek\\\/diszalma-feher-viragu-malus-baccata-street-parade\\\/\"]}]},{\"@type\":\"ImageObject\",\"inLanguage\":\"en-US\",\"@id\":\"https:\\\/\\\/tajkertesz.com\\\/termek\\\/diszalma-feher-viragu-malus-baccata-street-parade\\\/#primaryimage\",\"url\":\"https:\\\/\\\/tajkertesz.com\\\/wp-content\\\/uploads\\\/2021\\\/10\\\/baccata.jpg\",\"contentUrl\":\"https:\\\/\\\/tajkertesz.com\\\/wp-content\\\/uploads\\\/2021\\\/10\\\/baccata.jpg\",\"width\":327,\"height\":327},{\"@type\":\"BreadcrumbList\",\"@id\":\"https:\\\/\\\/tajkertesz.com\\\/termek\\\/diszalma-feher-viragu-malus-baccata-street-parade\\\/#breadcrumb\",\"itemListElement\":[{\"@type\":\"ListItem\",\"position\":1,\"name\":\"Home\",\"item\":\"https:\\\/\\\/tajkertesz.com\\\/\"},{\"@type\":\"ListItem\",\"position\":2,\"name\":\"Kezd\u0151lap\",\"item\":\"https:\\\/\\\/tajkertesz.com\\\/\"},{\"@type\":\"ListItem\",\"position\":3,\"name\":\"D\u00edszalma feh\u00e9r vir\u00e1g\u00fa, Malus baccata &#8216;Street Parade&#8217;\"}]},{\"@type\":\"WebSite\",\"@id\":\"https:\\\/\\\/tajkertesz.com\\\/#website\",\"url\":\"https:\\\/\\\/tajkertesz.com\\\/\",\"name\":\"T\u00e1j-Kert\u00e9sz 84 Kft.\",\"description\":\"Kert\u00e9szeti kis- \u00e9s nagykeresked\u00e9s, D\u00edszn\u00f6v\u00e9ny web\u00e1ruh\u00e1z orsz\u00e1gos h\u00e1zhozsz\u00e1ll\u00edt\u00e1ssal!\",\"publisher\":{\"@id\":\"https:\\\/\\\/tajkertesz.com\\\/#organization\"},\"potentialAction\":[{\"@type\":\"SearchAction\",\"target\":{\"@type\":\"EntryPoint\",\"urlTemplate\":\"https:\\\/\\\/tajkertesz.com\\\/?s={search_term_string}\"},\"query-input\":{\"@type\":\"PropertyValueSpecification\",\"valueRequired\":true,\"valueName\":\"search_term_string\"}}],\"inLanguage\":\"en-US\"},{\"@type\":\"Organization\",\"@id\":\"https:\\\/\\\/tajkertesz.com\\\/#organization\",\"name\":\"T\u00e1j-Kert\u00e9sz 84 Kft.\",\"url\":\"https:\\\/\\\/tajkertesz.com\\\/\",\"logo\":{\"@type\":\"ImageObject\",\"inLanguage\":\"en-US\",\"@id\":\"https:\\\/\\\/tajkertesz.com\\\/#\\\/schema\\\/logo\\\/image\\\/\",\"url\":\"https:\\\/\\\/tajkertesz.com\\\/wp-content\\\/uploads\\\/2018\\\/02\\\/logo-2-e1518678052539.png\",\"contentUrl\":\"https:\\\/\\\/tajkertesz.com\\\/wp-content\\\/uploads\\\/2018\\\/02\\\/logo-2-e1518678052539.png\",\"width\":81,\"height\":140,\"caption\":\"T\u00e1j-Kert\u00e9sz 84 Kft.\"},\"image\":{\"@id\":\"https:\\\/\\\/tajkertesz.com\\\/#\\\/schema\\\/logo\\\/image\\\/\"},\"sameAs\":[\"https:\\\/\\\/www.facebook.com\\\/Tajkertesz\\\/\"]}]}<\/script>\n<!-- \/ Yoast SEO plugin. -->","yoast_head_json":{"title":"D\u00edszalma feh\u00e9r vir\u00e1g\u00fa, Malus baccata 'Street Parade' - T\u00e1jkert\u00e9sz","description":"D\u00edszalma feh\u00e9r vir\u00e1g\u00fa, Malus baccata 'Street Parade'","robots":{"index":"index","follow":"follow","max-snippet":"max-snippet:-1","max-image-preview":"max-image-preview:large","max-video-preview":"max-video-preview:-1"},"canonical":"https:\/\/tajkertesz.com\/en_US\/product\/diszalma-feher-viragu-malus-baccata-street-parade\/","og_locale":"en_US","og_type":"article","og_title":"D\u00edszalma feh\u00e9r vir\u00e1g\u00fa, Malus baccata 'Street Parade' - T\u00e1jkert\u00e9sz","og_description":"D\u00edszalma feh\u00e9r vir\u00e1g\u00fa, Malus baccata 'Street Parade'","og_url":"https:\/\/tajkertesz.com\/en_US\/product\/diszalma-feher-viragu-malus-baccata-street-parade\/","og_site_name":"T\u00e1jkert\u00e9sz","article_publisher":"https:\/\/www.facebook.com\/Tajkertesz\/","article_modified_time":"2025-02-23T16:10:38+00:00","og_image":[{"width":327,"height":327,"url":"https:\/\/tajkertesz.com\/wp-content\/uploads\/2021\/10\/baccata.jpg","type":"image\/jpeg"}],"twitter_card":"summary_large_image","twitter_misc":{"Est. reading time":"2 minutes"},"schema":{"@context":"https:\/\/schema.org","@graph":[{"@type":"WebPage","@id":"https:\/\/tajkertesz.com\/termek\/diszalma-feher-viragu-malus-baccata-street-parade\/","url":"https:\/\/tajkertesz.com\/termek\/diszalma-feher-viragu-malus-baccata-street-parade\/","name":"D\u00edszalma feh\u00e9r vir\u00e1g\u00fa, Malus baccata 'Street Parade' - T\u00e1jkert\u00e9sz","isPartOf":{"@id":"https:\/\/tajkertesz.com\/#website"},"primaryImageOfPage":{"@id":"https:\/\/tajkertesz.com\/termek\/diszalma-feher-viragu-malus-baccata-street-parade\/#primaryimage"},"image":{"@id":"https:\/\/tajkertesz.com\/termek\/diszalma-feher-viragu-malus-baccata-street-parade\/#primaryimage"},"thumbnailUrl":"https:\/\/tajkertesz.com\/wp-content\/uploads\/2021\/10\/baccata.jpg","datePublished":"2021-10-05T08:25:52+00:00","dateModified":"2025-02-23T16:10:38+00:00","description":"D\u00edszalma feh\u00e9r vir\u00e1g\u00fa, Malus baccata 'Street Parade'","breadcrumb":{"@id":"https:\/\/tajkertesz.com\/termek\/diszalma-feher-viragu-malus-baccata-street-parade\/#breadcrumb"},"inLanguage":"en-US","potentialAction":[{"@type":"ReadAction","target":["https:\/\/tajkertesz.com\/termek\/diszalma-feher-viragu-malus-baccata-street-parade\/"]}]},{"@type":"ImageObject","inLanguage":"en-US","@id":"https:\/\/tajkertesz.com\/termek\/diszalma-feher-viragu-malus-baccata-street-parade\/#primaryimage","url":"https:\/\/tajkertesz.com\/wp-content\/uploads\/2021\/10\/baccata.jpg","contentUrl":"https:\/\/tajkertesz.com\/wp-content\/uploads\/2021\/10\/baccata.jpg","width":327,"height":327},{"@type":"BreadcrumbList","@id":"https:\/\/tajkertesz.com\/termek\/diszalma-feher-viragu-malus-baccata-street-parade\/#breadcrumb","itemListElement":[{"@type":"ListItem","position":1,"name":"Home","item":"https:\/\/tajkertesz.com\/"},{"@type":"ListItem","position":2,"name":"Kezd\u0151lap","item":"https:\/\/tajkertesz.com\/"},{"@type":"ListItem","position":3,"name":"D\u00edszalma feh\u00e9r vir\u00e1g\u00fa, Malus baccata &#8216;Street Parade&#8217;"}]},{"@type":"WebSite","@id":"https:\/\/tajkertesz.com\/#website","url":"https:\/\/tajkertesz.com\/","name":"T\u00e1j-Kert\u00e9sz 84 Kft.","description":"Kert\u00e9szeti kis- \u00e9s nagykeresked\u00e9s, D\u00edszn\u00f6v\u00e9ny web\u00e1ruh\u00e1z orsz\u00e1gos h\u00e1zhozsz\u00e1ll\u00edt\u00e1ssal!","publisher":{"@id":"https:\/\/tajkertesz.com\/#organization"},"potentialAction":[{"@type":"SearchAction","target":{"@type":"EntryPoint","urlTemplate":"https:\/\/tajkertesz.com\/?s={search_term_string}"},"query-input":{"@type":"PropertyValueSpecification","valueRequired":true,"valueName":"search_term_string"}}],"inLanguage":"en-US"},{"@type":"Organization","@id":"https:\/\/tajkertesz.com\/#organization","name":"T\u00e1j-Kert\u00e9sz 84 Kft.","url":"https:\/\/tajkertesz.com\/","logo":{"@type":"ImageObject","inLanguage":"en-US","@id":"https:\/\/tajkertesz.com\/#\/schema\/logo\/image\/","url":"https:\/\/tajkertesz.com\/wp-content\/uploads\/2018\/02\/logo-2-e1518678052539.png","contentUrl":"https:\/\/tajkertesz.com\/wp-content\/uploads\/2018\/02\/logo-2-e1518678052539.png","width":81,"height":140,"caption":"T\u00e1j-Kert\u00e9sz 84 Kft."},"image":{"@id":"https:\/\/tajkertesz.com\/#\/schema\/logo\/image\/"},"sameAs":["https:\/\/www.facebook.com\/Tajkertesz\/"]}]}},"_links":{"self":[{"href":"https:\/\/tajkertesz.com\/en_US\/wp-json\/wp\/v2\/product\/9911","targetHints":{"allow":["GET"]}}],"collection":[{"href":"https:\/\/tajkertesz.com\/en_US\/wp-json\/wp\/v2\/product"}],"about":[{"href":"https:\/\/tajkertesz.com\/en_US\/wp-json\/wp\/v2\/types\/product"}],"wp:featuredmedia":[{"embeddable":true,"href":"https:\/\/tajkertesz.com\/en_US\/wp-json\/wp\/v2\/media\/9912"}],"wp:attachment":[{"href":"https:\/\/tajkertesz.com\/en_US\/wp-json\/wp\/v2\/media?parent=9911"}],"wp:term":[{"taxonomy":"product_brand","embeddable":true,"href":"https:\/\/tajkertesz.com\/en_US\/wp-json\/wp\/v2\/product_brand?post=9911"},{"taxonomy":"product_cat","embeddable":true,"href":"https:\/\/tajkertesz.com\/en_US\/wp-json\/wp\/v2\/product_cat?post=9911"},{"taxonomy":"product_tag","embeddable":true,"href":"https:\/\/tajkertesz.com\/en_US\/wp-json\/wp\/v2\/product_tag?post=9911"}],"curies":[{"name":"wp","href":"https:\/\/api.w.org\/{rel}","templated":true}]}}