{"id":9915,"date":"2021-10-05T08:30:25","date_gmt":"2021-10-05T08:30:25","guid":{"rendered":"https:\/\/tajkertesz.com\/?post_type=product&#038;p=9915"},"modified":"2024-06-03T12:01:49","modified_gmt":"2024-06-03T12:01:49","slug":"prunus-cerasifera-nigra-verszilva","status":"publish","type":"product","link":"https:\/\/tajkertesz.com\/en_US\/product\/prunus-cerasifera-nigra-verszilva\/","title":{"rendered":"Prunus cerasifera &#8216;Nigra&#8217; &#8211; V\u00e9rszilva"},"content":{"rendered":"<h3 class=\"LC20lb DKV0Md\">Prunus cerasifera &#8216;Nigra&#8217; &#8211; V\u00e9rszilva<\/h3>\n<p class=\"LC20lb DKV0Md\">Prunus cerasifera &#8216;Nigra&#8217; &#8211; V\u00e9rszilva<\/p>\n<p>Nagyon sz\u00e9p s\u00f6t\u00e9t lil\u00e1s-bord\u00f3 level\u0171 d\u00edszfa, 4-5 m nagyra n\u0151. Tavasszal gy\u00f6ny\u00f6r\u0171en vir\u00e1gzik, ny\u00e1ron k\u00fcl\u00f6nleges lombsz\u00edn\u00e9vel kertek, parkok sz\u00e9p d\u00edsze.<br \/>\nKb. 3 cm \u00e1tm\u00e9r\u0151j\u0171, pirosas bord\u00f3 sz\u00edn\u0171, g\u00f6mb\u00f6ly\u0171, j\u00f3\u00edz\u0171, ringl\u00f3 szer\u0171 term\u00e9seket hoz, szilv\u00e1ja ehet\u0151.<\/p>\n<p>&nbsp;<\/p>\n<p style=\"line-height: 18.0pt; background: white; margin: 0cm 0cm 15.0pt 0cm;\"><span style=\"font-family: 'Ubuntu',serif; color: black;\">9,5 l-es cser\u00e9pben Kb 150\/180cm magas<\/span><\/p>\n<h1><\/h1>\n<p style=\"line-height: 18.0pt; background: white; margin: 0cm 0cm 15.0pt 0cm;\"><b><span style=\"font-family: 'Ubuntu',serif; color: black;\">K\u00e9szlet\u00fcnk napi szinten v\u00e1ltozik, ez\u00e9rt k\u00e9rj\u00fck, \u00e9rdekl\u0151dj\u00f6n szem\u00e9lyesen, telefonon vagy email-en.<br \/>\nA v\u00e1ltoztat\u00e1s jog\u00e1t fenntartjuk!\u00a0<\/span><\/b><\/p>\n<p><a href=\"https:\/\/tajkertesz.com\/\">https:\/\/tajkertesz.com\/<\/a><\/p>\n<p><a href=\"https:\/\/www.facebook.com\/tajkertesz\/\">https:\/\/www.facebook.com\/tajkertesz\/<\/a><\/p>\n<p><span style=\"color: #ffffff;\">Nagyon sz\u00e9p s\u00f6t\u00e9t lil\u00e1s-bord\u00f3 level\u0171 d\u00edszfa, 4-5 m nagyra n\u0151.Tavasszal gy\u00f6ny\u00f6r\u0171en vir\u00e1gzik, ny\u00e1ron k\u00fcl\u00f6nleges lombsz\u00edn\u00e9vel kertek, parkok sz\u00e9p d\u00edsze.<\/span><br \/>\n<span style=\"color: #ffffff;\">Kb. 3 cm \u00e1tm\u00e9r\u0151j\u0171, pirosas bord\u00f3 sz\u00edn\u0171, g\u00f6mb\u00f6ly\u0171, j\u00f3\u00edz\u0171, ringl\u00f3 szer\u0171 term\u00e9seket hoz, szilv\u00e1ja ehet\u0151.<\/span><\/p>\n<p>&nbsp;<\/p>\n<p><span style=\"color: #ffffff;\"><strong>Fajt\u00e1i:<\/strong><\/span><\/p>\n<p><span style=\"color: #ffffff;\">&#8216;Kanzan&#8217; &#8211; Az \u00f6sszes d\u00edszcseresznye csaknem 80%-\u00e1t ez a fajta teszi ki parkjainkban. T\u00f6mvetelt r\u00f3zsasz\u00edn vir\u00e1g\u00fa, koron\u00e1ja jellegzetes t\u00f6lcs\u00e9r vagy v\u00e1za alak\u00fa. Ak\u00e1r 10 m-n\u00e9l magasabbra is n\u0151het.&#8217;Amanogawa&#8217; &#8211; Oszlopos termet\u0171, halv\u00e1nyr\u00f3zsasz\u00edn telt vir\u00e1gokkal. Keskeny koron\u00e1j\u00fa, 8 m magas f\u00e1cska, fiatal levelei bronzsz\u00edn\u0171ek. &#8216;Shirotae&#8217; &#8211; Lapos koron\u00e1j\u00fa, t\u00f6mvetelt feh\u00e9r vir\u00e1g\u00fa fajta.\u00a0<\/span><\/p>\n<p><span style=\"color: #ffffff;\">&#8216;Kiku-Shidare-Sakura&#8217; &#8211; Cs\u00fcng\u0151 koron\u00e1j\u00fa, \u00e9l\u00e9nkr\u00f3zsasz\u00edn teltvir\u00e1g\u00fa fajta. &#8216;Tai Haku&#8217; &#8211; Ezt a nagy vir\u00e1g\u00fa fajt\u00e1t angol kertekb\u0151l telep\u00edtett\u00e9k vissza \u0151shaz\u00e1j\u00e1ba, Jap\u00e1nba, mivel ott \u00e1llom\u00e1nyai\u00a0<\/span><\/p>\n<p><span style=\"color: #ffffff;\"><strong>Le\u00edr\u00e1s:<\/strong><\/span><\/p>\n<p><span style=\"color: #ffffff;\">A jap\u00e1ncseresznye a\u00a0<a style=\"color: #ffffff;\" title=\"Vadcseresznye\" href=\"https:\/\/hu.wikipedia.org\/wiki\/Vadcseresznye\">k\u00f6z\u00f6ns\u00e9ges csereszny\u00e9hez<\/a>\u00a0hasonl\u00f3 ig\u00e9ny\u0171, levele is hasonl\u00f3 ahhoz. Sz\u00e9les koron\u00e1j\u00fa, 8-10 m\u00e9terre is megn\u0151v\u0151 fa, l\u00e1tv\u00e1nyos tavaszi vir\u00e1gz\u00e1ssal. Am\u00edg a k\u00f6z\u00f6ns\u00e9ges cseresznye levelei a v\u00e9g\u00fck\u00f6n egyenletesen hegyesednek, sz\u00e9l\u00fck szab\u00e1lytalanul durv\u00e1n fogazott. A jap\u00e1ncseresznye levele a v\u00e9g\u00e9n hirtelen elkeskenyedik, majd hossz\u00fa hegyben v\u00e9gz\u0151dik, a lev\u00e9l sz\u00e9le \u0151l term\u00e9sek nem sz\u00e1rmaznak .<\/span><\/p>","protected":false},"excerpt":{"rendered":"<h3 class=\"LC20lb DKV0Md\">Prunus cerasifera &#8216;Nigra&#8217; &#8211; V\u00e9rszilva<\/h3>\n<p style=\"line-height: 18.0pt; background: white; margin: 0cm 0cm 15.0pt 0cm;\">","protected":false},"featured_media":9916,"template":"","meta":{"_et_pb_use_builder":"","_et_pb_old_content":"","_et_gb_content_width":""},"product_brand":[],"product_cat":[28],"product_tag":[4013,2896,4008],"class_list":{"0":"post-9915","1":"product","2":"type-product","3":"status-publish","4":"has-post-thumbnail","6":"product_cat-diszfak","7":"product_tag-nigra","8":"product_tag-prunus-cerasifera-nigra-verszilva","9":"product_tag-verszilva","11":"first","12":"outofstock","13":"shipping-taxable","14":"product-type-simple"},"yoast_head":"<!-- This site is optimized with the Yoast SEO plugin v27.3 - https:\/\/yoast.com\/product\/yoast-seo-wordpress\/ -->\n<title>Prunus cerasifera &#039;Nigra&#039; - V\u00e9rszilva - T\u00e1jkert\u00e9sz<\/title>\n<meta name=\"description\" content=\"Prunus cerasifera &#039;Nigra&#039; - V\u00e9rszilva\" \/>\n<meta name=\"robots\" content=\"index, follow, max-snippet:-1, max-image-preview:large, max-video-preview:-1\" \/>\n<link rel=\"canonical\" href=\"https:\/\/tajkertesz.com\/en_US\/product\/prunus-cerasifera-nigra-verszilva\/\" \/>\n<meta property=\"og:locale\" content=\"en_US\" \/>\n<meta property=\"og:type\" content=\"article\" \/>\n<meta property=\"og:title\" content=\"Prunus cerasifera &#039;Nigra&#039; - V\u00e9rszilva - T\u00e1jkert\u00e9sz\" \/>\n<meta property=\"og:description\" content=\"Prunus cerasifera &#039;Nigra&#039; - V\u00e9rszilva\" \/>\n<meta property=\"og:url\" content=\"https:\/\/tajkertesz.com\/en_US\/product\/prunus-cerasifera-nigra-verszilva\/\" \/>\n<meta property=\"og:site_name\" content=\"T\u00e1jkert\u00e9sz\" \/>\n<meta property=\"article:publisher\" content=\"https:\/\/www.facebook.com\/Tajkertesz\/\" \/>\n<meta property=\"article:modified_time\" content=\"2024-06-03T12:01:49+00:00\" \/>\n<meta property=\"og:image\" content=\"https:\/\/tajkertesz.com\/wp-content\/uploads\/2021\/10\/prunus-cerasifera-nigra.jpg\" \/>\n\t<meta property=\"og:image:width\" content=\"665\" \/>\n\t<meta property=\"og:image:height\" content=\"665\" \/>\n\t<meta property=\"og:image:type\" content=\"image\/jpeg\" \/>\n<meta name=\"twitter:card\" content=\"summary_large_image\" \/>\n<meta name=\"twitter:label1\" content=\"Est. reading time\" \/>\n\t<meta name=\"twitter:data1\" content=\"2 minutes\" \/>\n<script type=\"application\/ld+json\" class=\"yoast-schema-graph\">{\"@context\":\"https:\\\/\\\/schema.org\",\"@graph\":[{\"@type\":\"WebPage\",\"@id\":\"https:\\\/\\\/tajkertesz.com\\\/termek\\\/prunus-cerasifera-nigra-verszilva\\\/\",\"url\":\"https:\\\/\\\/tajkertesz.com\\\/termek\\\/prunus-cerasifera-nigra-verszilva\\\/\",\"name\":\"Prunus cerasifera 'Nigra' - V\u00e9rszilva - T\u00e1jkert\u00e9sz\",\"isPartOf\":{\"@id\":\"https:\\\/\\\/tajkertesz.com\\\/#website\"},\"primaryImageOfPage\":{\"@id\":\"https:\\\/\\\/tajkertesz.com\\\/termek\\\/prunus-cerasifera-nigra-verszilva\\\/#primaryimage\"},\"image\":{\"@id\":\"https:\\\/\\\/tajkertesz.com\\\/termek\\\/prunus-cerasifera-nigra-verszilva\\\/#primaryimage\"},\"thumbnailUrl\":\"https:\\\/\\\/tajkertesz.com\\\/wp-content\\\/uploads\\\/2021\\\/10\\\/prunus-cerasifera-nigra.jpg\",\"datePublished\":\"2021-10-05T08:30:25+00:00\",\"dateModified\":\"2024-06-03T12:01:49+00:00\",\"description\":\"Prunus cerasifera 'Nigra' - V\u00e9rszilva\",\"breadcrumb\":{\"@id\":\"https:\\\/\\\/tajkertesz.com\\\/termek\\\/prunus-cerasifera-nigra-verszilva\\\/#breadcrumb\"},\"inLanguage\":\"en-US\",\"potentialAction\":[{\"@type\":\"ReadAction\",\"target\":[\"https:\\\/\\\/tajkertesz.com\\\/termek\\\/prunus-cerasifera-nigra-verszilva\\\/\"]}]},{\"@type\":\"ImageObject\",\"inLanguage\":\"en-US\",\"@id\":\"https:\\\/\\\/tajkertesz.com\\\/termek\\\/prunus-cerasifera-nigra-verszilva\\\/#primaryimage\",\"url\":\"https:\\\/\\\/tajkertesz.com\\\/wp-content\\\/uploads\\\/2021\\\/10\\\/prunus-cerasifera-nigra.jpg\",\"contentUrl\":\"https:\\\/\\\/tajkertesz.com\\\/wp-content\\\/uploads\\\/2021\\\/10\\\/prunus-cerasifera-nigra.jpg\",\"width\":665,\"height\":665},{\"@type\":\"BreadcrumbList\",\"@id\":\"https:\\\/\\\/tajkertesz.com\\\/termek\\\/prunus-cerasifera-nigra-verszilva\\\/#breadcrumb\",\"itemListElement\":[{\"@type\":\"ListItem\",\"position\":1,\"name\":\"Home\",\"item\":\"https:\\\/\\\/tajkertesz.com\\\/\"},{\"@type\":\"ListItem\",\"position\":2,\"name\":\"Kezd\u0151lap\",\"item\":\"https:\\\/\\\/tajkertesz.com\\\/\"},{\"@type\":\"ListItem\",\"position\":3,\"name\":\"Prunus cerasifera &#8216;Nigra&#8217; &#8211; V\u00e9rszilva\"}]},{\"@type\":\"WebSite\",\"@id\":\"https:\\\/\\\/tajkertesz.com\\\/#website\",\"url\":\"https:\\\/\\\/tajkertesz.com\\\/\",\"name\":\"T\u00e1j-Kert\u00e9sz 84 Kft.\",\"description\":\"Kert\u00e9szeti kis- \u00e9s nagykeresked\u00e9s, D\u00edszn\u00f6v\u00e9ny web\u00e1ruh\u00e1z orsz\u00e1gos h\u00e1zhozsz\u00e1ll\u00edt\u00e1ssal!\",\"publisher\":{\"@id\":\"https:\\\/\\\/tajkertesz.com\\\/#organization\"},\"potentialAction\":[{\"@type\":\"SearchAction\",\"target\":{\"@type\":\"EntryPoint\",\"urlTemplate\":\"https:\\\/\\\/tajkertesz.com\\\/?s={search_term_string}\"},\"query-input\":{\"@type\":\"PropertyValueSpecification\",\"valueRequired\":true,\"valueName\":\"search_term_string\"}}],\"inLanguage\":\"en-US\"},{\"@type\":\"Organization\",\"@id\":\"https:\\\/\\\/tajkertesz.com\\\/#organization\",\"name\":\"T\u00e1j-Kert\u00e9sz 84 Kft.\",\"url\":\"https:\\\/\\\/tajkertesz.com\\\/\",\"logo\":{\"@type\":\"ImageObject\",\"inLanguage\":\"en-US\",\"@id\":\"https:\\\/\\\/tajkertesz.com\\\/#\\\/schema\\\/logo\\\/image\\\/\",\"url\":\"https:\\\/\\\/tajkertesz.com\\\/wp-content\\\/uploads\\\/2018\\\/02\\\/logo-2-e1518678052539.png\",\"contentUrl\":\"https:\\\/\\\/tajkertesz.com\\\/wp-content\\\/uploads\\\/2018\\\/02\\\/logo-2-e1518678052539.png\",\"width\":81,\"height\":140,\"caption\":\"T\u00e1j-Kert\u00e9sz 84 Kft.\"},\"image\":{\"@id\":\"https:\\\/\\\/tajkertesz.com\\\/#\\\/schema\\\/logo\\\/image\\\/\"},\"sameAs\":[\"https:\\\/\\\/www.facebook.com\\\/Tajkertesz\\\/\"]}]}<\/script>\n<!-- \/ Yoast SEO plugin. -->","yoast_head_json":{"title":"Prunus cerasifera 'Nigra' - V\u00e9rszilva - T\u00e1jkert\u00e9sz","description":"Prunus cerasifera 'Nigra' - V\u00e9rszilva","robots":{"index":"index","follow":"follow","max-snippet":"max-snippet:-1","max-image-preview":"max-image-preview:large","max-video-preview":"max-video-preview:-1"},"canonical":"https:\/\/tajkertesz.com\/en_US\/product\/prunus-cerasifera-nigra-verszilva\/","og_locale":"en_US","og_type":"article","og_title":"Prunus cerasifera 'Nigra' - V\u00e9rszilva - T\u00e1jkert\u00e9sz","og_description":"Prunus cerasifera 'Nigra' - V\u00e9rszilva","og_url":"https:\/\/tajkertesz.com\/en_US\/product\/prunus-cerasifera-nigra-verszilva\/","og_site_name":"T\u00e1jkert\u00e9sz","article_publisher":"https:\/\/www.facebook.com\/Tajkertesz\/","article_modified_time":"2024-06-03T12:01:49+00:00","og_image":[{"width":665,"height":665,"url":"https:\/\/tajkertesz.com\/wp-content\/uploads\/2021\/10\/prunus-cerasifera-nigra.jpg","type":"image\/jpeg"}],"twitter_card":"summary_large_image","twitter_misc":{"Est. reading time":"2 minutes"},"schema":{"@context":"https:\/\/schema.org","@graph":[{"@type":"WebPage","@id":"https:\/\/tajkertesz.com\/termek\/prunus-cerasifera-nigra-verszilva\/","url":"https:\/\/tajkertesz.com\/termek\/prunus-cerasifera-nigra-verszilva\/","name":"Prunus cerasifera 'Nigra' - V\u00e9rszilva - T\u00e1jkert\u00e9sz","isPartOf":{"@id":"https:\/\/tajkertesz.com\/#website"},"primaryImageOfPage":{"@id":"https:\/\/tajkertesz.com\/termek\/prunus-cerasifera-nigra-verszilva\/#primaryimage"},"image":{"@id":"https:\/\/tajkertesz.com\/termek\/prunus-cerasifera-nigra-verszilva\/#primaryimage"},"thumbnailUrl":"https:\/\/tajkertesz.com\/wp-content\/uploads\/2021\/10\/prunus-cerasifera-nigra.jpg","datePublished":"2021-10-05T08:30:25+00:00","dateModified":"2024-06-03T12:01:49+00:00","description":"Prunus cerasifera 'Nigra' - V\u00e9rszilva","breadcrumb":{"@id":"https:\/\/tajkertesz.com\/termek\/prunus-cerasifera-nigra-verszilva\/#breadcrumb"},"inLanguage":"en-US","potentialAction":[{"@type":"ReadAction","target":["https:\/\/tajkertesz.com\/termek\/prunus-cerasifera-nigra-verszilva\/"]}]},{"@type":"ImageObject","inLanguage":"en-US","@id":"https:\/\/tajkertesz.com\/termek\/prunus-cerasifera-nigra-verszilva\/#primaryimage","url":"https:\/\/tajkertesz.com\/wp-content\/uploads\/2021\/10\/prunus-cerasifera-nigra.jpg","contentUrl":"https:\/\/tajkertesz.com\/wp-content\/uploads\/2021\/10\/prunus-cerasifera-nigra.jpg","width":665,"height":665},{"@type":"BreadcrumbList","@id":"https:\/\/tajkertesz.com\/termek\/prunus-cerasifera-nigra-verszilva\/#breadcrumb","itemListElement":[{"@type":"ListItem","position":1,"name":"Home","item":"https:\/\/tajkertesz.com\/"},{"@type":"ListItem","position":2,"name":"Kezd\u0151lap","item":"https:\/\/tajkertesz.com\/"},{"@type":"ListItem","position":3,"name":"Prunus cerasifera &#8216;Nigra&#8217; &#8211; V\u00e9rszilva"}]},{"@type":"WebSite","@id":"https:\/\/tajkertesz.com\/#website","url":"https:\/\/tajkertesz.com\/","name":"T\u00e1j-Kert\u00e9sz 84 Kft.","description":"Kert\u00e9szeti kis- \u00e9s nagykeresked\u00e9s, D\u00edszn\u00f6v\u00e9ny web\u00e1ruh\u00e1z orsz\u00e1gos h\u00e1zhozsz\u00e1ll\u00edt\u00e1ssal!","publisher":{"@id":"https:\/\/tajkertesz.com\/#organization"},"potentialAction":[{"@type":"SearchAction","target":{"@type":"EntryPoint","urlTemplate":"https:\/\/tajkertesz.com\/?s={search_term_string}"},"query-input":{"@type":"PropertyValueSpecification","valueRequired":true,"valueName":"search_term_string"}}],"inLanguage":"en-US"},{"@type":"Organization","@id":"https:\/\/tajkertesz.com\/#organization","name":"T\u00e1j-Kert\u00e9sz 84 Kft.","url":"https:\/\/tajkertesz.com\/","logo":{"@type":"ImageObject","inLanguage":"en-US","@id":"https:\/\/tajkertesz.com\/#\/schema\/logo\/image\/","url":"https:\/\/tajkertesz.com\/wp-content\/uploads\/2018\/02\/logo-2-e1518678052539.png","contentUrl":"https:\/\/tajkertesz.com\/wp-content\/uploads\/2018\/02\/logo-2-e1518678052539.png","width":81,"height":140,"caption":"T\u00e1j-Kert\u00e9sz 84 Kft."},"image":{"@id":"https:\/\/tajkertesz.com\/#\/schema\/logo\/image\/"},"sameAs":["https:\/\/www.facebook.com\/Tajkertesz\/"]}]}},"_links":{"self":[{"href":"https:\/\/tajkertesz.com\/en_US\/wp-json\/wp\/v2\/product\/9915","targetHints":{"allow":["GET"]}}],"collection":[{"href":"https:\/\/tajkertesz.com\/en_US\/wp-json\/wp\/v2\/product"}],"about":[{"href":"https:\/\/tajkertesz.com\/en_US\/wp-json\/wp\/v2\/types\/product"}],"wp:featuredmedia":[{"embeddable":true,"href":"https:\/\/tajkertesz.com\/en_US\/wp-json\/wp\/v2\/media\/9916"}],"wp:attachment":[{"href":"https:\/\/tajkertesz.com\/en_US\/wp-json\/wp\/v2\/media?parent=9915"}],"wp:term":[{"taxonomy":"product_brand","embeddable":true,"href":"https:\/\/tajkertesz.com\/en_US\/wp-json\/wp\/v2\/product_brand?post=9915"},{"taxonomy":"product_cat","embeddable":true,"href":"https:\/\/tajkertesz.com\/en_US\/wp-json\/wp\/v2\/product_cat?post=9915"},{"taxonomy":"product_tag","embeddable":true,"href":"https:\/\/tajkertesz.com\/en_US\/wp-json\/wp\/v2\/product_tag?post=9915"}],"curies":[{"name":"wp","href":"https:\/\/api.w.org\/{rel}","templated":true}]}}