{"id":995,"date":"2020-02-19T14:39:44","date_gmt":"2020-02-19T14:39:44","guid":{"rendered":"https:\/\/tajkertesz.com\/?post_type=product&#038;p=995"},"modified":"2025-03-28T12:57:56","modified_gmt":"2025-03-28T12:57:56","slug":"robinia-pseudoacacia-umbraculifera-gombakac","status":"publish","type":"product","link":"https:\/\/tajkertesz.com\/en_US\/product\/robinia-pseudoacacia-umbraculifera-gombakac\/","title":{"rendered":"Robinia pseudoacacia &#8216;Umbraculifera&#8217; ,G\u00f6mbak\u00e1c"},"content":{"rendered":"<p>Robinia pseudoacacia &#8216;Umbraculifera&#8217;,G\u00f6mbak\u00e1c<\/p>\n<p>220cm-es t\u00f6rzsre oltott, 8\/10-es t\u00f6rzs ker\u00fclet.<\/p>\n<p>A Robinia pseudoacacia &#8216;Umbraculifera&#8217;, G\u00f6mbak\u00e1c koron\u00e1ja nem t\u00fal tereb\u00e9lyes ez\u00e9rt t\u00f6k\u00e9letes v\u00e1laszt\u00e1s l\u00e9gvezet\u00e9kek al\u00e1.<\/p>\n<p>Sorfak\u00e9nt \u00fcltetve \u00e9s sz\u0171k utc\u00e1k f\u00e1s\u00edt\u00e1s\u00e1ra is kifejezetten alkalmas.<\/p>\n<p>A g\u00f6mbak\u00e1c ellen\u00e1ll\u00f3,\u00a0j\u00f3 v\u00e1ros \u00e9s sz\u00e1razs\u00e1gt\u0171r\u0151 k\u00e9pess\u00e9g\u0171 fa.<\/p>\n<p>\u00dcltet\u00e9si hely\u00e9\u00fcl napos, vil\u00e1gos, vagy f\u00e9l\u00e1rny\u00e9kos helyet egyar\u00e1nt v\u00e1laszthatunk.<\/p>\n<p>A talaj t\u00edpus\u00e1ra egy\u00e1ltal\u00e1n nem k\u00e9nyes, \u00e1tlagos adotts\u00e1g\u00fa talajba \u00fcltetve is sz\u00e9pen fejl\u0151dik.<\/p>\n<p>V\u00edzig\u00e9nye alacsony,\u00a0j\u00f3l viseli a sz\u00e1razs\u00e1got.<\/p>\n<p style=\"line-height: 18.0pt; background: white; margin: 0cm 0cm 15.0pt 0cm;\"><span style=\"font-family: 'Ubuntu',serif; color: black;\">Jelen term\u00e9k\u00fcnk 25 literes kont\u00e9nerben kaphat\u00f3. T\u00f6rzsmagass\u00e1ga 220cm. El\u00e9rhet\u0151 t\u00f6bbf\u00e9le m\u00e9retben \u00e9s \u00e1rban.<\/span><\/p>\n<p style=\"line-height: 18.0pt; background: white; margin: 0cm 0cm 15.0pt 0cm;\"><b><span style=\"font-family: 'Ubuntu',serif; color: black;\">K\u00e9szlet\u00fcnk napi szinten v\u00e1ltozik, ez\u00e9rt k\u00e9rj\u00fck, \u00e9rdekl\u0151dj\u00f6n szem\u00e9lyesen, telefonon vagy email-en.<br \/>\nA v\u00e1ltoztat\u00e1s jog\u00e1t fenntartjuk!\u00a0<\/span><\/b><\/p>\n<p>&nbsp;<\/p>\n<p><a href=\"https:\/\/tajkertesz.com\/\">https:\/\/tajkertesz.com\/<\/a><\/p>\n<p><a href=\"https:\/\/en.wikipedia.org\/wiki\/Robinia_pseudoacacia\">https:\/\/en.wikipedia.org\/wiki\/Robinia_pseudoacacia<\/a><\/p>\n<p><span style=\"color: #ffffff;\">Black locust reaches a typical height of 40\u2013100 feet (12\u201330\u00a0m) with a diameter of 2\u20134 feet (0.61\u20131.22\u00a0m).<sup id=\"cite_ref-eedd_13-0\" class=\"reference\"><a style=\"color: #ffffff;\" href=\"https:\/\/en.wikipedia.org\/wiki\/Robinia_pseudoacacia#cite_note-eedd-13\">[13]<\/a><\/sup>\u00a0Exceptionally, it may grow up to 52 metres (171\u00a0ft) tall<sup id=\"cite_ref-14\" class=\"reference\"><a style=\"color: #ffffff;\" href=\"https:\/\/en.wikipedia.org\/wiki\/Robinia_pseudoacacia#cite_note-14\">[14]<\/a><\/sup>\u00a0and 1.6 metres (5.2\u00a0ft) diameter in very old trees. It is a very upright tree with a straight trunk and narrow crown that grows scraggly with age.<sup id=\"cite_ref-dirr_5-1\" class=\"reference\"><a style=\"color: #ffffff;\" href=\"https:\/\/en.wikipedia.org\/wiki\/Robinia_pseudoacacia#cite_note-dirr-5\">[5]<\/a><\/sup>\u00a0The dark blue-green compound leaves with a contrasting lighter underside give this tree a beautiful appearance in the wind and contribute to its grace.<\/span><\/p>\n<p><span style=\"color: #ffffff;\">Black locust is a shade-intolerant species<sup id=\"cite_ref-sylv_8-1\" class=\"reference\"><a style=\"color: #ffffff;\" href=\"https:\/\/en.wikipedia.org\/wiki\/Robinia_pseudoacacia#cite_note-sylv-8\">[8]<\/a><\/sup>\u00a0and therefore is typical of young woodlands and disturbed areas where sunlight is plentiful and the soil is dry. In this sense, black locust can often grow as a weed tree. It also often spreads by underground shoots or\u00a0<a class=\"mw-redirect\" style=\"color: #ffffff;\" title=\"Sucker (botany)\" href=\"https:\/\/en.wikipedia.org\/wiki\/Sucker_(botany)\">suckers<\/a>, which contributes to the weedy character of this species.<sup id=\"cite_ref-dirr_5-2\" class=\"reference\"><a style=\"color: #ffffff;\" href=\"https:\/\/en.wikipedia.org\/wiki\/Robinia_pseudoacacia#cite_note-dirr-5\">[5]<\/a><\/sup>\u00a0Young trees are often spiny, but mature trees often lack spines. In the early summer black locust flowers; the flowers are large and appear in large, intensely fragrant clusters reminiscent of orange blossoms. The leaflets fold together in wet weather and at night (<a style=\"color: #ffffff;\" title=\"Nyctinasty\" href=\"https:\/\/en.wikipedia.org\/wiki\/Nyctinasty\">nyctinasty<\/a>), as some change of position at night is a habit of the entire\u00a0<a style=\"color: #ffffff;\" title=\"Fabaceae\" href=\"https:\/\/en.wikipedia.org\/wiki\/Fabaceae\">leguminous<\/a>\u00a0family.<\/span><\/p>\n<p>&nbsp;<\/p>\n<h3><\/h3>\n","protected":false},"excerpt":{"rendered":"<p>A Robinia pseudoacacia &#8216;Umbraculifera&#8217;, G\u00f6mbak\u00e1c koron\u00e1ja nem t\u00fal tereb\u00e9lyes ez\u00e9rt t\u00f6k\u00e9letes v\u00e1laszt\u00e1s l\u00e9gvezet\u00e9kek al\u00e1&#8230;<\/p>\n<div id=\"bodyContent\" class=\"mw-body-content\">\n<div id=\"mw-content-text\" class=\"mw-content-ltr\" dir=\"ltr\" lang=\"hu\">\n<div id=\"bodyContent\" class=\"mw-body-content\">\n<div id=\"mw-content-text\" class=\"mw-content-ltr\" dir=\"ltr\" lang=\"hu\">\n<p><b>K\u00e9szlet\u00fcnk napi szinten v\u00e1ltozik, ez\u00e9rt k\u00e9rj\u00fck, \u00e9rdekl\u0151dj\u00f6n szem\u00e9lyesen, telefonon vagy email-en.<\/b><\/p>\n<p>Term\u00e9keinket szem\u00e9lyesen is \u00e1tveheti a h\u00e9t minden napj\u00e1n nyitvatart\u00e1si id\u0151ben!<\/p>\n<p>Kisz\u00e1ll\u00edt\u00e1s: 200 cm \u00e9s 40 kg-ig a sz\u00e1ll\u00edt\u00e1s fut\u00e1rszolg\u00e1lattal t\u00f6rt\u00e9nik.<\/p>\n<\/div>\n<\/div>\n<\/div>\n<\/div>\n<p><b>A v\u00e1ltoztat\u00e1s jog\u00e1t fenntartjuk!\u00a0<\/b><\/p>","protected":false},"featured_media":998,"template":"","meta":{"_et_pb_use_builder":"","_et_pb_old_content":"","_et_gb_content_width":""},"product_brand":[],"product_cat":[28],"product_tag":[148,147],"class_list":{"0":"post-995","1":"product","2":"type-product","3":"status-publish","4":"has-post-thumbnail","6":"product_cat-diszfak","7":"product_tag-gombakac","8":"product_tag-robinia-pseudoacacia-umbraculifera","10":"first","11":"instock","12":"shipping-taxable","13":"purchasable","14":"product-type-simple"},"yoast_head":"<!-- This site is optimized with the Yoast SEO plugin v27.4 - https:\/\/yoast.com\/product\/yoast-seo-wordpress\/ -->\n<title>Robinia pseudoacacia &#039;Umbraculifera&#039; ,G\u00f6mbak\u00e1c - T\u00e1jkert\u00e9sz<\/title>\n<meta name=\"description\" content=\"A Robinia pseudoacacia &#039;Umbraculifera&#039;, G\u00f6mbak\u00e1c koron\u00e1ja nem t\u00fal tereb\u00e9lyes ez\u00e9rt t\u00f6k\u00e9letes v\u00e1laszt\u00e1s l\u00e9gvezet\u00e9kek al\u00e1.Sz\u0171k utc\u00e1k f\u00e1s\u00edt\u00e1s\u00e1ra isalkalmas.\" \/>\n<meta name=\"robots\" content=\"index, follow, max-snippet:-1, max-image-preview:large, max-video-preview:-1\" \/>\n<link rel=\"canonical\" href=\"https:\/\/tajkertesz.com\/en_US\/product\/robinia-pseudoacacia-umbraculifera-gombakac\/\" \/>\n<meta property=\"og:locale\" content=\"en_US\" \/>\n<meta property=\"og:type\" content=\"article\" \/>\n<meta property=\"og:title\" content=\"https:\/\/www.facebook.com\/tajkertesz\" \/>\n<meta property=\"og:description\" content=\"A Robinia pseudoacacia &#039;Umbraculifera&#039;, G\u00f6mbak\u00e1c koron\u00e1ja nem t\u00fal tereb\u00e9lyes ez\u00e9rt t\u00f6k\u00e9letes v\u00e1laszt\u00e1s l\u00e9gvezet\u00e9kek al\u00e1.Sorfak\u00e9nt \u00fcltetve \u00e9s sz\u0171k utc\u00e1k f\u00e1s\u00edt\u00e1s\u00e1ra is kifejezetten alkalmas.A g\u00f6mbak\u00e1c ellen\u00e1ll\u00f3,\u00a0j\u00f3 v\u00e1ros \u00e9s sz\u00e1razs\u00e1gt\u0171r\u0151 k\u00e9pess\u00e9g\u0171 fa.\" \/>\n<meta property=\"og:url\" content=\"https:\/\/tajkertesz.com\/en_US\/product\/robinia-pseudoacacia-umbraculifera-gombakac\/\" \/>\n<meta property=\"og:site_name\" content=\"T\u00e1jkert\u00e9sz\" \/>\n<meta property=\"article:publisher\" content=\"https:\/\/www.facebook.com\/Tajkertesz\/\" \/>\n<meta property=\"article:modified_time\" content=\"2025-03-28T12:57:56+00:00\" \/>\n<meta property=\"og:image\" content=\"https:\/\/tajkertesz.com\/wp-content\/uploads\/2020\/02\/Robinia-pseudoacacia-Umbraculifera.jpg\" \/>\n\t<meta property=\"og:image:width\" content=\"800\" \/>\n\t<meta property=\"og:image:height\" content=\"800\" \/>\n\t<meta property=\"og:image:type\" content=\"image\/jpeg\" \/>\n<meta name=\"twitter:card\" content=\"summary_large_image\" \/>\n<meta name=\"twitter:label1\" content=\"Est. reading time\" \/>\n\t<meta name=\"twitter:data1\" content=\"2 minutes\" \/>\n<script type=\"application\/ld+json\" class=\"yoast-schema-graph\">{\"@context\":\"https:\\\/\\\/schema.org\",\"@graph\":[{\"@type\":\"WebPage\",\"@id\":\"https:\\\/\\\/tajkertesz.com\\\/termek\\\/robinia-pseudoacacia-umbraculifera-gombakac\\\/\",\"url\":\"https:\\\/\\\/tajkertesz.com\\\/termek\\\/robinia-pseudoacacia-umbraculifera-gombakac\\\/\",\"name\":\"Robinia pseudoacacia 'Umbraculifera' ,G\u00f6mbak\u00e1c - T\u00e1jkert\u00e9sz\",\"isPartOf\":{\"@id\":\"https:\\\/\\\/tajkertesz.com\\\/#website\"},\"primaryImageOfPage\":{\"@id\":\"https:\\\/\\\/tajkertesz.com\\\/termek\\\/robinia-pseudoacacia-umbraculifera-gombakac\\\/#primaryimage\"},\"image\":{\"@id\":\"https:\\\/\\\/tajkertesz.com\\\/termek\\\/robinia-pseudoacacia-umbraculifera-gombakac\\\/#primaryimage\"},\"thumbnailUrl\":\"https:\\\/\\\/tajkertesz.com\\\/wp-content\\\/uploads\\\/2020\\\/02\\\/Robinia-pseudoacacia-Umbraculifera.jpg\",\"datePublished\":\"2020-02-19T14:39:44+00:00\",\"dateModified\":\"2025-03-28T12:57:56+00:00\",\"description\":\"A Robinia pseudoacacia 'Umbraculifera', G\u00f6mbak\u00e1c koron\u00e1ja nem t\u00fal tereb\u00e9lyes ez\u00e9rt t\u00f6k\u00e9letes v\u00e1laszt\u00e1s l\u00e9gvezet\u00e9kek al\u00e1.Sz\u0171k utc\u00e1k f\u00e1s\u00edt\u00e1s\u00e1ra isalkalmas.\",\"breadcrumb\":{\"@id\":\"https:\\\/\\\/tajkertesz.com\\\/termek\\\/robinia-pseudoacacia-umbraculifera-gombakac\\\/#breadcrumb\"},\"inLanguage\":\"en-US\",\"potentialAction\":[{\"@type\":\"ReadAction\",\"target\":[\"https:\\\/\\\/tajkertesz.com\\\/termek\\\/robinia-pseudoacacia-umbraculifera-gombakac\\\/\"]}]},{\"@type\":\"ImageObject\",\"inLanguage\":\"en-US\",\"@id\":\"https:\\\/\\\/tajkertesz.com\\\/termek\\\/robinia-pseudoacacia-umbraculifera-gombakac\\\/#primaryimage\",\"url\":\"https:\\\/\\\/tajkertesz.com\\\/wp-content\\\/uploads\\\/2020\\\/02\\\/Robinia-pseudoacacia-Umbraculifera.jpg\",\"contentUrl\":\"https:\\\/\\\/tajkertesz.com\\\/wp-content\\\/uploads\\\/2020\\\/02\\\/Robinia-pseudoacacia-Umbraculifera.jpg\",\"width\":800,\"height\":800},{\"@type\":\"BreadcrumbList\",\"@id\":\"https:\\\/\\\/tajkertesz.com\\\/termek\\\/robinia-pseudoacacia-umbraculifera-gombakac\\\/#breadcrumb\",\"itemListElement\":[{\"@type\":\"ListItem\",\"position\":1,\"name\":\"Home\",\"item\":\"https:\\\/\\\/tajkertesz.com\\\/\"},{\"@type\":\"ListItem\",\"position\":2,\"name\":\"Kezd\u0151lap\",\"item\":\"https:\\\/\\\/tajkertesz.com\\\/\"},{\"@type\":\"ListItem\",\"position\":3,\"name\":\"Robinia pseudoacacia &#8216;Umbraculifera&#8217; ,G\u00f6mbak\u00e1c\"}]},{\"@type\":\"WebSite\",\"@id\":\"https:\\\/\\\/tajkertesz.com\\\/#website\",\"url\":\"https:\\\/\\\/tajkertesz.com\\\/\",\"name\":\"T\u00e1j-Kert\u00e9sz 84 Kft.\",\"description\":\"Kert\u00e9szeti kis- \u00e9s nagykeresked\u00e9s, D\u00edszn\u00f6v\u00e9ny web\u00e1ruh\u00e1z orsz\u00e1gos h\u00e1zhozsz\u00e1ll\u00edt\u00e1ssal!\",\"publisher\":{\"@id\":\"https:\\\/\\\/tajkertesz.com\\\/#organization\"},\"potentialAction\":[{\"@type\":\"SearchAction\",\"target\":{\"@type\":\"EntryPoint\",\"urlTemplate\":\"https:\\\/\\\/tajkertesz.com\\\/?s={search_term_string}\"},\"query-input\":{\"@type\":\"PropertyValueSpecification\",\"valueRequired\":true,\"valueName\":\"search_term_string\"}}],\"inLanguage\":\"en-US\"},{\"@type\":\"Organization\",\"@id\":\"https:\\\/\\\/tajkertesz.com\\\/#organization\",\"name\":\"T\u00e1j-Kert\u00e9sz 84 Kft.\",\"url\":\"https:\\\/\\\/tajkertesz.com\\\/\",\"logo\":{\"@type\":\"ImageObject\",\"inLanguage\":\"en-US\",\"@id\":\"https:\\\/\\\/tajkertesz.com\\\/#\\\/schema\\\/logo\\\/image\\\/\",\"url\":\"https:\\\/\\\/tajkertesz.com\\\/wp-content\\\/uploads\\\/2018\\\/02\\\/logo-2-e1518678052539.png\",\"contentUrl\":\"https:\\\/\\\/tajkertesz.com\\\/wp-content\\\/uploads\\\/2018\\\/02\\\/logo-2-e1518678052539.png\",\"width\":81,\"height\":140,\"caption\":\"T\u00e1j-Kert\u00e9sz 84 Kft.\"},\"image\":{\"@id\":\"https:\\\/\\\/tajkertesz.com\\\/#\\\/schema\\\/logo\\\/image\\\/\"},\"sameAs\":[\"https:\\\/\\\/www.facebook.com\\\/Tajkertesz\\\/\"]}]}<\/script>\n<!-- \/ Yoast SEO plugin. -->","yoast_head_json":{"title":"Robinia pseudoacacia 'Umbraculifera' ,G\u00f6mbak\u00e1c - T\u00e1jkert\u00e9sz","description":"A Robinia pseudoacacia 'Umbraculifera', G\u00f6mbak\u00e1c koron\u00e1ja nem t\u00fal tereb\u00e9lyes ez\u00e9rt t\u00f6k\u00e9letes v\u00e1laszt\u00e1s l\u00e9gvezet\u00e9kek al\u00e1.Sz\u0171k utc\u00e1k f\u00e1s\u00edt\u00e1s\u00e1ra isalkalmas.","robots":{"index":"index","follow":"follow","max-snippet":"max-snippet:-1","max-image-preview":"max-image-preview:large","max-video-preview":"max-video-preview:-1"},"canonical":"https:\/\/tajkertesz.com\/en_US\/product\/robinia-pseudoacacia-umbraculifera-gombakac\/","og_locale":"en_US","og_type":"article","og_title":"https:\/\/www.facebook.com\/tajkertesz","og_description":"A Robinia pseudoacacia 'Umbraculifera', G\u00f6mbak\u00e1c koron\u00e1ja nem t\u00fal tereb\u00e9lyes ez\u00e9rt t\u00f6k\u00e9letes v\u00e1laszt\u00e1s l\u00e9gvezet\u00e9kek al\u00e1.Sorfak\u00e9nt \u00fcltetve \u00e9s sz\u0171k utc\u00e1k f\u00e1s\u00edt\u00e1s\u00e1ra is kifejezetten alkalmas.A g\u00f6mbak\u00e1c ellen\u00e1ll\u00f3,\u00a0j\u00f3 v\u00e1ros \u00e9s sz\u00e1razs\u00e1gt\u0171r\u0151 k\u00e9pess\u00e9g\u0171 fa.","og_url":"https:\/\/tajkertesz.com\/en_US\/product\/robinia-pseudoacacia-umbraculifera-gombakac\/","og_site_name":"T\u00e1jkert\u00e9sz","article_publisher":"https:\/\/www.facebook.com\/Tajkertesz\/","article_modified_time":"2025-03-28T12:57:56+00:00","og_image":[{"width":800,"height":800,"url":"https:\/\/tajkertesz.com\/wp-content\/uploads\/2020\/02\/Robinia-pseudoacacia-Umbraculifera.jpg","type":"image\/jpeg"}],"twitter_card":"summary_large_image","twitter_misc":{"Est. reading time":"2 minutes"},"schema":{"@context":"https:\/\/schema.org","@graph":[{"@type":"WebPage","@id":"https:\/\/tajkertesz.com\/termek\/robinia-pseudoacacia-umbraculifera-gombakac\/","url":"https:\/\/tajkertesz.com\/termek\/robinia-pseudoacacia-umbraculifera-gombakac\/","name":"Robinia pseudoacacia 'Umbraculifera' ,G\u00f6mbak\u00e1c - T\u00e1jkert\u00e9sz","isPartOf":{"@id":"https:\/\/tajkertesz.com\/#website"},"primaryImageOfPage":{"@id":"https:\/\/tajkertesz.com\/termek\/robinia-pseudoacacia-umbraculifera-gombakac\/#primaryimage"},"image":{"@id":"https:\/\/tajkertesz.com\/termek\/robinia-pseudoacacia-umbraculifera-gombakac\/#primaryimage"},"thumbnailUrl":"https:\/\/tajkertesz.com\/wp-content\/uploads\/2020\/02\/Robinia-pseudoacacia-Umbraculifera.jpg","datePublished":"2020-02-19T14:39:44+00:00","dateModified":"2025-03-28T12:57:56+00:00","description":"A Robinia pseudoacacia 'Umbraculifera', G\u00f6mbak\u00e1c koron\u00e1ja nem t\u00fal tereb\u00e9lyes ez\u00e9rt t\u00f6k\u00e9letes v\u00e1laszt\u00e1s l\u00e9gvezet\u00e9kek al\u00e1.Sz\u0171k utc\u00e1k f\u00e1s\u00edt\u00e1s\u00e1ra isalkalmas.","breadcrumb":{"@id":"https:\/\/tajkertesz.com\/termek\/robinia-pseudoacacia-umbraculifera-gombakac\/#breadcrumb"},"inLanguage":"en-US","potentialAction":[{"@type":"ReadAction","target":["https:\/\/tajkertesz.com\/termek\/robinia-pseudoacacia-umbraculifera-gombakac\/"]}]},{"@type":"ImageObject","inLanguage":"en-US","@id":"https:\/\/tajkertesz.com\/termek\/robinia-pseudoacacia-umbraculifera-gombakac\/#primaryimage","url":"https:\/\/tajkertesz.com\/wp-content\/uploads\/2020\/02\/Robinia-pseudoacacia-Umbraculifera.jpg","contentUrl":"https:\/\/tajkertesz.com\/wp-content\/uploads\/2020\/02\/Robinia-pseudoacacia-Umbraculifera.jpg","width":800,"height":800},{"@type":"BreadcrumbList","@id":"https:\/\/tajkertesz.com\/termek\/robinia-pseudoacacia-umbraculifera-gombakac\/#breadcrumb","itemListElement":[{"@type":"ListItem","position":1,"name":"Home","item":"https:\/\/tajkertesz.com\/"},{"@type":"ListItem","position":2,"name":"Kezd\u0151lap","item":"https:\/\/tajkertesz.com\/"},{"@type":"ListItem","position":3,"name":"Robinia pseudoacacia &#8216;Umbraculifera&#8217; ,G\u00f6mbak\u00e1c"}]},{"@type":"WebSite","@id":"https:\/\/tajkertesz.com\/#website","url":"https:\/\/tajkertesz.com\/","name":"T\u00e1j-Kert\u00e9sz 84 Kft.","description":"Kert\u00e9szeti kis- \u00e9s nagykeresked\u00e9s, D\u00edszn\u00f6v\u00e9ny web\u00e1ruh\u00e1z orsz\u00e1gos h\u00e1zhozsz\u00e1ll\u00edt\u00e1ssal!","publisher":{"@id":"https:\/\/tajkertesz.com\/#organization"},"potentialAction":[{"@type":"SearchAction","target":{"@type":"EntryPoint","urlTemplate":"https:\/\/tajkertesz.com\/?s={search_term_string}"},"query-input":{"@type":"PropertyValueSpecification","valueRequired":true,"valueName":"search_term_string"}}],"inLanguage":"en-US"},{"@type":"Organization","@id":"https:\/\/tajkertesz.com\/#organization","name":"T\u00e1j-Kert\u00e9sz 84 Kft.","url":"https:\/\/tajkertesz.com\/","logo":{"@type":"ImageObject","inLanguage":"en-US","@id":"https:\/\/tajkertesz.com\/#\/schema\/logo\/image\/","url":"https:\/\/tajkertesz.com\/wp-content\/uploads\/2018\/02\/logo-2-e1518678052539.png","contentUrl":"https:\/\/tajkertesz.com\/wp-content\/uploads\/2018\/02\/logo-2-e1518678052539.png","width":81,"height":140,"caption":"T\u00e1j-Kert\u00e9sz 84 Kft."},"image":{"@id":"https:\/\/tajkertesz.com\/#\/schema\/logo\/image\/"},"sameAs":["https:\/\/www.facebook.com\/Tajkertesz\/"]}]}},"_links":{"self":[{"href":"https:\/\/tajkertesz.com\/en_US\/wp-json\/wp\/v2\/product\/995","targetHints":{"allow":["GET"]}}],"collection":[{"href":"https:\/\/tajkertesz.com\/en_US\/wp-json\/wp\/v2\/product"}],"about":[{"href":"https:\/\/tajkertesz.com\/en_US\/wp-json\/wp\/v2\/types\/product"}],"wp:featuredmedia":[{"embeddable":true,"href":"https:\/\/tajkertesz.com\/en_US\/wp-json\/wp\/v2\/media\/998"}],"wp:attachment":[{"href":"https:\/\/tajkertesz.com\/en_US\/wp-json\/wp\/v2\/media?parent=995"}],"wp:term":[{"taxonomy":"product_brand","embeddable":true,"href":"https:\/\/tajkertesz.com\/en_US\/wp-json\/wp\/v2\/product_brand?post=995"},{"taxonomy":"product_cat","embeddable":true,"href":"https:\/\/tajkertesz.com\/en_US\/wp-json\/wp\/v2\/product_cat?post=995"},{"taxonomy":"product_tag","embeddable":true,"href":"https:\/\/tajkertesz.com\/en_US\/wp-json\/wp\/v2\/product_tag?post=995"}],"curies":[{"name":"wp","href":"https:\/\/api.w.org\/{rel}","templated":true}]}}